{"id":4396,"date":"2024-04-16T12:30:55","date_gmt":"2024-04-16T10:30:55","guid":{"rendered":"https:\/\/www.hsu-hh.de\/hrm-pol\/?page_id=4396"},"modified":"2024-04-16T12:30:56","modified_gmt":"2024-04-16T10:30:56","slug":"diversity-bite-05-23-diversity-zwischen-bunter-vielfalt-unterschieden-und-ungleichheiten","status":"publish","type":"page","link":"https:\/\/www.hsu-hh.de\/hrm-pol\/startseite\/diversity-bite-05-23-diversity-zwischen-bunter-vielfalt-unterschieden-und-ungleichheiten","title":{"rendered":"&#8222;Diversity Bite&#8220; 05\/23: \u201eDiversity zwischen bunter Vielfalt, Unterschieden und Ungleichheiten&#8220;"},"content":{"rendered":"\n<div class=\"wp-block-columns is-layout-flex wp-container-core-columns-is-layout-9d6595d7 wp-block-columns-is-layout-flex\">\n<div class=\"wp-block-column is-layout-flow wp-block-column-is-layout-flow\" style=\"flex-basis:33.33%\"><div class=\"wp-block-image\">\n<figure class=\"aligncenter size-large is-resized\"><img loading=\"lazy\" decoding=\"async\" width=\"1024\" height=\"725\" src=\"https:\/\/www.hsu-hh.de\/hrm-pol\/wp-content\/uploads\/sites\/798\/2024\/04\/DivBites-LL_Logo_final-1024x725.jpg\" data-credit=\"HSU\" alt=\"\" class=\"wp-image-4397\" style=\"width:311px;height:auto\" srcset=\"https:\/\/www.hsu-hh.de\/hrm-pol\/wp-content\/uploads\/sites\/798\/2024\/04\/DivBites-LL_Logo_final-1024x725.jpg 1024w, https:\/\/www.hsu-hh.de\/hrm-pol\/wp-content\/uploads\/sites\/798\/2024\/04\/DivBites-LL_Logo_final-300x213.jpg 300w, https:\/\/www.hsu-hh.de\/hrm-pol\/wp-content\/uploads\/sites\/798\/2024\/04\/DivBites-LL_Logo_final-768x544.jpg 768w, https:\/\/www.hsu-hh.de\/hrm-pol\/wp-content\/uploads\/sites\/798\/2024\/04\/DivBites-LL_Logo_final-1536x1088.jpg 1536w, https:\/\/www.hsu-hh.de\/hrm-pol\/wp-content\/uploads\/sites\/798\/2024\/04\/DivBites-LL_Logo_final-2048x1451.jpg 2048w, https:\/\/www.hsu-hh.de\/hrm-pol\/wp-content\/uploads\/sites\/798\/2024\/04\/DivBites-LL_Logo_final-1100x779.jpg 1100w\" sizes=\"auto, (max-width: 1024px) 100vw, 1024px\" \/><\/figure>\n<\/div><\/div>\n\n\n\n<div class=\"wp-block-column is-layout-flow wp-block-column-is-layout-flow\" style=\"flex-basis:66.66%\">\n<p>Seit Juni 2023 bittet die <a href=\"https:\/\/www.bundeswehr.de\/de\/organisation\/weitere-bmvg-dienststellen\/zentrum-innere-fuehrung\/abteilungen-und-bereiche\/abteilung-weiterentwicklung-innere-fuehrung\/dezernat-vier\/zentrale-ansprechstelle-fuer-den-umgang-mit-vielfalt\" rel='nofollow'>Zentrale Ansprechstelle f\u00fcr den Umgang mit Vielfalt (ZAVi)<\/a>\u00a0digital zu Tisch: In der neuen Veranstaltungsreihe &#8222;Diversity Bites&#8220; werden Vielfaltsthemen h\u00e4ppchenweise und leicht verdaulich serviert&#8230; schnelle kurze Einheiten zur Mittagszeit um sich zu vernetzen, weiterzubilden, zu informieren. Ziel ist es Macher und Macherinnen, Lehrende, Interessierte und andere Praktiker an einen Tisch zu bringen. Mit vielen G\u00e4sten informiert das ZAVi \u00fcber Projekte innerhalb der Bundeswehr, fachliche Themen und Neue Ans\u00e4tze rund um Vielfalt und Inklusion.<\/p>\n<\/div>\n<\/div>\n\n\n\n<p>Bei dem Diversity Bite 05\/2023 am 28.11.2023 war <abbr title=\"Professor\">Prof.<\/abbr> Barbara Sieben zu Gast und regte mit ihrem Input zu \u201eDiversity zwischen bunter Vielfalt, Unterschieden und Ungleichheiten \u2013 Ein kritischer Blick auf Diversit\u00e4tsforschung und -management\u201c zum Austausch \u00fcber verschiedene Perspektiven auf Diversit\u00e4t in Forschung und Praxis an.<\/p>\n","protected":false},"excerpt":{"rendered":"<p>Seit Juni 2023 bittet die Zentrale Ansprechstelle f\u00fcr den Umgang mit Vielfalt (ZAVi)\u00a0digital zu Tisch: In der neuen Veranstaltungsreihe &#8222;Diversity Bites&#8220; werden Vielfaltsthemen h\u00e4ppchenweise und leicht verdaulich serviert&#8230; schnelle kurze [&hellip;]<\/p>\n","protected":false},"author":3419,"featured_media":0,"parent":73,"menu_order":1,"comment_status":"closed","ping_status":"closed","template":"","meta":{"footnotes":""},"categories":[278,4,276],"tags":[],"class_list":["post-4396","page","type-page","status-publish","hentry","category-fachveranstaltungen-de","category-forschung","category-professurseite-de"],"_links":{"self":[{"href":"https:\/\/www.hsu-hh.de\/hrm-pol\/wp-json\/wp\/v2\/pages\/4396","targetHints":{"allow":["GET"]}}],"collection":[{"href":"https:\/\/www.hsu-hh.de\/hrm-pol\/wp-json\/wp\/v2\/pages"}],"about":[{"href":"https:\/\/www.hsu-hh.de\/hrm-pol\/wp-json\/wp\/v2\/types\/page"}],"author":[{"embeddable":true,"href":"https:\/\/www.hsu-hh.de\/hrm-pol\/wp-json\/wp\/v2\/users\/3419"}],"replies":[{"embeddable":true,"href":"https:\/\/www.hsu-hh.de\/hrm-pol\/wp-json\/wp\/v2\/comments?post=4396"}],"version-history":[{"count":1,"href":"https:\/\/www.hsu-hh.de\/hrm-pol\/wp-json\/wp\/v2\/pages\/4396\/revisions"}],"predecessor-version":[{"id":4398,"href":"https:\/\/www.hsu-hh.de\/hrm-pol\/wp-json\/wp\/v2\/pages\/4396\/revisions\/4398"}],"up":[{"embeddable":true,"href":"https:\/\/www.hsu-hh.de\/hrm-pol\/wp-json\/wp\/v2\/pages\/73"}],"wp:attachment":[{"href":"https:\/\/www.hsu-hh.de\/hrm-pol\/wp-json\/wp\/v2\/media?parent=4396"}],"wp:term":[{"taxonomy":"category","embeddable":true,"href":"https:\/\/www.hsu-hh.de\/hrm-pol\/wp-json\/wp\/v2\/categories?post=4396"},{"taxonomy":"post_tag","embeddable":true,"href":"https:\/\/www.hsu-hh.de\/hrm-pol\/wp-json\/wp\/v2\/tags?post=4396"}],"curies":[{"name":"wp","href":"https:\/\/api.w.org\/{rel}","templated":true}]}}