{"id":4387,"date":"2024-04-16T12:31:46","date_gmt":"2024-04-16T10:31:46","guid":{"rendered":"https:\/\/www.hsu-hh.de\/hrm-pol\/?page_id=4387"},"modified":"2024-04-16T12:31:47","modified_gmt":"2024-04-16T10:31:47","slug":"veranstaltungsreihe-diversitaet-leben-zwischen-wunsch-und-wirklichkeit-%c7%80-einblicke-aus-wissenschaft-und-praxis-2023-2024-hsu","status":"publish","type":"page","link":"https:\/\/www.hsu-hh.de\/hrm-pol\/startseite\/veranstaltungsreihe-diversitaet-leben-zwischen-wunsch-und-wirklichkeit-%c7%80-einblicke-aus-wissenschaft-und-praxis-2023-2024-hsu","title":{"rendered":"Veranstaltungsreihe \u201eDiversit\u00e4t leben \u2013 zwischen Wunsch und Wirklichkeit \u01c0 Einblicke aus Wissenschaft und Praxis\u201c (2023-2024, HSU)"},"content":{"rendered":"\n<p>Unter Federf\u00fchrung der zivilen Gleichstellungsbeauftragten pr\u00e4gte die <a href=\"https:\/\/www.hsu-hh.de\/gleibziv\/diversitaet\">Veranstaltungsreihe \u201eDiversit\u00e4t leben \u2013 zwischen Wunsch und Wirklichkeit | Einblicke aus Wissenschaft und Praxis\u201c<\/a>&nbsp; das Jahr 2023 an der Helmut-Schmidt-Universit\u00e4t\/Universit\u00e4t der Bundeswehr Hamburg. Mitglieder des Teams Personalpolitik wirkten an der Konzeption der Reihe mit und brachten sich aktiv in die Organisation und Durchf\u00fchrung einzelner Veranstaltungen ein.<\/p>\n\n\n\n<p>Zur Auftaktveranstaltung am 23.02.2023 war Balian Buschbaum, ehemaliger Spitzensportler, Bestsellerautor, Speaker und Coach, als Redner geladen. Auf humorvolle, mitrei\u00dfende und informative Art sprach er zum Thema \u201eWarum Diversit\u00e4t uns alle angeht \u2013 Vielfalt (er)LEBEN!\u201c. Barbara Sieben (<abbr title=\"Helmut Schmidt Universit\u00e4t\">HSU<\/abbr>) warf in ihrem Koreferat einenkritischen Blick auf Diversit\u00e4tsforschung und -management und beleuchtete, wie sich die Perspektiven auf Diversit\u00e4t \u201ezwischen bunter Vielfalt, Unterschieden und Ungleichheiten\u201c bewegen. Eine angeregte Diskussion mit dem Publikum sowie ein geselliger Ausklang rundeten den Auftakt ab.<\/p>\n\n\n\n<div class=\"wp-block-columns is-layout-flex wp-container-core-columns-is-layout-9d6595d7 wp-block-columns-is-layout-flex\">\n<div class=\"wp-block-column is-layout-flow wp-block-column-is-layout-flow\"><div class=\"wp-block-image\">\n<figure class=\"aligncenter size-large is-resized\"><img loading=\"lazy\" decoding=\"async\" width=\"740\" height=\"1024\" src=\"https:\/\/www.hsu-hh.de\/hrm-pol\/wp-content\/uploads\/sites\/798\/2024\/04\/Koreferentin-Barbara-Sieben-740x1024.jpg\" data-credit=\"HSU \/ Scheiblich\" alt=\"\" class=\"wp-image-4389\" style=\"width:403px;height:auto\" srcset=\"https:\/\/www.hsu-hh.de\/hrm-pol\/wp-content\/uploads\/sites\/798\/2024\/04\/Koreferentin-Barbara-Sieben-740x1024.jpg 740w, https:\/\/www.hsu-hh.de\/hrm-pol\/wp-content\/uploads\/sites\/798\/2024\/04\/Koreferentin-Barbara-Sieben-217x300.jpg 217w, https:\/\/www.hsu-hh.de\/hrm-pol\/wp-content\/uploads\/sites\/798\/2024\/04\/Koreferentin-Barbara-Sieben-768x1063.jpg 768w, https:\/\/www.hsu-hh.de\/hrm-pol\/wp-content\/uploads\/sites\/798\/2024\/04\/Koreferentin-Barbara-Sieben-1110x1536.jpg 1110w, https:\/\/www.hsu-hh.de\/hrm-pol\/wp-content\/uploads\/sites\/798\/2024\/04\/Koreferentin-Barbara-Sieben-1480x2048.jpg 1480w, https:\/\/www.hsu-hh.de\/hrm-pol\/wp-content\/uploads\/sites\/798\/2024\/04\/Koreferentin-Barbara-Sieben-1100x1523.jpg 1100w, https:\/\/www.hsu-hh.de\/hrm-pol\/wp-content\/uploads\/sites\/798\/2024\/04\/Koreferentin-Barbara-Sieben.jpg 1536w\" sizes=\"auto, (max-width: 740px) 100vw, 740px\" \/><figcaption class=\"wp-element-caption\">Koreferentin Barbara Sieben<\/figcaption><\/figure>\n<\/div><\/div>\n\n\n\n<div class=\"wp-block-column is-layout-flow wp-block-column-is-layout-flow\"><div class=\"wp-block-image\">\n<figure class=\"aligncenter size-large is-resized\"><img loading=\"lazy\" decoding=\"async\" width=\"683\" height=\"1024\" src=\"https:\/\/www.hsu-hh.de\/hrm-pol\/wp-content\/uploads\/sites\/798\/2024\/04\/Balian-Buschbaum-683x1024.jpg\" data-credit=\"HSU \/ Scheiblich\" alt=\"\" class=\"wp-image-4390\" style=\"width:371px;height:auto\" srcset=\"https:\/\/www.hsu-hh.de\/hrm-pol\/wp-content\/uploads\/sites\/798\/2024\/04\/Balian-Buschbaum-683x1024.jpg 683w, https:\/\/www.hsu-hh.de\/hrm-pol\/wp-content\/uploads\/sites\/798\/2024\/04\/Balian-Buschbaum-200x300.jpg 200w, https:\/\/www.hsu-hh.de\/hrm-pol\/wp-content\/uploads\/sites\/798\/2024\/04\/Balian-Buschbaum-768x1152.jpg 768w, https:\/\/www.hsu-hh.de\/hrm-pol\/wp-content\/uploads\/sites\/798\/2024\/04\/Balian-Buschbaum-1024x1536.jpg 1024w, https:\/\/www.hsu-hh.de\/hrm-pol\/wp-content\/uploads\/sites\/798\/2024\/04\/Balian-Buschbaum-1100x1650.jpg 1100w, https:\/\/www.hsu-hh.de\/hrm-pol\/wp-content\/uploads\/sites\/798\/2024\/04\/Balian-Buschbaum.jpg 1280w\" sizes=\"auto, (max-width: 683px) 100vw, 683px\" \/><figcaption class=\"wp-element-caption\">Balian Buschbaum<\/figcaption><\/figure>\n<\/div><\/div>\n<\/div>\n\n\n\n<p>Am 18.04.2023 r\u00fcckten Lisa Marie Rosen und Aysun Do\u011fmu\u015f (<abbr title=\"Helmut Schmidt Universit\u00e4t\">HSU<\/abbr>) anhand des Dokumentarfilms <a href=\"https:\/\/www.hsu-hh.de\/hrm-pol\/wp-content\/uploads\/sites\/798\/2024\/04\/Poster-A2_Der-zweite-Anschlag.pdf\">\u201eDer zweite Anschlag\u201c<\/a> (Mala Reinhardt, 2018) die erschreckende Kontinuit\u00e4t von rassistisch motivierten Ausschreitungen, Angriffen und Morden in Deutschland in den Mittelpunkt, dabei insbesondere die Perspektive von Betroffenen rechter Gewalt. Auch das anschlie\u00dfende Podiumsgespr\u00e4ch mit dem Kultur- und Politikwissenschaftler Kien Nghi Ha (Universit\u00e4t T\u00fcbingen) lud sehr eindr\u00fccklich dazu ein, gemeinsam einen \u201erassismussensiblen Blick auf Diversit\u00e4t in der Geschichte und Gegenwart der deutschen Migrationsgesellschaft\u201c zu werfen.<\/p>\n\n\n\n<p>Zum Abschluss der Veranstaltungsreihe am 15. Februar 2024 organisierten Angela Kornau, Lisa Marie Rosen und Barbara Sieben (<abbr title=\"Helmut Schmidt Universit\u00e4t\">HSU<\/abbr>) zusammen mit Michael Rohde eine <a href=\"https:\/\/www.hsu-hh.de\/hrm-pol\/wp-content\/uploads\/sites\/798\/2024\/01\/Einladungskarte_Diversitaet_leben_15_02_2024.pdf\">Podiumsdiskussion mit dem Titel \u201eDiversity bei der Bundeswehr \u2013 zwischen Wunsch und Wirklichkeit\u201c<\/a>. Es wurden verschiedene Akteur_innen zusammengebracht, die sich f\u00fcr mehr Diversit\u00e4t und Inklusion bei der Bundeswehr engagieren. Gemeinsam haben sie \u00fcber die Strategie der Bundeswehr und bereits ergriffene Ma\u00dfnahmen und Fortschritte diskutiert, aber auch Problemfelder und Widerst\u00e4nde kritisch reflektiert.<\/p>\n\n\n\n<div class=\"wp-block-columns is-layout-flex wp-container-core-columns-is-layout-9d6595d7 wp-block-columns-is-layout-flex\">\n<div class=\"wp-block-column is-layout-flow wp-block-column-is-layout-flow\"><div class=\"wp-block-image\">\n<figure class=\"aligncenter size-full is-resized\"><img loading=\"lazy\" decoding=\"async\" width=\"616\" height=\"421\" src=\"https:\/\/www.hsu-hh.de\/hrm-pol\/wp-content\/uploads\/sites\/798\/2024\/04\/Bild3.jpg\" data-credit=\"HSU \/ Scheiblich\" alt=\"\" class=\"wp-image-4392\" style=\"width:492px;height:auto\" srcset=\"https:\/\/www.hsu-hh.de\/hrm-pol\/wp-content\/uploads\/sites\/798\/2024\/04\/Bild3.jpg 616w, https:\/\/www.hsu-hh.de\/hrm-pol\/wp-content\/uploads\/sites\/798\/2024\/04\/Bild3-300x205.jpg 300w\" sizes=\"auto, (max-width: 616px) 100vw, 616px\" \/><figcaption class=\"wp-element-caption\">Podiumsgast Barbara Sieben (<abbr title=\"Helmut Schmidt Universit\u00e4t\">HSU<\/abbr> \/ Scheiblich)<\/figcaption><\/figure>\n<\/div><\/div>\n\n\n\n<div class=\"wp-block-column is-layout-flow wp-block-column-is-layout-flow\"><div class=\"wp-block-image\">\n<figure class=\"aligncenter size-full is-resized\"><img loading=\"lazy\" decoding=\"async\" width=\"616\" height=\"421\" src=\"https:\/\/www.hsu-hh.de\/hrm-pol\/wp-content\/uploads\/sites\/798\/2024\/04\/Bild4.jpg\" data-credit=\"HSU \/ Scheiblich\" alt=\"\" class=\"wp-image-4393\" style=\"width:492px;height:auto\" srcset=\"https:\/\/www.hsu-hh.de\/hrm-pol\/wp-content\/uploads\/sites\/798\/2024\/04\/Bild4.jpg 616w, https:\/\/www.hsu-hh.de\/hrm-pol\/wp-content\/uploads\/sites\/798\/2024\/04\/Bild4-300x205.jpg 300w\" sizes=\"auto, (max-width: 616px) 100vw, 616px\" \/><figcaption class=\"wp-element-caption\">Podiumsrunde in der Aula (<abbr title=\"Helmut Schmidt Universit\u00e4t\">HSU<\/abbr> \/ Scheiblich)<\/figcaption><\/figure>\n<\/div><\/div>\n<\/div>\n\n\n\n<p>Mehr Infos zur Reihe:<\/p>\n\n\n\n<p>Konkart, D., Stehling, R., Ebert, K., Kornau, A. &amp; Sieben, B. (2023). Veranstaltungsreihe \u201eDiversit\u00e4t leben \u2013 Zwischen Wunsch und Wirklichkeit\u201c: R\u00fcckblick und Ausblick. <em>ZDfm \u2013 Zeitschrift f\u00fcr Diversit\u00e4tsforschung und -management, 8<\/em>(1+2), 187\u2013189.\u00a0<a href=\"https:\/\/doi.org\/10.3224\/zdfm.v8i1-2.23\" rel='nofollow'>https:\/\/doi.org\/10.3224\/zdfm.v8i1-2.23 <span><a href=\"\" rel='nofollow'><img decoding=\"async\" title=\"Titel anhand dieser DOI in Citavi-Projekt \u00fcbernehmen\" class=\"citavipicker\" style=\"border: 0px none!important;width: 16px!important;height: 16px!important;margin-left:1px !important;margin-right:1px !important\" src=\"image\/svg+xml;base64,PD94bWwgdmVyc2lvbj0iMS4wIiBlbmNvZGluZz0idXRmLTgiPz48IURPQ1RZUEUgc3ZnIFBVQkxJQyAiLS8vVzNDLy9EVEQgU1ZHIDEuMS8vRU4iICJodHRwOi8vd3d3LnczLm9yZy9HcmFwaGljcy9TVkcvMS4xL0RURC9zdmcxMS5kdGQiPjxzdmcgdmVyc2lvbj0iMS4xIiBpZD0iRWJlbmVfMSIgeG1sbnM9Imh0dHA6Ly93d3cudzMub3JnLzIwMDAvc3ZnIiB4bWxuczp4bGluaz0iaHR0cDovL3d3dy53My5vcmcvMTk5OS94bGluayIgeD0iMHB4IiB5PSIwcHgiIHdpZHRoPSIxNnB4IiBoZWlnaHQ9IjE2cHgiIHZpZXdCb3g9IjAgMCAxNiAxNiIgZW5hYmxlLWJhY2tncm91bmQ9Im5ldyAwIDAgMTYgMTYiIHhtbDpzcGFjZT0icHJlc2VydmUiPjxnPjxnPjxwYXRoIGZpbGw9IiNGRkZGRkYiIGQ9Ik04LjAwMSwxNS41QzMuODY0LDE1LjUsMC41LDEyLjEzNiwwLjUsOGMwLTQuMTM1LDMuMzY1LTcuNSw3LjUwMS03LjVTMTUuNSwzLjg2NCwxNS41LDhTMTIuMTM3LDE1LjUsOC4wMDEsMTUuNXoiLz48cGF0aCBmaWxsPSIjRDUyQjFFIiBkPSJNOC4wMDEsMUMxMS44NiwxLDE1LDQuMTQxLDE1LDhzLTMuMTM5LDctNi45OTksN0M0LjE0LDE1LDEsMTEuODU5LDEsOFM0LjE0LDEsOC4wMDEsMSBNOC4wMDEsMEMzLjU4MiwwLDAsMy41ODIsMCw4czMuNTgyLDgsOC4wMDEsOEMxMi40MTgsMTYsMTYsMTIuNDE4LDE2LDhTMTIuNDE4LDAsOC4wMDEsMEw4LjAwMSwweiIvPjwvZz48cGF0aCBmaWxsPSIjRDUyQjFFIiBkPSJNNi43NDUsMTIuNTg5Yy0wLjIyNywwLjEyMi0wLjQ5NywwLjI0Ny0wLjY4NCwwLjI0N2MtMC4zMTgsMC0wLjUwMS0wLjE2NC0wLjUwMS0wLjQ1MmMwLTAuMjA3LDAuMTQtMC4zNzUsMC41OTUtMC42MjJjMS41NDktMC45MDQsMi41OTQtMi4yNzIsMi41OTQtMy43MjFjMC0wLjgyNS0wLjIyNy0xLjExOS0wLjY4MS0xLjExOWMtMC4xMzUsMC0wLjMyLDAuMjE5LTAuNjM2LDAuMjE5SDcuMTU3QzYuMTAyLDcuMTQzLDUuMzMzLDYuMjY0LDUuMzMzLDUuMjNjMC0xLjE1MiwwLjk1OC0yLjAwNiwyLjI4LTIuMDA2YzEuNzc3LDAsMy4wNTMsMS4zNzMsMy4wNTMsMy40M0MxMC42NjYsOS4yMTUsOS4yMDMsMTEuMjcsNi43NDUsMTIuNTg5Ii8+PC9nPjwvc3ZnPg\"><\/a><\/span><\/a><\/p>\n","protected":false},"excerpt":{"rendered":"<p>Unter Federf\u00fchrung der zivilen Gleichstellungsbeauftragten pr\u00e4gte die Veranstaltungsreihe \u201eDiversit\u00e4t leben \u2013 zwischen Wunsch und Wirklichkeit | Einblicke aus Wissenschaft und Praxis\u201c&nbsp; das Jahr 2023 an der Helmut-Schmidt-Universit\u00e4t\/Universit\u00e4t der Bundeswehr Hamburg. [&hellip;]<\/p>\n","protected":false},"author":3419,"featured_media":0,"parent":73,"menu_order":1,"comment_status":"closed","ping_status":"closed","template":"","meta":{"footnotes":""},"categories":[278,4,276],"tags":[],"class_list":["post-4387","page","type-page","status-publish","hentry","category-fachveranstaltungen-de","category-forschung","category-professurseite-de"],"_links":{"self":[{"href":"https:\/\/www.hsu-hh.de\/hrm-pol\/wp-json\/wp\/v2\/pages\/4387","targetHints":{"allow":["GET"]}}],"collection":[{"href":"https:\/\/www.hsu-hh.de\/hrm-pol\/wp-json\/wp\/v2\/pages"}],"about":[{"href":"https:\/\/www.hsu-hh.de\/hrm-pol\/wp-json\/wp\/v2\/types\/page"}],"author":[{"embeddable":true,"href":"https:\/\/www.hsu-hh.de\/hrm-pol\/wp-json\/wp\/v2\/users\/3419"}],"replies":[{"embeddable":true,"href":"https:\/\/www.hsu-hh.de\/hrm-pol\/wp-json\/wp\/v2\/comments?post=4387"}],"version-history":[{"count":3,"href":"https:\/\/www.hsu-hh.de\/hrm-pol\/wp-json\/wp\/v2\/pages\/4387\/revisions"}],"predecessor-version":[{"id":4413,"href":"https:\/\/www.hsu-hh.de\/hrm-pol\/wp-json\/wp\/v2\/pages\/4387\/revisions\/4413"}],"up":[{"embeddable":true,"href":"https:\/\/www.hsu-hh.de\/hrm-pol\/wp-json\/wp\/v2\/pages\/73"}],"wp:attachment":[{"href":"https:\/\/www.hsu-hh.de\/hrm-pol\/wp-json\/wp\/v2\/media?parent=4387"}],"wp:term":[{"taxonomy":"category","embeddable":true,"href":"https:\/\/www.hsu-hh.de\/hrm-pol\/wp-json\/wp\/v2\/categories?post=4387"},{"taxonomy":"post_tag","embeddable":true,"href":"https:\/\/www.hsu-hh.de\/hrm-pol\/wp-json\/wp\/v2\/tags?post=4387"}],"curies":[{"name":"wp","href":"https:\/\/api.w.org\/{rel}","templated":true}]}}