{"id":3676,"date":"2022-10-23T00:47:14","date_gmt":"2022-10-22T22:47:14","guid":{"rendered":"https:\/\/www.hsu-hh.de\/hrm-pol\/?page_id=3676"},"modified":"2022-10-23T22:24:58","modified_gmt":"2022-10-23T20:24:58","slug":"german-diversity-day-at-hsu-diversity-in-higher-education","status":"publish","type":"page","link":"https:\/\/www.hsu-hh.de\/hrm-pol\/en\/german-diversity-day-at-hsu-diversity-in-higher-education","title":{"rendered":"German Diversity Day at HSU: \u201cDiversity in higher education\u201d\u00a0"},"content":{"rendered":"\n<figure class=\"wp-block-image size-full is-style-default\"><img loading=\"lazy\" decoding=\"async\" width=\"375\" height=\"267\" src=\"https:\/\/www.hsu-hh.de\/hrm-pol\/wp-content\/uploads\/sites\/798\/2018\/05\/HSU-Aqa.jpg\" data-credit=\"ZWW 2017 Pilot module \u201eLeading Diversity\u201d (LeaD),  Artist: OTL Michael H\u00fclcher. Photo: Reinhard Scheiblich \" alt=\" \" class=\"wp-image-999\" srcset=\"https:\/\/www.hsu-hh.de\/hrm-pol\/wp-content\/uploads\/sites\/798\/2018\/05\/HSU-Aqa.jpg 375w, https:\/\/www.hsu-hh.de\/hrm-pol\/wp-content\/uploads\/sites\/798\/2018\/05\/HSU-Aqa-300x214.jpg 300w\" sizes=\"auto, (max-width: 375px) 100vw, 375px\" \/><figcaption><strong>Diversity at <abbr title=\"Helmut Schmidt Universit\u00e4t\">HSU<\/abbr>\/UniBw H<\/strong>&nbsp;<\/figcaption><\/figure>\n\n\n\n<p>On the occasion of the 6<sup>th<\/sup> German Diversity Day at 5<sup>th<\/sup> June, 2018, the president of Helmut Schmidt University \u2013 University of the Federal Armed Forces Hamburg invited to a public event day with the motto \u201cdiversity in higher education\u201d. Professors, (post)doctoral researchers as well as students of the Department of Humanities and Social Sciences planned, coordinated and supported the whole-day and action-rich program. Beside members of Helmut Schmidt University and further Bundeswehr agencies in Hamburg such as the Bundeswehr Command and Staff College (F\u00fchrungsakademie) and the Bundeswehr hospital Hamburg, especially a broader interested public was heartily invited to the exchange on questions about diversity in higher education and in further organizations. The program included scientific talks, a panel discussion, workshops and exhibitions around the topics \u201cexamining disciplinary cultures through a diversity lens\u201d, \u201cconfronting orientations that despise human rights\u201d and \u201cdevelop diversity sensitive practices\u201d. The crowning final was a speech held by Marieke van den Brink, Radboud University Nijmegen, on \u201eGender Practices in Recruitment and Selection in Academia\u201c.&nbsp;<\/p>\n\n\n\n<p>A report (in German language):&nbsp;<\/p>\n\n\n\n<p>Sieben, B., B\u00fcchter, K., Gomolla, M., &amp; Wienhaus, A. (2018). Deutscher Diversity-Tag 2018 an der Helmut-Schmidt-Universit\u00e4t. <em>Zeitschrift f\u00fcr Diversit\u00e4tsforschung und -management, 2<\/em> (2), 222-223. <a rel=\"noreferrer noopener\" href=\"https:\/\/doi.org\/10.3224\/zdfm.v3i2.13\" target=\"_blank\">https:\/\/doi.org\/10.3224\/zdfm.v3i2.13&nbsp;<\/a><\/p>\n\n\n\n<p>Link to the full program (in German language): <a href=\"https:\/\/www.hsu-hh.de\/geiso\/diversity-tag-2018-an-der-hsu\">https:\/\/www.hsu-hh.de\/geiso\/diversity-tag-2018-an-der-hsu<\/a><\/p>\n\n\n\n<div class=\"wp-block-hsu-downloadblock\"><div class=\"thumbnail-area\"><img decoding=\"async\" src=\"\/wp-content\/themes\/hsu\/img\/dummy\/downloads_dummy.png\" alt=\"Download Symbol-Icon\" \/><\/div><div class=\"text-area\"> <\/div><div class=\"download-area\"><a class=\"download-link\" href=\"https:\/\/www.hsu-hh.de\/hrm-pol\/wp-content\/uploads\/sites\/798\/2022\/10\/Programm_DDT_2018_05_16.pdf\"><span class=\"download-name\">pdf laden<\/span><span class=\"download-icon\"><img decoding=\"async\" class=\"download-icon\" alt=\"download icon\" src=\"\/wp-content\/themes\/hsu\/img\/icons\/download_icon.png\" \/><\/span><span class=\"download-size\">2 MB<\/span><\/a><\/div><\/div>\n\n\n\n<p><\/p>\n\n\n<div class=\"wp-block-image is-style-default\">\n<figure class=\"aligncenter size-full\"><img loading=\"lazy\" decoding=\"async\" width=\"423\" height=\"177\" src=\"https:\/\/www.hsu-hh.de\/hrm-pol\/wp-content\/uploads\/sites\/798\/2022\/10\/TDV.jpg\" data-credit=\"HSU \" alt=\" \" class=\"wp-image-3682\" srcset=\"https:\/\/www.hsu-hh.de\/hrm-pol\/wp-content\/uploads\/sites\/798\/2022\/10\/TDV.jpg 423w, https:\/\/www.hsu-hh.de\/hrm-pol\/wp-content\/uploads\/sites\/798\/2022\/10\/TDV-300x126.jpg 300w\" sizes=\"auto, (max-width: 423px) 100vw, 423px\" \/><\/figure>\n<\/div>","protected":false},"excerpt":{"rendered":"<p>On the occasion of the 6th German Diversity Day at 5th June, 2018, the president of Helmut Schmidt University \u2013 University of the Federal Armed Forces Hamburg invited to a [&hellip;]<\/p>\n","protected":false},"author":2869,"featured_media":0,"parent":0,"menu_order":0,"comment_status":"closed","ping_status":"closed","template":"","meta":{"footnotes":""},"categories":[37],"tags":[],"class_list":["post-3676","page","type-page","status-publish","hentry","category-startpage"],"_links":{"self":[{"href":"https:\/\/www.hsu-hh.de\/hrm-pol\/wp-json\/wp\/v2\/pages\/3676","targetHints":{"allow":["GET"]}}],"collection":[{"href":"https:\/\/www.hsu-hh.de\/hrm-pol\/wp-json\/wp\/v2\/pages"}],"about":[{"href":"https:\/\/www.hsu-hh.de\/hrm-pol\/wp-json\/wp\/v2\/types\/page"}],"author":[{"embeddable":true,"href":"https:\/\/www.hsu-hh.de\/hrm-pol\/wp-json\/wp\/v2\/users\/2869"}],"replies":[{"embeddable":true,"href":"https:\/\/www.hsu-hh.de\/hrm-pol\/wp-json\/wp\/v2\/comments?post=3676"}],"version-history":[{"count":7,"href":"https:\/\/www.hsu-hh.de\/hrm-pol\/wp-json\/wp\/v2\/pages\/3676\/revisions"}],"predecessor-version":[{"id":3758,"href":"https:\/\/www.hsu-hh.de\/hrm-pol\/wp-json\/wp\/v2\/pages\/3676\/revisions\/3758"}],"wp:attachment":[{"href":"https:\/\/www.hsu-hh.de\/hrm-pol\/wp-json\/wp\/v2\/media?parent=3676"}],"wp:term":[{"taxonomy":"category","embeddable":true,"href":"https:\/\/www.hsu-hh.de\/hrm-pol\/wp-json\/wp\/v2\/categories?post=3676"},{"taxonomy":"post_tag","embeddable":true,"href":"https:\/\/www.hsu-hh.de\/hrm-pol\/wp-json\/wp\/v2\/tags?post=3676"}],"curies":[{"name":"wp","href":"https:\/\/api.w.org\/{rel}","templated":true}]}}