{"id":3044,"date":"2022-03-16T14:55:39","date_gmt":"2022-03-16T13:55:39","guid":{"rendered":"https:\/\/www.hsu-hh.de\/hrm-pol\/?page_id=3044"},"modified":"2022-08-23T16:00:39","modified_gmt":"2022-08-23T14:00:39","slug":"girls-day-an-der-hsu-workshop-auch-wir-sind-deivoers-wissenschaft-als-karriere-vielfalt-erforschen-ist-eine-option","status":"publish","type":"page","link":"https:\/\/www.hsu-hh.de\/hrm-pol\/startseite\/girls-day-an-der-hsu-workshop-auch-wir-sind-deivoers-wissenschaft-als-karriere-vielfalt-erforschen-ist-eine-option","title":{"rendered":"Girls\u2018 Day an der HSU: Workshop \u201eAuch wir sind [deiv\u00f6rs]! Wissenschaft als Karriere? Vielfalt erforschen ist eine Option\u201c"},"content":{"rendered":"<p>Anl\u00e4sslich des j\u00e4hrlichen Girls\u2018 Day f\u00fchrt das Team der Professur Personalpolitik, ma\u00dfgeblich die studentischen Mitarbeiter:innen, seit 2015 einen Workshop zur Diversityforschung durch. Wir wollen Neugier und Interesse der Sch\u00fclerinnen f\u00fcr die nach wie vor m\u00e4nnlich gepr\u00e4gte und dominierte Wissenschaft wecken. Am Beispiel der Personalforschung an der Universita\u0308t der Bundeswehr zeigen wir ihnen, was Forschung alles hei\u00dfen kann. Unser Forschungsthema ist Vielfalt am Arbeitsplatz. Die M\u00e4dchen erfahren in dem Workshop, was es damit auf sich hat und welche Karriere-Optionen es an einer Universit\u00e4t gibt. Gleichzeitig haben die M\u00e4dchen die M\u00f6glichkeit selbst in die Forschung einzutauchen. Sie k\u00f6nnen hautnah erleben, wie Neues (in diesem Fall Vielfalt) auch ohne wei\u00dfen Kittel und Reagenzglas erforscht wird. \u00a0<\/p>\n<p style=\"text-align: center\">\u00a0<\/p>\n\n<script>\tvar sosereDefaults = {\"allowfullscreen\":true,\"fit\":\"contain\",\"transition\":\"crossfade\",\"loop\":true,\"autoplay\":\"3000\",\"stopautoplayontouch\":true,\"keyboard\":true,\"nav\":\"thumbs\"}<\/script><div class='sosere--wp' data-ids='3489,3490,3493,3491,3492'data-link='file'data-itemtag='dl'data-icontag='dt'data-captiontag='dd'data-columns='0'data-size='large'data-width='896'data-auto='false'data-max-width='100%'data-ratio='1.3333333333333'><div id='gallery-1' class='gallery galleryid-3044 gallery-columns-0 gallery-size-thumbnail'><dl class='gallery-item'>\n\t\t\t<dt class='gallery-icon landscape'>\n\t\t\t\t<a href='https:\/\/www.hsu-hh.de\/hrm-pol\/wp-content\/uploads\/sites\/798\/2022\/08\/Bild1.jpg' data-full='https:\/\/www.hsu-hh.de\/hrm-pol\/wp-content\/uploads\/sites\/798\/2022\/08\/Bild1.jpg' data-credit=\"HSU \"><img loading=\"lazy\" decoding=\"async\" width=\"150\" height=\"150\" src=\"https:\/\/www.hsu-hh.de\/hrm-pol\/wp-content\/uploads\/sites\/798\/2022\/08\/Bild1-150x150.jpg\" class=\"attachment-thumbnail size-thumbnail\" alt=\"\" aria-describedby=\"gallery-1-3489\" srcset=\"https:\/\/www.hsu-hh.de\/hrm-pol\/wp-content\/uploads\/sites\/798\/2022\/08\/Bild1-150x150.jpg 150w, https:\/\/www.hsu-hh.de\/hrm-pol\/wp-content\/uploads\/sites\/798\/2022\/08\/Bild1-100x100.jpg 100w\" sizes=\"auto, (max-width: 150px) 100vw, 150px\" \/><\/a>\n\t\t\t<\/dt>\n\t\t\t\t<dd class='wp-caption-text gallery-caption' id='gallery-1-3489'>\n\t\t\t\tDie Workshopleiterinnen 2015 (von links nach rechts): Beatrice Anhalt, Vanessa Bernauer, Dominique Langner \n\t\t\t\t<\/dd><\/dl><dl class='gallery-item'>\n\t\t\t<dt class='gallery-icon landscape'>\n\t\t\t\t<a href='https:\/\/www.hsu-hh.de\/hrm-pol\/wp-content\/uploads\/sites\/798\/2022\/08\/Bild2.jpg' data-full='https:\/\/www.hsu-hh.de\/hrm-pol\/wp-content\/uploads\/sites\/798\/2022\/08\/Bild2.jpg' data-credit=\"HSU \"><img loading=\"lazy\" decoding=\"async\" width=\"150\" height=\"150\" src=\"https:\/\/www.hsu-hh.de\/hrm-pol\/wp-content\/uploads\/sites\/798\/2022\/08\/Bild2-150x150.jpg\" class=\"attachment-thumbnail size-thumbnail\" alt=\"\" srcset=\"https:\/\/www.hsu-hh.de\/hrm-pol\/wp-content\/uploads\/sites\/798\/2022\/08\/Bild2-150x150.jpg 150w, https:\/\/www.hsu-hh.de\/hrm-pol\/wp-content\/uploads\/sites\/798\/2022\/08\/Bild2-100x100.jpg 100w\" sizes=\"auto, (max-width: 150px) 100vw, 150px\" \/><\/a>\n\t\t\t<\/dt><\/dl><dl class='gallery-item'>\n\t\t\t<dt class='gallery-icon landscape'>\n\t\t\t\t<a href='https:\/\/www.hsu-hh.de\/hrm-pol\/wp-content\/uploads\/sites\/798\/2022\/08\/Bild6.jpg' data-full='https:\/\/www.hsu-hh.de\/hrm-pol\/wp-content\/uploads\/sites\/798\/2022\/08\/Bild6.jpg' data-credit=\"HSU \"><img loading=\"lazy\" decoding=\"async\" width=\"150\" height=\"150\" src=\"https:\/\/www.hsu-hh.de\/hrm-pol\/wp-content\/uploads\/sites\/798\/2022\/08\/Bild6-150x150.jpg\" class=\"attachment-thumbnail size-thumbnail\" alt=\"\" srcset=\"https:\/\/www.hsu-hh.de\/hrm-pol\/wp-content\/uploads\/sites\/798\/2022\/08\/Bild6-150x150.jpg 150w, https:\/\/www.hsu-hh.de\/hrm-pol\/wp-content\/uploads\/sites\/798\/2022\/08\/Bild6-100x100.jpg 100w\" sizes=\"auto, (max-width: 150px) 100vw, 150px\" \/><\/a>\n\t\t\t<\/dt><\/dl><dl class='gallery-item'>\n\t\t\t<dt class='gallery-icon landscape'>\n\t\t\t\t<a href='https:\/\/www.hsu-hh.de\/hrm-pol\/wp-content\/uploads\/sites\/798\/2022\/08\/Bild4.jpg' data-full='https:\/\/www.hsu-hh.de\/hrm-pol\/wp-content\/uploads\/sites\/798\/2022\/08\/Bild4.jpg' data-credit=\"HSU \"><img loading=\"lazy\" decoding=\"async\" width=\"150\" height=\"150\" src=\"https:\/\/www.hsu-hh.de\/hrm-pol\/wp-content\/uploads\/sites\/798\/2022\/08\/Bild4-150x150.jpg\" class=\"attachment-thumbnail size-thumbnail\" alt=\"\" srcset=\"https:\/\/www.hsu-hh.de\/hrm-pol\/wp-content\/uploads\/sites\/798\/2022\/08\/Bild4-150x150.jpg 150w, https:\/\/www.hsu-hh.de\/hrm-pol\/wp-content\/uploads\/sites\/798\/2022\/08\/Bild4-100x100.jpg 100w\" sizes=\"auto, (max-width: 150px) 100vw, 150px\" \/><\/a>\n\t\t\t<\/dt><\/dl><dl class='gallery-item'>\n\t\t\t<dt class='gallery-icon landscape'>\n\t\t\t\t<a href='https:\/\/www.hsu-hh.de\/hrm-pol\/wp-content\/uploads\/sites\/798\/2022\/08\/Bild5.jpg' data-full='https:\/\/www.hsu-hh.de\/hrm-pol\/wp-content\/uploads\/sites\/798\/2022\/08\/Bild5.jpg' data-credit=\"HSU\"><img loading=\"lazy\" decoding=\"async\" width=\"150\" height=\"150\" src=\"https:\/\/www.hsu-hh.de\/hrm-pol\/wp-content\/uploads\/sites\/798\/2022\/08\/Bild5-150x150.jpg\" class=\"attachment-thumbnail size-thumbnail\" alt=\"\" srcset=\"https:\/\/www.hsu-hh.de\/hrm-pol\/wp-content\/uploads\/sites\/798\/2022\/08\/Bild5-150x150.jpg 150w, https:\/\/www.hsu-hh.de\/hrm-pol\/wp-content\/uploads\/sites\/798\/2022\/08\/Bild5-100x100.jpg 100w\" sizes=\"auto, (max-width: 150px) 100vw, 150px\" \/><\/a>\n\t\t\t<\/dt><\/dl>\n\t\t<\/div>\n<\/div>\n\n\n<p><\/p>\n","protected":false},"excerpt":{"rendered":"<p>Anl\u00e4sslich des j\u00e4hrlichen Girls\u2018 Day f\u00fchrt das Team der Professur Personalpolitik, ma\u00dfgeblich die studentischen Mitarbeiter:innen, seit 2015 einen Workshop zur Diversityforschung durch. Wir wollen Neugier und Interesse der Sch\u00fclerinnen f\u00fcr [&hellip;]<\/p>\n","protected":false},"author":2873,"featured_media":0,"parent":73,"menu_order":0,"comment_status":"closed","ping_status":"closed","template":"","meta":{"footnotes":""},"categories":[247,38,246],"tags":[40,42],"class_list":["post-3044","page","type-page","status-publish","hentry","category-fachveranstaltungen","category-personalpolitik","category-professurseite","tag-personalpolitik","tag-professur"],"_links":{"self":[{"href":"https:\/\/www.hsu-hh.de\/hrm-pol\/wp-json\/wp\/v2\/pages\/3044","targetHints":{"allow":["GET"]}}],"collection":[{"href":"https:\/\/www.hsu-hh.de\/hrm-pol\/wp-json\/wp\/v2\/pages"}],"about":[{"href":"https:\/\/www.hsu-hh.de\/hrm-pol\/wp-json\/wp\/v2\/types\/page"}],"author":[{"embeddable":true,"href":"https:\/\/www.hsu-hh.de\/hrm-pol\/wp-json\/wp\/v2\/users\/2873"}],"replies":[{"embeddable":true,"href":"https:\/\/www.hsu-hh.de\/hrm-pol\/wp-json\/wp\/v2\/comments?post=3044"}],"version-history":[{"count":4,"href":"https:\/\/www.hsu-hh.de\/hrm-pol\/wp-json\/wp\/v2\/pages\/3044\/revisions"}],"predecessor-version":[{"id":3499,"href":"https:\/\/www.hsu-hh.de\/hrm-pol\/wp-json\/wp\/v2\/pages\/3044\/revisions\/3499"}],"up":[{"embeddable":true,"href":"https:\/\/www.hsu-hh.de\/hrm-pol\/wp-json\/wp\/v2\/pages\/73"}],"wp:attachment":[{"href":"https:\/\/www.hsu-hh.de\/hrm-pol\/wp-json\/wp\/v2\/media?parent=3044"}],"wp:term":[{"taxonomy":"category","embeddable":true,"href":"https:\/\/www.hsu-hh.de\/hrm-pol\/wp-json\/wp\/v2\/categories?post=3044"},{"taxonomy":"post_tag","embeddable":true,"href":"https:\/\/www.hsu-hh.de\/hrm-pol\/wp-json\/wp\/v2\/tags?post=3044"}],"curies":[{"name":"wp","href":"https:\/\/api.w.org\/{rel}","templated":true}]}}