{"id":3038,"date":"2022-03-16T14:54:19","date_gmt":"2022-03-16T13:54:19","guid":{"rendered":"https:\/\/www.hsu-hh.de\/hrm-pol\/?page_id=3038"},"modified":"2025-04-10T19:27:50","modified_gmt":"2025-04-10T17:27:50","slug":"diversity-netzwerk-tagung-2015","status":"publish","type":"page","link":"https:\/\/www.hsu-hh.de\/hrm-pol\/diversity-netzwerk-tagung-2015","title":{"rendered":"Fachtagung und wissenschaftliches Vernetzungstreffen der Diversity-Forschenden aus Deutschland, \u00d6sterreich und der Schweiz, HSU"},"content":{"rendered":"\n<div class=\"wp-block-columns is-layout-flex wp-container-core-columns-is-layout-9d6595d7 wp-block-columns-is-layout-flex\">\n<div class=\"wp-block-column is-layout-flow wp-block-column-is-layout-flow\">\n<figure class=\"wp-block-image size-full is-resized is-style-default\"><img loading=\"lazy\" decoding=\"async\" width=\"300\" height=\"120\" src=\"https:\/\/www.hsu-hh.de\/hrm-pol\/wp-content\/uploads\/sites\/798\/2022\/03\/Universitaet-Hamburg-Logo.png\" data-credit=\"https:\/\/www.uni-hamburg.de\/\" alt=\"Universi\u00e4t Hamburg Logo\" class=\"wp-image-3039\" style=\"width:330px;height:140px\" \/><\/figure>\n<\/div>\n\n\n\n<div class=\"wp-block-column is-layout-flow wp-block-column-is-layout-flow\"><div class=\"wp-block-image is-style-default\">\n<figure class=\"alignright size-full\"><img loading=\"lazy\" decoding=\"async\" width=\"221\" height=\"150\" src=\"https:\/\/www.hsu-hh.de\/hrm-pol\/wp-content\/uploads\/sites\/798\/2022\/03\/HSU-Logo.png\" data-credit=\"https:\/\/www.hsu-hh.de\/\" alt=\"HSU Logo\" class=\"wp-image-3040\" \/><\/figure>\n<\/div><\/div>\n<\/div>\n\n\n<p>Daniela Rastetter (Universit\u00e4t Hamburg) und Barbara Sieben (Helmut-Schmidt-Universit\u00e4t Hamburg) luden die Diversity-Forschenden aus Deutschland, \u00d6sterreich und der Schweiz am 25. und 26. Juni\u00a0 2015 dazu ein, ankn\u00fcpfend an das Netzwerktreffen an der WU Wien 2014 zum Thema \u201eVielfalt, Diversifizierung, (Ent)Solidarisierung in der organisationalen Diversit\u00e4tsforschung: Eine Standortbestimmung im deutschen Sprachraum\u201c\u00a0 weiter zu diskutieren.\u00a0<\/p>\n<p>Die Fachtagung 2015 weitete die Reichweite des Netzwerks erfolgreich aus auf Forschende und Interessierte aus den verschiedensten Bereichen der <abbr title=\"Betriebswirtschaftslehre\">BWL<\/abbr>, <abbr title=\"Volkswirtschaftslehre\">VWL<\/abbr>, Soziologie, Psychologie, Jura, Sprachwissenschaften, Philosophie, Ethnologie und anderen diversit\u00e4tsrelevanten Gebieten. Damit wurde eine Plattform des interdisziplin\u00e4ren Erkenntnis- und Informationsaustausches geschaffen, sowie ein breiter Raum zur Diskussion von Gender- und Diversity-relevanten Fragen er\u00f6ffnet. Im Fokus standen folgende Schwerpunktthemen:<\/p>\n<ul>\n<li>Die Verkn\u00fcpfung von Gender und Diversity: Kommt Gender unter allen Diversity-Dimensionen eine Priorit\u00e4t zu?\u00a0<\/li>\n<li>Die Gleichstellungs- und Chancengleichheitsdiskussion: wie k\u00f6nnen Erkenntnisse der Diversity-Forschung praktisch in das gleichstellungspolitische Handeln, beispielsweise in Unternehmen oder der Politik, integriert werden?\u00a0<\/li>\n<li>Die Frage nach theoretischen Ans\u00e4tzen: wie kann ein Diversity Management am besten verortet werden, zum Beispiel mit Ans\u00e4tzen der Intersektionalit\u00e4t, Diskriminierung, soziale Ungleichheit, Habitus, o.\u00e4.?\u00a0<\/li>\n<\/ul>\n<p>Das vielf\u00e4ltige Programm umfasste klassische Vortr\u00e4ge im Plenum, Kurzpr\u00e4sentationen in kleineren Gruppen, Round-Table-Diskussionen zur Paper-Entwicklung sowie eine begleitende Poster-Ausstellung. Wir bedanken uns an dieser Stelle herzlich bei der Bundesministerin der Verteidigung <abbr title=\"Doktor\">Dr.<\/abbr> Ursula von der Leyen f\u00fcr die \u00dcbernahme der Schirmherrschaft und ihre Gru\u00dfworte. Ebenso herzlich gedankt f\u00fcr ihre Gru\u00dfworte und Willkommensreden sei <abbr title=\"Professor\">Prof.<\/abbr> <abbr title=\"Doktor\">Dr.<\/abbr> Wilfried Seidel, Pr\u00e4sident der <abbr title=\"Helmut Schmidt Universit\u00e4t\">HSU<\/abbr>, <abbr title=\"Professor\">Prof.<\/abbr> <abbr title=\"Doktor\">Dr.<\/abbr> Katharina Liebsch, Dekanin der Fakult\u00e4t der Geistes- und Sozialwissenschaften, und nicht zuletzt Aydan \u00d6zo\u011fuz, der Beauftragten der Bundesregierung f\u00fcr Migration, Fl\u00fcchtlinge und Integration.\u00a0<\/p>\n\n\n<hr class=\"wp-block-separator has-alpha-channel-opacity\" \/>\n\n\n\n<div class=\"wp-block-media-text has-media-on-the-right is-stacked-on-mobile\" style=\"grid-template-columns:auto 33%\"><div class=\"wp-block-media-text__content\">\n<p class=\"has-medium-font-size\"><strong><a href=\"https:\/\/www.hsu-hh.de\/hrm-pol\/diversity-netzwerk-tagung-2015\/dokumentation\" data-type=\"link\" data-id=\"https:\/\/www.hsu-hh.de\/hrm-pol\/diversity-netzwerk-tagung-2015\/dokumentation\">Hier geht\u00b4s zur Dokumentation der Diversity-Netzwerk-Tagung 2015<\/a><\/strong><\/p>\n<\/div><figure class=\"wp-block-media-text__media\"><img loading=\"lazy\" decoding=\"async\" width=\"1024\" height=\"678\" src=\"https:\/\/www.hsu-hh.de\/hrm-pol\/wp-content\/uploads\/sites\/798\/2024\/01\/hier-gehts-lang-1024x678.jpg\" data-credit=\"HSU\" alt=\"\" class=\"wp-image-4105 size-full\" srcset=\"https:\/\/www.hsu-hh.de\/hrm-pol\/wp-content\/uploads\/sites\/798\/2024\/01\/hier-gehts-lang-1024x678.jpg 1024w, https:\/\/www.hsu-hh.de\/hrm-pol\/wp-content\/uploads\/sites\/798\/2024\/01\/hier-gehts-lang-300x199.jpg 300w, https:\/\/www.hsu-hh.de\/hrm-pol\/wp-content\/uploads\/sites\/798\/2024\/01\/hier-gehts-lang-768x509.jpg 768w, https:\/\/www.hsu-hh.de\/hrm-pol\/wp-content\/uploads\/sites\/798\/2024\/01\/hier-gehts-lang-1536x1017.jpg 1536w, https:\/\/www.hsu-hh.de\/hrm-pol\/wp-content\/uploads\/sites\/798\/2024\/01\/hier-gehts-lang-2048x1356.jpg 2048w, https:\/\/www.hsu-hh.de\/hrm-pol\/wp-content\/uploads\/sites\/798\/2024\/01\/hier-gehts-lang-1100x729.jpg 1100w\" sizes=\"auto, (max-width: 1024px) 100vw, 1024px\" \/><\/figure><\/div>\n\n\n\n<p><\/p>\n","protected":false},"excerpt":{"rendered":"<p>Daniela Rastetter (Universit\u00e4t Hamburg) und Barbara Sieben (Helmut-Schmidt-Universit\u00e4t Hamburg) luden die Diversity-Forschenden aus Deutschland, \u00d6sterreich und der Schweiz am 25. und 26. Juni\u00a0 2015 dazu ein, ankn\u00fcpfend an das Netzwerktreffen [&hellip;]<\/p>\n","protected":false},"author":2873,"featured_media":0,"parent":0,"menu_order":0,"comment_status":"closed","ping_status":"closed","template":"","meta":{"footnotes":""},"categories":[278,276],"tags":[],"class_list":["post-3038","page","type-page","status-publish","hentry","category-fachveranstaltungen-de","category-professurseite-de"],"_links":{"self":[{"href":"https:\/\/www.hsu-hh.de\/hrm-pol\/wp-json\/wp\/v2\/pages\/3038","targetHints":{"allow":["GET"]}}],"collection":[{"href":"https:\/\/www.hsu-hh.de\/hrm-pol\/wp-json\/wp\/v2\/pages"}],"about":[{"href":"https:\/\/www.hsu-hh.de\/hrm-pol\/wp-json\/wp\/v2\/types\/page"}],"author":[{"embeddable":true,"href":"https:\/\/www.hsu-hh.de\/hrm-pol\/wp-json\/wp\/v2\/users\/2873"}],"replies":[{"embeddable":true,"href":"https:\/\/www.hsu-hh.de\/hrm-pol\/wp-json\/wp\/v2\/comments?post=3038"}],"version-history":[{"count":18,"href":"https:\/\/www.hsu-hh.de\/hrm-pol\/wp-json\/wp\/v2\/pages\/3038\/revisions"}],"predecessor-version":[{"id":4902,"href":"https:\/\/www.hsu-hh.de\/hrm-pol\/wp-json\/wp\/v2\/pages\/3038\/revisions\/4902"}],"wp:attachment":[{"href":"https:\/\/www.hsu-hh.de\/hrm-pol\/wp-json\/wp\/v2\/media?parent=3038"}],"wp:term":[{"taxonomy":"category","embeddable":true,"href":"https:\/\/www.hsu-hh.de\/hrm-pol\/wp-json\/wp\/v2\/categories?post=3038"},{"taxonomy":"post_tag","embeddable":true,"href":"https:\/\/www.hsu-hh.de\/hrm-pol\/wp-json\/wp\/v2\/tags?post=3038"}],"curies":[{"name":"wp","href":"https:\/\/api.w.org\/{rel}","templated":true}]}}