{"id":3036,"date":"2022-03-16T14:51:39","date_gmt":"2022-03-16T13:51:39","guid":{"rendered":"https:\/\/www.hsu-hh.de\/hrm-pol\/?page_id=3036"},"modified":"2022-03-16T14:52:19","modified_gmt":"2022-03-16T13:52:19","slug":"wissenschaftspanel-organisations-und-personalforschung-zu-gender-und-diversity-ein-breites-und-umkaempftes-feld-aus-bildungskongress-der-bundeswehr-hsu","status":"publish","type":"page","link":"https:\/\/www.hsu-hh.de\/hrm-pol\/wissenschaftspanel-organisations-und-personalforschung-zu-gender-und-diversity-ein-breites-und-umkaempftes-feld-aus-bildungskongress-der-bundeswehr-hsu","title":{"rendered":"Wissenschaftspanel \u201eOrganisations- und Personalforschung zu Gender und Diversity: Ein breites und umk\u00e4mpftes Feld\u201c, (Aus-)Bildungskongress der Bundeswehr, HSU (2016)"},"content":{"rendered":"<p>Der (Aus-)Bildungskongress der Bundeswehr, 13. bis 15.9.2016 an der Helmut-Schmidt-Universit\u00e4t \u2013 Universit\u00e4t der Bundeswehr Hamburg, war dem Schwerpunktthema \u201eChancengerechtigkeit: Der Beitrag der Bildung f\u00fcr Diversity Management, Gender Mainstreaming und Gleichstellung\u201c gewidmet.<br \/>\nHierzu organisierte das Team der Professur Personalpolitik ein Wissenschaftspanel \u201eOrganisations- und Personalforschung zu Gender und Diversity: Ein breites und umk\u00e4mpftes Feld\u201c. Es wurde facettenartig gezeigt, was den \u201eState of the art\u201c der Gender- und Diversityforschung ausmacht, welche Themen hier (wie) beforscht werden und dass der Status eines breiten und umk\u00e4mpften Feldes ebenso f\u00fcr die Wissenschaft gilt. Barbara Sieben und Daniela Rastetter, Universit\u00e4t Hamburg, lieferten eine Bestandsaufnahme zur Gender- und Diversityforschung an Organisations- und Personal-Lehrst\u00fchlen im deutschsprachigen Raum. Tina Hundt stellte ihre Diskursanalyse zur Vereinbarkeit von Familie und Dienst in der Bundeswehr vor. Angela Kornau berichtete \u00fcber das Deutschland und T\u00fcrkei vergleichende Forschungsprojekt zu Chancengleichheit durch Personalpolitik. Die Kollegin Christiane Bender, Allgemeine Soziologie, mahnte an: Die \u201ealte\u201c Einsicht, dass eine kluge Organisationspolitik auf einer klaren Priorit\u00e4tensetzung beruht, darf bei aller Diversit\u00e4t nicht vergessen werden. Sie stellte dazu erfolgreiche Beispiele aus der Bundeswehr vor. In der anschlie\u00dfenden Plenumsdiskussion war zudem Raum f\u00fcr die kontroversen Fragen, die sich um Chancengleichheit, Gender und Diversit\u00e4t in Organisationen entz\u00fcnden.<\/p>\n","protected":false},"excerpt":{"rendered":"<p>Der (Aus-)Bildungskongress der Bundeswehr, 13. bis 15.9.2016 an der Helmut-Schmidt-Universit\u00e4t \u2013 Universit\u00e4t der Bundeswehr Hamburg, war dem Schwerpunktthema \u201eChancengerechtigkeit: Der Beitrag der Bildung f\u00fcr Diversity Management, Gender Mainstreaming und Gleichstellung\u201c [&hellip;]<\/p>\n","protected":false},"author":2873,"featured_media":0,"parent":0,"menu_order":0,"comment_status":"closed","ping_status":"closed","template":"","meta":{"footnotes":""},"categories":[247,246],"tags":[],"class_list":["post-3036","page","type-page","status-publish","hentry","category-fachveranstaltungen","category-professurseite"],"_links":{"self":[{"href":"https:\/\/www.hsu-hh.de\/hrm-pol\/wp-json\/wp\/v2\/pages\/3036","targetHints":{"allow":["GET"]}}],"collection":[{"href":"https:\/\/www.hsu-hh.de\/hrm-pol\/wp-json\/wp\/v2\/pages"}],"about":[{"href":"https:\/\/www.hsu-hh.de\/hrm-pol\/wp-json\/wp\/v2\/types\/page"}],"author":[{"embeddable":true,"href":"https:\/\/www.hsu-hh.de\/hrm-pol\/wp-json\/wp\/v2\/users\/2873"}],"replies":[{"embeddable":true,"href":"https:\/\/www.hsu-hh.de\/hrm-pol\/wp-json\/wp\/v2\/comments?post=3036"}],"version-history":[{"count":2,"href":"https:\/\/www.hsu-hh.de\/hrm-pol\/wp-json\/wp\/v2\/pages\/3036\/revisions"}],"predecessor-version":[{"id":3060,"href":"https:\/\/www.hsu-hh.de\/hrm-pol\/wp-json\/wp\/v2\/pages\/3036\/revisions\/3060"}],"wp:attachment":[{"href":"https:\/\/www.hsu-hh.de\/hrm-pol\/wp-json\/wp\/v2\/media?parent=3036"}],"wp:term":[{"taxonomy":"category","embeddable":true,"href":"https:\/\/www.hsu-hh.de\/hrm-pol\/wp-json\/wp\/v2\/categories?post=3036"},{"taxonomy":"post_tag","embeddable":true,"href":"https:\/\/www.hsu-hh.de\/hrm-pol\/wp-json\/wp\/v2\/tags?post=3036"}],"curies":[{"name":"wp","href":"https:\/\/api.w.org\/{rel}","templated":true}]}}