{"id":3023,"date":"2022-03-16T14:51:04","date_gmt":"2022-03-16T13:51:04","guid":{"rendered":"https:\/\/www.hsu-hh.de\/hrm-pol\/?page_id=3023"},"modified":"2022-08-25T04:21:44","modified_gmt":"2022-08-25T02:21:44","slug":"gedenkkolloquium-fuer-gertraude-krell-freie-universitaet-berlin","status":"publish","type":"page","link":"https:\/\/www.hsu-hh.de\/hrm-pol\/gedenkkolloquium-fuer-gertraude-krell-freie-universitaet-berlin","title":{"rendered":"Gedenkkolloquium f\u00fcr Gertraude Krell, Freie Universit\u00e4t Berlin"},"content":{"rendered":"<div class=\"wp-block-image is-style-default\">\n<figure class=\"alignleft size-full\"><img loading=\"lazy\" decoding=\"async\" width=\"133\" height=\"200\" src=\"https:\/\/www.hsu-hh.de\/hrm-pol\/wp-content\/uploads\/sites\/798\/2017\/12\/Gertraude-Krell.jpg\" data-credit=\"\" alt=\"Krell\" class=\"wp-image-339\" \/><\/figure>\n<\/div>\n\n<p>\u00a0<\/p>\n<p>In Gedenken an Gertraude Krell (18.4.1952 \u2013 5.1.2016) fand am 22. April 2017 an der Freien Universit\u00e4t Berlin ein Kolloquium statt. Das Programm umfasste Fachbeitr\u00e4ge und eine Podiumsdiskussion zu Gertraude Krells Forschungsschwerpunkt \u201eGender und Diversity\u201c. Das Gedenk-Kolloquium wurde veranstaltet in Kooperation mit dem Margherita-von-Brentano-Zentrum und dem Fachbereich Wirtschaftswissenschaft der Freien Universit\u00e4t Berlin.\u00a0<br \/><strong>Organisation:<\/strong> Renate Ortlieb (Karl-Franzens-Universit\u00e4t Graz), Heike Pantelmann (Freie Universit\u00e4t Berlin), Barbara Sieben (Helmut-Schmidt-Universit\u00e4t Hamburg)\u00a0<\/p>\n<p>\u00a0<\/p>\n<p>Weitere Informationen zur Veranstaltung finden Sie unter:<\/p>\n<p>\u00a0<a href=\"http:\/\/www.mvbz.fu-berlin.de\/termine\/20170422_gedenkkolloquium-getraude-krell.html\" rel='nofollow'>http:\/\/www.mvbz.fu-berlin.de\/termine\/20170422_gedenkkolloquium-getraude-krell.html<\/a>\u00a0<\/p>\n<p>F\u00fcr weitere Informationen:\u00a0<br \/>Obituary: Gertraude Krell (1952\u20132016). Renate Ortlieb, Barbara Sieben, Werner Nienh\u00fcser, Axel Haunschild (2016), <em>German Journal of Human Resource Management, 30<\/em>(2), 155-157.\u00a0\u00a0<br \/><a href=\"http:\/\/journals.sagepub.com\/doi\/abs\/10.1177\/2397002216638639\" rel='nofollow'>http:\/\/journals.sagepub.com\/doi\/abs\/10.1177\/2397002216638639\u00a0<\/a> <br \/>Statt eines Nachrufs: Gertraude Krell (1952\u20132016) in eigener Sache. Daniela Rastetter and Barbara Sieben (2016), <em>Zeitschrift f\u00fcr Diversit\u00e4tsforschung und -management, 1<\/em>(1), 119-124.\u00a0<br \/><a href=\"http:\/\/www.budrich-journals.de\/index.php\/zdfm\/article\/view\/26089\" rel='nofollow'>http:\/\/www.budrich-journals.de\/index.php\/zdfm\/article\/view\/26089<\/a>\u00a0<br \/>In Memoriam: <abbr title=\"Universit\u00e4tsprofessor\">Univ.-Prof.<\/abbr> <abbr title=\"Doktor\">Dr.<\/abbr> Gertraude Krell. Georg Schrey\u00f6gg (2016), <em>Schmalenbachs Zeitschrift f\u00fcr betriebswirtschaftliche Forschung, 68<\/em>(1), 139-142.\u00a0<br \/><a href=\"https:\/\/link.springer.com\/article\/10.1007\/s41471-016-0007-8\" rel='nofollow'>https:\/\/link.springer.com\/article\/10.1007\/s41471-016-0007-8\u00a0<\/a><\/p>","protected":false},"excerpt":{"rendered":"<p>\u00a0 In Gedenken an Gertraude Krell (18.4.1952 \u2013 5.1.2016) fand am 22. April 2017 an der Freien Universit\u00e4t Berlin ein Kolloquium statt. Das Programm umfasste Fachbeitr\u00e4ge und eine Podiumsdiskussion zu [&hellip;]<\/p>\n","protected":false},"author":2873,"featured_media":0,"parent":0,"menu_order":0,"comment_status":"closed","ping_status":"closed","template":"","meta":{"footnotes":""},"categories":[247,246],"tags":[],"class_list":["post-3023","page","type-page","status-publish","hentry","category-fachveranstaltungen","category-professurseite"],"_links":{"self":[{"href":"https:\/\/www.hsu-hh.de\/hrm-pol\/wp-json\/wp\/v2\/pages\/3023","targetHints":{"allow":["GET"]}}],"collection":[{"href":"https:\/\/www.hsu-hh.de\/hrm-pol\/wp-json\/wp\/v2\/pages"}],"about":[{"href":"https:\/\/www.hsu-hh.de\/hrm-pol\/wp-json\/wp\/v2\/types\/page"}],"author":[{"embeddable":true,"href":"https:\/\/www.hsu-hh.de\/hrm-pol\/wp-json\/wp\/v2\/users\/2873"}],"replies":[{"embeddable":true,"href":"https:\/\/www.hsu-hh.de\/hrm-pol\/wp-json\/wp\/v2\/comments?post=3023"}],"version-history":[{"count":10,"href":"https:\/\/www.hsu-hh.de\/hrm-pol\/wp-json\/wp\/v2\/pages\/3023\/revisions"}],"predecessor-version":[{"id":3550,"href":"https:\/\/www.hsu-hh.de\/hrm-pol\/wp-json\/wp\/v2\/pages\/3023\/revisions\/3550"}],"wp:attachment":[{"href":"https:\/\/www.hsu-hh.de\/hrm-pol\/wp-json\/wp\/v2\/media?parent=3023"}],"wp:term":[{"taxonomy":"category","embeddable":true,"href":"https:\/\/www.hsu-hh.de\/hrm-pol\/wp-json\/wp\/v2\/categories?post=3023"},{"taxonomy":"post_tag","embeddable":true,"href":"https:\/\/www.hsu-hh.de\/hrm-pol\/wp-json\/wp\/v2\/tags?post=3023"}],"curies":[{"name":"wp","href":"https:\/\/api.w.org\/{rel}","templated":true}]}}