{"id":2988,"date":"2022-03-16T14:40:17","date_gmt":"2022-03-16T13:40:17","guid":{"rendered":"https:\/\/www.hsu-hh.de\/hrm-pol\/?page_id=2988"},"modified":"2022-08-02T14:56:33","modified_gmt":"2022-08-02T12:56:33","slug":"fuehrungskraefte-workshop-zu-diversitaet-und-chancengleichheit-am-technischen-ausbildungszentrum-der-luftwaffe-fassberg-2021","status":"publish","type":"page","link":"https:\/\/www.hsu-hh.de\/hrm-pol\/fuehrungskraefte-workshop-zu-diversitaet-und-chancengleichheit-am-technischen-ausbildungszentrum-der-luftwaffe-fassberg-2021","title":{"rendered":"F\u00fchrungskr\u00e4fte-Workshop zu Diversit\u00e4t und Chancengleichheit am Technischen Ausbildungszentrum der Luftwaffe, Fa\u00dfberg (2021)"},"content":{"rendered":"<p>Vom 28. bis 29. September 2021 haben Vanessa S. Bernauer und <abbr title=\"Doktor\">Dr.<\/abbr> Angela Kornau im Auftrag des Zentrums f\u00fcr wissenschaftliche Weiterbildung (ZWW) der <abbr title=\"Helmut Schmidt Universit\u00e4t\">HSU<\/abbr> einen Workshop zu Diversit\u00e4t und Chancengleichheit mit F\u00fchrungskr\u00e4ften des Technischen Ausbildungszentrums der Luftwaffe in Fa\u00dfberg durchgef\u00fchrt. Ziel des Workshops ist das Erlernen und Vertiefen von Methoden und Kenntnissen, um eine vielf\u00e4ltig zusammengesetzte Belegschaft zu f\u00fchren. Neben der Vermittlung von konzeptionellen Grundlagen zu Diversit\u00e4t, Chancengleichheit und Inklusion geht es insbesondere um die Reflexion von Diversit\u00e4t im F\u00fchrungs- und Selbstkonzept sowie F\u00fchrungsinstrumente im eigenen F\u00fchrungsalltag. N\u00e4here Informationen finden Sie unter:<\/p>\n<p>https:\/\/www.hsu-hh.de\/weiterbildung\/workshop-zur-chancengerechtigkeit<\/p>\n\n\n<p><\/p>\n\n\n<script>\tvar sosereDefaults = {\"allowfullscreen\":true,\"fit\":\"contain\",\"transition\":\"crossfade\",\"loop\":true,\"autoplay\":\"3000\",\"stopautoplayontouch\":true,\"keyboard\":true,\"nav\":\"thumbs\"}<\/script><div class='sosere--wp' data-ids='2596,3276,3275,3277,3274,3273,3272'data-link='file'data-itemtag='dl'data-icontag='dt'data-captiontag='dd'data-columns='0'data-size='large'data-width='1024'data-auto='false'data-max-width='100%'data-ratio='1.4992679355783'><div id='gallery-1' class='gallery galleryid-2988 gallery-columns-0 gallery-size-thumbnail'><dl class='gallery-item'>\n\t\t\t<dt class='gallery-icon landscape'>\n\t\t\t\t<a href='https:\/\/www.hsu-hh.de\/hrm-pol\/wp-content\/uploads\/sites\/798\/2021\/10\/210928_TAusbZLw_Carsten-Koenig_0424-1024x683.jpg' data-full='https:\/\/www.hsu-hh.de\/hrm-pol\/wp-content\/uploads\/sites\/798\/2021\/10\/210928_TAusbZLw_Carsten-Koenig_0424-scaled.jpg' data-credit=\"\u00a9 Bundeswehr \/ Carsten K\u00f6nig\"><img loading=\"lazy\" decoding=\"async\" width=\"150\" height=\"150\" src=\"https:\/\/www.hsu-hh.de\/hrm-pol\/wp-content\/uploads\/sites\/798\/2021\/10\/210928_TAusbZLw_Carsten-Koenig_0424-150x150.jpg\" class=\"attachment-thumbnail size-thumbnail\" alt=\"\" aria-describedby=\"gallery-1-2596\" srcset=\"https:\/\/www.hsu-hh.de\/hrm-pol\/wp-content\/uploads\/sites\/798\/2021\/10\/210928_TAusbZLw_Carsten-Koenig_0424-150x150.jpg 150w, https:\/\/www.hsu-hh.de\/hrm-pol\/wp-content\/uploads\/sites\/798\/2021\/10\/210928_TAusbZLw_Carsten-Koenig_0424-100x100.jpg 100w\" sizes=\"auto, (max-width: 150px) 100vw, 150px\" \/><\/a>\n\t\t\t<\/dt>\n\t\t\t\t<dd class='wp-caption-text gallery-caption' id='gallery-1-2596'>\n\t\t\t\tWeiterbildungsveranstaltung Diversit\u00e4t und Chancengleichheit am Technischen Ausbildungszentrum der Luftwaffe in Fa\u00dfberg.\n\t\t\t\t<\/dd><\/dl><dl class='gallery-item'>\n\t\t\t<dt class='gallery-icon landscape'>\n\t\t\t\t<a href='https:\/\/www.hsu-hh.de\/hrm-pol\/wp-content\/uploads\/sites\/798\/2022\/06\/210928_TAusbZLw_Carsten-Koenig_0436-1024x683.jpg' data-full='https:\/\/www.hsu-hh.de\/hrm-pol\/wp-content\/uploads\/sites\/798\/2022\/06\/210928_TAusbZLw_Carsten-Koenig_0436-scaled.jpg' data-credit=\"\u00a9 Bundeswehr \/ Carsten K\u00f6nig\"><img loading=\"lazy\" decoding=\"async\" width=\"150\" height=\"150\" src=\"https:\/\/www.hsu-hh.de\/hrm-pol\/wp-content\/uploads\/sites\/798\/2022\/06\/210928_TAusbZLw_Carsten-Koenig_0436-150x150.jpg\" class=\"attachment-thumbnail size-thumbnail\" alt=\"\" aria-describedby=\"gallery-1-3276\" srcset=\"https:\/\/www.hsu-hh.de\/hrm-pol\/wp-content\/uploads\/sites\/798\/2022\/06\/210928_TAusbZLw_Carsten-Koenig_0436-150x150.jpg 150w, https:\/\/www.hsu-hh.de\/hrm-pol\/wp-content\/uploads\/sites\/798\/2022\/06\/210928_TAusbZLw_Carsten-Koenig_0436-100x100.jpg 100w\" sizes=\"auto, (max-width: 150px) 100vw, 150px\" \/><\/a>\n\t\t\t<\/dt>\n\t\t\t\t<dd class='wp-caption-text gallery-caption' id='gallery-1-3276'>\n\t\t\t\tWeiterbildungsveranstaltung Diversit\u00e4t und Chancengleichheit am Technischen Ausbildungszentrum der Luftwaffe in Fa\u00dfberg.\n\t\t\t\t<\/dd><\/dl><dl class='gallery-item'>\n\t\t\t<dt class='gallery-icon landscape'>\n\t\t\t\t<a href='https:\/\/www.hsu-hh.de\/hrm-pol\/wp-content\/uploads\/sites\/798\/2022\/06\/210928_TAusbZLw_Carsten-Koenig_0412-1024x683.jpg' data-full='https:\/\/www.hsu-hh.de\/hrm-pol\/wp-content\/uploads\/sites\/798\/2022\/06\/210928_TAusbZLw_Carsten-Koenig_0412-scaled.jpg' data-credit=\"\u00a9 Bundeswehr \/ Carsten K\u00f6nig\"><img loading=\"lazy\" decoding=\"async\" width=\"150\" height=\"150\" src=\"https:\/\/www.hsu-hh.de\/hrm-pol\/wp-content\/uploads\/sites\/798\/2022\/06\/210928_TAusbZLw_Carsten-Koenig_0412-150x150.jpg\" class=\"attachment-thumbnail size-thumbnail\" alt=\"\" aria-describedby=\"gallery-1-3275\" srcset=\"https:\/\/www.hsu-hh.de\/hrm-pol\/wp-content\/uploads\/sites\/798\/2022\/06\/210928_TAusbZLw_Carsten-Koenig_0412-150x150.jpg 150w, https:\/\/www.hsu-hh.de\/hrm-pol\/wp-content\/uploads\/sites\/798\/2022\/06\/210928_TAusbZLw_Carsten-Koenig_0412-100x100.jpg 100w\" sizes=\"auto, (max-width: 150px) 100vw, 150px\" \/><\/a>\n\t\t\t<\/dt>\n\t\t\t\t<dd class='wp-caption-text gallery-caption' id='gallery-1-3275'>\n\t\t\t\tWeiterbildungsveranstaltung Diversit\u00e4t und Chancengleichheit am Technischen Ausbildungszentrum der Luftwaffe in Fa\u00dfberg.\n\t\t\t\t<\/dd><\/dl><dl class='gallery-item'>\n\t\t\t<dt class='gallery-icon landscape'>\n\t\t\t\t<a href='https:\/\/www.hsu-hh.de\/hrm-pol\/wp-content\/uploads\/sites\/798\/2022\/06\/210928_TAusbZLw_Carsten-Koenig_0441-1024x683.jpg' data-full='https:\/\/www.hsu-hh.de\/hrm-pol\/wp-content\/uploads\/sites\/798\/2022\/06\/210928_TAusbZLw_Carsten-Koenig_0441-scaled.jpg' data-credit=\"\u00a9 Bundeswehr \/ Carsten K\u00f6nig\"><img loading=\"lazy\" decoding=\"async\" width=\"150\" height=\"150\" src=\"https:\/\/www.hsu-hh.de\/hrm-pol\/wp-content\/uploads\/sites\/798\/2022\/06\/210928_TAusbZLw_Carsten-Koenig_0441-150x150.jpg\" class=\"attachment-thumbnail size-thumbnail\" alt=\"\" aria-describedby=\"gallery-1-3277\" srcset=\"https:\/\/www.hsu-hh.de\/hrm-pol\/wp-content\/uploads\/sites\/798\/2022\/06\/210928_TAusbZLw_Carsten-Koenig_0441-150x150.jpg 150w, https:\/\/www.hsu-hh.de\/hrm-pol\/wp-content\/uploads\/sites\/798\/2022\/06\/210928_TAusbZLw_Carsten-Koenig_0441-100x100.jpg 100w\" sizes=\"auto, (max-width: 150px) 100vw, 150px\" \/><\/a>\n\t\t\t<\/dt>\n\t\t\t\t<dd class='wp-caption-text gallery-caption' id='gallery-1-3277'>\n\t\t\t\tWeiterbildungsveranstaltung Diversit\u00e4t und Chancengleichheit am Technischen Ausbildungszentrum der Luftwaffe in Fa\u00dfberg.\n\t\t\t\t<\/dd><\/dl><dl class='gallery-item'>\n\t\t\t<dt class='gallery-icon landscape'>\n\t\t\t\t<a href='https:\/\/www.hsu-hh.de\/hrm-pol\/wp-content\/uploads\/sites\/798\/2022\/06\/210928_TAusbZLw_Carsten-Koenig_0407-1024x683.jpg' data-full='https:\/\/www.hsu-hh.de\/hrm-pol\/wp-content\/uploads\/sites\/798\/2022\/06\/210928_TAusbZLw_Carsten-Koenig_0407-scaled.jpg' data-credit=\"\u00a9 Bundeswehr \/ Carsten K\u00f6nig\"><img loading=\"lazy\" decoding=\"async\" width=\"150\" height=\"150\" src=\"https:\/\/www.hsu-hh.de\/hrm-pol\/wp-content\/uploads\/sites\/798\/2022\/06\/210928_TAusbZLw_Carsten-Koenig_0407-150x150.jpg\" class=\"attachment-thumbnail size-thumbnail\" alt=\"\" aria-describedby=\"gallery-1-3274\" srcset=\"https:\/\/www.hsu-hh.de\/hrm-pol\/wp-content\/uploads\/sites\/798\/2022\/06\/210928_TAusbZLw_Carsten-Koenig_0407-150x150.jpg 150w, https:\/\/www.hsu-hh.de\/hrm-pol\/wp-content\/uploads\/sites\/798\/2022\/06\/210928_TAusbZLw_Carsten-Koenig_0407-100x100.jpg 100w\" sizes=\"auto, (max-width: 150px) 100vw, 150px\" \/><\/a>\n\t\t\t<\/dt>\n\t\t\t\t<dd class='wp-caption-text gallery-caption' id='gallery-1-3274'>\n\t\t\t\tWeiterbildungsveranstaltung Diversit\u00e4t und Chancengleichheit am Technischen Ausbildungszentrum der Luftwaffe in Fa\u00dfberg. \n\t\t\t\t<\/dd><\/dl><dl class='gallery-item'>\n\t\t\t<dt class='gallery-icon landscape'>\n\t\t\t\t<a href='https:\/\/www.hsu-hh.de\/hrm-pol\/wp-content\/uploads\/sites\/798\/2022\/06\/210928_TAusbZLw_Carsten-Koenig_0389-1024x683.jpg' data-full='https:\/\/www.hsu-hh.de\/hrm-pol\/wp-content\/uploads\/sites\/798\/2022\/06\/210928_TAusbZLw_Carsten-Koenig_0389-scaled.jpg' data-credit=\"\u00a9 Bundeswehr \/ Carsten K\u00f6nig\"><img loading=\"lazy\" decoding=\"async\" width=\"150\" height=\"150\" src=\"https:\/\/www.hsu-hh.de\/hrm-pol\/wp-content\/uploads\/sites\/798\/2022\/06\/210928_TAusbZLw_Carsten-Koenig_0389-150x150.jpg\" class=\"attachment-thumbnail size-thumbnail\" alt=\"\" aria-describedby=\"gallery-1-3273\" srcset=\"https:\/\/www.hsu-hh.de\/hrm-pol\/wp-content\/uploads\/sites\/798\/2022\/06\/210928_TAusbZLw_Carsten-Koenig_0389-150x150.jpg 150w, https:\/\/www.hsu-hh.de\/hrm-pol\/wp-content\/uploads\/sites\/798\/2022\/06\/210928_TAusbZLw_Carsten-Koenig_0389-100x100.jpg 100w\" sizes=\"auto, (max-width: 150px) 100vw, 150px\" \/><\/a>\n\t\t\t<\/dt>\n\t\t\t\t<dd class='wp-caption-text gallery-caption' id='gallery-1-3273'>\n\t\t\t\tWeiterbildungsveranstaltung Diversit\u00e4t und Chancengleichheit am Technischen Ausbildungszentrum der Luftwaffe in Fa\u00dfberg. \n\t\t\t\t<\/dd><\/dl><dl class='gallery-item'>\n\t\t\t<dt class='gallery-icon landscape'>\n\t\t\t\t<a href='https:\/\/www.hsu-hh.de\/hrm-pol\/wp-content\/uploads\/sites\/798\/2022\/06\/210928_TAusbZLw_Carsten-Koenig_1-1024x683.jpg' data-full='https:\/\/www.hsu-hh.de\/hrm-pol\/wp-content\/uploads\/sites\/798\/2022\/06\/210928_TAusbZLw_Carsten-Koenig_1-scaled.jpg' data-credit=\"\u00a9 Bundeswehr \/ Carsten K\u00f6nig\"><img loading=\"lazy\" decoding=\"async\" width=\"150\" height=\"150\" src=\"https:\/\/www.hsu-hh.de\/hrm-pol\/wp-content\/uploads\/sites\/798\/2022\/06\/210928_TAusbZLw_Carsten-Koenig_1-150x150.jpg\" class=\"attachment-thumbnail size-thumbnail\" alt=\"\" aria-describedby=\"gallery-1-3272\" srcset=\"https:\/\/www.hsu-hh.de\/hrm-pol\/wp-content\/uploads\/sites\/798\/2022\/06\/210928_TAusbZLw_Carsten-Koenig_1-150x150.jpg 150w, https:\/\/www.hsu-hh.de\/hrm-pol\/wp-content\/uploads\/sites\/798\/2022\/06\/210928_TAusbZLw_Carsten-Koenig_1-100x100.jpg 100w\" sizes=\"auto, (max-width: 150px) 100vw, 150px\" \/><\/a>\n\t\t\t<\/dt>\n\t\t\t\t<dd class='wp-caption-text gallery-caption' id='gallery-1-3272'>\n\t\t\t\tWeiterbildungsveranstaltung Diversit\u00e4t und Chancengleichheit am Technischen Ausbildungszentrum der Luftwaffe in Fa\u00dfberg. \n\t\t\t\t<\/dd><\/dl>\n\t\t<\/div>\n<\/div>","protected":false},"excerpt":{"rendered":"<p>Vom 28. bis 29. September 2021 haben Vanessa S. Bernauer und Dr. Angela Kornau im Auftrag des Zentrums f\u00fcr wissenschaftliche Weiterbildung (ZWW) der HSU einen Workshop zu Diversit\u00e4t und Chancengleichheit [&hellip;]<\/p>\n","protected":false},"author":2873,"featured_media":0,"parent":0,"menu_order":0,"comment_status":"closed","ping_status":"closed","template":"","meta":{"footnotes":""},"categories":[247,38,246],"tags":[40,42],"class_list":["post-2988","page","type-page","status-publish","hentry","category-fachveranstaltungen","category-personalpolitik","category-professurseite","tag-personalpolitik","tag-professur"],"_links":{"self":[{"href":"https:\/\/www.hsu-hh.de\/hrm-pol\/wp-json\/wp\/v2\/pages\/2988","targetHints":{"allow":["GET"]}}],"collection":[{"href":"https:\/\/www.hsu-hh.de\/hrm-pol\/wp-json\/wp\/v2\/pages"}],"about":[{"href":"https:\/\/www.hsu-hh.de\/hrm-pol\/wp-json\/wp\/v2\/types\/page"}],"author":[{"embeddable":true,"href":"https:\/\/www.hsu-hh.de\/hrm-pol\/wp-json\/wp\/v2\/users\/2873"}],"replies":[{"embeddable":true,"href":"https:\/\/www.hsu-hh.de\/hrm-pol\/wp-json\/wp\/v2\/comments?post=2988"}],"version-history":[{"count":4,"href":"https:\/\/www.hsu-hh.de\/hrm-pol\/wp-json\/wp\/v2\/pages\/2988\/revisions"}],"predecessor-version":[{"id":3338,"href":"https:\/\/www.hsu-hh.de\/hrm-pol\/wp-json\/wp\/v2\/pages\/2988\/revisions\/3338"}],"wp:attachment":[{"href":"https:\/\/www.hsu-hh.de\/hrm-pol\/wp-json\/wp\/v2\/media?parent=2988"}],"wp:term":[{"taxonomy":"category","embeddable":true,"href":"https:\/\/www.hsu-hh.de\/hrm-pol\/wp-json\/wp\/v2\/categories?post=2988"},{"taxonomy":"post_tag","embeddable":true,"href":"https:\/\/www.hsu-hh.de\/hrm-pol\/wp-json\/wp\/v2\/tags?post=2988"}],"curies":[{"name":"wp","href":"https:\/\/api.w.org\/{rel}","templated":true}]}}