{"id":2955,"date":"2022-02-14T13:26:00","date_gmt":"2022-02-14T12:26:00","guid":{"rendered":"https:\/\/www.hsu-hh.de\/hrm-pol\/?page_id=2955"},"modified":"2022-02-14T13:26:01","modified_gmt":"2022-02-14T12:26:01","slug":"profil","status":"publish","type":"page","link":"https:\/\/www.hsu-hh.de\/hrm-pol\/profil","title":{"rendered":"Profil"},"content":{"rendered":"\n<p>Die Forschung zu Arbeit, Personal und Organisation an dieser Professur ist sozialwissenschaftlich fundiert sowie interdisziplin\u00e4r und international orientiert. Theoretisch und methodisch ist die Forschung multiparadigmatisch angelegt unter Einbeziehung von Ans\u00e4tzen der kritischen ManagementforschungDiese kritischen, politikorientierten Ans\u00e4tze lenken den Blick auf Organisationen als interessenpluralistische Herrschaftsgebilde, in denen individuelle und kollektive Akteure ihre Interessen durchzusetzen suchen, sowie auf Diskurse und diskursive Praktiken, in deren Rahmen \u201ePersonal\u201c, Personalstrategien und Personalstrukturen unter Rekurs auf gesellschaftliche Strukturen verfertigt werden. Interessen und Ressourcen der beteiligten Akteure, Konflikte und Machtwirkungen von Managementpraktiken sind daher ebenso zentrale Analysekategorien wie die Effizienz und Effektivit\u00e4t von Praktiken und Konzepten des Personalmanagements.<\/p>\n\n\n\n<p>Thematisch befassen wir uns mit Merkmalen von Arbeit und Arbeitsverh\u00e4ltnissen (z.B. Emotionsarbeit, Dienstleistungsarbeit), mit Personalstrategien und -praktiken (z.B. Fach- und F\u00fchrungskr\u00e4ftebindung, Besch\u00e4ftigung von Personen mit Migrationshintergrund, Alter(n)smanagement) sowie mit Prozessen und Strukturen der Organisation in ihrem Zusammenhang mit sozialen Ph\u00e4nomenen und Institutionen (z.B. betriebliche Mitbestimmung, personelle Vielfalt\/Diversity und Chancengleichheit).<\/p>\n","protected":false},"excerpt":{"rendered":"<p>Die Forschung zu Arbeit, Personal und Organisation an dieser Professur ist sozialwissenschaftlich fundiert sowie interdisziplin\u00e4r und international orientiert. Theoretisch und methodisch ist die Forschung multiparadigmatisch angelegt unter Einbeziehung von Ans\u00e4tzen [&hellip;]<\/p>\n","protected":false},"author":2873,"featured_media":0,"parent":0,"menu_order":0,"comment_status":"closed","ping_status":"closed","template":"","meta":{"footnotes":""},"categories":[4,213],"tags":[],"class_list":["post-2955","page","type-page","status-publish","hentry","category-forschung","category-profil"],"_links":{"self":[{"href":"https:\/\/www.hsu-hh.de\/hrm-pol\/wp-json\/wp\/v2\/pages\/2955","targetHints":{"allow":["GET"]}}],"collection":[{"href":"https:\/\/www.hsu-hh.de\/hrm-pol\/wp-json\/wp\/v2\/pages"}],"about":[{"href":"https:\/\/www.hsu-hh.de\/hrm-pol\/wp-json\/wp\/v2\/types\/page"}],"author":[{"embeddable":true,"href":"https:\/\/www.hsu-hh.de\/hrm-pol\/wp-json\/wp\/v2\/users\/2873"}],"replies":[{"embeddable":true,"href":"https:\/\/www.hsu-hh.de\/hrm-pol\/wp-json\/wp\/v2\/comments?post=2955"}],"version-history":[{"count":1,"href":"https:\/\/www.hsu-hh.de\/hrm-pol\/wp-json\/wp\/v2\/pages\/2955\/revisions"}],"predecessor-version":[{"id":2956,"href":"https:\/\/www.hsu-hh.de\/hrm-pol\/wp-json\/wp\/v2\/pages\/2955\/revisions\/2956"}],"wp:attachment":[{"href":"https:\/\/www.hsu-hh.de\/hrm-pol\/wp-json\/wp\/v2\/media?parent=2955"}],"wp:term":[{"taxonomy":"category","embeddable":true,"href":"https:\/\/www.hsu-hh.de\/hrm-pol\/wp-json\/wp\/v2\/categories?post=2955"},{"taxonomy":"post_tag","embeddable":true,"href":"https:\/\/www.hsu-hh.de\/hrm-pol\/wp-json\/wp\/v2\/tags?post=2955"}],"curies":[{"name":"wp","href":"https:\/\/api.w.org\/{rel}","templated":true}]}}