{"id":2841,"date":"2022-02-14T11:24:16","date_gmt":"2022-02-14T10:24:16","guid":{"rendered":"https:\/\/www.hsu-hh.de\/hrm-pol\/?page_id=2841"},"modified":"2026-03-27T15:16:26","modified_gmt":"2026-03-27T14:16:26","slug":"phd-and-postdoc-projects","status":"publish","type":"page","link":"https:\/\/www.hsu-hh.de\/hrm-pol\/en\/research-2\/phd-and-postdoc-projects","title":{"rendered":"PhD and PostDoc Projects"},"content":{"rendered":"\n<h3 class=\"wp-block-heading\"><strong>(co-)supervised by <abbr title=\"Professor\">Prof.<\/abbr> <abbr title=\"Doktor\">Dr.<\/abbr> Barbara Sieben<\/strong><\/h3>\n\n\n\n<h2 class=\"wp-block-heading\">Current PhD and PostDoc projects\u00a0<\/h2>\n\n\n\n<p><strong><a href=\"https:\/\/www.hsu-hh.de\/hrm-pol\/en\/team-e\/katja-buerger\" data-type=\"page\" data-id=\"1294\"><abbr title=\"Doktor\">Dr.<\/abbr> Katja B\u00fcrger<\/a>,<\/strong> Postdoctoral Researcher and Lecturer, <abbr title=\"Helmut Schmidt Universit\u00e4t\">HSU<\/abbr><\/p>\n\n\n\n<p><strong><a href=\"https:\/\/www.hsu-hh.de\/hrm-pol\/en\/team-e\/wiebke-friess\" data-type=\"page\" data-id=\"4564\"><abbr title=\"Doktor\">Dr.<\/abbr> Wiebke Frie\u00df<\/a><\/strong>, Postdoctoral Researcher and Lecturer, <abbr title=\"Helmut Schmidt Universit\u00e4t\">HSU<\/abbr><\/p>\n\n\n\n<p><strong><a href=\"https:\/\/www.hsu-hh.de\/hrm-pol\/en\/dr-angela-kornau\"><abbr title=\"Doktor\">Dr.<\/abbr> Angela Kornau<\/a><\/strong>, Postdoctoral Researcher and Lecturer, <abbr title=\"Helmut Schmidt Universit\u00e4t\">HSU<\/abbr><\/p>\n\n\n\n<p>Multi-actor perspectives on workplace diversity, equality and inclusion with a special focus on context-specific and international comparative research questions; workplace inclusion-exclusion of refugees; inclusion-exclusion in digitalized workplaces; research paradigms in international human resource management&nbsp;<\/p>\n\n\n\n<p><strong><a href=\"https:\/\/pure.qub.ac.uk\/en\/persons\/heike-schroeder-altmann\/\" rel='nofollow'><abbr title=\"Doktor\">Dr.<\/abbr> Heike Schr\u00f6der-Altmann<\/a><\/strong>, Senior Lecturer in Human Resource Management at Queen&#8217;s Management School, Belfast&nbsp;<\/p>\n\n\n\n<p>Employment career transitions and trajectories in the context of multi-level determinants; diversity management with a focus on age, gender, parental status, and health status; institutional logics; life course theory&nbsp;<\/p>\n\n\n\n<p><strong><a href=\"https:\/\/www.hsu-hh.de\/hrm-pol\/en\/ilka-frerichs-m-sc-2\">Ilka Marie Frerichs<\/a><\/strong>, former Doctoral Researcher and Lecturer at <abbr title=\"Helmut Schmidt Universit\u00e4t\">HSU<\/abbr><\/p>\n\n\n\n<p>Paradigm plurality in corporate social responsibility research from a critical management perspective (PhD project, supervisor <abbr title=\"Professor\">Prof.<\/abbr> <abbr title=\"Doktor\">Dr.<\/abbr> Barbara Sieben)<\/p>\n\n\n\n<p><strong><a href=\"https:\/\/www.hsu-hh.de\/ivb\/rosen\/\">Lisa Marie Rosen<\/a><\/strong>, former Doctoral Researcher and Lecturer at <abbr title=\"Helmut Schmidt Universit\u00e4t\">HSU<\/abbr><\/p>\n\n\n\n<p>Diversity Policies in European Higher Education &#8211; an international comparison (PhD project, supervisors <abbr title=\"Professor\">Prof.<\/abbr> <abbr title=\"Doktor\">Dr.<\/abbr> Mechtild Gomolla and <abbr title=\"Professor\">Prof.<\/abbr> <abbr title=\"Doktor\">Dr.<\/abbr> Barbara Sieben)<\/p>\n\n\n\n<h2 class=\"wp-block-heading\">Completed doctoral theses\u00a0<\/h2>\n\n\n\n<p><strong><a href=\"https:\/\/www.hsu-hh.de\/hrm-pol\/en\/team-e\/former-staff\/dr-vanessa-s-bernauer\" data-type=\"page\" data-id=\"4691\" target=\"_blank\" rel=\"noreferrer noopener\"><abbr title=\"Doktor\">Dr.<\/abbr> Vanessa S. Bernauer<\/a><\/strong><\/p>\n\n\n\n<p>Cumulative Dissertation: Diversity and (in)equality in organizations: A critical perspective on doing differences (2024, Helmut-Schmidt-University Hamburg)<\/p>\n\n\n\n<p><a href=\"https:\/\/doi.org\/10.24405\/16418\" rel='nofollow'>https:\/\/doi.org\/10.24405\/16418<\/a><\/p>\n\n\n\n<p><strong><abbr title=\"Doktor\">Dr.<\/abbr> Isabel Collien<\/strong>&nbsp;<\/p>\n\n\n\n<p>Diversity and In_Equality in Organizations. Reflections on Detecting and Deconstructing Power and Dominance (2021, Freie Universit\u00e4t Berlin)&nbsp;<\/p>\n\n\n\n<p><a href=\"https:\/\/refubium.fu-berlin.de\/handle\/fub188\/30562\" rel='nofollow'>https:\/\/refubium.fu-berlin.de\/handle\/fub188\/30562<\/a><\/p>\n\n\n\n<p><strong><abbr title=\"Doktor\">Dr.<\/abbr> Julia Spie\u00df<\/strong>&nbsp;<\/p>\n\n\n\n<p>F\u00fchrung und Machtspiele in Ver\u00e4nderungsprozessen in kommunalen Krankenh\u00e4usern (2020, Helmut Schmidt University Hamburg)<\/p>\n\n\n\n<p>Published 2021 as OPAL Working Paper: <a href=\"https:\/\/openhsu.ub.hsu-hh.de\/handle\/10.24405\/11682\" rel='nofollow'>https:\/\/openhsu.ub.hsu-hh.de\/handle\/10.24405\/11682<\/a><\/p>\n\n\n\n<p><strong><a href=\"https:\/\/www.mvbz.fu-berlin.de\/ueber-uns\/team\/pantelmann\/index.html\" rel='nofollow'><abbr title=\"Doktor\">Dr.<\/abbr> Heike Pantelmann<\/a><\/strong><\/p>\n\n\n\n<p>Die Fabrikation der &#8222;deutschen Frau&#8220; als Humanressource im Nationalsozialismus (2019, Freie Universit\u00e4t Berlin)<\/p>\n\n\n\n<p><a href=\"https:\/\/refubium.fu-berlin.de\/handle\/fub188\/25314\" rel='nofollow'>https:\/\/refubium.fu-berlin.de\/handle\/fub188\/25314<\/a><\/p>\n\n\n\n<p><strong><a href=\"https:\/\/www.th-luebeck.de\/hochschule\/hochschulorganisation\/personalverzeichnis\/person\/daphne-reim\/\" rel='nofollow'><abbr title=\"Doktor\">Dr.<\/abbr> Daphne Reim<\/a>&nbsp;<\/strong><\/p>\n\n\n\n<p>Diversity und Diversity Management ehrenamtlich engagierter \u00e4lterer Menschen (2018, Helmut Schmidt University Hamburg)&nbsp;<\/p>\n\n\n\n<p><a href=\"https:\/\/openhsu.ub.hsu-hh.de\/handle\/10.24405\/4701\" rel='nofollow'>https:\/\/openhsu.ub.hsu-hh.de\/handle\/10.24405\/4701<\/a><\/p>\n\n\n\n<p><strong><a href=\"https:\/\/www.beuth-hochschule.de\/people\/detail\/1733\" rel='nofollow'><abbr title=\"Professor\">Prof.<\/abbr> <abbr title=\"Doktor\">Dr.<\/abbr> Katharina Gl\u00e4sener<\/a>&nbsp;<\/strong><\/p>\n\n\n\n<p>Macht und Mikropolitik in multilingualen Teams. Sprachkompetenz als Machtquelle und dynamische Machtungleichgewichte in multinationalen Unternehmen (2017, University of Hamburg)<\/p>\n\n\n\n<p>Published 2019 in the book series \u201eBetriebliche Personalpolitik\u201c: <a href=\"https:\/\/www.springer.com\/de\/book\/9783658238285\" rel='nofollow'>https:\/\/www.springer.com\/de\/book\/9783658238285<\/a>&nbsp;<\/p>\n\n\n\n<p><strong><abbr title=\"Doktor\">Dr.<\/abbr> Eva K\u00f6ppen<\/strong>&nbsp;<\/p>\n\n\n\n<p>Empathy by Design. Untersuchung einer Empathie-geleiteten Reorganisation der Arbeitsweise (2015, Freie Universit\u00e4t Berlin)<\/p>\n\n\n\n<p>Published 2016 at Halem: <a href=\"https:\/\/www.halem-verlag.de\/empathy-by-design\/\" rel='nofollow'>https:\/\/www.halem-verlag.de\/empathy-by-design\/<\/a><\/p>\n\n\n\n<p><strong><a href=\"https:\/\/www.hsu-hh.de\/hrm-pol\/en\/dr-angela-kornau\"><abbr title=\"Doktor\">Dr.<\/abbr> Angela Kornau<\/a>&nbsp;<\/strong><\/p>\n\n\n\n<p>Women\u2019s underrepresentation in management positions in the corporate world: Gendered human resource management practices and female coping patterns (2014, ECSP Europe Business School Berlin)<\/p>\n\n\n\n<p><a href=\"http:\/\/opus.escpeurope.de\/opus4\/frontdoor\/index\/index\/docId\/14\" rel='nofollow'>http:\/\/opus.escpeurope.de\/opus4\/frontdoor\/index\/index\/docId\/14<\/a>&nbsp;<\/p>\n\n\n\n<p><strong><abbr title=\"Doktor\">Dr.<\/abbr> Anna Mucha&nbsp;<\/strong><\/p>\n\n\n\n<p>Strategische Positionierung im nicht-habitualisierten Feld. Die mikropolitische Situation von Frauen im technisch-ingenieurwissenschaftlichen Beruf (2014, University of Hamburg)<\/p>\n\n\n\n<p>Published 2014 in the book series \u201eArbeit, Organisation und Geschlecht in Wirtschaft und Gesellschaft\u201c: <a href=\"https:\/\/doi.org\/10.5771\/9783845258089_1\" rel='nofollow'>https:\/\/doi.org\/10.5771\/9783845258089_1<\/a><\/p>\n\n\n\n<p>Awarded with the <a href=\"https:\/\/efas.htw-berlin.de\/index.php\/nachwuchsfoerderpreis\/preistraegerinnen\/\" rel='nofollow'><em>efas<\/em> Prize for Young Scholars<\/a> 2014&nbsp;<\/p>\n\n\n\n<p><strong><abbr title=\"Doktor\">Dr.<\/abbr> Daniel Haussmann&nbsp;<\/strong><\/p>\n\n\n\n<p>Pfadbruch im Diskurs: Eine Untersuchung institutionellen Wandels am Beispiel der Elektrifizierung des US-Automobilfeldes (2014, Freie Universit\u00e4t Berlin)<\/p>\n\n\n\n<p><a href=\"https:\/\/refubium.fu-berlin.de\/handle\/fub188\/11115\" rel='nofollow'>https:\/\/refubium.fu-berlin.de\/handle\/fub188\/11115<\/a><\/p>\n\n\n\n<p><strong><a href=\"https:\/\/www.hs-koblenz.com\/profile\/sander\" rel='nofollow'><abbr title=\"Professor\">Prof.<\/abbr> <abbr title=\"Doktor\">Dr.<\/abbr> Evelina Sander<\/a>&nbsp;&nbsp;<\/strong><\/p>\n\n\n\n<p>Von der \u201ezerzausten Wettertanne\u201c zum \u201eDemographie-D\u00f6ner\u201c: Zur diskursiven Konstruktion des demographischen Wandels im Personalfeld (2013, Freie Universit\u00e4t Berlin)<\/p>\n\n\n\n<p>Published 2016 in the book series \u201eBetriebliche Personalpolitik\u201c: <a href=\"https:\/\/www.springer.com\/de\/book\/9783658122829\" rel='nofollow'>https:\/\/www.springer.com\/de\/book\/9783658122829<\/a>&nbsp;<\/p>\n\n\n\n<p><strong><abbr title=\"Doktor\">Dr.<\/abbr> Nicole Bornheim-Gallmeister<\/strong><\/p>\n\n\n\n<p>Positive Emotionen in der Arbeitswelt. Eine vergleichende Untersuchung \u00fcber das Verh\u00e4ltnis von Rahmenbedingungen und Arbeitserleben in der station\u00e4ren Altenpflege (2013, University of Bremen)<\/p>\n\n\n\n<p><a href=\"https:\/\/media.suub.uni-bremen.de\/handle\/elib\/1010\" rel='nofollow'>https:\/\/media.suub.uni-bremen.de\/handle\/elib\/1010<\/a><\/p>\n\n\n\n<p><strong><a href=\"https:\/\/www.timobraun.com\/\" rel='nofollow'><abbr title=\"Professor\">Prof.<\/abbr> <abbr title=\"Doktor\">Dr.<\/abbr> Timo Braun<\/a>&nbsp;<\/strong><\/p>\n\n\n\n<p>Kooperatives Verhalten in interorganisationalen Projekten \u2013 Eine konzeptionelle und empirische Weiterentwicklung des OCB-Ansatzes (2013, Freie Universit\u00e4t Berlin)<\/p>\n\n\n\n<p>Published 2013 in the Edition KWV: <a href=\"https:\/\/www.springer.com\/de\/book\/9783658227395\" rel='nofollow'>https:\/\/www.springer.com\/de\/book\/9783658227395<\/a>&nbsp;<\/p>\n\n\n\n<p>Awarded with the German study award for project management 2013&nbsp;<\/p>\n\n\n\n<p><a href=\"https:\/\/www.berlin-professional-school.de\/executive-education\/zertifikatsprogramme\/strategische-kompetenz-fuer-frauen-in-aufsichtsraeten\/\" rel='nofollow'><strong><abbr title=\"Doktor\">Dr.<\/abbr> Philine Erfurt Sandhu<\/strong><\/a>&nbsp;<\/p>\n\n\n\n<p>Persistent Homogeneity in Top Management: Organizational path dependence in leadership selection (2012, Freie Universit\u00e4t Berlin)&nbsp;<br><a href=\"https:\/\/refubium.fu-berlin.de\/handle\/fub188\/12821\" rel='nofollow'>https:\/\/refubium.fu-berlin.de\/handle\/fub188\/12821<\/a><\/p>\n\n\n\n<p>Published 2014 with the title \u201eSelektionspfade im Topmanagement. Homogenisierungsprozesse in Organisationen\u201c in the book series \u201eBetriebliche Personalpolitik\u201c: <a href=\"https:\/\/www.springer.com\/de\/book\/9783658060145\" rel='nofollow'>https:\/\/www.springer.com\/de\/book\/9783658060145 <\/a><\/p>\n\n\n\n<p>Awarded with the <a href=\"https:\/\/efas.htw-berlin.de\/wp-content\/uploads\/efas_preis_en.pdf\" rel='nofollow'><em>efas<\/em> Prize for Young Scholars<\/a> 2013<\/p>\n\n\n\n<p><strong><abbr title=\"Doktor\">Dr.<\/abbr> Nicolas Rohde<\/strong>&nbsp;<\/p>\n\n\n\n<p>Disliked Practices. An empirical study on the Reverse Side of Organizational Practices (2010, Freie Universit\u00e4t Berlin)<\/p>\n\n\n\n<p>Published 2010 in the book series \u201cPersonal, Organisation und Arbeitsbeziehungen\u201c&nbsp;<\/p>\n\n\n\n<p><strong><abbr title=\"Doktor\">Dr.<\/abbr> Anja Lindau<\/strong>&nbsp;<\/p>\n\n\n\n<p>Diversity in Organisationen \u2013 Identit\u00e4ten in Interaktion (2010, Freie Universit\u00e4t Berlin)<\/p>\n\n\n\n<p>Published 2011 with the title \u201eVerhandelte Vielfalt: Die Konstruktion von Diversity in Organisationen\u201c in the book series \u201eBetriebliche Personalpolitik\u201c: <a href=\"https:\/\/www.springer.com\/de\/book\/9783834926012\" rel='nofollow'>https:\/\/www.springer.com\/de\/book\/9783834926012<\/a>&nbsp;<\/p>\n\n\n\n<p><\/p>\n","protected":false},"excerpt":{"rendered":"<p>(co-)supervised by Prof. Dr. Barbara Sieben Current PhD and PostDoc projects\u00a0 Dr. Katja B\u00fcrger, Postdoctoral Researcher and Lecturer, HSU Dr. Wiebke Frie\u00df, Postdoctoral Researcher and Lecturer, HSU Dr. Angela Kornau, [&hellip;]<\/p>\n","protected":false},"author":2873,"featured_media":0,"parent":2789,"menu_order":0,"comment_status":"closed","ping_status":"closed","template":"","meta":{"footnotes":""},"categories":[229,7],"tags":[],"class_list":["post-2841","page","type-page","status-publish","hentry","category-phd-and-postdoc-projects","category-research"],"_links":{"self":[{"href":"https:\/\/www.hsu-hh.de\/hrm-pol\/wp-json\/wp\/v2\/pages\/2841","targetHints":{"allow":["GET"]}}],"collection":[{"href":"https:\/\/www.hsu-hh.de\/hrm-pol\/wp-json\/wp\/v2\/pages"}],"about":[{"href":"https:\/\/www.hsu-hh.de\/hrm-pol\/wp-json\/wp\/v2\/types\/page"}],"author":[{"embeddable":true,"href":"https:\/\/www.hsu-hh.de\/hrm-pol\/wp-json\/wp\/v2\/users\/2873"}],"replies":[{"embeddable":true,"href":"https:\/\/www.hsu-hh.de\/hrm-pol\/wp-json\/wp\/v2\/comments?post=2841"}],"version-history":[{"count":33,"href":"https:\/\/www.hsu-hh.de\/hrm-pol\/wp-json\/wp\/v2\/pages\/2841\/revisions"}],"predecessor-version":[{"id":5368,"href":"https:\/\/www.hsu-hh.de\/hrm-pol\/wp-json\/wp\/v2\/pages\/2841\/revisions\/5368"}],"up":[{"embeddable":true,"href":"https:\/\/www.hsu-hh.de\/hrm-pol\/wp-json\/wp\/v2\/pages\/2789"}],"wp:attachment":[{"href":"https:\/\/www.hsu-hh.de\/hrm-pol\/wp-json\/wp\/v2\/media?parent=2841"}],"wp:term":[{"taxonomy":"category","embeddable":true,"href":"https:\/\/www.hsu-hh.de\/hrm-pol\/wp-json\/wp\/v2\/categories?post=2841"},{"taxonomy":"post_tag","embeddable":true,"href":"https:\/\/www.hsu-hh.de\/hrm-pol\/wp-json\/wp\/v2\/tags?post=2841"}],"curies":[{"name":"wp","href":"https:\/\/api.w.org\/{rel}","templated":true}]}}