{"id":2294,"date":"2021-06-11T11:49:22","date_gmt":"2021-06-11T09:49:22","guid":{"rendered":"https:\/\/www.hsu-hh.de\/hrm-pol\/?page_id=2294"},"modified":"2022-08-21T17:07:32","modified_gmt":"2022-08-21T15:07:32","slug":"kritische-analysen-der-managementforschung-zu-gender-und-diversity","status":"publish","type":"page","link":"https:\/\/www.hsu-hh.de\/hrm-pol\/forschung\/forschungsprojekte\/paradigmenvielfalt-und-kritische-perspektiven\/kritische-analysen-der-managementforschung-zu-gender-und-diversity","title":{"rendered":"Kritische Analysen der Managementforschung zu Gender und Diversity"},"content":{"rendered":"<p>F\u00fcr ihren \u00dcberblick zu\u00a0Diversity\u00a0Management und Personalforschung\u00a0konzeptualisierten\u00a0Gertraude Krell und Barbara Sieben (2007)\u00a0die von Personalforschenden eingenommenen Perspektiven als Kompass der\u00a0Diversityforschung.\u00a0Ankn\u00fcpfend an fr\u00fchere Bestandsaufnahmen von\u00a0Gertraude Krell\u00a0zu\u00a0Gender und\u00a0Diversity\u00a0als Thema der betriebswirtschaftlichen\u00a0Forschung und Lehre starteten\u00a0Barbara Sieben und Daniela Rastetter\u00a0ein Projekt zur Managementforschung zu Gender und\u00a0Diversity\u00a0(G&amp;D) im deutschsprachigen Raum. Zun\u00e4chst analysierten sie die Thematisierung von\u00a0Diversity\u00a0Management in Mainstream-<abbr title=\"Betriebswirtschaftslehre\">BWL<\/abbr>-Zeitschriften, die im betrachteten Zeitraum als eher marginal und \u00fcberwiegend funktionalistisch gekennzeichnet werden kann.\u00a0In einer anschlie\u00dfenden\u00a0Bestandsaufnahme der Publikationen zu Gender und\u00a0Diversity\u00a0(G&amp;D)\u00a0von Mitgliedern der VHB-Kommissionen Personal und Organisation\u00a0fanden sich einerseits recht viele Lehrst\u00fchle mit G&amp;D-Publikationen (50% von 294), andererseits war der Gro\u00dfteil der G&amp;D-Publikationen auf einige wenige Lehrst\u00fchle konzentriert.\u00a0Auf Basis des\u00a0Diversity-Kompasses untersuchten\u00a0Sieben und Rastetter\u00a0(2017)\u00a0zudem in einem Sample von\u00a0peer-reviewed\u00a0Artikeln\u00a0die Perspektiven, die Personal- und Organisationsforschende auf Gender und andere\u00a0Diversity-Dimensionen einnehmen, und\u00a0fanden im Ergebnis nur relativ wenige kritische Forschungszug\u00e4nge.\u00a0In\u00a0einem n\u00e4chsten Schritt f\u00fchrten sie Interviews mit\u00a0einigen\u00a0der identifizierten\u00a0\u201cG&amp;D\u00a0Champions\u201d\u00a0um Interessen, Ressourcen und Machtspiele in der politischen Arena der G&amp;D-Managementforschung im deutschsprachigen Raum zu analysieren.<\/p>\n<p><strong>Ausgew\u00e4hlte Beitr\u00e4ge:<\/strong><\/p>\n<p>Sieben, B., &amp; Rastetter, D. (2018). Mapping management research on gender and diversity as a political arena: Interests, resources and power plays in German speaking countries. <em>34th European Group for Organizational Studies (EGOS) Colloquium<\/em>, Tallinn.<\/p>\n<p>Sieben, B., &amp; Rastetter, D. (2017). Management research on gender and diversity in German-speaking countries: A stock-taking. <em>Zeitschrift f\u00fcr Diversit\u00e4tsforschung und-management, 2<\/em>(2), 8-23. <a href=\"https:\/\/doi.org\/10.3224\/zdfm.v2i2.02\" rel='nofollow'>https:\/\/doi.org\/10.3224\/zdfm.v2i2.02<\/a><\/p>\n<p>Rastetter, D. &amp; Sieben, B. (2015). Beitr\u00e4ge zu Diversity Management in <abbr title=\"Betriebswirtschaftslehre\">BWL<\/abbr>-Zeitschriften \u2013 Themen und Perspektiven. In E. Hanappi-Egger, &amp; R. Bendl (<abbr title=\"Herausgeber\">Hrsg.<\/abbr>), <em>Diversit\u00e4t, Diversifizierung und (Ent)Solidarisierung. Eine Standortbestimmung der Diversit\u00e4tsforschung im deutschen Sprachraum<\/em> (S. 127-148). Springer. <a href=\"https:\/\/doi.org\/10.1007\/978-3-658-08606-0_7\" rel='nofollow'>https:\/\/doi.org\/10.1007\/978-3-658-08606-0_7\u00a0<\/a><\/p>\n<p>Krell, G., &amp; Sieben, B. (2007). Diversity Management und Personalforschung. In G. Krell, B. Riedm\u00fcller, B. Sieben, &amp; D. Vinz (<abbr title=\"Herausgeber\">Hrsg.<\/abbr>),<em> Diversity Studies. Grundlagen und disziplin\u00e4re Ans\u00e4tze<\/em> (S. 235-254). Campus.<\/p>\n","protected":false},"excerpt":{"rendered":"<p>F\u00fcr ihren \u00dcberblick zu\u00a0Diversity\u00a0Management und Personalforschung\u00a0konzeptualisierten\u00a0Gertraude Krell und Barbara Sieben (2007)\u00a0die von Personalforschenden eingenommenen Perspektiven als Kompass der\u00a0Diversityforschung.\u00a0Ankn\u00fcpfend an fr\u00fchere Bestandsaufnahmen von\u00a0Gertraude Krell\u00a0zu\u00a0Gender und\u00a0Diversity\u00a0als Thema der betriebswirtschaftlichen\u00a0Forschung und Lehre starteten\u00a0Barbara [&hellip;]<\/p>\n","protected":false},"author":2873,"featured_media":0,"parent":2238,"menu_order":0,"comment_status":"closed","ping_status":"closed","template":"","meta":{"footnotes":""},"categories":[4,211,203],"tags":[],"class_list":["post-2294","page","type-page","status-publish","hentry","category-forschung","category-paradigmenvielfalt-der-managementforschung-und-kritische-perspektiven","category-projekte"],"_links":{"self":[{"href":"https:\/\/www.hsu-hh.de\/hrm-pol\/wp-json\/wp\/v2\/pages\/2294","targetHints":{"allow":["GET"]}}],"collection":[{"href":"https:\/\/www.hsu-hh.de\/hrm-pol\/wp-json\/wp\/v2\/pages"}],"about":[{"href":"https:\/\/www.hsu-hh.de\/hrm-pol\/wp-json\/wp\/v2\/types\/page"}],"author":[{"embeddable":true,"href":"https:\/\/www.hsu-hh.de\/hrm-pol\/wp-json\/wp\/v2\/users\/2873"}],"replies":[{"embeddable":true,"href":"https:\/\/www.hsu-hh.de\/hrm-pol\/wp-json\/wp\/v2\/comments?post=2294"}],"version-history":[{"count":5,"href":"https:\/\/www.hsu-hh.de\/hrm-pol\/wp-json\/wp\/v2\/pages\/2294\/revisions"}],"predecessor-version":[{"id":3439,"href":"https:\/\/www.hsu-hh.de\/hrm-pol\/wp-json\/wp\/v2\/pages\/2294\/revisions\/3439"}],"up":[{"embeddable":true,"href":"https:\/\/www.hsu-hh.de\/hrm-pol\/wp-json\/wp\/v2\/pages\/2238"}],"wp:attachment":[{"href":"https:\/\/www.hsu-hh.de\/hrm-pol\/wp-json\/wp\/v2\/media?parent=2294"}],"wp:term":[{"taxonomy":"category","embeddable":true,"href":"https:\/\/www.hsu-hh.de\/hrm-pol\/wp-json\/wp\/v2\/categories?post=2294"},{"taxonomy":"post_tag","embeddable":true,"href":"https:\/\/www.hsu-hh.de\/hrm-pol\/wp-json\/wp\/v2\/tags?post=2294"}],"curies":[{"name":"wp","href":"https:\/\/api.w.org\/{rel}","templated":true}]}}