{"id":2144,"date":"2021-06-11T11:46:27","date_gmt":"2021-06-11T09:46:27","guid":{"rendered":"https:\/\/www.hsu-hh.de\/hrm-pol\/?page_id=2144"},"modified":"2022-08-21T18:11:14","modified_gmt":"2022-08-21T16:11:14","slug":"age-work-in-organisationen-diskursive-praktiken-der-de-legitimierung-von-altersungleichheiten","status":"publish","type":"page","link":"https:\/\/www.hsu-hh.de\/hrm-pol\/forschung\/forschungsprojekte\/gender-diversity-intersektionalitaet-und-personalpraktiken\/age-work-in-organisationen-diskursive-praktiken-der-de-legitimierung-von-altersungleichheiten","title":{"rendered":"Age work in Organisationen: Diskursive Praktiken der (De-)Legitimierung von Altersungleichheiten"},"content":{"rendered":"<p>Mit dem Konzept von Age Work beziehen wir Forschungsliteratur zu Altersstereotypen, Altersdiskursen und Alternsmanagement auf das Konzept der Institutional Work. Als Age Work bezeichnen wir die diskursiven Praktiken, mit denen organisationale Akteur:innen ihre Interessen verfolgen und Altersungleichheiten (de)legitimieren. In theoretischer Hinsicht bringt das Konzept individuelle Handlungsf\u00e4higkeit in die Betrachtung verflochtener Makro- und Mikroebenen-Diskurse und Praktiken ein und hilft zu erkl\u00e4ren, warum Altersungleichheiten in Organisationen trotz gegenteiliger Bem\u00fchungen oftmals fortbestehen. Der empirische Fallstudienzugang mit Multi-Akteurs-Perspektive umfasst vier deutsche Organisationen verschiedener Sektoren, die f\u00fcr ihr proaktives Altersmanagement bekannt sind. Die Analyse hat ein kontraintuitives Ergebnis: Die rhetorische Dekonstruktion von (negativen) Altersstereotypen f\u00fchrt nicht unbedingt zum Abbau von Altersungleichheiten, sondern kann zu deren Verschleierung beitragen. Umgekehrt bedeutet ein Bezug auf Altersstereotype nicht zwangsl\u00e4ufig, dass damit Altersungleichheiten bzgl. Entgelt oder Bef\u00f6rderung legitimiert werden. Die intersektionale Analyse der Rede von \u00e4lteren Besch\u00e4ftigten zeigt zudem, dass die von uns kategorisierten Formen von Age Work je kontextspezifisch mit Erwartungen zu Job- und Einkommens(un)sicherheit sowie Geschlechterrollen zusammenh\u00e4ngen \u2013 oder anders gewendet, dass Altersungleichheiten mit anderen Systemen von Machtverh\u00e4ltnissen interagieren.<\/p>\n<hr \/>\n<p><strong>Ausgew\u00e4hlte Beitr\u00e4ge: <\/strong><\/p>\n<p>Collien, I., Sieben, B., &amp; M\u00fcller-Camen, M. (2016). Age work in organizations: Maintaining and disrupting institutionalized understandings of higher age. <em>British Journal of Management, 27<\/em>, 778-795. <a href=\"https:\/\/doi.org\/10.1111\/1467-8551.12198\" rel='nofollow'>https:\/\/doi.org\/10.1111\/1467-8551.12198\u00a0<\/a><\/p>\n\n\n<p><\/p>\n\n\n\n<p><\/p>\n","protected":false},"excerpt":{"rendered":"<p>Mit dem Konzept von Age Work beziehen wir Forschungsliteratur zu Altersstereotypen, Altersdiskursen und Alternsmanagement auf das Konzept der Institutional Work. Als Age Work bezeichnen wir die diskursiven Praktiken, mit denen [&hellip;]<\/p>\n","protected":false},"author":2869,"featured_media":0,"parent":2243,"menu_order":0,"comment_status":"closed","ping_status":"closed","template":"","meta":{"footnotes":""},"categories":[4,209,203],"tags":[],"class_list":["post-2144","page","type-page","status-publish","hentry","category-forschung","category-gender-diversity-intersektionalitaet-und-personalpraktiken","category-projekte"],"_links":{"self":[{"href":"https:\/\/www.hsu-hh.de\/hrm-pol\/wp-json\/wp\/v2\/pages\/2144","targetHints":{"allow":["GET"]}}],"collection":[{"href":"https:\/\/www.hsu-hh.de\/hrm-pol\/wp-json\/wp\/v2\/pages"}],"about":[{"href":"https:\/\/www.hsu-hh.de\/hrm-pol\/wp-json\/wp\/v2\/types\/page"}],"author":[{"embeddable":true,"href":"https:\/\/www.hsu-hh.de\/hrm-pol\/wp-json\/wp\/v2\/users\/2869"}],"replies":[{"embeddable":true,"href":"https:\/\/www.hsu-hh.de\/hrm-pol\/wp-json\/wp\/v2\/comments?post=2144"}],"version-history":[{"count":4,"href":"https:\/\/www.hsu-hh.de\/hrm-pol\/wp-json\/wp\/v2\/pages\/2144\/revisions"}],"predecessor-version":[{"id":3459,"href":"https:\/\/www.hsu-hh.de\/hrm-pol\/wp-json\/wp\/v2\/pages\/2144\/revisions\/3459"}],"up":[{"embeddable":true,"href":"https:\/\/www.hsu-hh.de\/hrm-pol\/wp-json\/wp\/v2\/pages\/2243"}],"wp:attachment":[{"href":"https:\/\/www.hsu-hh.de\/hrm-pol\/wp-json\/wp\/v2\/media?parent=2144"}],"wp:term":[{"taxonomy":"category","embeddable":true,"href":"https:\/\/www.hsu-hh.de\/hrm-pol\/wp-json\/wp\/v2\/categories?post=2144"},{"taxonomy":"post_tag","embeddable":true,"href":"https:\/\/www.hsu-hh.de\/hrm-pol\/wp-json\/wp\/v2\/tags?post=2144"}],"curies":[{"name":"wp","href":"https:\/\/api.w.org\/{rel}","templated":true}]}}