{"id":2039,"date":"2021-06-11T11:39:48","date_gmt":"2021-06-11T09:39:48","guid":{"rendered":"https:\/\/www.hsu-hh.de\/hrm-pol\/?page_id=2039"},"modified":"2026-03-28T15:36:29","modified_gmt":"2026-03-28T14:36:29","slug":"chancengleichheit-diversitaet-und-inklusion-in-gastgewerbe-und-tourismus","status":"publish","type":"page","link":"https:\/\/www.hsu-hh.de\/hrm-pol\/forschung\/forschungsprojekte\/kontexte-von-chancengleichheit-diversitaet-und-inklusion-in-organisationen\/chancengleichheit-diversitaet-und-inklusion-in-gastgewerbe-und-tourismus","title":{"rendered":"Chancengleichheit, Diversit\u00e4t und Inklusion in Gastgewerbe und Tourismus\u00a0"},"content":{"rendered":"<p>Barbara Sieben und Vanessa S. Bernauer arbeiten zu diesem Themenfeld in verschiedenen Konstellationen mit Kolleg*innen zusammen. Ein erstes Projekt war eine konzeptionelle Analyse der \u201eParadoxien von Luxusarbeit\u201c (Sieben, &amp; Haunschild, 2012), die aus den Schattenseiten der Arbeitsbedingungen im Luxusservice-Segment erwachsen. Auf Basis von Interviews mit Dienstleistenden und G\u00e4sten in 4-Sterne-Hotels sowie im First-Class-Service im Flugverkehr analysiert Vanessa S. Bernauer gemeinsam mit Barbara Sieben und Axel Haunschild (Universit\u00e4t Hannover) die Rolle von Emotionsarbeit und Geschlechtszuschreibungen f\u00fcr diese Paradoxien (Bernauer et al., 2017) sowie das Erleben von Klassenunterschieden in Service-Interaktionen (Bernauer et al., 2022). Auf dieser Basis entwickeln die Autor:innen das Konzept der &#8222;gendered class work&#8220; (Bernauer et al., 2023; Sieben et al., 2025), mit dem sie die Reproduktion von Ungleichheiten bei Interaktionsarbeit im Luxussegment erkl\u00e4ren. Aus kritischer Managementperspektive beleuchtet das Konzept den stark gegenderten Charakter von Class Work in Luxusservice-Interaktionen und konzeptualisiert intersektionale Muster der Inszenierung und Reproduktion von Statusunterschieden zwischen Kund*innen und Besch\u00e4ftigten in der Luxusservice-Branche.\u00a0\u00a0 \u00a0<\/p>\n<p>Gemeinsam mit Abhishek Bhati und K. Thirumaran (JCU Singapur) erweitert Vanessa S. Bernauer die Perspektive auf Chancengerechtigkeit f\u00fcr weitere Dienstleistende in Gastgewerbe und Tourismus. Um \u00fcber die Erforschung sozialer Ungleichheiten in diesem Sektor zu diskutieren sowie \u00fcber die M\u00f6glichkeiten Chancengleichheit zu f\u00f6rdern, brachten sie bei dem 80th Annual Meeting der Academy of Management die Panelists Jean Helms Mills, Albert J. Mills, Dennis Nickson, Renate Ortlieb, Anna Schneider und Chris Warhurst zu einem Professional Development Workshop zusammen (Bernauer et al., 2020). Zudem gaben sie ein Special Issue zu diesem Thema in der Zeitschrift <em>Equality, Diversity and Inclusion<\/em> heraus (Bernauer et al., 2023). Dar\u00fcber hinaus befasste sich Vanessa S. Bernauer gemeinsam mit Nellie Swart (University of South Africa) und K. Thirumaran eingehender mit dem Thema Entrepreneurship von Frauen in Gastgewerbe und Tourismus (Swart et al., 2024a, b).<\/p>\n\n\n<hr class=\"wp-block-separator has-css-opacity\" \/>\n\n\n<p><strong>Ausgew\u00e4hlte Beitr\u00e4ge:<\/strong><\/p>\n<p>Sieben, B., Bernauer, V. S., &amp; Haunschild, A. (2025). Gendered class work. In J. Helms Mills, A. J. Mills, K. S. Williams, &amp; R. Bendl (Eds.), <em>Elgar encyclopedia on gender and management<\/em> (pp. 216-17). Elgar. https:\/\/doi.org\/10.4337\/9781803922065<\/p>\n<p>Swart, M. P., Bernauer, V. S., &amp; Thirumaran, K. (2024b). Women\u2019s education in tourism entrepreneurship. Trends and issues emerging from Africa. In A. M. Morrison, &amp; D. Buhalis (Eds.), <em>Routledge handbook of trends and issues in tourism. Sustainability, planning and development, management, and technology<\/em>\u00a0(pp. 220-231). Routledge.\u00a0<a href=\"https:\/\/doi.org\/10.4324\/9781003291763-22\" rel='nofollow'>https:\/\/doi.org\/10.4324\/9781003291763-22<\/a><\/p>\n<p>Swart, M. P., Bernauer, V. S., &amp; Thirumaran, K. (2024a). Women\u2019s entrepreneurship in the hospitality and tourism industry: A systematic literature review and future research directions. In M. P. Swart, W. Cai, E. C. L. Yang, &amp; A. N. Kimbu (Eds.), <em>Routledge handbook on gender in tourism. Views on teaching, research and praxis<\/em>\u00a0(pp. 270-288). Routledge.\u00a0https:\/\/doi.org\/10.4324\/9781003286721-24<\/p>\n<p>Bernauer, V. S. (2023). Reflections on the evolution of a long-term study of airline cultures: An interview with Albert J. Mills and Jean Helms Mills.\u00a0<em>Equality, Diversity and Inclusion: An International Journal, 42<\/em>(4), 469-479.\u00a0https:\/\/doi.org\/10.1108\/EDI-09-2021-0237\u00a0<\/p>\n<p>Bernauer, V. S., Bhati, A., &amp; Thirumaran, K (2023). Guest editorial: (In)equalities in hospitality and tourism \u2013 Exploring diversity and equity issues.\u00a0<em>Equality, Diversity and Inclusion: An International Journal, 42<\/em>(4), 465-468.\u00a0https:\/\/doi.org\/10.1108\/EDI-05-2023-378<\/p>\n<p>Bernauer, V. S., Sieben, B., &amp; Haunschild, A. (2023). \u201cYou can call me Susan!\u201d Doing gendered-class work in luxury service encounters.\u00a0<em>Equality, Diversity and Inclusion: An International Journal, 42<\/em>(4), 494-511.\u00a0https:\/\/doi.org\/10.1108\/EDI-10-2021-0272\u00a0<\/p>\n<p>Bernauer, V. S., Bhati, A., &amp; Thirumaran, K. (2020). Professional Development Workshop (PDW): Equity issues in hospitality &amp; tourism (H&amp;T). Exploring (in)equalities. 80th <em>Annual Meeting of the Academy of Management (AOM)<\/em>, Vancouver (virtuell).<a href=\"https:\/\/my.aom.org\/Program2020V\/\" rel='nofollow'> https:\/\/my.aom.org\/Program2020V\/<\/a> &gt; Program Session: 449<\/p>\n<p>Klarsfeld, A., Rajendran, D., Benschop, Y., Bernauer, V., Dahanayake, P., Mahalingam, R., Merriweather Woodson, T.J., Nkomo, S.M., Rodriguez, J.K., Van Den Brink, M.C.L., Verloo, M., &amp; Woods, D. (2019). Exploring the relationship between intersectionality and inclusion: A research agenda.<em> Academy of Management Proceedings<\/em>. <a href=\"https:\/\/doi.org\/10.5465\/AMBPP.2019.14145symposium\" rel='nofollow'>https:\/\/doi.org\/10.5465\/AMBPP.2019.14145symposium <\/a><a><img decoding=\"async\" class=\"citavipicker\" style=\"border: 0px none!important;width: 16px!important;height: 16px!important;margin-left: 1px !important;margin-right: 1px !important\" title=\"Titel anhand dieser DOI in Citavi-Projekt \u00fcbernehmen\" src=\"image\/svg+xml;base64,PD94bWwgdmVyc2lvbj0iMS4wIiBlbmNvZGluZz0idXRmLTgiPz48IURPQ1RZUEUgc3ZnIFBVQkxJQyAiLS8vVzNDLy9EVEQgU1ZHIDEuMS8vRU4iICJodHRwOi8vd3d3LnczLm9yZy9HcmFwaGljcy9TVkcvMS4xL0RURC9zdmcxMS5kdGQiPjxzdmcgdmVyc2lvbj0iMS4xIiBpZD0iRWJlbmVfMSIgeG1sbnM9Imh0dHA6Ly93d3cudzMub3JnLzIwMDAvc3ZnIiB4bWxuczp4bGluaz0iaHR0cDovL3d3dy53My5vcmcvMTk5OS94bGluayIgeD0iMHB4IiB5PSIwcHgiIHdpZHRoPSIxNnB4IiBoZWlnaHQ9IjE2cHgiIHZpZXdCb3g9IjAgMCAxNiAxNiIgZW5hYmxlLWJhY2tncm91bmQ9Im5ldyAwIDAgMTYgMTYiIHhtbDpzcGFjZT0icHJlc2VydmUiPjxnPjxnPjxwYXRoIGZpbGw9IiNGRkZGRkYiIGQ9Ik04LjAwMSwxNS41QzMuODY0LDE1LjUsMC41LDEyLjEzNiwwLjUsOGMwLTQuMTM1LDMuMzY1LTcuNSw3LjUwMS03LjVTMTUuNSwzLjg2NCwxNS41LDhTMTIuMTM3LDE1LjUsOC4wMDEsMTUuNXoiLz48cGF0aCBmaWxsPSIjRDUyQjFFIiBkPSJNOC4wMDEsMUMxMS44NiwxLDE1LDQuMTQxLDE1LDhzLTMuMTM5LDctNi45OTksN0M0LjE0LDE1LDEsMTEuODU5LDEsOFM0LjE0LDEsOC4wMDEsMSBNOC4wMDEsMEMzLjU4MiwwLDAsMy41ODIsMCw4czMuNTgyLDgsOC4wMDEsOEMxMi40MTgsMTYsMTYsMTIuNDE4LDE2LDhTMTIuNDE4LDAsOC4wMDEsMEw4LjAwMSwweiIvPjwvZz48cGF0aCBmaWxsPSIjRDUyQjFFIiBkPSJNNi43NDUsMTIuNTg5Yy0wLjIyNywwLjEyMi0wLjQ5NywwLjI0Ny0wLjY4NCwwLjI0N2MtMC4zMTgsMC0wLjUwMS0wLjE2NC0wLjUwMS0wLjQ1MmMwLTAuMjA3LDAuMTQtMC4zNzUsMC41OTUtMC42MjJjMS41NDktMC45MDQsMi41OTQtMi4yNzIsMi41OTQtMy43MjFjMC0wLjgyNS0wLjIyNy0xLjExOS0wLjY4MS0xLjExOWMtMC4xMzUsMC0wLjMyLDAuMjE5LTAuNjM2LDAuMjE5SDcuMTU3QzYuMTAyLDcuMTQzLDUuMzMzLDYuMjY0LDUuMzMzLDUuMjNjMC0xLjE1MiwwLjk1OC0yLjAwNiwyLjI4LTIuMDA2YzEuNzc3LDAsMy4wNTMsMS4zNzMsMy4wNTMsMy40M0MxMC42NjYsOS4yMTUsOS4yMDMsMTEuMjcsNi43NDUsMTIuNTg5Ii8+PC9nPjwvc3ZnPg\" \/><\/a><a href=\"https:\/\/doi.org\/10.5465\/AMBPP.2019.14145symposium\" rel='nofollow'>\u00a0\u00a0<\/a><\/p>\n<p>Bernauer, V., Sieben, B., &amp; Haunschild, A. (2017). Dienstleistungsarbeit im Luxussegment: Die Rolle von Emotionen, Schichtzugeh\u00f6rigkeit und Geschlecht [Service Work in the luxury sector: The role of emotions, social class and gender]. <em>Zeitschrift f\u00fcr Diversit\u00e4tsforschung und -management, 2<\/em>(1), 77-81. <a href=\"https:\/\/doi.org\/10.3224\/zdfm.v2i1.11\" rel='nofollow'>https:\/\/doi.org\/10.3224\/zdfm.v2i1.11 <\/a><a><img decoding=\"async\" class=\"citavipicker\" style=\"border: 0px none!important;width: 16px!important;height: 16px!important;margin-left: 1px !important;margin-right: 1px !important\" title=\"Titel anhand dieser DOI in Citavi-Projekt \u00fcbernehmen\" src=\"image\/svg+xml;base64,PD94bWwgdmVyc2lvbj0iMS4wIiBlbmNvZGluZz0idXRmLTgiPz48IURPQ1RZUEUgc3ZnIFBVQkxJQyAiLS8vVzNDLy9EVEQgU1ZHIDEuMS8vRU4iICJodHRwOi8vd3d3LnczLm9yZy9HcmFwaGljcy9TVkcvMS4xL0RURC9zdmcxMS5kdGQiPjxzdmcgdmVyc2lvbj0iMS4xIiBpZD0iRWJlbmVfMSIgeG1sbnM9Imh0dHA6Ly93d3cudzMub3JnLzIwMDAvc3ZnIiB4bWxuczp4bGluaz0iaHR0cDovL3d3dy53My5vcmcvMTk5OS94bGluayIgeD0iMHB4IiB5PSIwcHgiIHdpZHRoPSIxNnB4IiBoZWlnaHQ9IjE2cHgiIHZpZXdCb3g9IjAgMCAxNiAxNiIgZW5hYmxlLWJhY2tncm91bmQ9Im5ldyAwIDAgMTYgMTYiIHhtbDpzcGFjZT0icHJlc2VydmUiPjxnPjxnPjxwYXRoIGZpbGw9IiNGRkZGRkYiIGQ9Ik04LjAwMSwxNS41QzMuODY0LDE1LjUsMC41LDEyLjEzNiwwLjUsOGMwLTQuMTM1LDMuMzY1LTcuNSw3LjUwMS03LjVTMTUuNSwzLjg2NCwxNS41LDhTMTIuMTM3LDE1LjUsOC4wMDEsMTUuNXoiLz48cGF0aCBmaWxsPSIjRDUyQjFFIiBkPSJNOC4wMDEsMUMxMS44NiwxLDE1LDQuMTQxLDE1LDhzLTMuMTM5LDctNi45OTksN0M0LjE0LDE1LDEsMTEuODU5LDEsOFM0LjE0LDEsOC4wMDEsMSBNOC4wMDEsMEMzLjU4MiwwLDAsMy41ODIsMCw4czMuNTgyLDgsOC4wMDEsOEMxMi40MTgsMTYsMTYsMTIuNDE4LDE2LDhTMTIuNDE4LDAsOC4wMDEsMEw4LjAwMSwweiIvPjwvZz48cGF0aCBmaWxsPSIjRDUyQjFFIiBkPSJNNi43NDUsMTIuNTg5Yy0wLjIyNywwLjEyMi0wLjQ5NywwLjI0Ny0wLjY4NCwwLjI0N2MtMC4zMTgsMC0wLjUwMS0wLjE2NC0wLjUwMS0wLjQ1MmMwLTAuMjA3LDAuMTQtMC4zNzUsMC41OTUtMC42MjJjMS41NDktMC45MDQsMi41OTQtMi4yNzIsMi41OTQtMy43MjFjMC0wLjgyNS0wLjIyNy0xLjExOS0wLjY4MS0xLjExOWMtMC4xMzUsMC0wLjMyLDAuMjE5LTAuNjM2LDAuMjE5SDcuMTU3QzYuMTAyLDcuMTQzLDUuMzMzLDYuMjY0LDUuMzMzLDUuMjNjMC0xLjE1MiwwLjk1OC0yLjAwNiwyLjI4LTIuMDA2YzEuNzc3LDAsMy4wNTMsMS4zNzMsMy4wNTMsMy40M0MxMC42NjYsOS4yMTUsOS4yMDMsMTEuMjcsNi43NDUsMTIuNTg5Ii8+PC9nPjwvc3ZnPg\" \/><\/a>\u00a0<\/p>\n<p>Sieben, B., &amp; Haunschild, A. (2012). Paradoxes of luxury work. <em>Zeitschrift f\u00fcr Personalforschung, 26<\/em>(2), 189-194.<a href=\"https:\/\/doi.org\/10.2307\/41819000\" rel='nofollow'> https:\/\/doi.org\/10.2307\/41819000 <\/a><a><img decoding=\"async\" class=\"citavipicker\" style=\"border: 0px none!important;width: 16px!important;height: 16px!important;margin-left: 1px !important;margin-right: 1px !important\" title=\"Titel anhand dieser DOI in Citavi-Projekt \u00fcbernehmen\" src=\"image\/svg+xml;base64,PD94bWwgdmVyc2lvbj0iMS4wIiBlbmNvZGluZz0idXRmLTgiPz48IURPQ1RZUEUgc3ZnIFBVQkxJQyAiLS8vVzNDLy9EVEQgU1ZHIDEuMS8vRU4iICJodHRwOi8vd3d3LnczLm9yZy9HcmFwaGljcy9TVkcvMS4xL0RURC9zdmcxMS5kdGQiPjxzdmcgdmVyc2lvbj0iMS4xIiBpZD0iRWJlbmVfMSIgeG1sbnM9Imh0dHA6Ly93d3cudzMub3JnLzIwMDAvc3ZnIiB4bWxuczp4bGluaz0iaHR0cDovL3d3dy53My5vcmcvMTk5OS94bGluayIgeD0iMHB4IiB5PSIwcHgiIHdpZHRoPSIxNnB4IiBoZWlnaHQ9IjE2cHgiIHZpZXdCb3g9IjAgMCAxNiAxNiIgZW5hYmxlLWJhY2tncm91bmQ9Im5ldyAwIDAgMTYgMTYiIHhtbDpzcGFjZT0icHJlc2VydmUiPjxnPjxnPjxwYXRoIGZpbGw9IiNGRkZGRkYiIGQ9Ik04LjAwMSwxNS41QzMuODY0LDE1LjUsMC41LDEyLjEzNiwwLjUsOGMwLTQuMTM1LDMuMzY1LTcuNSw3LjUwMS03LjVTMTUuNSwzLjg2NCwxNS41LDhTMTIuMTM3LDE1LjUsOC4wMDEsMTUuNXoiLz48cGF0aCBmaWxsPSIjRDUyQjFFIiBkPSJNOC4wMDEsMUMxMS44NiwxLDE1LDQuMTQxLDE1LDhzLTMuMTM5LDctNi45OTksN0M0LjE0LDE1LDEsMTEuODU5LDEsOFM0LjE0LDEsOC4wMDEsMSBNOC4wMDEsMEMzLjU4MiwwLDAsMy41ODIsMCw4czMuNTgyLDgsOC4wMDEsOEMxMi40MTgsMTYsMTYsMTIuNDE4LDE2LDhTMTIuNDE4LDAsOC4wMDEsMEw4LjAwMSwweiIvPjwvZz48cGF0aCBmaWxsPSIjRDUyQjFFIiBkPSJNNi43NDUsMTIuNTg5Yy0wLjIyNywwLjEyMi0wLjQ5NywwLjI0Ny0wLjY4NCwwLjI0N2MtMC4zMTgsMC0wLjUwMS0wLjE2NC0wLjUwMS0wLjQ1MmMwLTAuMjA3LDAuMTQtMC4zNzUsMC41OTUtMC42MjJjMS41NDktMC45MDQsMi41OTQtMi4yNzIsMi41OTQtMy43MjFjMC0wLjgyNS0wLjIyNy0xLjExOS0wLjY4MS0xLjExOWMtMC4xMzUsMC0wLjMyLDAuMjE5LTAuNjM2LDAuMjE5SDcuMTU3QzYuMTAyLDcuMTQzLDUuMzMzLDYuMjY0LDUuMzMzLDUuMjNjMC0xLjE1MiwwLjk1OC0yLjAwNiwyLjI4LTIuMDA2YzEuNzc3LDAsMy4wNTMsMS4zNzMsMy4wNTMsMy40M0MxMC42NjYsOS4yMTUsOS4yMDMsMTEuMjcsNi43NDUsMTIuNTg5Ii8+PC9nPjwvc3ZnPg\" \/><\/a><a href=\"https:\/\/doi.org\/10.2307\/41819000\" rel='nofollow'>\u00a0<\/a><\/p>\n\n\n<p><\/p>\n","protected":false},"excerpt":{"rendered":"<p>Barbara Sieben und Vanessa S. Bernauer arbeiten zu diesem Themenfeld in verschiedenen Konstellationen mit Kolleg*innen zusammen. Ein erstes Projekt war eine konzeptionelle Analyse der \u201eParadoxien von Luxusarbeit\u201c (Sieben, &amp; Haunschild, [&hellip;]<\/p>\n","protected":false},"author":2873,"featured_media":0,"parent":2249,"menu_order":0,"comment_status":"closed","ping_status":"closed","template":"","meta":{"footnotes":""},"categories":[4,205,203],"tags":[],"class_list":["post-2039","page","type-page","status-publish","hentry","category-forschung","category-kontexte-von-chancengleichheut-diversitaet-und-inklusion-in-organisation","category-projekte"],"_links":{"self":[{"href":"https:\/\/www.hsu-hh.de\/hrm-pol\/wp-json\/wp\/v2\/pages\/2039","targetHints":{"allow":["GET"]}}],"collection":[{"href":"https:\/\/www.hsu-hh.de\/hrm-pol\/wp-json\/wp\/v2\/pages"}],"about":[{"href":"https:\/\/www.hsu-hh.de\/hrm-pol\/wp-json\/wp\/v2\/types\/page"}],"author":[{"embeddable":true,"href":"https:\/\/www.hsu-hh.de\/hrm-pol\/wp-json\/wp\/v2\/users\/2873"}],"replies":[{"embeddable":true,"href":"https:\/\/www.hsu-hh.de\/hrm-pol\/wp-json\/wp\/v2\/comments?post=2039"}],"version-history":[{"count":20,"href":"https:\/\/www.hsu-hh.de\/hrm-pol\/wp-json\/wp\/v2\/pages\/2039\/revisions"}],"predecessor-version":[{"id":5387,"href":"https:\/\/www.hsu-hh.de\/hrm-pol\/wp-json\/wp\/v2\/pages\/2039\/revisions\/5387"}],"up":[{"embeddable":true,"href":"https:\/\/www.hsu-hh.de\/hrm-pol\/wp-json\/wp\/v2\/pages\/2249"}],"wp:attachment":[{"href":"https:\/\/www.hsu-hh.de\/hrm-pol\/wp-json\/wp\/v2\/media?parent=2039"}],"wp:term":[{"taxonomy":"category","embeddable":true,"href":"https:\/\/www.hsu-hh.de\/hrm-pol\/wp-json\/wp\/v2\/categories?post=2039"},{"taxonomy":"post_tag","embeddable":true,"href":"https:\/\/www.hsu-hh.de\/hrm-pol\/wp-json\/wp\/v2\/tags?post=2039"}],"curies":[{"name":"wp","href":"https:\/\/api.w.org\/{rel}","templated":true}]}}