{"id":1843,"date":"2021-06-10T13:02:01","date_gmt":"2021-06-10T11:02:01","guid":{"rendered":"https:\/\/www.hsu-hh.de\/hrm-pol\/?page_id=1843"},"modified":"2026-03-27T15:22:40","modified_gmt":"2026-03-27T14:22:40","slug":"promotionen-und-habilitationen","status":"publish","type":"page","link":"https:\/\/www.hsu-hh.de\/hrm-pol\/forschung\/promotionen-und-habilitationen","title":{"rendered":"Promotionen und Habilitationen"},"content":{"rendered":"\n<h3 class=\"wp-block-heading\">(ko-)betreut durch <abbr title=\"Professor\">Prof.<\/abbr> <abbr title=\"Doktor\">Dr.<\/abbr> Barbara Sieben<\/h3>\n\n\n\n<h2 class=\"wp-block-heading has-text-align-left\">Laufende Arbeiten<\/h2>\n\n\n\n<p><strong><a href=\"https:\/\/www.hsu-hh.de\/hrm-pol\/team-d\/katja-buerger\" data-type=\"page\" data-id=\"784\"><abbr title=\"Doktor\">Dr.<\/abbr> Katja B\u00fcrger<\/a>,<\/strong> Wissenschaftliche Mitarbeiterin, <abbr title=\"Helmut Schmidt Universit\u00e4t\">HSU<\/abbr><\/p>\n\n\n\n<p><strong><a href=\"https:\/\/www.hsu-hh.de\/hrm-pol\/team-d\/wiebke-friess-wma\" data-type=\"page\" data-id=\"4535\"><abbr title=\"Doktor\">Dr.<\/abbr> Wiebke Frie\u00df<\/a>,<\/strong> Wissenschaftliche Mitarbeiterin, <abbr title=\"Helmut Schmidt Universit\u00e4t\">HSU<\/abbr><\/p>\n\n\n\n<p><strong><a href=\"https:\/\/www.hsu-hh.de\/hrm-pol\/angela-kornau-wma\" target=\"_blank\" rel=\"noreferrer noopener\"><abbr title=\"Doktor\">Dr.<\/abbr>&nbsp;Angela&nbsp;Kornau<\/a><\/strong><a href=\"https:\/\/www.hsu-hh.de\/hrm-pol\/angela-kornau-wma\">,&nbsp;<\/a>Wissenschaftliche&nbsp;Mitarbeiterin, <abbr title=\"Helmut Schmidt Universit\u00e4t\">HSU<\/abbr><\/p>\n\n\n\n<p>Multi-actor perspectives on workplace diversity, equality and inclusion with a special focus on context-specific and international comparative research questions; workplace inclusion-exclusion of refugees; inclusion-exclusion in digitalized workplaces; research paradigms in international human resource management<\/p>\n\n\n\n<p><strong><a href=\"https:\/\/pure.qub.ac.uk\/en\/persons\/heike-schroder\" target=\"_blank\" rel=\"noreferrer noopener\"><abbr title=\"Doktor\">Dr.<\/abbr>&nbsp;Heike&nbsp;Schr\u00f6der-Altmann<\/a><\/strong>, Senior Lecturer in Human Resource Management, Queen\u2019s Management School, Belfast<\/p>\n\n\n\n<p>Employment career transitions and trajectories in the context of multi-level determinants; diversity management with a focus on age, gender, parental status, and health status; institutional logics; life course theory<\/p>\n\n\n\n<p><strong><a href=\"https:\/\/www.hsu-hh.de\/hrm-pol\/ilka-frerichs-m-sc\" target=\"_blank\" rel=\"noreferrer noopener\">Ilka Marie Frerichs<\/a><\/strong>, ehemalige wissenschaftliche Mitarbeiterin, <abbr title=\"Helmut Schmidt Universit\u00e4t\">HSU<\/abbr><\/p>\n\n\n\n<p>Paradigmenvielfalt in der Forschung zu Corporate&nbsp;Social&nbsp;Responsibility&nbsp;aus politisierender Perspektive (Monografie).&nbsp;(Betreuerin <abbr title=\"Professor\">Prof.<\/abbr> <abbr title=\"Doktor\">Dr.<\/abbr> Barbara Sieben)<\/p>\n\n\n\n<p><strong><a href=\"https:\/\/www.hsu-hh.de\/ivb\/rosen\/\" target=\"_blank\" rel=\"noreferrer noopener\">Lisa Marie Rosen<\/a><\/strong>, ehemalige Wissenschaftliche Mitarbeiterin, <abbr title=\"Helmut Schmidt Universit\u00e4t\">HSU<\/abbr>&nbsp;<\/p>\n\n\n\n<p>&#8222;Diversity Policies in European Higher Education &#8211; an international comparison&#8220; (Promotionsprojekt, Monographie; Erstbetreuerin Prof.in <abbr title=\"Doktor\">Dr.<\/abbr> Mechtild Gomolla, Zweitgutachterin <abbr title=\"Professor\">Prof.<\/abbr> <abbr title=\"Doktor\">Dr.<\/abbr> Barbara Sieben)<\/p>\n\n\n\n<h2 class=\"wp-block-heading has-text-align-left\">Abgeschlossene Promotionen<\/h2>\n\n\n\n<p><strong><a href=\"https:\/\/www.hsu-hh.de\/hrm-pol\/team-d\/ehemalige\/dr-vanessa-s-bernauer\" data-type=\"page\" data-id=\"4623\" target=\"_blank\" rel=\"noreferrer noopener\"><abbr title=\"Doktor\">Dr.<\/abbr> Vanessa S. Bernauer<\/a><\/strong><\/p>\n\n\n\n<p>Kumulative Dissertation: Diversity and (in)equality in organizations: A critical perspective on doing differences (2024, Helmut-Schmidt-Universit\u00e4t Hamburg) <\/p>\n\n\n\n<p><a href=\"https:\/\/doi.org\/10.24405\/16418\" target=\"_blank\" rel=\"noreferrer noopener\">https:\/\/doi.org\/10.24405\/16418<\/a><\/p>\n\n\n\n<p><strong><abbr title=\"Doktor\">Dr.<\/abbr>&nbsp;Isabel Collien<\/strong><\/p>\n\n\n\n<p>Diversity and&nbsp;In_Equality&nbsp;in Organizations. Reflections on Detecting and Deconstructing Power and Dominance (2021,&nbsp;Freie&nbsp;Universit\u00e4t&nbsp;Berlin)        <\/p>\n\n\n\n<p><a rel=\"noreferrer noopener\" href=\"https:\/\/refubium.fu-berlin.de\/handle\/fub188\/30562\" target=\"_blank\">https:\/\/refubium.fu-berlin.de\/handle\/fub188\/30562            <\/a>                                                                                                                                                                                                                                       <\/p>\n\n\n\n<p><strong><abbr title=\"Doktor\">Dr.<\/abbr> Julia Spie\u00df<\/strong><\/p>\n\n\n\n<p>F\u00fchrung und Machtspiele in Ver\u00e4nderungsprozessen in kommunalen Krankenh\u00e4usern (2020,&nbsp;Helmut-Schmidt-Universit\u00e4t Hamburg)&nbsp;<\/p>\n\n\n\n<p>Ver\u00f6ffentlicht 2021 als OPAL Working Paper: <a rel=\"noreferrer noopener\" href=\"https:\/\/openhsu.ub.hsu-hh.de\/handle\/10.24405\/11682\" target=\"_blank\">https:\/\/openhsu.ub.hsu-hh.de\/handle\/10.24405\/11682 <\/a><\/p>\n\n\n\n<p><strong><a href=\"https:\/\/www.mvbz.fu-berlin.de\/ueber-uns\/team\/pantelmann\/index.html\" target=\"_blank\" rel=\"noreferrer noopener\"><abbr title=\"Doktor\">Dr.<\/abbr> Heike&nbsp;Pantelmann<\/a><\/strong>&nbsp;<\/p>\n\n\n\n<p>Die Fabrikation der \u201edeutschen Frau\u201c als Humanressource im Nationalsozialismus&nbsp;(2019, Freie Universit\u00e4t Berlin) <\/p>\n\n\n\n<p><a rel=\"noreferrer noopener\" href=\"https:\/\/refubium.fu-berlin.de\/handle\/fub188\/25314\" target=\"_blank\">https:\/\/refubium.fu-berlin.de\/handle\/fub188\/25314<\/a><\/p>\n\n\n\n<p><strong><a href=\"https:\/\/www.th-luebeck.de\/hochschule\/hochschulorganisation\/personalverzeichnis\/person\/daphne-reim\/\" target=\"_blank\" rel=\"noreferrer noopener\"><abbr title=\"Doktor\">Dr.<\/abbr> Daphne Reim<\/a><\/strong><\/p>\n\n\n\n<p>Diversity&nbsp;und&nbsp;Diversity&nbsp;Management ehrenamtlich engagierter \u00e4lterer Menschen (2018, Helmut-Schmidt-Universit\u00e4t Hamburg) <\/p>\n\n\n\n<p><a rel=\"noreferrer noopener\" href=\"https:\/\/openhsu.ub.hsu-hh.de\/handle\/10.24405\/4701\" target=\"_blank\">https:\/\/openhsu.ub.hsu-hh.de\/handle\/10.24405\/4701 <\/a><\/p>\n\n\n\n<p><strong><a href=\"https:\/\/www.beuth-hochschule.de\/people\/detail\/1733\" target=\"_blank\" rel=\"noreferrer noopener\"><abbr title=\"Professor\">Prof.<\/abbr>&nbsp;<abbr title=\"Doktor\">Dr.<\/abbr> Katharina&nbsp;Gl\u00e4sener<\/a><\/strong><\/p>\n\n\n\n<p>Macht und Mikropolitik in multilingualen Teams. Sprachkompetenz als Machtquelle und dynamische Machtungleichgewichte in multinationalen Unternehmen&nbsp;(2017, Universit\u00e4t Hamburg)&nbsp;<\/p>\n\n\n\n<p>Ver\u00f6ffentlicht 2019 in der Reihe \u201eBetriebliche Personalpolitik\u201c: <a rel=\"noreferrer noopener\" href=\"https:\/\/www.springer.com\/de\/book\/9783658238285\" target=\"_blank\">https:\/\/www.springer.com\/de\/book\/9783658238285<\/a><\/p>\n\n\n\n<p><strong><abbr title=\"Doktor\">Dr.<\/abbr>&nbsp;Eva&nbsp;K\u00f6ppen<\/strong>&nbsp;<\/p>\n\n\n\n<p>Empathy by Design.&nbsp;Untersuchung einer Empathie-geleiteten Reorganisation der Arbeitsweise (2015, Freie Universit\u00e4t Berlin)&nbsp;<\/p>\n\n\n\n<p>Ver\u00f6ffentlicht 2016 im Halem-Verlag: <a href=\"https:\/\/www.halem-verlag.de\/empathy-by-design\/\" target=\"_blank\" rel=\"noreferrer noopener\">https:\/\/www.halem-verlag.de\/empathy-by-design\/<\/a><\/p>\n\n\n\n<p><strong><a href=\"https:\/\/www.hsu-hh.de\/hrm-pol\/angela-kornau-wma\" target=\"_blank\" rel=\"noreferrer noopener\"><abbr title=\"Doktor\">Dr.<\/abbr>&nbsp;Angela&nbsp;Kornau<\/a><\/strong><\/p>\n\n\n\n<p>Women\u2019s underrepresentation in management positions in the corporate world: Gendered human resource management practices and female coping patterns (2014, ECSP Europe Wirtschaftshochschule Berlin) <\/p>\n\n\n\n<p><a rel=\"noreferrer noopener\" href=\"http:\/\/opus.escpeurope.de\/opus4\/frontdoor\/index\/index\/docId\/14\" target=\"_blank\">http:\/\/opus.escpeurope.de\/opus4\/frontdoor\/index\/index\/docId\/14<\/a><\/p>\n\n\n\n<p><strong><abbr title=\"Doktor\">Dr.<\/abbr> Anna Mucha<\/strong><\/p>\n\n\n\n<p>Strategische Positionierung im nicht-habitualisierten Feld. Die mikropolitische Situation von Frauen im technisch-ingenieurwissenschaftlichen Beruf (2014, Universit\u00e4t Hamburg) <\/p>\n\n\n\n<p>Ver\u00f6ffentlicht 2014 in der Reihe \u201eArbeit, Organisation und Geschlecht in Wirtschaft und Gesellschaft\u201c: <a href=\"https:\/\/doi.org\/10.5771\/9783845258089_1\" rel='nofollow'>https:\/\/doi.org\/10.5771\/9783845258089_1 <\/a><\/p>\n\n\n\n<p>Ausgezeichnet mit dem <a rel=\"noreferrer noopener\" href=\"https:\/\/efas.htw-berlin.de\/index.php\/nachwuchsfoerderpreis\/preistraegerinnen\/\" target=\"_blank\">efas-Nachwuchsf\u00f6rderpreis 2014<\/a><\/p>\n\n\n\n<p><strong><abbr title=\"Doktor\">Dr.<\/abbr> Daniel Haussmann<\/strong><\/p>\n\n\n\n<p>Pfadbruch im Diskurs: Eine Untersuchung institutionellen Wandels am Beispiel der Elektrifizierung des US-Automobilfeldes (2014, Freie Universit\u00e4t Berlin) <\/p>\n\n\n\n<p><a rel=\"noreferrer noopener\" href=\"https:\/\/refubium.fu-berlin.de\/handle\/fub188\/11115\" target=\"_blank\">https:\/\/refubium.fu-berlin.de\/handle\/fub188\/11115<\/a><\/p>\n\n\n\n<p><strong><a href=\"https:\/\/www.hs-koblenz.de\/profile\/sander?sword_list%5B0%5D=evelina&amp;sword_list%5B1%5D=sander&amp;no_cache=1\" rel='nofollow'><abbr title=\"Professor\">Prof.<\/abbr> <abbr title=\"Doktor\">Dr.<\/abbr> Evelina Sander<\/a><\/strong><\/p>\n\n\n\n<p>Von der \u201ezerzausten Wettertanne\u201c zum \u201eDemographie-D\u00f6ner\u201c: Zur diskursiven Konstruktion des demographischen Wandels im Personalfeld (2013, Freie Universit\u00e4t Berlin) <\/p>\n\n\n\n<p>Ver\u00f6ffentlicht 2016 in der Reihe \u201eBetriebliche Personalpolitik\u201c: <a rel=\"noreferrer noopener\" href=\"https:\/\/www.springer.com\/de\/book\/9783658122829\" target=\"_blank\">https:\/\/www.springer.com\/de\/book\/9783658122829 <\/a><\/p>\n\n\n\n<p><strong><a href=\"https:\/\/gss.charite.de\/metas\/person\/person\/address_detail\/dr_nicole_bornheim_gallmeister\/\" target=\"_blank\" rel=\"noreferrer noopener\"><abbr title=\"Doktor\">Dr.<\/abbr> Nicole-Bornheim-Gallmeister<\/a><\/strong><\/p>\n\n\n\n<p>Positive Emotionen in der Arbeitswelt. Eine vergleichende Untersuchung \u00fcber das Verh\u00e4ltnis von Rahmenbedingungen und Arbeitserleben in der station\u00e4ren Altenpflege (2013, Universit\u00e4t Bremen) <\/p>\n\n\n\n<p><a rel=\"noreferrer noopener\" href=\"https:\/\/media.suub.uni-bremen.de\/handle\/elib\/1010\" target=\"_blank\">https:\/\/media.suub.uni-bremen.de\/handle\/elib\/1010<\/a><\/p>\n\n\n\n<p><strong><a href=\"https:\/\/www.timobraun.com\/\" target=\"_blank\" rel=\"noreferrer noopener\"><abbr title=\"Professor\">Prof.<\/abbr> <abbr title=\"Doktor\">Dr.<\/abbr> Timo Braun<\/a><\/strong><\/p>\n\n\n\n<p>Kooperatives Verhalten in interorganisationalen Projekten \u2013 Eine konzeptionelle und empirische Weiterentwicklung des OCB-Ansatzes (2013, Freie Universit\u00e4t Berlin) <\/p>\n\n\n\n<p>Ver\u00f6ffentlicht 2013 in der Edition KWV: <a rel=\"noreferrer noopener\" href=\"https:\/\/www.springer.com\/de\/book\/9783658227395\" target=\"_blank\">https:\/\/www.springer.com\/de\/book\/9783658227395<\/a> Ausgezeichnet mit dem <a rel=\"noreferrer noopener\" href=\"http:\/\/www.fu-berlin.de\/presse\/informationen\/fup\/2013\/fup_13_329\" target=\"_blank\">Deutschen Studienpreis f\u00fcr Projektmanagement 2013<\/a><\/p>\n\n\n\n<p><strong><a href=\"\/\/www.berlin-professional-school.de\/executive-education\/zertifikatsprogramme\/strategische-kompetenz-fuer-frauen-in-aufsichtsraeten\/\" target=\"_blank\" rel=\"noreferrer noopener\"><abbr title=\"Doktor\">Dr.<\/abbr> Philine Erfurt Sandhu<\/a><\/strong><\/p>\n\n\n\n<p>Persistent Homogeneity in Top Management: Organizational path dependence in leadership selection (2012, Freie Universit\u00e4t Berlin) <\/p>\n\n\n\n<p><a rel=\"noreferrer noopener\" href=\"https:\/\/refubium.fu-berlin.de\/handle\/fub188\/12821\" target=\"_blank\">https:\/\/refubium.fu-berlin.de\/handle\/fub188\/12821<\/a> <\/p>\n\n\n\n<p>Ver\u00f6ffentlicht 2014 unter dem Titel \u201eSelektionspfade im Topmanagement. Homogenisierungsprozesse in Organisationen\u201c in der Reihe \u201eBetriebliche Personalpolitik\u201c: <a rel=\"noreferrer noopener\" href=\"https:\/\/www.springer.com\/de\/book\/9783658060145\" target=\"_blank\">https:\/\/www.springer.com\/de\/book\/9783658060145<\/a> <\/p>\n\n\n\n<p>Ausgezeichnet mit dem <a rel=\"noreferrer noopener\" href=\"https:\/\/efas.htw-berlin.de\/index.php\/nachwuchsfoerderpreis\/preistraegerinnen\/\" target=\"_blank\">efas-Nachwuchsf\u00f6rderpreis<\/a><\/p>\n\n\n\n<p><strong><abbr title=\"Doktor\">Dr.<\/abbr> Nicolas Rohde<\/strong><\/p>\n\n\n\n<p>Disliked Practices. An empirical study on the Reverse Side of Organizational Practices (2010, Freie Universit\u00e4t Berlin) Ver\u00f6ffentlicht 2010 in der Reihe \u201cPersonal, Organisation und Arbeitsbeziehungen\u201c<\/p>\n\n\n\n<p><strong><abbr title=\"Doktor\">Dr.<\/abbr> Anja Lindau<\/strong><\/p>\n\n\n\n<p>Diversity in Organisationen \u2013 Identit\u00e4ten in Interaktion (2010, Freie Universit\u00e4t Berlin) <\/p>\n\n\n\n<p>Ver\u00f6ffentlicht 2011 unter dem Titel \u201eVerhandelte Vielfalt: Die Konstruktion von Diversity in Organisationen\u201c in der Reihe \u201eBetriebliche Personalpolitik\u201c: <a href=\"https:\/\/www.springer.com\/de\/book\/9783834926012\" rel='nofollow'>https:\/\/www.springer.com\/de\/book\/9783834926012<\/a><\/p>\n\n\n\n<p>&nbsp;<\/p>\n","protected":false},"excerpt":{"rendered":"<p>(ko-)betreut durch Prof. Dr. Barbara Sieben Laufende Arbeiten Dr. Katja B\u00fcrger, Wissenschaftliche Mitarbeiterin, HSU Dr. Wiebke Frie\u00df, Wissenschaftliche Mitarbeiterin, HSU Dr.&nbsp;Angela&nbsp;Kornau,&nbsp;Wissenschaftliche&nbsp;Mitarbeiterin, HSU Multi-actor perspectives on workplace diversity, equality and inclusion [&hellip;]<\/p>\n","protected":false},"author":2869,"featured_media":0,"parent":2195,"menu_order":0,"comment_status":"closed","ping_status":"closed","template":"","meta":{"footnotes":""},"categories":[4],"tags":[],"class_list":["post-1843","page","type-page","status-publish","hentry","category-forschung"],"_links":{"self":[{"href":"https:\/\/www.hsu-hh.de\/hrm-pol\/wp-json\/wp\/v2\/pages\/1843","targetHints":{"allow":["GET"]}}],"collection":[{"href":"https:\/\/www.hsu-hh.de\/hrm-pol\/wp-json\/wp\/v2\/pages"}],"about":[{"href":"https:\/\/www.hsu-hh.de\/hrm-pol\/wp-json\/wp\/v2\/types\/page"}],"author":[{"embeddable":true,"href":"https:\/\/www.hsu-hh.de\/hrm-pol\/wp-json\/wp\/v2\/users\/2869"}],"replies":[{"embeddable":true,"href":"https:\/\/www.hsu-hh.de\/hrm-pol\/wp-json\/wp\/v2\/comments?post=1843"}],"version-history":[{"count":52,"href":"https:\/\/www.hsu-hh.de\/hrm-pol\/wp-json\/wp\/v2\/pages\/1843\/revisions"}],"predecessor-version":[{"id":5371,"href":"https:\/\/www.hsu-hh.de\/hrm-pol\/wp-json\/wp\/v2\/pages\/1843\/revisions\/5371"}],"up":[{"embeddable":true,"href":"https:\/\/www.hsu-hh.de\/hrm-pol\/wp-json\/wp\/v2\/pages\/2195"}],"wp:attachment":[{"href":"https:\/\/www.hsu-hh.de\/hrm-pol\/wp-json\/wp\/v2\/media?parent=1843"}],"wp:term":[{"taxonomy":"category","embeddable":true,"href":"https:\/\/www.hsu-hh.de\/hrm-pol\/wp-json\/wp\/v2\/categories?post=1843"},{"taxonomy":"post_tag","embeddable":true,"href":"https:\/\/www.hsu-hh.de\/hrm-pol\/wp-json\/wp\/v2\/tags?post=1843"}],"curies":[{"name":"wp","href":"https:\/\/api.w.org\/{rel}","templated":true}]}}