{"id":134,"date":"2017-11-28T12:15:00","date_gmt":"2017-11-28T11:15:00","guid":{"rendered":"https:\/\/www.hsu-hh.de\/hrm-pol\/?page_id=134"},"modified":"2025-04-06T13:40:06","modified_gmt":"2025-04-06T11:40:06","slug":"team-d","status":"publish","type":"page","link":"https:\/\/www.hsu-hh.de\/hrm-pol\/team-d","title":{"rendered":"Team"},"content":{"rendered":"\n<p class=\"has-medium-font-size\"><strong>Professur f\u00fcr Personalpolitik<\/strong><\/p>\n\n\n<div class=\"wp-block-image is-style-default\">\n<figure class=\"aligncenter size-large is-resized\"><img loading=\"lazy\" decoding=\"async\" width=\"1024\" height=\"683\" src=\"https:\/\/www.hsu-hh.de\/hrm-pol\/wp-content\/uploads\/sites\/798\/2025\/03\/023_0999_NEU-Teamfoto-PPol-1024x683.jpg\" data-credit=\"HSU\/Gelhausen\" alt=\"\" class=\"wp-image-4608\" style=\"width:764px\" srcset=\"https:\/\/www.hsu-hh.de\/hrm-pol\/wp-content\/uploads\/sites\/798\/2025\/03\/023_0999_NEU-Teamfoto-PPol-1024x683.jpg 1024w, https:\/\/www.hsu-hh.de\/hrm-pol\/wp-content\/uploads\/sites\/798\/2025\/03\/023_0999_NEU-Teamfoto-PPol-300x200.jpg 300w, https:\/\/www.hsu-hh.de\/hrm-pol\/wp-content\/uploads\/sites\/798\/2025\/03\/023_0999_NEU-Teamfoto-PPol-768x512.jpg 768w, https:\/\/www.hsu-hh.de\/hrm-pol\/wp-content\/uploads\/sites\/798\/2025\/03\/023_0999_NEU-Teamfoto-PPol-1536x1024.jpg 1536w, https:\/\/www.hsu-hh.de\/hrm-pol\/wp-content\/uploads\/sites\/798\/2025\/03\/023_0999_NEU-Teamfoto-PPol-2048x1366.jpg 2048w, https:\/\/www.hsu-hh.de\/hrm-pol\/wp-content\/uploads\/sites\/798\/2025\/03\/023_0999_NEU-Teamfoto-PPol-1100x733.jpg 1100w\" sizes=\"auto, (max-width: 1024px) 100vw, 1024px\" \/><figcaption class=\"wp-element-caption\">Mitarbeiter*innen der Professur f\u00fcr Personalpolitik (M\u00e4rz 2025, von links nach rechts): <br>Angela Kornau, Wiebke Frie\u00df, Sylvia Draack, Barbara Sieben, Judith Kramer, Georgia Stobrawe, Katja Chmilewski<\/figcaption><\/figure>\n<\/div>\n\n\n<p>Professurinhaberin ist <abbr title=\"Universit\u00e4tsprofessor\">Univ.-Prof.<\/abbr> <abbr title=\"Doktor\">Dr.<\/abbr> <a href=\"https:\/\/www.hsu-hh.de\/hrm-pol\/univ-prof-dr-barbara-sieben\">Barbara Sieben<\/a>.<\/p>\n\n\n\n<p>Bei Fragen oder weiteren Belangen wenden Sie sich bitte an <a href=\"https:\/\/www.hsu-hh.de\/hrm-pol\/sylvia-draack-sekretariat\">Sylvia Draack<\/a> (Sekretariat).<\/p>\n","protected":false},"excerpt":{"rendered":"<p>Professur f\u00fcr Personalpolitik Professurinhaberin ist Univ.-Prof. Dr. Barbara Sieben. Bei Fragen oder weiteren Belangen wenden Sie sich bitte an Sylvia Draack (Sekretariat).<\/p>\n","protected":false},"author":144,"featured_media":0,"parent":0,"menu_order":0,"comment_status":"closed","ping_status":"closed","template":"","meta":{"footnotes":""},"categories":[8],"tags":[78,80,76],"class_list":["post-134","page","type-page","status-publish","hentry","category-team","tag-mitarbeiter","tag-sekreteriat","tag-team"],"_links":{"self":[{"href":"https:\/\/www.hsu-hh.de\/hrm-pol\/wp-json\/wp\/v2\/pages\/134","targetHints":{"allow":["GET"]}}],"collection":[{"href":"https:\/\/www.hsu-hh.de\/hrm-pol\/wp-json\/wp\/v2\/pages"}],"about":[{"href":"https:\/\/www.hsu-hh.de\/hrm-pol\/wp-json\/wp\/v2\/types\/page"}],"author":[{"embeddable":true,"href":"https:\/\/www.hsu-hh.de\/hrm-pol\/wp-json\/wp\/v2\/users\/144"}],"replies":[{"embeddable":true,"href":"https:\/\/www.hsu-hh.de\/hrm-pol\/wp-json\/wp\/v2\/comments?post=134"}],"version-history":[{"count":47,"href":"https:\/\/www.hsu-hh.de\/hrm-pol\/wp-json\/wp\/v2\/pages\/134\/revisions"}],"predecessor-version":[{"id":4621,"href":"https:\/\/www.hsu-hh.de\/hrm-pol\/wp-json\/wp\/v2\/pages\/134\/revisions\/4621"}],"wp:attachment":[{"href":"https:\/\/www.hsu-hh.de\/hrm-pol\/wp-json\/wp\/v2\/media?parent=134"}],"wp:term":[{"taxonomy":"category","embeddable":true,"href":"https:\/\/www.hsu-hh.de\/hrm-pol\/wp-json\/wp\/v2\/categories?post=134"},{"taxonomy":"post_tag","embeddable":true,"href":"https:\/\/www.hsu-hh.de\/hrm-pol\/wp-json\/wp\/v2\/tags?post=134"}],"curies":[{"name":"wp","href":"https:\/\/api.w.org\/{rel}","templated":true}]}}