{"id":1302,"date":"2020-05-18T12:55:04","date_gmt":"2020-05-18T10:55:04","guid":{"rendered":"https:\/\/www.hsu-hh.de\/hrm-pol\/?page_id=1302"},"modified":"2026-02-05T14:59:57","modified_gmt":"2026-02-05T13:59:57","slug":"dr-angela-kornau","status":"publish","type":"page","link":"https:\/\/www.hsu-hh.de\/hrm-pol\/en\/dr-angela-kornau","title":{"rendered":"Dr. Angela Kornau"},"content":{"rendered":"\n<h2 class=\"wp-block-heading\">Postdoctoral researcher and lecturer<\/h2>\n\n\n\n<hr class=\"wp-block-separator has-alpha-channel-opacity\" \/>\n\n\n\n<div class=\"wp-block-columns is-layout-flex wp-container-core-columns-is-layout-9d6595d7 wp-block-columns-is-layout-flex\">\n<div class=\"wp-block-column is-layout-flow wp-block-column-is-layout-flow\">\n<div class=\"wp-block-columns is-layout-flex wp-container-core-columns-is-layout-9d6595d7 wp-block-columns-is-layout-flex\">\n<div class=\"wp-block-column is-layout-flow wp-block-column-is-layout-flow\">\n<p><strong>Postal adress:<\/strong> Helmut-Schmidt-University<br>Chair of Human Resource Management<br>Postfach 70 08 22<br>D 22008 Hamburg<\/p>\n<\/div>\n\n\n\n<div class=\"wp-block-column is-layout-flow wp-block-column-is-layout-flow\">\n<p><strong>Visiting adress:<\/strong> Helmut-Schmidt-University<br>Building H4<br>Holstenhofweg 85<br>22043 Hamburg<\/p>\n<\/div>\n<\/div>\n<\/div>\n\n\n\n<div class=\"wp-block-column is-layout-flow wp-block-column-is-layout-flow\">\n<div class=\"wp-block-columns is-layout-flex wp-container-core-columns-is-layout-9d6595d7 wp-block-columns-is-layout-flex\">\n<div class=\"wp-block-column is-layout-flow wp-block-column-is-layout-flow\">\n<p><strong>Room:<\/strong> 104, H4<\/p>\n\n\n\n<p><strong>Phone:<\/strong> +49 (040) 6541 3072<\/p>\n\n\n\n<p><strong>E-mail:<\/strong> <a href=\"mailto:angela.kornau@hsu.hamburg\" data-type=\"mailto\" data-id=\"mailto:angela.kornau@hsu.hamburg\" rel='nofollow'>angela.kornau@hsu.hamburg<\/a><\/p>\n<\/div>\n\n\n\n<div class=\"wp-block-column is-layout-flow wp-block-column-is-layout-flow\">\n<figure class=\"wp-block-image size-full\"><img loading=\"lazy\" decoding=\"async\" width=\"530\" height=\"801\" src=\"https:\/\/www.hsu-hh.de\/hrm-pol\/wp-content\/uploads\/sites\/798\/2025\/03\/Bild-Angela-K.png\" data-credit=\"HSU\" alt=\"\" class=\"wp-image-4642\" srcset=\"https:\/\/www.hsu-hh.de\/hrm-pol\/wp-content\/uploads\/sites\/798\/2025\/03\/Bild-Angela-K.png 530w, https:\/\/www.hsu-hh.de\/hrm-pol\/wp-content\/uploads\/sites\/798\/2025\/03\/Bild-Angela-K-199x300.png 199w\" sizes=\"auto, (max-width: 530px) 100vw, 530px\" \/><\/figure>\n<\/div>\n<\/div>\n<\/div>\n<\/div>\n\n\n\n<hr class=\"wp-block-separator has-alpha-channel-opacity\" \/>\n\n\n<div>\n<div><strong>Consultation<\/strong><br \/>By arrangement.<\/div>\n<\/div>\n<div>\u00a0<\/div>\n<div>\u00a0<\/div>\n<div>\n<div class=\"clearfix\">\n<p><abbr title=\"Doktor\">Dr.<\/abbr> Angela Kornau (she\/her) is a postdoctoral researcher and lecturer at the Chair of Human Resources Policy at Helmut Schmidt University Hamburg. She studied international economics with a focus on sinology at the Eberhard Karls University of T\u00fcbingen and completed her doctorate at the Chair of International Human Resource Management and Intercultural Leadership at the ESCP Business School Berlin on the topic of women in leadership (summa cum laude).<\/p>\n<p>Her research focuses on diversity, equity and inclusion (DEI) in various organisational and national contexts. Her activities have been funded by the German Research Foundation (DFG) and the German Academic Exchange Service (DAAD) and her work has been published in leading international journals such as Academy of Management Discoveries, Human Resource Management and International Journal of Human Resource Management. She has also gained research and work experience in China, Turkey and Mexico.\u00a0<\/p>\n<p><abbr title=\"Doktor\">Dr.<\/abbr> Kornau also works as a freelance coach and lecturer, because in addition to university teaching, the transfer of knowledge from research findings into practice is also important to her. She conducts individual and team coaching sessions as well as workshops in public and private sector institutions on various topics, e.g. leadership or conflict management. You can find more information <a href=\"https:\/\/angelakornau.de\" rel='nofollow'><strong>here<\/strong><\/a>.<\/p>\n<p><strong>Main areas of work:\u00a0<\/strong><\/p>\n<ul>\n<li>Diversity, Equity and Inclusion (DEI) &#8211; Discourses and Practices<\/li>\n<li>Leadership, in particular women in leadership<\/li>\n<li>Systemic coaching<\/li>\n<\/ul>\n<\/div>\n<\/div>\n<div>\u00a0<\/div>\n<div>\n<div class=\"background-grey\"><strong>Social media<\/strong><\/div>\n<div>\u00a0<\/div>\n<\/div>\n<div><a href=\"https:\/\/www.linkedin.com\/in\/dr-angela-kornau-b5370584\/\" rel='nofollow'><img loading=\"lazy\" decoding=\"async\" class=\"alignnone  wp-image-2689\" src=\"https:\/\/www.hsu-hh.de\/hrm-pol\/wp-content\/uploads\/sites\/798\/2021\/11\/LinkedIn-Thumbnail-1024x578-1-300x297.jpg\" alt=\"LinkedIn Thumbnail\" width=\"62\" height=\"61\" data-credit=\"LinkedIn\" srcset=\"https:\/\/www.hsu-hh.de\/hrm-pol\/wp-content\/uploads\/sites\/798\/2021\/11\/LinkedIn-Thumbnail-1024x578-1-300x297.jpg 300w, https:\/\/www.hsu-hh.de\/hrm-pol\/wp-content\/uploads\/sites\/798\/2021\/11\/LinkedIn-Thumbnail-1024x578-1-150x150.jpg 150w, https:\/\/www.hsu-hh.de\/hrm-pol\/wp-content\/uploads\/sites\/798\/2021\/11\/LinkedIn-Thumbnail-1024x578-1-100x100.jpg 100w, https:\/\/www.hsu-hh.de\/hrm-pol\/wp-content\/uploads\/sites\/798\/2021\/11\/LinkedIn-Thumbnail-1024x578-1.jpg 557w\" sizes=\"auto, (max-width: 62px) 100vw, 62px\" \/><\/a><\/div>\n<div>\n<div>\u00a0<\/div>\n<div><a href=\"https:\/\/www.researchgate.net\/profile\/Angela-Kornau-3\" rel='nofollow'><img loading=\"lazy\" decoding=\"async\" class=\"alignnone  wp-image-1648\" src=\"https:\/\/www.hsu-hh.de\/hrm-pol\/wp-content\/uploads\/sites\/798\/2021\/03\/ResearchGate-Thumbnail.png\" alt=\"ResearchGate Thumbnail\" width=\"62\" height=\"62\" data-credit=\"ResearchGate\" srcset=\"https:\/\/www.hsu-hh.de\/hrm-pol\/wp-content\/uploads\/sites\/798\/2021\/03\/ResearchGate-Thumbnail.png 200w, https:\/\/www.hsu-hh.de\/hrm-pol\/wp-content\/uploads\/sites\/798\/2021\/03\/ResearchGate-Thumbnail-150x150.png 150w, https:\/\/www.hsu-hh.de\/hrm-pol\/wp-content\/uploads\/sites\/798\/2021\/03\/ResearchGate-Thumbnail-100x100.png 100w\" sizes=\"auto, (max-width: 62px) 100vw, 62px\" \/><\/a><\/div>\n<div class=\"clearfix\">\u00a0<\/div>\n<\/div>\n\n\n<hr class=\"wp-block-separator has-alpha-channel-opacity\" \/>\n\n\n\n<h3 class=\"wp-block-heading\">Publications in peer-reviewed journals<\/h3>\n\n\n\n<p>Kornau, A. (2025). Diversity Coaching!? Eine begrifflich-konzeptionelle Ann\u00e4herung anhand einer systematischen Literaturanalyse. Organisationsberatung, Supervision, Coaching. https:\/\/doi.org\/10.1007\/s11613-024-00923-w<\/p>\n\n\n\n<p><br>Bernauer, V. S., &amp; Kornau, A. (2024). E-voice in the digitalised workplace. Insights from an alternative organisation. Human Resource Management Journal, 34(2), 369-385. https:\/\/doi.org\/10.1111\/1748-8583.12460<\/p>\n\n\n\n<p><br>Kornau, A., Knappert, L., Tatli, A., &amp; Sieben, B. (2023). Contested fields of equality, diversity and inclusion at work: An institutional work lens on power relations and actors\u2019 strategies in Germany and Turkey. The International Journal of Human Resource Management, 34(12), 2481-2515. https:\/\/doi.org\/10.1080\/09585192.2022.2086014<\/p>\n\n\n\n<p><br>Knappert, L., Ortlieb, R., Kornau, A., Maletzky de Garc\u00eda, M., van Dyke, H. (2023). The ecosystem of managing refugee employment: Complementarity and its microfoundations. Academy of Management Discoveries, 9(3), 339\u2013362. https:\/\/doi.org\/10.5465\/amd.2020.0157<\/p>\n\n\n\n<p><br>Kornau, A., Bernauer, V. S., Mucha, A., Rastetter, D., Schmucker, S., &amp; Sieben, B. (2022). Editorial. Digitalisierung der Arbeitswelt: Hindernisse und Chancen mit Blick auf Chancengleichheit, Diversit\u00e4t und Inklusion. Zeitschrift f\u00fcr Diversit\u00e4tsforschung und -management, 7(1), 3-7. https:\/\/doi.org\/10.3224\/zdfm.v7i1.01<\/p>\n\n\n\n<p><br>Kornau, A., Knappert, L., &amp; Erdur, D. A. (2021). Advertising, avoiding, disrupting, and tabooing: The discursive construction of diversity subjects in the Turkish context. Scandinavian Journal of Management, 37(2), 101-151. https:\/\/doi.org\/10.1016\/j.scaman.2021.101151<\/p>\n\n\n\n<p><br>Haq, R., Kornau, A., Klarsfeld, A., &amp; Ngunjiri, F. W. (2020). Diversity in India: Addressing caste, disability and gender. Equality, Diversity and Inclusion: An International Journal, 36(6), 586-596. https:\/\/doi.org\/10.1108\/EDI-04-2020-0095<\/p>\n\n\n\n<p><br>Kornau, A., Frerichs, I. M., &amp; Sieben, B. (2020). An empirical analysis of research paradigms within international human resource management: The need for more diversity. German Journal of Human Resource Management, 34(2), 148-177. https:\/\/doi.org\/10.1177\/2397002220908035<\/p>\n\n\n\n<p><br>Klarsfeld, A., Knappert, L., Kornau, A., Ngunjiri, F. W., &amp; Sieben, B. (2019). Diversity in under-researched countries: New empirical fields challenging old theories? Equality, Diversity and Inclusion: An International Journal, 38(7), 694-704. https:\/\/doi.org\/10.1108\/EDI-03-2019-0110<\/p>\n\n\n\n<p><br>Knappert, L., Kornau, A., &amp; Figeng\u00fcl, M. (2018). Refugees\u2018 exclusion at work and the intersection with gender: Insights from the Turkish-Syrian border. Journal of Vocational Behavior, 105, 62-82. https:\/\/doi.org\/10.1016\/j.jvb.2017.11.002<\/p>\n\n\n\n<p><br>Festing, M., Knappert, L., &amp; Kornau, A. (2015). Gender\u2010specific preferences in global performance management: An empirical study of male and female managers in a multinational context. Human Resource Management, 54(1), 55-79. https:\/\/doi.org\/10.1002\/hrm.21609<\/p>\n\n\n\n<p><br>Festing, M., Kornau, A., &amp; Sch\u00e4fer, L. (2015). Think talent\u2013think male? A comparative case study analysis of gender inclusion in talent management practices in the German media industry. The International Journal of Human Resource Management, 26(6), 707-732. https:\/\/doi.org\/10.1080\/09585192.2014.934895<\/p>\n\n\n\n<p><br>Festing, M., Kornau, A., &amp; Sch\u00e4fer, L. (2015). Think talent \u2013 think male? Eine genderspezifische Analyse von Talent Management. PERSONALquarterly, 67(2), 34-39. https:\/\/www.haufe.de\/download\/personal-quarterly-022015-personalquarterly-297522.pdf<\/p>\n\n\n\n<hr class=\"wp-block-separator has-alpha-channel-opacity\" \/>\n\n\n\n<h3 class=\"wp-block-heading\">Editorial Work<\/h3>\n\n\n\n<p>Kornau, A., Bernauer, V. S., Mucha, A., Rastetter, D., Schmucker, S., &amp; Sieben, B. (<abbr title=\"Herausgeber\">Hrsg.<\/abbr>) (2022). Schwerpunktthema \u201eDigitalisierung der Arbeitswelt: Hindernisse und Chancen mit Blick auf Chancengleichheit, Diversit\u00e4t und Inklusion\u201c. Zeitschrift f\u00fcr Diversit\u00e4tsforschung und -management, 7(1).<\/p>\n\n\n\n<p><br>Klarsfeld, A., Knappert, L., Kornau, A., Ng, E. S., &amp; Ngunjiri, F. W. (Eds.) (2022). Research handbook on new frontiers of equality and diversity at work. International perspectives. Edward Elgar.<\/p>\n\n\n\n<p><br>Haq, R., Kornau, A., Klarsfeld, A., &amp; Ngunjiri, F. W. (Eds.) (2020). Special issue: Equality, diversity and inclusion in India. Equality, Diversity and Inclusion: An International Journal, 39(6).<\/p>\n\n\n\n<p><br>Klarsfeld, A., Knappert, L., Kornau, A., Ngunjiri, F. W., &amp; Sieben, B. (Eds.) (2019). Special Issue: Diversity in under-researched countries: New empirical fields challenging old theories? Equality, Diversity and Inclusion: An International Journal, 38(7).<\/p>\n\n\n\n<hr class=\"wp-block-separator has-alpha-channel-opacity\" \/>\n\n\n\n<h3 class=\"wp-block-heading\">Other Publications<\/h3>\n\n\n\n<p><strong>Dissertation<\/strong><\/p>\n\n\n\n<p>Kornau, A. (2014). Women\u2019s underrepresentation in management positions in the corporate world: Gendered human resource management practices and female coping patterns; Zugriff \u00fcber opus.escpeurope.de<\/p>\n\n\n\n<p><br><strong>Anthology input<\/strong><\/p>\n\n\n\n<p><br>Kornau, A. (2025). Gender in alternative organizations. In J. H. Mills, A. J. Mills, K. S. Williams, R. Bendl (Eds.), Elgar Encyclopedia of Gender and Management (pp.198-200). Edward Elgar. https:\/\/doi.org\/10.4337\/9781803922065<\/p>\n\n\n\n<p><br>Kornau, A., &amp; Kumra, S. (2021). Richard Florida\u2019s creative class: The Global Tolerance Index and its value for diversity and inclusion research. In E. Ng, A. Klarsfeld, C. Stamper, &amp; Y. (J.) Han (Eds.), Handbook on diversity and inclusion indices. A research compendium (pp.66-82). Edward Elgar. https:\/\/doi.org\/10.4337\/9781788975728.00012<\/p>\n\n\n\n<p><br><strong>Rezension<\/strong><br>Bernauer, V., &amp; Kornau, A. (2020). Rezension von: Jungwirth, Ingrid \/ Bauschke-Urban, Carola (<abbr title=\"Herausgeber\">Hrsg.<\/abbr>): Gender and Diversity Studies, European Perspectives. Opladen. Barbara Budrich 2019. Erziehungswissenschaftliche Revue 19(3). https:\/\/www.klinkhardt.de\/ewr\/978384740549.htm<\/p>\n\n\n\n<hr class=\"wp-block-separator has-alpha-channel-opacity\" \/>\n\n\n\n<h3 class=\"wp-block-heading\">Conference presentations<\/h3>\n\n\n\n<p>Kornau, A. (2024). Diversity Coaching!? Eine begrifflich-konzeptionelle Kl\u00e4rung anhand einer systematischen Literaturanalyse. Fachtagung und Netzwerktreffen der Diversity-Forschenden aus D-A-C-H, G\u00f6ttingen.<\/p>\n\n\n\n<p><br>Rybnikova, I., &amp; Kornau, A. (2023, Juli). Gendered agility? An explorative study of (in)equalities in Scrum teams. European Group for Organizational Studies (EGOS) Colloquium, Cagliari, Italien.<\/p>\n\n\n\n<p><br>Kornau, A., &amp; Bernauer, V. S. (2022, Oktober): Navigating boundaries of inclusion. Practices and inherent tensions. 12th International Workshop on Human Resource Management, C\u00e1diz.<\/p>\n\n\n\n<p><br>Kornau, A., &amp; Bernauer, V. S. (2022, September): Negotiating boundaries of diversity and inclusion. Practices and inherent paradoxes. Herbstworkshop der Wissenschaftlichen Kommission Personal im VHB, Berlin.<\/p>\n\n\n\n<p><br>Kornau, A., &amp; Bernauer, V. S. (2021, September). An explorative case study of diversity and inclusion in alternative organizations. Workshop der Wissenschaftlichen Kommission Organisation im VHB, L\u00fcneburg (virtuell).<\/p>\n\n\n\n<p><br>Bernauer, V. S., &amp; Kornau, A. (2020, September). Inclusion through e-voice? An explorative case study of an internet collective. Herbstworkshop der Wissenschaftlichen Kommission Personal im VHB, D\u00fcsseldorf.<\/p>\n\n\n\n<p>Bernauer, V. S., &amp; Kornau A. (2020, Juli). An explorative case study of diversity and inclusion in alternative organizations. European Group for Organizational Studies (EGOS) Colloquium, Hamburg (virtuell).<\/p>\n\n\n\n<p><br>Kornau, A., &amp; Baumg\u00e4rtner, M. (2019, August). Creating inclusive workplaces for refugees \u2013 A conceptual model of inclusive refugee leadership. Fachtagung und Netzwerktreffen der Diversity-Forschenden aus D-A-CH, St. Gallen.<\/p>\n\n\n\n<p><br>Kornau, A., Knappert, L., &amp; Acar Erdur, D. (2019, Juli). The advertised, the deceived, the silenced, and the avoided: Organizational discourses on equality, diversity and inclusion in the Turkish context. European Group for Organizational Studies (EGOS) Colloquium, Edinburgh.<\/p>\n\n\n\n<p><br>Kornau, A., Knappert, L., &amp; Acar Erdur, D. (2019, Juli). The advertised, the deceived, the silenced, and the avoided: Organizational discourses on equality, diversity and inclusion in the Turkish context. Equality, Diversity, Inclusion International Conference, Rotterdam.<\/p>\n\n\n\n<p><br>Kornau, A. Knappert, L., Maletzky, M., &amp; van Dyke, H. (2018, September). Contextual influences on refugees\u2018 inclusion at work. A comparative analysis of Germany and The Netherlands. Herbstworkshop der Wissenschaftlichen Kommission Personal im VHB, M\u00fcnchen.<\/p>\n\n\n\n<p><br>Knappert, L., Kornau, A., &amp; Figeng\u00fcl, M. (2017, September). Refugees\u2018 exclusion at work: Qualitative insights from the Turkish-Syrian border. Fachtagung und Netzwerktreffen der Diversity-Forschenden aus D-A-C-H, G\u00f6ttingen.<\/p>\n\n\n\n<p><br>Knappert, L., Kornau, A., &amp; Figeng\u00fcl, M. (2017, Juli). Refugees\u2019 exclusion at work: Qualitative insights from the Turkish-Syrian border. European Group for Organizational Studies (EGOS) Colloquium, Kopenhagen.<\/p>\n\n\n\n<p><br>Knappert, L., Kornau, A., &amp; Figeng\u00fcl, M. (2017, M\u00e4rz). Refugees\u2018 exclusion at work: Qualitative insights from the Turkish-Syrian border. \u201ereThink refugees\u201c, event organised by Ashoka, PWC, The Haag, Tilburg University and EAWOP, Den Haag.<\/p>\n\n\n\n<p><br>Kornau, A., Sieben, B., &amp; Knappert, L. (2016, Oktober). Actors\u2019 moves in the political arena of equality and diversity \u2013 the cases of Germany and Turkey. Workshop on Political CSR, London.<\/p>\n\n\n\n<p><br>Kornau, A., Knappert, L., &amp; Sieben, B. (2016, September). Diversity and inclusion through HRM: A comparative analysis of organizations in Germany and Turkey. Herbstworkshop der Wissenschaftlichen Kommission Personal im VHB, Paderborn.<\/p>\n\n\n\n<p><br>Kornau, A., Knappert, L., &amp; Sieben, B. (2016, August). The political arena of equality and diversity at work. The cases of Germany and Turkey. Annual Meeting of the Academy of Management (AOM), Boston.<\/p>\n\n\n\n<p><br>Kornau, A., Knappert, L., &amp; Sieben, B. (2016, Juli). The contested terrain of equality and diversity at work \u2013 the cases of Germany and Turkey. European Group for Organizational Studies (EGOS) Colloquium, Neapel.<\/p>\n\n\n\n<p><br>Kornau, A., Sieben, B., &amp; Knappert, L. (2016, April). Equality and diversity as a political arena \u2013 A comparative analysis of Germany and Turkey. International Labour Process Conference (ILPC), Berlin.<\/p>\n\n\n\n<p><br>Festing, M., Kornau, A., &amp; Sch\u00e4fer, L. (2013, Juli). Talent management and the career advancement of female managers: A single case study in the German media industry. European Group for Organizational Studies (EGOS) Colloquium, Montr\u00e9al.<\/p>\n\n\n\n<p><br>Kornau, A., &amp; Festing, M. (2013, Juli). The impact of gendered organisational cultures on the career advancement of female managers: A review and a framework for future research. Pre-Colloquium Workshops \u201aGender and Diversity\u2018, European Group for Organizational Studies (EGOS), Montr\u00e9al.<\/p>\n\n\n\n<p><br>Festing, M., Knappert, L., &amp; Kornau, A. (2012, August). Gender-specific preferences in global performance management \u2013 an empirical study of male and female leaders in a multinational context. Annual Meeting of the Academy of Management (AOM), Boston.<\/p>\n","protected":false},"excerpt":{"rendered":"<p>Postdoctoral researcher and lecturer Postal adress: Helmut-Schmidt-UniversityChair of Human Resource ManagementPostfach 70 08 22D 22008 Hamburg Visiting adress: Helmut-Schmidt-UniversityBuilding H4Holstenhofweg 8522043 Hamburg Room: 104, H4 Phone: +49 (040) 6541 3072 [&hellip;]<\/p>\n","protected":false},"author":2873,"featured_media":0,"parent":0,"menu_order":0,"comment_status":"closed","ping_status":"closed","template":"","meta":{"footnotes":""},"categories":[9],"tags":[],"class_list":["post-1302","page","type-page","status-publish","hentry","category-team-en"],"_links":{"self":[{"href":"https:\/\/www.hsu-hh.de\/hrm-pol\/wp-json\/wp\/v2\/pages\/1302","targetHints":{"allow":["GET"]}}],"collection":[{"href":"https:\/\/www.hsu-hh.de\/hrm-pol\/wp-json\/wp\/v2\/pages"}],"about":[{"href":"https:\/\/www.hsu-hh.de\/hrm-pol\/wp-json\/wp\/v2\/types\/page"}],"author":[{"embeddable":true,"href":"https:\/\/www.hsu-hh.de\/hrm-pol\/wp-json\/wp\/v2\/users\/2873"}],"replies":[{"embeddable":true,"href":"https:\/\/www.hsu-hh.de\/hrm-pol\/wp-json\/wp\/v2\/comments?post=1302"}],"version-history":[{"count":46,"href":"https:\/\/www.hsu-hh.de\/hrm-pol\/wp-json\/wp\/v2\/pages\/1302\/revisions"}],"predecessor-version":[{"id":5079,"href":"https:\/\/www.hsu-hh.de\/hrm-pol\/wp-json\/wp\/v2\/pages\/1302\/revisions\/5079"}],"wp:attachment":[{"href":"https:\/\/www.hsu-hh.de\/hrm-pol\/wp-json\/wp\/v2\/media?parent=1302"}],"wp:term":[{"taxonomy":"category","embeddable":true,"href":"https:\/\/www.hsu-hh.de\/hrm-pol\/wp-json\/wp\/v2\/categories?post=1302"},{"taxonomy":"post_tag","embeddable":true,"href":"https:\/\/www.hsu-hh.de\/hrm-pol\/wp-json\/wp\/v2\/tags?post=1302"}],"curies":[{"name":"wp","href":"https:\/\/api.w.org\/{rel}","templated":true}]}}