{"id":296,"date":"2019-08-19T11:26:57","date_gmt":"2019-08-19T09:26:57","guid":{"rendered":"https:\/\/www.hsu-hh.de\/hpc\/?page_id=296"},"modified":"2021-01-14T15:29:41","modified_gmt":"2021-01-14T14:29:41","slug":"hochleistungsrechnen-willkommen-im-epsi-lab-2","status":"publish","type":"page","link":"https:\/\/www.hsu-hh.de\/hpc\/","title":{"rendered":"Hochleistungsrechnen &#8211; Willkommen im Epsi-Lab!"},"content":{"rendered":"<div>\n<p><img loading=\"lazy\" decoding=\"async\" class=\"alignright size-medium wp-image-197\" src=\"https:\/\/www.hsu-hh.de\/hpc\/wp-content\/uploads\/sites\/813\/2019\/08\/superepsi-300x255.jpg\" alt=\"Super-Epsi\" width=\"300\" height=\"255\" data-credit=\"Julia Neumann\" srcset=\"https:\/\/www.hsu-hh.de\/hpc\/wp-content\/uploads\/sites\/813\/2019\/08\/superepsi-300x255.jpg 300w, https:\/\/www.hsu-hh.de\/hpc\/wp-content\/uploads\/sites\/813\/2019\/08\/superepsi.jpg 370w\" sizes=\"auto, (max-width: 300px) 100vw, 300px\" \/>Der Computer ist zu einem der essenziellsten Werkzeuge zur Erforschung der Welt geworden. In allen Bereichen werden Codes entwickelt, neue Systeme simuliert und riesige Datenmengen erzeugt und analysiert. Die heute verf\u00fcgbare Rechenleistung ist umwerfend! Auf der ganzen Welt werden Supercomputer installiert, deren Energiebedarf im Extremfall der Produktion eines gesamten Kraftwerks entsprechen.<\/p>\n<p>Hier kommt Hochleistungsrechnen (engl. High Performance Computing\/HPC) ins Spiel, das die Entwicklung effizienter Algorithmen und Implementierungen unter Einsatz modernster Hardware zum Ziel hat.<br \/>\nDies ist ein interdisziplin\u00e4res Unterfangen: Numerische Methoden m\u00fcssen in optimale Algorithmen umgewandelt und effizient implementiert werden, um die Rechenhardware bestm\u00f6glich zu nutzen und auf diese Weise Ingenieure und Wissenschaftler bei der L\u00f6sung eines typischen gro\u00dfen Rechenproblems unterst\u00fctzen zu k\u00f6nnen.<\/p>\n<p>Die Forschungsschwerpunkte des Lehrstuhls f\u00fcr Hochleistungsrechnen umfassen<\/p>\n<ul>\n<li>effiziente Algorithmen und Implementierungen f\u00fcr verschiedene Problemstellungen aus der Fluid- und der Molekulardynamik,<\/li>\n<li>die Entwicklung des Macro-Micro-Coupling-Tools (MaMiCo) f\u00fcr mehrskalige, molekular-kontinuums-gekoppelte Str\u00f6mungssimulation,<\/li>\n<li>die Entwicklung und Implementierung von Methoden aus der Datenanalyse f\u00fcr verschiedene Problemstellungen.<\/li>\n<\/ul>\n<p>Zudem bieten wir gerne <a href=\"https:\/\/www.hsu-hh.de\/hpc\/teaching\/\">studentische Projekte<\/a> zu diesen und verwandten Themen an. Potentielle Stellenangebote sind <a href=\"https:\/\/www.hsu-hh.de\/hpc\/job-openings\/\">hier<\/a> zu finden.<\/p>\n<\/div>\n","protected":false},"excerpt":{"rendered":"<p>Der Computer ist zu einem der essenziellsten Werkzeuge zur Erforschung der Welt geworden. In allen Bereichen werden Codes entwickelt, neue Systeme simuliert und riesige Datenmengen erzeugt und analysiert. Die heute [&hellip;]<\/p>\n","protected":false},"author":2223,"featured_media":0,"parent":0,"menu_order":0,"comment_status":"closed","ping_status":"closed","template":"","meta":{"footnotes":""},"categories":[4],"tags":[],"class_list":["post-296","page","type-page","status-publish","hentry","category-forschung"],"_links":{"self":[{"href":"https:\/\/www.hsu-hh.de\/hpc\/wp-json\/wp\/v2\/pages\/296","targetHints":{"allow":["GET"]}}],"collection":[{"href":"https:\/\/www.hsu-hh.de\/hpc\/wp-json\/wp\/v2\/pages"}],"about":[{"href":"https:\/\/www.hsu-hh.de\/hpc\/wp-json\/wp\/v2\/types\/page"}],"author":[{"embeddable":true,"href":"https:\/\/www.hsu-hh.de\/hpc\/wp-json\/wp\/v2\/users\/2223"}],"replies":[{"embeddable":true,"href":"https:\/\/www.hsu-hh.de\/hpc\/wp-json\/wp\/v2\/comments?post=296"}],"version-history":[{"count":5,"href":"https:\/\/www.hsu-hh.de\/hpc\/wp-json\/wp\/v2\/pages\/296\/revisions"}],"predecessor-version":[{"id":534,"href":"https:\/\/www.hsu-hh.de\/hpc\/wp-json\/wp\/v2\/pages\/296\/revisions\/534"}],"wp:attachment":[{"href":"https:\/\/www.hsu-hh.de\/hpc\/wp-json\/wp\/v2\/media?parent=296"}],"wp:term":[{"taxonomy":"category","embeddable":true,"href":"https:\/\/www.hsu-hh.de\/hpc\/wp-json\/wp\/v2\/categories?post=296"},{"taxonomy":"post_tag","embeddable":true,"href":"https:\/\/www.hsu-hh.de\/hpc\/wp-json\/wp\/v2\/tags?post=296"}],"curies":[{"name":"wp","href":"https:\/\/api.w.org\/{rel}","templated":true}]}}