{"id":220,"date":"2019-08-06T22:24:05","date_gmt":"2019-08-06T20:24:05","guid":{"rendered":"https:\/\/www.hsu-hh.de\/hpc\/?page_id=220"},"modified":"2024-09-27T15:01:33","modified_gmt":"2024-09-27T13:01:33","slug":"philipp-neumann","status":"publish","type":"page","link":"https:\/\/www.hsu-hh.de\/hpc\/philipp-neumann\/","title":{"rendered":"Univ.-Prof. Dr. habil. Philipp Neumann"},"content":{"rendered":"<div class=\"clearfix\"><\/div>\n<div class=\"ansprechparter-container\">\n<div class=\"row ansprechpartner-item ansprechparter-header\">\n<div class=\"col-xs-8 col-lg-12\" style=\"margin-bottom: 30px\">\n<h3 class=\"ansprechparter-headline\"><\/h3>\n<\/div>\n<div class=\"col-md-4 col-lg-3 col-xs-4 ansprechpartner-item floatright img-circle center-block\" style=\"margin-bottom: 30px\">\n<div class=\"img-responsive-wrapper\"><img loading=\"lazy\" decoding=\"async\" class=\"alignright size-medium wp-image-239\" src=\"https:\/\/www.hsu-hh.de\/hpc\/wp-content\/uploads\/sites\/813\/2019\/08\/philippneumann_ppchair-233x300.png\" alt=\"PhilippNeumann\" width=\"233\" height=\"300\" data-credit=\"Philipp Neumann\" srcset=\"https:\/\/www.hsu-hh.de\/hpc\/wp-content\/uploads\/sites\/813\/2019\/08\/philippneumann_ppchair-233x300.png 233w, https:\/\/www.hsu-hh.de\/hpc\/wp-content\/uploads\/sites\/813\/2019\/08\/philippneumann_ppchair-768x990.png 768w, https:\/\/www.hsu-hh.de\/hpc\/wp-content\/uploads\/sites\/813\/2019\/08\/philippneumann_ppchair.png 782w\" sizes=\"auto, (max-width: 233px) 100vw, 233px\" \/><\/div>\n<\/div>\n<div class=\"col-md-12 col-lg-3 col-xs-12 ansprechpartner-item kontakt floatright\" style=\"margin-bottom: 30px\">\n<div class=\"row\">\n<div class=\"col-xs-12 col-sm-6 col-lg-12\">\n<div class=\"row\">\n<div><\/div>\n<div class=\"col-xs-12 col-lg-8 row-text\"><\/div>\n<\/div>\n<\/div>\n<div class=\"col-xs-12 col-sm-6 col-lg-12\">\n<div class=\"row\">\n<div class=\"col-xs-12 col-lg-8 row-text\"><\/div>\n<\/div>\n<\/div>\n<div class=\"col-xs-12 col-sm-6 col-lg-12\">\n<div class=\"row\">\n<div class=\"col-xs-12 col-md-12 row-text bold\"><\/div>\n<div class=\"col-xs-12 col-md-12 row-text\"><\/div>\n<\/div>\n<\/div>\n<\/div>\n<\/div>\n<div class=\"col-md-6 col-lg-3 col-xs-12 ansprechpartner-item anschrift floatright\">\n<div><\/div>\n<div class=\"row-headline\">Visiting Address<\/div>\n<div class=\"row-text\">Helmut-Schmidt-Universit\u00e4t<\/div>\n<div class=\"row-text\">faculty of mechanical engineering<\/div>\n<div>and construction engineering<\/div>\n<div>High-Performance Computing<\/div>\n<div class=\"row-text\">Holstenhofweg 85<\/div>\n<div class=\"row-text\">22043 Hamburg<\/div>\n<\/div>\n<div class=\"col-md-6 col-lg-3 col-xs-12 ansprechpartner-item anschrift floatright\">\n<div><\/div>\n<div class=\"row-headline\">Postal Address<\/div>\n<div class=\"row-text\">Helmut-Schmidt-Universit\u00e4t<\/div>\n<div class=\"row-text\">Fakult\u00e4t f\u00fcr Maschinenbau and<\/div>\n<div>Bauingenieurwesen<\/div>\n<div class=\"row-text\">High-Performance Computing<\/div>\n<div class=\"row-text\">Postfach 70 08 22<\/div>\n<div class=\"row-text\">22008 Hamburg<\/div>\n<\/div>\n<\/div>\n<\/div>\n<h2>Short bio<\/h2>\n<p><strong>Note: Since 1 May 2024, I have moved to a new position at DESY\/Universit\u00e4t Hamburg. You can reach me via philipp.neumann@desy.de.<\/strong><\/p>\n<table style=\"width: 100%\">\n<tbody>\n<tr>\n<td style=\"vertical-align: top\">since 08\/2019<\/td>\n<td>Chair for High Performance Computing, Helmut-Schmidt-Universit\u00e4t<\/td>\n<\/tr>\n<tr>\n<td style=\"vertical-align: top\">01\/2017-07\/2019<\/td>\n<td>Postdoc, Scientific Computing group, Universit\u00e4t Hamburg<br \/>\n05\/2019 Habilitation, Chair for Scientific Computing, Technische Universit\u00e4t M\u00fcnchen<\/td>\n<\/tr>\n<tr>\n<td style=\"vertical-align: top\">10\/2016-07\/2019<\/td>\n<td>Senior researcher, Deutsches Klimarechenzentrum, Department for application support<\/td>\n<\/tr>\n<tr>\n<td style=\"vertical-align: top\">07\/2013-09\/2016<\/td>\n<td style=\"vertical-align: top\">Postdoc, Chair for Scientific Computing, Technische Universit\u00e4t M\u00fcnchen<br \/>\n08\/2015 Research visit at Brown University, Division for Applied Mathematics<br \/>\n08\/2014 Lecturer Visit at Universidade Federal de Juiz de Fora, Laboratory of Computational Physiology<br \/>\n12\/2013-09\/2016 Scientific program manager for DFG priority program Software for Exascale Computing (SPPEXA)<\/td>\n<\/tr>\n<tr>\n<td style=\"vertical-align: top\">10\/2008-07\/2013<\/td>\n<td>PhD (<abbr title=\"Doktor\">Dr.<\/abbr> <abbr title=\"rerum\">rer.<\/abbr> nat.), Chair for Scientific Computing, Technische Universit\u00e4t M\u00fcnchen<br \/>\n01\/2012-02\/2012 Research visit at <abbr title=\"Technische Universit\u00e4t\">TU<\/abbr> Eindhoven, Department of Applied Physics<br \/>\n02\/2011-04\/2011 Research visit at <abbr title=\"Technische Universit\u00e4t\">TU<\/abbr> Eindhoven, Department of Applied Physics<\/td>\n<\/tr>\n<tr>\n<td style=\"vertical-align: top\">10\/2003-08\/2008<\/td>\n<td>Undergraduate studies in Technomathematik, Friedrich-Alexander-Universit\u00e4t Erlangen-N\u00fcrnberg<\/td>\n<\/tr>\n<\/tbody>\n<\/table>\n<h2>Professional Activities<\/h2>\n<ul>\n<li>since 2021: Steering Committee Member, International Symposium on Parallel and Distributed Computing (ISPDC)<\/li>\n<li>IPDPS 2021: Program Committee Member, International Workshop on Parallel and Distributed Scientific and Engineering Computing (PDSEC)<\/li>\n<li>ICCS 2021: Member of the Multiscale Modelling and Simulation Workshop Programme Committee<\/li>\n<li>ISC HPC 2021: Member of Project Poster Committee<\/li>\n<li>PASC 2021: Member of Minisymposia and Poster Program Committee<\/li>\n<li>ESCO 2020: Member of Organizing Committee<\/li>\n<li>ICCS 2020: Member of the Multiscale Modelling and Simulation Workshop Programme Committee<\/li>\n<li>PASC 2020: Member of Minisymposia and Poster Program Committee<\/li>\n<li>ISC HPC 2020: Chair of Project Poster Track<\/li>\n<li>PASC 2019: Member of Minisymposia and Poster Program Committee<\/li>\n<li>ISC HPC 2019: Deputy Chair of Project Poster Track, Member of HPC Algorithms Track<\/li>\n<li>IEEE Cluster 2018: Member of Programme Committee<\/li>\n<\/ul>\n","protected":false},"excerpt":{"rendered":"<p>Visiting Address Helmut-Schmidt-Universit\u00e4t faculty of mechanical engineering and construction engineering High-Performance Computing Holstenhofweg 85 22043 Hamburg Postal Address Helmut-Schmidt-Universit\u00e4t Fakult\u00e4t f\u00fcr Maschinenbau and Bauingenieurwesen High-Performance Computing Postfach 70 08 22 [&hellip;]<\/p>\n","protected":false},"author":2223,"featured_media":0,"parent":0,"menu_order":0,"comment_status":"closed","ping_status":"closed","template":"","meta":{"footnotes":""},"categories":[4],"tags":[],"class_list":["post-220","page","type-page","status-publish","hentry","category-forschung"],"_links":{"self":[{"href":"https:\/\/www.hsu-hh.de\/hpc\/wp-json\/wp\/v2\/pages\/220","targetHints":{"allow":["GET"]}}],"collection":[{"href":"https:\/\/www.hsu-hh.de\/hpc\/wp-json\/wp\/v2\/pages"}],"about":[{"href":"https:\/\/www.hsu-hh.de\/hpc\/wp-json\/wp\/v2\/types\/page"}],"author":[{"embeddable":true,"href":"https:\/\/www.hsu-hh.de\/hpc\/wp-json\/wp\/v2\/users\/2223"}],"replies":[{"embeddable":true,"href":"https:\/\/www.hsu-hh.de\/hpc\/wp-json\/wp\/v2\/comments?post=220"}],"version-history":[{"count":36,"href":"https:\/\/www.hsu-hh.de\/hpc\/wp-json\/wp\/v2\/pages\/220\/revisions"}],"predecessor-version":[{"id":1576,"href":"https:\/\/www.hsu-hh.de\/hpc\/wp-json\/wp\/v2\/pages\/220\/revisions\/1576"}],"wp:attachment":[{"href":"https:\/\/www.hsu-hh.de\/hpc\/wp-json\/wp\/v2\/media?parent=220"}],"wp:term":[{"taxonomy":"category","embeddable":true,"href":"https:\/\/www.hsu-hh.de\/hpc\/wp-json\/wp\/v2\/categories?post=220"},{"taxonomy":"post_tag","embeddable":true,"href":"https:\/\/www.hsu-hh.de\/hpc\/wp-json\/wp\/v2\/tags?post=220"}],"curies":[{"name":"wp","href":"https:\/\/api.w.org\/{rel}","templated":true}]}}