{"id":1213,"date":"2023-01-10T13:59:19","date_gmt":"2023-01-10T12:59:19","guid":{"rendered":"https:\/\/www.hsu-hh.de\/hpc\/?page_id=1213"},"modified":"2025-06-02T19:46:24","modified_gmt":"2025-06-02T17:46:24","slug":"mast-publications-results","status":"publish","type":"page","link":"https:\/\/www.hsu-hh.de\/hpc\/mast-publications-results\/","title":{"rendered":"MaST: Publications &amp; Results"},"content":{"rendered":"\n<h2 class=\"wp-block-heading\">Publications<\/h2>\n\n\n\n<p><a href=\"https:\/\/www.dl.begellhouse.com\/journals\/6a7c7e10642258cc,0261ab566c16889e,1a5926cf460e578d.html\" rel='nofollow'>M. Son, A. Doehring, M. Klein, L. Zigan, M. Pfitzner, T. Sander. Experimental and Numerical Investigation of Cyclopentane Sprays in Transcritical Environment. Atomization and Sprays 35(4), 1-29, 2025<\/a><\/p>\n\n\n\n<p><a href=\"https:\/\/pubs.aip.org\/aip\/pof\/article\/36\/6\/065141\/3298694\/Two-dimensional-direct-numerical-simulation-study\" rel='nofollow'>A. Doehring, T. Trummler, M. Pfitzner, M. Klein. Two-dimensional direct numerical simulation study of multicomponent mixing with phase transition in a transcritical shear layer. Physics of Fluids 36, 065141, 2024<\/a><\/p>\n\n\n\n<p><a href=\"https:\/\/www.sciencedirect.com\/science\/article\/pii\/S0009250924006808#ac0010\" rel='nofollow'>R. Stierle, G. Bauer, N. Thiele, B. Bursik, P. Rehner, J. Gross. Classical density functional theory in three dimensions with GPU-accelerated automatic differentiation: Computational performance analysis using the example of adsorption in covalent-organic frameworks. Chemical Engineering Science 298, 120380, 2024<\/a><\/p>\n\n\n\n<p><a href=\"https:\/\/pubs.aip.org\/aip\/pof\/article-abstract\/36\/4\/042007\/3281094\/Viscosities-of-inhomogeneous-systems-from?redirectedFrom=fulltext\" rel='nofollow'>B. Bursik, R. Stierle, A. Schlaich, P. Rehner, J. Gross. Viscosities of inhomogeneous systems from generalized entropy scaling. Physics of Fluids 36, 042007, 2024<\/a><\/p>\n\n\n\n<p><a href=\"https:\/\/pubs.aip.org\/aip\/pof\/article-abstract\/36\/2\/022122\/3267698\/Resistivities-across-the-vapor-liquid-interface-of?redirectedFrom=fulltext\" rel='nofollow'>S. Homes, J. Vrabec. Resistivities across the vapor-liquid interface of a simple fluid: An assessment of methods. Physics of Fluids 36, 022122, 2024<\/a><\/p>\n\n\n\n<p><a href=\"https:\/\/doi.org\/10.1145\/3636480.3636486\" data-type=\"link\" data-id=\"https:\/\/doi.org\/10.1145\/3636480.3636486\" rel='nofollow'>A. Das Sharma, R. Horn, P. Neumann. The Error-Energy Tradeoff in Molecular and Molecular-Continuum Fluid Simulations. HPC Asia 2024 (workshop MMCP), pp. 111-121, 2024<\/a><\/p>\n\n\n\n<p><a href=\"https:\/\/doi.org\/10.3389\/fphy.2023.1192416\" rel='nofollow'>C. Steinhausen, V. Gerber, R. Stierle, A. Preusche, A. Dreizler, J. Gross, B. Weigand, G. Lamanna. Characterisation of the transient mixing behaviour of evaporating near-critical droplets. Frontiers in Physics 11, 1192416, 2023<\/a><\/p>\n\n\n\n<p><a href=\"https:\/\/doi.org\/10.1007\/978-3-031-40843-4_42\" rel='nofollow'>L. Viot, Y. Piel, P. Neumann. From Desktop to Supercomputer: Computational Fluid Dynamics Augmented by Molecular Dynamics using MaMiCo and preCICE. ISC HPC Workshop Proceedings 2023, pp. 567-576, 2023<\/a><\/p>\n\n\n\n<p><a href=\"https:\/\/doi.org\/10.1063\/5.0159979\" rel='nofollow'>T. Jeyaseelan, M. Son, T. Sander, L. Zigan. Experimental and Modeling Analysis of the Transient Spray Characteristics of Cyclopentane at Sub- and Transcritical Conditions using a Machine Learning Approach. Physics of Fluids 35, 083119, 2023<\/a><\/p>\n\n\n\n<p><a href=\"https:\/\/link.springer.com\/chapter\/10.1007\/978-3-031-36027-5_42\" rel='nofollow'>P. Jarmatz, S. Lerdo, P. Neumann. Convolutional Recurrent Autoencoder for Molecular-Continuum Coupling. ICCS 2023 proceedings, pp. 535-549, 2023<\/a><\/p>\n\n\n\n<p><a href=\"https:\/\/pubs.aip.org\/aip\/pof\/article\/35\/5\/052111\/2891408\/Influence-of-molecular-anisotropy-and-quadrupolar\" data-type=\"URL\" data-id=\"https:\/\/pubs.aip.org\/aip\/pof\/article\/35\/5\/052111\/2891408\/Influence-of-molecular-anisotropy-and-quadrupolar\" rel='nofollow'>S. Homes, M. Heinen, J. Vrabec. Influence of molecular anisotropy and quadrupolar moment on evaporation. Physics of Fluids 35, 05211, 2023<\/a><\/p>\n\n\n\n<p><a href=\"https:\/\/www.sciencedirect.com\/science\/article\/abs\/pii\/S0377042723002224\" data-type=\"URL\" data-id=\"https:\/\/www.sciencedirect.com\/science\/article\/abs\/pii\/S0377042723002224\" rel='nofollow'>S.J. Newcome, F.A. Gratl, P. Neumann, H.-J. Bungartz. Towards Auto-tuning Multi-Site Molecular Dynamics Simulations with AutoPas. Journal of Computational and Applied Mathematics 433, 115278, 2023<\/a><\/p>\n\n\n\n<p><a href=\"https:\/\/doi.org\/10.3390\/en16052113\" rel='nofollow'>A. Begemann, T. Trummler, A. Doehring, M. Pfitzner, M. Klein. Assessment of the Thermodynamic and Numerical Modeling of LES of Multi-Component Jet Mixing at High Pressure. Energies 16, 2113, 2023<\/a><\/p>\n\n\n\n<p><a href=\"https:\/\/dl.acm.org\/doi\/abs\/10.1145\/3578178.3578220\" rel='nofollow'>V. Jafari, P. Neumann. Fault Tolerance for Ensemble-based Molecular-Continuum Flow Simulations. HPC Asia 2023 proceedings, pp.35-45, 2023<\/a><\/p>\n\n\n\n<p><a href=\"https:\/\/openhsu.ub.hsu-hh.de\/handle\/10.24405\/14537\" data-type=\"URL\" data-id=\"https:\/\/openhsu.ub.hsu-hh.de\/handle\/10.24405\/14537\" rel='nofollow'>P. Neumann, A. Das Sharma, L. Viot, T. Trummler, A. Doehring, M. Son, T. Sander, M. Pfitzner, L. Zigan, M. Klein, F. Gratl, S. Newcome, H.-J. Bungartz, I. Nitzke, S. Homes, J. Vrabec, R. Stierle, J. Gross, A. Auweter, N. Tippmann. MaST: Scale-Bridging Exploration of Transcritical Fluid Systems. dtec.bw-Beitr\u00e4ge der Helmut-Schmidt-Universit\u00e4t \/ Universit\u00e4t der Bundeswehr Hamburg: Forschungsaktivit\u00e4ten im Zentrum f\u00fcr Digitalisierungs- und Technologieforschung der Bundeswehr,  pp. 101-106, 2022<\/a><\/p>\n\n\n\n<p><a href=\"https:\/\/www.sciencedirect.com\/science\/article\/pii\/S2352711022001698\" data-type=\"URL\" data-id=\"https:\/\/www.sciencedirect.com\/science\/article\/pii\/S2352711022001698\" rel='nofollow'>P. Jarmatz, H. Wittenberg, V. Jafari, A. Das Sharma, F. Maurer, N. Wittmer, P. Neumann. MaMiCo 2.0: An enhanced open-source framework for high-performance molecular-continuum flow simulation. SoftwareX 20, 101251, 2022<\/a><\/p>\n\n\n\n<p><a href=\"https:\/\/aip.scitation.org\/doi\/10.1063\/5.0122277\" data-type=\"URL\" data-id=\"https:\/\/aip.scitation.org\/doi\/10.1063\/5.0122277\" rel='nofollow'>T. Trummler, M. Glatzle, A. Doehring, N. Urban, M. Klein. Thermodynamic modeling for numerical simulations based on the generalized cubic equation of state. Physics of Fluids 34(11), 116126, 2022<\/a><\/p>\n\n\n\n<p><a href=\"https:\/\/www.sciencedirect.com\/science\/article\/abs\/pii\/S1877750322000424\" data-type=\"URL\" data-id=\"https:\/\/www.sciencedirect.com\/science\/article\/abs\/pii\/S1877750322000424\" rel='nofollow'>P. Jarmatz, F. Maurer, H. Wittenberg, P. Neumann. MaMiCo: Non-local means and POD filtering with flexible data-flow for two-way coupled molecular-continuum HPC flow simulation. Journal of Computational Science 61, 101617, 2022<\/a><\/p>\n\n\n\n<p><a href=\"https:\/\/dl.acm.org\/doi\/abs\/10.1145\/3492805.3492812\" data-type=\"URL\" data-id=\"https:\/\/dl.acm.org\/doi\/abs\/10.1145\/3492805.3492812\" rel='nofollow'>V. Jafari, N. Wittmer, P. Neumann. Massively Parallel Molecular-Continuum Flow Simulation with Error Controland Dynamic Ensemble Handling. HPC Asia 2022 proceedings, pp. 52-60, 2022<\/a><\/p>\n\n\n\n<p><a href=\"https:\/\/link.springer.com\/chapter\/10.1007\/978-3-030-77977-1_46\" data-type=\"URL\" data-id=\"https:\/\/link.springer.com\/chapter\/10.1007\/978-3-030-77977-1_46\" rel='nofollow'>P. Jarmatz, F. Maurer, P. Neumann. MaMiCo: Non-Local Means Filteringwith Flexible Data-Flow for Coupling MD and CFD. Lecture Notes in Computer Science 12746 (ICCS 2021 proceedings), pp. 576-589, 2021<\/a><\/p>\n\n\n\n<p><a href=\"https:\/\/www.mdpi.com\/2079-3197\/9\/12\/128\" data-type=\"URL\" data-id=\"https:\/\/www.mdpi.com\/2079-3197\/9\/12\/128\" rel='nofollow'>H. Wittenberg, P. Neumann. Transient Two-Way Molecular-Continuum Coupling with OpenFOAM and MaMiCo: A Sensitivity Study. Computation 9(12), 128, 2021<\/a><\/p>\n\n\n\n<hr class=\"wp-block-separator has-alpha-channel-opacity\" \/>\n\n\n\n<div class=\"wp-block-columns is-layout-flex wp-container-core-columns-is-layout-9d6595d7 wp-block-columns-is-layout-flex\">\n<div class=\"wp-block-column is-layout-flow wp-block-column-is-layout-flow\">\n<figure class=\"wp-block-image size-large is-resized\"><a href=\"https:\/\/www.hsu-hh.de\/hpc\/mast-macro-micro-simulation-of-phase-decomposition-in-the-transcritical-regime\/\"><img loading=\"lazy\" decoding=\"async\" width=\"1024\" height=\"512\" src=\"https:\/\/www.hsu-hh.de\/hpc\/wp-content\/uploads\/sites\/813\/2023\/01\/mast_logo-1024x512.png\" data-credit=\"Medienzentrum HSU\/Schwarz\" alt=\"\" class=\"wp-image-1246\" style=\"width:187px;height:93px\" srcset=\"https:\/\/www.hsu-hh.de\/hpc\/wp-content\/uploads\/sites\/813\/2023\/01\/mast_logo-1024x512.png 1024w, https:\/\/www.hsu-hh.de\/hpc\/wp-content\/uploads\/sites\/813\/2023\/01\/mast_logo-300x150.png 300w, https:\/\/www.hsu-hh.de\/hpc\/wp-content\/uploads\/sites\/813\/2023\/01\/mast_logo-768x384.png 768w, https:\/\/www.hsu-hh.de\/hpc\/wp-content\/uploads\/sites\/813\/2023\/01\/mast_logo-1536x768.png 1536w, https:\/\/www.hsu-hh.de\/hpc\/wp-content\/uploads\/sites\/813\/2023\/01\/mast_logo-400x200.png 400w, https:\/\/www.hsu-hh.de\/hpc\/wp-content\/uploads\/sites\/813\/2023\/01\/mast_logo-1100x550.png 1100w, https:\/\/www.hsu-hh.de\/hpc\/wp-content\/uploads\/sites\/813\/2023\/01\/mast_logo.png 1723w\" sizes=\"auto, (max-width: 1024px) 100vw, 1024px\" \/><\/a><\/figure>\n<\/div>\n\n\n\n<div class=\"wp-block-column is-layout-flow wp-block-column-is-layout-flow\">\n<p>MaST is funded by dtec.bw &#8211; Digitalization and Technology Research Center of the Bundeswehr. dtec.bw is funded by the European Union &#8211; NextGenerationEU.<\/p>\n<\/div>\n\n\n\n<div class=\"wp-block-column is-layout-flow wp-block-column-is-layout-flow\">\n<figure class=\"wp-block-image size-large\"><img loading=\"lazy\" decoding=\"async\" width=\"1024\" height=\"241\" src=\"https:\/\/www.hsu-hh.de\/hpc\/wp-content\/uploads\/sites\/813\/2023\/03\/dtec.bw_EU-Foederhinweis_RGB_vertikal-1024x241.png\" data-credit=\"dtec.bw\" alt=\"\" class=\"wp-image-1343\" srcset=\"https:\/\/www.hsu-hh.de\/hpc\/wp-content\/uploads\/sites\/813\/2023\/03\/dtec.bw_EU-Foederhinweis_RGB_vertikal-1024x241.png 1024w, https:\/\/www.hsu-hh.de\/hpc\/wp-content\/uploads\/sites\/813\/2023\/03\/dtec.bw_EU-Foederhinweis_RGB_vertikal-300x71.png 300w, https:\/\/www.hsu-hh.de\/hpc\/wp-content\/uploads\/sites\/813\/2023\/03\/dtec.bw_EU-Foederhinweis_RGB_vertikal-768x181.png 768w, https:\/\/www.hsu-hh.de\/hpc\/wp-content\/uploads\/sites\/813\/2023\/03\/dtec.bw_EU-Foederhinweis_RGB_vertikal-1100x259.png 1100w, https:\/\/www.hsu-hh.de\/hpc\/wp-content\/uploads\/sites\/813\/2023\/03\/dtec.bw_EU-Foederhinweis_RGB_vertikal.png 1418w\" sizes=\"auto, (max-width: 1024px) 100vw, 1024px\" \/><\/figure>\n<\/div>\n<\/div>\n\n\n\n<p><strong><a href=\"https:\/\/www.hsu-hh.de\/hpc\/mast-macro-micro-simulation-of-phase-decomposition-in-the-transcritical-regime\/\">back to MasT overview<\/a><\/strong><\/p>\n","protected":false},"excerpt":{"rendered":"<p>Publications M. Son, A. Doehring, M. Klein, L. Zigan, M. Pfitzner, T. Sander. Experimental and Numerical Investigation of Cyclopentane Sprays in Transcritical Environment. Atomization and Sprays 35(4), 1-29, 2025 A. [&hellip;]<\/p>\n","protected":false},"author":2223,"featured_media":0,"parent":0,"menu_order":0,"comment_status":"closed","ping_status":"closed","template":"","meta":{"footnotes":""},"categories":[4],"tags":[],"class_list":["post-1213","page","type-page","status-publish","hentry","category-forschung"],"_links":{"self":[{"href":"https:\/\/www.hsu-hh.de\/hpc\/wp-json\/wp\/v2\/pages\/1213","targetHints":{"allow":["GET"]}}],"collection":[{"href":"https:\/\/www.hsu-hh.de\/hpc\/wp-json\/wp\/v2\/pages"}],"about":[{"href":"https:\/\/www.hsu-hh.de\/hpc\/wp-json\/wp\/v2\/types\/page"}],"author":[{"embeddable":true,"href":"https:\/\/www.hsu-hh.de\/hpc\/wp-json\/wp\/v2\/users\/2223"}],"replies":[{"embeddable":true,"href":"https:\/\/www.hsu-hh.de\/hpc\/wp-json\/wp\/v2\/comments?post=1213"}],"version-history":[{"count":21,"href":"https:\/\/www.hsu-hh.de\/hpc\/wp-json\/wp\/v2\/pages\/1213\/revisions"}],"predecessor-version":[{"id":1655,"href":"https:\/\/www.hsu-hh.de\/hpc\/wp-json\/wp\/v2\/pages\/1213\/revisions\/1655"}],"wp:attachment":[{"href":"https:\/\/www.hsu-hh.de\/hpc\/wp-json\/wp\/v2\/media?parent=1213"}],"wp:term":[{"taxonomy":"category","embeddable":true,"href":"https:\/\/www.hsu-hh.de\/hpc\/wp-json\/wp\/v2\/categories?post=1213"},{"taxonomy":"post_tag","embeddable":true,"href":"https:\/\/www.hsu-hh.de\/hpc\/wp-json\/wp\/v2\/tags?post=1213"}],"curies":[{"name":"wp","href":"https:\/\/api.w.org\/{rel}","templated":true}]}}