{"id":1209,"date":"2023-01-10T13:56:26","date_gmt":"2023-01-10T12:56:26","guid":{"rendered":"https:\/\/www.hsu-hh.de\/hpc\/?page_id=1209"},"modified":"2024-11-18T08:30:24","modified_gmt":"2024-11-18T07:30:24","slug":"mast-consortium","status":"publish","type":"page","link":"https:\/\/www.hsu-hh.de\/hpc\/mast-consortium\/","title":{"rendered":"MaST: Consortium"},"content":{"rendered":"<div class=\"wp-block-image\">\n<figure class=\"aligncenter size-large\"><img loading=\"lazy\" decoding=\"async\" width=\"1024\" height=\"80\" src=\"https:\/\/www.hsu-hh.de\/hpc\/wp-content\/uploads\/sites\/813\/2023\/01\/logos-1024x80.png\" data-credit=\"Diverse\" alt=\"mast_logos\" class=\"wp-image-1234\" srcset=\"https:\/\/www.hsu-hh.de\/hpc\/wp-content\/uploads\/sites\/813\/2023\/01\/logos-1024x80.png 1024w, https:\/\/www.hsu-hh.de\/hpc\/wp-content\/uploads\/sites\/813\/2023\/01\/logos-300x23.png 300w, https:\/\/www.hsu-hh.de\/hpc\/wp-content\/uploads\/sites\/813\/2023\/01\/logos-768x60.png 768w, https:\/\/www.hsu-hh.de\/hpc\/wp-content\/uploads\/sites\/813\/2023\/01\/logos-1536x120.png 1536w, https:\/\/www.hsu-hh.de\/hpc\/wp-content\/uploads\/sites\/813\/2023\/01\/logos-2048x160.png 2048w, https:\/\/www.hsu-hh.de\/hpc\/wp-content\/uploads\/sites\/813\/2023\/01\/logos-1100x86.png 1100w\" sizes=\"auto, (max-width: 1024px) 100vw, 1024px\" \/><\/figure>\n<\/div>\n\n\n<p><\/p>\n\n\n\n<p><\/p>\n\n\n\n<p><strong>Helmut-Schmidt-Universit\u00e4t\/ Universit\u00e4t der Bundeswehr Hamburg:<\/strong><br><a href=\"https:\/\/www.hsu-hh.de\/hpc\/\" data-type=\"URL\" data-id=\"https:\/\/www.hsu-hh.de\/hpc\/\"><abbr title=\"Professor\">Prof.<\/abbr> <abbr title=\"Doktor\">Dr.<\/abbr> Philipp Neumann, High Performance Computing<\/a><\/p>\n\n\n\n<p><strong>Technische Universit\u00e4t M\u00fcnchen:<\/strong><br><a href=\"https:\/\/www.cs.cit.tum.de\/sccs\/startseite\/\" data-type=\"URL\" data-id=\"https:\/\/www.cs.cit.tum.de\/sccs\/startseite\/\" rel='nofollow'><abbr title=\"Professor\">Prof.<\/abbr> <abbr title=\"Doktor\">Dr.<\/abbr> Hans-Joachim Bungartz, Scientific Computing in Computer Science <\/a><\/p>\n\n\n\n<p><strong>Universit\u00e4t der Bundeswehr M\u00fcnchen:<\/strong><br><a href=\"https:\/\/www.unibw.de\/lrt1\" data-type=\"URL\" data-id=\"https:\/\/www.unibw.de\/lrt1\" rel='nofollow'><abbr title=\"Professor\">Prof.<\/abbr> <abbr title=\"Doktor\">Dr.<\/abbr>&#8211;<abbr title=\"Ingenieur\">Ing.<\/abbr> Markus Klein, Numerical Methods in Aerospace Engineering<\/a><br><a href=\"https:\/\/www.unibw.de\/thermodynamik\" data-type=\"URL\" data-id=\"https:\/\/www.unibw.de\/thermodynamik\" rel='nofollow'><abbr title=\"Professor\">Prof.<\/abbr> <abbr title=\"Doktor\">Dr.<\/abbr>&#8211;<abbr title=\"Ingenieur\">Ing.<\/abbr> Lars Zigan, <abbr title=\"Professor\">Prof.<\/abbr> Dr-<abbr title=\"Ingenieur\">Ing.<\/abbr> Michael Pfitzner (retired), <abbr title=\"Professor\">Prof.<\/abbr> <abbr title=\"Doktor\">Dr.<\/abbr> Tobias Sander, Thermodynamics<\/a><\/p>\n\n\n\n<p><strong>Technische Universit\u00e4t Berlin:<\/strong><br><abbr title=\"Professor\">Prof.<\/abbr> <abbr title=\"Doktor\">Dr.<\/abbr>&#8211;<abbr title=\"Ingenieur\">Ing.<\/abbr> Jadran Vrabec, Process Engineering <\/p>\n\n\n\n<p><strong>Universit\u00e4t Stuttgart:<\/strong><br><a href=\"https:\/\/www.itt.uni-stuttgart.de\/\" data-type=\"URL\" data-id=\"https:\/\/www.itt.uni-stuttgart.de\/\" rel='nofollow'><abbr title=\"Professor\">Prof.<\/abbr> <abbr title=\"Doktor\">Dr.<\/abbr>&#8211;<abbr title=\"Ingenieur\">Ing.<\/abbr> Joachim Gro\u00df, Thermodynamics and Thermal Process Engineering <\/a><\/p>\n\n\n\n<p><strong>MEGWARE Computer Vertrieb und Service <abbr title=\"Gesellschaft mit beschr\u00e4nkter Haftung\">GmbH<\/abbr>:<\/strong><br><a href=\"https:\/\/www.megware.com\/\" data-type=\"URL\" data-id=\"https:\/\/www.megware.com\/\" rel='nofollow'><abbr title=\"Doktor\">Dr.<\/abbr> Axel Auweter, Nico Tippmann<\/a><\/p>\n\n\n\n<hr class=\"wp-block-separator has-alpha-channel-opacity\" \/>\n\n\n\n<div class=\"wp-block-columns is-layout-flex wp-container-core-columns-is-layout-9d6595d7 wp-block-columns-is-layout-flex\">\n<div class=\"wp-block-column is-layout-flow wp-block-column-is-layout-flow\">\n<figure class=\"wp-block-image size-large is-resized\"><a href=\"https:\/\/www.hsu-hh.de\/hpc\/mast-consortium\/\"><img loading=\"lazy\" decoding=\"async\" width=\"1024\" height=\"512\" src=\"https:\/\/www.hsu-hh.de\/hpc\/wp-content\/uploads\/sites\/813\/2023\/01\/mast_logo-1024x512.png\" data-credit=\"Medienzentrum HSU\/Schwarz\" alt=\"\" class=\"wp-image-1246\" style=\"width:187px;height:93px\" srcset=\"https:\/\/www.hsu-hh.de\/hpc\/wp-content\/uploads\/sites\/813\/2023\/01\/mast_logo-1024x512.png 1024w, https:\/\/www.hsu-hh.de\/hpc\/wp-content\/uploads\/sites\/813\/2023\/01\/mast_logo-300x150.png 300w, https:\/\/www.hsu-hh.de\/hpc\/wp-content\/uploads\/sites\/813\/2023\/01\/mast_logo-768x384.png 768w, https:\/\/www.hsu-hh.de\/hpc\/wp-content\/uploads\/sites\/813\/2023\/01\/mast_logo-1536x768.png 1536w, https:\/\/www.hsu-hh.de\/hpc\/wp-content\/uploads\/sites\/813\/2023\/01\/mast_logo-400x200.png 400w, https:\/\/www.hsu-hh.de\/hpc\/wp-content\/uploads\/sites\/813\/2023\/01\/mast_logo-1100x550.png 1100w, https:\/\/www.hsu-hh.de\/hpc\/wp-content\/uploads\/sites\/813\/2023\/01\/mast_logo.png 1723w\" sizes=\"auto, (max-width: 1024px) 100vw, 1024px\" \/><\/a><\/figure>\n<\/div>\n\n\n\n<div class=\"wp-block-column is-layout-flow wp-block-column-is-layout-flow\">\n<p>MaST is funded by dtec.bw &#8211; Digitalization and Technology Research Center of the Bundeswehr. dtec.bw is funded by the European Union &#8211; NextGenerationEU.<\/p>\n<\/div>\n\n\n\n<div class=\"wp-block-column is-layout-flow wp-block-column-is-layout-flow\">\n<figure class=\"wp-block-image size-large\"><img loading=\"lazy\" decoding=\"async\" width=\"1024\" height=\"241\" src=\"https:\/\/www.hsu-hh.de\/hpc\/wp-content\/uploads\/sites\/813\/2023\/03\/dtec.bw_EU-Foederhinweis_RGB_vertikal-1024x241.png\" data-credit=\"dtec.bw\" alt=\"\" class=\"wp-image-1343\" srcset=\"https:\/\/www.hsu-hh.de\/hpc\/wp-content\/uploads\/sites\/813\/2023\/03\/dtec.bw_EU-Foederhinweis_RGB_vertikal-1024x241.png 1024w, https:\/\/www.hsu-hh.de\/hpc\/wp-content\/uploads\/sites\/813\/2023\/03\/dtec.bw_EU-Foederhinweis_RGB_vertikal-300x71.png 300w, https:\/\/www.hsu-hh.de\/hpc\/wp-content\/uploads\/sites\/813\/2023\/03\/dtec.bw_EU-Foederhinweis_RGB_vertikal-768x181.png 768w, https:\/\/www.hsu-hh.de\/hpc\/wp-content\/uploads\/sites\/813\/2023\/03\/dtec.bw_EU-Foederhinweis_RGB_vertikal-1100x259.png 1100w, https:\/\/www.hsu-hh.de\/hpc\/wp-content\/uploads\/sites\/813\/2023\/03\/dtec.bw_EU-Foederhinweis_RGB_vertikal.png 1418w\" sizes=\"auto, (max-width: 1024px) 100vw, 1024px\" \/><\/figure>\n<\/div>\n<\/div>\n\n\n\n<p><strong><a href=\"https:\/\/www.hsu-hh.de\/hpc\/mast-macro-micro-simulation-of-phase-decomposition-in-the-transcritical-regime\/\">back to MaST overview<\/a><\/strong><\/p>\n","protected":false},"excerpt":{"rendered":"<p>Helmut-Schmidt-Universit\u00e4t\/ Universit\u00e4t der Bundeswehr Hamburg:Prof. Dr. Philipp Neumann, High Performance Computing Technische Universit\u00e4t M\u00fcnchen:Prof. Dr. Hans-Joachim Bungartz, Scientific Computing in Computer Science Universit\u00e4t der Bundeswehr M\u00fcnchen:Prof. Dr.&#8211;Ing. Markus Klein, Numerical [&hellip;]<\/p>\n","protected":false},"author":2223,"featured_media":0,"parent":0,"menu_order":0,"comment_status":"closed","ping_status":"closed","template":"","meta":{"footnotes":""},"categories":[4],"tags":[],"class_list":["post-1209","page","type-page","status-publish","hentry","category-forschung"],"_links":{"self":[{"href":"https:\/\/www.hsu-hh.de\/hpc\/wp-json\/wp\/v2\/pages\/1209","targetHints":{"allow":["GET"]}}],"collection":[{"href":"https:\/\/www.hsu-hh.de\/hpc\/wp-json\/wp\/v2\/pages"}],"about":[{"href":"https:\/\/www.hsu-hh.de\/hpc\/wp-json\/wp\/v2\/types\/page"}],"author":[{"embeddable":true,"href":"https:\/\/www.hsu-hh.de\/hpc\/wp-json\/wp\/v2\/users\/2223"}],"replies":[{"embeddable":true,"href":"https:\/\/www.hsu-hh.de\/hpc\/wp-json\/wp\/v2\/comments?post=1209"}],"version-history":[{"count":16,"href":"https:\/\/www.hsu-hh.de\/hpc\/wp-json\/wp\/v2\/pages\/1209\/revisions"}],"predecessor-version":[{"id":1596,"href":"https:\/\/www.hsu-hh.de\/hpc\/wp-json\/wp\/v2\/pages\/1209\/revisions\/1596"}],"wp:attachment":[{"href":"https:\/\/www.hsu-hh.de\/hpc\/wp-json\/wp\/v2\/media?parent=1209"}],"wp:term":[{"taxonomy":"category","embeddable":true,"href":"https:\/\/www.hsu-hh.de\/hpc\/wp-json\/wp\/v2\/categories?post=1209"},{"taxonomy":"post_tag","embeddable":true,"href":"https:\/\/www.hsu-hh.de\/hpc\/wp-json\/wp\/v2\/tags?post=1209"}],"curies":[{"name":"wp","href":"https:\/\/api.w.org\/{rel}","templated":true}]}}