{"id":75,"date":"2017-07-03T15:52:18","date_gmt":"2017-07-03T13:52:18","guid":{"rendered":"https:\/\/www.hsu-hh.de\/vorlage\/?page_id=75"},"modified":"2026-04-16T13:54:28","modified_gmt":"2026-04-16T11:54:28","slug":"startpage","status":"publish","type":"page","link":"https:\/\/www.hsu-hh.de\/hmech\/en\/","title":{"rendered":"Welcome to the Chair of Hydromechanics"},"content":{"rendered":"\n<hr class=\"wp-block-separator has-css-opacity\" \/>\n\n\n\n<div class=\"wp-block-columns is-layout-flex wp-container-core-columns-is-layout-9d6595d7 wp-block-columns-is-layout-flex\">\n<div class=\"wp-block-column is-layout-flow wp-block-column-is-layout-flow\" style=\"flex-basis:38%\">\n<h2 class=\"wp-block-heading\">Profile<\/h2>\n\n\n\n<hr class=\"wp-block-separator has-css-opacity\" \/>\n\n\n\n<p>Motivated by research topics that arise from such applications as geothermal energy, groundwater contamination and remediation, subsurface carbon dioxide storage, and radioactive waste storage, we are interested in describing, understanding, and modelling multiphase flow and transport, geochemical, and microbial processes in porous and fractured media.<\/p>\n\n\n\n<hr class=\"wp-block-separator has-alpha-channel-opacity\" \/>\n<\/div>\n\n\n\n<div class=\"wp-block-column is-layout-flow wp-block-column-is-layout-flow\" style=\"flex-basis:2%\">\n<div style=\"height:0px\" aria-hidden=\"true\" class=\"wp-block-spacer\"><\/div>\n<\/div>\n\n\n\n<div class=\"wp-block-column is-layout-flow wp-block-column-is-layout-flow\" style=\"flex-basis:60%\">\n<h2 class=\"wp-block-heading\">News<\/h2>\n\n\n\n<hr class=\"wp-block-separator has-alpha-channel-opacity\" \/>\n\n\n\n<p><strong>01 April 2026:<\/strong> Welcome, Mr Prashant Kashyap, to the chair.. Starting today, Mr  Kashyap will be working as a doctoral candidate within the DFG\/ANR project: &#8222;<a href=\"https:\/\/gepris.dfg.de\/gepris\/projekt\/568788283?language=en\" data-type=\"link\" data-id=\"https:\/\/gepris.dfg.de\/gepris\/projekt\/568788283\" target=\"_blank\" rel=\"noreferrer noopener\">Optimization of in-situ microbially induced carbonate precipitation in heterogeneous porous media<\/a>&#8220; .<\/p>\n\n\n\n<figure class=\"wp-block-image size-large\"><img loading=\"lazy\" decoding=\"async\" width=\"1024\" height=\"689\" src=\"https:\/\/www.hsu-hh.de\/hmech\/wp-content\/uploads\/sites\/845\/2026\/04\/PKashyap-1024x689.jpeg\" data-credit=\"P. Kashyap\" alt=\"P. Kashyap\" class=\"wp-image-1742\" srcset=\"https:\/\/www.hsu-hh.de\/hmech\/wp-content\/uploads\/sites\/845\/2026\/04\/PKashyap-1024x689.jpeg 1024w, https:\/\/www.hsu-hh.de\/hmech\/wp-content\/uploads\/sites\/845\/2026\/04\/PKashyap-300x202.jpeg 300w, https:\/\/www.hsu-hh.de\/hmech\/wp-content\/uploads\/sites\/845\/2026\/04\/PKashyap-768x516.jpeg 768w, https:\/\/www.hsu-hh.de\/hmech\/wp-content\/uploads\/sites\/845\/2026\/04\/PKashyap-1536x1033.jpeg 1536w, https:\/\/www.hsu-hh.de\/hmech\/wp-content\/uploads\/sites\/845\/2026\/04\/PKashyap-1100x740.jpeg 1100w, https:\/\/www.hsu-hh.de\/hmech\/wp-content\/uploads\/sites\/845\/2026\/04\/PKashyap.jpeg 2048w\" sizes=\"auto, (max-width: 1024px) 100vw, 1024px\" \/><\/figure>\n\n\n\n<hr class=\"wp-block-separator has-alpha-channel-opacity\" \/>\n\n\n\n<p><strong>02 March 2026:<\/strong> Welcome, Mr Orkun \u00dcst\u00fcn, to the chair. Starting today, Mr \u00dcst\u00fcn will be working as a doctoral candidate within the DFG project: &#8222;<a href=\"https:\/\/gepris.dfg.de\/gepris\/projekt\/568130664?language=en\" data-type=\"link\" data-id=\"https:\/\/gepris.dfg.de\/gepris\/projekt\/568130664?language=en\" target=\"_blank\" rel=\"noreferrer noopener\">Assessing underground hydrogen storage with natural gas using numerical simulations<\/a>&#8222;.<\/p>\n\n\n\n<figure class=\"wp-block-image size-large\"><img loading=\"lazy\" decoding=\"async\" width=\"1024\" height=\"768\" src=\"https:\/\/www.hsu-hh.de\/hmech\/wp-content\/uploads\/sites\/845\/2026\/02\/Ustun_O-1024x768.jpg\" data-credit=\"\u00dcst\u00fcn\" alt=\"\" class=\"wp-image-1684\" srcset=\"https:\/\/www.hsu-hh.de\/hmech\/wp-content\/uploads\/sites\/845\/2026\/02\/Ustun_O-1024x768.jpg 1024w, https:\/\/www.hsu-hh.de\/hmech\/wp-content\/uploads\/sites\/845\/2026\/02\/Ustun_O-300x225.jpg 300w, https:\/\/www.hsu-hh.de\/hmech\/wp-content\/uploads\/sites\/845\/2026\/02\/Ustun_O-768x576.jpg 768w, https:\/\/www.hsu-hh.de\/hmech\/wp-content\/uploads\/sites\/845\/2026\/02\/Ustun_O-1536x1152.jpg 1536w, https:\/\/www.hsu-hh.de\/hmech\/wp-content\/uploads\/sites\/845\/2026\/02\/Ustun_O-2048x1536.jpg 2048w, https:\/\/www.hsu-hh.de\/hmech\/wp-content\/uploads\/sites\/845\/2026\/02\/Ustun_O-1100x825.jpg 1100w\" sizes=\"auto, (max-width: 1024px) 100vw, 1024px\" \/><\/figure>\n\n\n\n<hr class=\"wp-block-separator has-alpha-channel-opacity\" \/>\n\n\n\n<p><strong>30 November 2025:<\/strong> We bid a fond farewell to Dr Heena Patel (Research Assistant) and wish her all the best.<\/p>\n\n\n\n<hr class=\"wp-block-separator has-alpha-channel-opacity\" \/>\n\n\n\n<p><strong>24 July 2025<\/strong>: Speaking at the &#8222;Young Coastal Scientists and Engineers Conference \u2013 Americas&#8220; in Wilmington, NC, USA.<\/p>\n\n\n\n<figure class=\"wp-block-image size-full is-style-default\"><img loading=\"lazy\" decoding=\"async\" width=\"588\" height=\"524\" src=\"https:\/\/www.hsu-hh.de\/hmech\/wp-content\/uploads\/sites\/845\/2025\/07\/Patel_YCSECA2025.jpeg\" data-credit=\"H. K. Patel\" alt=\"H. Patel\" class=\"wp-image-1654\" srcset=\"https:\/\/www.hsu-hh.de\/hmech\/wp-content\/uploads\/sites\/845\/2025\/07\/Patel_YCSECA2025.jpeg 588w, https:\/\/www.hsu-hh.de\/hmech\/wp-content\/uploads\/sites\/845\/2025\/07\/Patel_YCSECA2025-300x267.jpeg 300w\" sizes=\"auto, (max-width: 588px) 100vw, 588px\" \/><\/figure>\n\n\n\n<hr class=\"wp-block-separator has-alpha-channel-opacity\" \/>\n\n\n\n<p><strong>14 May 2025<\/strong>: At the &#8222;Bergen Conference on Modeling and Simulation of Coupled Subsurface Dynamics&#8220; in Bergen, Norway.<\/p>\n\n\n\n<figure class=\"wp-block-image size-full is-style-default\"><img loading=\"lazy\" decoding=\"async\" width=\"897\" height=\"891\" src=\"https:\/\/www.hsu-hh.de\/hmech\/wp-content\/uploads\/sites\/845\/2025\/05\/Diya_Bergen_2025.jpg\" data-credit=\"D. S. Kumbhat\" alt=\"D. S. Kumbhat\" class=\"wp-image-1625\" srcset=\"https:\/\/www.hsu-hh.de\/hmech\/wp-content\/uploads\/sites\/845\/2025\/05\/Diya_Bergen_2025.jpg 897w, https:\/\/www.hsu-hh.de\/hmech\/wp-content\/uploads\/sites\/845\/2025\/05\/Diya_Bergen_2025-300x298.jpg 300w, https:\/\/www.hsu-hh.de\/hmech\/wp-content\/uploads\/sites\/845\/2025\/05\/Diya_Bergen_2025-150x150.jpg 150w, https:\/\/www.hsu-hh.de\/hmech\/wp-content\/uploads\/sites\/845\/2025\/05\/Diya_Bergen_2025-768x763.jpg 768w, https:\/\/www.hsu-hh.de\/hmech\/wp-content\/uploads\/sites\/845\/2025\/05\/Diya_Bergen_2025-100x100.jpg 100w\" sizes=\"auto, (max-width: 897px) 100vw, 897px\" \/><\/figure>\n\n\n\n<hr class=\"wp-block-separator has-alpha-channel-opacity\" \/>\n<\/div>\n<\/div>\n","protected":false},"excerpt":{"rendered":"<p>Profile Motivated by research topics that arise from such applications as geothermal energy, groundwater contamination and remediation, subsurface carbon dioxide storage, and radioactive waste storage, we are interested in describing, [&hellip;]<\/p>\n","protected":false},"author":26,"featured_media":0,"parent":0,"menu_order":0,"comment_status":"closed","ping_status":"closed","template":"","meta":{"footnotes":""},"categories":[37],"tags":[],"class_list":["post-75","page","type-page","status-publish","hentry","category-startpage"],"_links":{"self":[{"href":"https:\/\/www.hsu-hh.de\/hmech\/wp-json\/wp\/v2\/pages\/75","targetHints":{"allow":["GET"]}}],"collection":[{"href":"https:\/\/www.hsu-hh.de\/hmech\/wp-json\/wp\/v2\/pages"}],"about":[{"href":"https:\/\/www.hsu-hh.de\/hmech\/wp-json\/wp\/v2\/types\/page"}],"author":[{"embeddable":true,"href":"https:\/\/www.hsu-hh.de\/hmech\/wp-json\/wp\/v2\/users\/26"}],"replies":[{"embeddable":true,"href":"https:\/\/www.hsu-hh.de\/hmech\/wp-json\/wp\/v2\/comments?post=75"}],"version-history":[{"count":147,"href":"https:\/\/www.hsu-hh.de\/hmech\/wp-json\/wp\/v2\/pages\/75\/revisions"}],"predecessor-version":[{"id":1776,"href":"https:\/\/www.hsu-hh.de\/hmech\/wp-json\/wp\/v2\/pages\/75\/revisions\/1776"}],"wp:attachment":[{"href":"https:\/\/www.hsu-hh.de\/hmech\/wp-json\/wp\/v2\/media?parent=75"}],"wp:term":[{"taxonomy":"category","embeddable":true,"href":"https:\/\/www.hsu-hh.de\/hmech\/wp-json\/wp\/v2\/categories?post=75"},{"taxonomy":"post_tag","embeddable":true,"href":"https:\/\/www.hsu-hh.de\/hmech\/wp-json\/wp\/v2\/tags?post=75"}],"curies":[{"name":"wp","href":"https:\/\/api.w.org\/{rel}","templated":true}]}}