{"id":73,"date":"2017-07-03T15:52:08","date_gmt":"2017-07-03T13:52:08","guid":{"rendered":"https:\/\/www.hsu-hh.de\/vorlage\/?page_id=73"},"modified":"2026-04-16T13:53:44","modified_gmt":"2026-04-16T11:53:44","slug":"startseite","status":"publish","type":"page","link":"https:\/\/www.hsu-hh.de\/hmech\/","title":{"rendered":"Herzlich willkommen an der Professur f\u00fcr Hydromechanik"},"content":{"rendered":"\n<hr class=\"wp-block-separator has-css-opacity\" \/>\n\n\n\n<div class=\"wp-block-columns is-layout-flex wp-container-core-columns-is-layout-9d6595d7 wp-block-columns-is-layout-flex\">\n<div class=\"wp-block-column is-layout-flow wp-block-column-is-layout-flow\" style=\"flex-basis:38%\">\n<h2 class=\"wp-block-heading\">Profil<\/h2>\n\n\n\n<hr class=\"wp-block-separator has-css-opacity\" \/>\n\n\n\n<p>Der Forschungsschwerpunkt der Professur ist (Zweiphasen-)Str\u00f6mung und Transport in por\u00f6sen und gekl\u00fcfteten Medien. Die Forschung findet Anwendung <abbr title=\"zum Beispiel\">z.B.<\/abbr> in der Grundwasserwirtschaft und Grundwasserschutz, der Geothermie oder der Gasspeicherung im Untergrund.<\/p>\n\n\n\n<hr class=\"wp-block-separator has-css-opacity\" \/>\n\n\n\n<p><strong>F\u00fcr unsere Studierenden:<\/strong><\/p>\n\n\n\n<ul class=\"wp-block-list\">\n<li>Haben Sie Interesse, uns als studentische Hilfskraft in der Forschung und Lehre zu unterst\u00fctzen?<\/li>\n\n\n\n<li>M\u00f6chten Sie wissen, welche Abschlussarbeitsthemen z. Z. angeboten werden?<\/li>\n<\/ul>\n\n\n\n<p>Sprechen Sie uns in den Lehrveranstaltungen an oder schreiben Sie eine E-Mail.<\/p>\n\n\n\n<hr class=\"wp-block-separator has-alpha-channel-opacity\" \/>\n<\/div>\n\n\n\n<div class=\"wp-block-column is-layout-flow wp-block-column-is-layout-flow\" style=\"flex-basis:2%\">\n<div style=\"height:100px\" aria-hidden=\"true\" class=\"wp-block-spacer\"><\/div>\n<\/div>\n\n\n\n<div class=\"wp-block-column is-layout-flow wp-block-column-is-layout-flow\" style=\"flex-basis:60%\">\n<h2 class=\"wp-block-heading\">Aktuelles<\/h2>\n\n\n\n<hr class=\"wp-block-separator has-alpha-channel-opacity\" \/>\n\n\n\n<p><strong>1. April 2026:<\/strong> Herzlich willkommen, Herr Prashant Kashyap, an der Professur. Herr Kashyap arbeitet ab heute als Doktorand im Rahmen des DFG\/ANR-Projekts: &#8222;<a href=\"https:\/\/gepris.dfg.de\/gepris\/projekt\/568788283\" data-type=\"link\" data-id=\"https:\/\/gepris.dfg.de\/gepris\/projekt\/568788283\" target=\"_blank\" rel=\"noreferrer noopener\">Optimierung von mikrobiell induzierter In-situ-Karbonatausf\u00e4llung in heterogenen por\u00f6sen Medien<\/a>&#8220; .<\/p>\n\n\n\n<figure class=\"wp-block-image size-large\"><img loading=\"lazy\" decoding=\"async\" width=\"1024\" height=\"689\" src=\"https:\/\/www.hsu-hh.de\/hmech\/wp-content\/uploads\/sites\/845\/2026\/04\/PKashyap-1024x689.jpeg\" data-credit=\"P. Kashyap\" alt=\"P. Kashyap\" class=\"wp-image-1742\" srcset=\"https:\/\/www.hsu-hh.de\/hmech\/wp-content\/uploads\/sites\/845\/2026\/04\/PKashyap-1024x689.jpeg 1024w, https:\/\/www.hsu-hh.de\/hmech\/wp-content\/uploads\/sites\/845\/2026\/04\/PKashyap-300x202.jpeg 300w, https:\/\/www.hsu-hh.de\/hmech\/wp-content\/uploads\/sites\/845\/2026\/04\/PKashyap-768x516.jpeg 768w, https:\/\/www.hsu-hh.de\/hmech\/wp-content\/uploads\/sites\/845\/2026\/04\/PKashyap-1536x1033.jpeg 1536w, https:\/\/www.hsu-hh.de\/hmech\/wp-content\/uploads\/sites\/845\/2026\/04\/PKashyap-1100x740.jpeg 1100w, https:\/\/www.hsu-hh.de\/hmech\/wp-content\/uploads\/sites\/845\/2026\/04\/PKashyap.jpeg 2048w\" sizes=\"auto, (max-width: 1024px) 100vw, 1024px\" \/><\/figure>\n\n\n\n<hr class=\"wp-block-separator has-alpha-channel-opacity\" \/>\n\n\n\n<p><strong>2. M\u00e4rz 2026:<\/strong> Herzlich willkommen, Herr Orkun \u00dcst\u00fcn, an der Professur. Herr \u00dcst\u00fcn arbeitet ab heute als Doktorand im Rahmen des DFG-Projekts: &#8222;<a href=\"https:\/\/gepris.dfg.de\/gepris\/projekt\/568130664\" data-type=\"link\" data-id=\"https:\/\/gepris.dfg.de\/gepris\/projekt\/568130664\" target=\"_blank\" rel=\"noreferrer noopener\">Bewertung der unterirdischen Wasserstoffspeicherung mit Erdgas mittels numerischer Simulationen<\/a>&#8220; .<\/p>\n\n\n\n<figure class=\"wp-block-image size-large\"><img loading=\"lazy\" decoding=\"async\" width=\"1024\" height=\"768\" src=\"https:\/\/www.hsu-hh.de\/hmech\/wp-content\/uploads\/sites\/845\/2026\/02\/Ustun_O-1024x768.jpg\" data-credit=\"\u00dcst\u00fcn\" alt=\"\" class=\"wp-image-1684\" srcset=\"https:\/\/www.hsu-hh.de\/hmech\/wp-content\/uploads\/sites\/845\/2026\/02\/Ustun_O-1024x768.jpg 1024w, https:\/\/www.hsu-hh.de\/hmech\/wp-content\/uploads\/sites\/845\/2026\/02\/Ustun_O-300x225.jpg 300w, https:\/\/www.hsu-hh.de\/hmech\/wp-content\/uploads\/sites\/845\/2026\/02\/Ustun_O-768x576.jpg 768w, https:\/\/www.hsu-hh.de\/hmech\/wp-content\/uploads\/sites\/845\/2026\/02\/Ustun_O-1536x1152.jpg 1536w, https:\/\/www.hsu-hh.de\/hmech\/wp-content\/uploads\/sites\/845\/2026\/02\/Ustun_O-2048x1536.jpg 2048w, https:\/\/www.hsu-hh.de\/hmech\/wp-content\/uploads\/sites\/845\/2026\/02\/Ustun_O-1100x825.jpg 1100w\" sizes=\"auto, (max-width: 1024px) 100vw, 1024px\" \/><\/figure>\n\n\n\n<hr class=\"wp-block-separator has-alpha-channel-opacity\" \/>\n\n\n\n<p><strong>30. November 2025:<\/strong> Wir verabschieden uns von <abbr title=\"Doktor\">Dr.<\/abbr> Heena Patel (wissenschaftliche Mitarbeiterin) und w\u00fcnschen ihr alles Gute.<\/p>\n\n\n\n<hr class=\"wp-block-separator has-alpha-channel-opacity\" \/>\n\n\n\n<p><strong>24. Juli 2025<\/strong>: Bei der &#8222;Young Coastal Scientists and Engineers Conference \u2013 Americas&#8220; in Wilmington, NC, USA.<\/p>\n\n\n\n<figure class=\"wp-block-image size-full is-style-default\"><img loading=\"lazy\" decoding=\"async\" width=\"588\" height=\"524\" src=\"https:\/\/www.hsu-hh.de\/hmech\/wp-content\/uploads\/sites\/845\/2025\/07\/Patel_YCSECA2025.jpeg\" data-credit=\"H. K. Patel\" alt=\"H. Patel\" class=\"wp-image-1654\" srcset=\"https:\/\/www.hsu-hh.de\/hmech\/wp-content\/uploads\/sites\/845\/2025\/07\/Patel_YCSECA2025.jpeg 588w, https:\/\/www.hsu-hh.de\/hmech\/wp-content\/uploads\/sites\/845\/2025\/07\/Patel_YCSECA2025-300x267.jpeg 300w\" sizes=\"auto, (max-width: 588px) 100vw, 588px\" \/><\/figure>\n\n\n\n<hr class=\"wp-block-separator has-alpha-channel-opacity\" \/>\n\n\n\n<p><strong>14. Mai 2025<\/strong>: Bei der &#8222;Bergen Conference on Modeling and Simulation of Coupled Subsurface Dynamics&#8220; in Bergen, Norwegen.<\/p>\n\n\n\n<figure class=\"wp-block-image size-full is-style-default\"><img loading=\"lazy\" decoding=\"async\" width=\"897\" height=\"891\" src=\"https:\/\/www.hsu-hh.de\/hmech\/wp-content\/uploads\/sites\/845\/2025\/05\/Diya_Bergen_2025.jpg\" data-credit=\"D. S. Kumbhat\" alt=\"D. S. Kumbhat\" class=\"wp-image-1625\" srcset=\"https:\/\/www.hsu-hh.de\/hmech\/wp-content\/uploads\/sites\/845\/2025\/05\/Diya_Bergen_2025.jpg 897w, https:\/\/www.hsu-hh.de\/hmech\/wp-content\/uploads\/sites\/845\/2025\/05\/Diya_Bergen_2025-300x298.jpg 300w, https:\/\/www.hsu-hh.de\/hmech\/wp-content\/uploads\/sites\/845\/2025\/05\/Diya_Bergen_2025-150x150.jpg 150w, https:\/\/www.hsu-hh.de\/hmech\/wp-content\/uploads\/sites\/845\/2025\/05\/Diya_Bergen_2025-768x763.jpg 768w, https:\/\/www.hsu-hh.de\/hmech\/wp-content\/uploads\/sites\/845\/2025\/05\/Diya_Bergen_2025-100x100.jpg 100w\" sizes=\"auto, (max-width: 897px) 100vw, 897px\" \/><\/figure>\n\n\n\n<hr class=\"wp-block-separator has-alpha-channel-opacity\" \/>\n<\/div>\n<\/div>\n\n\n\n<p><\/p>\n","protected":false},"excerpt":{"rendered":"<p>Profil Der Forschungsschwerpunkt der Professur ist (Zweiphasen-)Str\u00f6mung und Transport in por\u00f6sen und gekl\u00fcfteten Medien. Die Forschung findet Anwendung z.B. in der Grundwasserwirtschaft und Grundwasserschutz, der Geothermie oder der Gasspeicherung im [&hellip;]<\/p>\n","protected":false},"author":26,"featured_media":0,"parent":0,"menu_order":0,"comment_status":"closed","ping_status":"closed","template":"","meta":{"footnotes":""},"categories":[35],"tags":[],"class_list":["post-73","page","type-page","status-publish","hentry","category-startseite"],"_links":{"self":[{"href":"https:\/\/www.hsu-hh.de\/hmech\/wp-json\/wp\/v2\/pages\/73","targetHints":{"allow":["GET"]}}],"collection":[{"href":"https:\/\/www.hsu-hh.de\/hmech\/wp-json\/wp\/v2\/pages"}],"about":[{"href":"https:\/\/www.hsu-hh.de\/hmech\/wp-json\/wp\/v2\/types\/page"}],"author":[{"embeddable":true,"href":"https:\/\/www.hsu-hh.de\/hmech\/wp-json\/wp\/v2\/users\/26"}],"replies":[{"embeddable":true,"href":"https:\/\/www.hsu-hh.de\/hmech\/wp-json\/wp\/v2\/comments?post=73"}],"version-history":[{"count":189,"href":"https:\/\/www.hsu-hh.de\/hmech\/wp-json\/wp\/v2\/pages\/73\/revisions"}],"predecessor-version":[{"id":1775,"href":"https:\/\/www.hsu-hh.de\/hmech\/wp-json\/wp\/v2\/pages\/73\/revisions\/1775"}],"wp:attachment":[{"href":"https:\/\/www.hsu-hh.de\/hmech\/wp-json\/wp\/v2\/media?parent=73"}],"wp:term":[{"taxonomy":"category","embeddable":true,"href":"https:\/\/www.hsu-hh.de\/hmech\/wp-json\/wp\/v2\/categories?post=73"},{"taxonomy":"post_tag","embeddable":true,"href":"https:\/\/www.hsu-hh.de\/hmech\/wp-json\/wp\/v2\/tags?post=73"}],"curies":[{"name":"wp","href":"https:\/\/api.w.org\/{rel}","templated":true}]}}