{"id":1771,"date":"2026-04-07T16:49:01","date_gmt":"2026-04-07T14:49:01","guid":{"rendered":"https:\/\/www.hsu-hh.de\/hmech\/?page_id=1771"},"modified":"2026-04-07T16:50:02","modified_gmt":"2026-04-07T14:50:02","slug":"optimization-of-in-situ-microbially-induced-carbonate-precipitation-in-heterogeneous-porous-media-2","status":"publish","type":"page","link":"https:\/\/www.hsu-hh.de\/hmech\/en\/research\/optimization-of-in-situ-microbially-induced-carbonate-precipitation-in-heterogeneous-porous-media-2\/","title":{"rendered":"Optimization of in-situ microbially induced carbonate precipitation in heterogeneous porous media"},"content":{"rendered":"\n<p>Microbially Induced Carbonate Precipitation (MICP) is a biogeochemical process in which microbial activity modifies the chemical conditions of an aqueous medium, notably by increasing pH and dissolved carbon species, thereby inducing the precipitation of carbonate minerals. This approach has significant applications in subsurface engineering, such as sealing cracks in degraded well cement for oil and gas wells, stabilizing soils, and constructing underground barriers to reduce aquifer permeability. However, implementing MICP in heterogeneous porous media, such as layered soils or fractured rocks, remains a challenge due to uneven microbial and reactant distribution. The OPTIMIC project aims to optimize MICP application in these complex environments by introducing biopolymers to improve fluid distribution, enhance biomineralization, and ensure controlled carbonate precipitation. Due to their high viscosity and shear-thinning properties, biopolymer-based fluids facilitate targeted injection. The project involves screening and selecting bacterial strains capable of efficiently inducing carbonate precipitation, along with compatible biopolymers that support microbial activity and mineral formation. To achieve these objectives, experiments will be conducted at multiple scales, from microfluidic setups and batch reactors to decimeter-scale columns and meter-scale 2D tanks packed with real sediments. These experimental studies will be complemented by numerical simulations spanning from pore-scale models to Darcy-scale flow processes, enabling a comprehensive understanding of MICP mechanisms. Given the complexity and multi-scale nature of the process, this French-German collaboration integrates experimental and modeling approaches to develop robust and scalable solutions for subsurface engineering. This synergy will advance fundamental research while fostering practical applications of MICP in environmental and geotechnical contexts.<\/p>\n\n\n\n<div class=\"wp-block-columns is-layout-flex wp-container-core-columns-is-layout-9d6595d7 wp-block-columns-is-layout-flex\">\n<div class=\"wp-block-column is-vertically-aligned-center is-layout-flow wp-block-column-is-layout-flow\">\n<figure class=\"wp-block-image size-full is-resized\"><img loading=\"lazy\" decoding=\"async\" width=\"693\" height=\"833\" src=\"https:\/\/www.hsu-hh.de\/hmech\/wp-content\/uploads\/sites\/845\/2026\/04\/image.png\" data-credit=\"\" alt=\"\" class=\"wp-image-1759\" style=\"aspect-ratio:0.8319482619240097;width:473px;height:auto\" srcset=\"https:\/\/www.hsu-hh.de\/hmech\/wp-content\/uploads\/sites\/845\/2026\/04\/image.png 693w, https:\/\/www.hsu-hh.de\/hmech\/wp-content\/uploads\/sites\/845\/2026\/04\/image-250x300.png 250w\" sizes=\"auto, (max-width: 693px) 100vw, 693px\" \/><\/figure>\n<\/div>\n\n\n\n<div class=\"wp-block-column is-vertically-aligned-center is-layout-flow wp-block-column-is-layout-flow\">\n<p><em>This illustration shows a concept of using Microbially Induced Carbonate precipitation for the remediation of a degraded well as an example of application of engineered MICP in geotechnical contexts. The injected solution composed of biopolymer and microbes leads to controlled biomineralization around the well-cement reservoir interface.<\/em><\/p>\n<\/div>\n<\/div>\n\n\n\n<p><strong>Funding<\/strong>: Deutsche Forschungsgemeinschaft (DFG) \u2013 Project number 568788283 (ANR-DFG French-German Collaboration for Joint Projects in Natural, Life and Engineering Sciences)<\/p>\n\n\n\n<p><strong>Researcher<\/strong>: Emna Mejri, Prashant Kashyap; <strong>PI<\/strong>: Anozie Ebigbo<\/p>\n\n\n\n<p><strong>Project partners<\/strong>: <\/p>\n\n\n\n<ul class=\"wp-block-list\">\n<li>Dorian Davarzani, Fabienne Battaglia-Brunet (French Geological Survey, BRGM);<\/li>\n\n\n\n<li>Daniel Chevrier, Emilie Gachon (Biosciences and Biotechnoligies Intitute of Aix-Marseille, BIAM);<\/li>\n\n\n\n<li>B\u00e9atrice Colin, Isabelle Lanneluc, Sophie Sabl\u00e9 (Laboratoire Littoral Environnement et Soci\u00e9t\u00e9s, LIENSs La Rochelle University)&nbsp;;<\/li>\n\n\n\n<li>Malo Duportal, Marc Jeannin, Philippe Refait, Philippe Turcry (Laboratoire des Sciences de l\u00b4Ing\u00e9nieur pour l\u00b4Environnement, LaSIE, La Rochelle University)<\/li>\n<\/ul>\n\n\n\n<hr class=\"wp-block-separator has-alpha-channel-opacity\" \/>\n\n\n\n<h3 class=\"wp-block-heading\">Project-related presentations:<\/h3>\n\n\n\n<hr class=\"wp-block-separator has-alpha-channel-opacity\" \/>\n\n\n\n<p>External link: <a href=\"https:\/\/gepris.dfg.de\/gepris\/projekt\/568788283?language=en\" rel='nofollow'>https:\/\/gepris.dfg.de\/gepris\/projekt\/568788283?language=en<\/a><\/p>\n\n\n\n<figure class=\"wp-block-image size-full\"><img loading=\"lazy\" decoding=\"async\" width=\"333\" height=\"43\" src=\"https:\/\/www.hsu-hh.de\/hmech\/wp-content\/uploads\/sites\/845\/2026\/02\/dfg_logo_schriftzug_blau.png\" data-credit=\"\" alt=\"\" class=\"wp-image-1695\" srcset=\"https:\/\/www.hsu-hh.de\/hmech\/wp-content\/uploads\/sites\/845\/2026\/02\/dfg_logo_schriftzug_blau.png 333w, https:\/\/www.hsu-hh.de\/hmech\/wp-content\/uploads\/sites\/845\/2026\/02\/dfg_logo_schriftzug_blau-300x39.png 300w\" sizes=\"auto, (max-width: 333px) 100vw, 333px\" \/><figcaption class=\"wp-element-caption\"> <\/figcaption><\/figure>\n\n\n\n<hr class=\"wp-block-separator has-alpha-channel-opacity\" \/>\n","protected":false},"excerpt":{"rendered":"<p>Microbially Induced Carbonate Precipitation (MICP) is a biogeochemical process in which microbial activity modifies the chemical conditions of an aqueous medium, notably by increasing pH and dissolved carbon species, thereby [&hellip;]<\/p>\n","protected":false},"author":2592,"featured_media":0,"parent":114,"menu_order":0,"comment_status":"closed","ping_status":"closed","template":"","meta":{"footnotes":""},"categories":[7],"tags":[],"class_list":["post-1771","page","type-page","status-publish","hentry","category-research"],"_links":{"self":[{"href":"https:\/\/www.hsu-hh.de\/hmech\/wp-json\/wp\/v2\/pages\/1771","targetHints":{"allow":["GET"]}}],"collection":[{"href":"https:\/\/www.hsu-hh.de\/hmech\/wp-json\/wp\/v2\/pages"}],"about":[{"href":"https:\/\/www.hsu-hh.de\/hmech\/wp-json\/wp\/v2\/types\/page"}],"author":[{"embeddable":true,"href":"https:\/\/www.hsu-hh.de\/hmech\/wp-json\/wp\/v2\/users\/2592"}],"replies":[{"embeddable":true,"href":"https:\/\/www.hsu-hh.de\/hmech\/wp-json\/wp\/v2\/comments?post=1771"}],"version-history":[{"count":1,"href":"https:\/\/www.hsu-hh.de\/hmech\/wp-json\/wp\/v2\/pages\/1771\/revisions"}],"predecessor-version":[{"id":1772,"href":"https:\/\/www.hsu-hh.de\/hmech\/wp-json\/wp\/v2\/pages\/1771\/revisions\/1772"}],"up":[{"embeddable":true,"href":"https:\/\/www.hsu-hh.de\/hmech\/wp-json\/wp\/v2\/pages\/114"}],"wp:attachment":[{"href":"https:\/\/www.hsu-hh.de\/hmech\/wp-json\/wp\/v2\/media?parent=1771"}],"wp:term":[{"taxonomy":"category","embeddable":true,"href":"https:\/\/www.hsu-hh.de\/hmech\/wp-json\/wp\/v2\/categories?post=1771"},{"taxonomy":"post_tag","embeddable":true,"href":"https:\/\/www.hsu-hh.de\/hmech\/wp-json\/wp\/v2\/tags?post=1771"}],"curies":[{"name":"wp","href":"https:\/\/api.w.org\/{rel}","templated":true}]}}