{"id":116,"date":"2018-01-17T14:07:04","date_gmt":"2018-01-17T13:07:04","guid":{"rendered":"https:\/\/www.hsu-hh.de\/vorlage\/?page_id=116"},"modified":"2025-07-15T08:30:29","modified_gmt":"2025-07-15T06:30:29","slug":"lehre","status":"publish","type":"page","link":"https:\/\/www.hsu-hh.de\/hmech\/lehre\/","title":{"rendered":"Lehre"},"content":{"rendered":"\n<hr class=\"wp-block-separator has-css-opacity\" \/>\n\n\n\n<h2 class=\"wp-block-heading\">Offene Themen f\u00fcr studentische Abschlussarbeiten<\/h2>\n\n\n\n<ul class=\"wp-block-list\">\n<li>Eindimensionale Modellierung der Zweiphasenstr\u00f6mung in einem Bohrloch bei der Entnahme von Wasserstoff aus einem unterirdischen Speicher<\/li>\n<\/ul>\n\n\n\n<hr class=\"wp-block-separator has-alpha-channel-opacity\" \/>\n\n\n\n<h1 class=\"wp-block-heading\">Lehrveranstaltungen<\/h1>\n\n\n\n<h2 class=\"wp-block-heading\">Bachelor Bauingenieurwesen<\/h2>\n\n\n\n<hr class=\"wp-block-separator has-css-opacity\" \/>\n\n\n\n<div class=\"wp-block-columns is-layout-flex wp-container-core-columns-is-layout-9d6595d7 wp-block-columns-is-layout-flex\">\n<div class=\"wp-block-column is-layout-flow wp-block-column-is-layout-flow\" style=\"flex-basis:25%\">\n<p><strong>Hydrologie<\/strong><\/p>\n\n\n\n<p><abbr title=\"Herbsttrimester\">HT<\/abbr> (V 2 TWS, \u00dc 2 TWS)<\/p>\n\n\n\n<div style=\"height:80px\" aria-hidden=\"true\" class=\"wp-block-spacer\"><\/div>\n\n\n\n<p><strong>Betreut von<\/strong>: Diya S. Kumbhat<\/p>\n<\/div>\n\n\n\n<div class=\"wp-block-column is-layout-flow wp-block-column-is-layout-flow\" style=\"flex-basis:33%\">\n<figure class=\"wp-block-image size-large\"><img loading=\"lazy\" decoding=\"async\" width=\"680\" height=\"382\" src=\"https:\/\/www.hsu-hh.de\/hmech\/wp-content\/uploads\/sites\/845\/2021\/06\/stream_KP.gif\" data-credit=\"Anozie Ebigbo\" alt=\"Oberfl\u00e4chenabfluss\" class=\"wp-image-476\" \/><\/figure>\n<\/div>\n\n\n\n<div class=\"wp-block-column is-layout-flow wp-block-column-is-layout-flow\" style=\"flex-basis:42%\">\n<p><strong>Lerninhalte<\/strong><\/p>\n\n\n\n<p>Wasserkreislauf und Wasserbilanz, Teilprozesse des Wasserkreislaufs (Niederschlag, Verdunstung, Infiltration, Grundwasserneubildung, Abfluss), Auswertung hydrologischer Daten, Niederschlags-Abfluss-Modelle <\/p>\n<\/div>\n<\/div>\n\n\n\n<hr class=\"wp-block-separator has-css-opacity\" \/>\n\n\n\n<div class=\"wp-block-columns is-layout-flex wp-container-core-columns-is-layout-9d6595d7 wp-block-columns-is-layout-flex\">\n<div class=\"wp-block-column is-layout-flow wp-block-column-is-layout-flow\" style=\"flex-basis:25%\">\n<p><strong>Hydromechanik I<\/strong><\/p>\n\n\n\n<p><abbr title=\"Herbsttrimester\">HT<\/abbr> (V 4 TWS, \u00dc 4 TWS) <\/p>\n\n\n\n<div style=\"height:40px\" aria-hidden=\"true\" class=\"wp-block-spacer\"><\/div>\n\n\n\n<p><strong>Betreut von<\/strong>: Heena K. Patel<\/p>\n\n\n\n<p><strong>Labor\u00fcbung<\/strong>: Claus Fost<\/p>\n<\/div>\n\n\n\n<div class=\"wp-block-column is-vertically-aligned-center is-layout-flow wp-block-column-is-layout-flow\" style=\"flex-basis:33%\"><div class=\"wp-block-image\">\n<figure class=\"aligncenter size-full\"><img loading=\"lazy\" decoding=\"async\" width=\"588\" height=\"330\" src=\"https:\/\/www.hsu-hh.de\/hmech\/wp-content\/uploads\/sites\/845\/2022\/07\/stromlinien.gif\" data-credit=\"Claus Fost\" alt=\"Stromlinien\" class=\"wp-image-1085\" \/><\/figure>\n<\/div><\/div>\n\n\n\n<div class=\"wp-block-column is-vertically-aligned-top is-layout-flow wp-block-column-is-layout-flow\" style=\"flex-basis:42%\">\n<p><strong>Lerninhalte<\/strong><\/p>\n\n\n\n<p>Hydrostatik, Erhaltungss\u00e4tze an Kontrollvolumen, laminare und turbulente Str\u00f6mung, Rohrstr\u00f6mung, Gerinnestr\u00f6mung<\/p>\n<\/div>\n<\/div>\n\n\n\n<hr class=\"wp-block-separator has-css-opacity\" \/>\n\n\n\n<div class=\"wp-block-columns are-vertically-aligned-top is-layout-flex wp-container-core-columns-is-layout-9d6595d7 wp-block-columns-is-layout-flex\">\n<div class=\"wp-block-column is-vertically-aligned-top is-layout-flow wp-block-column-is-layout-flow\" style=\"flex-basis:25%\">\n<p><strong>Hydromechanik II<\/strong><\/p>\n\n\n\n<p><abbr title=\"Fr\u00fchjahrstrimester\">FT<\/abbr> (V 2 TWS, \u00dc 2 TWS)<\/p>\n<\/div>\n\n\n\n<div class=\"wp-block-column is-vertically-aligned-top is-layout-flow wp-block-column-is-layout-flow\" style=\"flex-basis:33%\"><div class=\"wp-block-image\">\n<figure class=\"aligncenter size-large\"><img loading=\"lazy\" decoding=\"async\" width=\"400\" height=\"300\" src=\"https:\/\/www.hsu-hh.de\/hmech\/wp-content\/uploads\/sites\/845\/2021\/07\/schuetz.gif\" data-credit=\"Anozie Ebigbo\" alt=\"Schwall und Sunk\" class=\"wp-image-537\" \/><\/figure>\n<\/div><\/div>\n\n\n\n<div class=\"wp-block-column is-vertically-aligned-top is-layout-flow wp-block-column-is-layout-flow\" style=\"flex-basis:42%\">\n<p><strong>Lerninhalte<\/strong><\/p>\n\n\n\n<p>Allgemeine Erhaltungsgleichungen, Turbulenz, Druckst\u00f6\u00dfe in Rohrleitungen, Schwall- und Sunkwellen im Gerinne, Str\u00f6mungskr\u00e4fte<\/p>\n<\/div>\n<\/div>\n\n\n\n<hr class=\"wp-block-separator has-alpha-channel-opacity\" \/>\n\n\n\n<h2 class=\"wp-block-heading\">Master <strong>Bauingenieurwesen<\/strong><\/h2>\n\n\n\n<hr class=\"wp-block-separator has-css-opacity\" \/>\n\n\n\n<div class=\"wp-block-columns are-vertically-aligned-top is-layout-flex wp-container-core-columns-is-layout-9d6595d7 wp-block-columns-is-layout-flex\">\n<div class=\"wp-block-column is-vertically-aligned-top is-layout-flow wp-block-column-is-layout-flow\" style=\"flex-basis:25%\">\n<p><strong>Angewandte Hydrogeologie I<\/strong><\/p>\n\n\n\n<p><abbr title=\"Fr\u00fchjahrstrimester\">FT<\/abbr> (V 3 TWS, \u00dc 1 TWS)<\/p>\n\n\n\n<div style=\"height:80px\" aria-hidden=\"true\" class=\"wp-block-spacer\"><\/div>\n\n\n\n<p><strong>Betreut von<\/strong>: Lukas Blumenreuter<\/p>\n<\/div>\n\n\n\n<div class=\"wp-block-column is-vertically-aligned-top is-layout-flow wp-block-column-is-layout-flow\" style=\"flex-basis:33%\"><div class=\"wp-block-image\">\n<figure class=\"aligncenter size-full is-resized\"><img loading=\"lazy\" decoding=\"async\" width=\"722\" height=\"762\" src=\"https:\/\/www.hsu-hh.de\/hmech\/wp-content\/uploads\/sites\/845\/2022\/07\/Absenkung_ung.png\" data-credit=\"Anozie Ebigbo\" alt=\"Pumpversuch ungespannt\" class=\"wp-image-1063\" style=\"width:275px;height:290px\" srcset=\"https:\/\/www.hsu-hh.de\/hmech\/wp-content\/uploads\/sites\/845\/2022\/07\/Absenkung_ung.png 722w, https:\/\/www.hsu-hh.de\/hmech\/wp-content\/uploads\/sites\/845\/2022\/07\/Absenkung_ung-284x300.png 284w\" sizes=\"auto, (max-width: 722px) 100vw, 722px\" \/><\/figure>\n<\/div><\/div>\n\n\n\n<div class=\"wp-block-column is-vertically-aligned-top is-layout-flow wp-block-column-is-layout-flow\" style=\"flex-basis:42%\">\n<p><strong>Lerninhalte<\/strong><\/p>\n\n\n\n<p>Wasserbilanz, Grundwasserleiter, Grundwasserfassung,  Grundwasserstr\u00f6mung, Str\u00f6mungsgleichungen, Potenziallinienpl\u00e4ne, Str\u00f6mungsnetze, Superpositionsprinzip, Spiegelbrunnen, Pumpversuche<\/p>\n<\/div>\n<\/div>\n\n\n\n<hr class=\"wp-block-separator has-css-opacity\" \/>\n\n\n\n<div class=\"wp-block-columns are-vertically-aligned-top is-layout-flex wp-container-core-columns-is-layout-9d6595d7 wp-block-columns-is-layout-flex\">\n<div class=\"wp-block-column is-vertically-aligned-top is-layout-flow wp-block-column-is-layout-flow\" style=\"flex-basis:24.84%\">\n<p><strong>Angewandte Hydrogeologie II<\/strong><\/p>\n\n\n\n<p><abbr title=\"Wintertrimester\">WT<\/abbr> (V 2 TWS, \u00dc 2 TWS)<\/p>\n\n\n\n<div style=\"height:80px\" aria-hidden=\"true\" class=\"wp-block-spacer\"><\/div>\n\n\n\n<p><strong>Betreut von<\/strong>: Emna Mejri<\/p>\n<\/div>\n\n\n\n<div class=\"wp-block-column is-vertically-aligned-top is-layout-flow wp-block-column-is-layout-flow\" style=\"flex-basis:33%\">\n<figure class=\"wp-block-image size-large\"><img loading=\"lazy\" decoding=\"async\" width=\"1024\" height=\"768\" src=\"https:\/\/www.hsu-hh.de\/hmech\/wp-content\/uploads\/sites\/845\/2022\/07\/IMG_20220625_171122_HDR-1024x768.jpg\" data-credit=\"Anozie Ebigbo\" alt=\"Eutrophierung\" class=\"wp-image-1058\" \/><\/figure>\n<\/div>\n\n\n\n<div class=\"wp-block-column is-vertically-aligned-top is-layout-flow wp-block-column-is-layout-flow\" style=\"flex-basis:42%\">\n<p><strong>Lerninhalte<\/strong><\/p>\n\n\n\n<p>Grundwasserinhaltsstoffe, Stofftransport in Grundwasserleitern, Grundwasserschutzzonen, die unges\u00e4ttigte Zone, Richards-Gleichung<\/p>\n<\/div>\n<\/div>\n\n\n\n<hr class=\"wp-block-separator has-css-opacity\" \/>\n\n\n\n<h2 class=\"wp-block-heading\">Interdisziplin\u00e4re Studienanteile<\/h2>\n\n\n\n<hr class=\"wp-block-separator has-alpha-channel-opacity\" \/>\n\n\n\n<div class=\"wp-block-columns are-vertically-aligned-top is-layout-flex wp-container-core-columns-is-layout-9d6595d7 wp-block-columns-is-layout-flex\">\n<div class=\"wp-block-column is-vertically-aligned-top is-layout-flow wp-block-column-is-layout-flow\" style=\"flex-basis:25%\">\n<p><strong>Grundwasser &#8212; eine sch\u00fctzenswerte Ressource<\/strong><\/p>\n\n\n\n<p><abbr title=\"Wintertrimester\">WT<\/abbr> (V 2 TWS, \u00dc 2 TWS)<\/p>\n\n\n\n<div style=\"height:70px\" aria-hidden=\"true\" class=\"wp-block-spacer\"><\/div>\n\n\n\n<p><strong>Betreut von<\/strong>: Lukas Blumenreuter<\/p>\n<\/div>\n\n\n\n<div class=\"wp-block-column is-vertically-aligned-top is-layout-flow wp-block-column-is-layout-flow\" style=\"flex-basis:33%\"><div class=\"wp-block-image\">\n<figure class=\"aligncenter size-large\"><img loading=\"lazy\" decoding=\"async\" width=\"1024\" height=\"768\" src=\"https:\/\/www.hsu-hh.de\/hmech\/wp-content\/uploads\/sites\/845\/2024\/02\/Demokoffer_ISA-1024x768.jpg\" data-credit=\"Ebigbo\/Blumenreuter\" alt=\"\" class=\"wp-image-1506\" srcset=\"https:\/\/www.hsu-hh.de\/hmech\/wp-content\/uploads\/sites\/845\/2024\/02\/Demokoffer_ISA-1024x768.jpg 1024w, https:\/\/www.hsu-hh.de\/hmech\/wp-content\/uploads\/sites\/845\/2024\/02\/Demokoffer_ISA-300x225.jpg 300w, https:\/\/www.hsu-hh.de\/hmech\/wp-content\/uploads\/sites\/845\/2024\/02\/Demokoffer_ISA-768x576.jpg 768w, https:\/\/www.hsu-hh.de\/hmech\/wp-content\/uploads\/sites\/845\/2024\/02\/Demokoffer_ISA-1536x1152.jpg 1536w, https:\/\/www.hsu-hh.de\/hmech\/wp-content\/uploads\/sites\/845\/2024\/02\/Demokoffer_ISA-2048x1536.jpg 2048w, https:\/\/www.hsu-hh.de\/hmech\/wp-content\/uploads\/sites\/845\/2024\/02\/Demokoffer_ISA-1100x825.jpg 1100w\" sizes=\"auto, (max-width: 1024px) 100vw, 1024px\" \/><\/figure>\n<\/div><\/div>\n\n\n\n<div class=\"wp-block-column is-vertically-aligned-top is-layout-flow wp-block-column-is-layout-flow\" style=\"flex-basis:42%\">\n<p><strong>Lerninhalte<\/strong><\/p>\n\n\n\n<p>Grundwasserf\u00f6rderung, Grundwasserstr\u00f6mung, Schadstofftransport im Untergrund, Altlastensanierung, Grundwasserschutzzonen<\/p>\n<\/div>\n<\/div>\n\n\n\n<hr class=\"wp-block-separator has-alpha-channel-opacity\" \/>\n","protected":false},"excerpt":{"rendered":"<p>Offene Themen f\u00fcr studentische Abschlussarbeiten Lehrveranstaltungen Bachelor Bauingenieurwesen Hydrologie HT (V 2 TWS, \u00dc 2 TWS) Betreut von: Diya S. Kumbhat Lerninhalte Wasserkreislauf und Wasserbilanz, Teilprozesse des Wasserkreislaufs (Niederschlag, Verdunstung, [&hellip;]<\/p>\n","protected":false},"author":26,"featured_media":0,"parent":0,"menu_order":0,"comment_status":"closed","ping_status":"closed","template":"","meta":{"footnotes":""},"categories":[6],"tags":[],"class_list":["post-116","page","type-page","status-publish","hentry","category-lehre"],"_links":{"self":[{"href":"https:\/\/www.hsu-hh.de\/hmech\/wp-json\/wp\/v2\/pages\/116","targetHints":{"allow":["GET"]}}],"collection":[{"href":"https:\/\/www.hsu-hh.de\/hmech\/wp-json\/wp\/v2\/pages"}],"about":[{"href":"https:\/\/www.hsu-hh.de\/hmech\/wp-json\/wp\/v2\/types\/page"}],"author":[{"embeddable":true,"href":"https:\/\/www.hsu-hh.de\/hmech\/wp-json\/wp\/v2\/users\/26"}],"replies":[{"embeddable":true,"href":"https:\/\/www.hsu-hh.de\/hmech\/wp-json\/wp\/v2\/comments?post=116"}],"version-history":[{"count":80,"href":"https:\/\/www.hsu-hh.de\/hmech\/wp-json\/wp\/v2\/pages\/116\/revisions"}],"predecessor-version":[{"id":1650,"href":"https:\/\/www.hsu-hh.de\/hmech\/wp-json\/wp\/v2\/pages\/116\/revisions\/1650"}],"wp:attachment":[{"href":"https:\/\/www.hsu-hh.de\/hmech\/wp-json\/wp\/v2\/media?parent=116"}],"wp:term":[{"taxonomy":"category","embeddable":true,"href":"https:\/\/www.hsu-hh.de\/hmech\/wp-json\/wp\/v2\/categories?post=116"},{"taxonomy":"post_tag","embeddable":true,"href":"https:\/\/www.hsu-hh.de\/hmech\/wp-json\/wp\/v2\/tags?post=116"}],"curies":[{"name":"wp","href":"https:\/\/api.w.org\/{rel}","templated":true}]}}