{"id":112,"date":"2018-01-17T14:06:36","date_gmt":"2018-01-17T13:06:36","guid":{"rendered":"https:\/\/www.hsu-hh.de\/vorlage\/?page_id=112"},"modified":"2026-04-07T16:51:27","modified_gmt":"2026-04-07T14:51:27","slug":"forschung","status":"publish","type":"page","link":"https:\/\/www.hsu-hh.de\/hmech\/forschung\/","title":{"rendered":"Forschung"},"content":{"rendered":"\n<hr class=\"wp-block-separator has-css-opacity\" \/>\n\n\n\n<div class=\"wp-block-columns is-layout-flex wp-container-core-columns-is-layout-9d6595d7 wp-block-columns-is-layout-flex\">\n<div class=\"wp-block-column is-layout-flow wp-block-column-is-layout-flow\" style=\"flex-basis:50%\">\n<h2 class=\"wp-block-heading\">Themen<\/h2>\n\n\n\n<ul class=\"wp-block-list\">\n<li>Zweiphasenstr\u00f6mung in por\u00f6sen Medien<\/li>\n\n\n\n<li>Mikrobielle Prozesse im Untergrund<\/li>\n\n\n\n<li>Str\u00f6mung in Gesteinskl\u00fcften<\/li>\n\n\n\n<li>Reaktiver Transport<\/li>\n\n\n\n<li>Gasspeicherung im Untergrund (Wasserstoff, Kohlenstoffdioxid)<\/li>\n\n\n\n<li>Geothermie<\/li>\n\n\n\n<li>Grundwasserstr\u00f6mung<\/li>\n\n\n\n<li>Numerische Modellierung<\/li>\n<\/ul>\n\n\n\n<hr class=\"wp-block-separator has-alpha-channel-opacity\" \/>\n\n\n\n<h2 class=\"wp-block-heading\">Publikationen der Professur<\/h2>\n\n\n\n<p><a href=\"https:\/\/www.hsu-hh.de\/hmech\/en\/research\/publications-of-the-chair\/\" data-type=\"page\" data-id=\"1180\">Hier klicken<\/a> <\/p>\n\n\n\n<hr class=\"wp-block-separator has-alpha-channel-opacity\" \/>\n<\/div>\n\n\n\n<div class=\"wp-block-column is-layout-flow wp-block-column-is-layout-flow\" style=\"flex-basis:50%\">\n<figure class=\"wp-block-image size-large is-style-default\"><img loading=\"lazy\" decoding=\"async\" width=\"1024\" height=\"651\" src=\"https:\/\/www.hsu-hh.de\/hmech\/wp-content\/uploads\/sites\/845\/2024\/09\/slices_3rdcycle_x-1024x651.png\" data-credit=\"Diya Kumbhat\" alt=\"\" class=\"wp-image-1555\" srcset=\"https:\/\/www.hsu-hh.de\/hmech\/wp-content\/uploads\/sites\/845\/2024\/09\/slices_3rdcycle_x-1024x651.png 1024w, https:\/\/www.hsu-hh.de\/hmech\/wp-content\/uploads\/sites\/845\/2024\/09\/slices_3rdcycle_x-300x191.png 300w, https:\/\/www.hsu-hh.de\/hmech\/wp-content\/uploads\/sites\/845\/2024\/09\/slices_3rdcycle_x-768x489.png 768w, https:\/\/www.hsu-hh.de\/hmech\/wp-content\/uploads\/sites\/845\/2024\/09\/slices_3rdcycle_x-1536x977.png 1536w, https:\/\/www.hsu-hh.de\/hmech\/wp-content\/uploads\/sites\/845\/2024\/09\/slices_3rdcycle_x-2048x1303.png 2048w, https:\/\/www.hsu-hh.de\/hmech\/wp-content\/uploads\/sites\/845\/2024\/09\/slices_3rdcycle_x-1100x700.png 1100w\" sizes=\"auto, (max-width: 1024px) 100vw, 1024px\" \/><figcaption class=\"wp-element-caption\">Ergebnisse einer numerischen Simulation, die die Wasserstoffs\u00e4ttigung in einem salzhaltigen Aquifer zur unterirdischen Wasserstoffspeicherung zeigen, wenn die Hysterese in der relativen Permeabilit\u00e4t ber\u00fccksichtigt (oben) oder vernachl\u00e4ssigt (unten) wird.<\/figcaption><\/figure>\n<\/div>\n<\/div>\n\n\n\n<hr class=\"wp-block-separator has-alpha-channel-opacity\" \/>\n\n\n\n<h2 class=\"wp-block-heading\">Aktuelle Forschungsprojekte<\/h2>\n\n\n\n<ul class=\"wp-block-list\">\n<li><a href=\"https:\/\/www.hsu-hh.de\/hmech\/assessing-underground-hydrogen-storage-with-natural-gas-using-numerical-simulations\/\" data-type=\"page\" data-id=\"1691\">Assessing underground hydrogen storage with natural gas using numerical simulations<\/a><\/li>\n<\/ul>\n\n\n\n<ul class=\"wp-block-list\">\n<li><a href=\"https:\/\/www.hsu-hh.de\/hmech\/en\/research\/modelling-microbial-processes-at-material-interfaces-in-the-deep-subsurface\/\" data-type=\"page\" data-id=\"1141\">Modelling microbial processes at material interfaces in the deep subsurface<\/a><\/li>\n<\/ul>\n\n\n\n<ul class=\"wp-block-list\">\n<li><a href=\"https:\/\/www.hsu-hh.de\/hmech\/en\/research\/numerical-modelling-of-underground-hydrogen-storage\/\" data-type=\"page\" data-id=\"1154\">Numerical modelling of underground hydrogen storage<\/a><\/li>\n<\/ul>\n\n\n\n<ul class=\"wp-block-list\">\n<li><a href=\"https:\/\/www.hsu-hh.de\/hmech\/en\/numerical-modelling-of-wave-breakwater-interaction-with-openfoam-and-deal-ii\/\">Numerical modelling of wave\u2013breakwater interaction with OpenFoam and deal.II<\/a><\/li>\n<\/ul>\n\n\n\n<ul class=\"wp-block-list\">\n<li><a href=\"https:\/\/www.hsu-hh.de\/hmech\/en\/research\/optimization-of-in-situ-microbially-induced-carbonate-precipitation-in-heterogeneous-porous-media-2\/\" data-type=\"page\" data-id=\"1771\">Optimization of in-situ microbially induced carbonate precipitation in heterogeneous porous media<\/a><\/li>\n<\/ul>\n\n\n\n<hr class=\"wp-block-separator has-css-opacity\" \/>\n\n\n\n<h2 class=\"wp-block-heading\">Abgeschlossene Forschungsprojekte<\/h2>\n\n\n\n<ul class=\"wp-block-list\">\n<li><a href=\"https:\/\/www.hsu-hh.de\/hmech\/en\/research\/analysing-spatial-scaling-effects-in-mineral-reaction-rates-in-porous-media-with-a-hybrid-numerical-model\/\" data-type=\"page\" data-id=\"1129\">Analysing spatial scaling effects in mineral reaction rates in porous media with a hybrid numerical model<\/a><\/li>\n<\/ul>\n\n\n\n<hr class=\"wp-block-separator has-alpha-channel-opacity\" \/>\n\n\n\n<h2 class=\"wp-block-heading\">Daten zu &#8222;A benchmark study on problems related to CO2 storage in geologic formations&#8220; (Class et al., 2009, http:\/\/doi.org\/10.1007\/S10596-009-9146-X)<\/h2>\n\n\n\n<div class=\"wp-block-hsu-downloadblock\"><div class=\"thumbnail-area\"><img decoding=\"async\" src=\"https:\/\/www.hsu-hh.de\/hmech\/wp-content\/uploads\/sites\/845\/2024\/09\/benchmarks-100x100.png\" alt=\"\" \/><\/div><div class=\"text-area\">Die Daten f\u00fcr die in dem Artikel beschriebenen F\u00e4lle k\u00f6nnen hier abgerufen werden.<\/div><div class=\"download-area\"><a class=\"download-link\" href=\"https:\/\/www.hsu-hh.de\/hmech\/wp-content\/uploads\/sites\/845\/2024\/09\/data_for_benchmark_problems_co2-workshop.zip\"><span class=\"download-name\">zip laden<\/span><span class=\"download-icon\"><img decoding=\"async\" class=\"download-icon\" alt=\"download icon\" src=\"\/wp-content\/themes\/hsu\/img\/icons\/download_icon.png\" \/><\/span><span class=\"download-size\">5 MB<\/span><\/a><\/div><\/div>\n\n\n\n<hr class=\"wp-block-separator has-css-opacity\" \/>\n","protected":false},"excerpt":{"rendered":"<p>Themen Publikationen der Professur Hier klicken Aktuelle Forschungsprojekte Abgeschlossene Forschungsprojekte Daten zu &#8222;A benchmark study on problems related to CO2 storage in geologic formations&#8220; (Class et al., 2009, http:\/\/doi.org\/10.1007\/S10596-009-9146-X)<\/p>\n","protected":false},"author":26,"featured_media":0,"parent":0,"menu_order":0,"comment_status":"closed","ping_status":"closed","template":"","meta":{"footnotes":""},"categories":[4],"tags":[],"class_list":["post-112","page","type-page","status-publish","hentry","category-forschung"],"_links":{"self":[{"href":"https:\/\/www.hsu-hh.de\/hmech\/wp-json\/wp\/v2\/pages\/112","targetHints":{"allow":["GET"]}}],"collection":[{"href":"https:\/\/www.hsu-hh.de\/hmech\/wp-json\/wp\/v2\/pages"}],"about":[{"href":"https:\/\/www.hsu-hh.de\/hmech\/wp-json\/wp\/v2\/types\/page"}],"author":[{"embeddable":true,"href":"https:\/\/www.hsu-hh.de\/hmech\/wp-json\/wp\/v2\/users\/26"}],"replies":[{"embeddable":true,"href":"https:\/\/www.hsu-hh.de\/hmech\/wp-json\/wp\/v2\/comments?post=112"}],"version-history":[{"count":47,"href":"https:\/\/www.hsu-hh.de\/hmech\/wp-json\/wp\/v2\/pages\/112\/revisions"}],"predecessor-version":[{"id":1774,"href":"https:\/\/www.hsu-hh.de\/hmech\/wp-json\/wp\/v2\/pages\/112\/revisions\/1774"}],"wp:attachment":[{"href":"https:\/\/www.hsu-hh.de\/hmech\/wp-json\/wp\/v2\/media?parent=112"}],"wp:term":[{"taxonomy":"category","embeddable":true,"href":"https:\/\/www.hsu-hh.de\/hmech\/wp-json\/wp\/v2\/categories?post=112"},{"taxonomy":"post_tag","embeddable":true,"href":"https:\/\/www.hsu-hh.de\/hmech\/wp-json\/wp\/v2\/tags?post=112"}],"curies":[{"name":"wp","href":"https:\/\/api.w.org\/{rel}","templated":true}]}}