{"id":901,"date":"2022-10-07T08:45:40","date_gmt":"2022-10-07T06:45:40","guid":{"rendered":"https:\/\/www.hsu-hh.de\/histec\/?page_id=901"},"modified":"2022-12-06T17:20:21","modified_gmt":"2022-12-06T16:20:21","slug":"hugo-canihac","status":"publish","type":"page","link":"https:\/\/www.hsu-hh.de\/histec\/hugo-canihac","title":{"rendered":"Hugo Canihac"},"content":{"rendered":"\n<h2 class=\"wp-block-heading\">Kontakt<\/h2>\n\n\n<script type=\"application\/ld+json\">[{\"@context\": \"https:\/\/www.schema.org\",\"@type\": \"Person\",\"name\": \"Hugo  Canihac\",\"worksFor\": [{\t\"@type\": \"Organization\",\t\"name\": \"Helmut-Schmidt-Universit\u00e4t\",\t\"url\": \"https:\/\/www.hsu-hh.de\"\t, \"department\": {\"@type\": \"Organization\",\t\t\t\t\t\"name\": \"und Technikgeschichte\",\t\t\t\t\t\"location\": {\t\t\t\t\t\t\"@type\": \"PostalAddress\",\t\t\t\t\t\t\"addressLocality\": \"\",        \t\t\t\t\"postalCode\": \"22043\",        \t\t\t\t\"streetAddress\": \"Holstenhofweg 85 , Geb\u00e4ude H1\"\t\t\t\t\t}},\t\"location\": {\t\t\"@type\": \"PostalAddress\",    \t\"addressLocality\": \"\",    \t\"postalCode\": \"22008\",    \t\"postOfficeBoxNumber\": \"700822\"\t}   }],\"image\": \"https:\/\/www.hsu-hh.de\/histec\/wp-content\/uploads\/sites\/734\/2022\/10\/1516549097703-1-150x150.jpg\",\"telephone\": \"+49406541- 3496\",\"faxNumber\": \"\",\"email\": \"canihach@hsu-hh.de\"}]<\/script><div class=\"clearfix\"><\/div><div class=\"ansprechparter-container \" style=\"margin-top:1em; \"><div class=\"row ansprechpartner-item ansprechparter-header\" ><div class=\"col-xs-8 col-lg-12\" style=\"margin-bottom: 30px;\"><h3 class=\"ansprechparter-headline\">Hugo  Canihac<\/h3><\/div><\/div><div class=\"col-md-4 col-lg-3 col-xs-4 ansprechpartner-item floatright img-circle center-block\" style=\"margin-bottom: 30px;\"><div class=\"img-responsive-wrapper\"><img decoding=\"async\" src=\"https:\/\/www.hsu-hh.de\/histec\/wp-content\/uploads\/sites\/734\/2022\/10\/1516549097703-1-150x150.jpg\" alt=\"Hugo Canihac\" class=\"img-circle img-responsive center-block\" \/><\/div><\/div><div class=\"col-md-12 col-lg-3 col-xs-12 ansprechpartner-item kontakt floatright\" style=\"margin-bottom: 30px; \"><div class=\"row\"><div class=\"col-xs-12 col-sm-6 col-lg-12\"><div class=\"row\"><div class=\"col-xs-4 col-lg-4 row-text bold\" >Raum:<\/div><div class=\" row-text\">2219<\/div><\/div><\/div><div class=\"col-xs-12 col-sm-6 col-lg-12\"><div class=\"row\"><div class=\"col-xs-4 col-lg-4 row-text bold\">Telefon:<\/div><div class=\" row-text\">+49406541- 3496<\/div><\/div><\/div><div class=\"col-xs-12 col-sm-6 col-lg-12\"><div class=\"row\"><div class=\"col-xs-4 col-lg-4 row-text bold\">E-Mail:<\/div><div class=\"row-text\" style=\"overflow:hidden; word-break: break-word\"><a href=\"mailto:canihach@hsu-hh.de\" rel=\"nofollow\">canihach@hsu-hh.de<\/a><\/div><\/div><\/div><\/div><\/div><div class=\"col-md-6 col-lg-3 col-xs-12 ansprechpartner-item anschrift floatright\" ><div class=\"row-headline\">Besucheranschrift<\/div><div class=\"dataBesucheranschrift\" style=\"\"><div class=\"row-text\">Helmut-Schmidt-Universit\u00e4t<\/div><div class=\"row-text\">Geb\u00e4ude H1<\/div><div class=\"row-text\">Holstenhofweg 85<\/div><div class=\"row-text\">22043 Hamburg<\/div><\/div><\/div><div class=\"col-md-6 col-lg-3 col-xs-12 ansprechpartner-item anschrift floatright\"><div class=\"row-headline\">Postanschrift<\/div><div class=\"dataPostanschrift\" style=\"\"><div class=\"row-text\">Helmut-Schmidt-Universit\u00e4t<\/div><div class=\"row-text\">Fakult\u00e4t f\u00fcr Geistes- und<\/div><div class=\"row-text\">Sozialwissenschaften<\/div><div class=\"row-text\">Neuere Sozial-, Wirtschafts-<\/div><div class=\"row-text\">und Technikgeschichte<\/div><div class=\"row-text\">Postfach 70 08 22<\/div><div class=\"row-text\">22008 Hamburg<\/div><\/div><\/div><\/div><div class=\"clearfix\"><\/div>\n\n\n<div style=\"height:30px\" aria-hidden=\"true\" class=\"wp-block-spacer\"><\/div>\n\n\n\n<h2 class=\"wp-block-heading\">Biogramm<\/h2>\n\n\n\n<p><em>Hugo Canihac<\/em> hat Politikwissenschaft und Philosophie in Bordeaux studiert, wo er 2017 mit einer Arbeit \u00fcber die historische Soziologie der europ\u00e4ischen Integration promoviert hat.<\/p>\n\n\n\n<p>Seitdem war er FNRS-Postdoktorand an der Universit\u00e4t Saint-Louis, Br\u00fcssel und Dozent an Sciences Po sowie an den Universit\u00e4ten Versailles, Amiens und Sciences Po Lille. Er war Gastwissenschaftler am Centre Marc Bloch, Berlin und am Historischen Archiv der Europ\u00e4ischen Integration in Florenz.<\/p>\n\n\n\n<p>Seine interdisziplin\u00e4ren und international ausgerichteten Forschungen befassen sich mit der Geschichte und politischen Soziologie des wirtschaftlichen und rechtlichen Wissens, der historischen Soziologie der europ\u00e4ischen Integration und Ideengeschichte.<\/p>\n\n\n\n<p>ORCID: 0000-0003-4842-8383<\/p>\n\n\n\n<p>Researchgate: <a href=\"https:\/\/www.researchgate.net\/profile\/Hugo-Canihac\" data-type=\"URL\" data-id=\"https:\/\/www.researchgate.net\/profile\/Hugo-Canihac\" rel='nofollow'>https:\/\/www.researchgate.net\/profile\/Hugo-Canihac<\/a><\/p>\n\n\n\n<p>Academia: <a href=\"https:\/\/usaintlouis.academia.edu\/HugoCanihac\" data-type=\"URL\" data-id=\"https:\/\/usaintlouis.academia.edu\/HugoCanihac\" rel='nofollow'>https:\/\/usaintlouis.academia.edu\/HugoCanihac<\/a><\/p>\n\n\n\n\n\n\n\n<h3>CV<\/h3>\n\n\n\n<p><strong>2022-heute<\/strong><\/p>\n\n\n\n<p>Postdoctoral researcher, Helmut-Schmidt Universit\u00e4t Hamburg (<abbr title=\"Professor\">Prof.<\/abbr> H. Hartmann)<\/p>\n\n\n\n<div style=\"height:15px\" aria-hidden=\"true\" class=\"wp-block-spacer\"><\/div>\n\n\n\n<p><strong>2020-2022<\/strong><\/p>\n\n\n\n<p>Associate Lecturer (part-time) at Sciences Po Paris (campuses Reims &amp; Menton)<\/p>\n\n\n\n<div style=\"height:15px\" aria-hidden=\"true\" class=\"wp-block-spacer\"><\/div>\n\n\n\n<p><strong>2020 (Sept.\u2013Dec.)<\/strong><\/p>\n\n\n\n<p>Visiting Researcher, iCourts Centre of Excellence for International Courts, University of<br>Copenhagen (postponed because of travel restrictions)<\/p>\n\n\n\n<p>Postdoctoral researcher (FNRS), Saint-Louis University, Brussels<\/p>\n\n\n\n<div style=\"height:15px\" aria-hidden=\"true\" class=\"wp-block-spacer\"><\/div>\n\n\n\n<p><strong>2016-2018<\/strong><\/p>\n\n\n\n<p>Assistant Lecturer (ATER) at Sciences Po Bordeaux<\/p>\n\n\n\n<div style=\"height:15px\" aria-hidden=\"true\" class=\"wp-block-spacer\"><\/div>\n\n\n\n<p><strong>2015-2017<\/strong><\/p>\n\n\n\n<p>Associate PhD student, Trilateral Conferences Villa Vigoni, Italy (Italy, Germany, France),<br>\u201cBetween national traditions and European mutations: social policies in tension\u201d<\/p>\n\n\n\n<div style=\"height:15px\" aria-hidden=\"true\" class=\"wp-block-spacer\"><\/div>\n\n\n\n<p><strong>2014 (Nov.)<\/strong><\/p>\n\n\n\n<p>Sorensen Research Grant, European University Institute, Historical Archive of Euroepan<br>Integration, Florence<\/p>\n\n\n\n<div style=\"height:15px\" aria-hidden=\"true\" class=\"wp-block-spacer\"><\/div>\n\n\n\n<p><strong>2014<\/strong><\/p>\n\n\n\n<p>Invited PhD student, Centre Marc Bloch, Berlin<\/p>\n\n\n\n<div style=\"height:15px\" aria-hidden=\"true\" class=\"wp-block-spacer\"><\/div>\n\n\n\n<p><strong>2013-2017<\/strong><\/p>\n\n\n\n<p>Associate PhD student to the French-German project \u201cSaisir l\u2019Europe \/Europa als<br>Herausforderung\u201d, group \u201cWelfare State\u201d<\/p>\n\n\n\n<div style=\"height:15px\" aria-hidden=\"true\" class=\"wp-block-spacer\"><\/div>\n\n\n\n<p><strong>2012-2017<\/strong><\/p>\n\n\n\n<p>PhD student, Sciences Po Bordeaux<\/p>\n\n\n\n<div style=\"height:15px\" aria-hidden=\"true\" class=\"wp-block-spacer\"><\/div>\n\n\n\n<p><strong>2011-2012<\/strong><\/p>\n\n\n\n<p>Research assistant in the project CITREP (Citizens and representatives in France and<br>Germany), Sciences Po Bordeaux, Martin-Luther University Halle, Sciences Po Paris and the<br>University of Stuttgart<\/p>\n\n\n\n\n\n\n\n<h3>Publikationen<\/h3>\n\n\n\n<p><strong>Book<\/strong><\/p>\n\n\n\n<p><em>La fabrique savante de l\u2019Europe&nbsp;: une arch\u00e9ologie des savoirs de l\u2019Europe communautaire<\/em>, Bruxelles, Bruylant, 2020, 457 p.<\/p>\n\n\n\n<div style=\"height:30px\" aria-hidden=\"true\" class=\"wp-block-spacer\"><\/div>\n\n\n\n<p><strong>Edited Special Issue<\/strong><\/p>\n\n\n\n<p>(In Bearbeitung)<\/p>\n\n\n\n<p><em>Law and de-civilization processes in European integration<\/em>, ed. with Marta Bucholc, Florence Delmotte &amp; Robert van Krieken, <em>Historical Social Research \/ Historische Sozialforschung<\/em>, 2023<\/p>\n\n\n\n<div style=\"height:30px\" aria-hidden=\"true\" class=\"wp-block-spacer\"><\/div>\n\n\n\n<p><strong><strong>Articles in peer-reviewed journals<\/strong><\/strong><\/p>\n\n\n\n<p>\u201cIlliberal, Antiliberal or Postliberal Democracy? The relation between populism and political liberalism: An essay in conceptual clarification\u201d, <em>Political Research Exchange<\/em> (accepted, forthcoming)<\/p>\n\n\n\n<p>\u201cThe Political Making of a \u2018Community of law\u2019: Law, Market and Democracy in the early constitutional imaginaries of European integration\u201d, <em>European Constitutional Law Review,<\/em> 2022 (forthcoming)<\/p>\n\n\n\n<p>With Francesco Laruffa, \u201cFrom an Ordoliberal idea to a Social-Democratic ideal? The European Parliament and the institutionalization of \u2018social market economy\u2019 in the European Union (1957-2007)\u201d, <em>JCMS: Journal of Common Market Studies<\/em>, 2021<\/p>\n\n\n\n<p>\u201cProgramming the Common market: The making and failure of a \u2018dirigiste\u2019 Europe\u201d, <em>Contemporary European History<\/em>, Online First View, 2021<\/p>\n\n\n\n<p>\u00ab&nbsp;Les savants et les politiques dans la construction de l\u2019Europe&nbsp;: Pour une socio-histoire des co-productions savantes de l\u2019action publique&nbsp;\u00bb, <em>Gouvernement et Action Publique<\/em>, 2021<\/p>\n\n\n\n<p>\u201cIs Constitutional Pluralism (Il)liberal? On the Political Theory of European Legal Integration in Times of Crisis\u201d, <em>German Law Journal<\/em>, 22 (4), 2021<\/p>\n\n\n\n<p>\u00ab Passer l\u2019Europe en revues : El\u00e9ments de socio-histoire des premi\u00e8res revues d\u2019\u00e9tudes europ\u00e9ennes en Allemagne, en France et au Royaume-Uni \u00bb, <em>Politique europ\u00e9enne<\/em>, 69\/3, 2021<\/p>\n\n\n\n<p>\u201cFrom Nostalgia to Utopia: A genealogy of French conceptions of supranationality (1848-1948)\u201d, <em>Modern Intellectual History<\/em>, 17 (3), 2020<\/p>\n\n\n\n<p>\u00ab&nbsp;Du solidarisme aux Communaut\u00e9s Europ\u00e9ennes. Georges Scelle (1878-1961) et la solidarit\u00e9 au-del\u00e0 de l\u2019Etat&nbsp;\u00bb, <em>Revue Fran\u00e7aise d\u2019Histoire des Id\u00e9es Politiques<\/em>, 2020<\/p>\n\n\n\n<p>\u201cLaw and virtue in a post-sovereign \u2018Commonwealth\u2019: Neil MacCormick and the political theory of constitutional pluralism\u201d, <em>Journal of International Political Theory<\/em>, 2020<\/p>\n\n\n\n<p>\u00ab&nbsp;Un march\u00e9 sans \u00e9conomistes&nbsp;? Les \u00e9conomistes et les d\u00e9buts de la programmation \u00e9conomique dans la Communaut\u00e9 Economique Europ\u00e9enne (1957-1967)&nbsp;\u00bb, <em>Revue Fran\u00e7aise de Science Politique<\/em>, 2019<\/p>\n\n\n\n<p>\u00ab&nbsp;Normaliser la \u2018r\u00e9volution communautaire\u2019&nbsp;: L\u2019invention des manuels savants de droit communautaire en France et en Allemagne (1950-1990)&nbsp;\u00bb, <em>Revue Internationale de Politique Compar\u00e9e<\/em>, 24\/4, 2018<\/p>\n\n\n\n<p>\u201cFrom the German past to the European Union\u2019s future: The transnational making of a European political concept (1988-2008)\u201d, <em>Journal of Contemporary European Research<\/em>, Vol. 13, n\u00b04, 2017<\/p>\n\n\n\n<p>\u00ab&nbsp;Walter Eucken \u00e0 Paris&nbsp;? L\u2019introduction de l\u2019ordolib\u00e9ralisme allemand dans les d\u00e9bats \u00e9conomiques fran\u00e7ais (1945-1965)&nbsp;\u00bb, <em>Revue Europ\u00e9enne des Sciences Sociales<\/em>, 55-2, 2017<\/p>\n\n\n\n<p>\u00ab&nbsp;(N\u00e9o)-lib\u00e9ralisme contre (n\u00e9o)-lib\u00e9ralisme&nbsp;?&nbsp;Controverses \u00e9conomiques sur les d\u00e9buts de la construction europ\u00e9enne en France et en Allemagne (1950-1960) \u00bb,&nbsp;<em>Trajectoires<\/em>&nbsp;[Revue interdisciplinaire en ligne des jeunes chercheurs du CIERA], n\u00b010, 2016<\/p>\n\n\n\n<p>\u00ab&nbsp;L\u2019autonomisation de la recherche sur la construction europ\u00e9enne: Science et politique dans deux associations d\u2019\u00e9tudes europ\u00e9ennes en France et en Allemagne (1957-1992)&nbsp;\u00bb, <em>Revue des Affaires Europ\u00e9ennes<\/em>, 16-2, 2016<\/p>\n\n\n\n<p><strong><strong>Book chapters<\/strong><\/strong><\/p>\n\n\n\n<p>(Forthcoming) With C\u00e9leste Bonnamy, \u201cSociology and European Integration\u201d, in C. Lequesne &amp; S. Faure (eds.) <em>Companion to<\/em> <em>the European Union<\/em>, Edward Elgar, 2022<\/p>\n\n\n\n<p>(Forthcoming) \u201cDefending Sovereignty in the Name of Post-sovereignty: Liberal and Illiberal Constitutional Idioms in the EU\u201d, in Christopher Bickerton, Nathalie Brack, Amandine Crespy, Ramona Coman and Julia Rone (eds.), <em>Conflicts of Sovereignty in Europe: political claims and legal dilemmas in the 21st century<\/em>, Palgrave, 2022<\/p>\n\n\n\n<p>(Forthcoming) \u201c\u2018Not all legal problems have legal solutions\u2019: The emergence of constitutional pluralism in the EU\u201d, in Jan Komarek (ed.), <em>Constitutional imagination in the EU: Between ideology and utopia<\/em>, OUP, 2022<\/p>\n\n\n\n<p>\u00ab Penser l\u2019Europe apr\u00e8s l\u2019Etat : le nouveau constitutionnalisme communautaire et l\u2019h\u00e9ritage de David Hume \u00bb, <em>Europe philosophique et Europe politique<\/em>, \u00e9ds. C\u00e9line Spector &amp; Tristan Coignard, PUPS, 2022<\/p>\n\n\n\n<p>(Forthcoming) \u00ab Savoirs juridiques et construction europ\u00e9enne \u00bb, <em>Histoire des savoirs juridiques (XIIe-XXIe si\u00e8cle)<\/em>, \u00e9ds. Fr\u00e9d\u00e9ric Audren, Jean-Louis Halp\u00e9rin, Patrick Arabeyre, Lextenso, 2022<\/p>\n\n\n\n<p>(Forthcoming) With Cyril Beno\u00eet, \u00ab Crises, crisologie et critique : une \u00e9tude quantitative de la litt\u00e9rature scientifique sur la \u2018crise\u2019 dans l\u2019Union europ\u00e9enne \u00bb, <em>Au nom de la crise<\/em>, \u00e9ds. Samuel Faure &amp; Lola Avril, Peter Lang, 2022<\/p>\n\n\n\n<p>(Forthcoming) \u00ab Penser la solidarit\u00e9 au-del\u00e0 de l\u2019Etat-nation: G. Scelle et l\u2019impossible droit social europ\u00e9en \u00bb, in Catherine Maurer (dir.), <em>Penser et pratiquer la solidarit\u00e9 : La France, l\u2019Allemagne, l\u2019Europe et le monde aux XIXe et XXe si\u00e8cles<\/em>, Franz Steiner, 2022<\/p>\n\n\n\n<p>\u00ab&nbsp;De la \u2018communaut\u00e9 de droit\u2019 \u00e0 \u2018l\u2019Europe plurielle\u2019&nbsp;? La co-production du r\u00e9cit pluraliste de l\u2019Union Europ\u00e9enne depuis les ann\u00e9es 1990&nbsp;\u00bb, in Antoine Bailleux, Sophie Jacquot &amp; Elsa Bernard (eds.), <em>Les r\u00e9cits judiciaires de l\u2019Europe<\/em>, Bruylant, 2019<\/p>\n\n\n\n<p>&#8222;Soziale Marktwirtschaft und Europ\u00e4isches Sozialmodell: \u00fcber den Wandel diskursiver Leitbilder eines Sozialen Europa&#8220;, with Francesco Laruffa, in Karim Fertikh, Heike Wieters &amp; B\u00e9n\u00e9dicte Zimmermann (eds), <em>Von der Harmonisierung zur Koordination: Sozialpolitische Kategorien in Europa<\/em>, Campus-Verlag, 2018<\/p>\n\n\n\n<p>\u00ab&nbsp;Construction(s) d\u2019un espace savant de l\u2019Europe&nbsp;: gen\u00e8ses et institutionnalisations de deux associations d\u2019\u00e9tudes europ\u00e9ennes en France et en Allemagne&nbsp;\u00bb, in. <em>Les \u00e9tudes europ\u00e9ennes. Gen\u00e8se et institutionnalisation d\u2019un objet d\u2019\u00e9tudes<\/em>, M. Mangenot &amp; S. Schirmann &amp; F. Larat (eds), Bruxelles, Editions de l\u2019Universit\u00e9 de Bruxelles, 2018<\/p>\n\n\n\n<p>\u00ab La perception des candidats aux pr\u00e9sidentielles chez les personnes tr\u00e8s pr\u00e9caires: une analyse de discours&nbsp;\u00bb, with Laure Squarcioni et alii., in. <em>Les Inaudibles<\/em>, N. Mayer &amp; C. Braconnier (eds), Paris, Presses de Sciences Po, 2015<\/p>\n\n\n\n<p><strong>Reviews<\/strong><\/p>\n\n\n\n<p>Review of Kenneth Dyson, <em>Conservative Liberalism, Ordo-liberalism, and the State: Disciplining Democracy and the Market<\/em>, Oxford University Press, 2021, <em>History of Political Thought<\/em> (forthcoming, 2022)<\/p>\n\n\n\n<p>Review of Anthony CARTY et Janne Elisabeth NIJMAN, eds., <em>Morality and responsibility of rulers: European and Chinese origins of a rule of law as justice for world order<\/em>, Oxford University Press, 2018, <em>International Affairs<\/em>, 95-3, 2019<\/p>\n\n\n\n<p>Review of Brunessen BERTRAND (ed.), <em>Les nouveaux modes de production du droit en droit de l\u2019Union europ\u00e9enne<\/em>, Collection \u201cDroits europ\u00e9ens\u201d, Presses Universitaires de Rennes, 2018, <em>Revue Europ\u00e9enne des Sciences Sociales<\/em>, 57-1, 2019<\/p>\n\n\n\n<p>Review of DUMONT Hugues et BAILEUX Antoine, <em>Le pacte constitutionnel europ\u00e9en<\/em>, Bruylant, 2014, <em>Droit et Soci\u00e9t\u00e9<\/em>, 09-2016<\/p>\n\n\n\n<p>Review of GIDDENS Anthony, <em>Turbulent and mighty continent: what future for Europe ?, <\/em>Cambridge, Polity Press, 2014, <em>Revue Fran\u00e7aise de Science Politique<\/em>, 64 (4)<\/p>\n\n\n\n<p>Review of VAN MIDELAAR Luuk, <em>Le passage \u00e0 l&#8217;Europe<\/em>, Paris, Gallimard, 2013, <em>Revue Fran\u00e7aise de Science Politique, <\/em>63 (3-4)<\/p>\n\n\n\n<p>Review of HABERMAS J\u00fcrgen, <em>La Constitution de l&#8217;Europe<\/em>, Paris, Gallimard, 2012 (Nrf Essais), <em>Revue Fran\u00e7aise de Science Politique<\/em>, 63(1)<\/p>\n\n\n\n<p><strong>Other<\/strong><\/p>\n\n\n\n<p>(With Hadrien Clouet) \u00ab&nbsp;Hayek, f\u00e9d\u00e9ralisme inter-\u00e9tatique et lib\u00e9ralisme \u00e9conomique&nbsp;\u00bb, <em>Contretemps<\/em>, Translation and presentation of the article \u2018The economic conditions of interstate federalism\u2019 (F. Hayek, 1939), 2020<\/p>\n\n\n\n\n\n\n\n<h3>Forschung<\/h3>\n\n\n\n<div class=\"wp-block-media-text alignwide is-stacked-on-mobile is-vertically-aligned-top\" style=\"grid-template-columns:18% auto\"><figure class=\"wp-block-media-text__media\"><img loading=\"lazy\" decoding=\"async\" width=\"300\" height=\"300\" src=\"https:\/\/www.hsu-hh.de\/histec\/wp-content\/uploads\/sites\/734\/2022\/11\/etiamos161000187-e1669808619904.jpg\" data-credit=\"etiamos161000187\" alt=\"etiamos161000187\" class=\"wp-image-1005 size-full\" srcset=\"https:\/\/www.hsu-hh.de\/histec\/wp-content\/uploads\/sites\/734\/2022\/11\/etiamos161000187-e1669808619904.jpg 300w, https:\/\/www.hsu-hh.de\/histec\/wp-content\/uploads\/sites\/734\/2022\/11\/etiamos161000187-e1669808619904-150x150.jpg 150w, https:\/\/www.hsu-hh.de\/histec\/wp-content\/uploads\/sites\/734\/2022\/11\/etiamos161000187-e1669808619904-100x100.jpg 100w\" sizes=\"auto, (max-width: 300px) 100vw, 300px\" \/><\/figure><div class=\"wp-block-media-text__content\">\n<h3 class=\"wp-block-heading\">Die Zukunft planen: Modernisierung, Planung und Intervention in der Geschichte europ\u00e4ischer Integration \u2013 Wissen, Netzwerke und Instrumente<\/h3>\n\n\n\n<p>Europ\u00e4ische Integration wurde oft als ein Prozess beschrieben, der durch allgemeine, vorhersehbare und feste Regeln abl\u00e4uft, die darauf abzielen einen Rahmen zu schaffen, der die M\u00f6glichkeiten der \u00f6ffentlichen Hand zur Gestaltung der wirtschaftlichen und sozialen Aktivit\u00e4ten einschr\u00e4nkt. Dieses Projekt m\u00f6chte dieser Darstellung einen anderen, oft heruntergespielten Aspekt der europ\u00e4ischen Integration gegen\u00fcberstellen: Ihre Eingriffe in die wirtschaftlichen und sozialen Prozesse. Es geht darum, die l\u00e4ngere Geschichte der wirtschaftlichen und sozialen Ma\u00dfnahmen zu verstehen, die von der Europ\u00e4ischen Union zur Bew\u00e4ltigung der j\u00fcngsten Krisen (z. B. Wirtschaft, Umwelt) ergriffen wurden. Zu diesem Zweck wird das Projekt die Entstehung verschiedener Pl\u00e4ne zur sozialen und wirtschaftlichen Modernisierung in den ersten Jahrzehnten der europ\u00e4ischen Integration, das ihnen zugrunde liegende Wissen und die Interventionen in den wirtschaftlichen und sozialen Bereichen, die sie rechtfertigten, untersuchen. Das Projekt wird sich auf Schl\u00fcsselbereiche der Politik (<abbr title=\"zum Beispiel\">z.B.<\/abbr>\u00a0Industrie- und Agrarpolitik) konzentrieren, um die Netzwerke von Akteuren zu beleuchten, die diese Pl\u00e4ne erfanden, verbreiteten und umsetzten. Es wird eine transnationale Perspektive eingenommen, welche die globalen Verflechtungen dieser Netzwerke und ihrer Ideen ber\u00fccksichtigt.<\/p>\n\n\n\n<p><a href=\"https:\/\/www.hsu-hh.de\/histec\/modernisierung-planung-und-intervention-in-der-geschichte-europaischer-integration\" data-type=\"URL\" data-id=\"https:\/\/www.hsu-hh.de\/histec\/modernisierung-planung-und-intervention-in-der-geschichte-europaischer-integration\">Link zur Projektseite<\/a><\/p>\n<\/div><\/div>\n\n\n\n\n\n\n\n\n","protected":false},"excerpt":{"rendered":"<p>Kontakt Biogramm Hugo Canihac hat Politikwissenschaft und Philosophie in Bordeaux studiert, wo er 2017 mit einer Arbeit \u00fcber die historische Soziologie der europ\u00e4ischen Integration promoviert hat. Seitdem war er FNRS-Postdoktorand [&hellip;]<\/p>\n","protected":false},"author":2503,"featured_media":0,"parent":0,"menu_order":0,"comment_status":"closed","ping_status":"closed","template":"","meta":{"footnotes":""},"categories":[8],"tags":[],"class_list":["post-901","page","type-page","status-publish","hentry","category-team"],"_links":{"self":[{"href":"https:\/\/www.hsu-hh.de\/histec\/wp-json\/wp\/v2\/pages\/901","targetHints":{"allow":["GET"]}}],"collection":[{"href":"https:\/\/www.hsu-hh.de\/histec\/wp-json\/wp\/v2\/pages"}],"about":[{"href":"https:\/\/www.hsu-hh.de\/histec\/wp-json\/wp\/v2\/types\/page"}],"author":[{"embeddable":true,"href":"https:\/\/www.hsu-hh.de\/histec\/wp-json\/wp\/v2\/users\/2503"}],"replies":[{"embeddable":true,"href":"https:\/\/www.hsu-hh.de\/histec\/wp-json\/wp\/v2\/comments?post=901"}],"version-history":[{"count":24,"href":"https:\/\/www.hsu-hh.de\/histec\/wp-json\/wp\/v2\/pages\/901\/revisions"}],"predecessor-version":[{"id":1260,"href":"https:\/\/www.hsu-hh.de\/histec\/wp-json\/wp\/v2\/pages\/901\/revisions\/1260"}],"wp:attachment":[{"href":"https:\/\/www.hsu-hh.de\/histec\/wp-json\/wp\/v2\/media?parent=901"}],"wp:term":[{"taxonomy":"category","embeddable":true,"href":"https:\/\/www.hsu-hh.de\/histec\/wp-json\/wp\/v2\/categories?post=901"},{"taxonomy":"post_tag","embeddable":true,"href":"https:\/\/www.hsu-hh.de\/histec\/wp-json\/wp\/v2\/tags?post=901"}],"curies":[{"name":"wp","href":"https:\/\/api.w.org\/{rel}","templated":true}]}}