{"id":896,"date":"2022-10-07T08:43:50","date_gmt":"2022-10-07T06:43:50","guid":{"rendered":"https:\/\/www.hsu-hh.de\/histec\/?page_id=896"},"modified":"2026-03-17T11:53:13","modified_gmt":"2026-03-17T10:53:13","slug":"margot-lyautey","status":"publish","type":"page","link":"https:\/\/www.hsu-hh.de\/histec\/margot-lyautey","title":{"rendered":"Margot Lyautey"},"content":{"rendered":"\n<h2 class=\"wp-block-heading\">Kontakt<\/h2>\n\n\n<script type=\"application\/ld+json\">[{\"@context\": \"https:\/\/www.schema.org\",\"@type\": \"Person\",\"name\": \"Margot Lyautey\",\"worksFor\": [{\t\"@type\": \"Organization\",\t\"name\": \"Helmut-Schmidt-Universit\u00e4t\",\t\"url\": \"https:\/\/www.hsu-hh.de\"\t, \"department\": {\"@type\": \"Organization\",\t\t\t\t\t\"name\": \"Wissensgeschichte moderner Gesellschaften\",\t\t\t\t\t\"location\": {\t\t\t\t\t\t\"@type\": \"PostalAddress\",\t\t\t\t\t\t\"addressLocality\": \"\",        \t\t\t\t\"postalCode\": \"22043\",        \t\t\t\t\"streetAddress\": \"Holstenhofweg 85 , Geb\u00e4ude H1\"\t\t\t\t\t}},\t\"location\": {\t\t\"@type\": \"PostalAddress\",    \t\"addressLocality\": \"\",    \t\"postalCode\": \"22008\",    \t\"postOfficeBoxNumber\": \"700822\"\t}   }],\"image\": \"https:\/\/www.hsu-hh.de\/histec\/wp-content\/uploads\/sites\/734\/2022\/10\/2022_portrait_lyautey_format_site_web-e1665125363526-150x150.jpg\",\"telephone\": \"+49406541-3496\",\"faxNumber\": \"\",\"email\": \"lyauteym@hsu-hh.de\"}]<\/script><div class=\"clearfix\"><\/div><div class=\"ansprechparter-container \" style=\"margin-top:1em; \"><div class=\"row ansprechpartner-item ansprechparter-header\" ><div class=\"col-xs-8 col-lg-12\" style=\"margin-bottom: 30px;\"><h3 class=\"ansprechparter-headline\">Margot Lyautey<\/h3><\/div><\/div><div class=\"col-md-4 col-lg-3 col-xs-4 ansprechpartner-item floatright img-circle center-block\" style=\"margin-bottom: 30px;\"><div class=\"img-responsive-wrapper\"><img decoding=\"async\" src=\"https:\/\/www.hsu-hh.de\/histec\/wp-content\/uploads\/sites\/734\/2022\/10\/2022_portrait_lyautey_format_site_web-e1665125363526-150x150.jpg\" alt=\"Margot Lyautey\" class=\"img-circle img-responsive center-block\" \/><\/div><\/div><div class=\"col-md-12 col-lg-3 col-xs-12 ansprechpartner-item kontakt floatright\" style=\"margin-bottom: 30px; \"><div class=\"row\"><div class=\"col-xs-12 col-sm-6 col-lg-12\"><div class=\"row\"><div class=\"col-xs-4 col-lg-4 row-text bold\" >Raum:<\/div><div class=\" row-text\">2310<\/div><\/div><\/div><div class=\"col-xs-12 col-sm-6 col-lg-12\"><div class=\"row\"><div class=\"col-xs-4 col-lg-4 row-text bold\">Telefon:<\/div><div class=\" row-text\">+49406541-3496<\/div><\/div><\/div><div class=\"col-xs-12 col-sm-6 col-lg-12\"><div class=\"row\"><div class=\"col-xs-4 col-lg-4 row-text bold\">E-Mail:<\/div><div class=\"row-text\" style=\"overflow:hidden; word-break: break-word\"><a href=\"mailto:lyauteym@hsu-hh.de\" rel=\"nofollow\">lyauteym@hsu-hh.de<\/a><\/div><\/div><\/div><\/div><\/div><div class=\"col-md-6 col-lg-3 col-xs-12 ansprechpartner-item anschrift floatright\" ><div class=\"row-headline\">Besucheranschrift<\/div><div class=\"dataBesucheranschrift\" style=\"\"><div class=\"row-text\">Helmut-Schmidt-Universit\u00e4t<\/div><div class=\"row-text\">Geb\u00e4ude H1<\/div><div class=\"row-text\">Holstenhofweg 85<\/div><div class=\"row-text\">22043 Hamburg<\/div><\/div><\/div><div class=\"col-md-6 col-lg-3 col-xs-12 ansprechpartner-item anschrift floatright\"><div class=\"row-headline\">Postanschrift<\/div><div class=\"dataPostanschrift\" style=\"\"><div class=\"row-text\">Helmut-Schmidt-Universit\u00e4t<\/div><div class=\"row-text\">Fakult\u00e4t f\u00fcr Geistes- und<\/div><div class=\"row-text\">Sozialwissenschaften<\/div><div class=\"row-text\">Wissensgeschichte moderner Gesellschaften<\/div><div class=\"row-text\">Postfach 70 08 22<\/div><div class=\"row-text\">22008 Hamburg<\/div><\/div><\/div><\/div><div class=\"clearfix\"><\/div>\n\n\n<div style=\"height:30px\" aria-hidden=\"true\" class=\"wp-block-spacer\"><\/div>\n\n\n\n<h2 class=\"wp-block-heading\">Biogramm<\/h2>\n\n\n\n<p>Nach einer ersten Ausbildung als Ingenieur an der \u00c9cole polytechnique, hat Margot Lyautey ein Master in Wissenschafts- und Technikgeschichte an der \u00c9cole des Hautes \u00c9tudes en Sciences Sociales (EHESS) abgeschlossen. Ihre Dissertation \u201eVom Besatzer lernen? Die franz\u00f6sische Landwirtschaftsmodernisierung (1940-1944): Akteure, Einfl\u00fcsse, Spielr\u00e4ume\u201c hat sie in einer deutsch-franz\u00f6sischen cotutelle vorbereitet, zwischen der Eberhard-Karls-Universit\u00e4t T\u00fcbingen und der EHESS. Seit September 2022 ist sie wissenschaftliche Mitarbeiterin bei der Professur f\u00fcr Neuere Sozial-, Wirtschafts- und Technikgeschichte der <abbr title=\"Helmut Schmidt Universit\u00e4t\">HSU<\/abbr>. Ihre Forschungsinteressen umfassen Umwelt- und Agrargeschichte, Wissens- und Expertengeschichte und die Geschichte Deutschlands und Frankreichs im 20. Jahrhundert, insbesondere im Zweiten Weltkrieg.<\/p>\n\n\n\n\n\n<h3>CV<\/h3>\n\n\n\n<p><strong>2022\u2013heute<\/strong><\/p>\n\n\n\n<p>Wissenschaftliche Mitarbeiterin (Postdoc) an der Helmut-Schmidt-Universit\u00e4t\/Universit\u00e4t der<br>Bundeswehr Hamburg<br>Projekt: <a href=\"https:\/\/www.hsu-hh.de\/histec\/statistik-und-landwirtschaft\">\u201eEine \u201eblonde Revolution\u201c? Umweltgeschichte von Hybridmaisanbau in Deutschland und Frankreich (1945-1992)&#8220;<\/a><\/p>\n\n\n\n<div style=\"height:15px\" aria-hidden=\"true\" class=\"wp-block-spacer\"><\/div>\n\n\n\n<p><strong>2021\u20132022<\/strong><\/p>\n\n\n\n<p>Wissenschaftliche Mitarbeiterin am Deutschen Historischen Institut Paris<br>Ausarbeitung der Dissertation und Teilzeit in der Presse und \u00d6ffentlichkeitsarbeitabteilung<\/p>\n\n\n\n<div style=\"height:15px\" aria-hidden=\"true\" class=\"wp-block-spacer\"><\/div>\n\n\n\n<p><strong>2017\u20132022<\/strong><\/p>\n\n\n\n<p>EHESS und Eberhard Karls Universit\u00e4t T\u00fcbingen (cotutelle), Promotion<br>Betreuer: Christophe Bonneuil (CNRS\/EHESS) und Johannes Gro\u00dfmann (Eberhard Karls Universit\u00e4t Tu\u0308bingen)<br>Dissertationstitel: \u201eVom Besatzer lernen? Die franz\u00f6sische Landwirtschaftsmodernisierung (1940\u20131944):<br>Akteure, Einfl\u00fcsse, Spielr\u00e4ume\u201d<\/p>\n\n\n\n<div style=\"height:15px\" aria-hidden=\"true\" class=\"wp-block-spacer\"><\/div>\n\n\n\n<p><strong>2017\u20132020<\/strong><\/p>\n\n\n\n<p>Doktorandin an der EHESS, Centre Alexandre-Koyr\u00e9 (contrat doctoral )<br>Gew\u00e4hlte Vertreterin f\u00fcr die Doktoranden und Postdocs<\/p>\n\n\n\n<div style=\"height:15px\" aria-hidden=\"true\" class=\"wp-block-spacer\"><\/div>\n\n\n\n<p><strong>2015\u20132017<\/strong><\/p>\n\n\n\n<p>EHESS, Hochschule fu\u0308r Sozialwissenschaften, Paris<br>Master in Wissenschafts- und Technikgeschichte (Summa cum laude )<br>Masterarbeitstitel: \u201eL\u2019Ostland en France pendant la Seconde Guerre mondiale\u201d<\/p>\n\n\n\n<div style=\"height:15px\" aria-hidden=\"true\" class=\"wp-block-spacer\"><\/div>\n\n\n\n<p><strong>2013\u20132017<\/strong><\/p>\n\n\n\n<p>\u00c9cole polytechnique, Ingenieurhochschule, Palaiseau<br>Ingenieurabschluss, Schwerpunkt in Biologie<\/p>\n\n\n\n\n\n<h3>Publikationen<\/h3>\n\n\n\n<p><strong>Herausgeberschaften<\/strong><\/p>\n\n\n\n<p>Margot Lyautey, L\u00e9na Humbert und Christophe Bonneuil (Hg.), <em>Histoire des modernisations agricoles au XX<sup>e<\/sup> si\u00e8cle<\/em>, Rennes, Presses Universitaires de Rennes, 2021.<\/p>\n\n\n\n<p><strong>Begutachtete Aufs\u00e4tze<\/strong><\/p>\n\n\n\n<p>Margot&nbsp;Lyautey,&nbsp;\u201eR\u00e9quisitions, march\u00e9 noir et colis familiaux. Le rationnement sous l\u2019Occupation et ses effets dans les campagnes fran\u00e7aises (1940\u20131944)\u201c,&nbsp;Bulletin de l\u2019Association des historiens modernistes des universit\u00e9s fran\u00e7aises,&nbsp;47 (2025), DOI\u202f:&nbsp;<a href=\"https:\/\/doi.org\/10.4000\/136k9\" target=\"_blank\" rel=\"noreferrer noopener\">https:\/\/doi.org\/10.4000\/136k9<\/a>.&nbsp;<\/p>\n\n\n\n<p>Margot&nbsp;Lyautey,&nbsp;\u201eVivre \u00e0 la campagne sous l\u2019Occupation (1939\u20131944)\u201c, Histoire et soci\u00e9t\u00e9s rurales, 62\/2 (2024), p.\u202f201\u2013212, DOI\u202f:&nbsp;<a href=\"https:\/\/doi.org\/10.3917\/hsr.062.0201\" target=\"_blank\" rel=\"noreferrer noopener\">https:\/\/doi.org\/10.3917\/hsr.062.0201<\/a>.&nbsp;<\/p>\n\n\n\n<p>Margot Lyautey, \u201eArsenic to the Rescue of European Potatoes: The&nbsp;Institutionalisation&nbsp;of Plant&nbsp;Protection in France and Germany (1920s-1950s)\u201c, Global Environment 17 (2024), S. 230\u2013260, DOI:&nbsp;<a href=\"https:\/\/doi.org\/10.3828\/whpge.63837646622490\" target=\"_blank\" rel=\"noreferrer noopener\">https:\/\/doi.org\/10.3828\/whpge.63837646622490<\/a>.&nbsp;<\/p>\n\n\n\n<p>Margot Lyautey,&nbsp;\u201eExploiter l\u2019agriculture dans la zone interdite entre 1940 et 1944\u202f: l\u2019action de la soci\u00e9t\u00e9&nbsp;Ostland\u201c, Guerres mondiales et conflits contemporains,&nbsp;286\/2 (2022), S. 5369.&nbsp;<\/p>\n\n\n\n<p>Margot Lyautey&nbsp;und&nbsp;Christophe Bonneuil,&nbsp;\u201eLes origines allemandes et vichystes de la modernisation agricole fran\u00e7aise d\u2019apr\u00e8s 1945\u201c, Revue d\u2019histoire moderne &amp; contemporaine 69\/2 (2022), S. 86113,&nbsp;DOI:&nbsp;<a href=\"https:\/\/doi.org\/10.3917\/rhmc.692.0087\" target=\"_blank\" rel=\"noreferrer noopener\">https:\/\/doi.org\/10.3917\/rhmc.692.0087<\/a>.&nbsp;<\/p>\n\n\n\n<p>Margot Lyautey und Marc Elie,&nbsp;\u201eGerman Agricultural Occupation of France and Ukraine (1940\u20131944)\u201c,&nbsp;Comparativ&nbsp;29\/3 (2019), S. 86117, DOI:&nbsp;<a href=\"https:\/\/doi.org\/10.26014\/j.comp.2019.03.05\" target=\"_blank\" rel=\"noreferrer noopener\">https:\/\/doi.org\/10.26014\/j.comp.2019.03.05<\/a>.&nbsp;<\/p>\n\n\n\n<p>Nelo Magalh\u00e3es, Jean-Baptiste&nbsp;Fressoz, Fran\u00e7ois&nbsp;Jarrige, Thomas Le Roux, Ga\u00ebtan&nbsp;Levillain, Margot Lyautey, Guillaume Noblet und Christophe&nbsp;Bonneuil,&nbsp;\u201eThe Physical Economy of France (1830\u20132015). The History of a&nbsp;Parasite?\u201c, Ecological Economics, 157 (2019), S. 291300, DOI:&nbsp;<a href=\"https:\/\/doi.org\/10.1016\/j.ecolecon.2018.12.001\" target=\"_blank\" rel=\"noreferrer noopener\">https:\/\/doi.org\/10.1016\/j.ecolecon.2018.12.001<\/a>.&nbsp;<\/p>\n\n\n\n<p><strong>Sammelbandkapitel<\/strong><\/p>\n\n\n\n<p>Ana\u00efs Albert, Margot Lyautey&nbsp;und&nbsp;Fabien Knittel,&nbsp;\u201eEntre relative prosp\u00e9rit\u00e9 et crise \u00e9conomique\u202f: l\u2019entre-deux-guerres\u201c,&nbsp;in:&nbsp;Fabien Knittel (Hg.), Vivre \u00e0 la campagne en France, de 1815 aux ann\u00e9es 1970, Malakoff, Armand Colin, S. 200\u2013220.&nbsp;<\/p>\n\n\n\n<p>Margot Lyautey,&nbsp;\u201eLes campagnes fran\u00e7aises durant la Seconde Guerre mondiale et l\u2019Occupation\u201c,&nbsp;in:&nbsp;Fabien Knittel (Hg.), Vivre \u00e0 la campagne en France, de 1815 aux ann\u00e9es 1970, Malakoff, Armand Colin, S. 221\u2013245.&nbsp;<\/p>\n\n\n\n<p>Cl\u00e9mence&nbsp;Gadenne-Rosfelder, Margot Lyautey&nbsp;und&nbsp;L\u00e9andre&nbsp;Mandard,&nbsp;\u201ePolitiques de modernisation rurales et agricoles\u201c,&nbsp;in:&nbsp;Fabien Knittel (Hg.), Vivre \u00e0 la campagne en France, de 1815 aux ann\u00e9es 1970, Malakoff, Armand Colin, S. 249\u2013268.&nbsp;<\/p>\n\n\n\n<p>Margot Lyautey,&nbsp;\u201eL\u2019agriculture fran\u00e7aise dans le climat productiviste de l\u2019apr\u00e8s-guerre\u201c,&nbsp;in:&nbsp;Fabien Knittel (Hg.), Vivre \u00e0 la campagne en France, de 1815 aux ann\u00e9es 1970, Malakoff, Armand Colin, S. 305\u2013324.&nbsp;<\/p>\n\n\n\n<p>Margot Lyautey,&nbsp;\u201eTransformations des pratiques agricoles et des syst\u00e8mes agraires : l\u2019exploitation de l\u2019amont \u00e0 l\u2019aval\u201c,&nbsp;in:&nbsp;Fabien Knittel (Hg.), Vivre \u00e0 la campagne en France, de 1815 aux ann\u00e9es 1970, Malakoff, Armand Colin, S. 325\u2013345.&nbsp;<\/p>\n\n\n\n<p>\u00c9milie Stoll, Margot Lyautey, Tiago&nbsp;Muniz&nbsp;und&nbsp;Vincent&nbsp;Leblan,&nbsp;\u201eLe tour du monde d\u2019Hevea&nbsp;brasiliensis&nbsp;et d\u2019autres plantes \u00e0 caoutchouc\u201c,&nbsp;in:&nbsp;\u00c9milie Stoll&nbsp;und&nbsp;Romain&nbsp;Simenel&nbsp;(Hg.), La grande migration des plantes et des humains, Delachaux et&nbsp;Niestl\u00e9, S. 166\u2013239.&nbsp;<\/p>\n\n\n\n<p>Margot Lyautey&nbsp;und&nbsp;Christophe Bonneuil, \u201eGuerre et circulations transnationales du modernisme agronomique (Allemagne-France, 1940-1944)\u201c,&nbsp;in:&nbsp;Caroline Barrera&nbsp;und&nbsp;Jacques&nbsp;Cantier&nbsp;(Hg.), Science et culture en temps de guerre (XIX<sup>e<\/sup>-XX<sup>e<\/sup>&nbsp;si\u00e8cles), Portet-sur-Garonne \u00c9ditions midi-pyr\u00e9n\u00e9ennes, 2022, S. 189\u2013199.&nbsp;<\/p>\n\n\n\n<p>Christophe Bonneuil, L\u00e9na Humbert&nbsp;und&nbsp;Margot Lyautey, \u201cIntroduction. Un renouveau de l\u2019histoire contemporaine des mondes agricoles et des espaces ruraux\u201d,&nbsp;in:&nbsp;Margot Lyautey, L\u00e9na Humbert&nbsp;und&nbsp;Christophe Bonneuil (Hg.), Histoire des modernisations agricoles au XX<sup>e<\/sup>&nbsp;si\u00e8cle, Rennes, Presses Universitaires de Rennes, 2021, S. 720.&nbsp;<\/p>\n\n\n\n<p>Margot Lyautey, \u201cLa soci\u00e9t\u00e9&nbsp;Ostland\u202f: une tentative de modernisation de l\u2019agriculture fran\u00e7aise par l\u2019Allemagne national-socialiste\u202f?\u201d,&nbsp;in:&nbsp;Margot Lyautey, L\u00e9na Humbert&nbsp;und&nbsp;Christophe Bonneuil (Hg.), Histoire des modernisations agricoles au XX<sup>e<\/sup>&nbsp;si\u00e8cle, Rennes, Presses Universitaires de Rennes, 2021, S. 7183.&nbsp;<\/p>\n\n\n\n<p><strong>Online-Beitr\u00e4ge<\/strong><\/p>\n\n\n\n<p>Margot Lyautey, \u201eR\u00e9sum\u00e9 : Apprendre de l\u2019occupant\u202f? Modernisation de l\u2019agriculture fran\u00e7aise entre 1940 et 1944\u202f: acteurs, influences, potentialit\u00e9s\u201d, <em>Trajectoires. Revue de la jeune recherche franco-allemande<\/em>, 16 (M\u00e4rz 2023), <a href=\"https:\/\/doi.org\/10.4000\/trajectoires.9769\" rel='nofollow'>https:\/\/doi.org\/10.4000\/trajectoires.9769<\/a>.<\/p>\n\n\n\n<p>Celine Camps und Margot Lyautey, \u201eMa&lt;r&gt;king and Knowing: Encoding BnF Ms. Fr. 640\u201d, in: Making and Knowing Project, Pamela H. Smith, Naomi Rosenkranz, Tianna Helena Uchacz, Tillmann Taape, Cl\u00e9ment Godbarge, Sophie Pitman, Jenny Boulboull\u00e9, Joel Klein, Donna Bilak, Marc Smith und Terry Catapano (Hg.), <em>Secrets of Craft and Nature in Renaissance France. <\/em><em>A Digital Critical Edition and English Translation of BnF Ms. Fr. 640<\/em>, New York, Making and Knowing Project, 2020, DOI: <a href=\"https:\/\/www.doi.org\/10.7916\/cjhd-wh90\" rel='nofollow'>https:\/\/www.doi.org\/10.7916\/cjhd-wh90<\/a>.<\/p>\n\n\n\n<p><strong>\u00dcbersetzungen<\/strong><\/p>\n\n\n\n<p>Gesine Gerhard, \u201eUne modernisation ambivalente. Les politiques agricoles de l\u2019Allemagne national-socialiste\u201c, in: Margot Lyautey, L\u00e9na Humbert und Christophe Bonneuil (Hg.), <em>Histoire des modernisations agricoles au XX<sup>e<\/sup> si\u00e8cle<\/em>, Rennes, Presses Universitaires de Rennes, 2021, \u00fcbersetzt ins Franz\u00f6sische von Margot Lyautey, S. 53\u201169.<\/p>\n\n\n\n<p>Rezensionen\u00a0f\u00fcr\u00a020 &amp; 21. Revue d\u2019histoire, Artefact, \u00c9tudes rurales, Le mouvement social, Revue de l\u2019Institut fran\u00e7ais d\u2019histoire en\u00a0Allemagne.\u00a0<\/p>\n\n\n\n\n\n<h3>Forschung<\/h3>\n\n\n\n<p><a href=\"https:\/\/www.hsu-hh.de\/histec\/statistik-und-landwirtschaft\" data-type=\"URL\" data-id=\"https:\/\/www.hsu-hh.de\/histec\/statistik-und-landwirtschaft\">Link zur Projektseite<\/a><\/p>\n\n\n\n\n","protected":false},"excerpt":{"rendered":"<p>Kontakt Biogramm Nach einer ersten Ausbildung als Ingenieur an der \u00c9cole polytechnique, hat Margot Lyautey ein Master in Wissenschafts- und Technikgeschichte an der \u00c9cole des Hautes \u00c9tudes en Sciences Sociales [&hellip;]<\/p>\n","protected":false},"author":2503,"featured_media":0,"parent":0,"menu_order":0,"comment_status":"closed","ping_status":"closed","template":"","meta":{"footnotes":""},"categories":[8],"tags":[],"class_list":["post-896","page","type-page","status-publish","hentry","category-team"],"_links":{"self":[{"href":"https:\/\/www.hsu-hh.de\/histec\/wp-json\/wp\/v2\/pages\/896","targetHints":{"allow":["GET"]}}],"collection":[{"href":"https:\/\/www.hsu-hh.de\/histec\/wp-json\/wp\/v2\/pages"}],"about":[{"href":"https:\/\/www.hsu-hh.de\/histec\/wp-json\/wp\/v2\/types\/page"}],"author":[{"embeddable":true,"href":"https:\/\/www.hsu-hh.de\/histec\/wp-json\/wp\/v2\/users\/2503"}],"replies":[{"embeddable":true,"href":"https:\/\/www.hsu-hh.de\/histec\/wp-json\/wp\/v2\/comments?post=896"}],"version-history":[{"count":41,"href":"https:\/\/www.hsu-hh.de\/histec\/wp-json\/wp\/v2\/pages\/896\/revisions"}],"predecessor-version":[{"id":1794,"href":"https:\/\/www.hsu-hh.de\/histec\/wp-json\/wp\/v2\/pages\/896\/revisions\/1794"}],"wp:attachment":[{"href":"https:\/\/www.hsu-hh.de\/histec\/wp-json\/wp\/v2\/media?parent=896"}],"wp:term":[{"taxonomy":"category","embeddable":true,"href":"https:\/\/www.hsu-hh.de\/histec\/wp-json\/wp\/v2\/categories?post=896"},{"taxonomy":"post_tag","embeddable":true,"href":"https:\/\/www.hsu-hh.de\/histec\/wp-json\/wp\/v2\/tags?post=896"}],"curies":[{"name":"wp","href":"https:\/\/api.w.org\/{rel}","templated":true}]}}