{"id":854,"date":"2021-11-10T17:15:07","date_gmt":"2021-11-10T16:15:07","guid":{"rendered":"https:\/\/www.hsu-hh.de\/histec\/?page_id=854"},"modified":"2021-11-10T17:15:07","modified_gmt":"2021-11-10T16:15:07","slug":"pd-dr-marc-buggeln","status":"publish","type":"page","link":"https:\/\/www.hsu-hh.de\/histec\/en\/pd-dr-marc-buggeln","title":{"rendered":"PD Dr. Marc Buggeln"},"content":{"rendered":"<script type=\"application\/ld+json\">[{\"@context\": \"https:\/\/www.schema.org\",\"@type\": \"Person\",\"name\": \"PD Dr. Marc Buggeln\",\"worksFor\": [{\t\"@type\": \"Organization\",\t\"name\": \"Helmut-Schmidt-University\",\t\"url\": \"https:\/\/www.hsu-hh.de\"\t, \"department\": {\"@type\": \"Organization\",\t\t\t\t\t\"name\": \"Modern Social-, Economic and Technological History \",\t\t\t\t\t\"location\": {\t\t\t\t\t\t\"@type\": \"PostalAddress\",\t\t\t\t\t\t\"addressLocality\": \"\",        \t\t\t\t\"postalCode\": \"22043\",        \t\t\t\t\"streetAddress\": \"Holstenhofweg 85 , Bulding H1\"\t\t\t\t\t}},\t\"location\": {\t\t\"@type\": \"PostalAddress\",    \t\"addressLocality\": \"\",    \t\"postalCode\": \"22008\",    \t\"postOfficeBoxNumber\": \"700822\"\t}   }],\"image\": \"https:\/\/www.hsu-hh.de\/histec\/wp-content\/uploads\/sites\/734\/2021\/11\/MG_0044b-150x150.jpg\",\"telephone\": \"(040) 6541-3362\",\"faxNumber\": \"(040) 6541-2834\",\"email\": \"buggelnm@hsu-hh.de\"}]<\/script><div class=\"clearfix\"><\/div><div class=\"ansprechparter-container \" style=\"margin-top:1em; \"><div class=\"row ansprechpartner-item ansprechparter-header\" ><div class=\"col-xs-8 col-lg-12\" style=\"margin-bottom: 30px;\"><h3 class=\"ansprechparter-headline\">PD Dr. Marc Buggeln<\/h3><\/div><\/div><div class=\"col-md-4 col-lg-3 col-xs-4 ansprechpartner-item floatright img-circle center-block\" style=\"margin-bottom: 30px;\"><div class=\"img-responsive-wrapper\"><img decoding=\"async\" src=\"https:\/\/www.hsu-hh.de\/histec\/wp-content\/uploads\/sites\/734\/2021\/11\/MG_0044b-150x150.jpg\" alt=\"123\" class=\"img-circle img-responsive center-block\" \/><\/div><\/div><div class=\"col-md-12 col-lg-3 col-xs-12 ansprechpartner-item kontakt floatright\" style=\"margin-bottom: 30px; \"><div class=\"row\"><div class=\"col-xs-12 col-sm-6 col-lg-12\"><div class=\"row\"><div class=\"col-xs-4 col-lg-4 row-text bold\" >Raum:<\/div><div class=\" row-text\">2214<\/div><\/div><\/div><div class=\"col-xs-12 col-sm-6 col-lg-12\"><div class=\"row\"><div class=\"col-xs-4 col-lg-4 row-text bold\">Telefon:<\/div><div class=\" row-text\">(040) 6541-3362<\/div><\/div><\/div><div class=\"col-xs-12 col-sm-6 col-lg-12\"><div class=\"row\"><div class=\"col-xs-4 col-lg-4 row-text bold\">Fax:<\/div><div class=\"row-text\">(040) 6541-2834<\/div><\/div><\/div><div class=\"col-xs-12 col-sm-6 col-lg-12\"><div class=\"row\"><div class=\"col-xs-4 col-lg-4 row-text bold\">E-Mail:<\/div><div class=\"row-text\" style=\"overflow:hidden; word-break: break-word\"><a href=\"mailto:buggelnm@hsu-hh.de\" rel=\"nofollow\">buggelnm@hsu-hh.de<\/a><\/div><\/div><\/div><\/div><\/div><div class=\"col-md-6 col-lg-3 col-xs-12 ansprechpartner-item anschrift floatright\" ><div class=\"row-headline\">Besucheranschrift<\/div><div class=\"dataBesucheranschrift\" style=\"\"><div class=\"row-text\">Helmut-Schmidt-University<\/div><div class=\"row-text\">Bulding H1<\/div><div class=\"row-text\">Holstenhofweg 85<\/div><div class=\"row-text\">22043 Hamburg<\/div><\/div><\/div><div class=\"col-md-6 col-lg-3 col-xs-12 ansprechpartner-item anschrift floatright\"><div class=\"row-headline\">Postanschrift<\/div><div class=\"dataPostanschrift\" style=\"\"><div class=\"row-text\">Helmut-Schmidt-University<\/div><div class=\"row-text\">Faculty of Humanities and Social Sciences<\/div><div class=\"row-text\">Modern Social-, Economic and Technological History <\/div><div class=\"row-text\">Postbox 70 08 22<\/div><div class=\"row-text\">22008 Hamburg<\/div><\/div><\/div><\/div><div class=\"clearfix\"><\/div>\n\n\n<p><strong>Academic and professional career<\/strong><\/p>\n\n\n\n<p>10\/21&nbsp;&nbsp;&nbsp;&nbsp;&nbsp;&nbsp;&nbsp;&nbsp;&nbsp;&nbsp;&nbsp;&nbsp; Interim Professor of Social, Economic &amp; Technical History at Helmut-Schmidt-University\/University of the Bundeswehr Hamburg<\/p>\n\n\n\n<p>7\/21&nbsp;&nbsp;&nbsp;&nbsp;&nbsp;&nbsp;&nbsp;&nbsp;&nbsp;&nbsp;&nbsp;&nbsp;&nbsp;&nbsp; Privatdozent at Humboldt University Berlin<\/p>\n\n\n\n<p>16\/12\/20&nbsp;&nbsp;&nbsp;&nbsp;&nbsp;&nbsp;&nbsp; Venia Legendi \u201cModern &amp; Contemporary History\u201d (Humboldt University Berlin)<\/p>\n\n\n\n<p>9\/20-3\/21&nbsp;&nbsp;&nbsp;&nbsp;&nbsp;&nbsp; Lecturer at the University of St. Gallen (Switzerland)<\/p>\n\n\n\n<p>4\/20-9\/20&nbsp;&nbsp;&nbsp;&nbsp;&nbsp;&nbsp; Interim Professor of the professorship of Modern and Contemporary History at the University of Augsburg (Prof. Dr. Dietmar S\u00fc\u00df)<\/p>\n\n\n\n<p>10\/19-3\/20&nbsp;&nbsp;&nbsp;&nbsp; Visiting Fellow at Clare Hall College (Cambridge) and Visiting Lecturer at the Faculty of History at the University of Cambridge<\/p>\n\n\n\n<p>4\/18-10\/19&nbsp;&nbsp;&nbsp; Finalizing the Habilitation<\/p>\n\n\n\n<p>WS 2017\/18&nbsp; Interim Professor of the professorship of German History in the 20<sup>th<\/sup> Century at Humboldt University Berlin (Prof. Dr. Michael Wildt)<\/p>\n\n\n\n<p>10\/16-9\/17&nbsp;&nbsp;&nbsp; DFG Grant<\/p>\n\n\n\n<p>3\/15-4\/15 &nbsp;&nbsp;&nbsp;&nbsp; Visiting Lecturer at Dipartimento di Scienze Politiche, Universit\u00e0 di Bologna<\/p>\n\n\n\n<p>9\/09-9\/16 &nbsp;&nbsp;&nbsp;&nbsp; Lecturer at the History Department at Humboldt University Berlin.<\/p>\n\n\n\n<p>07\/2008 &nbsp;&nbsp;&nbsp;&nbsp;&nbsp;&nbsp; PhD Dissertation (University of Bremen, Grade: summa cum laude).<\/p>\n\n\n\n<p>2003-2004 &nbsp;&nbsp; Contract of work for creating the new permanent exhibition of the Neuengamme concentration camp memorial site.<\/p>\n\n\n\n<p>2001 &nbsp;&nbsp;&nbsp;&nbsp;&nbsp;&nbsp;&nbsp;&nbsp;&nbsp;&nbsp;&nbsp;&nbsp; Contract for work at \u201cErinnern f\u00fcr die Zukunft e.V.\u201d in Bremen for the concept development for the memorial place \u201eU-Boot-Bunker Valentin\u201c.<\/p>\n\n\n\n<p>07\/2000&nbsp; &nbsp;&nbsp;&nbsp;&nbsp;&nbsp;&nbsp; Magister Degree (Grade: Very good).<\/p>\n\n\n\n<p>1991-2000 &nbsp;&nbsp; Studied history and cultural studies at the University of Bremen.<\/p>\n\n\n\n<p>1990 &nbsp;&nbsp;&nbsp;&nbsp;&nbsp;&nbsp;&nbsp;&nbsp;&nbsp;&nbsp;&nbsp; Abitur<\/p>\n\n\n\n<p><strong>Prices and Grants<\/strong><\/p>\n\n\n\n<p>10\/2021&nbsp;&nbsp;&nbsp;&nbsp;&nbsp;&nbsp;&nbsp;&nbsp; Carl-Erdmann-Prize of the German Historical Association (Verband der Historiker und Historikerinnen Deutschlands) for the Habilitation<\/p>\n\n\n\n<p>04\/2011 &nbsp;&nbsp;&nbsp;&nbsp;&nbsp;&nbsp; Prize \u201eGeisteswissenschaften International\u201c for the PhD Dissertation<\/p>\n\n\n\n<p>09\/2009 &nbsp;&nbsp;&nbsp;&nbsp;&nbsp;&nbsp; Herbert-Steiner-Prize for the Dissertation<\/p>\n\n\n\n<p>2002-2005 &nbsp;&nbsp; Grant of the Heinrich-B\u00f6ll-Foundation for the Dissertation project<\/p>\n\n\n\n<p>2001\/2002 &nbsp;&nbsp; DAAD-Research grant for archival studies at Yad Vashem (Israel).<\/p>\n\n\n\n<p><strong>Third-party funding<\/strong><\/p>\n\n\n\n<ol class=\"wp-block-list\" type=\"1\"><li>\u201eSteuern und umverteilen. Eine Geschichte der \u00f6ffentlichen Finanzen in der Bundesrepublik Deutschland (1949-1989)\u201c. Grant of the Zukunftskonzept \u201eBildung durch Wissenschaft\/F\u00f6rderlinie Freir\u00e4ume\/F\u00f6rderformat \u201eZeit geben\u201c at Humboldt University Berlin for one year.<\/li><\/ol>\n\n\n\n<p>Funding amount: 16.304 \u20ac<\/p>\n\n\n\n<ul class=\"wp-block-list\"><li>2)&nbsp;&nbsp;&nbsp; Funding by the Fritz Thyssen Foundation for the conference: \u201cLeviathan after the Boom.\u201c (organized together with Alexander N\u00fctzenadel and Michael Wildt)<\/li><\/ul>\n\n\n\n<p>Funding amount: 19.500 \u20ac<\/p>\n\n\n\n<ul class=\"wp-block-list\"><li>DFG \u201eEigene Stelle\u201c for 12 months from October 2016-September 2017 for the project \u201eDer Steuerstaat im Spannungsfeld von Demokratie und Kapitalismus. Eine Geschichte der \u00f6ffentlichen Finanzen in der Bundesrepublik Deutschland (1949- 1989)\u201c<\/li><\/ul>\n\n\n\n<p>Funding amount: 81.400 \u20ac<\/p>\n\n\n\n<p><strong>Conference organisation<\/strong><\/p>\n\n\n\n<ul class=\"wp-block-list\"><li>1)\u00a0\u00a0\u00a0 \u201e\u00d6ffentliche G\u00fcter und ihre Finanzierung \u2013 Wandel und Herausforderung f\u00fcr die Demokratie\u201c at the Schader-Foundation in Darmstadt in June 2019 (together with Sebastian Huhnholz and Christian Waldhoff).<\/li><\/ul>\n\n\n\n<ul class=\"wp-block-list\"><li>2)&nbsp;&nbsp;&nbsp; 11th European Summer University of the Memorial Place Ravensbr\u00fcck<\/li><\/ul>\n\n\n\n<p>\u201eLager im 20. Jahrhundert. Arbeit, Repression und Zwangsmigration in geschlechterhistorischer Perspektive\u201c (Member of the Preparatory Committee)<\/p>\n\n\n\n<ul class=\"wp-block-list\"><li>3)&nbsp;&nbsp;&nbsp; \u201cLeviathan after the Boom. Public Finance in the industrialized Western Countries since the 1970&#8217;s\u201d, Fritz-Thyssen-Stiftung in K\u00f6ln am 13.-15. Juni 2013 (together mit Alexander N\u00fctzenadel and Michael Wildt)<\/li><\/ul>\n\n\n\n<ul class=\"wp-block-list\"><li>\u201eArbeit im Nationalsozialismus\u201c auf Einladung des Internationalen Geisteswissenschaftlichen Kollegs \u201eArbeit und Lebenslauf in globalgeschichtlicher Perspektive\u201c am 13.-15. Dezember 2012 an der Humboldt-Universit\u00e4t zu Berlin (together with Michael Wildt)<\/li><\/ul>\n\n\n\n<ul class=\"wp-block-list\"><li>\u201cDer Bunker Valentin. Ein Ort im europ\u00e4ischen Ged\u00e4chtnis?\u201c \u2013 Universit\u00e4t Bremen, 24.-26. November 2005 (together with Inge Marszolek)<\/li><\/ul>\n\n\n\n<p><strong>Editorial Work<\/strong><\/p>\n\n\n\n<p>Since 2010 &nbsp;&nbsp;&nbsp; Editor of H-Soz-Kult<\/p>\n\n\n\n<p>Since 2003 &nbsp;&nbsp;&nbsp;&nbsp; Editor (until 2011) and editorial board member of the journal Werkstatt<em>Geschichte<\/em><\/p>\n\n\n\n<p>2000-2014&nbsp; &nbsp;&nbsp;&nbsp; Editor of the journal 1999\/Sozial.Geschichte.online.<\/p>\n\n\n\n<p><strong>Memberships<\/strong><\/p>\n\n\n\n<p>Verband der Historiker und Historikerinnen (VHD)<\/p>\n\n\n\n<p>Deutscher Hochschulverband (DHV)<\/p>\n\n\n\n<p>Life-Long Member of Clare Hall (Cambridge)<\/p>\n\n\n\n<p>Member of the DFG-Network \u201eErbf\u00e4lle und Eigentums\u00fcbertragungen \u2013 Erbpraktiken im Spannungsfeld von Staat und Familie seit 1800\u201c (Running 2020-2023)<\/p>\n\n\n\n<p>Member of the founding committee \u201eSociety for Research in the History of the Political Economy of Public Finance\u201c<\/p>\n\n\n\n<p>Member of the Working Group on Historical Violence Research<\/p>\n\n\n\n<p>Member of the Working Group on Tax History (President: Prof. Dr. Ekkehard Reimer, Institut f\u00fcr Finanz- und Steuerrecht at the University of Heidelberg)<\/p>\n\n\n\n<p>Selection Committee Member of the Heinrich-B\u00f6ll-Foundation<\/p>\n\n\n\n<p><strong>Publications &amp; Lectures Dr. habil Marc Buggeln<\/strong><\/p>\n\n\n\n<p><a><\/a><strong>Books<\/strong><\/p>\n\n\n\n<ol class=\"wp-block-list\" type=\"1\"><li>Das Versprechen der Gleichheit. Progressive Steuerpolitik und die Reduktion sozialer Ungleichheit 1871-1945, Berlin 2019 (Habilitationsschrift HU Berlin;&nbsp; printed 2022 at Suhrkamp).<\/li><li>Slave Labour in Nazi Concentration Camps, Oxford University Press: Oxford 2014.<\/li><li>Das System der KZ-Au\u00dfenlager. Krieg, Sklavenarbeit und Massengewalt, Bonn 2012.<\/li><li>Der U-Boot-Bunker \u201eValentin\u201c in Bremen-Farge. Mariner\u00fcstung, Zwangsarbeit und Erinnerung, Edition Temmen: Bremen 2010.<\/li><li>Arbeit und Gewalt. Das Au\u00dfenlagersystem des KZ Neuengamme, Wallstein Verlag: G\u00f6ttingen 2009 (Dissertation Universit\u00e4t Bremen 2008).<\/li><\/ol>\n\n\n\n<p><strong>Edited Volumes<\/strong><\/p>\n\n\n\n<ol class=\"wp-block-list\" type=\"1\"><li>The Political Economy of Public Finance since the 1970s. Questioning the Leviathan, Cambridge University Press: Cambridge 2017 (gemeinsam mit Martin Daunton und Alexander N\u00fctzenadel).<\/li><li>Arbeit im Nationalsozialismus, DeGruyter\/Oldenbourg Verlag: M\u00fcnchen 2014 (gemeinsam mit Michael Wildt)<\/li><li>Bunker. Kriegsort, Zuflucht, Erinnerungsraum, Campus Verlag: Frankfurt am Main 2008 (gemeinsam mit Inge Marszolek).<\/li><li>Klasse (WerkstattGeschichte, Heft 41\/2005) (gemeinsam mit Geoff Eley). Online unter: www.werkstattgeschichte.de<\/li><li>Geschichte in den Medien: NS-Prozesse, Vietnamkrieg, Guido Knopp (1999. Zeitschrift f\u00fcr Sozialgeschichte des 20. und 21. Jahrhunderts, Heft 2\/2002)(gemeinsam mit Sabine Horn).<\/li><\/ol>\n\n\n\n<p><strong>Articles<\/strong><\/p>\n\n\n\n<ol class=\"wp-block-list\" type=\"1\"><li>100 Jahre Finanzministerium auf der bundesstaatlichen Zentralebene, in: Steuer und Wirtschaft 97 (2020) 2, S. 156-163.<\/li><li>Geburtsstunde des modernen Steuerstaats in Deutschland 1919\/1920, in: Wirtschaftsdienst 100 (2020) 1, S. 42-48 (together with Stefan Bach).<\/li><li>Die Debatten um staatliche Zugriffsm\u00f6glichkeiten auf den privaten Reichtum. Der Einkommensteuerspitzensatz in Deutschland 1871-1955, in: VSWG (2018) 3, S. 337-364.<\/li><li>Ein bisschen Theorie und wenig Empirie: Die \u00f6ffentlichen Finanzen als Thema der bundesrepublikanischen Politikwissenschaft (1949-1989), in: Politische Vierteljahresschrift (2018) 1, S. 13-36.<\/li><li>\u201eKeine Aktion Volksbegl\u00fcckung\u201c. Der Spitzensteuersatz als Politikum (1955-2010), in: Mittelweg 36, 27 (2018) 1, S. 13-36.<\/li><li>Forced and Unfree Labor in Nazi Germany, in: Shelley Baranowski\/Armin Nolzen\/Claus-Christian W. Szejnmann (Hg.), A Companion to Nazi Germany, Hoboken, NJ\/Chichester 2018, S. 517-532.<\/li><li>Gab es eine neoliberale Wende in der Steuerpolitik? Der Umgang von FDP und CDU\/CSU mit den \u00f6ffentlichen Finanzen in den 1970er- und 1980er-Jahren, in: Frank B\u00f6sch\/Thomas Hertfelder\/Gabriele Metzler (Hg.), Grenzen des Neoliberalismus. Der Wandel des Liberalismus im sp\u00e4ten 20. Jahrhundert, Stuttgart 2018, S. 179-212.<\/li><li>Slavery and the Camp System in the 19<sup>th<\/sup> and 20<sup>th<\/sup> Century: From Private to State Slavery and Back Again, in: New Literary Observer HOBOE \u043b\u0438\u0442\u0435\u0440\u0430\u0442\u0443\u0440\u043d\u043e\u0435 \u043e\u0431\u043e\u0437\u0440\u0435\u043d\u0438\u0435, No. 142 T.2 (6\/2016; in Russisch). Englische Version online bei: EUROZINE: https:\/\/www.eurozine.com\/from-private-to-state-slavery-and-back-again\/<\/li><li>Introduction, in: The Political Economy of Public Finance since the 1970s. Questioning the Leviathan, Cambridge: Cambridge University Press 2017, S. 1-31 (gemeinsam mit Martin Daunton und Alexander N\u00fctzenadel).<\/li><li>Taxation and Inequality in the 1980s, in: The Political Economy of Public Finance since the 1970s. Questioning the Leviathan, Cambridge: Cambridge University Press 2017, S. 105-125.<\/li><li>Die Zwangsarbeit im Deutschen Reich 1939-1945 und die Entsch\u00e4digung vormaliger Zwangsarbeiter nach dem Kriegsende: Eine weitgehend statistische \u00dcbersicht, Berlin 2017 (Unabh\u00e4ngige Historikerkommission zur Geschichte des Reichsarbeitsministeriums 1933-1945; Working Paper Series A\/ No. 4); https:\/\/www.historikerkommission-reichsarbeitsministerium.de\/sites\/default\/files\/inline-files\/Working%20Paper%20UHK%20A4_Buggeln_1.pdf<\/li><li>A cultural history of the Holocaust with strengths and weaknesses (Review essay on two books by Alon Confino), in: Journal of Genocide Research 18 (2016) 1, S. 117-122.<\/li><li>Arbeit im Nationalsozialismus (Einleitung), in: Marc Buggeln\/Michael Wildt (Hg.), Arbeit im Nationalsozialismus, M\u00fcnchen 2014, S. IX-XXXVII (gemeinsam mit Michael Wildt).<\/li><li>Unfreie Arbeit im Nationalsozialismus. Begrifflichkeiten und Vergleichsaspekte zu den Arbeitsbedingungen im Deutschen Reich und in den besetzten Gebieten, in: Marc Buggeln\/Michael Wildt (Hg.), Arbeit im Nationalsozialismus, M\u00fcnchen 2014, S. 231-252.<\/li><li>Lager im Nationalsozialismus. Gemeinschaft und Zwang, in: Bettina Greiner\/Alan Kramer (Hg.), Welt der Lager. Zur \u201eErfolgsgeschichte\u201c einer Institution, Hamburg 2013, S. 166-202 (gemeinsam mit Michael Wildt).<\/li><li>Zwangsarbeit, in: Michael Wildt\/Christoph Kreutzm\u00fcller (Hg.), Berlin 1933-1945, M\u00fcnchen 2013, S. 127-144 (gemeinsam mit Cord Pagenstecher).<\/li><li>Gewaltraum, in: Christian Gudehus\/Michaela Christ\/Harald Welzer (Hg.), Gewalt. Ein interdisziplin\u00e4res Handbuch, Stuttgart 2013, S. 215-221.<\/li><li>Steuern nach dem Boom. Die \u00d6ffentlichen Finanzen in den westlichen Industrienationen und ihre gesellschaftliche Verteilungswirkung, in: Archiv f\u00fcr Sozialgeschichte 52 (2012), S. 47-90.<\/li><li>T\u00f6dliche Zone KZ-Au\u00dfenlager: Raumorganisation und die Be- und Entgrenzung von Gewalt 1942-1945, in: J\u00f6rg Baberowski\/Gabriele Metzler (Hg.), Gewaltr\u00e4ume. Soziale Ordnungen im Ausnahmezustand, Frankfurt am Main 2012, S. 189-204.<\/li><li>Die Errichtung von KZ-Au\u00dfenlagern von 1940 bis zum Fr\u00fchjahr 1943: Standardisierung des Verfahrens und Machteinbu\u00dfen der SS, in: Wolfgang Benz\/Barbara Distel\/Angelika K\u00f6nigseder (Hg.), Nationalsozialistische Zwangslager. Strukturen und Regionen \u2013 T\u00e4ter und Opfer, Dachau\/Berlin 2011, S. 175-193.<\/li><li>Die weltanschauliche Schulung der KZ-Wachmannschaften in den letzten Kriegsmonaten. Der &#8222;Nachrichtendienst f\u00fcr die SS-M\u00e4nner und Aufseherinnen in den Au\u00dfenkommandos&#8220; im KZ Stutthof 1944\/45, in: Angelika Benz\/Marija Vulesica (Hg.), Bewachung und Ausf\u00fchrung. Alltag der T\u00e4ter in nationalsozialistischen Lagern, Berlin 2011, S. 177-190.)<\/li><li>T\u00f6dliche Produktion. Sterblichkeitsraten und \u00dcberlebenschancen in den Au\u00dfenlagern des KZ Neuengamme, in: Oliver von Wrochem (Hg.), Das KZ Neuengamme und seine Au\u00dfenlager: Geschichte, Nachgeschichte, Erinnerung, Bildung, Berlin 2010, S. 15-26.<\/li><li>\u201eMenschenhandel\u201c als Vorwurf im Nationalsozialismus. Der Streit um den Gewinn aus milit\u00e4rischen Gro\u00dfbaustellen am Kriegsende (1944\/45), in: Mark Spoerer\/ Helmut Trischler\/Andreas Heusler (Hg.), Zwangsarbeit und Kriegswirtschaft, M\u00fcnchen 2010, S. 199-218.<\/li><li>Building to Death. The Satellite Camp System of the Concentration Camp Neuengamme, in: European History Quarterly 39 (2009) 4, S. 606-632.<\/li><li>Erinnerung am Ort der Tat. Au\u00dfenlager des KZ Neuengamme, in: Dachauer Hefte (2008) 24, S. 138-152.<\/li><li>Were KZ-Prisoners Slaves? Possibilities and Limits of Comparisons and Global-Historic Approaches, in: International Review of Social History 53 (2008) 1, S. 101-129.<\/li><li>Bunker \u2013 Orte, Erinnerungen und Fantasmen, in: Marszolek\/Buggeln (Hg.), Bunker, S. 9-25 (gemeinsam mit Inge Marszolek).<\/li><li>Der U-Boot-Bunker Valentin in Bremen: Baustelle, Lager und Nachkriegsnutzung, in: Marszolek\/Buggeln (Hg.), Bunker, S. 103-119.<\/li><li>Concrete Memory: The Struggle over the Air-Raid Shelters and a Submarine Shelter in Bremen after 1945, in: Paul Jaskot\/Gavriel Rosenfeld (Hg.), Beyond Berlin. Twelve Cities Confront the Nazi Past, Ann Arbor 2008, S. 185-208 (gemeinsam mit Inge Marszolek).<\/li><li>KZ-H\u00e4ftlinge beim Arbeitseinsatz in Norddeutschland. Eine Analyse anhand des Vergleichs der Au\u00dfenlager in Bremen-Farge und Fallersleben-Laagberg, in: Justin Hoffmann\/ Kunstverein Wolfsburg (Hg.), Non-Stop. Ein Reader zur Ambivalenz von Krieg und Frieden, Wolfsburg 2005, S. 61-73.<\/li><li>Befehlsgeber und Direktt\u00e4ter vor dem Milit\u00e4rgericht. Die britische Strafverfolgung der Verbrechen im KZ Neuengamme und seinen Au\u00dfenlagern, in: Zeitschrift f\u00fcr Geschichtswissenschaft 53 (2005) 6, S. 522-542 (gemeinsam mit Alyn Be\u00dfmann).<\/li><li>Der Bunker, in: Alexa Geisth\u00f6vel\/Habbo Knoch (Hg.), Orte der Moderne. Erfahrungswelten des 19. und 20. Jahrhunderts, Frankfurt am Main\/ New York 2005, S. 281-289 (gemeinsam mit Inge Marszolek).<\/li><li>KZ-H\u00e4ftlinge als letzte Arbeitskraftreserve der Bremer R\u00fcstungswirtschaft, in: Arbeiterbewegung und Sozialgeschichte 12 (2003), S. 19-36.<\/li><li>Das Au\u00dfenlagersystem des Konzentrationslagers Neuengamme, in: Sabine Moller, Miriam R\u00fcrup, Christel Trouv\u00e9 (Hg.), Abgeschlossene Kapitel? Zur Geschichte der Konzentrationslager und der NS-Prozesse, T\u00fcbingen 2002, S. 15-27.<\/li><li>W\u00e4hrungspl\u00e4ne f\u00fcr den europ\u00e4ischen Gro\u00dfraum. Die Diskussion der nationalsozialistischen Wirtschaftsexperten \u00fcber ein zuk\u00fcnftiges europ\u00e4isches Zahlungssystem, in: Beitr\u00e4ge zur Geschichte des Nationalsozialismus (2002) 18, S. 41-76.<\/li><\/ol>\n\n\n\n<p><strong>Documentation<\/strong><\/p>\n\n\n\n<ol class=\"wp-block-list\" type=\"1\"><li>Europa-Bank oder Dollar-Freihandel? Westdeutsche Auseinandersetzungen \u00fcber eine Europ\u00e4ische W\u00e4hrungsunion zu Beginn der f\u00fcnfziger Jahre, in: Beitr\u00e4ge zur Geschichte des Nationalsozialismus (2002) 18, S. 127-144.<\/li><\/ol>\n\n\n\n<p><strong>Encyclopedia-Articles<\/strong><\/p>\n\n\n\n<ol class=\"wp-block-list\" type=\"1\"><li>Concentration Camps, in: Immanuel Ness (Hg.), The Encyclopedia of Global Human Migration, Wiley-Blackwell: Chichester 2013, Vol. 2.<\/li><li>Auschwitz, in: Online Encyclopedia of Mass Violence (www.massviolence.org)<\/li><li>50 Beitr\u00e4ge zu einzelnen Au\u00dfenlagern des KZ Neuengamme, in: Wolfgang Benz\/Barbara Distel (Hg.) Der Ort des Terrors, Band 5, M\u00fcnchen 2007.<\/li><li>13 Beitr\u00e4ge zu einzelnen Au\u00dfenlagern des KZ Neuengamme sowie der \u00dcberblicksartikel f\u00fcr das Au\u00dfenlagersystem des KZ Neuengamme, in: United States Holocaust Memorial Museum, Encyclopedia of Camps and Ghettos, Volume 1: Early camps, Youth Camps, and the Concentration Camps and Subcamps under the SS-Business Administration Main Office, edited by Geoffrey P. Megargee, Washington 2009.<\/li><\/ol>\n\n\n\n<p><strong>Conference Reports<\/strong><\/p>\n\n\n\n<ol class=\"wp-block-list\" type=\"1\"><li>Historikertag 2008: Zeitgeschichte vor 1945, in: H-Soz-u-Kult, 25.10.2008, <a href=\"http:\/\/hsozkult.geschichte.hu-berlin.de\/forum\/id=1029&amp;type=diskussionen\" target=\"_blank\" rel=\"noreferrer noopener\">http:\/\/hsozkult.geschichte.hu-berlin.de\/forum\/id=1029&amp;type=diskussionen<\/a> und in: Historisches Forum (2008) 11, S. 57-66.<\/li><li>Genocides: Forms, Causes and Consequences. The Namibian War (1904-1908) in historical perspective (Berlin 13.-15.1.2005), in: WerkstattGeschichte 14 (2005) 39, S. 83-85.<\/li><li>The third annual Workshop on the Holocaust (gemeinsam mit Armin Nolzen), in: <a href=\"http:\/\/hsozkult.geschichte.hu-berlin.de\/tagungsberichte\/id=21\" target=\"_blank\" rel=\"noreferrer noopener\">http:\/\/hsozkult.geschichte.hu-berlin.de\/tagungsberichte\/id=21<\/a>.<\/li><li>Konferenz anl\u00e4sslich des 60. Jahrestags des deutschen Angriffs auf die Sowjetunion, Berlin-Karlshorst, 16. bis 17. Juni 2001, in: 1999. Zeitschrift f\u00fcr Sozialgeschichte des 20. und 21. Jahrhunderts 17 (2002) 1, S. 221-224.<\/li><\/ol>\n\n\n\n<p><strong>Exhibition Review<\/strong><\/p>\n\n\n\n<ol class=\"wp-block-list\" type=\"1\"><li>Die Dokumentation Obersalzberg. Wie sich das Institut f\u00fcr Zeitgeschichte an seinem Anspruch verhebt, in: Beitr\u00e4ge zur Geschichte der nationalsozialistischen Verfolgung in Norddeutschland (2005) 9, 159-164.<\/li><\/ol>\n\n\n\n<p><strong>Other Publications<\/strong><\/p>\n\n\n\n<ol class=\"wp-block-list\" type=\"1\"><li>Weit mehr als die Gewalt selbst. Von der Notwendigkeit komplexer Definitionen: Marc Buggeln, Christian Gudehus, Elissa Mail\u00e4nder und Veronika Springmann diskutieren \u00fcber kollektive Gewalt, in: WerkstattGeschichte (2021)<\/li><li>Forum EU: Die Kosten der Rettung Europas: Schulden- und Steuerkulturen in historischer Perspektive, in: H-Soz-Kult, 26.08.2020, (together K. Sch\u00f6nh\u00e4rl) &lt;www.hsozkult.de\/debate\/id\/diskussionen-5048&gt;.<\/li><\/ol>\n\n\n\n<p><strong>Reviews<\/strong><\/p>\n\n\n\n<p>More than 50 reviews altogether in: American Historical Review, Beitr\u00e4ge zur Geschichte des Nationalsozialismus, European History Quarterly, German History, HSozKult, Historische Zeitschrift, Journal of Modern History, Sehepunkt, Sozial.Geschichte (1999), Traverse, Vierteljahresschrift f\u00fcr Sozial- und Wirtschaftsgeschichte, WerkstattGeschichte&nbsp;<\/p>\n","protected":false},"excerpt":{"rendered":"<p>Academic and professional career 10\/21&nbsp;&nbsp;&nbsp;&nbsp;&nbsp;&nbsp;&nbsp;&nbsp;&nbsp;&nbsp;&nbsp;&nbsp; Interim Professor of Social, Economic &amp; Technical History at Helmut-Schmidt-University\/University of the Bundeswehr Hamburg 7\/21&nbsp;&nbsp;&nbsp;&nbsp;&nbsp;&nbsp;&nbsp;&nbsp;&nbsp;&nbsp;&nbsp;&nbsp;&nbsp;&nbsp; Privatdozent at Humboldt University Berlin 16\/12\/20&nbsp;&nbsp;&nbsp;&nbsp;&nbsp;&nbsp;&nbsp; Venia Legendi \u201cModern &amp; [&hellip;]<\/p>\n","protected":false},"author":2390,"featured_media":558,"parent":0,"menu_order":0,"comment_status":"closed","ping_status":"closed","template":"","meta":{"footnotes":""},"categories":[4],"tags":[],"class_list":["post-854","page","type-page","status-publish","has-post-thumbnail","hentry","category-forschung"],"_links":{"self":[{"href":"https:\/\/www.hsu-hh.de\/histec\/wp-json\/wp\/v2\/pages\/854","targetHints":{"allow":["GET"]}}],"collection":[{"href":"https:\/\/www.hsu-hh.de\/histec\/wp-json\/wp\/v2\/pages"}],"about":[{"href":"https:\/\/www.hsu-hh.de\/histec\/wp-json\/wp\/v2\/types\/page"}],"author":[{"embeddable":true,"href":"https:\/\/www.hsu-hh.de\/histec\/wp-json\/wp\/v2\/users\/2390"}],"replies":[{"embeddable":true,"href":"https:\/\/www.hsu-hh.de\/histec\/wp-json\/wp\/v2\/comments?post=854"}],"version-history":[{"count":4,"href":"https:\/\/www.hsu-hh.de\/histec\/wp-json\/wp\/v2\/pages\/854\/revisions"}],"predecessor-version":[{"id":860,"href":"https:\/\/www.hsu-hh.de\/histec\/wp-json\/wp\/v2\/pages\/854\/revisions\/860"}],"wp:featuredmedia":[{"embeddable":true,"href":"https:\/\/www.hsu-hh.de\/histec\/wp-json\/wp\/v2\/media\/558"}],"wp:attachment":[{"href":"https:\/\/www.hsu-hh.de\/histec\/wp-json\/wp\/v2\/media?parent=854"}],"wp:term":[{"taxonomy":"category","embeddable":true,"href":"https:\/\/www.hsu-hh.de\/histec\/wp-json\/wp\/v2\/categories?post=854"},{"taxonomy":"post_tag","embeddable":true,"href":"https:\/\/www.hsu-hh.de\/histec\/wp-json\/wp\/v2\/tags?post=854"}],"curies":[{"name":"wp","href":"https:\/\/api.w.org\/{rel}","templated":true}]}}