{"id":564,"date":"2019-09-16T16:13:44","date_gmt":"2019-09-16T14:13:44","guid":{"rendered":"https:\/\/www.hsu-hh.de\/histec\/?page_id=564"},"modified":"2026-01-29T11:22:44","modified_gmt":"2026-01-29T10:22:44","slug":"agnes-bauer","status":"publish","type":"page","link":"https:\/\/www.hsu-hh.de\/histec\/agnes-bauer","title":{"rendered":"Agnes Bauer"},"content":{"rendered":"\n<h2 class=\"wp-block-heading\">Kontakt<\/h2>\n\n\n<script type=\"application\/ld+json\">[{\"@context\": \"https:\/\/www.schema.org\",\"@type\": \"Person\",\"name\": \"Agnes Bauer\",\"worksFor\": [{\t\"@type\": \"Organization\",\t\"name\": \"Helmut-Schmidt-Universit\u00e4t\",\t\"url\": \"https:\/\/www.hsu-hh.de\"\t, \"department\": {\"@type\": \"Organization\",\t\t\t\t\t\"name\": \"Wissensgeschichte moderner Gesellschaften\",\t\t\t\t\t\"location\": {\t\t\t\t\t\t\"@type\": \"PostalAddress\",\t\t\t\t\t\t\"addressLocality\": \"\",        \t\t\t\t\"postalCode\": \"22043\",        \t\t\t\t\"streetAddress\": \"Holstenhofweg 85 , Geb\u00e4ude H1\"\t\t\t\t\t}},\t\"location\": {\t\t\"@type\": \"PostalAddress\",    \t\"addressLocality\": \"\",    \t\"postalCode\": \"22008\",    \t\"postOfficeBoxNumber\": \"700822\"\t}   }],\"image\": \"https:\/\/www.hsu-hh.de\/histec\/wp-content\/uploads\/sites\/734\/2019\/09\/Bauer-150x150.jpg\",\"telephone\": \"+49406541- 3405\",\"faxNumber\": \"\",\"email\": \"bauera@hsu-hh.de\"}]<\/script><div class=\"clearfix\"><\/div><div class=\"ansprechparter-container \" style=\"margin-top:1em; \"><div class=\"row ansprechpartner-item ansprechparter-header\" ><div class=\"col-xs-8 col-lg-12\" style=\"margin-bottom: 30px;\"><h3 class=\"ansprechparter-headline\">Agnes Bauer<\/h3><\/div><\/div><div class=\"col-md-4 col-lg-3 col-xs-4 ansprechpartner-item floatright img-circle center-block\" style=\"margin-bottom: 30px;\"><div class=\"img-responsive-wrapper\"><img decoding=\"async\" src=\"https:\/\/www.hsu-hh.de\/histec\/wp-content\/uploads\/sites\/734\/2019\/09\/Bauer-150x150.jpg\" alt=\"agnes bauer\" class=\"img-circle img-responsive center-block\" \/><\/div><\/div><div class=\"col-md-12 col-lg-3 col-xs-12 ansprechpartner-item kontakt floatright\" style=\"margin-bottom: 30px; \"><div class=\"row\"><div class=\"col-xs-12 col-sm-6 col-lg-12\"><div class=\"row\"><div class=\"col-xs-4 col-lg-4 row-text bold\" >Raum:<\/div><div class=\" row-text\">2310<\/div><\/div><\/div><div class=\"col-xs-12 col-sm-6 col-lg-12\"><div class=\"row\"><div class=\"col-xs-4 col-lg-4 row-text bold\">Telefon:<\/div><div class=\" row-text\">+49406541- 3405<\/div><\/div><\/div><div class=\"col-xs-12 col-sm-6 col-lg-12\"><div class=\"row\"><div class=\"col-xs-4 col-lg-4 row-text bold\">E-Mail:<\/div><div class=\"row-text\" style=\"overflow:hidden; word-break: break-word\"><a href=\"mailto:bauera@hsu-hh.de\" rel=\"nofollow\">bauera@hsu-hh.de<\/a><\/div><\/div><\/div><\/div><\/div><div class=\"col-md-6 col-lg-3 col-xs-12 ansprechpartner-item anschrift floatright\" ><div class=\"row-headline\">Besucheranschrift<\/div><div class=\"dataBesucheranschrift\" style=\"\"><div class=\"row-text\">Helmut-Schmidt-Universit\u00e4t<\/div><div class=\"row-text\">Geb\u00e4ude H1<\/div><div class=\"row-text\">Holstenhofweg 85<\/div><div class=\"row-text\">22043 Hamburg<\/div><\/div><\/div><div class=\"col-md-6 col-lg-3 col-xs-12 ansprechpartner-item anschrift floatright\"><div class=\"row-headline\">Postanschrift<\/div><div class=\"dataPostanschrift\" style=\"\"><div class=\"row-text\">Helmut-Schmidt-Universit\u00e4t<\/div><div class=\"row-text\">Fakult\u00e4t f\u00fcr Geistes- und<\/div><div class=\"row-text\">Sozialwissenschaften<\/div><div class=\"row-text\">Wissensgeschichte moderner Gesellschaften<\/div><div class=\"row-text\">Postfach 70 08 22<\/div><div class=\"row-text\">22008 Hamburg<\/div><\/div><\/div><\/div><div class=\"clearfix\"><\/div>\n\n\n<div style=\"height:30px\" aria-hidden=\"true\" class=\"wp-block-spacer\"><\/div>\n\n\n\n<h2 class=\"wp-block-heading\">Biogramm<\/h2>\n\n\n\n<p>Agnes Bauer hat in Garmisch-Partenkirchen an den Schulen f\u00fcr Holz und Gestaltung eine Schreiner*innenlehre abgeschlossen und im Anschluss an der <abbr title=\"Technische Universit\u00e4t\">TU<\/abbr> Berlin Wissenschafts- und Technikgeschichte studiert. Seit 2019 ist die wissenschaftliche Mitarbeiterin an der <abbr title=\"Helmut Schmidt Universit\u00e4t\">HSU<\/abbr> Hamburg und seit 2021 assoziierte Doktorandin am Zentrum f\u00fcr Zeithistorische Forschung in Potsdam. Sie hat im Dezember 2025 ihre Dissertation an der Universit\u00e4t Potsdam eingereicht.<\/p>\n\n\n\n<p>Link: <a href=\"https:\/\/hsu-hh.academia.edu\/AgnesHHBauer\" data-type=\"URL\" data-id=\"https:\/\/hsu-hh.academia.edu\/AgnesHHBauer\" rel='nofollow'>https:\/\/hsu-hh.academia.edu\/AgnesHHBauer<\/a><\/p>\n\n\n\n<p>Forschungsinteressen<\/p>\n\n\n\n<ul class=\"wp-block-list\">\n<li>Wissenschafts- und Technikgeschichte<\/li>\n\n\n\n<li>Materielle Kultur wissenschaftlicher Instrumente<\/li>\n\n\n\n<li>Geschichte von Geschlecht und Arbeit<\/li>\n\n\n\n<li>Geschichte der \u201epraktischen Intelligenz\u201c<\/li>\n<\/ul>\n\n\n\n<div style=\"height:15px\" aria-hidden=\"true\" class=\"wp-block-spacer\"><\/div>\n\n\n\n\n\n<h3>CV<\/h3>\n\n\n\n<p><strong>Seit Juni 2021<\/strong><\/p>\n\n\n\n<p>Promotionsstudium an der Universit\u00e4t Potsdam als assoziierte*r<br>Doktorand*in am ZZF Potsdam (Abteilung II)<\/p>\n\n\n\n<p><strong>Seit September 2019<\/strong><\/p>\n\n\n\n<p>Wissenschaftliche*r Mitarbeiter*in am Lehrstuhl f\u00fcr Neuere Sozial-, Wirtschafts- und Technikgeschichte inzwischen Wissensgeschichte moderner Gesellschaften der Helmut-Schmidt-Universit\u00e4t, Universit\u00e4t der Bundeswehr Hamburg<\/p>\n\n\n\n<p><strong>2015-2018<\/strong><\/p>\n\n\n\n<p>Studium an der <abbr title=\"Technische Universit\u00e4t\">TU<\/abbr> Berlin, MA \u201eGeschichte und Kultur der Wissenschaft und Technik\u201c und Auslandsstudium an der Sophia Universit\u00e4t Tokyo<\/p>\n\n\n\n<p><strong>2011-2015<\/strong><\/p>\n\n\n\n<p>Studium an der <abbr title=\"Technische Universit\u00e4t\">TU<\/abbr> Berlin, BA \u201eKultur und Technik\u201c, Schwerpunkt Wissenschafts- und Technikgeschichte<\/p>\n\n\n\n<p><strong>2008-2011<\/strong><\/p>\n\n\n\n<p>Ausbildung an den Schulen f\u00fcr Holz und Gestaltung in Garmisch-Partenkirchen, Berufsfachschule f\u00fcr Schreinerei<\/p>\n\n\n\n\n\n<h3>Publikationen<\/h3>\n\n\n\n<p><strong>Publikationen<\/strong><\/p>\n\n\n\n<p>Bauer, Agnes: \u201cReality Made Calibratable\u201d: Walther Moede&#8217;s Bimanual Tester, Labor Efficiency, and Psychotechnical \u201cObjectivity\u201d in the Weimar Republic, in: NTM 33 (2025), S. 315\u2013342. DOI: 10.1007\/s00048-025-00425-5.<\/p>\n\n\n\n<p>Bauer, Agnes: \u201eDie Galton-Pfeife\u201c, Preprint des Workshops \u201eMaterial Culture in the History of Physics\u201c, Deutsches Museum M\u00fcnchen; https:\/\/www.uni-flensburg.de\/fileadmin\/content\/abteilungen\/physik\/dokumente\/material-culture\/bauer-agnes-die-galton-pfeife.pdf [Zugriff: 11. Mai 2019]<\/p>\n\n\n\n<p>Bauer, Agnes: \u201e,Herrliche, liebliche und f\u00fcrtreffliche Nutzbarkeit.\u2018 Vermittlung von praktischem Wissen durch Franz Ritters Astrolabium-Traktat von 1613\u201c, in: Engelschalt, J.; Maibaum, A.; Engels, F.; Odenwald, J. (<abbr title=\"Herausgeber\">Hrsg.<\/abbr>): Schafft Wissen: Gemeinsames und geteiltes Wissen in Wissenschaft und Technik: Proceedings der 2. Tagung des Nachwuchsnetzwerks \u201eINSIST\u201c; 07.-08. Oktober 2016. M\u00fcnchen 2018, S. 22\u201342.<\/p>\n\n\n\n<p>Bauer, Agnes; Cubasch, Alwin: \u201eTagungsbericht Technikemotionen. 27. Jahrestagung der Gesellschaft f\u00fcr Technikgeschichte (GTG) vom 4. bis 6. Mai 2018\u201c, in: Technikgeschichte 85 (2018) 3, S. 217\u2013222.<\/p>\n\n\n\n<p><strong>Vortr\u00e4ge<\/strong><\/p>\n\n\n\n<p>Lehrveranstaltung an der Helmut-Schmidt-Universit\u00e4t: Seminar \u201eMaterielle Kultur und (technische) Objekte in der Wissensgeschichte\u201c, Mi 11:30-13:00<\/p>\n\n\n\n<p>13. November 2024<br>Vortrag auf der Tagung \u201eKOPFARBEIT. Sozial- und kulturgeschichtliche Blicke auf die \u201eandere Seite\u201c der Arbeit im 19. und 20. Jahrhundert\u201c zum Thema \u201eVergeistigte Hand- und monotone Kopfarbeit. Abgrenzungsversuche der deutschen Arbeitspsychologie zwischen Hand- und Kopfarbeit w\u00e4hrend der 1920er und 1930er Jahre\u201c<\/p>\n\n\n\n<p>7. November 2024<br>Vortrag an der Europa-Universit\u00e4t Flensburg am Flensburger Kolloquium zur Geschichte und Didaktik der Physik zum Thema \u201ePsychologische Ger\u00e4te zur Testung verk\u00f6rperter Intelligenz zwischen 1920 und den 1960er Jahren \u2013 Wie schreibt man eine Geschichte des impliziten Wissens?\u201c<\/p>\n\n\n\n<p>24. Mai 2024<br>Vortrag am Kolloquium des Netzwerks Hamburger Bildungshistorikerinnen \/ UHH Hamburg &amp; <abbr title=\"Helmut Schmidt Universit\u00e4t\">HSU<\/abbr> Hamburg zum Thema \u201eApparative, psychologische Testpraktiken und das Verh\u00e4ltnis von Handarbeit und Kognition zwischen 1920 und den 1960er Jahren\u201c<\/p>\n\n\n\n<p>23. Februar 2024<br>Vortrag auf dem Workshop \u201eWhy Intelligence\u201c an der Universit\u00e4t Erfurt zum Thema \u201eAgnes Bauer (University of Potsdam), Facets of Practical Intelligence in Discourses of German Vocational Psychology, 1920s-1960s\u201c<\/p>\n\n\n\n<p>14. September 2023<br>Vortrag im Rahmen der GWMT Jahrestagung \u201eMensch \u2013 Maschine \u2013 Mobilit\u00e4t\u201c zum Thema \u201eVon der Maschine Mensch und dem Menschen an der Maschine. Wie die Arbeitspsychologie der Weimarer Republik versuchte verk\u00f6rperte Intelligenz zu erfassen\u201c<\/p>\n\n\n\n<p>21. Juni 2022<br>Vortrag am technikhistorischen Oberseminar an der Technischen Universit\u00e4t Darmstadt zum Thema \u201eEinhegung von Psyche und K\u00f6rper. Die Erfassung verk\u00f6rperten Wissens durch psychologische, apparative Tests im 20. Jahrhundert\u201c<\/p>\n\n\n\n<p>21. April 2021<br>Kolloquium der Geschichtswissenschaften an der Helmut-Schmidt-Universit\u00e4t Hamburg zum Thema \u201eErfassung der Psyche und Einhegung von K\u00f6rperlichkeit. Die Geschichte der Psychotechnik anhand ihrer Apparate\u201c<\/p>\n\n\n\n<p>16. Februar 2021<br>Examenskolloquium der Medienwissenschaften an der Humboldt-Universit\u00e4t Berlin zum Thema \u201eMaterialit\u00e4t und K\u00f6rperlichkeit in der Psychotechnik des 20. Jhds\u201c<\/p>\n\n\n\n<p>21. Januar 2021<br>Vortrag beim Abteilungs-Kolloquium am Institut f\u00fcr mathematische, naturwissenschaftliche und technische Bildung an der Europa Universit\u00e4t Flensburg; Titel: &#8222;Erfassung der Psyche und Einhegung von K\u00f6rperlichkeit: Die Geschichte der Psychotechnik anhand ihrer Apparate&#8220;, online<\/p>\n\n\n\n<p>21. April 2020<br>Vortrag beim Kolloquium zur neueren Forschung zur Geschichte an der <abbr title=\"Helmut Schmidt Universit\u00e4t\">HSU<\/abbr>; Titel: &#8222;Erfassung der Psyche und Einhegung von K\u00f6rperlichkeit: Die Geschichte der Psychotechnik anhand ihrer Apparate&#8220;<\/p>\n\n\n\n<p>Mai 2018<br>Vortrag im Nachwuchsforum im Rahmen der Jahrestagung der Gesellschaft f\u00fcr Technikgeschichte; Titel: \u201eEignungspr\u00fcfungen und Intelligenztests als Social Engineering?\u201c<\/p>\n\n\n\n<p>Oktober 2016<br>Vortrag und Publikation zum Thema \u201ePraktisches Wissen\u201c an der INSIST-Konferenz \u201eSchafft Wissen\u201c<\/p>\n\n\n\n\n\n<h3>Forschung<\/h3>\n\n\n\n<div class=\"wp-block-media-text alignwide is-stacked-on-mobile\" style=\"grid-template-columns:18% auto\"><figure class=\"wp-block-media-text__media\"><img loading=\"lazy\" decoding=\"async\" width=\"438\" height=\"438\" src=\"https:\/\/www.hsu-hh.de\/histec\/wp-content\/uploads\/sites\/734\/2022\/11\/Zweihandpruefer_pp1920-21_294-edited-6-1-e1669809173367.jpg\" data-credit=\"Moede, Walther\" alt=\"Moede, Walther (1921): Ergebnisse der industriellen Psychotechnik. In: Praktische Psychologie 2 (10), S. 289\u2013328, hier: S. 294\" class=\"wp-image-1135 size-full\" srcset=\"https:\/\/www.hsu-hh.de\/histec\/wp-content\/uploads\/sites\/734\/2022\/11\/Zweihandpruefer_pp1920-21_294-edited-6-1-e1669809173367.jpg 438w, https:\/\/www.hsu-hh.de\/histec\/wp-content\/uploads\/sites\/734\/2022\/11\/Zweihandpruefer_pp1920-21_294-edited-6-1-e1669809173367-300x300.jpg 300w, https:\/\/www.hsu-hh.de\/histec\/wp-content\/uploads\/sites\/734\/2022\/11\/Zweihandpruefer_pp1920-21_294-edited-6-1-e1669809173367-150x150.jpg 150w, https:\/\/www.hsu-hh.de\/histec\/wp-content\/uploads\/sites\/734\/2022\/11\/Zweihandpruefer_pp1920-21_294-edited-6-1-e1669809173367-100x100.jpg 100w\" sizes=\"auto, (max-width: 438px) 100vw, 438px\" \/><\/figure><div class=\"wp-block-media-text__content\">\n<h3 class=\"wp-block-heading\">Verk\u00f6rperte Intelligenz. Eine politische Epistemologie der deutschen angewandten<br>Psychologie, 1920 bis 1970<\/h3>\n\n\n\n<p>Das Projekt siedelt sich im Feld der Wissenschafts-, Technik- und Mediengeschichte an und verfolgt die Forschungsfrage, wie die Beziehung zwischen Denken und (Hand-)Motorik in psychologischen Eignungspr\u00fcfungen des 20. Jahrhunderts in den deutschsprachigen L\u00e4ndern f\u00fcr unterschiedliche Berufsgruppen wie Arbeiterinnen, Mitglieder des Milit\u00e4rs oder Angestellte, erfasst, stabilisiert, hinterfragt oder erst hervorgebracht wurde, indem ihre F\u00e4higkeiten gemessen, bewertet und kategorisiert wurden.<\/p>\n\n\n\n<p>Dabei verfolge ich zum einen die These, dass die Erfassung des Verh\u00e4ltnisses von Kognition und Motorik mithilfe der apparativen Psychotechnik der 1920er Jahre erst m\u00f6glich wurde. Zum anderen gehe ich davon aus, dass Expertinnen aus unterschiedlichen wissenschaftlichen Disziplinen wie der Psychologie oder den Ingenieurswissenschaften durch die Praxis apparativer Tests ein bestimmtes Verst\u00e4ndnis von (Leistungs-)F\u00e4higkeit auf die Versuchspersonen projizierten und so das allgemein angenommene Verh\u00e4ltnis von Kopf- und Hand-Arbeit pr\u00e4gten. Dieses Verst\u00e4ndnis von F\u00e4higkeit, subsumiert unter Begriffen wie \u201epraktische Intelligenz\u201c, war in den 1920er Jahren gekoppelt mit einer Form des Ordnungsdenkens, nach dem Menschen je nach Bef\u00e4higung unterschiedliche Pl\u00e4tze in der Gesellschaft zugewiesen wurden. Daran anschlie\u00dfend m\u00f6chte ich drittens die Kontinuit\u00e4t von psychotechnischen Praktiken und Ger\u00e4ten \u00fcber 1945 herausarbeiten.<\/p>\n\n\n\n<p><a href=\"https:\/\/www.hsu-hh.de\/histec\/materialitaet-in-der-psychotechnik\" data-type=\"URL\" data-id=\"https:\/\/www.hsu-hh.de\/histec\/materialitaet-in-der-psychotechnik\">Link zur Projektseite<\/a><\/p>\n<\/div><\/div>\n\n\n\n\n","protected":false},"excerpt":{"rendered":"<p>Kontakt Biogramm Agnes Bauer hat in Garmisch-Partenkirchen an den Schulen f\u00fcr Holz und Gestaltung eine Schreiner*innenlehre abgeschlossen und im Anschluss an der TU Berlin Wissenschafts- und Technikgeschichte studiert. Seit 2019 [&hellip;]<\/p>\n","protected":false},"author":111,"featured_media":568,"parent":0,"menu_order":0,"comment_status":"closed","ping_status":"closed","template":"","meta":{"footnotes":""},"categories":[4],"tags":[],"class_list":["post-564","page","type-page","status-publish","has-post-thumbnail","hentry","category-forschung"],"_links":{"self":[{"href":"https:\/\/www.hsu-hh.de\/histec\/wp-json\/wp\/v2\/pages\/564","targetHints":{"allow":["GET"]}}],"collection":[{"href":"https:\/\/www.hsu-hh.de\/histec\/wp-json\/wp\/v2\/pages"}],"about":[{"href":"https:\/\/www.hsu-hh.de\/histec\/wp-json\/wp\/v2\/types\/page"}],"author":[{"embeddable":true,"href":"https:\/\/www.hsu-hh.de\/histec\/wp-json\/wp\/v2\/users\/111"}],"replies":[{"embeddable":true,"href":"https:\/\/www.hsu-hh.de\/histec\/wp-json\/wp\/v2\/comments?post=564"}],"version-history":[{"count":47,"href":"https:\/\/www.hsu-hh.de\/histec\/wp-json\/wp\/v2\/pages\/564\/revisions"}],"predecessor-version":[{"id":1791,"href":"https:\/\/www.hsu-hh.de\/histec\/wp-json\/wp\/v2\/pages\/564\/revisions\/1791"}],"wp:featuredmedia":[{"embeddable":true,"href":"https:\/\/www.hsu-hh.de\/histec\/wp-json\/wp\/v2\/media\/568"}],"wp:attachment":[{"href":"https:\/\/www.hsu-hh.de\/histec\/wp-json\/wp\/v2\/media?parent=564"}],"wp:term":[{"taxonomy":"category","embeddable":true,"href":"https:\/\/www.hsu-hh.de\/histec\/wp-json\/wp\/v2\/categories?post=564"},{"taxonomy":"post_tag","embeddable":true,"href":"https:\/\/www.hsu-hh.de\/histec\/wp-json\/wp\/v2\/tags?post=564"}],"curies":[{"name":"wp","href":"https:\/\/api.w.org\/{rel}","templated":true}]}}