{"id":446,"date":"2018-06-06T13:00:46","date_gmt":"2018-06-06T11:00:46","guid":{"rendered":"https:\/\/www.hsu-hh.de\/histec\/?page_id=446"},"modified":"2019-01-09T11:01:31","modified_gmt":"2019-01-09T10:01:31","slug":"nora-thorade","status":"publish","type":"page","link":"https:\/\/www.hsu-hh.de\/histec\/team\/nora-thorade","title":{"rendered":"Nora Thorade"},"content":{"rendered":"<h3>Kontakt<\/h3>\n<p>&nbsp;<\/p>\n<div class=\"clearfix\"><\/div>\n<div class=\"ansprechparter-container\">\n<div class=\"row ansprechpartner-item ansprechparter-header\">\n<div class=\"col-xs-8 col-lg-12\" style=\"margin-bottom: 30px\">\n<div class=\"mobile-small\"><\/div>\n<\/div>\n<div class=\"col-md-4 col-lg-3 col-xs-4 ansprechpartner-item floatright img-circle center-block\" style=\"margin-bottom: 30px\">\n<div class=\"img-responsive-wrapper\"><img loading=\"lazy\" decoding=\"async\" class=\"alignnone size-thumbnail wp-image-450\" src=\"https:\/\/www.hsu-hh.de\/histec\/wp-content\/uploads\/sites\/734\/2018\/06\/NT_2017_klein-1-150x150.jpeg\" alt=\"Nora Thorade\" width=\"150\" height=\"150\" data-credit=\"Nora Thorade\" srcset=\"https:\/\/www.hsu-hh.de\/histec\/wp-content\/uploads\/sites\/734\/2018\/06\/NT_2017_klein-1-150x150.jpeg 150w, https:\/\/www.hsu-hh.de\/histec\/wp-content\/uploads\/sites\/734\/2018\/06\/NT_2017_klein-1-100x100.jpeg 100w\" sizes=\"auto, (max-width: 150px) 100vw, 150px\" \/><\/div>\n<\/div>\n<div class=\"col-md-12 col-lg-3 col-xs-12 ansprechpartner-item kontakt floatright\" style=\"margin-bottom: 30px\">\n<div class=\"row\">\n<div class=\"col-xs-12 col-sm-6 col-lg-12\">\n<div class=\"row\">\n<div class=\"col-xs-12 col-lg-4 row-text bold\">Raum:<\/div>\n<div class=\"col-xs-12 col-lg-8 row-text\">2219<\/div>\n<\/div>\n<\/div>\n<div class=\"col-xs-12 col-sm-6 col-lg-12\">\n<div class=\"row\">\n<div class=\"col-xs-12 col-lg-4 row-text bold\">Telefon:<\/div>\n<div class=\"col-xs-12 col-lg-8 row-text\">+49-40 6541 &#8211; 3533<\/div>\n<\/div>\n<\/div>\n<div class=\"col-xs-12 col-sm-6 col-lg-12\">\n<div class=\"row\">\n<div class=\"col-xs-12 col-lg-8 row-text\"><\/div>\n<\/div>\n<\/div>\n<div class=\"col-xs-12 col-sm-6 col-lg-12\">\n<div class=\"row\">\n<div class=\"col-xs-12 col-md-12 row-text bold\">E-Mail:<\/div>\n<div class=\"col-xs-12 col-md-12 row-text\"><a href=\"muster@hsu-hh.de\" rel='nofollow'>thorade@hsu-hh.de<\/a><\/div>\n<\/div>\n<\/div>\n<\/div>\n<\/div>\n<div class=\"col-md-6 col-lg-3 col-xs-12 ansprechpartner-item anschrift floatright\">\n<div class=\"row-headline\">Besucheranschrift<\/div>\n<div class=\"row-text\">Helmut-Schmidt-Universit\u00e4t<\/div>\n<div class=\"row-text\">Geb\u00e4ude H1<\/div>\n<div class=\"row-text\">Holstenhofweg 85<\/div>\n<div class=\"row-text\">22043 Hamburg<\/div>\n<div><\/div>\n<\/div>\n<div class=\"col-md-6 col-lg-3 col-xs-12 ansprechpartner-item anschrift floatright\">\n<div class=\"row-headline\">Postanschrift<\/div>\n<div class=\"row-text\">Helmut-Schmidt-Universit\u00e4t<\/div>\n<p>Fakult\u00e4t f\u00fcr Geistes und<br \/>\nSozialwissenschaften<br \/>\nNeuere Sozial-, Wirtschafts- und Technikgeschichte<br \/>\nPostfach 70 08 22<br \/>\n22008 Hamburg<\/p>\n<\/div>\n<\/div>\n<\/div>\n<div class=\"clearfix\"><\/div>\n<p>&nbsp;<\/p>\n<h3>CV<\/h3>\n<p>seit 04\/2018\u00a0\u00a0\u00a0\u00a0\u00a0\u00a0\u00a0\u00a0\u00a0\u00a0\u00a0\u00a0\u00a0\u00a0\u00a0\u00a0\u00a0 Wissenschaftliche Mitarbeiterin<\/p>\n<p>Helmut-Schmidt-Universit\u00e4t Hamburg<\/p>\n<p>Professur f\u00fcr Neuere Sozial-, Wirtschafts- und Technikgeschichte<\/p>\n<p>&nbsp;<\/p>\n<p>05\/2010 &#8211; 11\/2017\u00a0\u00a0\u00a0\u00a0\u00a0\u00a0\u00a0\u00a0 Promotion<\/p>\n<p>Ruhr-Universit\u00e4t Bochum<\/p>\n<p>Lehrstuhl f\u00fcr Wirtschafts- und Unternehmensgeschichte<\/p>\n<p>&nbsp;<\/p>\n<p>07\/2015 &#8211; 01\/2017\u00a0\u00a0\u00a0\u00a0\u00a0\u00a0\u00a0\u00a0 Wissenschaftliche Mitarbeiterin<\/p>\n<p>Helmut-Schmidt-Universit\u00e4t Hamburg<\/p>\n<p>Professur f\u00fcr Neuere Sozial-, Wirtschafts- und Technikgeschichte<\/p>\n<p>&nbsp;<\/p>\n<p>05\/2012 \u2013 07\/2012\u00a0\u00a0\u00a0\u00a0\u00a0\u00a0\u00a0\u00a0 Stipendiatin<\/p>\n<p><abbr title=\"Technische Universit\u00e4t\">TU<\/abbr> Darmstadt<\/p>\n<p>DFG-Graduiertenkolleg 1343 Topologie der Technik<\/p>\n<p>&nbsp;<\/p>\n<p>05\/2010 \u2013 04\/2014\u00a0\u00a0\u00a0\u00a0\u00a0\u00a0\u00a0\u00a0 Stipendiatin<\/p>\n<p>Fritz Thyssen Stiftung<\/p>\n<p>Projekt: Europ\u00e4ische Montanregionen im Zeitalter der Industrialisierung im Vergleich<\/p>\n<p>&nbsp;<\/p>\n<p>02\/2007 \u2013 8\/2007\u00a0\u00a0\u00a0\u00a0\u00a0\u00a0\u00a0\u00a0\u00a0 Auslandssemester<\/p>\n<p>Universidade de Lisboa (Lissabon)<\/p>\n<p>Faculdade de Letras<\/p>\n<p>&nbsp;<\/p>\n<p>06\/2006 \u2013 11\/2009\u00a0\u00a0\u00a0\u00a0\u00a0\u00a0\u00a0\u00a0 Studentische Hilfskraft<\/p>\n<p><abbr title=\"Technische Universit\u00e4t\">TU<\/abbr> Berlin<\/p>\n<p>Lehrstuhl f\u00fcr Technikgeschichte<\/p>\n<p>&nbsp;<\/p>\n<p>04\/2004 \u2013 11\/2009\u00a0\u00a0\u00a0\u00a0\u00a0\u00a0\u00a0\u00a0 Magisterstudium<\/p>\n<p><abbr title=\"Technische Universit\u00e4t\">TU<\/abbr> Berlin \/ Humboldt Universit\u00e4t Berlin<\/p>\n<p>Wissenschafts- und Technikgeschichte (Hauptfach)<\/p>\n<p>Neuere deutsche Philologie (Nebenfach)<\/p>\n<p>Neuere und Neueste Geschichte (Nebenfach)<\/p>\n<h3>Konferenzen<\/h3>\n<p>Organisation und Planung:<\/p>\n<p>&nbsp;<\/p>\n<p>05\/2017\u00a0\u00a0\u00a0\u00a0\u00a0\u00a0\u00a0\u00a0\u00a0\u00a0\u00a0\u00a0\u00a0\u00a0\u00a0\u00a0\u00a0\u00a0 Kohle, Wasser, Wind: Wissen und Praxis in technisierten Umwelten<\/p>\n<p>Sektion auf der 26. Jahrestagung der GTG<\/p>\n<p>Braunschweig<\/p>\n<p>&nbsp;<\/p>\n<p>04\/2016\u00a0\u00a0\u00a0\u00a0\u00a0\u00a0\u00a0\u00a0\u00a0\u00a0\u00a0\u00a0\u00a0\u00a0\u00a0\u00a0\u00a0\u00a0\u00a0 4. Technikhistorisches Forum der GTG<\/p>\n<p>D\u00fcsseldorf<\/p>\n<p>&nbsp;<\/p>\n<p>05\/2015\u00a0\u00a0\u00a0\u00a0\u00a0\u00a0\u00a0\u00a0\u00a0\u00a0\u00a0\u00a0\u00a0\u00a0\u00a0\u00a0\u00a0\u00a0\u00a0 Nachwuchsworkshop der GTG<\/p>\n<p>Berlin<\/p>\n<p>&nbsp;<\/p>\n<p>08\/2013\u00a0\u00a0\u00a0\u00a0\u00a0\u00a0\u00a0\u00a0\u00a0\u00a0\u00a0\u00a0\u00a0\u00a0\u00a0\u00a0\u00a0\u00a0\u00a0 Sites of Resource Extraction (mit Sebastian Haumann)<\/p>\n<p>Sektion auf der 7th Conference of the European Society<\/p>\n<p>of Economic History (ESEH)<\/p>\n<p>M\u00fcnchen<\/p>\n<p>&nbsp;<\/p>\n<p>11\/2011 \u00a0\u00a0\u00a0\u00a0\u00a0\u00a0\u00a0\u00a0\u00a0\u00a0\u00a0\u00a0\u00a0\u00a0\u00a0\u00a0\u00a0\u00a0\u00a0\u00a0 Industrialisation in European Regions (mit Juliane Czierpka, Kathrin Oerters)<\/p>\n<p>Konferenz an der Ruhr-Universit\u00e4t Bochum<\/p>\n<p>&nbsp;<\/p>\n<h3>Vortr\u00e4ge (Auswahl)<\/h3>\n<p>05\/2017\u00a0\u00a0\u00a0\u00a0\u00a0\u00a0\u00a0\u00a0\u00a0\u00a0\u00a0\u00a0\u00a0\u00a0\u00a0\u00a0\u00a0\u00a0\u00a0\u00a0\u00a0\u00a0\u00a0 Von der Grube bis zur Halde. Eine Energielandschaft der Steinkohle<\/p>\n<p>26. Jahrestagung der GTG<\/p>\n<p>Braunschweig<\/p>\n<p>&nbsp;<\/p>\n<p>07\/2016\u00a0\u00a0\u00a0\u00a0\u00a0\u00a0\u00a0\u00a0\u00a0\u00a0\u00a0\u00a0\u00a0\u00a0\u00a0\u00a0\u00a0\u00a0\u00a0\u00a0\u00a0\u00a0\u00a0\u00a0 Every grain of black coal. A material perspective on sustainability.<\/p>\n<p>43. Annual Meeting of ICOHTEC<\/p>\n<p>Porto<\/p>\n<p>&nbsp;<\/p>\n<p>03\/2015\u00a0\u00a0\u00a0\u00a0\u00a0\u00a0\u00a0\u00a0\u00a0\u00a0\u00a0\u00a0\u00a0\u00a0\u00a0\u00a0\u00a0\u00a0\u00a0\u00a0\u00a0\u00a0\u00a0\u00a0 Jenseits der Idylle. Landschaften zwischen Energie und Bild (mit Nicole Hesse)<\/p>\n<p>Technospaces. Persistence \u2013 Practices \u2013Procedures \u2013 Powers<\/p>\n<p>Darmstadt<\/p>\n<p>&nbsp;<\/p>\n<p>06\/2014\u00a0\u00a0\u00a0\u00a0\u00a0\u00a0\u00a0\u00a0\u00a0\u00a0\u00a0\u00a0\u00a0\u00a0\u00a0\u00a0\u00a0\u00a0\u00a0\u00a0\u00a0\u00a0\u00a0\u00a0 Schwarzes Gold. Kleinreviere im deutschen Steinkohlenbergbau in der<\/p>\n<p>Industrialisierung<\/p>\n<p>Technikhistorisches Forum der GTG<\/p>\n<p>Stuttgart<\/p>\n<p>&nbsp;<\/p>\n<p>08\/2013\u00a0\u00a0\u00a0\u00a0\u00a0\u00a0\u00a0\u00a0\u00a0\u00a0\u00a0\u00a0\u00a0\u00a0\u00a0\u00a0\u00a0\u00a0\u00a0\u00a0\u00a0\u00a0\u00a0\u00a0 From the underground into an industrial setting: The interrelations of coal<\/p>\n<p>fields and the environment at Germany&#8217;s periphery<\/p>\n<p>7th Conference of the European Society of Economic History<\/p>\n<p>M\u00fcnchen<\/p>\n<p>&nbsp;<\/p>\n<p>11\/2012\u00a0\u00a0\u00a0\u00a0\u00a0\u00a0\u00a0\u00a0\u00a0\u00a0\u00a0\u00a0\u00a0\u00a0\u00a0\u00a0\u00a0\u00a0\u00a0\u00a0\u00a0\u00a0\u00a0 Spatial patterns of coal. Small mining districts in<\/p>\n<p>times of industrialisation<\/p>\n<p>2nd Mining in European History Conference<\/p>\n<p>Innsbruck<\/p>\n<p>&nbsp;<\/p>\n<h3>Publikationen und Vortr\u00e4ge<\/h3>\n<p>Ver\u00f6ffentlichungen<\/p>\n<p>&nbsp;<\/p>\n<p>Herausgeberschaft:<\/p>\n<p>&nbsp;<\/p>\n<p>Rohstoffr\u00e4ume\/Sites of Resource Extraction. Jahrbuch f\u00fcr Wirtschaftsgeschichte 1\/2016. (mit Sebastian Haumann)<\/p>\n<p>&nbsp;<\/p>\n<p>Regions, Industries and Heritage. Perspectives on economy, society and culture in modern Western Europe (Palgrave Studies in the History of Social Movements), Basingkstoke <abbr title=\"unter anderem\">u.a.<\/abbr>: Palgrave Macmillan 2015. (mit Juliane Czierpka und Kathrin Oerters)<\/p>\n<p>&nbsp;<\/p>\n<p>&nbsp;<\/p>\n<p>Aufs\u00e4tze:<\/p>\n<p>&nbsp;<\/p>\n<p>Rohstoffr\u00e4ume. R\u00e4umliche Relationen und das Wirtschaften mit Rohstoffen, in: Jahrbuch f\u00fcr Wirtschaftsgeschichte 1\/2016. S.1-7. (mit Sebastian Haumann)<\/p>\n<p>&nbsp;<\/p>\n<p>Vom Rohstoff zum Produkt. Wirtschaftliche und technische Verflechtungen von Steinkohlen im Inde- und Wurmrevier, in: Jahrbuch f\u00fcr Wirtschaftsgeschichte 1\/2016. S.115-142.<\/p>\n<p>&nbsp;<\/p>\n<p>Regions, Industries, and Heritage. Perspectives on Economy, Society, and Culture in Modern Western Europe, in: Czierpka\/Oerters\/Thorade: Regions, Industries and Heritage. Perspectives on economy, society and culture in modern Western Europe. Basingkstoke <abbr title=\"unter anderem\">u.a.<\/abbr>: Palgrave Macmillan 2015, S. 1-8. (mit Juliane Czierpka und Kathrin Oerters)<\/p>\n<p>&nbsp;<\/p>\n<p>Coal, transport and industrial development. The impact of coal mining in Lower Silesia, in: Czierpka\/Oerters\/Thorade: Regions, Industries and Heritage. Perspectives on economy, society and culture in modern Western Europe. Basingkstoke <abbr title=\"unter anderem\">u.a.<\/abbr>: Palgrave Macmillan 2015, S. 71-87.<\/p>\n<p>&nbsp;<\/p>\n<p>Produzieren, Herstellen, Fabrizieren: Neue historische Perspektiven auf die Produktionstechnik. Konferenzbericht der 23. Jahrestagung der Gesellschaft f\u00fcr Technikgeschichte, in: Technikgeschichte 4\/2014. (mit Nicole Hesse)<\/p>\n<p>&nbsp;<\/p>\n<p>Kleinreviere im Steinkohlenbergbau. Die s\u00e4chsischen Reviere Zwickau und Lugau-Oelsnitz (Fachexpos\u00e9 f\u00fcr die Landesstelle Industriekultur in Sachsen), Berlin\/Halle 2012.<\/p>\n<p>&nbsp;<\/p>\n<p>&nbsp;<\/p>\n<p>Rezensionen:<\/p>\n<p>&nbsp;<\/p>\n<p>Kleinschmidt, Christian; Volk, Otto (<abbr title=\"Herausgeber\">Hrsg.<\/abbr>): Industriekultur an Lahn und Dill (Beitr\u00e4ge zur hessischen Wirtschaftsgeschichte 8), Darmstadt: 2013, in: Hessisches Jahrbuch f\u00fcr Landesgeschichte 65, 2016, S. 164-166.<\/p>\n<p>&nbsp;<\/p>\n<p>Thomes, Paul; Quadflieg, Peter M. (<abbr title=\"Herausgeber\">Hrsg.<\/abbr>): Unternehmer in der Region Aachen \u2013 zwischen Maas und Rhein, (Rheinisch Westf\u00e4lische Wirtschafts-Biographien 19). Aschendorff, M\u00fcnster 2015, in: Der Anschnitt. Zeitschrift f\u00fcr Montangeschichte 70, 1-2 2018, S. 96-98.<\/p>\n<h3>Projekte<\/h3>\n<p>DFG Projekt: DFG-Projekt: Laufzeit: 01.04.2018 \u2013 31.03.2022<\/p>\n<p>Die Informatisierung und Computerisierung der Produktionstechnischen Forschung in der Bundesrepublik in der zweiten H\u00e4lfte des 20. Jahrhunderts<\/p>\n<p>&nbsp;<\/p>\n<p>Das Forschungsprojekt \u201eDie Informatisierung und Computerisierung der Produktionstechnischen Forschung in der Bundesrepublik in der zweiten H\u00e4lfte des 20. Jahrhunderts\u201c widmet sich den Ideen und Konzepten von Fabrik und industrieller Arbeit, die nach 1945 in der universit\u00e4ren und au\u00dferuniversit\u00e4ren Forschung in Deutschland entwickelt wurden. Im Mittelpunkt steht die Produktionstechnische Forschung (PTF) und damit die Forschungen und Entwicklungen zur zuk\u00fcnftigen Produktionstechnik, zu Arbeitsorganisation, Arbeitsbedingungen und Arbeitsformen in den Fabriken.<\/p>\n<p>Indem die Forschungsprojekte, Leitbilder, Entw\u00fcrfe und Konzepte der PTF analysiert werden, soll ein Beitrag zur Geschichte der Technikwissenschaften in der Bundesrepublik geleistet werden, die f\u00fcr die zweite H\u00e4lfte des 20. Jahrhunderts bisher wenig erforscht wurde. Die Untersuchung der Informatisierung und Computerisierung der PTF zielt hierbei nicht auf die Nutzung des Computers f\u00fcr oder in Forschungst\u00e4tigkeiten der PTF selbst ab, sondern stellt neue Ans\u00e4tze und Forschungen, die die zuk\u00fcnftige Produktionstechnik als rechnerintegriert oder -gest\u00fctzt und als informationstechnisches System konzipierten, in den Mittelpunkt. Es geht damit auch darum, einen Beitrag zu einer Geschichte der Computerisierung zu leisten, in der bislang Themen wie die Bedeutung der PTF f\u00fcr die Computerisierung und Informatisierung der industriellen Arbeitswelt noch keine Aufmerksamkeit erfuhren.<\/p>\n<p>Die von der produktionstechnischen Forschung entwickelten Konzepte wurden nicht deterministisch in den Fabriken umgesetzt, l\u00f6sten aber durchaus vielf\u00e4ltige Diskussionen aus &#8211; sowohl auf wissenschaftlicher Ebene als auch in der \u00d6ffentlichkeit. Im Mittelpunkt stand nicht zuletzt die Frage nach der Zukunft der Arbeit und der Ersetzung der Menschen durch die Maschinen. Hier setzt das Projekt an und widmet sich insbesondere auch den Visionen und Bef\u00fcrchtungen, die von der Computerisierung der Arbeitswelt ausgingen. Damit wird das durch die Forschung gut belegte Wechselverh\u00e4ltnis zwischen den produktionstechnischen Forschungen, der Industrie, der Forschungspolitik und Gesellschaft herausgestellt.<\/p>\n<p>Die Entwicklung der PTF, deren Vorstellungen von der Fabrik der Zukunft und die Reaktionen darauf sollen mit dem Konzept des Wissenspfades beschrieben und erkl\u00e4rt werden. Das Projekt lehnt sich damit an das Konzept der Pfadabh\u00e4ngigkeit an, das in der Technikgeschichte bereits verschiedentlich fruchtbar gemacht wurde. Es soll die Herausbildung, Formung und insbesondere die Stabilit\u00e4t einer Forschungsrichtung erkl\u00e4ren helfen. Generell zielt das Pfadkonzept auf die Erkl\u00e4rung von Kontinuit\u00e4t und Best\u00e4ndigkeit eines einmal eingeschlagenen Weges ab. Informatisierung und Computerisierung der PTF erscheinen dabei als Leitbild, das trotz Sackgassen, Umwegen und Anpassungen beibehalten wird und sich auch heute in der Idee von Industrie 4.0 wiederfindet.<\/p>\n<p>&nbsp;<\/p>\n<p>&nbsp;<\/p>\n<p>Das Schwarze Gold der Industrialisierung \u2013 Eine Stoffgeschichte der Steinkohle aus Aachen, Niederschlesien und Westsachsen im 19. Jahrhundert (Dissertation)<\/p>\n<p>Meine Dissertation \u201eDas Schwarze Gold der Industrialisierung \u2013 Eine Stoffgeschichte der Steinkohle aus Aachen, Niederschlesien und Westsachsen im 19. Jahrhundert\u201c entstand im Rahmen des von der Fitz-Thyssen-Stiftung gef\u00f6rderten Forschungsprojekts \u201eEurop\u00e4ische Montanregionen im Kontext der Industrialisierung\u201c an der Ruhr-Universit\u00e4t Bochum. In zwei Teilprojekten wurden Steinkohlenreviere untersucht. W\u00e4hrend meine Kollegin Juliane Czierpka zwei F\u00fchrungsregionen der Industrialisierung und ihre wirtschaftsr\u00e4umliche Konstitution untersuchte, analysierte ich die Industrialisierung der peripheren deutschen Steinkohlenreviere. Bei der Suche nach den Unterschieden zwischen f\u00fchrenden Revieren und solchen deren Entwicklung stagnierte, stellte ich fest, dass bisherige Studien meist an der Oberfl\u00e4che blieben und die Integration von Wirtschaftszweigen, die Entwicklung von industriellen Infrastrukturen oder technische Erfolge und Misserfolge untersuchten. Die stoffliche Basis blieb jedoch au\u00dfen vor und so wurde der Kern des Wirtschaftens mit Steinkohle bislang bei der Analyse von Montanregionen nicht in den Blick genommen.<\/p>\n<p>Meine Arbeit zeigt, wie die Materialit\u00e4t der Steinkohle wahrgenommen wurde und technische wie wirtschaftliche Handlungen bestimmte. Am Beispiel konkreter Steinkohlenvorkommen aus der Aachener Region, Niederschlesien und Westsachsen werden im Gegensatz zur bisherigen Forschungstradition nicht die Erfolge lokaler Unternehmungen oder regionaler Wirtschaftsbeziehungen nachgezeichnet, sondern die Steinkohle als zentrales und sinnstiftendes Material in den Mittelpunkt der Geschichte von Regionen gesetzt. Damit r\u00fcckt erstmals derjenige Rohstoff in den Mittelpunkt einer stoffgeschichtlichen Analyse, der schon so oft als Motor der Industrialisierung und deren \u201eSchwarzes Gold\u201c beschrieben wurde. Indem ich die verschiedenen Zug\u00e4nge und kulturellen Aneignungsprozesse, die mit der Steinkohle im 19. Jahrhundert verbunden waren, untersucht habe, konnte ich zeigen, dass die Steinkohle als historische Akteurin wichtige wissenschaftliche, technische und wirtschaftliche Verbindungen hervorbrachte und andere verhinderte. Anhand der Fallstudien konnte ich zeigen, dass das wirtschaftliche und technische Handeln zwar von der Materialit\u00e4t der Steinkohle gepr\u00e4gt wurde, dabei aber immer auch regionalen Bewertungskontexten unterlag. Steinkohle ist nicht Steinkohle \u2013 kein Vorkommen gleicht einem anderen und die gleiche Steinkohle kann unterschiedlich bewertet werden.<\/p>\n<p>Die Arbeit schlie\u00dft zum Einen durch die Auswahl der Fallstudien eine Forschungsl\u00fccke, da Regionen ausgew\u00e4hlt wurden, die als Kleinreviere des deutschen Steinkohlenbergbaus bisher keine sonderliche Aufmerksamkeit in der historischen Forschung erfahren haben. Zum Anderen wird mit dem Forschungsansatz, der das Material als konstituierendes Element der Reviere in den Mittelpunkt der Verflechtungen von Wirtschaft, Wissenschaft und Technik stellt, die Stoffgeschichte als Erweiterung f\u00fcr die geschichtswissenschaftliche Auseinandersetzung mit Bergbaurevieren vorgeschlagen. Die Suche nach Entwicklungsunterschieden von Steinkohlerevieren, so wird hier gezeigt, muss bei der Steinkohle als Materialbasis und konstitutivem Element der Regionen ansetzen.<\/p>\n","protected":false},"excerpt":{"rendered":"<p>Kontakt &nbsp; Raum: 2219 Telefon: +49-40 6541 &#8211; 3533 E-Mail: thorade@hsu-hh.de Besucheranschrift Helmut-Schmidt-Universit\u00e4t Geb\u00e4ude H1 Holstenhofweg 85 22043 Hamburg Postanschrift Helmut-Schmidt-Universit\u00e4t Fakult\u00e4t f\u00fcr Geistes und Sozialwissenschaften Neuere Sozial-, Wirtschafts- und [&hellip;]<\/p>\n","protected":false},"author":111,"featured_media":0,"parent":232,"menu_order":0,"comment_status":"closed","ping_status":"closed","template":"","meta":{"footnotes":""},"categories":[8],"tags":[],"class_list":["post-446","page","type-page","status-publish","hentry","category-team"],"_links":{"self":[{"href":"https:\/\/www.hsu-hh.de\/histec\/wp-json\/wp\/v2\/pages\/446","targetHints":{"allow":["GET"]}}],"collection":[{"href":"https:\/\/www.hsu-hh.de\/histec\/wp-json\/wp\/v2\/pages"}],"about":[{"href":"https:\/\/www.hsu-hh.de\/histec\/wp-json\/wp\/v2\/types\/page"}],"author":[{"embeddable":true,"href":"https:\/\/www.hsu-hh.de\/histec\/wp-json\/wp\/v2\/users\/111"}],"replies":[{"embeddable":true,"href":"https:\/\/www.hsu-hh.de\/histec\/wp-json\/wp\/v2\/comments?post=446"}],"version-history":[{"count":8,"href":"https:\/\/www.hsu-hh.de\/histec\/wp-json\/wp\/v2\/pages\/446\/revisions"}],"predecessor-version":[{"id":516,"href":"https:\/\/www.hsu-hh.de\/histec\/wp-json\/wp\/v2\/pages\/446\/revisions\/516"}],"up":[{"embeddable":true,"href":"https:\/\/www.hsu-hh.de\/histec\/wp-json\/wp\/v2\/pages\/232"}],"wp:attachment":[{"href":"https:\/\/www.hsu-hh.de\/histec\/wp-json\/wp\/v2\/media?parent=446"}],"wp:term":[{"taxonomy":"category","embeddable":true,"href":"https:\/\/www.hsu-hh.de\/histec\/wp-json\/wp\/v2\/categories?post=446"},{"taxonomy":"post_tag","embeddable":true,"href":"https:\/\/www.hsu-hh.de\/histec\/wp-json\/wp\/v2\/tags?post=446"}],"curies":[{"name":"wp","href":"https:\/\/api.w.org\/{rel}","templated":true}]}}