{"id":252,"date":"2017-11-08T14:28:14","date_gmt":"2017-11-08T13:28:14","guid":{"rendered":"https:\/\/www.hsu-hh.de\/histec\/?page_id=252"},"modified":"2022-10-26T09:28:56","modified_gmt":"2022-10-26T07:28:56","slug":"ehemaligemitarbeiter","status":"publish","type":"page","link":"https:\/\/www.hsu-hh.de\/histec\/ehemaligemitarbeiter","title":{"rendered":"Stefan Poser"},"content":{"rendered":"<h2>Stefan Poser<\/h2>\n<h3>Kontakt, CV und Publikationen<\/h3>\n<p><strong>E-Mail:<\/strong><\/p>\n<p>poser (at) hsu-hh.de<\/p>\n<p><strong>Lebenslauf:<\/strong><\/p>\n<p><strong>2016 \u2013 2019<\/strong><br \/>\nProjekt zur Geschichte synthetischer Materialen an der Universidade de Lisboa, (<abbr title=\"Professor\">Prof.<\/abbr> <abbr title=\"Doktor\">Dr.<\/abbr> Elvira\u00a0\u00a0 Callapez), in Kooperation mit der Universit\u00e4t Maastricht (<abbr title=\"Professor\">Prof.<\/abbr> <abbr title=\"Doktor\">Dr.<\/abbr> Ernst Homburg), und der Helmut-Schmidt-Universit\u00e4t (<abbr title=\"Doktor\">Dr.<\/abbr> Stefan Poser). Sponsor: FCT\u00a0&#8211; Funda\u00e7\u00e3o para a Ci\u00eancia e\u00a0a Tecnologia , Portugal.<\/p>\n<p><strong>2019<\/strong><\/p>\n<p>Habilitation am Karlsruher Institut f\u00fcr Technologie, KIT<\/p>\n<p><strong>2018 \u2013 2019<\/strong><\/p>\n<p>wiss. Mitarbeiter des Instituts f\u00fcr Geschichte (Lehrstuhl Technikgeschichte) der <abbr title=\"Technische Universit\u00e4t\">TU<\/abbr> Darmstadt<\/p>\n<p><strong>2017<\/strong><\/p>\n<p>Gastdozentur an der Universidade Nova de Lisboa<\/p>\n<p><strong>seit 2017<\/strong><\/p>\n<p>Secretary General des UNESCO-basierten International Committee for the History of Technology, ICOHTEC<\/p>\n<p><strong>seit 2016<\/strong><\/p>\n<p>Kooperationsparner in einem internationalen Forschungsprojekt zur Geschichte von Kunststoffen an der Universit\u00e4t Lissabon<\/p>\n<p><strong>seit 2007<\/strong><\/p>\n<p>wiss. Mitarbeiter der Professur f\u00fcr Neuere Sozial-, Wirtschafts- und Technikgeschichte der Helmut-Schmidt-Universit\u00e4t, Hamburg<\/p>\n<p><strong>2004-2007<\/strong><br \/>\nGastwissenschaftler\u00a0am\u00a0Zentrum\u00a0Technik\u00a0und\u00a0Gesellschaft\u00a0der Technischen\u00a0Universit\u00e4t\u00a0Berlin<\/p>\n<p><strong>2005-2006<\/strong><br \/>\nwiss. Leiter des Ausstellungsprojekts \u201eSpiel mit Technik\u201c im Deutschen Technikmuseum Berlin<\/p>\n<p><strong>seit 2003<\/strong><br \/>\nstellv. Leiter des AK Technikgeschichte des VDI Berlin-Brandenburg<\/p>\n<p><strong>2003<\/strong><br \/>\nKurzzeitdozentur an der Budapest University of Technology and Economics, Chair Innovation Studies and History of Technology<\/p>\n<p><strong>1997-2003<\/strong><br \/>\nAssistent des Zentrums f\u00fcr Technik und Gesellschaft der Brandenburgischen Technischen Universit\u00e4t Cottbus<\/p>\n<p><strong>1996-1997<\/strong><br \/>\nVertragsassistent an der Hochschule f\u00fcr angewandte Kunst, Wien<\/p>\n<p><strong>1996<\/strong><br \/>\nPromotion zum <abbr title=\"Doktor\">Dr.<\/abbr> phil. an der Freien Universit\u00e4t Berlin (<abbr title=\"Fachbereich\">FB<\/abbr> Geschichtswissenschaften)<\/p>\n<p><strong>1991<\/strong><br \/>\nMagisterabschluss an der Universit\u00e4t Wien<\/p>\n<p>Studium der Geschichte\/Technikgeschichte, der Kunstgeschichte und des Maschinenbaus an der FU und <abbr title=\"Technische Universit\u00e4t\">TU<\/abbr> Berlin sowie an der Universit\u00e4t Wien und der <abbr title=\"Technische Universit\u00e4t\">TU<\/abbr> Wien<\/p>\n<p><strong>Forschungsthemen:<\/strong><br \/>\n\u00b7 Geschichte der Interdependenzen von Technik und Spiel<\/p>\n<p>\u00b7 Geschichte technischer Institutionen<\/p>\n<p>\u00b7 Geschichte des Arbeitsschutzes<\/p>\n<p><strong>Laufende Projekte \/ Research Projects:<\/strong><br \/>\n\u00b7\u00a0Project on the history of synthetic materials in Portugal at Universidade de Lisboa, (<abbr title=\"Professor\">Prof.<\/abbr> <abbr title=\"Doktor\">Dr.<\/abbr> Elvira Callapez) in cooperation with Maastricht University (<abbr title=\"Professor\">Prof.<\/abbr> <abbr title=\"Doktor\">Dr.<\/abbr> Ernst Homburg), and Helmut Schmidt University (<abbr title=\"Doktor\">Dr.<\/abbr> Stefan Poser).<\/p>\n<p>\u00b7 Technikgeschichte des Tourismus<\/p>\n<p>\u00b7\u00a0Buchprojekt (Sammelband) zur Technikdarstellung in der Literatur (gemeinsam mit Karl-Eugen Kurrer)<\/p>\n<p><strong>Mitgliedschaften:<\/strong><\/p>\n<p>\u00b7 Gesellschaft f\u00fcr Technikgeschichte, GTG<\/p>\n<p>\u00b7 Verein Deutscher Ingenieure, VDI \/ Leitung des AK Technikgeschichte\u00a0des VDI Berlin-Brandenburg (gemeinsam mit Karl-Eugen Kurrer)<\/p>\n<p>\u00b7 International Committee for the History of Technology, ICOHTEC \/ Secretary General<\/p>\n<p>\u00b7 Zentrum Technik und Gesellschaft der <abbr title=\"Technische Universit\u00e4t\">TU<\/abbr> Berlin<\/p>\n<p><strong>Publikationen \u2013 Auswahl:<\/strong><br \/>\n<strong>Schriften<\/strong><\/p>\n<p>\u00b7 Gl\u00fccksmaschinen und Maschinengl\u00fcck. Grundlagen einer Technik- und Kulturgeschichte des technisierten Spiels. 404 Seiten, Bielefeld 2016.<\/p>\n<p>Museum der Gefahren. Die gesellschaftliche Bedeutung der Sicherheitstechnik. Hygiene-Ausstellungen und Museen f\u00fcr Arbeitsschutz in Wien, Berlin und Dresden um die Jahrhundertwende. = Cottbuser Studien zur Geschichte von Technik, Arbeit und Umwelt, <abbr title=\"Band\">Bd.<\/abbr> 3. 264 Seiten. M\u00fcnster <abbr title=\"unter anderem\">u.a.<\/abbr> 1998. (Dissertation)<\/p>\n<p>\u00b7 Die Automatenfiguren von Mathias Tendler und Christian Tschuggmall. Ein Beitrag zum Technikverst\u00e4ndnis im 19. Jahrhundert. Manuskript, 123 Seiten. Wien 1991. \u00a0\u00a0\u00a0(Diplomarbeit) verf\u00fcgbar in: \u00d6sterreichische Nationalbibliothek, UB der Universit\u00e4t\u00a0Wien und der <abbr title=\"Technische Universit\u00e4t\">TU<\/abbr> Wien)<\/p>\n<p><strong>Herausgeberschaften<\/strong><\/p>\n<p>\u00b7 Gemeinsam mit Karin Zachmann: Homo faber ludens. Geschichten zu Wechselbeziehungen von Technik und Spiel. = Technik interdisziplin\u00e4r (hg. von W. K\u00f6nig, M. Dierkes, G. Ropohl, F. Meyer-Krahmer), <abbr title=\"Band\">Bd.<\/abbr> 4. 316 Seiten. Frankfurt\/M. <abbr title=\"unter anderem\">u.a.<\/abbr>, 2003. &#8211; Mit gemeinsam verfasster Einf\u00fchrung, S. 7-16.<\/p>\n<p>\u00b7 ICOHTEC-Newsletter. Periodikum des International Committee for the History of Technology, erscheint\u00a0 monatlich (Hg. 2005-2017).<\/p>\n<p>\u00b7 Gemeinsam mit Gunter Gebauer, Robert Schmidt und Martin Stern: Kalkuliertes Risiko. Technik, Spiel und Sport an der Grenze. 305 Seiten. Frankfurt, New York 2006.<\/p>\n<p>\u00b7 Gemeinsam mit Siegfried Brandt: Zukunft des Ingenieurs &#8211; Ingenieure der Zukunft. 150 Jahre VDI Berlin-Brandenburg 1856 &#8211; 2006. 301 Seiten. Berlin 2006.<\/p>\n<p>\u00b7 Gemeinsam mit Joseph Hoppe und Bernd L\u00fcke: Spiel mit Technik. Katalog zur Ausstellung im Deutschen Technikmuseum Berlin. 240 Seiten. Leipzig 2006.<\/p>\n<p>\u00b7 Guest editor gemeinsam mit Hans-Joachim Braun: Playing with Technology: Sports and Leisure. 263 Seiten. Special Issue, ICON, Journal of the International Committee of the History of Technology, vol. 19 (2013).<\/p>\n<p><strong>Artikel<\/strong><\/p>\n<p>\u00b7 Umwelt und Technik. Ein Pl\u00e4doyer f\u00fcr Umwelt und Umweltgeschichte. In: Medium Aevum Quotidianum. Zeitschrift der Gesellschaft zur Erforschung der materiellen Kultur des Mittelalters 24 (1991). S. 20-27.<\/p>\n<p>\u00b7 Schausteller, Automatenfiguren und Technikverst\u00e4ndnis im 19. Jahrhundert. Die Automatenbauer Mathias Tendler und Christian Tschuggmall. In: Technikgeschichte 59 (1992). S. 217-240.<\/p>\n<p>\u00b7 Das Gewerbe-hygienische Museum Wien. Zu Bedeutung und Geschichte einer fr\u00fchen Sammlung f\u00fcr Arbeitssicherheit und Unfallschutz. In: Bl\u00e4tter f\u00fcr Technikgeschichte 56 (1994). S. 111-159.<\/p>\n<p>\u00b7 Das Gewerbe-hygienische Museum Wien und seine Sammlung. In: 100 Jahre Arbeitsschutz &#8211; Modelle aus der gewerbe-hygienischen Sammlung des Technischen Museums Wien [Ausstellungskatalog]. = Schriftenreihe der Deutschen Arbeitsschutzausstellung, <abbr title=\"Band\">Bd.<\/abbr> 1. Dortmund 1995. S. 4-11.<\/p>\n<p>\u00b7 Vom Umgang mit den Hebeln und R\u00e4dern. Technik und Sicherheitstechnik um die Jahrhundertwende und heute. In: made in styria. Katalog der Steirischen Landesausstellung \u201897 Leoben. Graz 1997. S. 320-324.<\/p>\n<p>\u00b7 Die vergn\u00fcgliche Industrialisierung? Der Jahrmarkt, die Technik und das Erlebnis des Au\u00dferordentlichen. In: Alemannia Studens 8 (1998). S. 107-121.<\/p>\n<p>\u00b7 A Vesz\u00e9ly M\u00fazeuma &#8211; Vesz\u00e9lyes M\u00faseumok? Az ipari biztons\u00e1g \u00e9s a munkaeg\u00e9szs\u00e9g\u00fcgy m\u00fazeumai \u00e9s ki\u00e1ll\u00edt\u00e1sai a XX. sz\u00e1zad elej\u00e9n. In: Technikat\u00f6rt\u00e9neti Szemle, 23 (1997-98). Budapest 2000. S. 212-218.<\/p>\n<p>\u00b7 Sozialmuseen, Technik und Gesellschaft. Zur gesellschaftlichen Bedeutung von Arbeitsschutz und Sicherheitstechnik am Beispiel von Gegenwartsmuseen um 1900. In: Technikgeschichte (2000). S. 205-224.<\/p>\n<p>\u00b7 Erst magisch, dann mechanisch und plastisch. Fig\u00fcrliche Automaten vor dem Hintergrund des Mechanistischen Weltbildes. In: Ferrum 72 (2000). S. 25-32.<\/p>\n<p>\u00b7 Der \u201eultimative Kick\u201c. Oder: Was w\u00e4re die Erlebnisgesellschaft ohne ihre technischen Grundlagen? In: Kultur &amp; Technik (3\/2001). S. 20-25.<\/p>\n<p>\u00b7 Die Maschinerie des Spiels.Technik und Spiel als Thema der Technikgeschichte. In: Poser\/ Zachmann, S. 19-35.<\/p>\n<p>\u00b7 Heiraten Sie auf der Achterbahn! Jahrmarktsvergn\u00fcgen aus sozial- und technikhistorischer Perspektive. In: Poser\/ Zachmann, S. 113-133.<\/p>\n<p>\u00b7 Geistererscheinungen, Kunstfiguren und Maschinen. Schaustellerei in der Romantik. In: B. Baum\u00fcller, St. Krestin (Hg.), Zwischen Traum und Wissenschaft &#8211; Aspekte zum Zeitalter der Romantik. Publikation der wissenschaftlichen Beitr\u00e4ge der Romantik-Tagung der BTU Cottbus. Cottbus 2005. S. 153-162.<\/p>\n<p>\u00b7 \u201eKannst Du bremsen, Geliebter?\u201c Wechselbeziehungen zwischen Technik, Spiel und Risiko. In: G. Gebauer, St. Poser, R. Schmidt, M. Stern (Hg.), Kalkuliertes Risiko. Technik, Spiel und Sport an der Grenze. Frankfurt\/New York 2006. S. 15-37.<\/p>\n<p>\u00b7 Der Berliner VDI &#8211; das erste Jahrhundert (1856 &#8211; 1945). In: Brandt\/ Poser, S. 89-229.<\/p>\n<p>\u00b7 How to Deal with Machinery? Some Basics in the History of Industrial Safety and Health. &#8211; Shaping Technologies today. In: K. Kornwachs, I. Hronszky (Hg.), Shaping better Technologies. = Technikphilosophie, <abbr title=\"Band\">Bd.<\/abbr> 16. Berlin 2006. S. 15-27.<\/p>\n<p>\u00b7 Spiel mit Technik &#8211; Eine Einf\u00fchrung. In: Poser\/ Hoppe\/ L\u00fcke, S. 9-13.<\/p>\n<p>\u00b7 Spiel mit Technik &#8211; Ein Rundgang durch die Ausstellung (mit J. Hoppe, B. L\u00fcke). In: Poser\/ Hoppe\/ L\u00fcke, S. 14-21.<\/p>\n<p>\u00b7 Kriegs- und Gewaltspiele. In: Poser\/ Hoppe\/ L\u00fcke, S. 114-119.<\/p>\n<p>\u00b7 Geschichte der Spielzeugindustrie. Interview mit den Berliner Sammlern Hans-J\u00fcrgen Thiedig und Claus-Peter J\u00f6rger. In: Poser\/ Hoppe\/ L\u00fcke, S. 194-199.<\/p>\n<p>\u00b7\u00a0Technik, Spiel und Technikmuseen. In: Poser\/ Hoppe\/ L\u00fcke, S. 212-219.<\/p>\n<p>\u00b7\u00a0Austin Roadster und Atomic Lab. Popularisierung von Technik durch Spielzeug. In: Dresdener Beitr\u00e4ge zur Geschichte der Technikwissenschaften 31 (2006). S. 49-64.<\/p>\n<p>\u00b7Inszenierte Katastrophen? Technische Risiken und Katastrophen als Ausstellungsthema. In: F. Ahland, St. Nies (Hg.): &#8222;Gott sei Dank ist Dortmund noch eben verschont geblieben&#8220; Zum Umgang mit Katastrophen und Risiken vor Ort. Witten 2007. S. 69-73. Verf\u00fcgbar im Internet unter nbn-resolving.de\/urn:nbn:de:0139-2007110213<\/p>\n<p>\u00b7\u00a0Playing with Technology. In: ICOHTEC Newsletter . Newsletter of the International Committee for the History of Technology ICOHTEC 49, April 2009, S. 2-10.<\/p>\n<p>\u00b7\u00a0International Committee for the History of Technology, Victoria, British Columbia 2008 [Conference report]. In: Technology and Culture 50 (2009), S. 889-893.<\/p>\n<p>\u00b7 Gl\u00fccksmaschinen oder Mechanismen des gest\u00f6rten Gleichgewichts? Technik auf dem Jahrmarkt. In: S. Szabo (Hg.), Kultur des Vergn\u00fcgens. Kirmes und Freizeitparks \u2013 Schausteller und Fahrgesch\u00e4fte. Facetten nicht-allt\u00e4glicher Orte. Bielefeld 2009. S. 101-122.<\/p>\n<p>\u00b7 Speed for a Dated Technology: Rowing boats and high-tech in the 19th and 20th Centuries. In: ICON, Journal of the International Committee for the History of Technology 15 (2009). S. 119-137.<\/p>\n<p>\u00b7 Freizeit und Technik \/ Leisure Time and Technology. In: Europ\u00e4ische Geschichte Online (EGO), hg. vom Institut f\u00fcr Europ\u00e4ische Geschichte (IEG), Mainz European History Online (EGO), published by the Institute of European History (IEG), Mainz Dec 03, 2010. (in English Sept 26, 2011)\u00a0 URL: http:\/\/www.ieg-ego.eu\/posers-2010-de URN: urn:nbn:de:0159-20100921499<\/p>\n<p>\u00b7 Gemeinsam mit Hans-Joachim Braun: Playing with Technology: Sports and Leisure. Introduction. Special issue of ICON, Journal of the International Committee for the History of Technology 19 (2013), S. 1-12.<\/p>\n<p>\u00b7 Playful Celebrations of Technology. Technology at Amusement Parks, in Children\u2019s Playrooms and in Sports. In: H.-J. Braun, St. Poser (guest-eds.), Playing with Technology: Sports and Leisure. Special issue ICON 19 (2013), S. 244-263.<\/p>\n<p>\u00b7 Playing with Technology\u2019 as a Subject of ICOHTEC Symposia. In: ICON 20 (1) (2014), S. 99-144.<\/p>\n<p>\u00b7\u00a0Vom Probieren und Studieren. Die Geschichte Technischen Spielzeugs. In: Kultur &amp; Technik, Themenheft \u201eSpiel, Spa\u00df und Technik\u201c (1\/2015). S. 12-17.<\/p>\n<p>\u00b7\u00a0Modelleisenbahnen und Dioramen. In: A. Gall, H. Trischler (Hg.), Szenerien und Illusion. Geschichte, Varianten und Potenziale von Museumsdioramen. = Deutsches Museum. Abhandlungen und Berichte, Neue Folge, <abbr title=\"Band\">Bd.<\/abbr> 32, G\u00f6ttingen 2016, S. 220-238.<\/p>\n<p>\u00b7 Technisches\u00a0Spiel\u00a0ohne\u00a0Grenzen?\u00a0Ethische\u00a0und\u00a0sicherheitstechnische Fragen\u00a0beim\u00a0Spiel\u00a0mit\u00a0Technik. In:\u00a0V.\u00a0Friedrich\u00a0(Hg.), \u00a0\u00a0 Technikdenken.\u00a0Philosophische\u00a0Ann\u00e4herungen.\u00a0Festschrift\u00a0f\u00fcr\u00a0Klaus Kornwachs.\u00a0Stuttgart\u00a02018,\u00a0S.\u00a0271-281.<\/p>\n","protected":false},"excerpt":{"rendered":"<p>Stefan Poser Kontakt, CV und Publikationen E-Mail: poser (at) hsu-hh.de Lebenslauf: 2016 \u2013 2019 Projekt zur Geschichte synthetischer Materialen an der Universidade de Lisboa, (Prof. Dr. Elvira\u00a0\u00a0 Callapez), in Kooperation [&hellip;]<\/p>\n","protected":false},"author":111,"featured_media":0,"parent":0,"menu_order":0,"comment_status":"closed","ping_status":"closed","template":"","meta":{"footnotes":""},"categories":[8],"tags":[],"class_list":["post-252","page","type-page","status-publish","hentry","category-team"],"_links":{"self":[{"href":"https:\/\/www.hsu-hh.de\/histec\/wp-json\/wp\/v2\/pages\/252","targetHints":{"allow":["GET"]}}],"collection":[{"href":"https:\/\/www.hsu-hh.de\/histec\/wp-json\/wp\/v2\/pages"}],"about":[{"href":"https:\/\/www.hsu-hh.de\/histec\/wp-json\/wp\/v2\/types\/page"}],"author":[{"embeddable":true,"href":"https:\/\/www.hsu-hh.de\/histec\/wp-json\/wp\/v2\/users\/111"}],"replies":[{"embeddable":true,"href":"https:\/\/www.hsu-hh.de\/histec\/wp-json\/wp\/v2\/comments?post=252"}],"version-history":[{"count":13,"href":"https:\/\/www.hsu-hh.de\/histec\/wp-json\/wp\/v2\/pages\/252\/revisions"}],"predecessor-version":[{"id":936,"href":"https:\/\/www.hsu-hh.de\/histec\/wp-json\/wp\/v2\/pages\/252\/revisions\/936"}],"wp:attachment":[{"href":"https:\/\/www.hsu-hh.de\/histec\/wp-json\/wp\/v2\/media?parent=252"}],"wp:term":[{"taxonomy":"category","embeddable":true,"href":"https:\/\/www.hsu-hh.de\/histec\/wp-json\/wp\/v2\/categories?post=252"},{"taxonomy":"post_tag","embeddable":true,"href":"https:\/\/www.hsu-hh.de\/histec\/wp-json\/wp\/v2\/tags?post=252"}],"curies":[{"name":"wp","href":"https:\/\/api.w.org\/{rel}","templated":true}]}}