{"id":1624,"date":"2024-09-30T15:06:56","date_gmt":"2024-09-30T13:06:56","guid":{"rendered":"https:\/\/www.hsu-hh.de\/histec\/?page_id=1624"},"modified":"2025-01-21T14:37:22","modified_gmt":"2025-01-21T13:37:22","slug":"1624-2","status":"publish","type":"page","link":"https:\/\/www.hsu-hh.de\/histec\/1624-2","title":{"rendered":"Dominique Merdes"},"content":{"rendered":"\n<h2 class=\"wp-block-heading\">Kontakt<\/h2>\n\n\n<script type=\"application\/ld+json\">[{\"@context\": \"https:\/\/www.schema.org\",\"@type\": \"Person\",\"name\": \"Dominique Merdes\",\"worksFor\": [{\t\"@type\": \"Organization\",\t\"name\": \"Helmut-Schmidt-Universit\u00e4t\",\t\"url\": \"https:\/\/www.hsu-hh.de\"\t, \"department\": {\"@type\": \"Organization\",\t\t\t\t\t\"name\": \"Wissensgeschichte moderner Gesellschaften\",\t\t\t\t\t\"location\": {\t\t\t\t\t\t\"@type\": \"PostalAddress\",\t\t\t\t\t\t\"addressLocality\": \"\",        \t\t\t\t\"postalCode\": \"22043\",        \t\t\t\t\"streetAddress\": \"Holstenhofweg 85 , Geb\u00e4ude H1\"\t\t\t\t\t}},\t\"location\": {\t\t\"@type\": \"PostalAddress\",    \t\"addressLocality\": \"\",    \t\"postalCode\": \"22008\",    \t\"postOfficeBoxNumber\": \"700822\"\t}   }],\"image\": \"https:\/\/www.hsu-hh.de\/histec\/wp-content\/uploads\/sites\/734\/2024\/09\/Merdes-Bild-Port-107x150.jpg\",\"telephone\": \"+49406541-3496\",\"faxNumber\": \"\",\"email\": \"merdesd@hsu-hh.de\"}]<\/script><div class=\"clearfix\"><\/div><div class=\"ansprechparter-container \" style=\"margin-top:1em; \"><div class=\"row ansprechpartner-item ansprechparter-header\" ><div class=\"col-xs-8 col-lg-12\" style=\"margin-bottom: 30px;\"><h3 class=\"ansprechparter-headline\">Dominique Merdes<\/h3><\/div><\/div><div class=\"col-md-4 col-lg-3 col-xs-4 ansprechpartner-item floatright img-circle center-block\" style=\"margin-bottom: 30px;\"><div class=\"img-responsive-wrapper\"><img decoding=\"async\" src=\"https:\/\/www.hsu-hh.de\/histec\/wp-content\/uploads\/sites\/734\/2024\/09\/Merdes-Bild-Port-107x150.jpg\" alt=\"\" class=\"img-circle img-responsive center-block\" \/><\/div><\/div><div class=\"col-md-12 col-lg-3 col-xs-12 ansprechpartner-item kontakt floatright\" style=\"margin-bottom: 30px; \"><div class=\"row\"><div class=\"col-xs-12 col-sm-6 col-lg-12\"><div class=\"row\"><div class=\"col-xs-4 col-lg-4 row-text bold\" >Raum:<\/div><div class=\" row-text\">2310<\/div><\/div><\/div><div class=\"col-xs-12 col-sm-6 col-lg-12\"><div class=\"row\"><div class=\"col-xs-4 col-lg-4 row-text bold\">Telefon:<\/div><div class=\" row-text\">+49406541-3496<\/div><\/div><\/div><div class=\"col-xs-12 col-sm-6 col-lg-12\"><div class=\"row\"><div class=\"col-xs-4 col-lg-4 row-text bold\">E-Mail:<\/div><div class=\"row-text\" style=\"overflow:hidden; word-break: break-word\"><a href=\"mailto:merdesd@hsu-hh.de\" rel=\"nofollow\">merdesd@hsu-hh.de<\/a><\/div><\/div><\/div><\/div><\/div><div class=\"col-md-6 col-lg-3 col-xs-12 ansprechpartner-item anschrift floatright\" ><div class=\"row-headline\">Besucheranschrift<\/div><div class=\"dataBesucheranschrift\" style=\"\"><div class=\"row-text\">Helmut-Schmidt-Universit\u00e4t<\/div><div class=\"row-text\">Geb\u00e4ude H1<\/div><div class=\"row-text\">Holstenhofweg 85<\/div><div class=\"row-text\">22043 Hamburg<\/div><\/div><\/div><div class=\"col-md-6 col-lg-3 col-xs-12 ansprechpartner-item anschrift floatright\"><div class=\"row-headline\">Postanschrift<\/div><div class=\"dataPostanschrift\" style=\"\"><div class=\"row-text\">Helmut-Schmidt-Universit\u00e4t<\/div><div class=\"row-text\">Fakult\u00e4t f\u00fcr Geistes- und Sozialwissenschaten<\/div><div class=\"row-text\">Wissensgeschichte moderner Gesellschaften<\/div><div class=\"row-text\">Postfach 70 08 22<\/div><div class=\"row-text\">22008 Hamburg<\/div><\/div><\/div><\/div><div class=\"clearfix\"><\/div>\n\n\n<div style=\"height:30px\" aria-hidden=\"true\" class=\"wp-block-spacer\"><\/div>\n\n\n\n<h2 class=\"wp-block-heading\">Biogramm<\/h2>\n\n\n\n<p>Nach einem Studium der Pharmazie studierte ich Literaturwissenschaft sowie Pharmazie- und Wissenschaftsgeschichte. W\u00e4hrend der Arbeit an meiner Dissertation (2013\u20132018), die von Bettina Wahrig betreut wurde, setzte ich mich an der <em>Abteilung f\u00fcr Geschichte der Naturwissenschaften mit Schwerpunkt Pharmaziegeschichte<\/em> der <em><abbr title=\"Technische Universit\u00e4t\">TU<\/abbr> Braunschweig<\/em> kritisch mit der Arzneimittelgeschichte auseinander. In diesen Prozess flossen meine in verschiedenen \u00f6ffentlichen Apotheken gemachten Erfahrungen ein, wo ich w\u00e4hrenddessen in Teilzeit angestellt war. Meine 2019 unter dem Titel \u201eDie Produktion eines Pharmakons \u2013 Eine Kartographie der Kala-Azar und der Antimonialien\u201c erschienene Doktorarbeit widmet sich der Geschichte der Parasitose Kala-Azar und der Arzneimittelgruppe der Antimonialien, die zu den fr\u00fchen Produkten der modernen Chemotherapie z\u00e4hlen. Der dieser Arbeit zu Grunde liegende kartographische Ansatz baut unter anderem auf dem Konzept des maschinischen Gef\u00fcges der Philosophen Gilles Deleuze und F\u00e9lix Guattari, feministischer Wissenschaftskritik und postkolonialer Theorie auf. Aus dieser Perspektive erscheinen die Antimonialien und die Chemotherapie weniger als europ\u00e4ische Errungenschaften denn als Produkte eines komplexen Gef\u00fcges, welches diverse Agent_innen umfasste und sowohl in europ\u00e4ischen Laboren als auch in kolonialen R\u00e4umen wirkte. In meiner postdoktoralen Forschung setze ich meine Auseinandersetzung mit den sogenannten Tropenkrankheiten fort. Im Rahmen des Forschungsprojekts \u201eMaterialit\u00e4ten medizinischer Kultur in\/zwischen Europa und Ostasien\u201c untersuche ich die Geschichte parasitologischer Praktiken in S\u00fcdchina, die Ende des 19. und Anfang des 20. Jahrhunderts an einen vergleichsweise heterogenen, zerstreuten Wissensraum gebunden waren. Au\u00dferdem besch\u00e4ftigte ich mich mit Beziehungen zwischen Kolonialit\u00e4t und antiinfektiven Arzneimitteln.<\/p>\n\n\n\n<p><strong>Forschungsschwerpunkte:<\/strong><\/p>\n\n\n\n<ul class=\"wp-block-list\">\n<li>Arzneimittelgeschichten und Arzneimittelmaterialisierungen<\/li>\n\n\n\n<li>Geschichte der Tropenmedizin<\/li>\n\n\n\n<li>Verflechtungsgeschichte<\/li>\n\n\n\n<li>Feministische Kritik naturwissenschaftlicher Erkenntnisraster<\/li>\n\n\n\n<li>Postkoloniale Perspektiven auf die Pharmazie- und Wissenschaftsgeschichte<\/li>\n<\/ul>\n\n\n\n<div style=\"height:30px\" aria-hidden=\"true\" class=\"wp-block-spacer\"><\/div>\n\n\n\n<p><\/p>\n\n\n\n<p><h3>CV<\/h3><\/p>\n\n\n\n<p><strong>Seit 8\/2024<\/strong>&nbsp;&nbsp;&nbsp;&nbsp;&nbsp;&nbsp;&nbsp;&nbsp;&nbsp;&nbsp;&nbsp;&nbsp;&nbsp;&nbsp;&nbsp;&nbsp; <\/p>\n\n\n\n<p>wissenschaftlicher Mitarbeiter Professur f\u00fcr Wissensgeschichte moderner Gesellschaften, Helmut-Schmidt-Universit\u00e4t Hamburg<\/p>\n\n\n\n<p><strong>Seit 9\/2023<\/strong>&nbsp;&nbsp;&nbsp;&nbsp;&nbsp;&nbsp;&nbsp;&nbsp;&nbsp;&nbsp;&nbsp;&nbsp;&nbsp;&nbsp;&nbsp;&nbsp;<\/p>\n\n\n\n<p> Libertas-Apotheke, Berlin, angestellt als Apotheker<\/p>\n\n\n\n<p><strong>1\/2023 \u2013 7\/2023<\/strong>&nbsp;&nbsp;&nbsp;&nbsp;&nbsp;&nbsp;&nbsp;&nbsp;<\/p>\n\n\n\n<p> Visiting Scholar, Institute of History and Philology, Academia Sinica, Taipeh<\/p>\n\n\n\n<p><strong>2\/2022 \u2013 1\/2023<\/strong>&nbsp;&nbsp;&nbsp;&nbsp;&nbsp;&nbsp;&nbsp;&nbsp; <\/p>\n\n\n\n<p>Libertas-Apotheke, Berlin, angestellt als Apotheker<\/p>\n\n\n\n<p><strong>12\/2019 \u2013 2\/2020<\/strong>&nbsp;&nbsp;&nbsp;&nbsp;&nbsp;&nbsp; <\/p>\n\n\n\n<p>Forschungsaufenthalt China (Shanghai, Guangzhou)<\/p>\n\n\n\n<p><strong>seit 3\/2019<\/strong>&nbsp;&nbsp;&nbsp;&nbsp;&nbsp;&nbsp;&nbsp;&nbsp;&nbsp;&nbsp;&nbsp;&nbsp;&nbsp;&nbsp;&nbsp;&nbsp;&nbsp; <\/p>\n\n\n\n<p>Abteilung f\u00fcr Geschichte der Naturwissenschaften mit Schwerpunkt Pharmaziegeschichte, Technischen Universit\u00e4t Braunschweig, wissenschaftlicher Mitarbeiter, DFG-Projekt Materialities of Medical Cultures In\/between Europe and East Asia<\/p>\n\n\n\n<p><strong>2\/2017 \u2013 2\/2019<\/strong>&nbsp;&nbsp;&nbsp;&nbsp;&nbsp;&nbsp;&nbsp;&nbsp; <\/p>\n\n\n\n<p>Teilnahme am Forschungsprojekt A Cultural History of Drugs im Rahmen von Material Cultures of Knowledge<\/p>\n\n\n\n<p><strong>7\/2018<\/strong>&nbsp;&nbsp;&nbsp;&nbsp;&nbsp;&nbsp;&nbsp;&nbsp;&nbsp;&nbsp;&nbsp;&nbsp;&nbsp;&nbsp;&nbsp;&nbsp;&nbsp;&nbsp;&nbsp;&nbsp;&nbsp;&nbsp;&nbsp; <\/p>\n\n\n\n<p>Promotion zum <abbr title=\"Doktor\">Dr.<\/abbr> <abbr title=\"rerum\">rer.<\/abbr> nat.<\/p>\n\n\n\n<p><strong>1\/2017 \u2013 2\/2019&nbsp;&nbsp;&nbsp;&nbsp;&nbsp;<\/strong>&nbsp;&nbsp;&nbsp; <\/p>\n\n\n\n<p>Libertas-Apotheke, Berlin, angestellt als Apotheker<\/p>\n\n\n\n<p><strong>1\/2015 \u2013 12\/2016<\/strong>&nbsp;&nbsp;&nbsp;&nbsp;&nbsp;&nbsp; <\/p>\n\n\n\n<p>Brunswiek Apotheke, Berlin, angestellt als Apotheker<\/p>\n\n\n\n<p><strong>10\/2014 \u2013 11\/2014<\/strong>&nbsp;&nbsp;&nbsp;&nbsp; <\/p>\n\n\n\n<p>Forschungsaufenthalt in Delhi, Kolkata und Guwahati<\/p>\n\n\n\n<p><strong>8\/2013 \u2013 11\/2013<\/strong>&nbsp;&nbsp;&nbsp;&nbsp;&nbsp;&nbsp; <\/p>\n\n\n\n<p>Stipendiat am Deutschen Historischen Institut London<\/p>\n\n\n\n<p><strong>2\/2013 \u2013 7\/2018<\/strong>&nbsp;&nbsp;&nbsp;&nbsp;&nbsp;&nbsp;&nbsp;&nbsp; <\/p>\n\n\n\n<p>Promotion an der Abteilung f\u00fcr Geschichte der Naturwissenschaften mit Schwerpunkt Pharmaziegeschichte der Technischen Universit\u00e4t Braunschweig bei Frau Professorin Bettina Wahrig<\/p>\n\n\n\n<p><strong>12\/2011 \u2013 12\/2014<\/strong>&nbsp;&nbsp;&nbsp;&nbsp; <\/p>\n\n\n\n<p>Straussen-Apotheke, Hattingen\/Ruhr, angestellt als Apotheker<\/p>\n\n\n\n<p><strong>12\/2011<\/strong>&nbsp;&nbsp;&nbsp;&nbsp;&nbsp;&nbsp;&nbsp;&nbsp;&nbsp;&nbsp;&nbsp;&nbsp;&nbsp;&nbsp;&nbsp;&nbsp;&nbsp;&nbsp;&nbsp;&nbsp;&nbsp; <\/p>\n\n\n\n<p>3. Staatsexamen Pharmazie und Approbation zum Apotheker<\/p>\n\n\n\n<p><strong>10\/2011 \u2013 9\/2012<\/strong>&nbsp;&nbsp;&nbsp;&nbsp;&nbsp;&nbsp; <\/p>\n\n\n\n<p>Promotionsvorbereitungsprogramms Pharmazie- und Wissenschaftsgeschichte, Technische Universit\u00e4t Braunschweig<\/p>\n\n\n\n<p><strong>10\/2010 \u2013 9\/2011<\/strong>&nbsp;&nbsp;&nbsp;&nbsp;&nbsp;&nbsp; <\/p>\n\n\n\n<p>Studium Geschichte und Literaturwissenschaft, Fernuniversit\u00e4t Hagen<\/p>\n\n\n\n<p><strong>10\/2006 \u2013 09\/2010<\/strong>&nbsp;&nbsp;&nbsp;&nbsp;<\/p>\n\n\n\n<p>Studium der Pharmazie, Heinrich-Heine-Universit\u00e4t D\u00fcsseldorf<\/p>\n\n\n\n<p><\/p>\n\n\n\n<p><h3>Publikationen<\/h3><\/p>\n\n\n\n<p><strong>Buch<\/strong><\/p>\n\n\n\n<p>Merdes, Dominik. (2019). Die Produktion eines Pharmakons. Eine Kartographie der Kala-Azar und der Antimonialien, Stuttgart: Deutscher Apotheker Verlag.<\/p>\n\n\n\n<p><strong>Zeitschriftenartikel<\/strong><\/p>\n\n\n\n<p>Merdes, Dominik; Wahrig, Bettina. (erscheint 2024). \u201eIntroduction. Drugs and Medical Knowledge from the In\/between\u201c, Berichte zur Wissenschaftsgeschichte, Vol. 46.<\/p>\n\n\n\n<p>Merdes, Dominik. (erscheint 2024). \u201eWestern Anthelmintics in Early 20th Century China. Colonial Practices and Knowledge on \u2018Tropical Diseases\u2019 of the In-between\u201c, Berichte zur Wissenschaftsgeschichte, Vol. 46.<\/p>\n\n\n\n<p>Merdes, Dominik. (2023). \u201eDie zerstreute Genese der Antimonialien. (Post)koloniale Verwicklungen der \u201avernachl\u00e4ssigten Tropenkrankheiten\u2018 und ihrer Therapie am Beispiel der Kala-Azar und der Schistosomiasis\u201c, fzg, Vol. 29.<\/p>\n\n\n\n<p>Merdes, Dominik. (2019). \u201eMedical Missions at the Fringes of Empire\u201c, Journal of the Social History of Medicine and Health, Vol. 4, No. 2, S. 79\u2013102. (Mandarin)<\/p>\n\n\n\n<p>Merdes, Dominik. (2014). \u201eCo-constitutive Relationships in Modern Medicine \u2013 K\u00f6rper-Werden um die Geburtsstunde der modernen Chemotherapie\u201c, Body Politics, Heft 4, S. 329\u2013364.<\/p>\n\n\n\n<p><strong>Rezenzionen<\/strong><\/p>\n\n\n\n<p>Merdes, Dominik. (2023). Rezension zu: Rheinberger, Hans-J\u00f6rg; McLaughlin, Peter. (2021). Ordnung und Organisation. Begriffsgeschichtliche Studien zu den Wissenschaften vom Leben im 18. und 19. Jahrhundert, Rangsdorf: Basilisken-Presse, in: H-Soz-Kult, 10.01.2023, URL: www.hsozkult.de\/publicationreview\/id\/reb-132482.<\/p>\n\n\n\n<p>Merdes, Dominik. (2022). Rezension zu: Anagnostou, Sabine; Retzar, Ariane (Hg.) (2019). Facetten der Pharmaziegeschichte. Festschrift f\u00fcr Christoph Friedrich zum 65. Geburtstag, History of Pharmacy and Pharmaceuticals, Vol. 64, S. 205\u2013207.<\/p>\n\n\n\n<p><strong>Weitere Beitr\u00e4ge<\/strong><\/p>\n\n\n\n<p>Merdes, Dominik; Messerich, Helena; Wahrig, Bettina. (2021). \u201eApotheken mit dem Wort ,Mohr\u2018 im Namen. Zur Sammlung von Dokumenten zur Geschichte von Apotheken mit dem Wort ,Mohr\u2018 im Namen und anderen Apothekennamen mit Afrikabezug\u201c, Rundbrief des Vereins demokratischer Pharmazeutinnen und Pharmazeuten (VdPP), Vol. 33, No. 110, S. 20\u201321. Messerich, Helena; Merdes, Dominik. (2020). \u201eMohrenapotheke. Mehr als nur ein Name?\u201c, DAZ, Vol. 165, No. 51, S. 51\u201352.<\/p>\n\n\n\n<p><\/p>\n\n\n\n<p><h3>Forschung<\/h3><\/p>\n\n\n<div class=\"wp-block-image\">\n<figure class=\"aligncenter size-full\"><img loading=\"lazy\" decoding=\"async\" width=\"189\" height=\"267\" src=\"https:\/\/www.hsu-hh.de\/histec\/wp-content\/uploads\/sites\/734\/2024\/09\/Merdes-Bild-For.jpg\" data-credit=\"Roxburgh, William. (1819). Plants of the Coast of Coromandel. Selected From Drawings and Descriptions, Presented to the Hon. Court of Directors of the East India Company. Vol. III, London: Printed by W. Balmer and Co. for G. and W. Nicol, S. 299.\" alt=\"\" class=\"wp-image-1621\" \/><figcaption class=\"wp-element-caption\"><em>Darstellung der Pflanze Gynocardia odorata, die in der westlichen Medizin zun\u00e4chst als Quelle des Chaulmoogra\u00f6ls galt. Als sp\u00e4ter die chemische Beschaffenheit der \u00d6le verschiedener Chaulmoograpflanzen untersucht wurde, erkl\u00e4rten westliche Forschende sie zu einer \u201efalschen\u201c Chaulmoograpflanze.<\/em><br><em>Roxburgh, William. (1819). Plants of the Coast of Coromandel. Selected From Drawings and Descriptions, Presented to the Hon. Court of Directors of the East India Company. Vol. III, London: Printed by W. Balmer and Co. for G. and W. Nicol, S.&nbsp;299.<\/em><\/figcaption><\/figure>\n<\/div>\n\n\n<p>Meine Forschungsschwerpunkte sind die Geschichte der Parasitologie und der sogenannten \u201eTropenmedizin\u201c sowie die Verkn\u00fcpfungen zwischen Arzneimittelgeschichte und Kolonialit\u00e4t (Quijano\/Mignolo\/Lugones). Die Parasitologie war ein wichtiger Pfeiler der \u201eTropenmedizin\u201c, die sich im sp\u00e4ten 19. Jahrhundert institutionalisierte. Die Bezeichnung \u201eTropenmedizin\u201c verweist auf koloniale Strukturen, die Krankheitsauffassungen bis heute pr\u00e4gen. In dieser untypischen Kategorisierung \u2013 gew\u00f6hnlich wurden Krankheiten nach ihrem Ort im menschlichen K\u00f6rper oder ihrer Genese eingeteilt \u2013 materialisierten sich orientalisierende Zuschreibungen. In meiner Forschung gehe ich der Frage nach, wie sich Kolonialismen und Imperialismen des sp\u00e4ten 19. und fr\u00fchen 20. Jahrhunderts mit der westlichen akademischen Medizin verflochten haben. Parasitologische Praktiken werden dabei nicht als passive \u201eTools of Empire\u201c (Headrick) betrachtet. Vielmehr resultierten sie \u2013 auch wenn sie im Endeffekt nicht selten die Funktion eines \u201eTool of Empire\u201c erf\u00fcllten \u2013 aus heterogenen, oft widerspr\u00fcchlichen Gef\u00fcgen. Mein besonderes Interesse gilt hier der Parasitologie in S\u00fcdchina, die einen sehr verstreuten Forschungsraum bildete. In der komplexen politischen Situation nach den Opiumkriegen waren neben \u00c4rzten des <em>Imperial Maritime Customs Service<\/em> und Kolonial\u00e4rzt_innen besonders Missions\u00e4rzt_innen in die Forschung involviert. Unter R\u00fcckgriff auf die historische Epistemologie und Hans-J\u00f6rg Rheinbergers Konzept des Experimentalsystems versuche ich zu verstehen, wie in S\u00fcdchina aus einem verstreuten Forschungsgef\u00fcge heraus Wissen zu parasitologischen Krankheitserregern, beispielsweise W\u00fcrmern, und deren Therapie entstand. Aufgrund der losen Zusammenh\u00e4nge des Gef\u00fcges erweist es sich hierbei als sinnvoll, das Konzept des Experimentalsystems zu reformulieren und von wissensgenerierenden Strukturen zu sprechen. F\u00fcr andere koloniale Forschungssituationen ist zu pr\u00fcfen, ob ihnen \u00e4hnliche Funktionsweisen zu Grunde lagen. Auf diese Weise wird ein besseres Verst\u00e4ndnis dar\u00fcber angestrebt, wie sich die westliche akademische Medizin und weitere epistemische Strukturen, an die sie gekoppelt war, in unterschiedlichen semi\/post\/kolonialen Situationen verbreitete.<\/p>\n\n\n\n<p>Die Tropenmedizin steht in direktem Zusammenhang mit meinem zweiten Forschungsschwerpunkt, der Verflechtung von Arzneimittelgeschichte und Kolonialit\u00e4t. Besonders interessiere ich mich f\u00fcr antiinfektive, gegen parasit\u00e4re und bakterielle Krankheitserreger gerichtete, Arzneimittel. Unter den imperialen Technologien, die Daniel Headrick in seinem Buch <em>The Tools of Empire<\/em> auflistet, findet sich mit dem Chinin auch ein Arzneistoff, der mit der Beschreibung des Malariaerregers im sp\u00e4ten 19. Jahrhundert zu einem Antiparasitikum wurde. Im fr\u00fchen 20. Jahrhundert traten synthetische chemotherapeutische Arzneimittel, die zur Behandlung verschiedener Infektionskrankheiten eingesetzt wurden, an seine Seite. Der bekannteste Vertreter der Arzneimittelgruppe der Chemotherapeutika ist sicherlich das eng mit dem Namen Paul Ehrlich (1854\u20131915) verbundene Salvarsan. Als gezielt gegen Mikroorganismen gerichtete \u201eZauberkugel\u201c \u2013 ein Konzept das Ehrlich selbst pr\u00e4gte \u2013 fand es vor allem als Syphilistherapeutikum Verwendung. Das Salvarsan geh\u00f6rte zu den organischen Arsenverbindungen. Daneben waren organische Antimonverbindungen, die Antimonialien, deren Geschichte ich in meiner Dissertation erforscht habe, wichtige Vertreter der fr\u00fchen Chemotherapie. Am Beispiel der Antimonialien konnte ich aufzeigen, wie eng die Chemotherapie, ihre Produktionsprozesse und Konzepte, die heutige Vorstellungen von Arzneimittelwirkungen entscheidend gepr\u00e4gt haben, mit dem Kolonialismus verwoben war. Antimonialien wurden zur Behandlung der Parasitose Kalar-Azar, die auf assamesischen Teeplantagen im S\u00fcdosten Britisch-Indiens auftrat, und, unter anderem in \u00c4gypten und China, zur Behandlung der Wurmerkrankung Schistosomiasis eingesetzt. Hier interessiert mich ihre konkrete Anwendung, beispielsweise durch Kolonial\u00e4rzt_innen in Britisch-Indien oder durch Missions\u00e4rzt_innen in China, und die R\u00fcckwirkungen auf die Arzneimittelproduktion.<\/p>\n\n\n\n<p>In meiner aktuellen Forschung verfolge ich die Verflechtungen zwischen Arzneimitteln und Kolonialit\u00e4t noch weiter zur\u00fcck, indem ich pflanzenbasierte Arzneistoffe in den Blick nehmen. F\u00fcr das 18. Jahrhundert hat Londa Schiebinger beschrieben, wie die westliche Botanik in kolonialen R\u00e4umen Pflanzen und Wissen aneignete, um daraus Profit zu schlagen. Dies nennt sie \u201ekoloniales Bioprospecting\u201c. Das koloniale Bioprospecting betraf auch Arzneipflanzen, die (sp\u00e4ter) gegen parasit\u00e4re und bakterielle Krankheitserreger eingesetzt wurden. Ein Beispiel sind Chinarindenb\u00e4ume, denen in der historischen Forschung vergleichsweise viel Aufmerksamkeit zukam. F\u00fcr etliche pflanzenbasierte antiinfektive Arzneimittel sind ihre Beziehungen zur Kolonialit\u00e4t allerdings noch unzureichend erforscht. Deshalb untersuche ich die Verwicklungen zwischen Arzneimitteln und kolonialen Strukturen anhand einiger Fallbeispiele. Zun\u00e4chst gilt mein Interesse diversen Chaulmoogra\u00f6lpr\u00e4paraten, die im sp\u00e4ten 19. und fr\u00fchen 20. Jahrhundert gegen Lepra eingesetzt wurden. Im Unterschied zu fr\u00fcheren Praktiken des kolonialen Bioprospecting handelte es sich bei den Chaulmoogra\u00f6lpr\u00e4paraten nicht um getrocknetes Pflanzenmaterial und oft wurden sie auch nicht lediglich aus angeeigneten Pflanzenteilen isoliert. Das aus Chaulmoograpflanzen gewonnene \u00d6l wurde chemisch modifiziert, bevor es, unter anderem von der Firma <em>Bayer<\/em>, vermarktet wurde. In naher Zukunft m\u00f6chte ich den Transformationen des Bioprospecting auf der Grundlage von verschiedenen in kolonialen R\u00e4umen angeeigneten Anthelminthika (Wurmmittel) weiter nachgehen. Dort lassen sich \u00e4hnliche Verschiebungen in den Praktiken des kolonialen Bioprospecting beobachten. Die Kolonialit\u00e4t verflicht sich hier zudem mit der Konzeption der Wirkungen von Arzneimitteln. Vorstellungen von der gezielten Bek\u00e4mpfung von Krankheitserregern kamen nicht erst mit Ehrlichs Chemotherapie auf. Schon vorher kursierten \u00e4hnliche Konzepte der spezifischen Wirkung von Arzneimitteln. Beispielsweise bezeichnete der amerikanische Missionsarzt Oliver Tracy Logan (1870\u20131919) das Anthelminthikum Santonin im Jahr 1903 als \u201etherapeutische Pistole\u201c. Mit dieser zielten protestantische Missionar_innen auf parasit\u00e4re W\u00fcrmer, um China ihren Vorstellungen von Zivilisation n\u00e4herzubringen und sich auf dem Feld der Parasitologie als Forschende zu behaupten.<\/p>\n\n\n\n<div style=\"height:30px\" aria-hidden=\"true\" class=\"wp-block-spacer\"><\/div>\n\n\n\n<p><\/p>\n\n\n\n<p><\/p>\n","protected":false},"excerpt":{"rendered":"<p>Kontakt Biogramm Nach einem Studium der Pharmazie studierte ich Literaturwissenschaft sowie Pharmazie- und Wissenschaftsgeschichte. W\u00e4hrend der Arbeit an meiner Dissertation (2013\u20132018), die von Bettina Wahrig betreut wurde, setzte ich mich [&hellip;]<\/p>\n","protected":false},"author":3880,"featured_media":0,"parent":0,"menu_order":0,"comment_status":"closed","ping_status":"closed","template":"","meta":{"footnotes":""},"categories":[4],"tags":[],"class_list":["post-1624","page","type-page","status-publish","hentry","category-forschung"],"_links":{"self":[{"href":"https:\/\/www.hsu-hh.de\/histec\/wp-json\/wp\/v2\/pages\/1624","targetHints":{"allow":["GET"]}}],"collection":[{"href":"https:\/\/www.hsu-hh.de\/histec\/wp-json\/wp\/v2\/pages"}],"about":[{"href":"https:\/\/www.hsu-hh.de\/histec\/wp-json\/wp\/v2\/types\/page"}],"author":[{"embeddable":true,"href":"https:\/\/www.hsu-hh.de\/histec\/wp-json\/wp\/v2\/users\/3880"}],"replies":[{"embeddable":true,"href":"https:\/\/www.hsu-hh.de\/histec\/wp-json\/wp\/v2\/comments?post=1624"}],"version-history":[{"count":6,"href":"https:\/\/www.hsu-hh.de\/histec\/wp-json\/wp\/v2\/pages\/1624\/revisions"}],"predecessor-version":[{"id":1665,"href":"https:\/\/www.hsu-hh.de\/histec\/wp-json\/wp\/v2\/pages\/1624\/revisions\/1665"}],"wp:attachment":[{"href":"https:\/\/www.hsu-hh.de\/histec\/wp-json\/wp\/v2\/media?parent=1624"}],"wp:term":[{"taxonomy":"category","embeddable":true,"href":"https:\/\/www.hsu-hh.de\/histec\/wp-json\/wp\/v2\/categories?post=1624"},{"taxonomy":"post_tag","embeddable":true,"href":"https:\/\/www.hsu-hh.de\/histec\/wp-json\/wp\/v2\/tags?post=1624"}],"curies":[{"name":"wp","href":"https:\/\/api.w.org\/{rel}","templated":true}]}}