{"id":1542,"date":"2024-01-16T18:29:24","date_gmt":"2024-01-16T17:29:24","guid":{"rendered":"https:\/\/www.hsu-hh.de\/histec\/?page_id=1542"},"modified":"2026-03-28T13:44:08","modified_gmt":"2026-03-28T12:44:08","slug":"laura-bodmann","status":"publish","type":"page","link":"https:\/\/www.hsu-hh.de\/histec\/laura-bodmann","title":{"rendered":"Laura Bodmann"},"content":{"rendered":"\n<h2 class=\"wp-block-heading\">Kontakt<\/h2>\n\n\n<script type=\"application\/ld+json\">[{\"@context\": \"https:\/\/www.schema.org\",\"@type\": \"Person\",\"name\": \"Laura Bodmann\",\"worksFor\": [{\t\"@type\": \"Organization\",\t\"name\": \"Helmut-Schmidt-Universit\u00e4t\",\t\"url\": \"https:\/\/www.hsu-hh.de\"\t, \"department\": {\"@type\": \"Organization\",\t\t\t\t\t\"name\": \"Wissensgeschichte moderner Gesellschaften\",\t\t\t\t\t\"location\": {\t\t\t\t\t\t\"@type\": \"PostalAddress\",\t\t\t\t\t\t\"addressLocality\": \"\",        \t\t\t\t\"postalCode\": \"22043\",        \t\t\t\t\"streetAddress\": \"Holstenhofweg 85 , Geb\u00e4ude H1\"\t\t\t\t\t}},\t\"location\": {\t\t\"@type\": \"PostalAddress\",    \t\"addressLocality\": \"\",    \t\"postalCode\": \"22008\",    \t\"postOfficeBoxNumber\": \"700822\"\t}   }],\"image\": \"https:\/\/www.hsu-hh.de\/wp-content\/themes\/hsu\/img\/dummy\/dummy_ansprechpartner.png\",\"telephone\": \"+49406541-3533\",\"faxNumber\": \"\",\"email\": \"bodmannl@hsu-hh.de\"}]<\/script><div class=\"clearfix\"><\/div><div class=\"ansprechparter-container \" style=\"margin-top:1em; \"><div class=\"row ansprechpartner-item ansprechparter-header\" ><div class=\"col-xs-8 col-lg-12\" style=\"margin-bottom: 30px;\"><h3 class=\"ansprechparter-headline\">Laura Bodmann<\/h3><\/div><\/div><div class=\"col-md-4 col-lg-3 col-xs-4 ansprechpartner-item floatright img-circle center-block\" style=\"margin-bottom: 30px;\"><div class=\"img-responsive-wrapper\"><img decoding=\"async\" src=\"\/wp-content\/themes\/hsu\/img\/dummy\/dummy_ansprechpartner.png\" alt=\"Mitarbeiter Symbol-Icon\" class=\"img-circle img-responsive center-block\" \/><\/div><\/div><div class=\"col-md-12 col-lg-3 col-xs-12 ansprechpartner-item kontakt floatright\" style=\"margin-bottom: 30px; \"><div class=\"row\"><div class=\"col-xs-12 col-sm-6 col-lg-12\"><div class=\"row\"><div class=\"col-xs-4 col-lg-4 row-text bold\" >Raum:<\/div><div class=\" row-text\">2219<\/div><\/div><\/div><div class=\"col-xs-12 col-sm-6 col-lg-12\"><div class=\"row\"><div class=\"col-xs-4 col-lg-4 row-text bold\">Telefon:<\/div><div class=\" row-text\">+49406541-3533<\/div><\/div><\/div><div class=\"col-xs-12 col-sm-6 col-lg-12\"><div class=\"row\"><div class=\"col-xs-4 col-lg-4 row-text bold\">E-Mail:<\/div><div class=\"row-text\" style=\"overflow:hidden; word-break: break-word\"><a href=\"mailto:bodmannl@hsu-hh.de\" rel=\"nofollow\">bodmannl@hsu-hh.de<\/a><\/div><\/div><\/div><\/div><\/div><div class=\"col-md-6 col-lg-3 col-xs-12 ansprechpartner-item anschrift floatright\" ><div class=\"row-headline\">Besucheranschrift<\/div><div class=\"dataBesucheranschrift\" style=\"\"><div class=\"row-text\">Helmut-Schmidt-Universit\u00e4t<\/div><div class=\"row-text\">Geb\u00e4ude H1<\/div><div class=\"row-text\">Holstenhofweg 85<\/div><div class=\"row-text\">22043 Hamburg<\/div><\/div><\/div><div class=\"col-md-6 col-lg-3 col-xs-12 ansprechpartner-item anschrift floatright\"><div class=\"row-headline\">Postanschrift<\/div><div class=\"dataPostanschrift\" style=\"\"><div class=\"row-text\">Helmut-Schmidt-Universit\u00e4t<\/div><div class=\"row-text\">Fakult\u00e4t f\u00fcr Geistes und Sozialwissenschaften<\/div><div class=\"row-text\">Wissensgeschichte moderner Gesellschaften<\/div><div class=\"row-text\">Postfach 70 08 22<\/div><div class=\"row-text\">22008 Hamburg<\/div><\/div><\/div><\/div><div class=\"clearfix\"><\/div>\n\n\n<div style=\"height:30px\" aria-hidden=\"true\" class=\"wp-block-spacer\"><\/div>\n\n\n\n<p><\/p>\n\n\n\n<p><h3>CV<\/h3><\/p>\n\n\n\n<p><strong>2024-2025<\/strong><\/p>\n\n\n\n<p>Wissenschaftlicher Mitarbeiter an der Professur f\u00fcr Wissensgeschichte moderner Gesellschaften an der Helmut-Schmidt-Universit\u00e4t\/Universit\u00e4t der Bundeswehr Hamburg<\/p>\n\n\n\n<p><strong>2023<\/strong><\/p>\n\n\n\n<p>Wissenschaftliche Mitarbeiterin am Kompetenzzentrum Digitale Lehre der OTH Amberg-Weiden Gesamtkoordination des Digitalisierungskollegs und didaktisches Coaching<\/p>\n\n\n\n<p><strong>2021-2022<\/strong><\/p>\n\n\n\n<p>Wissenschaftliche Referentin beim NFDI e.V.<\/p>\n\n\n\n<p><strong>WS 2019\/20-WS 2021\/22<\/strong><\/p>\n\n\n\n<p>Lehrbeauftragte im Bereich Medizingeschichte (Q2) an der Universit\u00e4t Marburg und Universit\u00e4t Gie\u00dfen<\/p>\n\n\n\n<p><strong>2020-2021<\/strong><\/p>\n\n\n\n<p>Wissenschaftliche Mitarbeiterin\/Beraterin am HIS-Institut f\u00fcr Hochschulentwicklung im Gesch\u00e4ftsbereich Hochschulmanagement<\/p>\n\n\n\n<p><strong>WS 2016\/17 \u2013 SS 2021<\/strong><\/p>\n\n\n\n<p>Lehrbeauftragte der Abteilung f\u00fcr Geschichte der Naturwissenschaften mit Schwerpunkt Pharmaziegeschichte der <abbr title=\"Technische Universit\u00e4t\">TU<\/abbr> Braunschweig<\/p>\n\n\n\n<p><strong>2016-2019<\/strong><\/p>\n\n\n\n<p>Wissenschaftliche Mitarbeiterin im medienwissenschaftlichen Sonderforschungsbereich \u201eMedien der Kooperation\u201c im Teilprojekt A02 \u201eStandardisierungskultur der Telekommunikation im Spannungsfeld der digitalen und neo-liberalen \u201aDoppelrevolution\u2018 seit den 1980er Jahren\u201c an der Universit\u00e4t Siegen<\/p>\n\n\n\n<p><strong>2013-2016<\/strong><\/p>\n\n\n\n<p>Master of Arts im Fach Kultur der technisch-wissenschaftlichen Welt an der <abbr title=\"Technische Universit\u00e4t\">TU<\/abbr> Braunschweig<\/p>\n\n\n\n<p><strong>2008-2013<\/strong><\/p>\n\n\n\n<p>Bachelor of Arts in den F\u00e4chern Geschichte (Hauptfach) und Germanistik (Nebenfach) an der <abbr title=\"Technische Universit\u00e4t\">TU<\/abbr> Braunschweig<\/p>\n\n\n\n<p><\/p>\n\n\n\n<p><h3>Publikationen<\/h3><\/p>\n\n\n\n<p>Hartl, Nathalie, et al. (2022): Bibliotheken als Akteure bei NFDI. Herausforderungen, Chancen, Zukunftsaussichten. In: Zeitschrift f\u00fcr Bibliothekswesen und Bibliographie 69 (Heft 1-2), S 18-25.<\/p>\n\n\n\n<p>Wannemacher, K.; L\u00fcbcke, M.; Bodmann, L. (2021): Ein Qualit\u00e4tssicherungskonzept f\u00fcr das nieders\u00e4chsische OER Portal twillo. In: Magazin f\u00fcr Hochschulentwicklung (Nr. 02|2021). Hannover: HIS-HE<\/p>\n\n\n\n<p>Wannemacher, K., Bodmann, L. (2021). K\u00fcnstliche Intelligenz an den Hochschulen \u2013 Potenziale und Herausforderungen in Forschung, Studium und Lehre sowie Curriculumentwicklung. Arbeitspapier Nr. 59. Berlin: Hochschulforum Digitalisierung.<\/p>\n\n\n\n<p>Seyfeli, F.; Elsner, L.; Wannemacher, K. (2021): Stimmung und Motivation im Digitalsemester. In: DUZ Wissenschaft &amp; Management (Nr. 02|2021), S. 23f.<\/p>\n\n\n\n<p>Seyfeli, F.; Elsner, L.; Wannemacher, K. (2021): Vom Corona-Shutdown zur Blended University? ExpertInnenbefragung Digitales Sommersemester. Baden-Baden. Tectum Verlag (eLibrary) 2020.<\/p>\n\n\n\n<p>L\u00fcbcke, M.; Elsner, L.; Wannemacher, K. (2020): Viele Wege, ein Ziel? Die OER-L\u00e4nderinitiativen im Vergleich. In: Magazin f\u00fcr Hochschulentwicklung (Nr. 01|2020). Hannover: HIS-HE, S. 14f.<\/p>\n\n\n\n<p>Elsner, L.; Henrich-Franke, C.; Neutsch, C.; Thiemeyer, G. (2019): Infrastrukturelle Grundlagen des europ\u00e4ischen Wirtschaftsraums: Akteure der Integration \u2013 Akteure der Desintegration. In: Schulze, G.; Spoerer, M. (<abbr title=\"Herausgeber\">Hrsg.<\/abbr>): Integration und Desintegration Europas. Wirtschafts- und sozialhistorische Beitr\u00e4ge. Beiheft 244. Stuttgart: Franz Steiner [Beitrag \u00fcber Theodor Irmer (Direktor des CCITT der ITU) als Impulsgeber f\u00fcr die Standardisierung des ISDN], S. 73-97.<\/p>\n\n\n\n<p><\/p>\n\n\n\n<p><h3>Forschung<\/h3><\/p>\n\n\n\n<p><\/p>\n\n\n\n<p><\/p>\n","protected":false},"excerpt":{"rendered":"<p>Kontakt CV 2024-2025 Wissenschaftlicher Mitarbeiter an der Professur f\u00fcr Wissensgeschichte moderner Gesellschaften an der Helmut-Schmidt-Universit\u00e4t\/Universit\u00e4t der Bundeswehr Hamburg 2023 Wissenschaftliche Mitarbeiterin am Kompetenzzentrum Digitale Lehre der OTH Amberg-Weiden Gesamtkoordination des [&hellip;]<\/p>\n","protected":false},"author":3146,"featured_media":0,"parent":0,"menu_order":0,"comment_status":"closed","ping_status":"closed","template":"","meta":{"footnotes":""},"categories":[8],"tags":[],"class_list":["post-1542","page","type-page","status-publish","hentry","category-team"],"_links":{"self":[{"href":"https:\/\/www.hsu-hh.de\/histec\/wp-json\/wp\/v2\/pages\/1542","targetHints":{"allow":["GET"]}}],"collection":[{"href":"https:\/\/www.hsu-hh.de\/histec\/wp-json\/wp\/v2\/pages"}],"about":[{"href":"https:\/\/www.hsu-hh.de\/histec\/wp-json\/wp\/v2\/types\/page"}],"author":[{"embeddable":true,"href":"https:\/\/www.hsu-hh.de\/histec\/wp-json\/wp\/v2\/users\/3146"}],"replies":[{"embeddable":true,"href":"https:\/\/www.hsu-hh.de\/histec\/wp-json\/wp\/v2\/comments?post=1542"}],"version-history":[{"count":8,"href":"https:\/\/www.hsu-hh.de\/histec\/wp-json\/wp\/v2\/pages\/1542\/revisions"}],"predecessor-version":[{"id":1799,"href":"https:\/\/www.hsu-hh.de\/histec\/wp-json\/wp\/v2\/pages\/1542\/revisions\/1799"}],"wp:attachment":[{"href":"https:\/\/www.hsu-hh.de\/histec\/wp-json\/wp\/v2\/media?parent=1542"}],"wp:term":[{"taxonomy":"category","embeddable":true,"href":"https:\/\/www.hsu-hh.de\/histec\/wp-json\/wp\/v2\/categories?post=1542"},{"taxonomy":"post_tag","embeddable":true,"href":"https:\/\/www.hsu-hh.de\/histec\/wp-json\/wp\/v2\/tags?post=1542"}],"curies":[{"name":"wp","href":"https:\/\/api.w.org\/{rel}","templated":true}]}}