{"id":149,"date":"2017-11-08T13:47:50","date_gmt":"2017-11-08T12:47:50","guid":{"rendered":"https:\/\/www.hsu-hh.de\/histec\/?page_id=149"},"modified":"2022-11-30T14:23:48","modified_gmt":"2022-11-30T13:23:48","slug":"teamvonoesen","status":"publish","type":"page","link":"https:\/\/www.hsu-hh.de\/histec\/team\/teamvonoesen","title":{"rendered":"Normen von Oesen"},"content":{"rendered":"\n<h2 class=\"wp-block-heading\">Kontakt<\/h2>\n\n\n<script type=\"application\/ld+json\">[{\"@context\": \"https:\/\/www.schema.org\",\"@type\": \"Person\",\"name\": \"Normen von Oesen\",\"worksFor\": [{\t\"@type\": \"Organization\",\t\"name\": \"Helmut-Schmidt-Universit\u00e4t\",\t\"url\": \"https:\/\/www.hsu-hh.de\"\t, \"department\": {\"@type\": \"Organization\",\t\t\t\t\t\"name\": \"Neuere Sozial-, Wirtschafts- und Technikgeschichte\",\t\t\t\t\t\"location\": {\t\t\t\t\t\t\"@type\": \"PostalAddress\",\t\t\t\t\t\t\"addressLocality\": \"\",        \t\t\t\t\"postalCode\": \"22043\",        \t\t\t\t\"streetAddress\": \"Holstenhofweg 85 , Geb\u00e4ude H1\"\t\t\t\t\t}},\t\"location\": {\t\t\"@type\": \"PostalAddress\",    \t\"addressLocality\": \"\",    \t\"postalCode\": \"22008\",    \t\"postOfficeBoxNumber\": \"700822\"\t}   }],\"image\": \"https:\/\/www.hsu-hh.de\/histec\/wp-content\/uploads\/sites\/734\/2017\/11\/Foto_vonOesen-150x150.jpg\",\"telephone\": \"+49406541-2564\",\"faxNumber\": \"\",\"email\": \"vonoesen@hsu-hh.de\"}]<\/script><div class=\"clearfix\"><\/div><div class=\"ansprechparter-container \" style=\"margin-top:1em; \"><div class=\"row ansprechpartner-item ansprechparter-header\" ><div class=\"col-xs-8 col-lg-12\" style=\"margin-bottom: 30px;\"><h3 class=\"ansprechparter-headline\">Normen von Oesen<\/h3><\/div><\/div><div class=\"col-md-4 col-lg-3 col-xs-4 ansprechpartner-item floatright img-circle center-block\" style=\"margin-bottom: 30px;\"><div class=\"img-responsive-wrapper\"><img decoding=\"async\" src=\"https:\/\/www.hsu-hh.de\/histec\/wp-content\/uploads\/sites\/734\/2017\/11\/Foto_vonOesen-150x150.jpg\" alt=\"Normen von Oesen\" class=\"img-circle img-responsive center-block\" \/><\/div><\/div><div class=\"col-md-12 col-lg-3 col-xs-12 ansprechpartner-item kontakt floatright\" style=\"margin-bottom: 30px; \"><div class=\"row\"><div class=\"col-xs-12 col-sm-6 col-lg-12\"><div class=\"row\"><div class=\"col-xs-4 col-lg-4 row-text bold\" >Raum:<\/div><div class=\" row-text\">2213<\/div><\/div><\/div><div class=\"col-xs-12 col-sm-6 col-lg-12\"><div class=\"row\"><div class=\"col-xs-4 col-lg-4 row-text bold\">Telefon:<\/div><div class=\" row-text\">+49406541-2564<\/div><\/div><\/div><div class=\"col-xs-12 col-sm-6 col-lg-12\"><div class=\"row\"><div class=\"col-xs-4 col-lg-4 row-text bold\">E-Mail:<\/div><div class=\"row-text\" style=\"overflow:hidden; word-break: break-word\"><a href=\"mailto:vonoesen@hsu-hh.de\" rel=\"nofollow\">vonoesen@hsu-hh.de<\/a><\/div><\/div><\/div><\/div><\/div><div class=\"col-md-6 col-lg-3 col-xs-12 ansprechpartner-item anschrift floatright\" ><div class=\"row-headline\">Besucheranschrift<\/div><div class=\"dataBesucheranschrift\" style=\"\"><div class=\"row-text\">Helmut-Schmidt-Universit\u00e4t<\/div><div class=\"row-text\">Geb\u00e4ude H1<\/div><div class=\"row-text\">Holstenhofweg 85<\/div><div class=\"row-text\">22043 Hamburg<\/div><\/div><\/div><div class=\"col-md-6 col-lg-3 col-xs-12 ansprechpartner-item anschrift floatright\"><div class=\"row-headline\">Postanschrift<\/div><div class=\"dataPostanschrift\" style=\"\"><div class=\"row-text\">Helmut-Schmidt-Universit\u00e4t<\/div><div class=\"row-text\">Fakult\u00e4t f\u00fcr Geistes und<\/div><div class=\"row-text\">Sozialwissenschaften<\/div><div class=\"row-text\">Neuere Sozial-, Wirtschafts- und Technikgeschichte<\/div><div class=\"row-text\">Postfach 70 08 22<\/div><div class=\"row-text\">22008 Hamburg<\/div><\/div><\/div><\/div><div class=\"clearfix\"><\/div>\n\n\n<div style=\"height:30px\" aria-hidden=\"true\" class=\"wp-block-spacer\"><\/div>\n\n\n\n<h2 class=\"wp-block-heading\">Biogramm<\/h2>\n\n\n\n<p>Nach der Ausbildung zum Offizier der Bundeswehr hat Normen von Oesen einen Master in Geschichte mit Schwerpunkt Technikgeschichte an der Helmut-Schmidt-Universit\u00e4t in Hamburg abgeschlossen. Danach war er in unterschiedlichen F\u00fchrungspositionen im J\u00e4gerbataillon 291 der Deutsch-Franz\u00f6sischen-Brigade in Illkirch-Graffenstaden in Frankreich t\u00e4tig. Seit Oktober 2016 ist er wissenschaftlicher Mitarbeiter an der Professur f\u00fcr Neuere Sozial-, Wirtschafts- und Technikgeschichte der <abbr title=\"Helmut Schmidt Universit\u00e4t\">HSU<\/abbr>. Seine Forschungsinteressen umfassen Wissens- und Technikgeschichte. Sein aktuelles Forschungsprojekt befasst sich mit gescheiterten Innovationsprojekten und Wissenstransfers an Fallbeispielen der Carl Zeiss AG.<\/p>\n\n\n\n<p>Link zum Xing-Profil: <a href=\"https:\/\/www.xing.com\/profile\/Normen_vonOesen\" rel='nofollow'>https:\/\/www.xing.com\/profile\/Normen_vonOesen<\/a><\/p>\n\n\n\n\n\n\n\n<h3>CV<\/h3>\n\n\n\n<p><strong>seit Oktober 2016<\/strong><br>Wissenschaftlicher Mitarbeiter an der Professur f\u00fcr Neuere Sozial-, Wirtschafts- und Technikgeschichte, Helmut-Schmidt-Universit\u00e4t, Universit\u00e4t der Bundeswehr, Hamburg<\/p>\n\n\n\n<p><strong>Oktober 2011 bis September 2016<\/strong><br>Offizier im J\u00e4gerbataillon 291 der Deutsch-Franz\u00f6sischen-Brigade in Illkirch-Graffenstaden in Frankreich \u2013 zuletzt als Kompaniechef der 3. Kompanie<\/p>\n\n\n\n<p><strong>Oktober 2007 bis September 2011<\/strong><br>Studium der Geschichtswissenschaften an der Helmut-Schmidt-Universit\u00e4t, Universit\u00e4t der Bundeswehr, Hamburg \u2013 Abschluss als Master of Arts<\/p>\n\n\n\n<p><strong>Juli 2004 bis September 2007<\/strong><br>Ausbildung zum Offizier des Deutschen Heeres an unterschiedlichen Standorten der Bundeswehr im In- und Ausland.<\/p>\n\n\n\n\n\n\n\n<h3>Publikationen<\/h3>\n\n\n\n<p><strong>Tagungsberichte:<\/strong><\/p>\n\n\n\n<p>Innovatorisches Scheitern als Regelfall? Fallbeispiele und Strategien aus der Wirtschaft, 04.05.2017 &#8211; 05.05.2017 Stuttgart, in: Technikgeschichte, 1\/2018, S. 49-59.<\/p>\n\n\n\n<p>Pfade des Urbanen. Herausforderungen und Potentiale von Pfadkonzepten f\u00fcr die historische Stadtforschung, 19.01.2017 \u2013 20.01.2017 Hamburg, in: H-Soz-Kult, 03.05.2017, <a href=\"http:\/\/www.hsozkult.de\/conferencereport\/id\/tagungsberichte-7150\" rel='nofollow'>zum Artikel<\/a><\/p>\n\n\n\n<p>Autost\u00e4dte. Wachstums- und Schrumpfungsprozesse in globaler Perspektive, 27.06.2012 \u2013 29.06.2012 Wolfsburg, in: H-Soz-Kult, 17.04.2013, <a href=\"http:\/\/www.hsozkult.de\/conferencereport\/id\/tagungsberichte-4670\" rel='nofollow'>zum Artikel<\/a><br>Autost\u00e4dte. Wachstums- und Schrumpfungsprozesse in globaler Perspektive, in: Informationen zur modernen Stadtgeschichte,1\/2013, S. 156-159.<\/p>\n\n\n\n\n\n\n\n<h3>Forschung<\/h3>\n\n\n\n<p><\/p>\n\n\n\n\n\n\n\n\n","protected":false},"excerpt":{"rendered":"<p>Kontakt Biogramm Nach der Ausbildung zum Offizier der Bundeswehr hat Normen von Oesen einen Master in Geschichte mit Schwerpunkt Technikgeschichte an der Helmut-Schmidt-Universit\u00e4t in Hamburg abgeschlossen. Danach war er in [&hellip;]<\/p>\n","protected":false},"author":111,"featured_media":0,"parent":232,"menu_order":0,"comment_status":"closed","ping_status":"closed","template":"","meta":{"footnotes":""},"categories":[8],"tags":[],"class_list":["post-149","page","type-page","status-publish","hentry","category-team"],"_links":{"self":[{"href":"https:\/\/www.hsu-hh.de\/histec\/wp-json\/wp\/v2\/pages\/149","targetHints":{"allow":["GET"]}}],"collection":[{"href":"https:\/\/www.hsu-hh.de\/histec\/wp-json\/wp\/v2\/pages"}],"about":[{"href":"https:\/\/www.hsu-hh.de\/histec\/wp-json\/wp\/v2\/types\/page"}],"author":[{"embeddable":true,"href":"https:\/\/www.hsu-hh.de\/histec\/wp-json\/wp\/v2\/users\/111"}],"replies":[{"embeddable":true,"href":"https:\/\/www.hsu-hh.de\/histec\/wp-json\/wp\/v2\/comments?post=149"}],"version-history":[{"count":46,"href":"https:\/\/www.hsu-hh.de\/histec\/wp-json\/wp\/v2\/pages\/149\/revisions"}],"predecessor-version":[{"id":1417,"href":"https:\/\/www.hsu-hh.de\/histec\/wp-json\/wp\/v2\/pages\/149\/revisions\/1417"}],"up":[{"embeddable":true,"href":"https:\/\/www.hsu-hh.de\/histec\/wp-json\/wp\/v2\/pages\/232"}],"wp:attachment":[{"href":"https:\/\/www.hsu-hh.de\/histec\/wp-json\/wp\/v2\/media?parent=149"}],"wp:term":[{"taxonomy":"category","embeddable":true,"href":"https:\/\/www.hsu-hh.de\/histec\/wp-json\/wp\/v2\/categories?post=149"},{"taxonomy":"post_tag","embeddable":true,"href":"https:\/\/www.hsu-hh.de\/histec\/wp-json\/wp\/v2\/tags?post=149"}],"curies":[{"name":"wp","href":"https:\/\/api.w.org\/{rel}","templated":true}]}}