{"id":145,"date":"2017-11-08T15:07:45","date_gmt":"2017-11-08T14:07:45","guid":{"rendered":"https:\/\/www.hsu-hh.de\/histec\/?page_id=145"},"modified":"2022-10-26T09:27:26","modified_gmt":"2022-10-26T07:27:26","slug":"teameiben","status":"publish","type":"page","link":"https:\/\/www.hsu-hh.de\/histec\/teameiben","title":{"rendered":"J\u00f6rn Eiben (geb. Esch)"},"content":{"rendered":"<h3>Kontakt<\/h3>\n<p>Joern.Eiben@gmail.com<\/p>\n<p>&nbsp;<\/p>\n<h3>CV<\/h3>\n<p>11\/2015-04\/2019<\/p>\n<p>wissenschaftlicher Mitarbeiter an der Professur f\u00fcr Neuere Sozial-, Wirtschafts- und Technikgeschichte (DFG-Projekt: &#8222;Industriest\u00e4dte&#8220;)<\/p>\n<p>12\/2015<br \/>\nAbschluss des Promotionsverfahrens an der Fakult\u00e4t IV, Human- und Gesellschaftswissenschaften, Carl von Ossietzky Universit\u00e4t Oldenburg<\/p>\n<p>04\/2015 &#8211; 10\/2015<br \/>\nwissenschaftlicher Mitarbeiter am Lehrstuhl f\u00fcr Deutsche und europ\u00e4ische Geschichte des 19. und 20. Jahrhunderts, Institut f\u00fcr Geschichte, Carl von Ossietzky Universit\u00e4t Oldenburg<br \/>\n09\/2011 &#8211; 01\/2015<br \/>\nStipendiat der Hans-B\u00f6ckler-Stiftung<br \/>\n10\/2011 &#8211; 09\/2014<br \/>\nKollegiat des DFG-Graduiertenkollegs 1608\/1 \u201eSelbst-Bildungen\u201c, Carl von Ossietzky Universit\u00e4t Oldenburg<br \/>\n08\/2013 &#8211; 10\/2013<br \/>\nPraktikum im Archiv des Leo Baeck Institute, New York, USA<br \/>\n08\/2011 &#8211; 03\/2015<br \/>\nPromotion an der Fakult\u00e4t IV, Human- und Gesellschaftswissenschaften, Carl von Ossietzky Universit\u00e4t Oldenburg. Betreuung durch: <abbr title=\"Professor\">Prof.<\/abbr> <abbr title=\"Doktor\">Dr.<\/abbr> Thomas Etzem\u00fcller (Erstgutachter), Jun. <abbr title=\"Professor\">Prof.<\/abbr> <abbr title=\"Doktor\">Dr.<\/abbr> Malte Thie\u00dfen (Zweitgutachter). Thema: \u201eDas Subjekt des Fu\u00dfballs. Eine Geschichte kollektiv bewegter K\u00f6rper\u201c<br \/>\n09\/2007 &#8211; 07\/2008<br \/>\nForeign Language Assistant an der Brigshaw High-School in Allerton Bywater, West Yorkshire, England<br \/>\n04\/2003 &#8211; 07\/2009<br \/>\nStudium Englisch und Geschichte, I. Staatsexamen, Carl von Ossietzky Universit\u00e4t Oldenburg<\/p>\n<h3>Publikationen<\/h3>\n<p><strong>Monographie<\/strong><br \/>\nDas Subjekt des Fu\u00dfballs. Eine Geschichte bewegter K\u00f6rper im Kaiserreich, Bielefeld 2016<\/p>\n<p>Besprochen in <abbr title=\"unter anderem\">u.a.<\/abbr>: 11Freunde, M\u00e4rz 2016 (Christoph Biermann);&nbsp;H-Soz-u-Kult, 05.07.2016 (Nils Havemann); Historische Zeitschrift, August 2017 (Frank Becker); Ballesterer Fu\u00dfballmagazin, September 2017 (Nicole Selmer)<\/p>\n<p><strong>Herausgeberschaft<\/strong><\/p>\n<p>(gemeinsam mit Olaf Stieglitz) Visualities &#8211; Sports, Bodies and Visual Sources (= Historical Social Research 43.2, 2017, Special Issue)<\/p>\n<p><strong>Aufs\u00e4tze<\/strong><\/p>\n<p>(gemeinsam mit Olaf Stieglitz)&nbsp;Depicting Sporting Bodies \u2013 Visual Sources in the Writing of Sport History. An Introduction, in: Dies. (Hg.):&nbsp;Visualities &#8211; Sports, Bodies and Visual Sources (= Historical Social Research 43.2, 2017, Special Issue), S. 7-24<\/p>\n<p>Als Wolfsburg die Krise bekam. Eine Perspektive auf die fr\u00fchen 1970er Jahre, in: Das Archiv. Zeitung f\u00fcr Wolfsburger Stadtgeschichte, Nr. 3, 2016, S. 11<\/p>\n<p>\u201ato play by the Book?\u2018 Der Fu\u00dfballer in Praxisanleitungen, in: Haasis, Lucas \/ Rieske, Constantin: Historische Praxeologie, Paderborn 2015, S. 105-121<\/p>\n<p>Ist der Fu\u00dfballer im Bilde? K\u00f6rpergeschichte und visuelle Quellen , in: BodyPolitics. Zeitschrift f\u00fcr K\u00f6rpergeschichte 2, 2014<\/p>\n<p>(die folgenden erschienen unter meinem vorherigen Nachnamen &#8222;Esch&#8220;)<\/p>\n<p>Die Geschichte des deutschen Fu\u00dfballs zwischen Region und Nation. \u201eSubjektivierungsregimes\u201c und \u201eFormen der Ausarbeitung\u201c im Kaiser-reich, in: Westf\u00e4lische Forschungen 63, 2013, S. 57-75<\/p>\n<p>Vom Volkssport zum Erziehungsinstrument. Zur Geschichte des Fu\u00dfballs in England, in: fastforeword 1\/08, S. 9-17 (Link )<\/p>\n<p>&nbsp;<\/p>\n<p><strong>Buchbesprechungen f\u00fcr:<\/strong><br \/>\nH-Soz-u-Kult, Neue Politische Literatur, Sport und Gesellschaft, SportZeiten,&nbsp;Vierteljahrsschrift f\u00fcr Wirtschafts- und Sozialgeschichte<\/p>\n<p>Vortr\u00e4ge<br \/>\n09\/2016 &#8222;Praxeologie als Hypothese. Von den Schwierigkeiten eines Historikers,&#8220;&nbsp;Alumni Summer School des Graduiertenkolleg &#8222;Selbst-Bildungen&#8220;, Oldenburg<\/p>\n<p>08\/2016 &#8222;The Town Hall, its Space and the Formation of Urban Identity: the strange Case of Wolfsburg,&#8220; Kongress der European Association for Urban History Reinterpreting Cities, Helsinki<\/p>\n<p>06\/2016 &#8222;Bird&#8217;s Eye:&nbsp;Positions, Spaces, and the hypothetical Body. The Case of Football in the German Empire,&#8220; Tagung&nbsp;Visualities \u2013 Sports, Bodies, and Visual Sources, K\u00f6ln<\/p>\n<p>10\/2015 &#8222;A \u00bbSmall-Scale War\u00ab and its Soldiers: Football and Football Players,&#8220; Tagung \u00bbThe good soldier.\u00ab Ideal, instrument of manipulation or contradiction in itself?, Trondheim<\/p>\n<p>09\/2014 Posterpr\u00e4sentation auf dem Doktorandenforum, 50. Deutscher Historikertag G\u00f6ttingen<\/p>\n<p>04\/2014 &#8222;\u00bbDas ist nicht die richtige Jugend, die bei uns heranw\u00e4chst\u00ab. Das (Er-)Messen von Normalit\u00e4t und Abweichung&#8220;, Stuttgarter Fortbildungsseminar Normalit\u00e4t und Medizin, Institut f\u00fcr Sozialgeschichte der Medizin Stuttgart<\/p>\n<p>03\/2014 &#8222;Die \u00bbschlaffe Jugend\u00ab und der Sport \u2013 Zum Konzept der sportlichen Leistung und des Wettkampfes in der schulischen Erziehung des Deutschen Kaiserreichs&#8220;, Panel Pflicht und Ehrtrieb, 50. Kongress der Deutschen Gesellschaft f\u00fcr Erziehungswissenschaft Berlin<\/p>\n<p>01\/2014 &#8222;Wie wird man Fu\u00dfballer? Ein programmatischer Vorschlag f\u00fcr eine praxeologisch fokussierte Historiographie&#8220;, Workshop Doings, Sayings, Writings III, Universit\u00e4t Oldenburg<\/p>\n<p>07\/2013 &#8222;Visualit\u00e4t &amp; Subjektivierung. Den Fu\u00dfballer ins Bild setzen&#8220;, Workshop Doings, Sayings, Writings II, Universit\u00e4t Oldenburg<\/p>\n<p>04\/2013 &#8222;Fu\u00dfball als pr\u00e4ventive Praxis im deutschen Kaiserreich&#8220;, 32. Stuttgarter Fortbildungsseminar Praktiken von Gesundheit und Krankheit, Institut f\u00fcr Sozialgeschichte der Medizin Stuttgart<\/p>\n<p>12\/2012 &#8222;How to play by the book? Der Fu\u00dfballer in Praxismanualen&#8220;, Workshop Doings, Sayings, Writings I, Universit\u00e4t Oldenburg<\/p>\n<p>11\/2012 &#8222;Das Subjekt des Fu\u00dfballs&#8220;, Nordlichter Tagung, Georg Eckert Institut Braunschweig<\/p>\n<p>11\/2012 &#8222;Just for Kicks? Fu\u00dfball als nationales Projekt im Deutschen Kaiserreich&#8220;, Doktorandentag der Graduiertenschule f\u00fcr Gesellschafts- und Geisteswissenschaften, Universit\u00e4t Oldenburg<\/p>\n<p>06\/2012 &#8222;Spiel und Sport. Zwei unterschiedliche Konzepte um die Jahrhundertwende&#8220;, Vorlesung im Modul Spieltheorien und Spielkonzepte, Deutsche Sporthochschule K\u00f6ln<\/p>\n<p>08\/2011 &#8222;Die \u00bbSch\u00e4den an unserem Volksk\u00f6rper\u00ab und der Fu\u00dfball&#8220;, From Gymnastics to Sports, Jahrestagung der International Society for the History of Sport and Physical Education Frankfurt am Main<\/p>\n<p>04\/2010 &#8222;Von der \u00bbenglischen Krankheit\u00ab zum \u00bbdeutschen M\u00e4nnersport\u00ab. Die Aufnahme der Bewegungspraxis Fu\u00dfball im Deutschland des 19. Jahrhunderts&#8220;, Forschungswerkstatt Praktiken und Praxis, Graduate School of Sociology M\u00fcnster<\/p>\n<p>06\/2009 &#8222;Fu\u00dfball als Instrument zur Gesundung und Gesunderhaltung in England von 1850-1900&#8220;, Geschichte und Geschichten von Gesundheit und Krankheit, Jahrestagung des \u00f6sterreichischen Vereins f\u00fcr Sozialgeschichte der Medizin in Linz<\/p>\n<p>&nbsp;<\/p>\n<p><strong>Miszellen<\/strong><br \/>\n07\/2017 Zweitver\u00f6ffentlichung des&nbsp;Tagungsberichts zu &#8222;Industrial Decline and the Rise of the Service Sector? How did Western Europe and North America cope with the multifaceted structural transformations since the 1970s?&#8220;, in: Bulletin German Historical Insitute Washington 60, 2017 , S. 119-123<\/p>\n<p>12\/2016 Impressionen von der European Association for Urban History Konferenz, in: Informationen zur modernen Stadtgeschichte 2, 2016, S. 149-158<\/p>\n<p>11\/2016 Interview mit Das Archiv. Zeitschrift f\u00fcr Wolfsburger Stadtgeschichte: &#8222;Industriest\u00e4dte nicht \u00fcber einen Kamm scheren&#8220;, in: Ebd., Nr. 3, 2016, S. 10<\/p>\n<p>11\/2016&nbsp;Tagungsbericht zu &#8222;Industrial Decline and the Rise of the Service Sector? How did Western Europe and North America cope with the multifaceted structural transformations since the 1970s? &#8222;, ver\u00f6ffentlicht auf H-Soz-u-Kult<\/p>\n<p>09\/2016 gemeinsam mit Katja Molis: Leitung Workshop zu Michel Foucault auf der Alumni Summer School des Graduiertenkolleg &#8222;Selbst-Bildungen&#8220;, Oldenburg<\/p>\n<p>06\/2016 Abschlusskommentar auf dem 10. Workshop der Erfurter RaumZeit-Forschung&nbsp;\u201eKartographien zeitlicher Dynamik\u201c, Gotha<\/p>\n<p>04\/2016 Interview mit L.I.S.A., dem Wissenschaftsportal der Gerda-Henkel-Stiftung: &#8222;Die Modellierung von M\u00e4nnlichkeit im Fu\u00dfball &#8220;<\/p>\n<p>05\/2013 Interview f\u00fcr die Homepage der Uni Oldenburg: &#8222;Als von Champions League noch niemand sprach &#8220;<\/p>\n<p>04\/2013 Interview f\u00fcr den Podcast: &#8222;Stimmen der Kulturwissenschaft &#8220;<\/p>\n<p>04\/2012 gemeinsam mit Jan Dunzendorfer: Tagungsbericht zu der Tagung &#8222;Sports, Bodies and Subjects. Sports History as the Social and Cultural History of Modernity &#8222;, ver\u00f6ffentlicht auf H-Soz-u-Kult<\/p>\n<h3>Forschung<\/h3>\n<p><strong>Projekte<\/strong><br \/>\n\u00bbWohlstandsinseln\u00ab, \u00bbNotstandsgebiete\u00ab? Die Industriest\u00e4dte Wolfsburg und Wilhelmshaven unter den Vorzeichen von Krisen und Transformationen (Teilprojekt des DFG-Projekts Industriest\u00e4dte \u2013 Krisen, Krisenwahrnehmungen und Entwicklungsalternativen in der zweiten H\u00e4lfte des 20. Jahrhunderts)<br \/>\ndas Teilprojekt: Wilhelmshaven und Wolfsburg sind Industriest\u00e4dte, wie sie unterschiedlicher nicht sein k\u00f6nnten. Wolfsburg galt bereits in den 1950er Jahren dank seiner engen Verbindung zum erfolgreichen Volkswagenwerk als \u201eWohlstands-Insel\u201c und weist aktuell die niedrigste Arbeitslosenquote aller kreisfreien St\u00e4dte in Niedersachsen aus. Wilhelmshaven bildet derzeit in dieser Hinsicht das Schlusslicht und blickt, anders als die monoindustrielle \u201eAutostadt\u201c, auf eine sehr wechselvolle Geschichte verschiedener, \u00fcberwiegend gescheiterter Industrieprojekte zur\u00fcck \u2013 vom \u00d6lhafen \u00fcber den Raffinerie-Komplex bis zum Technologie Centrum Nordwest auf dem ehemaligen AEG\/Olympia-Gel\u00e4nde. Insofern wundert es nicht, dass die Stadt in einem Zeitungsartikel von 1985 als wirtschaftliches \u201eNotstandsgebiet\u201c bezeichnet wurde. Die angedeuteten, sehr unterschiedlichen stadthistorischen Entwicklungen und ihre enge Verschr\u00e4nkung mit den ans\u00e4ssigen Industrien lassen eine vergleichende und kontrastierende Untersuchung von Wilhelmshaven und Wolfsburg vielversprechend erscheinen. Dies gilt umso mehr, wenn der Fokus auf die Untersuchung von Krisen gerichtet wird: Denn nicht nur das \u201eNotstandsgebiet\u201c war von Krisen betroffen, sondern auch die \u201eWohlstands-Insel\u201c, wie sich etwa anhand der Massenentlassungen Mitte der 1970er Jahre im Kontext der \u00d6lpreiskrise zeigen lie\u00dfe.<br \/>\nDas Erkenntnisinteresse der Studie richtet sich somit nicht auf eine Chronologie industrieller Entwicklungen in Wilhelmshaven und Wolfsburg. Ebensowenig sollen Narrative von industriest\u00e4dtischen Auf- und Abstiegen wiederholt werden, die sich durch verschiedene \u00e4ltere stadtgeschichtliche Studien ziehen. Vielmehr steht das komplexe Wechselspiel zwischen Stadt und Industrie unter den besonderen Bedingungen von Krisen im Zentrum. Interessiert man sich f\u00fcr dieses Wechselspiel, so gilt es zum einen die jeweiligen Krisendiagnosen in ihrer Historizit\u00e4t herauszupr\u00e4parieren. Zum anderen m\u00fcssen die (trans-)formativen Effekte von Krisen \u2013 etwa auf den industriest\u00e4dtischen Raum in seinen baulichen, kulturellen, sozialen oder infrastrukturellen Dimensionen \u2013 ber\u00fccksichtigt werden.<br \/>\nDer analytische Fokus der Studie wird daher auf die Trias Krise-Reaktion-Transformation in ihren jeweils konkreten wie symbolischen Ausformungen gerichtet. Diese Konstellation ist als heuristisches Modell in dreierlei Hinsicht vielversprechend:<br \/>\n&#8211; Historiographisch erlaubt es, sozialhistorische Ans\u00e4tze mit solchen aus dem Bereich der Neuen Kulturgeschichte zu vermitteln. Es k\u00f6nnen zugleich Fragen nach sozialhistorischen Kernthemen (etwa (Arbeits-)M\u00e4rkten, sozialen Beziehungen oder sozio-politischen Interventionen) gestellt sowie kulturhistorische Foki (etwa Medialisierung von Krisen, Praktiken des Umgangs mit Krisen oder Transformationen des (Stadt-)Raums) ber\u00fccksichtigt werden.<br \/>\n&#8211; Analytisch bietet es eine Grundlage f\u00fcr den Vergleich zwischen den beiden St\u00e4dten und erm\u00f6glicht es, Bez\u00fcge zu allgemeineren historischen Formationen herzustellen. Auf diese Weise stehen weder zwei isolierte Einzelstudien noch der simple Vergleich von zwei St\u00e4dten im Zentrum. Vielmehr sollen die Verh\u00e4ltnisse zwischen den jeweiligen st\u00e4dtischen Mikroebenen, ihrer Gemeinsamkeiten und Unterschiede sowie ihrer Verflechtungen mit historischen Prozessen gr\u00f6\u00dferer Reichweite untersucht werden.<br \/>\n&#8211; Forschungspraktisch erm\u00f6glicht das Modell eine konzentrierte Umsetzung der Studie. Es h\u00e4lt das Projekt gleichzeitig offen f\u00fcr neue Erkenntnisse sowie notwendig fokussiert f\u00fcr Quellenrecherche und -auswertung.<\/p>\n<p><strong>Das Gesamtprojekt:<\/strong> Es handelt sich um ein Kooperationsprojekt des Lehrstuhls f\u00fcr Neuere Sozial-, Wirtschafts- und Technikgeschichte, Helmut-Schmidt-Universit\u00e4t Hamburg (<abbr title=\"Professor\">Prof.<\/abbr> <abbr title=\"Doktor\">Dr.<\/abbr> Martina He\u00dfler) und des Lehrstuhls f\u00fcr Kultur- und Mediengeschichte, Universit\u00e4t des Saarlandes (<abbr title=\"Professor\">Prof.<\/abbr> <abbr title=\"Doktor\">Dr.<\/abbr> Clemens Zimmermann).<br \/>\nIndustriest\u00e4dte waren und sind stets an die Konjunkturen ihrer Industrien gekoppelt. Zentral f\u00fcr die Geschichte westlicher Industriest\u00e4dte in der zweiten H\u00e4lfte des 20. Jahrhunderts ist das Thema der Deindustrialisierung und Schrumpfung von St\u00e4dten. Industriest\u00e4dte als Ort von Kohle, Eisen und Stahl oder der Massenproduktion, wie sie seit dem 19. Jahrhundert in allen Industrienationen entstanden, gelten, zumindest in der westlichen Welt, meist schon als historisches Ph\u00e4nomen. Im von der Deutschen Forschungsgemeinschaft gef\u00f6rderten Projekt \u00bbIndustriest\u00e4dte \u2013 Krisen, Krisenwahrnehmungen und Entwicklungsalternativen in der zweiten H\u00e4lfte des 20. Jahrhunderts\u00ab \u2013 einer Kooperation des Lehrstuhls f\u00fcr Neuere Sozial-, Wirtschafts- und Technikgeschichte mit dem Lehrstuhl f\u00fcr Kultur- und Mediengeschichte der Universit\u00e4t des Saarlandes \u2013 soll das simple Bild vom Niedergang westlicher Industriest\u00e4dte differenziert werden. Das Projekt kn\u00fcpft an die bisherigen Forschungsaktivit\u00e4ten der beiden Lehrst\u00fchle zu Industriest\u00e4dten und Autost\u00e4dten an.<br \/>\nIm Fokus der Untersuchungen stehen nicht allein Deindustrialisierung und Schrumpfung, sondern sowohl Niedergangs- als auch Transformationsprozesse. Es sollen erstmals umfassend st\u00e4dtische Krisenwahrnehmungen sowie Strategien im Umgang mit Krisen in der zweiten H\u00e4lfte des 20. Jahrhunderts in unterschiedlichen Stadttypen (Autostadt, Stahlstadt, Hafenstadt) untersucht werden. Gefragt wird nach der F\u00e4higkeit der St\u00e4dte, Probleme zu l\u00f6sen und Ver\u00e4nderungen zu begegnen <abbr title=\"beziehungsweise\">bzw.<\/abbr> nach den Faktoren, die dies erschweren oder verhindern. Dabei soll die These der Pfadabh\u00e4ngigkeit st\u00e4dtischer Entwicklung in heuristischer Weise angewandt werden, um die Frage nach Persistenz und Resilienz von Stadtentwicklung zu kl\u00e4ren.<br \/>\nDas Projekt geht \u00fcber die Fokussierung der Forschung auf die zwei Akteure \u201eWerk\u201c und \u201eStadt\u201c hinaus und bezieht breitere Akteurskonstellationen mit ein, etwa auch die Rolle von Gewerkschaften, lokalen Medien, B\u00fcrgerinitiativen und der Bev\u00f6lkerung, wie sie sich in der medialisierten \u00d6ffentlichkeit und in st\u00e4dtischen Foren artikulierte. Des Weiteren werden Stadtrepr\u00e4sentationen und deren Bedeutung f\u00fcr die Krisenwahrnehmung und -strategien untersucht.<\/p>\n<p><strong>Das Subjekt des Fu\u00dfballs.<\/strong> Eine Geschichte bewegter K\u00f6rper im Kaiserreich&#8220; (abgeschlossen 2015, erschienen im transcript-Verlag Bielefeld)<br \/>\naus der Verlagsank\u00fcndigung: Fu\u00dfball ist im Deutschland der Gegenwart ein schwer vermeidbares Thema. J\u00f6rn Eiben zeigt, dass dies vor \u00fcber 100 Jahren noch anders war. Er lotet die Bedingungen aus, unter denen im Deutschen Kaiserreich \u00fcber den Fu\u00dfball gesprochen wurde. In diesem Zusammenhang waren sowohl Debatten \u00fcber sein F\u00fcr und Wider als auch Beobachtungen konkreter Fu\u00dfballspiele zentral. In beiden F\u00e4llen bildeten die Bereiche Gesundheit, M\u00e4nnlichkeit, Milit\u00e4rtauglichkeit und nationale Gemeinschaft wesentliche Bezugspunkte. Anhand des Fu\u00dfballs wurden also Themen verhandelt, die im Kaiserreich ohnehin prominent diskutiert wurden. Die Studie richtet ihren Blick somit nicht nur auf den Fu\u00dfball im Deutschen Kaiserreich, sondern zugleich auf das Kaiserreich selbst.<\/p>\n<p><strong>Forschungsschwerpunkte<\/strong><br \/>\nGeschichte des 19. und 20. Jahrhunderts<br \/>\nNeuere Kulturgeschichte<br \/>\nGeschichte des K\u00f6rpers; Visual History<br \/>\nGeschlechtergeschichte<br \/>\nGeschichte des Sports<br \/>\nDiskursanalyse<br \/>\nSubjekt- und Praxistheorien<\/p>\n<h3>\u00c4mter und Mitgliedschaften<\/h3>\n<p>Verband der Historiker und Historikerinnen Deutschlands<br \/>\nGesellschaft f\u00fcr Stadtgeschichte und Urbanisierungsforschung<br \/>\nArbeitskreis Geschichte + Theorie<br \/>\nBerater und Ansprechpartner &#8222;Netzwerk Geschichte&#8220; der Hans-B\u00f6ckler-Stiftung<br \/>\nAlumnus DFG-Graduiertenkolleg 1608\/1 &#8222;Selbst-Bildungen. Praktiken der Subjektivierung in historischer und interdisziplin\u00e4rer Perspektive&#8220;<br \/>\nMitglied des akademischen Senats der Helmut-Schmidt-Universit\u00e4t<br \/>\nMitglied des Senatsausschusses f\u00fcr Chancengleichheit<br \/>\nGutachter f\u00fcr verschiedene Peer-Review-Journals<\/p>\n","protected":false},"excerpt":{"rendered":"<p>Kontakt Joern.Eiben@gmail.com &nbsp; CV 11\/2015-04\/2019 wissenschaftlicher Mitarbeiter an der Professur f\u00fcr Neuere Sozial-, Wirtschafts- und Technikgeschichte (DFG-Projekt: &#8222;Industriest\u00e4dte&#8220;) 12\/2015 Abschluss des Promotionsverfahrens an der Fakult\u00e4t IV, Human- und Gesellschaftswissenschaften, Carl [&hellip;]<\/p>\n","protected":false},"author":111,"featured_media":0,"parent":0,"menu_order":0,"comment_status":"closed","ping_status":"closed","template":"","meta":{"footnotes":""},"categories":[8],"tags":[],"class_list":["post-145","page","type-page","status-publish","hentry","category-team"],"_links":{"self":[{"href":"https:\/\/www.hsu-hh.de\/histec\/wp-json\/wp\/v2\/pages\/145","targetHints":{"allow":["GET"]}}],"collection":[{"href":"https:\/\/www.hsu-hh.de\/histec\/wp-json\/wp\/v2\/pages"}],"about":[{"href":"https:\/\/www.hsu-hh.de\/histec\/wp-json\/wp\/v2\/types\/page"}],"author":[{"embeddable":true,"href":"https:\/\/www.hsu-hh.de\/histec\/wp-json\/wp\/v2\/users\/111"}],"replies":[{"embeddable":true,"href":"https:\/\/www.hsu-hh.de\/histec\/wp-json\/wp\/v2\/comments?post=145"}],"version-history":[{"count":13,"href":"https:\/\/www.hsu-hh.de\/histec\/wp-json\/wp\/v2\/pages\/145\/revisions"}],"predecessor-version":[{"id":932,"href":"https:\/\/www.hsu-hh.de\/histec\/wp-json\/wp\/v2\/pages\/145\/revisions\/932"}],"wp:attachment":[{"href":"https:\/\/www.hsu-hh.de\/histec\/wp-json\/wp\/v2\/media?parent=145"}],"wp:term":[{"taxonomy":"category","embeddable":true,"href":"https:\/\/www.hsu-hh.de\/histec\/wp-json\/wp\/v2\/categories?post=145"},{"taxonomy":"post_tag","embeddable":true,"href":"https:\/\/www.hsu-hh.de\/histec\/wp-json\/wp\/v2\/tags?post=145"}],"curies":[{"name":"wp","href":"https:\/\/api.w.org\/{rel}","templated":true}]}}