{"id":1416,"date":"2023-09-05T10:39:30","date_gmt":"2023-09-05T08:39:30","guid":{"rendered":"https:\/\/www.hsu-hh.de\/histec\/?page_id=1416"},"modified":"2024-04-09T10:11:29","modified_gmt":"2024-04-09T08:11:29","slug":"mona-bieling","status":"publish","type":"page","link":"https:\/\/www.hsu-hh.de\/histec\/mona-bieling","title":{"rendered":"Mona Bieling"},"content":{"rendered":"\n<h2 class=\"wp-block-heading\">Kontakt<\/h2>\n\n\n<script type=\"application\/ld+json\">[{\"@context\": \"https:\/\/www.schema.org\",\"@type\": \"Person\",\"name\": \"Mona Bieling\",\"worksFor\": [{\t\"@type\": \"Organization\",\t\"name\": \"Helmut-Schmidt-Universit\u00e4t\",\t\"url\": \"https:\/\/www.hsu-hh.de\"\t, \"department\": {\"@type\": \"Organization\",\t\t\t\t\t\"name\": \"Wissensgeschichte moderner Gesellschaften\",\t\t\t\t\t\"location\": {\t\t\t\t\t\t\"@type\": \"PostalAddress\",\t\t\t\t\t\t\"addressLocality\": \"\",        \t\t\t\t\"postalCode\": \"22043\",        \t\t\t\t\"streetAddress\": \"Holstenhofweg 85 , Geb\u00e4ude H1\"\t\t\t\t\t}},\t\"location\": {\t\t\"@type\": \"PostalAddress\",    \t\"addressLocality\": \"\",    \t\"postalCode\": \"22008\",    \t\"postOfficeBoxNumber\": \"700822\"\t}   }],\"image\": \"https:\/\/www.hsu-hh.de\/histec\/wp-content\/uploads\/sites\/734\/2023\/10\/Profilbild-Bieling-150x150.jpg\",\"telephone\": \"+49406541-2564\",\"faxNumber\": \"\",\"email\": \"bielingm@hsu-hh.de\"}]<\/script><div class=\"clearfix\"><\/div><div class=\"ansprechparter-container \" style=\"margin-top:1em; \"><div class=\"row ansprechpartner-item ansprechparter-header\" ><div class=\"col-xs-8 col-lg-12\" style=\"margin-bottom: 30px;\"><h3 class=\"ansprechparter-headline\">Mona Bieling<\/h3><\/div><\/div><div class=\"col-md-4 col-lg-3 col-xs-4 ansprechpartner-item floatright img-circle center-block\" style=\"margin-bottom: 30px;\"><div class=\"img-responsive-wrapper\"><img decoding=\"async\" src=\"https:\/\/www.hsu-hh.de\/histec\/wp-content\/uploads\/sites\/734\/2023\/10\/Profilbild-Bieling-150x150.jpg\" alt=\"\" class=\"img-circle img-responsive center-block\" \/><\/div><\/div><div class=\"col-md-12 col-lg-3 col-xs-12 ansprechpartner-item kontakt floatright\" style=\"margin-bottom: 30px; \"><div class=\"row\"><div class=\"col-xs-12 col-sm-6 col-lg-12\"><div class=\"row\"><div class=\"col-xs-4 col-lg-4 row-text bold\" >Raum:<\/div><div class=\" row-text\">2213<\/div><\/div><\/div><div class=\"col-xs-12 col-sm-6 col-lg-12\"><div class=\"row\"><div class=\"col-xs-4 col-lg-4 row-text bold\">Telefon:<\/div><div class=\" row-text\">+49406541-2564<\/div><\/div><\/div><div class=\"col-xs-12 col-sm-6 col-lg-12\"><div class=\"row\"><div class=\"col-xs-4 col-lg-4 row-text bold\">E-Mail:<\/div><div class=\"row-text\" style=\"overflow:hidden; word-break: break-word\"><a href=\"mailto:bielingm@hsu-hh.de\" rel=\"nofollow\">bielingm@hsu-hh.de<\/a><\/div><\/div><\/div><\/div><\/div><div class=\"col-md-6 col-lg-3 col-xs-12 ansprechpartner-item anschrift floatright\" ><div class=\"row-headline\">Besucheranschrift<\/div><div class=\"dataBesucheranschrift\" style=\"\"><div class=\"row-text\">Helmut-Schmidt-Universit\u00e4t<\/div><div class=\"row-text\">Geb\u00e4ude H1<\/div><div class=\"row-text\">Holstenhofweg 85<\/div><div class=\"row-text\">22043 Hamburg<\/div><\/div><\/div><div class=\"col-md-6 col-lg-3 col-xs-12 ansprechpartner-item anschrift floatright\"><div class=\"row-headline\">Postanschrift<\/div><div class=\"dataPostanschrift\" style=\"\"><div class=\"row-text\">Helmut-Schmidt-Universit\u00e4t<\/div><div class=\"row-text\">Fakult\u00e4t f\u00fcr Geistes und Sozialwissenschaften<\/div><div class=\"row-text\">Wissensgeschichte moderner Gesellschaften<\/div><div class=\"row-text\">Postfach 70 08 22<\/div><div class=\"row-text\">22008 Hamburg<\/div><\/div><\/div><\/div><div class=\"clearfix\"><\/div>\n\n\n<div style=\"height:30px\" aria-hidden=\"true\" class=\"wp-block-spacer\"><\/div>\n\n\n\n<h2 class=\"wp-block-heading\">Biogramm<\/h2>\n\n\n\n<p>Mona Bieling hat Sprach- und Kulturwissenschaften sowie Internationale Geschichte und Politik in den Niederlanden, der Schweiz, Israel und \u00c4gypten studiert. In ihrem Dissertationsprojekt \u201eLandscape and Power in Mandate Palestine, 1917-1948\u201c hat sie zu den Verflechtungen zwischen Umwelt- und Kolonialgeschichte geforscht. W\u00e4hrend ihrer Promotion war sie als Research und Teaching Assistant angestellt. Sie beendete ihre Promotion als Landhaus Fellow am Rachel Carson Center for Environment and Society. Seit September 2023 ist sie wissenschaftliche Mitarbeiterin an der Professur f\u00fcr Wissensgeschichte moderner Gesellschaften an der <abbr title=\"Helmut Schmidt Universit\u00e4t\">HSU<\/abbr>. Ihre Forschungsinteressen umfassen <abbr title=\"unter anderem\">u.a.<\/abbr> die Kolonial- und Umweltgeschichte, Geschichte des Wissenstransfers, Geschichte des Zionismus und des modernen Israel und Pal\u00e4stinas.<\/p>\n\n\n\n\n\n\n\n<h3>CV<\/h3>\n\n\n\n<p><strong>2023-heute<\/strong><\/p>\n\n\n\n<p>Wissenschaftliche Mitarbeiterin (Postdoc) an der Helmut-Schmidt-Universit\u00e4t\/Universit\u00e4t der Bundeswehr Hamburg<\/p>\n\n\n\n<div style=\"height:15px\" aria-hidden=\"true\" class=\"wp-block-spacer\"><\/div>\n\n\n\n<p><strong>2022-2023<\/strong><\/p>\n\n\n\n<p>Landhaus Fellow, Rachel Carson Center for Environment and Society, LMU M\u00fcnchen<\/p>\n\n\n\n<div style=\"height:15px\" aria-hidden=\"true\" class=\"wp-block-spacer\"><\/div>\n\n\n\n<p><strong>2020-2022<\/strong><\/p>\n\n\n\n<p>Teaching Assistant, Geneva Graduate Institute (Schweiz)<\/p>\n\n\n\n<div style=\"height:15px\" aria-hidden=\"true\" class=\"wp-block-spacer\"><\/div>\n\n\n\n<p><strong>2017-2020<\/strong><\/p>\n\n\n\n<p>Research Assistant, Geneva Graduate Institute (Schweiz)<br>Mitarbeit im Projekt \u201cThe Myth of Homogeneity: Minority Protection and Assimilation in Western Europe, 1919-1939\u201d<\/p>\n\n\n\n<div style=\"height:15px\" aria-hidden=\"true\" class=\"wp-block-spacer\"><\/div>\n\n\n\n<p><strong>2017-2023<\/strong><\/p>\n\n\n\n<p>Promotion, Geneva Graduate Institute (Schweiz)<\/p>\n\n\n\n<p>Dissertationstitel: \u201cLandscape and Power in Mandate Palestine, 1917-1948\u201d<\/p>\n\n\n\n<div style=\"height:15px\" aria-hidden=\"true\" class=\"wp-block-spacer\"><\/div>\n\n\n\n<p><strong>2016<\/strong><\/p>\n\n\n\n<p>Studium an der American University in Cairo (\u00c4gypten), School of Global Affairs and Public Policy<\/p>\n\n\n\n<div style=\"height:15px\" aria-hidden=\"true\" class=\"wp-block-spacer\"><\/div>\n\n\n\n<p><strong>2015-2017<\/strong><\/p>\n\n\n\n<p>Masterstudium, Internationale Geschichte und Politik, Geneva Graduate Institute (Schweiz)<\/p>\n\n\n\n<div style=\"height:15px\" aria-hidden=\"true\" class=\"wp-block-spacer\"><\/div>\n\n\n\n<p><strong>2014-2015<\/strong><\/p>\n\n\n\n<p>Studium an der Universit\u00e4t Haifa (Israel), International School<\/p>\n\n\n\n<div style=\"height:15px\" aria-hidden=\"true\" class=\"wp-block-spacer\"><\/div>\n\n\n\n<p><strong>2012-2015<\/strong><\/p>\n\n\n\n<p>Bachelorstudium, Sprach- und Kulturwissenschaften, Universit\u00e4t Utrecht (Niederlande)<\/p>\n\n\n\n<p>Schwerpunkte: Politische Geschichte und internationale Beziehungen, Religion und Kultur<\/p>\n\n\n\n\n\n\n\n<h3>Publikationen<\/h3>\n\n\n\n<p><strong>Sammelband<\/strong><\/p>\n\n\n\n<p><em>Sovereignty, Nationalism, and the Quest for Homogeneity in Interwar Europe.<\/em> Eds. Emmanuel Dalle Mulle, Davide Rodogno and Mona Bieling. Bloomsbury, 2023. (siehe <a href=\"https:\/\/www.bloomsbury.com\/us\/sovereignty-nationalism-and-the-quest-for-homogeneity-in-interwar-europe-9781350263383\/\" data-type=\"link\" data-id=\"https:\/\/www.bloomsbury.com\/us\/sovereignty-nationalism-and-the-quest-for-homogeneity-in-interwar-europe-9781350263383\/\" rel='nofollow'>Link<\/a>)<\/p>\n\n\n\n<div style=\"height:15px\" aria-hidden=\"true\" class=\"wp-block-spacer\"><\/div>\n\n\n\n<p><strong>Kapitel<\/strong><\/p>\n\n\n\n<p>\u201cIntroduction.\u201d Mit Emmanuel Dalle Mulle und Davide Rodogno. In: <em>Sovereignty,<\/em> <em>Nationalism, and the Quest for Homogeneity in Interwar Europe.<\/em> <abbr title=\"Herausgeber\">Hrsg.<\/abbr> Emmanuel Dalle Mulle, Davide Rodogno und Mona Bieling. Bloomsbury, 2023.<\/p>\n\n\n\n<p>\u201cSovereignty and Homogeneity: A History of Majority-Minority Relations in Interwar Western Europe.\u201d Mit Emmanuel Dalle Mulle. In: <em>Sovereignty, Nationalism, and the Quest for Homogeneity in Interwar Europe.<\/em> <abbr title=\"Herausgeber\">Hrsg.<\/abbr> Emmanuel Dalle Mulle, Davide Rodogno und Mona Bieling. Bloomsbury, 2023.<\/p>\n\n\n\n<div style=\"height:15px\" aria-hidden=\"true\" class=\"wp-block-spacer\"><\/div>\n\n\n\n<p><strong>Aufs\u00e4tze (peer reviewed)<\/strong><\/p>\n\n\n\n<p>\u201cAutonomy over Independence: Self-Determination in Catalonia, Flanders, and South Tyrol in the Aftermath of the Great War,\u201d mit Emmanuel Dalle Mulle, <em>European History<\/em> <em>Quarterly<\/em> 2023, European History Quarterly 53.4 (2023): 641-663. (siehe <a href=\"https:\/\/journals.sagepub.com\/doi\/epdf\/10.1177\/02656914231198182\" data-type=\"link\" data-id=\"https:\/\/journals.sagepub.com\/doi\/epdf\/10.1177\/02656914231198182\" rel='nofollow'>Link<\/a>)<\/p>\n\n\n\n<p>\u201cHebrew University\u2019s Botanical Gardens: A Source in Scientific Knowledge Creation in MandatoryPalestine,\u201d <em>Mashriq &amp; Mahjar<\/em> 9.2 (2022): 42-55. (siehe <a href=\"https:\/\/lebanesestudies.ojs.chass.ncsu.edu\/index.php\/mashriq\/article\/view\/338\/726\" rel='nofollow'>Link<\/a>)<\/p>\n\n\n\n<p>\u201cBritish Environmental Orientalism and the Palestinian Goat, 1917-1948,\u201d <em>Diy\u00e2r.<\/em> <em>Journal of Ottoman, Turkish and Middle Eastern Studies <\/em>3.1 (2022): 67-84. (siehe <a href=\"https:\/\/www.nomos-elibrary.de\/10.5771\/2625-9842-2022-1\/diyar-jahrgang-3-2022-heft-1?page=1\" rel='nofollow'>Link<\/a>)<\/p>\n\n\n\n<p>\u201cThe Ambivalent Legacy of Minority Protection for Human Rights,\u201d mit Emmanuel Dalle Mulle, <em>Schweizerische Zeitschrift f\u00fcr Geschichte<\/em>, 71.2 (2021): 267-290. (siehe <a href=\"https:\/\/www.sgg-ssh.ch\/sites\/default\/files\/szg_pdf\/003_dallemulle_bieling_szg_2_2021.pdf\" rel='nofollow'>Link<\/a>)<\/p>\n\n\n\n<p>\u201cPalestine Potash Limited: Industrial Development in Mandatory Palestine and the Infrastructure of Zionism,\u201d <em>TRAFO \u2013 Blog for Transregional Research<\/em>, 08 September 2021. (siehe <a href=\"https:\/\/trafo.hypotheses.org\/30714\" rel='nofollow'>Link<\/a>)<\/p>\n\n\n\n\n\n\n\n<h3>Forschung<\/h3>\n\n\n\n<h1 class=\"wp-block-heading has-text-align-center\">\u201eLandscape and Power in Mandate Palestine, 1917-1948\u201d<\/h1>\n\n\n\n<div style=\"height:16px\" aria-hidden=\"true\" class=\"wp-block-spacer\"><\/div>\n\n\n<div class=\"wp-block-image\">\n<figure class=\"aligncenter size-full is-resized\"><img loading=\"lazy\" decoding=\"async\" width=\"438\" height=\"438\" src=\"https:\/\/www.hsu-hh.de\/histec\/wp-content\/uploads\/sites\/734\/2023\/10\/Haifa-harbor_Library-of-Congress_public-domain-e1696933215484.jpg\" data-credit=\"Haifa-harbor_Library-of-Congress_public-domain.jpg\" alt=\"Haifa-harbor_Library-of-Congress_public-domain.jpg\" class=\"wp-image-1437\" style=\"width:438px;height:438px\" srcset=\"https:\/\/www.hsu-hh.de\/histec\/wp-content\/uploads\/sites\/734\/2023\/10\/Haifa-harbor_Library-of-Congress_public-domain-e1696933215484.jpg 438w, https:\/\/www.hsu-hh.de\/histec\/wp-content\/uploads\/sites\/734\/2023\/10\/Haifa-harbor_Library-of-Congress_public-domain-e1696933215484-300x300.jpg 300w, https:\/\/www.hsu-hh.de\/histec\/wp-content\/uploads\/sites\/734\/2023\/10\/Haifa-harbor_Library-of-Congress_public-domain-e1696933215484-150x150.jpg 150w, https:\/\/www.hsu-hh.de\/histec\/wp-content\/uploads\/sites\/734\/2023\/10\/Haifa-harbor_Library-of-Congress_public-domain-e1696933215484-100x100.jpg 100w\" sizes=\"auto, (max-width: 438px) 100vw, 438px\" \/><\/figure>\n<\/div>\n\n\n<div style=\"height:15px\" aria-hidden=\"true\" class=\"wp-block-spacer\"><\/div>\n\n\n\n<p>Dieses Projekt untersucht drei verschiedene Landschaftsver\u00e4nderungen, die w\u00e4hrend des britischen Mandats f\u00fcr Pal\u00e4stina (1917-1948) stattfanden, um zu zeigen, wie Umweltpraktiken die Machtverh\u00e4ltnisse zwischen der britischen Mandatsregierung, der zionistischen Bewegung und der arabisch-pal\u00e4stinensischen Bev\u00f6lkerung beeinflussten.<\/p>\n\n\n\n<p>Die Studie zeigt auf, wie wichtig es ist, die Perspektive der Umweltgeschichte auf Imperien, kolonisierte R\u00e4ume und Konfliktgebiete anzuwenden, und f\u00fcgt zu einer relativ neuen Forschungsdimension des pal\u00e4stinensischen Mandatsgebiets hinzu. Sie kommt zu dem Schluss, dass vom Menschen verursachte Landschaftsver\u00e4nderungen im Mandatsgebiet Pal\u00e4stina sowohl die zionistisch-arabischen als auch die zionistisch-britischen Beziehungen beeinflussten, indem sie Macht manifestierten und \u00fcbertrugen und tieferliegende kulturelle \u00dcberzeugungen und politische Ziele offenlegten. Sowohl die zionistische Ideologie als auch die britische imperiale Weltanschauung haben sich beispielsweise durch Aufforstungs- und Bodenerosionspolitik in der pal\u00e4stinensischen Umwelt eingepr\u00e4gt. Diese Argumente werden auf der Grundlage von drei Fallstudien entwickelt, die jeweils einzigartige, aber sich \u00fcberschneidende Dynamiken hervorheben: Landgewinnungstechniken, die industrielle Entwicklung des Toten Meeres und den Botanischen Garten der Hebr\u00e4ischen Universit\u00e4t Jerusalem.<\/p>\n\n\n\n<p>Die erste Fallstudie zu Landgewinnungstechniken erg\u00e4nzt die Literatur \u00fcber die Auswirkungen der kolonialen Sesshaftmachungspolitik auf lokale Nomadenv\u00f6lker und zeigt gleichzeitig das begrenzte Verst\u00e4ndnis westlicher Kolonisatoren f\u00fcr aride Landschaften und Vorstellungen hinsichtlich deren angeblichen Verbesserung. Die zweite Fallstudie zum Mineralienabbau am Toten Meer zeigt die Auswirkungen dieser industriellen Entwicklung auf Landschaften und lokale Lebensweisen sowie die Bedeutung der Vernetzung von Infrastrukturen. Die letzte Fallstudie zum Botanischen Garten der Hebr\u00e4ischen Universit\u00e4t Jerusalem untersucht die Transnationalit\u00e4t der Umwelt, indem sie Netzwerke und Austausch von Menschen und ihrem Wissen sowie von Pflanzen und Samen nachzeichnet.<\/p>\n\n\n\n<p>Dieses Projekt zeigt die Vorteile einer gemeinsamen Lekt\u00fcre der verschiedenen Arten von Ver\u00e4nderungen \u2013 bezogen auf Tiere, B\u00e4ume und Pflanzen, aber auch Bodensch\u00e4tze, Industrie, Infrastruktur und die Schaffung wissenschaftlicher Erkenntnisse. Ver\u00e4nderungen in der Landschaft wirkten sich auf menschliche Machtverh\u00e4ltnisse aus, da sie das Potenzial hatten Menschengruppen entweder zu st\u00e4rken, marginalisieren, entrechten oder vertreiben. Dar\u00fcber hinaus halfen diese Ver\u00e4nderungen den Zionisten und britischen Mandatstr\u00e4gern, Wissensanspr\u00fcche geltend zu machen, Land zu \u00fcbernehmen und sich gem\u00e4\u00df den europ\u00e4ischen Kolonialidealen zu \u201emodernisieren\u201c und zu \u201eentwickeln\u201c. Schlie\u00dflich k\u00f6nnen die verschiedenen Strategien zur Ver\u00e4nderung der Landschaft durch gemeinsame Ideale, durch Akteure oder durch die eingef\u00fchrten materiellen Ver\u00e4nderungen miteinander verbunden sein.<\/p>\n\n\n\n\n\n\n\n\n","protected":false},"excerpt":{"rendered":"<p>Kontakt Biogramm Mona Bieling hat Sprach- und Kulturwissenschaften sowie Internationale Geschichte und Politik in den Niederlanden, der Schweiz, Israel und \u00c4gypten studiert. In ihrem Dissertationsprojekt \u201eLandscape and Power in Mandate [&hellip;]<\/p>\n","protected":false},"author":2503,"featured_media":0,"parent":0,"menu_order":0,"comment_status":"closed","ping_status":"closed","template":"","meta":{"footnotes":""},"categories":[8],"tags":[],"class_list":["post-1416","page","type-page","status-publish","hentry","category-team"],"_links":{"self":[{"href":"https:\/\/www.hsu-hh.de\/histec\/wp-json\/wp\/v2\/pages\/1416","targetHints":{"allow":["GET"]}}],"collection":[{"href":"https:\/\/www.hsu-hh.de\/histec\/wp-json\/wp\/v2\/pages"}],"about":[{"href":"https:\/\/www.hsu-hh.de\/histec\/wp-json\/wp\/v2\/types\/page"}],"author":[{"embeddable":true,"href":"https:\/\/www.hsu-hh.de\/histec\/wp-json\/wp\/v2\/users\/2503"}],"replies":[{"embeddable":true,"href":"https:\/\/www.hsu-hh.de\/histec\/wp-json\/wp\/v2\/comments?post=1416"}],"version-history":[{"count":13,"href":"https:\/\/www.hsu-hh.de\/histec\/wp-json\/wp\/v2\/pages\/1416\/revisions"}],"predecessor-version":[{"id":1587,"href":"https:\/\/www.hsu-hh.de\/histec\/wp-json\/wp\/v2\/pages\/1416\/revisions\/1587"}],"wp:attachment":[{"href":"https:\/\/www.hsu-hh.de\/histec\/wp-json\/wp\/v2\/media?parent=1416"}],"wp:term":[{"taxonomy":"category","embeddable":true,"href":"https:\/\/www.hsu-hh.de\/histec\/wp-json\/wp\/v2\/categories?post=1416"},{"taxonomy":"post_tag","embeddable":true,"href":"https:\/\/www.hsu-hh.de\/histec\/wp-json\/wp\/v2\/tags?post=1416"}],"curies":[{"name":"wp","href":"https:\/\/api.w.org\/{rel}","templated":true}]}}