{"id":1332,"date":"2023-03-08T08:04:44","date_gmt":"2023-03-08T07:04:44","guid":{"rendered":"https:\/\/www.hsu-hh.de\/histec\/?page_id=1332"},"modified":"2023-03-08T08:04:45","modified_gmt":"2023-03-08T07:04:45","slug":"news-archive","status":"publish","type":"page","link":"https:\/\/www.hsu-hh.de\/histec\/en\/news-archive","title":{"rendered":"News archive"},"content":{"rendered":"\n<h2 class=\"wp-block-heading\"><strong>New Publication:<\/strong><\/h2>\n\n\n\n<ul class=\"wp-block-list\">\n<li>Andreas Wei\u00df mit Maria Framke: Forum: Zur Rolle der Nation in der Geschichtsschreibung des 21. Jahrhunderts, in: H-Soz-Kult, 08.09.2021. Link: <a href=\"https:\/\/www.hsozkult.de\/debate\/id\/diskussionen-5272\" rel='nofollow'>https:\/\/www.hsozkult.de\/debate\/id\/diskussionen-5272<\/a><\/li>\n<\/ul>\n\n\n\n<div style=\"height:15px\" aria-hidden=\"true\" class=\"wp-block-spacer\"><\/div>\n\n\n\n<ul class=\"wp-block-list\">\n<li>Andreas Wei\u00df: Auf der Suche nach dem S\u00fcden: Die Europ\u00e4ischen Gemeinschaften und ihr Blick nach S\u00fcden in den 1970er und 1980er Jahren, in: Dinkel, J\u00fcrgen; Fiebrig, Steffen; Reichherzer, Frank (<abbr title=\"Herausgeber\">Hrsg.<\/abbr>): Nord\/S\u00fcd. Perspektiven auf eine globale Konstellation. Berlin: De Gruyter Oldenbourg, 2020, S. 65\u201384.                                                                                                                                                              Link: <a href=\"https:\/\/www.degruyter.com\/document\/doi\/10.1515\/9783110682625-004\/html\" rel='nofollow'>Auf der Suche nach dem S\u00fcden: Die Europ\u00e4ischen Gemeinschaften und ihr Blick nach S\u00fcden in den 1970er und 1980er Jahren (degruyter.com)<\/a><\/li>\n<\/ul>\n\n\n\n<div style=\"height:15px\" aria-hidden=\"true\" class=\"wp-block-spacer\"><\/div>\n\n\n\n<ul class=\"wp-block-list\">\n<li>Dicker als Wasser : Mit Christopher Neumaier \u00fcber die Geschichte der Familie im 20. Jahrhundert: <a href=\"https:\/\/dasneue.berlin\/2020\/01\/27\/dicker-als-wasser\/\" rel='nofollow'>Hier<\/a>&nbsp;zu h\u00f6ren!<\/li>\n<\/ul>\n\n\n\n<div style=\"height:15px\" aria-hidden=\"true\" class=\"wp-block-spacer\"><\/div>\n\n\n\n<ul class=\"wp-block-list\">\n<li>Christopher Neumaier: Der Diesel in den USA und Deutschland \u2013 Ein Motor auf den letzten Metern                                                          Link: <a href=\"https:\/\/www.deutschlandfunkkultur.de\/der-diesel-in-den-usa-und-deutschland-ein-motor-auf-den-100.html\" rel='nofollow'>Der Diesel in den USA und Deutschland &#8211; Ein Motor auf den letzten Metern | deutschlandfunkkultur.de<\/a><\/li>\n<\/ul>\n","protected":false},"excerpt":{"rendered":"<p>New Publication:<\/p>\n","protected":false},"author":2503,"featured_media":0,"parent":0,"menu_order":0,"comment_status":"closed","ping_status":"closed","template":"","meta":{"footnotes":""},"categories":[4],"tags":[],"class_list":["post-1332","page","type-page","status-publish","hentry","category-forschung"],"_links":{"self":[{"href":"https:\/\/www.hsu-hh.de\/histec\/wp-json\/wp\/v2\/pages\/1332","targetHints":{"allow":["GET"]}}],"collection":[{"href":"https:\/\/www.hsu-hh.de\/histec\/wp-json\/wp\/v2\/pages"}],"about":[{"href":"https:\/\/www.hsu-hh.de\/histec\/wp-json\/wp\/v2\/types\/page"}],"author":[{"embeddable":true,"href":"https:\/\/www.hsu-hh.de\/histec\/wp-json\/wp\/v2\/users\/2503"}],"replies":[{"embeddable":true,"href":"https:\/\/www.hsu-hh.de\/histec\/wp-json\/wp\/v2\/comments?post=1332"}],"version-history":[{"count":1,"href":"https:\/\/www.hsu-hh.de\/histec\/wp-json\/wp\/v2\/pages\/1332\/revisions"}],"predecessor-version":[{"id":1333,"href":"https:\/\/www.hsu-hh.de\/histec\/wp-json\/wp\/v2\/pages\/1332\/revisions\/1333"}],"wp:attachment":[{"href":"https:\/\/www.hsu-hh.de\/histec\/wp-json\/wp\/v2\/media?parent=1332"}],"wp:term":[{"taxonomy":"category","embeddable":true,"href":"https:\/\/www.hsu-hh.de\/histec\/wp-json\/wp\/v2\/categories?post=1332"},{"taxonomy":"post_tag","embeddable":true,"href":"https:\/\/www.hsu-hh.de\/histec\/wp-json\/wp\/v2\/tags?post=1332"}],"curies":[{"name":"wp","href":"https:\/\/api.w.org\/{rel}","templated":true}]}}