{"id":118,"date":"2017-11-06T15:36:11","date_gmt":"2017-11-06T14:36:11","guid":{"rendered":"https:\/\/www.hsu-hh.de\/histec\/?page_id=118"},"modified":"2025-09-10T15:14:11","modified_gmt":"2025-09-10T13:14:11","slug":"teamuhl","status":"publish","type":"page","link":"https:\/\/www.hsu-hh.de\/histec\/teamuhl","title":{"rendered":"PD Dr. Karsten Uhl"},"content":{"rendered":"<h3>Kontakt<\/h3>\n<div class=\"ansprechparter-container\">\n<div class=\"row ansprechpartner-item ansprechparter-header\">\n<div class=\"col-xs-8 col-lg-12\" style=\"margin-bottom: 30px\">\n<h3 class=\"ansprechparter-headline\"><abbr title=\"Privatdozent\">PD<\/abbr> <abbr title=\"Doktor\">Dr.<\/abbr> Karsten Uhl<\/h3>\n<p>&nbsp;<\/p>\n<\/div>\n<div class=\"col-md-4 col-lg-3 col-xs-4 ansprechpartner-item floatright img-circle center-block\" style=\"margin-bottom: 30px\">\n<div class=\"img-responsive-wrapper\">\n<p><img loading=\"lazy\" decoding=\"async\" class=\"size-full wp-image-141\" src=\"https:\/\/www.hsu-hh.de\/histec\/wp-content\/uploads\/sites\/734\/2017\/11\/Foto_Uhl.jpg\" alt=\"Karsten Uhl\" width=\"192\" height=\"217\" \/><\/p>\n<\/div>\n<\/div>\n<div class=\"col-md-12 col-lg-3 col-xs-12 ansprechpartner-item kontakt floatright\" style=\"margin-bottom: 30px\">\n<div class=\"row\">\n<div class=\"col-xs-12 col-sm-6 col-lg-12\">\n<div class=\"row\">\n<div class=\"col-xs-12 col-lg-4 row-text bold\">Raum:<\/div>\n<div class=\"col-xs-12 col-lg-8 row-text\">115<\/div>\n<\/div>\n<\/div>\n<div class=\"col-xs-12 col-sm-6 col-lg-12\">\n<div class=\"row\">\n<div class=\"col-xs-12 col-lg-4 row-text bold\">Tel.:<\/div>\n<div class=\"col-xs-12 col-lg-8 row-text\">+49-40-6541-<\/div>\n<div class=\"col-xs-12 col-lg-8 row-text\">2874<\/div>\n<\/div>\n<\/div>\n<div class=\"col-xs-12 col-sm-6 col-lg-12\">\n<div class=\"row\">\n<div class=\"col-xs-12 col-md-12 row-text bold\">Email:<\/div>\n<div class=\"col-xs-12 col-md-12 row-text\"><a href=\"mailto:uhlk@hsu-hh.de\" rel='nofollow'>uhlk@hsu-hh.de<\/a><\/div>\n<\/div>\n<\/div>\n<\/div>\n<\/div>\n<div class=\"col-md-6 col-lg-3 col-xs-12 ansprechpartner-item anschrift floatright\">\n<div class=\"row-headline\">Besucheranschrift<\/div>\n<div class=\"row-text\">Helmut-Schmidt-Universit\u00e4t<\/div>\n<div class=\"row-text\">Geb\u00e4ude H4<\/div>\n<div class=\"row-text\">Holstenhofweg 85<\/div>\n<div class=\"row-text\">22043 Hamburg<\/div>\n<div><\/div>\n<\/div>\n<div class=\"col-md-6 col-lg-3 col-xs-12 ansprechpartner-item anschrift floatright\">\n<div class=\"row-headline\">Postanschrift<\/div>\n<div class=\"row-text\">Helmut-Schmidt-Universit\u00e4t<\/div>\n<div class=\"row-text\">Fakult\u00e4t f\u00fcr Geistes- und<br \/>\nSozialwissenschaften<br \/>\nNeuere Sozial-, Wirtschafts- und Technikgeschichte<\/div>\n<div class=\"row-text\">Postfach 70 08 22<\/div>\n<div class=\"row-text\">22008 Hamburg<\/div>\n<div><\/div>\n<\/div>\n<\/div>\n<div class=\"clearfix\"><\/div>\n<\/div>\n<p>&nbsp;<\/p>\n<h3>CV<\/h3>\n<p>seit April 2018 beurlaubt f\u00fcr die <a href=\"https:\/\/www.geschichte.tu-darmstadt.de\/index.php?id=3328\" rel='nofollow'>Vertretung des Lehrstuhls f\u00fcr Technikgeschichte an der <abbr title=\"Technische Universit\u00e4t\">TU<\/abbr> Darmstadt<\/a><\/p>\n<p>seit Oktober 2016<br \/>\n&#8211; wissenschaftlicher Mitarbeiter an der Helmut-Schmidt-Universit\u00e4t Hamburg<br \/>\n2013-2016<br \/>\n&#8211; Lehrkraft f\u00fcr besondere Aufgaben an der <abbr title=\"Technische Universit\u00e4t\">TU<\/abbr> Darmstadt<br \/>\n2013-2015<br \/>\n&#8211; wissenschaftlicher Mitarbeiter an der Helmut-Schmidt-Universit\u00e4t (Teilzeit)<br \/>\n22.11.2012<br \/>\nHabilitation, Venia Legendi f\u00fcr Neuere und Neueste Geschichte an der <abbr title=\"Technische Universit\u00e4t\">TU<\/abbr> Darmstadt (Habilitationsschrift: Humane Rationalisierung? Die Raumordnung der Fabrik im fordistischen Jahrhundert)<br \/>\n2007-2012<br \/>\nWissenschaftlicher Mitarbeiter an der <abbr title=\"Technische Universit\u00e4t\">TU<\/abbr> Darmstadt<br \/>\n2003-2006<br \/>\nWissenschaftlicher Mitarbeiter der KZ-Gedenkst\u00e4tte Mittelbau-Dora<br \/>\n2001-2003<br \/>\nAufbaustudium \u201eMuseum &amp; Ausstellung\u201c an der Carl von Ossietzky Universit\u00e4t Oldenburg<br \/>\n16.7.2000<br \/>\nPromotion an der LMU M\u00fcnchen (Das \u201everbrecherische Weib\u201c. Geschlecht, Verbrechen und Strafen im kriminologischen Diskurs 1800-1945)<br \/>\n1993-1998<br \/>\nStudium der Geschichte an der Universit\u00e4t Hamburg<\/p>\n<h3>Publikationen<\/h3>\n<p>&nbsp;<\/p>\n<p><a href=\"http:\/\/tu-darmstadt.academia.edu\/KarstenUhl\" rel='nofollow'>Texte bei Academia<\/a><\/p>\n<p>&nbsp;<\/p>\n<p><strong>Monographien<\/strong><\/p>\n<p><a href=\"http:\/\/www.lit-verlag.de\/isbn\/3-8258-6593-2\" rel='nofollow'>Das \u201everbrecherische Weib\u201c. Geschlecht, Verbrechen und Strafen im kriminologischen Diskurs 1800-1945<\/a> (Geschlecht \u2013 Kultur \u2013 Gesellschaft, <abbr title=\"Band\">Bd.<\/abbr> 11), M\u00fcnster, Hamburg, London: LIT Verlag 2003. &#8211; Rezensionen: <a href=\"http:\/\/www.sehepunkte.de\/2006\/05\/8065.html\" rel='nofollow'>Sehepunkte<\/a> , HZ 281 (2005) , ZfG 52 (2004), AfS 47 (2007)<\/p>\n<p><a href=\"http:\/\/www.transcript-verlag.de\/978-3-8376-2756-5\/humane-rationalisierung?c=823\" rel='nofollow'>Humane Rationalisierung? Die Raumordnung der Fabrik im fordistischen Jahrhundert<\/a> (Histoire, <abbr title=\"Band\">Bd.<\/abbr> 62), Bielefeld: transcript 2014. &#8211;\u00a0Rezensionen: <a href=\"https:\/\/www.hsozkult.de\/publicationreview\/id\/rezbuecher-22536\" rel='nofollow'>H-Soz-Kult<\/a> , <a href=\"http:\/\/www.sehepunkte.de\/2016\/01\/26490.html\" rel='nofollow'>Sehepunkte <\/a>, <a href=\"http:\/\/library.fes.de\/pdf-files\/afs\/81724.pdf\" rel='nofollow'>AfS Online<\/a> , <a href=\"https:\/\/www.recensio.net\/rezensionen\/zeitschriften\/vierteljahrschrift-fuer-sozial-und-wirtschaftsgeschichte\/2015\/2\/ReviewMonograph296273278\" rel='nofollow'>VSWG<\/a> , <a href=\"https:\/\/www.recensio.net\/rezensionen\/zeitschriften\/npl\/60-2015\/3\/ReviewMonograph411289108\/?searchterm=karsten%20uhl\" rel='nofollow'>NPL<\/a> , <a href=\"https:\/\/elibrary.chbeck.de\/10.17104\/0342-2852-2016-1-136\/karsten-uhl-humane-rationalisierung-die-raumordnung-der-fabrik-im-fordistischen-jahrgang-61-2016-heft-1?page=1\" rel='nofollow'>Zeitschrift f\u00fcr Unternehmensgeschichte<\/a> , Technikgeschichte 2017\/1, Soziologie heute (Okt.\/2014)<\/p>\n<p><strong>Herausgebert\u00e4tigkeit<\/strong><\/p>\n<p>(mit Christian Zumbr\u00e4gel)\u00a0<a href=\"http:\/\/bodypolitics.de\/de\/archiv\/?ausgabe=20\" rel='nofollow'>Themenheft &#8222;Technik&#8220; (Body Politics. Zeitschrift f\u00fcr K\u00f6rpergeschichte, <abbr title=\"Jahrgang\">Jg.<\/abbr> 6, 2018, H.9).<\/a><\/p>\n<p>(mit Lars Bluma) <a href=\"http:\/\/www.transcript-verlag.de\/978-3-8376-1834-1\/kontrollierte-arbeit-disziplinierte-koerper\" rel='nofollow'>Kontrollierte Arbeit \u2013 disziplinierte K\u00f6rper? Zur Sozial- und Kulturgeschichte der Industriearbeit im 19. und 20. Jahrhundert<\/a> (Histoire, <abbr title=\"Band\">Bd.<\/abbr> 27), Bielefeld: transcript 2012. (Einleitung als Pdf )<\/p>\n<p>(mit Helmut Kramer u. Jens-Christian Wagner) Z<a href=\"https:\/\/www.geschichte.tu-darmstadt.de\/fileadmin\/geschichte\/technikgeschichte\/Uhl\/Zwansarbeit_und_Justiz_Gesamttext.pdf\" rel='nofollow'>wangsarbeit im Nationalsozialismus und die Rolle der Justiz. T\u00e4terschaft, Nachkriegsprozesse und die Auseinandersetzung um Entsch\u00e4digungsleistungen <\/a>, Nordhausen 2007.<\/p>\n<p><strong>Aufs\u00e4tze in Auswahl<\/strong><\/p>\n<p>Die langen 1970er Jahre der Computerisierung. Die Formalisierung des Produktionswissens in der Druckindustrie und die Reaktionen von Gewerkschaften, Betriebsr\u00e4ten und Arbeitern, in: Vom Buchdrucker zum Medientechnologen. Wege der Druckindustrie in die Welt der Digitalisierung, hg. v. Constanze Lindemann u. Harry Ne\u00df, Hamburg: VSA 2018, S. 84-99.<\/p>\n<p>(mit Christian Zumbr\u00e4gel) <a href=\"http:\/\/bodypolitics.de\/de\/archiv\/?ausgabe=20\" rel='nofollow'>Technikgeschichte des K\u00f6rpers<\/a>. Pl\u00e4doyer f\u00fcr eine nutzerzentrierte Analyse verk\u00f6rperter Machtverh\u00e4ltnisse, in: Body Politics. Zeitschrift f\u00fcr K\u00f6rpergeschichte, 6 (2018), H. 9, S. 15-45.<\/p>\n<p>Foucault, Michel (1976): \u00dcberwachen und Strafen. Die Geburt des Gef\u00e4ngnisses, in: Christina Schlepper\/Jan Wehrheim, Hg.: Schl\u00fcsselwerke der Kritischen Kriminologie, Weinheim: Beltz Juventa, S. 237-247.<\/p>\n<p>Die moderne Architektur und die humane Rationalisierung der Fabrik im fr\u00fchen 20. Jahrhundert, in: kunsttexte.de. E-Journal f\u00fcr Kunst- und Bildgeschichte, Nr. 1, 2017, <a href=\"https:\/\/edoc.hu-berlin.de\/handle\/18452\/7487\" rel='nofollow'>www.kunst-texte.de .<\/a><\/p>\n<p>Computerisierung, deutsch-deutsche Gewerkschaftsgeschichte und europ\u00e4ische Vernetzung im Kontext des Kalten Krieges. Die Arbeitsk\u00e4mpfe in der bundesdeutschen Druckindustrie in den 1970er- und 1980er-Jahren, in: Solidarit\u00e4t im Wandel der Zeiten. 150 Jahre Gewerkschaften, hg. v. Willy Buschak, Essen: Klartext 2016, S. 277-302.<\/p>\n<p>Maschinenst\u00fcrmer gegen die Automatisierung? Der Vorwurf der Technikfeindlichkeit in den Arbeitsk\u00e4mpfen der Druckindustrie in den 1970er und 1980er Jahren, in: Technikgeschichte, <abbr title=\"Band\">Bd.<\/abbr> 82, 2015, H. 2, S. 157-179.<\/p>\n<p><a href=\"http:\/\/ieg-ego.eu\/de\/threads\/crossroads\/technisierte-lebenswelten\/karsten-uhl-raeume-der-arbeit-von-der-fruehneuzeitlichen-werkstatt-zur-modernen-fabrik\" rel='nofollow'>R\u00e4ume der Arbeit: <\/a>Von der fr\u00fchneuzeitlichen Werkstatt zur modernen Fabrik, in: Europ\u00e4ische Geschichte Online (EGO), hg. vom Leibniz-Institut f\u00fcr Europ\u00e4ische Geschichte (IEG), Mainz 2015-11-03.<\/p>\n<p>Potenzial oder St\u00f6rfaktor? Die Subjektivit\u00e4t von Arbeitern und Arbeiterinnen in der Zwischenkriegszeit, in: Der Betrieb als sozialer und politischer Ort. Studien zu Praktiken und Diskursen in den Arbeitswelten des 20. Jahrhunderts, hg. v. Knud Andresen\/Michaela Kuhnhenne\/J\u00fcrgen Mittag\/Johannes Platz, Bonn: Dietz 2015, S. 259-284.<\/p>\n<p>Die Aufkl\u00e4rungshistorie und die Verwissenschaftlichung der Geschichtsschreibung in Deutschland, in: Fr\u00fchneuzeit-Info, <abbr title=\"Band\">Bd.<\/abbr> 25, 2014, H. 2, S. 186-198.<\/p>\n<p>Die nationalsozialistische \u201eVolksgemeinschaft\u201c im Fabrikalltag: \u201eMenschenf\u00fchrung\u201c zwischen Selbstverantwortung und Disziplinierung, in: Geschichte in Wissenschaft und Unterricht, <abbr title=\"Band\">Bd.<\/abbr> 64, H. 5\/6, 2013, S. 298-315.<\/p>\n<p>The Ideal of Lebensraum and the Spatial Order of Power at German Factories, 1900-1945 , in: European Review of History\/Revue d\u2019histoire europ\u00e9enne, <abbr title=\"Band\">Bd.<\/abbr> 20, H. 2, 2013, S. 287-307. <a href=\"http:\/\/tandfonline.com\/eprint\/3Mv5j5NU3f5vncKIz257\/full\" rel='nofollow'>(Volltext )<\/a><\/p>\n<p>\u201eSchafft Lebensraum in der Fabrik!\u201c Betriebliche Kantinen und Speiser\u00e4ume im deutschen Rationalisierungsdiskurs 1880-1945, in: Kontrollierte Arbeit \u2013 disziplinierte K\u00f6rper? Zur Sozial- und Kulturgeschichte der Industriearbeit im 19. und 20. Jahrhundert, hg. v. Lars Bluma u. Karsten Uhl, Bielefeld: transcript 2012, S. 361-395.<\/p>\n<p>(mit Lars Bluma) Arbeit \u2013 K\u00f6rper \u2013 Rationalisierung. Neue Perspektiven auf den historischen Wandel industrieller Arbeitspl\u00e4tze, in: Kontrollierte Arbeit \u2013 disziplinierte K\u00f6rper? Zur Sozial- und Kulturgeschichte der Industriearbeit im 19. und 20. Jahrhundert, hg. v. Lars Bluma u. Karsten Uhl, Bielefeld: transcript 2012, S. 9-31.<\/p>\n<p>Vom Abort im Holzschuppen zur normierten Toilette. Betriebliche Sanit\u00e4ranlagen und die Raumordnung der Fabrik in Deutschland 1870-1970, in: Bl\u00e4tter f\u00fcr Technikgeschichte, <abbr title=\"Band\">Bd.<\/abbr> 73, 2011, S. 55-71.<\/p>\n<p>Giving Scientific Management a \u2018Human\u2019 Face: The Engine Factory Deutz and a \u2018German\u2019 Path to Efficiency, 1910-1945 , in: Labor History, <abbr title=\"Band\">Bd.<\/abbr> 52, 2011, H. 4, S. 511-533. <a href=\"http:\/\/tandfonline.com\/eprint\/BkC6X7tuZAtJq4qnzhyC\/full\" rel='nofollow'>(Volltext )<\/a><\/p>\n<p><a href=\"http:\/\/www.zeithistorische-forschungen.de\/sites\/default\/files\/medien\/material\/2009-2\/Uhl_2010.pdf\" rel='nofollow'>Der Faktor Mensch und das Management: F\u00fchrungsstile und Machtbeziehungen im industriellen Betrieb des 20. Jahrhunderts<\/a> , in: Neue Politische Literatur 2010, <abbr title=\"Band\">Bd.<\/abbr> 55, H. 2, S. 233-254.<\/p>\n<p><a href=\"http:\/\/www.zeithistorische-forschungen.de\/sites\/default\/files\/medien\/material\/2009-2\/Uhl_Geschlechterordnung_OeZG_2010.pdf\" rel='nofollow'>Die Geschlechterordnung der Fabrik. Arbeitswissenschaftliche Entw\u00fcrfe von Rationalisierung und Humanisierung 1900-1970<\/a> , in: \u00d6sterreichische Zeitschrift f\u00fcr Geschichtswissenschaften, <abbr title=\"Band\">Bd.<\/abbr> 21, 2010, H. 1, S. 93-117.<\/p>\n<p><a href=\"http:\/\/www.tau.ac.il\/GermanHistory\/TAJB{3728c0ddcf5026c65bc0b4e995c837d09025c3e7fa253cea254631dfe46bf841}202008{3728c0ddcf5026c65bc0b4e995c837d09025c3e7fa253cea254631dfe46bf841}20Uhl.pdf\" rel='nofollow'>Mutterliebe und Verbrechen \u2013 Mutterschaft und Sexualit\u00e4t im kriminologischen Diskurs 1880-1980<\/a>, in: M\u00fctterliche Macht und v\u00e4terliche Autorit\u00e4t. Elternbilder im deutschen Diskurs, hg. v. Jos\u00e9 Brunner (Tel Aviver Jahrbuch f\u00fcr deutsche Geschichte, <abbr title=\"Band\">Bd.<\/abbr> 36), G\u00f6ttingen 2008: Wallstein Verlag, S. 48-62.<\/p>\n<p>(mit Jens-Christian Wagner) Ob\u00f3z koncentracyjny Mittelbau-Dora. Miejsce ka\u017ani Polak\u00f3w, in: Zeszyty Majdanka, <abbr title=\"Band\">Bd.<\/abbr> 24, 2008, S. 65-122.<br \/>\nDie Verbrecherin im humanwissenschaftlichen Diskurs des 19. Jahrhunderts: Geschlecht, moralische Schuld und soziale Gefahr, in: Der Kriminelle. Deutsch-franz\u00f6sische Perspektiven \/ Le criminel. Perspectives franco-allemandes, hg. v. Falk Bretschneider, Leipzig 2007: Leipziger Universit\u00e4tsverlag, S. 45-78.<\/p>\n<p>Die Bedeutung der Kategorie Geschlecht f\u00fcr den Wandel des Strafdenkens im 19. Jahrhundert, in: Verbrecher im Visier der Experten. Kriminalpolitik zwischen Wissenschaft und Praxis im 19. und fr\u00fchen 20. Jahrhundert, hg. v. Sabine Freitag u. Desir\u00e9e Schauz (Wissenschaft, Politik und Gesellschaft, <abbr title=\"Band\">Bd.<\/abbr> 2), Stuttgart 2007: Franz Steiner, S. 101-116.<\/p>\n<p>Die \u201eSexualverbrecherin\u201c. Weiblichkeit, Sexualit\u00e4t und serieller Giftmord in der Kriminologie, 1870-1930, in: LustMord. Medialisierungen eines kulturellen Phantasmas um 1900 (Kulturwissenschaftliche Gender Studies, <abbr title=\"Band\">Bd.<\/abbr> 13), hg. von Susanne Komfort-Hein u. Susanne Scholz, K\u00f6nigstein: Ulrike Helmer Verlag 2007, S. 133-148.<\/p>\n<p>Deckgeschichten: Von der H\u00f6lle zu den Sternen. Das KZ Mittelbau-Dora in Nachkriegsnarrativen, in: Technikgeschichte 2005, <abbr title=\"Band\">Bd.<\/abbr> 72, H. 3, S. 243-256.<\/p>\n<p>The Auschwitz Sketchbook, in: The Last Expression: Art and Auschwitz, hg. v. David Mickenberg, Corinne Granof u. Peter Hayes, Evanston (Illinois) 2003: Northwestern University Press, S. 94-103.<\/p>\n<p>Were Nazi Soldiers who Participated in the Holocaust Committed Anti-Semites who Believed Extermination was Necessary for the Preservation of Social Order?, in: History in Dispute, Volume 11: The Holocaust, 1933-1945, hg. v. Tandy McConnell, Columbia (South Carolina): Gale 2003, S. 265-267.<\/p>\n<p><a href=\"https:\/\/books.google.de\/books?id=Z5KPaeDELiUC&amp;pg=PA91&amp;lpg=PA91&amp;dq=uhl+Die+Gewaltverbrecherin+im+kriminologischen+und+literarischen+Diskurs+des+fr{3728c0ddcf5026c65bc0b4e995c837d09025c3e7fa253cea254631dfe46bf841}C3{3728c0ddcf5026c65bc0b4e995c837d09025c3e7fa253cea254631dfe46bf841}BChen+20.+Jahrhunderts&amp;source=bl&amp;ots=9Wj9bUAANE&amp;sig=bSfuh9t6yMGrTAKi_C4qn0sEUyo&amp;hl=de&amp;sa=X&amp;ei=U2yEU5O2HMeLOeL2gLgJ#v=onepage&amp;q=uhl{3728c0ddcf5026c65bc0b4e995c837d09025c3e7fa253cea254631dfe46bf841}20Die{3728c0ddcf5026c65bc0b4e995c837d09025c3e7fa253cea254631dfe46bf841}20Gewaltverbrecherin{3728c0ddcf5026c65bc0b4e995c837d09025c3e7fa253cea254631dfe46bf841}20im{3728c0ddcf5026c65bc0b4e995c837d09025c3e7fa253cea254631dfe46bf841}20kriminologischen{3728c0ddcf5026c65bc0b4e995c837d09025c3e7fa253cea254631dfe46bf841}20und{3728c0ddcf5026c65bc0b4e995c837d09025c3e7fa253cea254631dfe46bf841}20literarischen{3728c0ddcf5026c65bc0b4e995c837d09025c3e7fa253cea254631dfe46bf841}20Diskurs{3728c0ddcf5026c65bc0b4e995c837d09025c3e7fa253cea254631dfe46bf841}20des{3728c0ddcf5026c65bc0b4e995c837d09025c3e7fa253cea254631dfe46bf841}20fr{3728c0ddcf5026c65bc0b4e995c837d09025c3e7fa253cea254631dfe46bf841}C3{3728c0ddcf5026c65bc0b4e995c837d09025c3e7fa253cea254631dfe46bf841}BChen{3728c0ddcf5026c65bc0b4e995c837d09025c3e7fa253cea254631dfe46bf841}2020.{3728c0ddcf5026c65bc0b4e995c837d09025c3e7fa253cea254631dfe46bf841}20Jahrhunderts&amp;f=false\" rel='nofollow'>Die Gewaltverbrecherin im kriminologischen und literarischen Diskurs des fr\u00fchen 20. Jahrhunderts<\/a> , in: Frauen und Gewalt. Interdisziplin\u00e4re Untersuchungen zu geschlechtsgebundener Gewalt in Theorie und Praxis, hg. v. Antje Hilbig, Claudia Kajatin u. Ingrid Miethe, W\u00fcrzburg 2003: K\u00f6nigshausen &amp; Neumann, S. 91-103.<\/p>\n<p>Verbrechen als Liebe \u2013 Liebe als Verbrechen. Kriminologie, Literatur und die histori\u00adschen Grenzen des Sagbaren, in: B\u00fcndnis und Begehren. Ein Symposium \u00fcber die Liebe, hg. v. Alexandra Tischel u. Andreas Kra\u00df, Berlin: Erich Schmidt Verlag 2002, S. 229-244.<\/p>\n<p>Die Heilige als Sexualverbrecherin. Die Kriminologie schreibt Charlotte Corday in ihren Diskurs ein, in: Querelles. Jahrbuch f\u00fcr Frauenforschung, <abbr title=\"Band\">Bd.<\/abbr> 5, 2000, S. 264-270.<\/p>\n<p>\u201eDer P\u00f6bel, der nicht in gebildeten Wendungen zu sprechen versteht\u201c. Unterschiede zwischen der Kultur des Volkes und der Kultur der Eliten in den Viten der heiligen Wiborada, in: Medium Aevum Quotidianum, <abbr title=\"Band\">Bd.<\/abbr> 36, 1997, S. 103-118.<\/p>\n<p><strong>Buchbesprechungen f\u00fcr:<\/strong><br \/>\nNPL, NTM, Archiv f\u00fcr Sozialgeschichte (online), Vierteljahrschrift f\u00fcr Sozial- und Wirtschaftsgeschichte, Technikgeschichte, IASLonline, H-Soz-u-Kult, Historische Literatur, H-German, Querelles-Net, Kriminologisches Journal, Traverse &#8211; Zeitschrift f\u00fcr Geschichte, Das historisch-politische Buch<\/p>\n<h3>Forschung<\/h3>\n<p><strong>Computerisierung als Herausforderung der Gewerkschaftsbewegung: das Beispiel der Druckindustrie<\/strong><\/p>\n<p>In diesem Projekt sollen technologische, soziale und kulturelle Umw\u00e4lzungen in der Druckindustrie der 1970er und 1980er Jahre zum Ausgangspunkt einer Untersuchung der Entstehung und Entwicklung der Krise der Gewerkschaften genommen werden. Die Druckbranche eignet sich besonders f\u00fcr eine solche Studie, da sie von einer hochqualifizierten und in hohem Ma\u00dfe gewerkschaftlich organisierten Arbeiterschaft gepr\u00e4gt war, weshalb die IG Druck und Papier eine besonders starke Position innehatte. Der Untersuchungszeitraum reicht von den 1950er Jahren, als die Branche den Wandel vom noch stark handwerklich gepr\u00e4gten Druckgewerbe zur Druckindustrie durchlief, bis in die Mitte der 1980er Jahre. Der Schwerpunkt der Studie liegt in den von der Einf\u00fchrung der Computertechnologie gepr\u00e4gten 1970er und fr\u00fchen 1980er Jahre; einen vorl\u00e4ufigen Abschluss des Prozesses der Computerisierung markierte die Etablierung des Desktop Publishings ab 1985.<\/p>\n<p>Im Zentrum des Projektes steht die Frage, welche Rolle der technologische Wandel f\u00fcr die Krise der Gewerkschaften spielte. Die Automatisierung der Arbeit, die sich in der Druckindustrie v.a. in der Form der Computerisierung zeigte, stellte eine Herausforderung f\u00fcr die Gewerkschaften in verschiedener Hinsicht dar: Erstens geriet \u2013 im diskursiven Bereich \u2013 die gewerkschaftliche \u00dcberzeugung von der sozialen Gestaltbarkeit technologischen Wandels ins Wanken. Diese traditionelle Fortschrittsgl\u00e4ubigkeit der Arbeiterbewegung wurde im Kontext der forcierten Automatisierung erstmals breiter diskutiert. Zweitens \u2013 im Bereich der Technologiepolitik und der gewerkschaftlichen Aktionsformen \u2013 wurde die wichtigste Form der gewerkschaftlichen Machtbasis, der Streik, durch die Computerisierung deutlich geschw\u00e4cht, weil nun eine Auslagerung der Produktion und eine gr\u00f6\u00dfere Unabh\u00e4ngigkeit von Facharbeitern m\u00f6glich wurde. Drittens \u2013 in der Selbstwahrnehmung der Arbeiter \u2013 wurde die \u00fcber Jahrzehnte vorherrschende Vorstellung, einer \u201eArbeiteraristokratie\u201c anzugeh\u00f6ren, mit den Umgestaltungen obsolet. Das klare Selbstbild vom Facharbeiter, das eine wichtige Ressource f\u00fcr die Gewerkschaften ausmachte, spaltete sich in eine Vielzahl neuer Qualifikationsprofile und Selbstbilder auf. Es wird zu zeigen sein, inwieweit diese drei Bereiche miteinander verkn\u00fcpft waren und Ver\u00e4nderungsprozesse in einem Bereich Auswirkungen auf einen anderen Bereich zeitigten.<\/p>\n<p>Die Akteure dieser Prozesse werden auf drei miteinander im Austausch befindlichen Ebenen untersucht: lokal, national und international. Auf lokaler Ebene werden einzelne Ortsvereine und Betriebsr\u00e4te in den Blick genommen, auf nationaler Ebene die IG Druck und Papier und der Deutsche Gewerkschaftsbund und auf internationaler Ebene das Berufssekretariat Internationale Grafische F\u00f6deration und der Europ\u00e4ische Gewerkschaftsbund. Wesentliches Ziel ist es auch, zu untersuchen, inwieweit die m\u00f6glicherweise technikinduzierte Gewerkschaftskrise zu einer forcierten Europ\u00e4isierung der Gewerkschaftsbewegung f\u00fchrte.<\/p>\n<p>&nbsp;<\/p>\n<p>Dieses Projekt wird von der DFG gef\u00f6rdert.<\/p>\n<h3>\u00c4mter und Mitgliedschaften<\/h3>\n<p>Vorstandsmitglied der Gesellschaft f\u00fcr Technikgeschichte (GTG)<\/p>\n","protected":false},"excerpt":{"rendered":"<p>Kontakt PD Dr. Karsten Uhl &nbsp; Raum: 115 Tel.: +49-40-6541- 2874 Email: uhlk@hsu-hh.de Besucheranschrift Helmut-Schmidt-Universit\u00e4t Geb\u00e4ude H4 Holstenhofweg 85 22043 Hamburg Postanschrift Helmut-Schmidt-Universit\u00e4t Fakult\u00e4t f\u00fcr Geistes- und Sozialwissenschaften Neuere Sozial-, [&hellip;]<\/p>\n","protected":false},"author":111,"featured_media":141,"parent":0,"menu_order":0,"comment_status":"closed","ping_status":"closed","template":"","meta":{"footnotes":""},"categories":[8],"tags":[],"class_list":["post-118","page","type-page","status-publish","has-post-thumbnail","hentry","category-team"],"_links":{"self":[{"href":"https:\/\/www.hsu-hh.de\/histec\/wp-json\/wp\/v2\/pages\/118","targetHints":{"allow":["GET"]}}],"collection":[{"href":"https:\/\/www.hsu-hh.de\/histec\/wp-json\/wp\/v2\/pages"}],"about":[{"href":"https:\/\/www.hsu-hh.de\/histec\/wp-json\/wp\/v2\/types\/page"}],"author":[{"embeddable":true,"href":"https:\/\/www.hsu-hh.de\/histec\/wp-json\/wp\/v2\/users\/111"}],"replies":[{"embeddable":true,"href":"https:\/\/www.hsu-hh.de\/histec\/wp-json\/wp\/v2\/comments?post=118"}],"version-history":[{"count":13,"href":"https:\/\/www.hsu-hh.de\/histec\/wp-json\/wp\/v2\/pages\/118\/revisions"}],"predecessor-version":[{"id":481,"href":"https:\/\/www.hsu-hh.de\/histec\/wp-json\/wp\/v2\/pages\/118\/revisions\/481"}],"wp:featuredmedia":[{"embeddable":true,"href":"https:\/\/www.hsu-hh.de\/histec\/wp-json\/wp\/v2\/media\/141"}],"wp:attachment":[{"href":"https:\/\/www.hsu-hh.de\/histec\/wp-json\/wp\/v2\/media?parent=118"}],"wp:term":[{"taxonomy":"category","embeddable":true,"href":"https:\/\/www.hsu-hh.de\/histec\/wp-json\/wp\/v2\/categories?post=118"},{"taxonomy":"post_tag","embeddable":true,"href":"https:\/\/www.hsu-hh.de\/histec\/wp-json\/wp\/v2\/tags?post=118"}],"curies":[{"name":"wp","href":"https:\/\/api.w.org\/{rel}","templated":true}]}}