{"id":1062,"date":"2022-11-30T09:32:07","date_gmt":"2022-11-30T08:32:07","guid":{"rendered":"https:\/\/www.hsu-hh.de\/histec\/?page_id=1062"},"modified":"2023-05-09T23:15:49","modified_gmt":"2023-05-09T21:15:49","slug":"europaeische-wissensnetzwerke-und-landwirtschaftliche-entwicklungskonzepte-im-mittelmeerraum-im-20-jahrhundert","status":"publish","type":"page","link":"https:\/\/www.hsu-hh.de\/histec\/europaeische-wissensnetzwerke-und-landwirtschaftliche-entwicklungskonzepte-im-mittelmeerraum-im-20-jahrhundert","title":{"rendered":"Europ\u00e4ische Wissensnetzwerke und landwirtschaftliche Entwicklungskonzepte im Mittelmeerraum im 20. Jahrhundert"},"content":{"rendered":"\n<h2 class=\"wp-block-heading\">Heisenbergprojekt<\/h2>\n\n\n<div class=\"wp-block-image\">\n<figure class=\"aligncenter size-full\"><img loading=\"lazy\" decoding=\"async\" width=\"738\" height=\"581\" src=\"https:\/\/www.hsu-hh.de\/histec\/wp-content\/uploads\/sites\/734\/2023\/05\/image-16.png\" data-credit=\"H. Hartmann\" alt=\"\" class=\"wp-image-1391\" srcset=\"https:\/\/www.hsu-hh.de\/histec\/wp-content\/uploads\/sites\/734\/2023\/05\/image-16.png 738w, https:\/\/www.hsu-hh.de\/histec\/wp-content\/uploads\/sites\/734\/2023\/05\/image-16-300x236.png 300w\" sizes=\"auto, (max-width: 738px) 100vw, 738px\" \/><\/figure>\n<\/div>\n\n\n<div style=\"height:15px\" aria-hidden=\"true\" class=\"wp-block-spacer\"><\/div>\n\n\n\n<p>Ziel des Forschungsprojektes ist, die Geschichte Europas im 20. Jahrhundert von seinen l\u00e4ndlichen Peripherien im S\u00fcden her neu zu erz\u00e4hlen. Kann man den europ\u00e4ischen S\u00fcden rund um das Mittelmeer mit den Diskussionen um einen&nbsp;&#8222;Globalen S\u00fcden&#8220; in Beziehung bringen? Waren&nbsp;Unterentwicklung und Modernisierung auch innerhalb von Europa wirkm\u00e4chtige Wahrnehmungsmuster, die als Hintergrund f\u00fcr die Integrationspolitik im Mittelmeerraum zu verstehen sind? Welchen Einfluss haben und hatten wissenschaftliche Diskurse auf die Konstruktion von einer mediterranen \u201eR\u00fcckst\u00e4ndigkeit\u201c? Und welche Lern- und Dialogprozesse wurden und werden durch agrarwissenschaftliche Netzwerke angesto\u00dfen? Mithilfe einer Kombination wissens- und wirtschaftshistorischer Ans\u00e4tze sowie transfergeschichtlicher und komparativer Perspektiven sollen solche Fragen f\u00fcr die s\u00fcdliche europ\u00e4ische Peripherie untersucht werden. Durch die Wissenszirkulation zwischen Mitteleuropa, dem n\u00f6rdlichen und dem s\u00fcdlichen Mittelmeerraum in Fragen der l\u00e4ndlichen Entwicklungspolitik wird deutlich, wie sehr nicht nur neue Praktiken der Integration etabliert, sondern auch Elemente kolonialer Projekte der&nbsp;<em>mise en valeur<\/em>&nbsp;\u00fcbertragen und \u00e4ltere Formen sozialer und wirtschaftlicher Verflechtungen im Mittelmeerraum fortgesetzt wurden.&nbsp;<\/p>\n\n\n\n<p>Das Projekt wird&nbsp;von einer thematischen und einer analytischen Klammer zusammengehalten und untersucht das 20. Jahrhundert von seinen Anf\u00e4ngen&nbsp;bis in die Hochphase westeurop\u00e4ischer Integrationspolitik in den 1970er Jahren.<\/p>\n\n\n\n<p>Empirisch st\u00fctzt es sich auf zwei Fallstudien, durch die die Geschichte europ\u00e4ischer Interventionspolitiken im Mittelmeerraum erz\u00e4hlt werden. Im&nbsp;ersten Projekt&nbsp;geht es um die Geschichte der l\u00e4ndlichen Soziologie und ihrer Auseinandersetzung mit dem Mittelmeerraum als zentralem Kristallisationspunkt einer neuen Idee von Modernisierung. Das&nbsp;zweite Projekt&nbsp;besch\u00e4ftigt sich mit der Geschichte des l\u00e4ndlichen Beratungswesens in verschiedenen Regionen des Mittelmeerraums.<\/p>\n\n\n\n<div style=\"height:30px\" aria-hidden=\"true\" class=\"wp-block-spacer\"><\/div>\n\n\n\n<h2 class=\"wp-block-heading\">Die Soziologie der l\u00e4ndlichen Moderne<\/h2>\n\n\n\n<div style=\"height:5px\" aria-hidden=\"true\" class=\"wp-block-spacer\"><\/div>\n\n\n<div class=\"wp-block-image\">\n<figure class=\"alignleft is-resized\"><img loading=\"lazy\" decoding=\"async\" src=\"https:\/\/www.hsu-hh.de\/histec\/wp-content\/uploads\/sites\/734\/2023\/05\/image-1.png\" data-credit=\"\" alt=\"\" class=\"wp-image-1367\" width=\"280\" height=\"269\" \/><figcaption class=\"wp-element-caption\">\u00c9mile Durkheim (1858-1917) war einer der fr\u00fchen Vordenker mediterraner Unterentwicklung<\/figcaption><\/figure>\n<\/div>\n\n\n<p>Seit den Zeiten des franz\u00f6sischen Positivismus hatte der Topos mediterraner Unterentwicklung einen festen Platz im Kanon soziologischer Forschung. Der Mittelmeerraum wurde dabei zum urspr\u00fcnglichen archaischen \u201eAnderen\u201c des industrialisierten Nordeuropa.<\/p>\n\n\n\n<div style=\"height:15px\" aria-hidden=\"true\" class=\"wp-block-spacer\"><\/div>\n\n\n<div class=\"wp-block-image\">\n<figure class=\"alignleft is-resized\"><img loading=\"lazy\" decoding=\"async\" src=\"https:\/\/www.hsu-hh.de\/histec\/wp-content\/uploads\/sites\/734\/2023\/05\/image-2.png\" data-credit=\"\" alt=\"\" class=\"wp-image-1368\" width=\"285\" height=\"295\" \/><figcaption class=\"wp-element-caption\">Pierre Guillaume Fr\u00e9d\u00e9ric Le Play (1806-1882)<\/figcaption><\/figure>\n<\/div>\n\n\n<p>Die Frage der Definition von \u201aR\u00fcckst\u00e4ndigkeit\u2018 wurde nicht zuletzt auch zu einer Frage der Techniken und Methoden von deren Untersuchung. Im fr\u00fchen 20. Jahrhundert erlangte die franz\u00f6sische Schule der&nbsp;<em>r\u00e9forme sociale<\/em>&nbsp;in dieser Beziehung besondere Bedeutung. Die Beobachtung famili\u00e4rer Clanstrukturen in den Gesellschaften und Gemeinschaften rund um das Mittelmeer entwickelte sich zu einem methodischen Angelpunkt. Hierbei kamen die infrastrukturelle Erreichbarkeit entlegener Regionen und die Fantasien technologischer Machbarkeit in der Erfassung sozialer Probleme durch statistische Methoden zusammen. Dabei waren die Wissenschaftler (und ab der Zwischenkriegszeit zunehmend auch die Wissenschaftlerinnen) ihrem Selbstverst\u00e4ndnis nach nie nur neutrale Beobachtende. Stattdessen meinten sie durch ihre Untersuchungen abgelegene Regionen f\u00fcr die Au\u00dfenwelt zu \u00f6ffnen und diese mit gr\u00f6\u00dferen sozialen Problemen in Verbindung zu setzen.<\/p>\n\n\n\n<div style=\"height:15px\" aria-hidden=\"true\" class=\"wp-block-spacer\"><\/div>\n\n\n<div class=\"wp-block-image\">\n<figure class=\"alignleft is-resized\"><img loading=\"lazy\" decoding=\"async\" src=\"https:\/\/www.hsu-hh.de\/histec\/wp-content\/uploads\/sites\/734\/2023\/05\/image-4.png\" data-credit=\"\" alt=\"\" class=\"wp-image-1370\" width=\"217\" height=\"265\" srcset=\"https:\/\/www.hsu-hh.de\/histec\/wp-content\/uploads\/sites\/734\/2023\/05\/image-4.png 523w, https:\/\/www.hsu-hh.de\/histec\/wp-content\/uploads\/sites\/734\/2023\/05\/image-4-245x300.png 245w\" sizes=\"auto, (max-width: 217px) 100vw, 217px\" \/><figcaption class=\"wp-element-caption\">Auf solchen Karten sollten t\u00fcrkische Bauern in den 1940er Jahren ihre subjektive geographische Vorstellung des eigenen<\/figcaption><\/figure>\n<\/div>\n\n\n<p>Diese Schule der&nbsp;<em>ing\u00e9nerie sociale<\/em>&nbsp;hatten eine breite Wirkung auf die entstehende Sozialwissenschaften rund um das Mittelmeer. Sie definierten Untersuchungsmethoden und -agenden und trugen zu einer neuen Dorfsoziologie bei, die sich als Motor gesellschaftlichen Wandels verstand.<\/p>\n\n\n\n<p><\/p>\n\n\n\n<p><\/p>\n\n\n\n<p><\/p>\n\n\n\n<p><\/p>\n\n\n\n<p><\/p>\n\n\n\n<p><\/p>\n\n\n\n<div style=\"height:15px\" aria-hidden=\"true\" class=\"wp-block-spacer\"><\/div>\n\n\n<div class=\"wp-block-image\">\n<figure class=\"alignleft is-resized\"><img loading=\"lazy\" decoding=\"async\" src=\"https:\/\/www.hsu-hh.de\/histec\/wp-content\/uploads\/sites\/734\/2023\/05\/image-6.png\" data-credit=\"\" alt=\"\" class=\"wp-image-1372\" width=\"234\" height=\"357\" srcset=\"https:\/\/www.hsu-hh.de\/histec\/wp-content\/uploads\/sites\/734\/2023\/05\/image-6.png 674w, https:\/\/www.hsu-hh.de\/histec\/wp-content\/uploads\/sites\/734\/2023\/05\/image-6-197x300.png 197w\" sizes=\"auto, (max-width: 234px) 100vw, 234px\" \/><figcaption class=\"wp-element-caption\">I.P. etablierte das Begriffspaar \u201eHonor and Shame\u201c als ethnologisches Interpretationsangebot f\u00fcr die gesellschaftlichen Strukturen im Mittelmeer<\/figcaption><\/figure>\n<\/div>\n\n\n<p>Auch in der Nachkriegszeit blieb das Mittelmeer ein beliebtes Bet\u00e4tigungsfeld der Sozialwissenschaften. In den ersten Nachkriegsjahrzehnten trat die Ethnologie das Erbe des braudelschen Mittelmeertopos an und untersuchte das mediterrane Becken als geschlossenen kulturellen Raum.<\/p>\n\n\n\n<p><\/p>\n\n\n\n<p><\/p>\n\n\n\n<p><\/p>\n\n\n\n<p><\/p>\n\n\n\n<p><\/p>\n\n\n\n<p><\/p>\n\n\n\n<p><\/p>\n\n\n\n<p> <\/p>\n\n\n\n<div style=\"height:15px\" aria-hidden=\"true\" class=\"wp-block-spacer\"><\/div>\n\n\n\n<h2 class=\"wp-block-heading\">Beratung als transnationale Kulturtechnik im l\u00e4ndlichen Raum<\/h2>\n\n\n\n<div style=\"height:5px\" aria-hidden=\"true\" class=\"wp-block-spacer\"><\/div>\n\n\n<div class=\"wp-block-image\">\n<figure class=\"alignleft is-resized\"><img loading=\"lazy\" decoding=\"async\" src=\"https:\/\/www.hsu-hh.de\/histec\/wp-content\/uploads\/sites\/734\/2023\/05\/image-8.png\" data-credit=\"\" alt=\"\" class=\"wp-image-1376\" width=\"246\" height=\"369\" srcset=\"https:\/\/www.hsu-hh.de\/histec\/wp-content\/uploads\/sites\/734\/2023\/05\/image-8.png 399w, https:\/\/www.hsu-hh.de\/histec\/wp-content\/uploads\/sites\/734\/2023\/05\/image-8-200x300.png 200w\" sizes=\"auto, (max-width: 246px) 100vw, 246px\" \/><figcaption class=\"wp-element-caption\">Fritz Baade (1893-1974), sp\u00e4ter Direktor des Kieler Instituts f\u00fcr Weltwirtschaft, war einer der prominentesten deutschen Agrarwissenschaftler, der im Mittelmeerraum landwirtschaftliche Modernisierungsprogramme vorantrieb.<br><br>(Verleihung des Kulturpreises 1970 an&nbsp;<abbr title=\"Professor\">Prof.<\/abbr>&nbsp;Fritz Baade, Stadtarchiv Kiel, CC BY-SA 3.0 DE)<\/figcaption><\/figure>\n<\/div>\n\n\n<p>Die Politiken europ\u00e4ischer l\u00e4ndlicher Modernisierung waren eng verwoben mit den Anliegen einer \u201eInneren Kolonisierung\u201c \u2013 einer Erweiterung, Erschlie\u00dfung und Kontrolle bislang r\u00fcckst\u00e4ndiger l\u00e4ndlicher Gebiete im eigenen Land.&nbsp; In den ostdeutschen Gebieten wurden etwa im \u00dcbergang vom 19. zum 20. Jahrhundert zahlreiche solcher Projekte angesto\u00dfen, die in den landwirtschaftlichen Versuchs- und Ausbildungsstationen (als erstes etwa im s\u00e4chsischen M\u00f6ckern 1851) ihren sichtbarsten Ausdruck fanden. Auch die landwirtschaftliche Genossenschaftsbewegung stand im fr\u00fchen 20. Jahrhundert in dieser Tradition.&nbsp;<\/p>\n\n\n\n<p>Sowohl im Rahmen einer kryptokolonialen Wirtschaftspolitik der Zwischenkriegszeit, wie auch neuer Produktivit\u00e4tsprogramme in den Jahren nach dem Zweiten Weltkrieg wurden solche Institutionen l\u00e4ndlicher Modernisierung auch im Mittelmeerraum etabliert. In der T\u00fcrkei oder in Tunesien entstanden landwirtschaftliche Musterbetriebe, in anderen L\u00e4ndern wurden insbesondere Programme zum Aufbau von l\u00e4ndlichen Genossenschaften etabliert und durch Berater aus mitteleurop\u00e4ischen L\u00e4ndern unterst\u00fctzt. Auf deutscher Seite engagierten sich auch zahlreiche ehemalige Exilwissenschaftler, die aus politischen Gr\u00fcnden von den Nationalsozialisten verfolgt worden waren, in solchen Projekten.<\/p>\n\n\n\n<p><\/p>\n\n\n\n<p><\/p>\n\n\n\n<p><\/p>\n\n\n\n<div style=\"height:15px\" aria-hidden=\"true\" class=\"wp-block-spacer\"><\/div>\n\n\n<div class=\"wp-block-image\">\n<figure class=\"alignleft is-resized\"><img loading=\"lazy\" decoding=\"async\" src=\"https:\/\/www.hsu-hh.de\/histec\/wp-content\/uploads\/sites\/734\/2023\/05\/image-14.png\" data-credit=\"\" alt=\"\" class=\"wp-image-1382\" width=\"227\" height=\"329\" srcset=\"https:\/\/www.hsu-hh.de\/histec\/wp-content\/uploads\/sites\/734\/2023\/05\/image-14.png 562w, https:\/\/www.hsu-hh.de\/histec\/wp-content\/uploads\/sites\/734\/2023\/05\/image-14-207x300.png 207w\" sizes=\"auto, (max-width: 227px) 100vw, 227px\" \/><figcaption class=\"wp-element-caption\">Im T\u00fcrkischen Tahirova wurden fr\u00fch die tats\u00e4chlichen und die zuk\u00fcnftigen Ertr\u00e4ge berechnet<\/figcaption><\/figure>\n<\/div>\n\n\n<p>Die Musterbetriebe sollten dabei nicht nur technologische Innovationen und die aus den USA oder Europa exportierten Landmaschinen verbreiten, sondern auch Unternehmergeiste oder Grundlagen f\u00fcr landwirtschaftliche Buchhaltungstechniken verbreiten.&nbsp;<\/p>\n\n\n\n<p><\/p>\n\n\n\n<p><\/p>\n\n\n\n<p><\/p>\n\n\n\n<p><\/p>\n\n\n\n<p><\/p>\n\n\n\n<p><\/p>\n\n\n\n<p><\/p>\n\n\n\n<div style=\"height:15px\" aria-hidden=\"true\" class=\"wp-block-spacer\"><\/div>\n\n\n<div class=\"wp-block-image\">\n<figure class=\"alignleft is-resized\"><img loading=\"lazy\" decoding=\"async\" src=\"https:\/\/www.hsu-hh.de\/histec\/wp-content\/uploads\/sites\/734\/2023\/05\/image-15.png\" data-credit=\"\" alt=\"\" class=\"wp-image-1383\" width=\"362\" height=\"203\" srcset=\"https:\/\/www.hsu-hh.de\/histec\/wp-content\/uploads\/sites\/734\/2023\/05\/image-15.png 898w, https:\/\/www.hsu-hh.de\/histec\/wp-content\/uploads\/sites\/734\/2023\/05\/image-15-300x168.png 300w, https:\/\/www.hsu-hh.de\/histec\/wp-content\/uploads\/sites\/734\/2023\/05\/image-15-768x431.png 768w\" sizes=\"auto, (max-width: 362px) 100vw, 362px\" \/><figcaption class=\"wp-element-caption\">Bereits in den fr\u00fchen 1960er Jahren wurde im \u201eMerinoprojekt\u201c versucht, die Viehwirtschaft im Mittelmeerraum zu reformieren<\/figcaption><\/figure>\n<\/div>\n\n\n<p>Solche Projekte machte die westlichen \u201eExperten\u201c allerdings auch abh\u00e4ngig von der Zusammenarbeit mit der \u00f6rtlichen Bev\u00f6lkerung und deren Wissen. Gerade diese dialogische Dimension des gegenseitigen Lernens und die sozialen Bedingungen von Wissensfl\u00fcssen sollen in diesem Teilprojekt einen wichtigen Raum einnehmen.<\/p>\n","protected":false},"excerpt":{"rendered":"<p>Heisenbergprojekt Ziel des Forschungsprojektes ist, die Geschichte Europas im 20. Jahrhundert von seinen l\u00e4ndlichen Peripherien im S\u00fcden her neu zu erz\u00e4hlen. Kann man den europ\u00e4ischen S\u00fcden rund um das Mittelmeer [&hellip;]<\/p>\n","protected":false},"author":2503,"featured_media":0,"parent":0,"menu_order":0,"comment_status":"closed","ping_status":"closed","template":"","meta":{"footnotes":""},"categories":[4],"tags":[],"class_list":["post-1062","page","type-page","status-publish","hentry","category-forschung"],"_links":{"self":[{"href":"https:\/\/www.hsu-hh.de\/histec\/wp-json\/wp\/v2\/pages\/1062","targetHints":{"allow":["GET"]}}],"collection":[{"href":"https:\/\/www.hsu-hh.de\/histec\/wp-json\/wp\/v2\/pages"}],"about":[{"href":"https:\/\/www.hsu-hh.de\/histec\/wp-json\/wp\/v2\/types\/page"}],"author":[{"embeddable":true,"href":"https:\/\/www.hsu-hh.de\/histec\/wp-json\/wp\/v2\/users\/2503"}],"replies":[{"embeddable":true,"href":"https:\/\/www.hsu-hh.de\/histec\/wp-json\/wp\/v2\/comments?post=1062"}],"version-history":[{"count":7,"href":"https:\/\/www.hsu-hh.de\/histec\/wp-json\/wp\/v2\/pages\/1062\/revisions"}],"predecessor-version":[{"id":1398,"href":"https:\/\/www.hsu-hh.de\/histec\/wp-json\/wp\/v2\/pages\/1062\/revisions\/1398"}],"wp:attachment":[{"href":"https:\/\/www.hsu-hh.de\/histec\/wp-json\/wp\/v2\/media?parent=1062"}],"wp:term":[{"taxonomy":"category","embeddable":true,"href":"https:\/\/www.hsu-hh.de\/histec\/wp-json\/wp\/v2\/categories?post=1062"},{"taxonomy":"post_tag","embeddable":true,"href":"https:\/\/www.hsu-hh.de\/histec\/wp-json\/wp\/v2\/tags?post=1062"}],"curies":[{"name":"wp","href":"https:\/\/api.w.org\/{rel}","templated":true}]}}