{"id":1056,"date":"2022-11-30T09:27:47","date_gmt":"2022-11-30T08:27:47","guid":{"rendered":"https:\/\/www.hsu-hh.de\/histec\/?page_id=1056"},"modified":"2022-12-14T09:24:54","modified_gmt":"2022-12-14T08:24:54","slug":"militaerstatistik-in-europa-im-langen-19-jahrhundert","status":"publish","type":"page","link":"https:\/\/www.hsu-hh.de\/histec\/militaerstatistik-in-europa-im-langen-19-jahrhundert","title":{"rendered":""},"content":{"rendered":"\n<h2 class=\"wp-block-heading\">Milit\u00e4rstatistik in Europa im langen 19. Jahrhundert<\/h2>\n\n\n\n<div style=\"height:30px\" aria-hidden=\"true\" class=\"wp-block-spacer\"><\/div>\n\n\n\n<div class=\"wp-block-media-text alignwide is-stacked-on-mobile\" style=\"grid-template-columns:30% auto\"><figure class=\"wp-block-media-text__media\"><img loading=\"lazy\" decoding=\"async\" width=\"1024\" height=\"1024\" src=\"https:\/\/www.hsu-hh.de\/histec\/wp-content\/uploads\/sites\/734\/2022\/11\/pk003359-e1669808648533-1024x1024.jpg\" data-credit=\"A. Franz\" alt=\"A. Franz\" class=\"wp-image-1022 size-full\" srcset=\"https:\/\/www.hsu-hh.de\/histec\/wp-content\/uploads\/sites\/734\/2022\/11\/pk003359-e1669808648533-1024x1024.jpg 1024w, https:\/\/www.hsu-hh.de\/histec\/wp-content\/uploads\/sites\/734\/2022\/11\/pk003359-e1669808648533-300x300.jpg 300w, https:\/\/www.hsu-hh.de\/histec\/wp-content\/uploads\/sites\/734\/2022\/11\/pk003359-e1669808648533-150x150.jpg 150w, https:\/\/www.hsu-hh.de\/histec\/wp-content\/uploads\/sites\/734\/2022\/11\/pk003359-e1669808648533-768x768.jpg 768w, https:\/\/www.hsu-hh.de\/histec\/wp-content\/uploads\/sites\/734\/2022\/11\/pk003359-e1669808648533-100x100.jpg 100w, https:\/\/www.hsu-hh.de\/histec\/wp-content\/uploads\/sites\/734\/2022\/11\/pk003359-e1669808648533-1100x1100.jpg 1100w, https:\/\/www.hsu-hh.de\/histec\/wp-content\/uploads\/sites\/734\/2022\/11\/pk003359-e1669808648533.jpg 1419w\" sizes=\"auto, (max-width: 1024px) 100vw, 1024px\" \/><\/figure><div class=\"wp-block-media-text__content\">\n<h2 class=\"wp-block-heading\">Heinrich Hartmann<\/h2>\n\n\n\n<div style=\"height:15px\" aria-hidden=\"true\" class=\"wp-block-spacer\"><\/div>\n\n\n\n<p>Meine Forschungen zur Milit\u00e4rstatistik in Europa im langen 19. Jahrhundert untersuchen den Zusammenhang\u00a0 von demographischem Wissen und Konzepten von Tauglichkeit. In diesem Sinne war die Musterung mehr als ein sozialer rite de passage. Vielmehr wurde sie zum Begegnungsort verschiedener insbesondere anthropologischer, statistischer und eugenisch-biologistischer\u00a0Wissensordnungen\u00a0und wurde immer wieder als \u201escreening&#8220; der Bev\u00f6lkerung verstanden. \u00dcber die Verhandlung von Kriterien und Kategorien von Tauglichkeit, Gesundheit und k\u00f6rperlicher Leistungsf\u00e4higkeit bildeten sich neue Netzwerke \u2013 etwa zwischen \u00d6konomen, Statistikern und Milit\u00e4r\u00e4rzten \u2013 und brachten ihre Interpretation der Gesellschaft an eine breitere \u00d6ffentlichkeit. Mein besonderes Interesse gilt der Frage, inwieweit statistische Kategorien erst in sozialen Situationen ausgehandelt wurden \u2013 inwiefern etwa Musterungsdaten nach den lokalen Kontexten ihrer Erfassung, zwischen Untersuchenden und Stellungspflichtigen &#8222;ausgehandelt&#8220; und somit Subjekte und Objekte einer solchen Wissensgeschichte miteinander in Beziehung setzten.\u00a0Die Forschungen zu diesem Thema bildeten die Grundlage f\u00fcr die Monographie <em>Der Volksk\u00f6rper bei der Musterung\u00a0<\/em>(Wallstein 2011) f\u00fcr MIT Press (Ende 2016)\u00a0Die Arbeit an diesem Projekt wird in mehreren Artikelprojekten weitergef\u00fchrt.<\/p>\n<\/div><\/div>\n","protected":false},"excerpt":{"rendered":"<p>Milit\u00e4rstatistik in Europa im langen 19. Jahrhundert<\/p>\n","protected":false},"author":2503,"featured_media":0,"parent":0,"menu_order":0,"comment_status":"closed","ping_status":"closed","template":"","meta":{"footnotes":""},"categories":[4],"tags":[],"class_list":["post-1056","page","type-page","status-publish","hentry","category-forschung"],"_links":{"self":[{"href":"https:\/\/www.hsu-hh.de\/histec\/wp-json\/wp\/v2\/pages\/1056","targetHints":{"allow":["GET"]}}],"collection":[{"href":"https:\/\/www.hsu-hh.de\/histec\/wp-json\/wp\/v2\/pages"}],"about":[{"href":"https:\/\/www.hsu-hh.de\/histec\/wp-json\/wp\/v2\/types\/page"}],"author":[{"embeddable":true,"href":"https:\/\/www.hsu-hh.de\/histec\/wp-json\/wp\/v2\/users\/2503"}],"replies":[{"embeddable":true,"href":"https:\/\/www.hsu-hh.de\/histec\/wp-json\/wp\/v2\/comments?post=1056"}],"version-history":[{"count":3,"href":"https:\/\/www.hsu-hh.de\/histec\/wp-json\/wp\/v2\/pages\/1056\/revisions"}],"predecessor-version":[{"id":1281,"href":"https:\/\/www.hsu-hh.de\/histec\/wp-json\/wp\/v2\/pages\/1056\/revisions\/1281"}],"wp:attachment":[{"href":"https:\/\/www.hsu-hh.de\/histec\/wp-json\/wp\/v2\/media?parent=1056"}],"wp:term":[{"taxonomy":"category","embeddable":true,"href":"https:\/\/www.hsu-hh.de\/histec\/wp-json\/wp\/v2\/categories?post=1056"},{"taxonomy":"post_tag","embeddable":true,"href":"https:\/\/www.hsu-hh.de\/histec\/wp-json\/wp\/v2\/tags?post=1056"}],"curies":[{"name":"wp","href":"https:\/\/api.w.org\/{rel}","templated":true}]}}