{"id":1052,"date":"2022-11-30T09:26:22","date_gmt":"2022-11-30T08:26:22","guid":{"rendered":"https:\/\/www.hsu-hh.de\/histec\/?page_id=1052"},"modified":"2022-12-06T17:09:55","modified_gmt":"2022-12-06T16:09:55","slug":"modernisierung-planung-und-intervention-in-der-geschichte-europaischer-integration","status":"publish","type":"page","link":"https:\/\/www.hsu-hh.de\/histec\/modernisierung-planung-und-intervention-in-der-geschichte-europaischer-integration","title":{"rendered":""},"content":{"rendered":"\n<h2 class=\"wp-block-heading\">Die Zukunft planen: Modernisierung, Planung und Intervention in der Geschichte europ\u00e4ischer Integration &#8211; Wissen, Netzwerke und Instrumente<\/h2>\n\n\n\n<div style=\"height:30px\" aria-hidden=\"true\" class=\"wp-block-spacer\"><\/div>\n\n\n\n<div class=\"wp-block-media-text alignwide is-stacked-on-mobile is-vertically-aligned-top\" style=\"grid-template-columns:33% auto\"><figure class=\"wp-block-media-text__media\"><img loading=\"lazy\" decoding=\"async\" width=\"300\" height=\"300\" src=\"https:\/\/www.hsu-hh.de\/histec\/wp-content\/uploads\/sites\/734\/2022\/11\/etiamos161000187-e1669808619904.jpg\" data-credit=\"etiamos161000187\" alt=\"etiamos161000187\" class=\"wp-image-1005 size-full\" srcset=\"https:\/\/www.hsu-hh.de\/histec\/wp-content\/uploads\/sites\/734\/2022\/11\/etiamos161000187-e1669808619904.jpg 300w, https:\/\/www.hsu-hh.de\/histec\/wp-content\/uploads\/sites\/734\/2022\/11\/etiamos161000187-e1669808619904-150x150.jpg 150w, https:\/\/www.hsu-hh.de\/histec\/wp-content\/uploads\/sites\/734\/2022\/11\/etiamos161000187-e1669808619904-100x100.jpg 100w\" sizes=\"auto, (max-width: 300px) 100vw, 300px\" \/><\/figure><div class=\"wp-block-media-text__content\">\n<h2 class=\"wp-block-heading\">Hugo Canihac<\/h2>\n\n\n\n<p>Europ\u00e4ische Integration wurde oft als ein Prozess beschrieben, der durch allgemeine, vorhersehbare und feste Regeln abl\u00e4uft, die darauf abzielen einen Rahmen zu schaffen, der die M\u00f6glichkeiten der \u00f6ffentlichen Hand zur Gestaltung der wirtschaftlichen und sozialen Aktivit\u00e4ten einschr\u00e4nkt. Dieses Projekt m\u00f6chte dieser Darstellung einen anderen, oft heruntergespielten Aspekt der europ\u00e4ischen Integration gegen\u00fcberstellen: Ihre Eingriffe in die wirtschaftlichen und sozialen Prozesse. Es geht darum, die l\u00e4ngere Geschichte der wirtschaftlichen und sozialen Ma\u00dfnahmen zu verstehen, die von der Europ\u00e4ischen Union zur Bew\u00e4ltigung der j\u00fcngsten Krisen (z. B. Wirtschaft, Umwelt) ergriffen wurden. Zu diesem Zweck wird das Projekt die Entstehung verschiedener Pl\u00e4ne zur sozialen und wirtschaftlichen Modernisierung in den ersten Jahrzehnten der europ\u00e4ischen Integration, das ihnen zugrunde liegende Wissen und die Interventionen in den wirtschaftlichen und sozialen Bereichen, die sie rechtfertigten, untersuchen. Das Projekt wird sich auf Schl\u00fcsselbereiche der Politik (<abbr title=\"zum Beispiel\">z.B.<\/abbr> Industrie- und Agrarpolitik) konzentrieren, um die Netzwerke von Akteuren zu beleuchten, die diese Pl\u00e4ne erfanden, verbreiteten und umsetzten. Es wird eine transnationale Perspektive eingenommen, welche die globalen Verflechtungen dieser Netzwerke und ihrer Ideen ber\u00fccksichtigt.<\/p>\n<\/div><\/div>\n","protected":false},"excerpt":{"rendered":"<p>Die Zukunft planen: Modernisierung, Planung und Intervention in der Geschichte europ\u00e4ischer Integration &#8211; Wissen, Netzwerke und Instrumente Hugo Canihac Europ\u00e4ische Integration wurde oft als ein Prozess beschrieben, der durch allgemeine, [&hellip;]<\/p>\n","protected":false},"author":2503,"featured_media":0,"parent":0,"menu_order":0,"comment_status":"closed","ping_status":"closed","template":"","meta":{"footnotes":""},"categories":[4],"tags":[],"class_list":["post-1052","page","type-page","status-publish","hentry","category-forschung"],"_links":{"self":[{"href":"https:\/\/www.hsu-hh.de\/histec\/wp-json\/wp\/v2\/pages\/1052","targetHints":{"allow":["GET"]}}],"collection":[{"href":"https:\/\/www.hsu-hh.de\/histec\/wp-json\/wp\/v2\/pages"}],"about":[{"href":"https:\/\/www.hsu-hh.de\/histec\/wp-json\/wp\/v2\/types\/page"}],"author":[{"embeddable":true,"href":"https:\/\/www.hsu-hh.de\/histec\/wp-json\/wp\/v2\/users\/2503"}],"replies":[{"embeddable":true,"href":"https:\/\/www.hsu-hh.de\/histec\/wp-json\/wp\/v2\/comments?post=1052"}],"version-history":[{"count":6,"href":"https:\/\/www.hsu-hh.de\/histec\/wp-json\/wp\/v2\/pages\/1052\/revisions"}],"predecessor-version":[{"id":1253,"href":"https:\/\/www.hsu-hh.de\/histec\/wp-json\/wp\/v2\/pages\/1052\/revisions\/1253"}],"wp:attachment":[{"href":"https:\/\/www.hsu-hh.de\/histec\/wp-json\/wp\/v2\/media?parent=1052"}],"wp:term":[{"taxonomy":"category","embeddable":true,"href":"https:\/\/www.hsu-hh.de\/histec\/wp-json\/wp\/v2\/categories?post=1052"},{"taxonomy":"post_tag","embeddable":true,"href":"https:\/\/www.hsu-hh.de\/histec\/wp-json\/wp\/v2\/tags?post=1052"}],"curies":[{"name":"wp","href":"https:\/\/api.w.org\/{rel}","templated":true}]}}