{"id":1039,"date":"2022-11-30T09:09:48","date_gmt":"2022-11-30T08:09:48","guid":{"rendered":"https:\/\/www.hsu-hh.de\/histec\/?page_id=1039"},"modified":"2026-03-28T14:09:11","modified_gmt":"2026-03-28T13:09:11","slug":"infos-ps-leitfaden","status":"publish","type":"page","link":"https:\/\/www.hsu-hh.de\/histec\/infos-ps-leitfaden","title":{"rendered":"Mitteilungsarchiv"},"content":{"rendered":"\n<ul class=\"wp-block-list\">\n<li>Gemeinsam mit Studierenden der Professur f\u00fcr Wirtschafts-, Sozial- und Technikgeschichte der Bundeswehruniversit\u00e4t M\u00fcnchen haben wir mit unseren Studierenden eine Exkursion ins Ruhrgebiet unternommen. Gemeinsam untersuchten wir das ehemalige (und zuk\u00fcnftige?) Herz der deutschen Energieversorgung und betrachteten die Umformung der Landschaft durch die Industrialisierung. Anhand von Wasserregulierung, Bergbr\u00fcchen und Haldenbewirtschaftung stellten wir uns die Frage nach den Langzeitkosten des Bergbaus. Hier finden Sie einige Fotos der Exkursion<\/li>\n<\/ul>\n\n\n<script>\tvar sosereDefaults = {\"allowfullscreen\":true,\"fit\":\"contain\",\"transition\":\"crossfade\",\"loop\":true,\"autoplay\":\"3000\",\"stopautoplayontouch\":true,\"keyboard\":true,\"nav\":\"thumbs\"}<\/script><div class='sosere--wp' data-ids='1615,1614,1613,1612,1611,1610'data-link='file'data-itemtag='dl'data-icontag='dt'data-captiontag='dd'data-columns='0'data-size='large'data-width='1024'data-auto='false'data-max-width='100%'data-ratio='1.3333333333333'><div id='gallery-1' class='gallery galleryid-1039 gallery-columns-0 gallery-size-thumbnail'><dl class='gallery-item'>\n\t\t\t<dt class='gallery-icon landscape'>\n\t\t\t\t<a href='https:\/\/www.hsu-hh.de\/histec\/wp-content\/uploads\/sites\/734\/2024\/07\/PHOTO-2024-06-04-16-17-24-2-1024x768.jpg' data-full='https:\/\/www.hsu-hh.de\/histec\/wp-content\/uploads\/sites\/734\/2024\/07\/PHOTO-2024-06-04-16-17-24-2-scaled.jpg' data-credit=\"Heinrich Hartmann\"><img loading=\"lazy\" decoding=\"async\" width=\"150\" height=\"150\" src=\"https:\/\/www.hsu-hh.de\/histec\/wp-content\/uploads\/sites\/734\/2024\/07\/PHOTO-2024-06-04-16-17-24-2-150x150.jpg\" class=\"attachment-thumbnail size-thumbnail\" alt=\"\" aria-describedby=\"gallery-1-1615\" srcset=\"https:\/\/www.hsu-hh.de\/histec\/wp-content\/uploads\/sites\/734\/2024\/07\/PHOTO-2024-06-04-16-17-24-2-150x150.jpg 150w, https:\/\/www.hsu-hh.de\/histec\/wp-content\/uploads\/sites\/734\/2024\/07\/PHOTO-2024-06-04-16-17-24-2-100x100.jpg 100w\" sizes=\"auto, (max-width: 150px) 100vw, 150px\" \/><\/a>\n\t\t\t<\/dt>\n\t\t\t\t<dd class='wp-caption-text gallery-caption' id='gallery-1-1615'>\n\t\t\t\tKokerei Prosper\n\t\t\t\t<\/dd><\/dl><dl class='gallery-item'>\n\t\t\t<dt class='gallery-icon landscape'>\n\t\t\t\t<a href='https:\/\/www.hsu-hh.de\/histec\/wp-content\/uploads\/sites\/734\/2024\/07\/IMG_3431-1024x768.jpg' data-full='https:\/\/www.hsu-hh.de\/histec\/wp-content\/uploads\/sites\/734\/2024\/07\/IMG_3431-scaled.jpg' data-credit=\"Heinrich Hartmann\"><img loading=\"lazy\" decoding=\"async\" width=\"150\" height=\"150\" src=\"https:\/\/www.hsu-hh.de\/histec\/wp-content\/uploads\/sites\/734\/2024\/07\/IMG_3431-150x150.jpg\" class=\"attachment-thumbnail size-thumbnail\" alt=\"\" aria-describedby=\"gallery-1-1614\" srcset=\"https:\/\/www.hsu-hh.de\/histec\/wp-content\/uploads\/sites\/734\/2024\/07\/IMG_3431-150x150.jpg 150w, https:\/\/www.hsu-hh.de\/histec\/wp-content\/uploads\/sites\/734\/2024\/07\/IMG_3431-100x100.jpg 100w\" sizes=\"auto, (max-width: 150px) 100vw, 150px\" \/><\/a>\n\t\t\t<\/dt>\n\t\t\t\t<dd class='wp-caption-text gallery-caption' id='gallery-1-1614'>\n\t\t\t\tNachtigallstollen\n\t\t\t\t<\/dd><\/dl><dl class='gallery-item'>\n\t\t\t<dt class='gallery-icon landscape'>\n\t\t\t\t<a href='https:\/\/www.hsu-hh.de\/histec\/wp-content\/uploads\/sites\/734\/2024\/07\/IMG_3427-1024x768.jpg' data-full='https:\/\/www.hsu-hh.de\/histec\/wp-content\/uploads\/sites\/734\/2024\/07\/IMG_3427-scaled.jpg' data-credit=\"Heinrich Hartmann\"><img loading=\"lazy\" decoding=\"async\" width=\"150\" height=\"150\" src=\"https:\/\/www.hsu-hh.de\/histec\/wp-content\/uploads\/sites\/734\/2024\/07\/IMG_3427-150x150.jpg\" class=\"attachment-thumbnail size-thumbnail\" alt=\"\" aria-describedby=\"gallery-1-1613\" srcset=\"https:\/\/www.hsu-hh.de\/histec\/wp-content\/uploads\/sites\/734\/2024\/07\/IMG_3427-150x150.jpg 150w, https:\/\/www.hsu-hh.de\/histec\/wp-content\/uploads\/sites\/734\/2024\/07\/IMG_3427-100x100.jpg 100w\" sizes=\"auto, (max-width: 150px) 100vw, 150px\" \/><\/a>\n\t\t\t<\/dt>\n\t\t\t\t<dd class='wp-caption-text gallery-caption' id='gallery-1-1613'>\n\t\t\t\tLoren vor dem Nachtigallstollen\n\t\t\t\t<\/dd><\/dl><dl class='gallery-item'>\n\t\t\t<dt class='gallery-icon landscape'>\n\t\t\t\t<a href='https:\/\/www.hsu-hh.de\/histec\/wp-content\/uploads\/sites\/734\/2024\/07\/IMG_3426-1024x768.jpg' data-full='https:\/\/www.hsu-hh.de\/histec\/wp-content\/uploads\/sites\/734\/2024\/07\/IMG_3426-scaled.jpg' data-credit=\"Heinrich Hartmann\"><img loading=\"lazy\" decoding=\"async\" width=\"150\" height=\"150\" src=\"https:\/\/www.hsu-hh.de\/histec\/wp-content\/uploads\/sites\/734\/2024\/07\/IMG_3426-150x150.jpg\" class=\"attachment-thumbnail size-thumbnail\" alt=\"\" aria-describedby=\"gallery-1-1612\" srcset=\"https:\/\/www.hsu-hh.de\/histec\/wp-content\/uploads\/sites\/734\/2024\/07\/IMG_3426-150x150.jpg 150w, https:\/\/www.hsu-hh.de\/histec\/wp-content\/uploads\/sites\/734\/2024\/07\/IMG_3426-100x100.jpg 100w\" sizes=\"auto, (max-width: 150px) 100vw, 150px\" \/><\/a>\n\t\t\t<\/dt>\n\t\t\t\t<dd class='wp-caption-text gallery-caption' id='gallery-1-1612'>\n\t\t\t\tLoren vor dem Nachtigallstollen \n\t\t\t\t<\/dd><\/dl><dl class='gallery-item'>\n\t\t\t<dt class='gallery-icon landscape'>\n\t\t\t\t<a href='https:\/\/www.hsu-hh.de\/histec\/wp-content\/uploads\/sites\/734\/2024\/07\/IMG_3424-1024x768.jpg' data-full='https:\/\/www.hsu-hh.de\/histec\/wp-content\/uploads\/sites\/734\/2024\/07\/IMG_3424-scaled.jpg' data-credit=\"Heinrich Hartmann\"><img loading=\"lazy\" decoding=\"async\" width=\"150\" height=\"150\" src=\"https:\/\/www.hsu-hh.de\/histec\/wp-content\/uploads\/sites\/734\/2024\/07\/IMG_3424-150x150.jpg\" class=\"attachment-thumbnail size-thumbnail\" alt=\"\" aria-describedby=\"gallery-1-1611\" srcset=\"https:\/\/www.hsu-hh.de\/histec\/wp-content\/uploads\/sites\/734\/2024\/07\/IMG_3424-150x150.jpg 150w, https:\/\/www.hsu-hh.de\/histec\/wp-content\/uploads\/sites\/734\/2024\/07\/IMG_3424-100x100.jpg 100w\" sizes=\"auto, (max-width: 150px) 100vw, 150px\" \/><\/a>\n\t\t\t<\/dt>\n\t\t\t\t<dd class='wp-caption-text gallery-caption' id='gallery-1-1611'>\n\t\t\t\tDampff\u00f6rdermaschine\n\t\t\t\t<\/dd><\/dl><dl class='gallery-item'>\n\t\t\t<dt class='gallery-icon portrait'>\n\t\t\t\t<a href='https:\/\/www.hsu-hh.de\/histec\/wp-content\/uploads\/sites\/734\/2024\/07\/IMG_3421-768x1024.jpg' data-full='https:\/\/www.hsu-hh.de\/histec\/wp-content\/uploads\/sites\/734\/2024\/07\/IMG_3421-scaled.jpg' data-credit=\"Heinrich Hartmann \"><img loading=\"lazy\" decoding=\"async\" width=\"150\" height=\"150\" src=\"https:\/\/www.hsu-hh.de\/histec\/wp-content\/uploads\/sites\/734\/2024\/07\/IMG_3421-150x150.jpg\" class=\"attachment-thumbnail size-thumbnail\" alt=\"\" aria-describedby=\"gallery-1-1610\" srcset=\"https:\/\/www.hsu-hh.de\/histec\/wp-content\/uploads\/sites\/734\/2024\/07\/IMG_3421-150x150.jpg 150w, https:\/\/www.hsu-hh.de\/histec\/wp-content\/uploads\/sites\/734\/2024\/07\/IMG_3421-100x100.jpg 100w\" sizes=\"auto, (max-width: 150px) 100vw, 150px\" \/><\/a>\n\t\t\t<\/dt>\n\t\t\t\t<dd class='wp-caption-text gallery-caption' id='gallery-1-1610'>\n\t\t\t\tDampff\u00f6rdermaschine\n\t\t\t\t<\/dd><\/dl>\n\t\t<\/div>\n<\/div>\n\n\n<div style=\"height:0px\" aria-hidden=\"true\" class=\"wp-block-spacer\"><\/div>\n\n\n\n<ul class=\"wp-block-list\">\n<li>Wir gratulieren ganz herzlich unserem Teammitglied, Kai Herzog, der gerade an der Universit\u00e4t Basel seine Doktorarbeit erfolgreich verteidigt hat. Seine Dissertation tr\u00e4gt den Titel &#8222;Violent Encounters: Practices and Perceptions of Violence in Southern Namibia and the Northern Cape, c. 1880-1910&#8220;. Wir freuen uns mit Kai.<\/li>\n<\/ul>\n\n\n\n<div style=\"height:15px\" aria-hidden=\"true\" class=\"wp-block-spacer\"><\/div>\n\n\n\n<ul class=\"wp-block-list\">\n<li>In einem neuen Aufsatz f\u00fcr die Zeitschrift <a href=\"https:\/\/www.cambridge.org\/core\/journals\/enterprise-and-society\/article\/developing-the-world-by-teaching-domestic-consumption-swiss-supermarkets-and-the-emergence-of-development-aid-policies-in-the-early-postwar-period\/26EA8BF3E222C5D675466C30728D7DC3\" data-type=\"link\" data-id=\"https:\/\/www.cambridge.org\/core\/journals\/enterprise-and-society\/article\/developing-the-world-by-teaching-domestic-consumption-swiss-supermarkets-and-the-emergence-of-development-aid-policies-in-the-early-postwar-period\/26EA8BF3E222C5D675466C30728D7DC3\" rel='nofollow'>&#8222;Enterprise and Society&#8220;<\/a> (open access) arbeitet Heinrich Hartmann die Geschichte der Migros T\u00fcrk, einer Ausgr\u00fcndung der Schweizerischen Supermarktkette Migros in der T\u00fcrkei, seit den 1950er Jahren auf. Dabei stellt er dar, wie das Unternehmen seine Expansion auch als Teil eines gr\u00f6\u00dferen entwicklungspolitischen Anliegens verstand und entsprechend vermarktete.<\/li>\n<\/ul>\n\n\n\n<div style=\"height:15px\" aria-hidden=\"true\" class=\"wp-block-spacer\"><\/div>\n\n\n\n<ul class=\"wp-block-list\">\n<li>Im Januar 2024 begr\u00fc\u00dft die Professur Laura Bodmann als neue wissenschaftliche Mitarbeiterin. Frau Bodmann arbeitet an einem Dissertationsprojekt zur Geschichte der Digitalisierung in Deutschland. In ihrer Lehre und weiteren Forschung wird sie sich zudem dem Themenkomplex der Geschichte der K\u00fcnstlichen Intelligenz widmen und damit einen wertvollen historischen Beitrag zu einem f\u00fcr die Zukunft immer wichtigeren Forschungsfeld leisten. <\/li>\n<\/ul>\n\n\n\n<div style=\"height:15px\" aria-hidden=\"true\" class=\"wp-block-spacer\"><\/div>\n\n\n\n<ul class=\"wp-block-list\">\n<li>Bereits seit Oktober freut sich die Professur \u00fcber die Verst\u00e4rkung durch unseren neuen Mitarbeiter Kai Herzog. Herr Herzog hat gerade an der Universit\u00e4t Basel eine Dissertation zur Geschichte von Gewaltkulturen im kolonialen Namibia eingereicht. An der <abbr title=\"Helmut Schmidt Universit\u00e4t\">HSU<\/abbr> wird er sich mit einem neuen <a href=\"https:\/\/www.hsu-hh.de\/histec\/kai-herzog\" data-type=\"link\" data-id=\"https:\/\/www.hsu-hh.de\/histec\/kai-herzog\">Forschungsprojekt zur Geschichte des Motorsports im postkolonialen Ostafrika<\/a> besch\u00e4ftigen.<\/li>\n<\/ul>\n\n\n\n<div style=\"height:15px\" aria-hidden=\"true\" class=\"wp-block-spacer\"><\/div>\n\n\n\n<ul class=\"wp-block-list\">\n<li>Die Professur freut sich, ab September Mona Bieling als neue Mitarbeiterin zu begr\u00fc\u00dfen. Frau Bieling schlie\u00dft gerade Ihre Promotion zur Umweltgeschichte im britischen Mandatsgebiet Pal\u00e4stina ab, eine Arbeit die sie am Graduateinstitute Genf abgeschlossen hat. Auch an der <abbr title=\"Helmut Schmidt Universit\u00e4t\">HSU<\/abbr> wird Frau Bieling in Forschung und Lehre weiter zum Zusammenhang von Kolonialismus und Umweltgeschichte arbeiten. Wir freuen uns \u00fcber die Verst\u00e4rkung!<\/li>\n<\/ul>\n\n\n\n<div style=\"height:15px\" aria-hidden=\"true\" class=\"wp-block-spacer\"><\/div>\n\n\n\n<ul class=\"wp-block-list\">\n<li>Wir freuen uns, dass die Professur &#8222;Wissensgeschichte moderner Gesellschaften&#8220; als ausf\u00fchrende Stelle einen Kooperationsvertrag zwischen der Helmut-Schmidt-Universit\u00e4t und dem <a href=\"https:\/\/cmb.hu-berlin.de\/zentrum\" data-type=\"link\" data-id=\"https:\/\/cmb.hu-berlin.de\/zentrum\" rel='nofollow'>Centre Marc Bloch\/Deutsch-franz\u00f6sisches Zentrum f\u00fcr Geistes- und Sozialforschung, Berlin<\/a> abschlie\u00dfen konnte. Die Kooperation zwischen den beiden Universit\u00e4ten wird den Austausch von Wissenschaftler_innen in Forschung und Lehre sowie die Planung gemeinsamer Veranstaltungen umfassen. Sie ist offen f\u00fcr alle Angeh\u00f6rigen der Helmut-Schmidt-Universit\u00e4t.<\/li>\n<\/ul>\n\n\n\n<div style=\"height:15px\" aria-hidden=\"true\" class=\"wp-block-spacer\"><\/div>\n\n\n\n<ul class=\"wp-block-list\">\n<li>Wir gratulieren unserer Mitarbeiterin Margot Lyautey zum Wissenschaftspreis der Stadt Paris, die sie f\u00fcr Ihre Dissertation \u201eVom Besatzer lernen? Die franz\u00f6sische Landwirtschaftsmodernisierung (1940-1944): Akteure, Einfl\u00fcsse, Spielr\u00e4ume\u201c erhalten hat. N\u00e4here Infos unter:&nbsp;<a rel=\"noreferrer noopener\" href=\"https:\/\/www.sorbonne.fr\/la-chancellerie-des-universites-de-paris\/v2la-chancellerie-des-universites-de-paris-recompense-lexcellence-universitaire-et-propose-des-prix\/les-prix-universitaires\/\" target=\"_blank\">https:\/\/www.sorbonne.fr\/la-chancellerie-des-universites-de-paris\/v2la-chancellerie-des-universites-de-paris-recompense-lexcellence-universitaire-et-propose-des-prix\/les-prix-universitaires\/<\/a>. Die Dissertation von Frau Lyautey wurde zudem bereits mit dem Fakult\u00e4tspreis der Eberhard-Karls-Universit\u00e4t T\u00fcbingen sowie mit dem Michael-Werner-Preis des CIERA ausgezeichnet. Ein toller Erfolg!<\/li>\n<\/ul>\n\n\n\n<div style=\"height:15px\" aria-hidden=\"true\" class=\"wp-block-spacer\"><\/div>\n\n\n\n<ul class=\"wp-block-list\">\n<li>Wir freuen uns, einen neuen Blog zu den Problematiken der transnationalen Geschichte vorstellen zu k\u00f6nnen. [<a rel=\"noreferrer noopener\" href=\"https:\/\/franallglob.hypotheses.org\/\" target=\"_blank\">https:\/\/franallglob.hypotheses.org\/<\/a>] Ausgehend von Fragen der deutsch-franz\u00f6sischen Geschichtsschreibung besch\u00e4ftigt sich eine Reihe von namhaften Autor_innen mit der Weiterentwicklung dieser Fragestellungen in einem globalhistorischen Rahmen. Die Beitr\u00e4ge sind jeweils inspiriert von Arbeiten des Historikers <a href=\"https:\/\/www.sciencespo.fr\/histoire\/fr\/chercheur\/Jakob%20Vogel\/76103.html\" data-type=\"link\" data-id=\"https:\/\/www.sciencespo.fr\/histoire\/fr\/chercheur\/Jakob%20Vogel\/76103.html\" rel='nofollow'>Jakob Vogel<\/a>.<\/li>\n<\/ul>\n\n\n\n<ul class=\"wp-block-list\">\n<li>Heinrich Hartmann hat einen&nbsp;<a href=\"https:\/\/www.cambridge.org\/core\/journals\/contemporary-european-history\/article\/meeting-again-at-tahirova-german-expertise-in-turkish-agriculture-in-the-20th-century\/5514738473636BF9CF2159FD75730A7D\" rel='nofollow'>Aufsatz zum Zusammenhang von Zuchtprojekten und internationaler Entwicklungspolitik in der T\u00fcrkei<\/a>&nbsp;geschrieben. Der Aufsatz ist im Journal of Contemporary European History im open access erschienen.<\/li>\n<\/ul>\n\n\n\n<div style=\"height:15px\" aria-hidden=\"true\" class=\"wp-block-spacer\"><\/div>\n\n\n\n<ul class=\"wp-block-list\">\n<li>Unsere Mitarbeiterin Margot Lyautey tr\u00e4gt am 22. November vor, im Kolloquium des Lehrstuhls f\u00fcr Neuere und Neueste Geschichte (<abbr title=\"Professor\">Prof.<\/abbr>&nbsp;Tatjana T\u00f6nsmeyer) der Bergischen Universit\u00e4t Wuppertal \u00fcber: \u201eVom Besatzer lernen? Modernisierung der franz\u00f6sischen Landwirtschaft (1940\u20131944): Akteure, Einfl\u00fcsse, Spielr\u00e4ume\u201c.<\/li>\n<\/ul>\n\n\n\n<div style=\"height:15px\" aria-hidden=\"true\" class=\"wp-block-spacer\"><\/div>\n\n\n\n<ul class=\"wp-block-list\">\n<li>Unsere Mitarbeiterin Margot Lyautey hat f\u00fcr Ihre Dissertation \u201eVom Besatzer lernen? Die franz\u00f6sische Landwirtschaftsmodernisierung (1940-1944): Akteure, Einfl\u00fcsse, Spielr\u00e4ume\u201c den Michael Werner Dissertationspreis vom CIERA bekommen. Ihre Dissertation wird beim Verlag \u00c9ditions MSH ver\u00f6ffentlicht. Wir gratulieren ganz herzlich! (Siehe&nbsp;<a href=\"https:\/\/www.ciera.fr\/de\/prix-these-michael-werner\" rel='nofollow'>https:\/\/www.ciera.fr\/de\/prix-these-michael-werner<\/a>)<\/li>\n<\/ul>\n\n\n\n<div style=\"height:15px\" aria-hidden=\"true\" class=\"wp-block-spacer\"><\/div>\n\n\n\n<ul class=\"wp-block-list\">\n<li>Ringvorlesung: N\u00e4here Informationen finden Sie&nbsp;<a href=\"https:\/\/www.hsu-hh.de\/histec\/wp-content\/uploads\/sites\/734\/2023\/04\/RV_50-Jahre-HSU__A-230411-2.pdf\">hier<\/a>.<\/li>\n<\/ul>\n\n\n\n<div style=\"height:15px\" aria-hidden=\"true\" class=\"wp-block-spacer\"><\/div>\n\n\n\n<ul class=\"wp-block-list\">\n<li><strong>Umwidmung&nbsp;der&nbsp;Professur:&nbsp;Wissensgeschichte&nbsp;moderner&nbsp;Gesellschaften<\/strong>. Nach Genehmigung durch die universit\u00e4ren Gremien ist die Professur f\u00fcr Neuere Sozial-, Wirtschafts- und Technikgeschichte umgewidmet worden und hei\u00dft in Zukunft \u201eWissensgeschichte moderner Gesellschaften\u201c. Diese Umwidmung tr\u00e4gt der Tatsache Rechnung, dass sich viele technikhistorische und wissenschaftshistorische Debatten im Begriff des Wissens \u00fcberschneiden und dabei auch offen gegen\u00fcber neuen Fragestellungen, etwa aus dem Bereich der Umweltgeschichte, sind. Die Professur beh\u00e4lt damit thematisch ihren breiten Zuschnitt und bleibt eine Plattform f\u00fcr verschiedenste Forschungs- und Lehrthemen aus den Bereichen der Sozial-, Wirtschafts- und Unternehmensgeschichte, der Geschichte von Wissen, Wissenschaft und Technik oder der Umweltgeschichte.<\/li>\n<\/ul>\n\n\n\n<div style=\"height:15px\" aria-hidden=\"true\" class=\"wp-block-spacer\"><\/div>\n\n\n\n<ul class=\"wp-block-list\">\n<li>Margot Lyautey, Mitarbeiterin unseres Lehrstuhls, hat am 8.12. 2022 ihre Dissertation zur \u201eModernisierung der franz\u00f6sischen Landwirtschaft unter deutscher Besatzung (1940\u20131944)\u201c in einem Co-tutelle Verfahren an der Universit\u00e4t T\u00fcbingen und der Ecole des Hautes Etudes en Sciences Sociales in Paris erfolgreich verteidigt. Wir gratulieren Frau&nbsp;<abbr title=\"Doktor\">Dr.<\/abbr>&nbsp;Lyautey sehr herzlich und sind stolz, sie im Team zu haben.<\/li>\n<\/ul>\n\n\n\n<div style=\"height:15px\" aria-hidden=\"true\" class=\"wp-block-spacer\"><\/div>\n\n\n\n<ul class=\"wp-block-list\">\n<li>Heinrich Hartmann hat im Handbuch \u201eLiving with the Land\u201c von Dietmar M\u00fcller, Liesbeth van de Grift und Corinna Unger einen Beitrag zur Dynamik des Begriffs von Expert:innen und Expertise in der europ\u00e4ischen Landwirtschaft geschrieben. N\u00e4here Informationen finden Sie&nbsp;<a href=\"https:\/\/www.degruyter.com\/document\/doi\/10.1515\/9783110678628-012\/html\" rel='nofollow'>hier<\/a>.<\/li>\n<\/ul>\n\n\n\n<div style=\"height:15px\" aria-hidden=\"true\" class=\"wp-block-spacer\"><\/div>\n\n\n\n<ul class=\"wp-block-list\">\n<li>Andreas Wei\u00df mit Maria Framke: Forum: Zur Rolle der Nation in der Geschichtsschreibung des 21. Jahrhunderts, in: H-Soz-Kult, 08.09.2021. Link: <a href=\"https:\/\/www.hsozkult.de\/debate\/id\/diskussionen-5272\" rel='nofollow'>https:\/\/www.hsozkult.de\/debate\/id\/diskussionen-5272<\/a><\/li>\n<\/ul>\n\n\n\n<div style=\"height:15px\" aria-hidden=\"true\" class=\"wp-block-spacer\"><\/div>\n\n\n\n<ul class=\"wp-block-list\">\n<li>Andreas Wei\u00df: Auf der Suche nach dem S\u00fcden: Die Europ\u00e4ischen Gemeinschaften und ihr Blick nach S\u00fcden in den 1970er und 1980er Jahren, in: Dinkel, J\u00fcrgen; Fiebrig, Steffen; Reichherzer, Frank (<abbr title=\"Herausgeber\">Hrsg.<\/abbr>): Nord\/S\u00fcd. Perspektiven auf eine globale Konstellation. Berlin: De Gruyter Oldenbourg, 2020, S. 65\u201384.                                                                                                                                                              Link: <a href=\"https:\/\/www.degruyter.com\/document\/doi\/10.1515\/9783110682625-004\/html\" rel='nofollow'>Auf der Suche nach dem S\u00fcden: Die Europ\u00e4ischen Gemeinschaften und ihr Blick nach S\u00fcden in den 1970er und 1980er Jahren (degruyter.com)<\/a><\/li>\n<\/ul>\n\n\n\n<div style=\"height:15px\" aria-hidden=\"true\" class=\"wp-block-spacer\"><\/div>\n\n\n\n<ul class=\"wp-block-list\">\n<li>Dicker als Wasser : Mit Christopher Neumaier \u00fcber die Geschichte der Familie im 20. Jahrhundert: <a href=\"https:\/\/dasneue.berlin\/2020\/01\/27\/dicker-als-wasser\/\" rel='nofollow'>Hier<\/a>&nbsp;zu h\u00f6ren!<\/li>\n<\/ul>\n\n\n\n<div style=\"height:15px\" aria-hidden=\"true\" class=\"wp-block-spacer\"><\/div>\n\n\n\n<ul class=\"wp-block-list\">\n<li>Christopher Neumaier: Der Diesel in den USA und Deutschland \u2013 Ein Motor auf den letzten Metern                                                          Link: <a href=\"https:\/\/www.deutschlandfunkkultur.de\/der-diesel-in-den-usa-und-deutschland-ein-motor-auf-den-100.html\" rel='nofollow'>Der Diesel in den USA und Deutschland &#8211; Ein Motor auf den letzten Metern | deutschlandfunkkultur.de<\/a><\/li>\n<\/ul>\n","protected":false},"excerpt":{"rendered":"","protected":false},"author":2503,"featured_media":0,"parent":0,"menu_order":0,"comment_status":"closed","ping_status":"closed","template":"","meta":{"footnotes":""},"categories":[4],"tags":[],"class_list":["post-1039","page","type-page","status-publish","hentry","category-forschung"],"_links":{"self":[{"href":"https:\/\/www.hsu-hh.de\/histec\/wp-json\/wp\/v2\/pages\/1039","targetHints":{"allow":["GET"]}}],"collection":[{"href":"https:\/\/www.hsu-hh.de\/histec\/wp-json\/wp\/v2\/pages"}],"about":[{"href":"https:\/\/www.hsu-hh.de\/histec\/wp-json\/wp\/v2\/types\/page"}],"author":[{"embeddable":true,"href":"https:\/\/www.hsu-hh.de\/histec\/wp-json\/wp\/v2\/users\/2503"}],"replies":[{"embeddable":true,"href":"https:\/\/www.hsu-hh.de\/histec\/wp-json\/wp\/v2\/comments?post=1039"}],"version-history":[{"count":9,"href":"https:\/\/www.hsu-hh.de\/histec\/wp-json\/wp\/v2\/pages\/1039\/revisions"}],"predecessor-version":[{"id":1814,"href":"https:\/\/www.hsu-hh.de\/histec\/wp-json\/wp\/v2\/pages\/1039\/revisions\/1814"}],"wp:attachment":[{"href":"https:\/\/www.hsu-hh.de\/histec\/wp-json\/wp\/v2\/media?parent=1039"}],"wp:term":[{"taxonomy":"category","embeddable":true,"href":"https:\/\/www.hsu-hh.de\/histec\/wp-json\/wp\/v2\/categories?post=1039"},{"taxonomy":"post_tag","embeddable":true,"href":"https:\/\/www.hsu-hh.de\/histec\/wp-json\/wp\/v2\/tags?post=1039"}],"curies":[{"name":"wp","href":"https:\/\/api.w.org\/{rel}","templated":true}]}}