{"id":963,"date":"2021-04-29T10:14:08","date_gmt":"2021-04-29T08:14:08","guid":{"rendered":"https:\/\/www.hsu-hh.de\/hisost\/?page_id=963"},"modified":"2025-03-12T16:23:20","modified_gmt":"2025-03-12T15:23:20","slug":"pd-dr-andreas-hilger","status":"publish","type":"page","link":"https:\/\/www.hsu-hh.de\/hisost\/pd-dr-andreas-hilger\/","title":{"rendered":"PD Dr. Andreas Hilger"},"content":{"rendered":"\n\n\n<figure class=\"wp-block-image size-large\"><img loading=\"lazy\" decoding=\"async\" width=\"150\" height=\"150\" src=\"https:\/\/www.hsu-hh.de\/hisost\/wp-content\/uploads\/sites\/832\/2021\/04\/AndreasHilger-e1510230736580-150x150-1.jpg\" data-credit=\"\" alt=\"\" class=\"wp-image-964\" srcset=\"https:\/\/www.hsu-hh.de\/hisost\/wp-content\/uploads\/sites\/832\/2021\/04\/AndreasHilger-e1510230736580-150x150-1.jpg 150w, https:\/\/www.hsu-hh.de\/hisost\/wp-content\/uploads\/sites\/832\/2021\/04\/AndreasHilger-e1510230736580-150x150-1-100x100.jpg 100w\" sizes=\"auto, (max-width: 150px) 100vw, 150px\" \/><\/figure>\n\n\n<h3>Vita<\/h3>\n<ul>\n<li style=\"list-style-type: none\">\n<ul>\n<li>Geboren 1967 in K\u00f6ln. Verstorben 2024 in Tbilissi.<br \/><em>Am 15. Juni 2024 verstarb unser Freund und Kollege Andreas Hilger. Als Privatdozent an der Professur f\u00fcr Geschichte Osteuropas und Ostmitteleuropas war er nicht nur ein hoch gesch\u00e4tzter Kollege, auch viele Studierende hatten das Gl\u00fcck, ihn kennen und sch\u00e4tzen zu lernen. Seit 2009 lehrte er an der Helmut-Schmidt-Universit\u00e4t, habilitierte sich hier 2015 und sollte im Herbst 2024 zum apl. <abbr title=\"Professor\">Prof.<\/abbr> ernannt werden. Neben zahlreichen anderen T\u00e4tigkeiten in der Wissenschaft baute er zuletzt die neu entstehende Georgien-Pr\u00e4senz der Max-Weber-Stiftung in Tbilissi auf.<br \/><\/em>Ein ausf\u00fchrlicher Nachruf: https:\/\/www.maxweberstiftung.de\/aktuelles\/nachrichten\/einzelansicht-nachrichten\/detail\/News\/trauer-um-pd-dr-andreas-hilger.html<br \/><br \/><\/li>\n<li>2023 &#8211; 2024 Head Branch Office Georgia, Max Weber Stiftung<\/li>\n<li>2019 &#8211; 2023 Stellvertretender Direktor des Deutschen Historischen Instituts Moskau<\/li>\n<li>Sommersemester 2018 Vertretung der Professur f\u00fcr Osteurop\u00e4ische Geschichte Universit\u00e4t Heidelberg (<abbr title=\"Professor\">Prof.<\/abbr> <abbr title=\"Doktor\">Dr.<\/abbr> T. Penter)<\/li>\n<li>2016 &#8211; 2018 Wissenschaftlicher Leiter des deutsch-russischen Projekts &#8222;Sowjetische und deutsche Kriegsgefangene und Internierte&#8220;, DHI Moskau<\/li>\n<li>Sommersemester 2016 Vertretung der Professur f\u00fcr Neuere Geschichte Universit\u00e4t Heidelberg (<abbr title=\"Professor\">Prof.<\/abbr> <abbr title=\"Doktor\">Dr.<\/abbr> R. Wenzlhuemer)<\/li>\n<li>2015 Habilitation an der Helmut-Schmidt-Universit\u00e4t der Bundeswehr Hamburg: &#8222;Die sowjetisch-indischen Beziehungen 1941-1965\/1966: Kommunismus, Dekolonisierung und Kalter Krieg&#8220;<br \/>Venia Legendi f\u00fcr die F\u00e4cher Neuere Geschichte und Osteurop\u00e4ische Geschichte<\/li>\n<li>2011 &#8211; 2016 Wissenschaftlicher Mitarbeiter der Unabh\u00e4ngigen Historikerkommission zur Erforschung der Geschichte des Bundesnachrichtendienstes 1945-1968<\/li>\n<li>2009 &#8211; 2011 Lehrkraft f\u00fcr besondere Aufgaben an der Helmut-Schmidt-Universit\u00e4t\/Universit\u00e4t der Bundeswehr, Hamburg<\/li>\n<li>seit 2003 Berater-T\u00e4tigkeit f\u00fcr Fernsehproduktionen <abbr title=\"unter anderem\">u.a.<\/abbr> Formen gesellschaftlicher Wissenschaftsvermittlung<\/li>\n<li>seit 2001 Lehrauftr\u00e4ge an den Universit\u00e4ten Hamburg, Heidelberg und Bremen<\/li>\n<li>1999 &#8211; 2005 wiss. Mitarbeiter im Hannah-Arendt-Institut f\u00fcr Totalitarismusforschung, Dresden resp. in der Abteilung f\u00fcr Osteurop\u00e4ische Geschichte der Universit\u00e4t zu K\u00f6ln; Projektt\u00e4tigkeit (<abbr title=\"unter anderem\">u.a.<\/abbr> BStU); Rechercheauftr\u00e4ge (<abbr title=\"unter anderem\">u.a.<\/abbr> Unternehmensgeschichte Otto Wolff der Otto-Wolff-Stiftung, K\u00f6ln und Flick-Projekt der Friedrich-Schiller-Universit\u00e4t Jena); Leiter der Fachbibliothek f\u00fcr Slavistik der Universit\u00e4t Hamburg<\/li>\n<li>bis 1998 Studium der Mittleren, Neuen, Osteurop\u00e4ischen Geschichte und der Slavistik sowie Studium der Bibliotheks- und Dokumentationswissenschaften in K\u00f6ln, Volgograd, Greystones\/Irland<\/li>\n<li>Promotion an der Universit\u00e4t zu K\u00f6ln: Deutsche Kriegsgefangene in der Sowjetunion 1941-1956<\/li>\n<\/ul>\n<\/li>\n<\/ul>\n<h3>Forschungsschwerpunkte<\/h3>\n<ul>\n<li>Geschichte der Internationalen Beziehungen, bes. deutsch-sowjetische Beziehungen und Ost-S\u00fcd-Beziehungen<\/li>\n<li>Kriegsgefangenschaft im 20. Jahrhundert; Zweiter Weltkrieg und Nationalsozialismus, bes. Strafverfolgung von NS-Verbrechen und Erinnerungskultur<\/li>\n<li>Sowjetische Geschichte, bes. Geschichte der Repressionen und Erinnerungskultur<\/li>\n<\/ul>\n<h3>Publikationen<\/h3>\n<p><strong>Monographien<\/strong><\/p>\n<ul>\n<li>Deutsche Kriegsgefangene in der Sowjetunion, 1941-1956. Kriegsgefangenenpolitik, Lageralltag und Erinnerung (Schriften der Bibliothek f\u00fcr Zeitgeschichte N.F. 11), Essen 2000.\u00a0<\/li>\n<\/ul>\n<p><strong>Herausgeberschaft<\/strong><\/p>\n<ul>\n<li>Sowjetische Milit\u00e4rtribunale, Band 1: Die Verurteilung deutscher Kriegsgefangener 1941-1953 (Schriften des Hannah-Arendt-Instituts f\u00fcr Totalitarismusforschung 17), K\u00f6ln 2001 (gemeinsam mit Ute Schmidt und G\u00fcnther Wagenlehner).<\/li>\n<li>Diktaturdurchsetzung. Instrumente und Methoden der kommunistischen Machtsicherung in der SBZ\/DDR 1945-1955 (Berichte und Studien 35), Dresden 2001 (gemeinsam mit Mike Schmeitzner und Ute Schmidt).<\/li>\n<li>Sowjetische Milit\u00e4rtribunale, Band 2: Die Verurteilung deutscher Zivilisten 1945-1955 (Schriften des Hannah-Arendt-Instituts f\u00fcr Totalitarismusforschung 17\/2), K\u00f6ln 2003 (gemeinsam mit Mike Schmeitzner und Ute Schmidt).<\/li>\n<li>\u201eTod den Spionen!\u201c. Todesurteile sowjetischer Gerichte in der SBZ\/DDR und in der Sowjetunion bis 1953, G\u00f6ttingen 2006.<\/li>\n<li>Sowjetisierung oder Neutralit\u00e4t? Optionen sowjetischer Deutschlandpolitik in Deutschland und \u00d6sterreich 1945-1955, G\u00f6ttingen 2006 (gemeinsam mit Mike Schmeitzner und Clemens Vollnhals).<\/li>\n<li>Indo-Soviet relations, Parallel History Project on Cooperative Security, 2008:\u00a0 www.php.isn.ethz.ch (gemeinsam mit Anna Locher, Shana Goldberg und Matthias Pintsch).<\/li>\n<li>Sowjetische Kriegsgefangene im Dritten Reich und ihre Repatriierung, G\u00f6ttingen 2009 \u2013 in Vorbereitung (gemeinsam mit R\u00fcdiger Overmans und Pavel Poljan).<\/li>\n<li>Die UdSSR und ihre Verb\u00fcndeten in der Dritten Welt, M\u00fcnchen 2009 \u2013 in Vorbereitung.\u00a0<\/li>\n<\/ul>\n<p><strong>Beitr\u00e4ge in Zeitschriften und Sammelb\u00e4nden<\/strong><\/p>\n<p><strong>1997 \u2013 1999<\/strong><\/p>\n<ul>\n<li>Deutsche Kriegsgefangene im Wiederaufbau der Sowjetunion: Arbeitsorganisation und -leistung im Licht deutscher und russischer Quellen, in: Problemy voennogo plena: istorija i sovremennost\u2018, Band 2, Vologda 1997, S. 68-72.<\/li>\n<li>Deutsche Kriegsgefangene im Wiederaufbau der Sowjetunion, in: R\u00fcdiger Overmans (Hg.), In der Hand des Feindes. Kriegsgefangenschaft von der Antike bis zum Zweiten Weltkrieg, K\u00f6ln 1999, S. 441-460.<\/li>\n<li>Deutsche Kriegsgefangene in der Sowjetunion, 1941-1956: Anmerkungen zur russischen Literatur der neunziger Jahre, in: Newsletter des Arbeitskreises Milit\u00e4rgeschichte e.V. \u2013 (1999), Nr. 10, S. 24-29.\u00a0<\/li>\n<\/ul>\n<p><strong>2000 \u2013 2003<\/strong><\/p>\n<ul>\n<li>\u201eRussisch Roulette\u201c oder empirische Forschung? Eine Replik auf Klaus-Dieter M\u00fcller (DA 3\/2000), in: Deutschland Archiv. 33 (2000), S. 796-799 (gemeinsam mit Ute Schmidt).<\/li>\n<li>\u201eMit Konfiskation des Verm\u00f6gens\u201c \u2013 Die SMAD-Befehle zur Vollstreckung der Urteile sowjetischer Milit\u00e4rtribunale zur Verm\u00f6genseinziehung in der SBZ\/DDR, in: Zeitschrift f\u00fcr Offene Verm\u00f6gensfragen, 2\/2002, S. 81-84.<\/li>\n<li>Einleitung, in: Sowjetische Milit\u00e4rtribunale, Band 1: Die Verurteilung deutscher Kriegsgefangener 1941-1953, hg. von Andreas Hilger, Ute Schmidt und G\u00fcnther Wagenlehner (Schriften des Hannah-Arendt-Instituts f\u00fcr Totalitarismusforschung 17), K\u00f6ln 2001, S. 7-21 (gemeinsam mit Ute Schmidt und G\u00fcnther Wagenlehner).<\/li>\n<li>Faustpfand im Kalten Krieg? Die Massenverurteilungen deutscher Kriegsgefangener 1949\/50 und die Repatriierung Verurteilter 1950 bis 1956, in: Ebd., S. 211-272.<\/li>\n<li>Die sowjetischen Straflager f\u00fcr verurteilte deutsche Kriegsgefangene: Wege in eine terra incognita der Kriegsgefangenengeschichte, in: Ebd., S. 93-142.<\/li>\n<li>Der \u201eUkaz 43\u201c: Entstehung und Problematik des Dekrets des Pr\u00e4sidiums des Obersten Sowjets vom 19. April 1943, in: Ebd., S. 177-210 (gemeinsam mit Nikita Petrov und G\u00fcnther Wagenlehner).<\/li>\n<li>Die T\u00e4tigkeit sowjetischer Milit\u00e4rtribunale gegen deutsche Zivilisten: Recht und Ideologie, in: Diktaturdurchsetzung. Instrumente und Methoden der kommunistischen Machtsicherung in der SBZ\/DDR 1945-1955, hg. von Andreas Hilger, Mike Schmeitzner und Ute Schmidt (Berichte und Studien 35), Dresden 2001, S. 79-90.<\/li>\n<li>Die Sowjetunion als Gewahrsamsmacht des Zweiten Weltkrieges, 1941-1956. In: 100(0) Schl\u00fcsseldokumente zur russisch-sowjetischen Geschichte im Internet. http:\/\/www.osteuropa.geschichte.uni-er\/forschung\/schluesseldokumente-deutsch.shtml.\u00a0<\/li>\n<li>Counter-Intelligence Soviet Style: The Activities of Soviet Security Services in East Germany, 1945-1955, in: The Journal of Intelligence History, 3 (2003), S. 83-105.<\/li>\n<li>Sowjetische Gewahrsamsmacht und deutsche Kriegsgefangene 1941 \u2013 1956:Zum Verh\u00e4ltnis von V\u00f6lkerrecht und nationalem Interesse im Stalinismus, in: MGZ, 62 (2003), S. 395-422.<\/li>\n<li>Einleitung: Deutschlandpolitik und Strafjustiz. Zur T\u00e4tigkeit sowjetischer Milit\u00e4rtribunale in Deutschland 1945-1955, in: Sowjetische Milit\u00e4rtribunale, Band 2: Die Verurteilung deutscher Zivilisten 1945-1955, hg. von Andreas Hilger, Mike Schmeitzner und Ute Schmidt (Schriften des Hannah-Arendt-Instituts f\u00fcr Totalitarismusforschung 17\/2), K\u00f6ln 2003, S. 7-33 (gemeinsam mit Mike Schmeitzner).<\/li>\n<li>\u201eErledigung der Schmutzarbeit\u201c? Die sowjetischen Justiz- und Sicherheitsapparate in Deutschland, in: Ebd., S. 59-152 (gemeinsam mit Nikita Petrov).<\/li>\n<li>Widerstand und Willk\u00fcr. Studien zur sowjetischen Strafverfolgung parteiloser Zivilisten in der SBZ\/DDR 1945-1955, in: Ebd., S. 193-263.<\/li>\n<li>Der Spion, der sich liebte: Wolfram von Hanstein, in: Ebd., S. 397-415.<\/li>\n<li>\u201eHaft in entlegenen Gebieten\u201c: Zum Problem der Deportationen Verurteilter, in: Ebd., S. 663-683.<br \/>SMT-Verurteilte als Problem der Entstalinisierung. Die Entlassungen Tribunalverurteilter aus sowjetischer und deutscher Haft, in: Ebd., S. 685-756 (gemeinsam mit J\u00f6rg Morr\u00e9).\u00a0<\/li>\n<\/ul>\n<p><strong>2004 \u2013 heute<\/strong><\/p>\n<ul>\n<li>Stalins Justiz auf dem Pr\u00fcfstand? Deutsche \u201eKriegsverurteilte\u201c zwischen Repatriierung und Rehabilitierung, 1953-2002, in: Forum f\u00fcr osteurop\u00e4ische Ideen- und Zeitgeschichte, 8 (2004), S. 123-150 + Dokumentation S. 245-294.<\/li>\n<li>Re-educating the German Prisoners of War: aims, devices, results and memory in East and West Germany, in: Prisoners of War, Prisoners of Peace: Captivity, Homecoming and Memory in World War II, hg. von Bob Moore und Barbara Hately, Oxford 2005, S. 61-76.<\/li>\n<li>The ambivalence of Soviet policies toward German POWs, 1941-1956, in: Dmitri Frolov (Hg.), From war to peace. The experience of captivity of the POWs in World War II, 1944-1955, Helsinki 2005, S. 7-13.<\/li>\n<li>Skoro domoj? Die Repatriierungen deutscher Kriegsgefangener aus der UdSSR 1945 im Spannungsfeld von sowjetischer Wirtschafts- und Au\u00dfenpolitik. In: Kriegsgefangene des Zweiten Weltkrieges, in: Gefangennahme \u2013 Lagerleben \u2013 R\u00fcckkehr, hg. von G\u00fcnter Bischof, Stefan Karner und Barbara Stelzl-Marx, Wien 2005, S. 199-219.<\/li>\n<li>\u201eIm Namen der Union der Sozialistischen Sowjet-Republiken\u201c \u2013 Die sowjetische Milit\u00e4rjustiz in Deutschland 1945-1955, in: \u201cErschossen in Moskau \u2026\u201c. Die deutschen Opfer des Stalinismus auf dem Moskauer Friedhof Donskoje 1950-1953, hg. von Arsenij Roginskij <abbr title=\"unter anderem\">u.a.<\/abbr>, Berlin 2005, S. 19-35 (gemeinsam mit Nikita Petrov). \u2013 3. <abbr title=\"Auflage\">Aufl.<\/abbr> 2008.<\/li>\n<li>Smert\u2019 \u0160pionam! \u2013 Tod den Spionen! Todesurteile sowjetischer Gerichte in der SBZ\/DDR 1945-1955, in: Andreas Hilger (Hg.), \u201eTod den Spionen!\u201c. Todesurteile sowjetischer Gerichte in der SBZ\/DDR und in der Sowjetunion bis 1953, G\u00f6ttingen 2006, S. 7-35.<\/li>\n<li>Strafjustiz im Verfolgungswahn. Todesurteile sowjetischer Gerichte in Deutschland, in: Ebd., S. 95-155.- \u201eDie Gerechtigkeit nehme ihren Lauf\u201c. Deutsche Kriegs- und Gewaltverbrechen und die sowjetische Justiz, in: Norbert Frei (<abbr title=\"Herausgeber\">Hrsg.<\/abbr>): Transnationale Vergangenheitspolitik. Der Umgang mit deutschen Kriegsverbrechen in Europa nach dem Zweiten Weltkrieg, G\u00f6ttingen 2006, S. 180-246.<\/li>\n<li>Nemeckie voennoplennye v SSSR: aktual\u2019nye problemy izu\u010denija, in: V. B. Konasov <abbr title=\"unter anderem\">u.a.<\/abbr> (Hg.), Ustanovlenie diplomati\u010deskich otno\u0161enij me\u017edu SSSR i FRG. Nemeckie voennoplennye v SSSR. Materialy me\u017edunarodnogo nau\u010dnogo seminara (Vologda, 17 \u2013 18 oktjabra 2005 g.), Volgoda 2006, S. 60-65.<\/li>\n<li>Deutsche Kriegsgefangene und die Erfahrung des Stalinismus, in: J\u00fcrgen Zarusky (Hg.), Stalin und die Deutschen. Neue Beitr\u00e4ge der Forschung, M\u00fcnchen 2006, S. 111-129.<\/li>\n<li>Sowjetische Justiz und Kriegsverbrechen. Dokumente zu den Verurteilungen deutscher Kriegsgefangener, 1941-1949, in: VfZG, 54 (2006), S. 461-515.<\/li>\n<li>Von Banden und Klassenfeinden: Stalins Tschekisten in Deutschland 1945-1955, in: Sowjetisierung oder Neutralit\u00e4t? Optionen sowjetischer Deutschlandpolitik in Deutschland und \u00d6sterreich 1945-1955, hg. von Andreas Hilger, Mike Schmeitzner und Clemens Vollnhals, G\u00f6ttingen 2006, S. 143-168.<\/li>\n<li>Deutsche vor der sowjetischen Milit\u00e4rjustiz, in: Sowjetische Milit\u00e4rjustiz in der SBZ\/DDR (1945-1955). Tagungsband, hg. von Daniel Bohse und Lutz Miehe, Halle 2007, S. 25-34.<\/li>\n<li>Grenzen der Entstalinisierung. Sowjetische Politik zwischen Rehabilitierung und Repression, 1953 bis 1964, in: Kommunismus in der Krise. Die Entstalinisierung 1956 und die Folgen, hg. von Roger Engelmann, Thomas Gro\u00dfb\u00f6lting und Hermann Wentker, G\u00f6ttingen 2008, S. 253-273.<\/li>\n<li>Moskau und die Entwicklungsl\u00e4nder, in: Prager Fr\u00fchling. Das internationale Krisenjahr 1968, hg. von Stefan Karner, Natalja Tomilina, Alexander Tschubarjan <abbr title=\"unter anderem\">u.a.<\/abbr>, K\u00f6ln 2008, S. 299-315.<\/li>\n<li>The Soviet Union and India: the years of late Stalinism, in: Indo-Soviet relations: new Russian evidence, hg. von Andreas Hilger, Anna Locher, Shana Goldberg <abbr title=\"unter anderem\">u.a.<\/abbr>, Parallel History Project on Cooperative Security, September 2008: www.php.isn.ethz.ch\/collections\/.<\/li>\n<li>Das Russlandbild der deutschen Kriegsheimkehrer, in : Forum f\u00fcr osteurop\u00e4ische Ideen- und Zeitgeschichte, 12 (2008), Nr. 1, S. 65-83.<\/li>\n<li>Die Sowjetunion (1945-1991), in: Handbuch der kommunistischen Geheimdienste in Osteuropa, hg. von Lukasz Kaminski, Krzysztof Persak und Jens Gieseke, G\u00f6ttingen 2009, S. 43-141.<\/li>\n<li>Limited rehabilitation? Historical observations on the legal rehabilitation of foreign citizens in today\u2019s Russia In: Historical justice in international perspective. How societies are trying to right the wrongs of the past, ed. by Manfred Berg\/Bernd Sch\u00e4fer, Cambridge 2009, S. 165-186.<\/li>\n<li>Revolutionsideologie, Systemkonkurrenz oder Entwicklungspolitik? Sowjetisch-indische Wirtschaftsbeziehungen in Chruschtschows Kaltem Krieg, in Archiv f\u00fcr Sozialgeschichte, 48 (2008), S. 389-410.<\/li>\n<li>Staatsschutz versus Rechtssicherheit. Todesurteile der sowjetischen Justiz in der SBZ\/DDR, 1945 bis 1955, in: Barbara Stelzl-Marx (Hg.), Die sowjetische Justiz in \u00d6sterreich, 1945 bis 1955, Graz, 2009 \u2013 im Druck.\u00a0<\/li>\n<\/ul>\n<p><strong>Rezensionen <abbr title=\"unter anderem\">u.a.<\/abbr> f\u00fcr AfS, JBfGOE, H-Soz-Kult, sehepunkte<\/strong><\/p>\n<p><strong>Gesellschaftliche Wissenschaftsvermittlung<\/strong><\/p>\n<ul>\n<li>Vortr\u00e4ge und Interviews im Bereich der politischen Bildung und Information(<abbr title=\"unter anderem\">u.a.<\/abbr> Bautzen-Forum; S\u00fcddeutsche Zeitung; Frontal 21).<\/li>\n<li>Fachberatung f\u00fcr die Dokumentation des ZDF \u201eDie Gefangenen \u2013\u00a0 Ab nach Sibirien\u201c, Sendetermin: 14. Oktober 2003.<\/li>\n<li>Fachberatung f\u00fcr die Dokumentation von SWR\/ARD \u201eHeimkehr aus dem Osten\u201c, Sendetermine: 24.08., 08.09. und 05.10.2005.<\/li>\n<li>Fachberatung f\u00fcr die Dokumentation des BR \u201eHeimkehr in die Fremde\u201c, Sendetermin: 10. Oktober 2005.<\/li>\n<li>Fachberatung f\u00fcr die Dokumentation von ZDF\/arte \u201eSpurlos verschwunden\u201c, Erstsendung: 14. M\u00e4rz 2007.<\/li>\n<li>Fachberatung f\u00fcr den Beitrag: \u201eVergessene DDR-Opfer \u2013 Anita Wille \u00fcberlebte sibirisches Arbeitslager\u201c, zur Sendung \u201eMenschen und Schlagzeilen\u201c, Sendetermin: 1. Oktober 2008.<\/li>\n<\/ul>\n<p>Homepage: <a href=\"http:\/\/www.andreas-hilger.de\" rel='nofollow'>www.andreas-hilger.de\u00a0\u00a0<\/a><\/p>\n\n\n<p><\/p>\n","protected":false},"excerpt":{"rendered":"<p>Vita Geboren 1967 in K\u00f6ln. Verstorben 2024 in Tbilissi.Am 15. Juni 2024 verstarb unser Freund und Kollege Andreas Hilger. Als Privatdozent an der Professur f\u00fcr Geschichte Osteuropas und Ostmitteleuropas war [&hellip;]<\/p>\n","protected":false},"author":2548,"featured_media":0,"parent":0,"menu_order":0,"comment_status":"closed","ping_status":"closed","template":"","meta":{"footnotes":""},"categories":[8],"tags":[],"class_list":["post-963","page","type-page","status-publish","hentry","category-team"],"_links":{"self":[{"href":"https:\/\/www.hsu-hh.de\/hisost\/wp-json\/wp\/v2\/pages\/963","targetHints":{"allow":["GET"]}}],"collection":[{"href":"https:\/\/www.hsu-hh.de\/hisost\/wp-json\/wp\/v2\/pages"}],"about":[{"href":"https:\/\/www.hsu-hh.de\/hisost\/wp-json\/wp\/v2\/types\/page"}],"author":[{"embeddable":true,"href":"https:\/\/www.hsu-hh.de\/hisost\/wp-json\/wp\/v2\/users\/2548"}],"replies":[{"embeddable":true,"href":"https:\/\/www.hsu-hh.de\/hisost\/wp-json\/wp\/v2\/comments?post=963"}],"version-history":[{"count":10,"href":"https:\/\/www.hsu-hh.de\/hisost\/wp-json\/wp\/v2\/pages\/963\/revisions"}],"predecessor-version":[{"id":2897,"href":"https:\/\/www.hsu-hh.de\/hisost\/wp-json\/wp\/v2\/pages\/963\/revisions\/2897"}],"wp:attachment":[{"href":"https:\/\/www.hsu-hh.de\/hisost\/wp-json\/wp\/v2\/media?parent=963"}],"wp:term":[{"taxonomy":"category","embeddable":true,"href":"https:\/\/www.hsu-hh.de\/hisost\/wp-json\/wp\/v2\/categories?post=963"},{"taxonomy":"post_tag","embeddable":true,"href":"https:\/\/www.hsu-hh.de\/hisost\/wp-json\/wp\/v2\/tags?post=963"}],"curies":[{"name":"wp","href":"https:\/\/api.w.org\/{rel}","templated":true}]}}