{"id":949,"date":"2021-04-27T12:40:18","date_gmt":"2021-04-27T10:40:18","guid":{"rendered":"https:\/\/www.hsu-hh.de\/hisost\/?page_id=949"},"modified":"2025-11-11T14:19:23","modified_gmt":"2025-11-11T13:19:23","slug":"caroline-breitfelder","status":"publish","type":"page","link":"https:\/\/www.hsu-hh.de\/hisost\/caroline-breitfelder\/","title":{"rendered":"Caroline Breitfelder, M.Ed."},"content":{"rendered":"<script type=\"application\/ld+json\">[{\"@context\": \"https:\/\/www.schema.org\",\"@type\": \"Person\",\"name\": \"Caroline Breitfelder\",\"worksFor\": [{\t\"@type\": \"Organization\",\t\"name\": \"Helmut-Schmidt-Universit\u00e4t\",\t\"url\": \"https:\/\/www.hsu-hh.de\"\t, \"department\": {\"@type\": \"Organization\",\t\t\t\t\t\"name\": \"Geschichte Ost- und Ostmitteleuropas\",\t\t\t\t\t\"location\": {\t\t\t\t\t\t\"@type\": \"PostalAddress\",\t\t\t\t\t\t\"addressLocality\": \"\",        \t\t\t\t\"postalCode\": \"22043\",        \t\t\t\t\"streetAddress\": \"Holstenhofweg 85 , Geb\u00e4ude H1\"\t\t\t\t\t}},\t\"location\": {\t\t\"@type\": \"PostalAddress\",    \t\"addressLocality\": \"\",    \t\"postalCode\": \"22008\",    \t\"postOfficeBoxNumber\": \"700822\"\t}   }],\"image\": \"https:\/\/www.hsu-hh.de\/hisost\/wp-content\/uploads\/sites\/832\/2021\/04\/Foto-CB-150x150.jpg\",\"telephone\": \" (040) 6541 2625\",\"faxNumber\": \"\",\"email\": \"caroline.breitfelder@hsu-hh.de\"}]<\/script><div class=\"clearfix\"><\/div><div class=\"ansprechparter-container \" style=\"margin-top:1em; \"><div class=\"row ansprechpartner-item ansprechparter-header\" ><div class=\"col-xs-8 col-lg-12\" style=\"margin-bottom: 30px;\"><h3 class=\"ansprechparter-headline\">Caroline Breitfelder<\/h3><\/div><\/div><div class=\"col-md-4 col-lg-3 col-xs-4 ansprechpartner-item floatright img-circle center-block\" style=\"margin-bottom: 30px;\"><div class=\"img-responsive-wrapper\"><img decoding=\"async\" src=\"https:\/\/www.hsu-hh.de\/hisost\/wp-content\/uploads\/sites\/832\/2021\/04\/Foto-CB-150x150.jpg\" alt=\"Profol\" class=\"img-circle img-responsive center-block\" \/><\/div><\/div><div class=\"col-md-12 col-lg-3 col-xs-12 ansprechpartner-item kontakt floatright\" style=\"margin-bottom: 30px; \"><div class=\"row\"><div class=\"col-xs-12 col-sm-6 col-lg-12\"><div class=\"row\"><div class=\"col-xs-4 col-lg-4 row-text bold\" >Raum:<\/div><div class=\" row-text\">2324<\/div><\/div><\/div><div class=\"col-xs-12 col-sm-6 col-lg-12\"><div class=\"row\"><div class=\"col-xs-4 col-lg-4 row-text bold\">Telefon:<\/div><div class=\" row-text\"> (040) 6541 2625<\/div><\/div><\/div><div class=\"col-xs-12 col-sm-6 col-lg-12\"><div class=\"row\"><div class=\"col-xs-4 col-lg-4 row-text bold\">E-Mail:<\/div><div class=\"row-text\" style=\"overflow:hidden; word-break: break-word\"><a href=\"mailto:caroline.breitfelder@hsu-hh.de\" rel=\"nofollow\">caroline.breitfelder@hsu-hh.de<\/a><\/div><\/div><\/div><\/div><\/div><div class=\"col-md-6 col-lg-3 col-xs-12 ansprechpartner-item anschrift floatright\" ><div class=\"row-headline\">Besucheranschrift<\/div><div class=\"dataBesucheranschrift\" style=\"\"><div class=\"row-text\">Helmut-Schmidt-Universit\u00e4t<\/div><div class=\"row-text\">Geb\u00e4ude H1<\/div><div class=\"row-text\">Holstenhofweg 85<\/div><div class=\"row-text\">22043 Hamburg<\/div><\/div><\/div><div class=\"col-md-6 col-lg-3 col-xs-12 ansprechpartner-item anschrift floatright\"><div class=\"row-headline\">Postanschrift<\/div><div class=\"dataPostanschrift\" style=\"\"><div class=\"row-text\">Helmut-Schmidt-Universit\u00e4t<\/div><div class=\"row-text\">Fakult\u00e4t f\u00fcr Geiso<\/div><div class=\"row-text\">Geschichte Ost- und Ostmitteleuropas<\/div><div class=\"row-text\">Postfach 70 08 22<\/div><div class=\"row-text\">22008 Hamburg<\/div><\/div><\/div><\/div><div class=\"clearfix\"><\/div>\n\n\n<h1 class=\"wp-block-heading\"><\/h1>\n\n\n\n<h2 class=\"wp-block-heading has-medium-font-size\">Vita<\/h2>\n\n\n\n<p>Seit 05\/2021 Wissenschaftliche Mitarbeiterin an der Professur f\u00fcr Geschichte Osteuropas und Ostmitteleuropas der Helmut-Schmidt-Universit\u00e4t Hamburg<\/p>\n\n\n\n<p>2023\/2024 Vertreterin des Mittelbaus im Fakult\u00e4tsrat der Helmut-Schmidt-Universit\u00e4t Hamburg<\/p>\n\n\n\n<p>2018-2021 Masterstudium an der Albert-Ludwigs-Universit\u00e4t in Freiburg mit dem Abschluss Master of Education. Thema der Masterarbeit am Lehrstuhl f\u00fcr Osteurop\u00e4ische Geschichte: \u201eDer Neue Mensch bei Larisa Rejsner\u201c<\/p>\n\n\n\n<p>2017-2018 Bachelorstudium an der Universit\u00e4t Konstanz mit dem Abschluss Bachelor of Education in Germanistik und Geschichte<\/p>\n\n\n\n<p>2013-2016 Bachelorstudium an der Universit\u00e4t Konstanz mit dem Abschluss Bachelor of Arts in Germanistik und Geschichte<\/p>\n\n\n\n<h3 class=\"wp-block-heading\">&nbsp;<\/h3>\n\n\n\n<h3 class=\"wp-block-heading has-medium-font-size\">Aktuelle Forschungsprojekte<\/h3>\n\n\n\n<h3 class=\"wp-block-heading\"><strong>Promotionsprojekt: <\/strong>Beobachten, Bewerten, Beeinflussen. Die Rolle(n) des Paul Scheffer (<em>Arbeitstitel<\/em>)<\/h3>\n\n\n\n<p>Die Dissertation zielt auf einen dreifachen Forschungsbeitrag ab. Erstens versteht sie sich als Beitrag zur Journalismusforschung, insbesondere zur Geschichte des Journalismus in der deutschen Zwischenkriegszeit, mit einem Schwerpunkt auf dem Berufsbild und der Praxis der Auslandskorrespondenten. Zweitens verfolgt die Arbeit einen biographischen Ansatz: Anhand bislang unerschlossener Archivbest\u00e4nde wird das Leben des einflussreichen Journalisten und Auslandskorrespondenten Paul Scheffer rekonstruiert und kritisch dekonstruiert. Scheffers Lebensweg fungiert dabei als strukturierendes Element und als analytische Linse, durch die zentrale Ereignisse, Entwicklungen und Diskurse des 20. Jahrhunderts sichtbar werden \u2013 Ph\u00e4nomene, deren Interpretation und Vermittlung zugleich das berufliche Selbstverst\u00e4ndnis Scheffers pr\u00e4gten. Drittens werden seine publizistischen Arbeiten, die zeitgen\u00f6ssische Diskurse aufgreifen und Deutungsangebote formulieren, als historische Quellen ernst genommen und methodisch analysiert. Damit leistet die Dissertation zugleich einen methodologischen Beitrag zur Frage, wie journalistische Texte in der Geschichtswissenschaft ausgewertet und als Erkenntnisquellen nutzbar gemacht werden k\u00f6nnen.<\/p>\n\n\n\n<h3 class=\"wp-block-heading\"><strong>Forschungsschwerpunkte<\/strong><\/h3>\n\n\n\n<ul class=\"wp-block-list\">\n<li>Geschichte der Auslandskorrespondent:innen, Journalismusgeschichte&nbsp;<\/li>\n\n\n\n<li>Der \u201eNeue Mensch\u201c in der fr\u00fchen Sowjetunion<\/li>\n\n\n\n<li>Reportage und Journalismus in der Sowjetunion und in Deutschland Anfang des 20. Jhs.<\/li>\n\n\n\n<li>Politische Utopien im fr\u00fchen 20. Jh.<\/li>\n<\/ul>\n\n\n\n<h3 class=\"wp-block-heading\">&nbsp;<\/h3>\n\n\n\n<h3 class=\"wp-block-heading has-medium-font-size\">Lehrveranstaltungen<\/h3>\n\n\n\n<p><strong>Proseminare<\/strong><\/p>\n\n\n\n<p>Von Pushkin bis Ulizkaja. Einf\u00fchrung in die russische und sowjetische Literatur (Wintertrimester 2023)<\/p>\n\n\n\n<p>Zwischen den Fronten. Auslandskorrespondent:innen im 20. Jahrhundert (Herbsttrimester 2023)<\/p>\n\n\n\n<p><b>Blockseminare<\/b><\/p>\n\n\n\n<p>Osteuropa: R\u00e4ume, Geschichte Kulturen (Helmut-Schmidt-Universit\u00e4t, Fr\u00fchjahrstrimester 2021)<\/p>\n\n\n\n<p><b>\u00dcbungen<\/b><\/p>\n\n\n\n<p>Der Neue Mensch in der Sowjetunion (Helmut-Schmidt-Universit\u00e4t, Herbsttrimester 2021)<\/p>\n\n\n\n<p>Writing in times of crisis. The journalists Larissa Reissner and Paul Scheffer in Germany and in the Soviet Union in the 1920s (Helmut-Schmidt-Universit\u00e4t, Herbsttrimester 2022)<\/p>\n\n\n\n<p>Von der Utopie zum Terror: Moskau in den 1920er Jahren (Helmut-Schmidt-Universit\u00e4t, Wintertrimester 2025)<\/p>\n\n\n\n<p>Living through the three Russian Revolutions: Memories, Diaries, History (Helmut-Schmidt-Universit\u00e4t, Herbsttrimester 2025)<\/p>\n\n\n\n<p><strong>Exkursionen<\/strong><\/p>\n\n\n\n<p>Die Trag\u00f6die Mitteleuropas. Exkursion durch Tschechien, Polen und Ungarn (Helmut-Schmidt-Universit\u00e4t, Fr\u00fchjahrstrimester 2024)<\/p>\n\n\n\n<p><\/p>\n\n\n\n<p><\/p>\n\n\n\n<div style=\"height:22px\" aria-hidden=\"true\" class=\"wp-block-spacer\"><\/div>\n\n\n\n<p><\/p>\n\n\n\n<h2 class=\"wp-block-heading has-medium-font-size\">Publikationen<\/h2>\n\n\n\n<p>K\u00e4mpferin f\u00fcr die Weltrevolution. Larisa Rejsner \u00fcber den Hamburger Aufstand 1923, in: <em>Zeitschrift f\u00fcr Geschichtswissenschaft<\/em> 71 (2023) 9, S. 719\u2013737.<\/p>\n\n\n\n<p>Vor Ort in Moskau. Die Rollen des Auslandskorrespondenten Paul Scheffer, in: <em>Zeitschrift f\u00fcr Geschichtswissenschaft<\/em> 73 (2025) 6, S. 501-520.<\/p>\n\n\n\n<p>Die Presse und die Politik. Paul Scheffer und der \u0160achty-Prozess 1928, in: <em>Osteuropa<\/em> 8-9 (2025), S. 151\u2013168.<\/p>\n\n\n\n<p><\/p>\n","protected":false},"excerpt":{"rendered":"<p>Vita Seit 05\/2021 Wissenschaftliche Mitarbeiterin an der Professur f\u00fcr Geschichte Osteuropas und Ostmitteleuropas der Helmut-Schmidt-Universit\u00e4t Hamburg 2023\/2024 Vertreterin des Mittelbaus im Fakult\u00e4tsrat der Helmut-Schmidt-Universit\u00e4t Hamburg 2018-2021 Masterstudium an der Albert-Ludwigs-Universit\u00e4t [&hellip;]<\/p>\n","protected":false},"author":2548,"featured_media":0,"parent":0,"menu_order":0,"comment_status":"closed","ping_status":"closed","template":"","meta":{"footnotes":""},"categories":[8],"tags":[],"class_list":["post-949","page","type-page","status-publish","hentry","category-team"],"_links":{"self":[{"href":"https:\/\/www.hsu-hh.de\/hisost\/wp-json\/wp\/v2\/pages\/949","targetHints":{"allow":["GET"]}}],"collection":[{"href":"https:\/\/www.hsu-hh.de\/hisost\/wp-json\/wp\/v2\/pages"}],"about":[{"href":"https:\/\/www.hsu-hh.de\/hisost\/wp-json\/wp\/v2\/types\/page"}],"author":[{"embeddable":true,"href":"https:\/\/www.hsu-hh.de\/hisost\/wp-json\/wp\/v2\/users\/2548"}],"replies":[{"embeddable":true,"href":"https:\/\/www.hsu-hh.de\/hisost\/wp-json\/wp\/v2\/comments?post=949"}],"version-history":[{"count":64,"href":"https:\/\/www.hsu-hh.de\/hisost\/wp-json\/wp\/v2\/pages\/949\/revisions"}],"predecessor-version":[{"id":3164,"href":"https:\/\/www.hsu-hh.de\/hisost\/wp-json\/wp\/v2\/pages\/949\/revisions\/3164"}],"wp:attachment":[{"href":"https:\/\/www.hsu-hh.de\/hisost\/wp-json\/wp\/v2\/media?parent=949"}],"wp:term":[{"taxonomy":"category","embeddable":true,"href":"https:\/\/www.hsu-hh.de\/hisost\/wp-json\/wp\/v2\/categories?post=949"},{"taxonomy":"post_tag","embeddable":true,"href":"https:\/\/www.hsu-hh.de\/hisost\/wp-json\/wp\/v2\/tags?post=949"}],"curies":[{"name":"wp","href":"https:\/\/api.w.org\/{rel}","templated":true}]}}