{"id":657,"date":"2021-02-12T12:31:56","date_gmt":"2021-02-12T11:31:56","guid":{"rendered":"https:\/\/www.hsu-hh.de\/hisost\/?page_id=657"},"modified":"2021-02-12T12:32:31","modified_gmt":"2021-02-12T11:32:31","slug":"prof-dr-nikolaus-katzer","status":"publish","type":"page","link":"https:\/\/www.hsu-hh.de\/hisost\/prof-dr-nikolaus-katzer\/","title":{"rendered":"Prof. Dr. Nikolaus Katzer"},"content":{"rendered":"<script type=\"application\/ld+json\">[{\"@context\": \"https:\/\/www.schema.org\",\"@type\": \"Person\",\"name\": \"Nikolaus Katzer\",\"worksFor\": [{\t\"@type\": \"Organization\",\t\"name\": \"Helmut-Schmidt-Universit\u00e4t \/ Universit\u00e4t der Bundeswehr Hamburg\",\t\"url\": \"https:\/\/www.hsu-hh.de\"}],\"image\": \"https:\/\/www.hsu-hh.de\/hisost\/wp-content\/uploads\/sites\/832\/2021\/02\/katzer_new_02w_01-neu-150x150.jpg\",\"telephone\": \"+7 495 730 52 49\",\"faxNumber\": \"\",\"email\": \"nikolaus.katzer@dhi-moskau.org\"}]<\/script><div class=\"clearfix\"><\/div><div class=\"ansprechparter-container \" style=\"margin-top:1em; \"><div class=\"row ansprechpartner-item ansprechparter-header\" ><div class=\"col-xs-8 col-lg-12\" style=\"margin-bottom: 30px;\"><h3 class=\"ansprechparter-headline\">Nikolaus Katzer<\/h3><\/div><\/div><div class=\"col-md-4 col-lg-3 col-xs-4 ansprechpartner-item floatright img-circle center-block\" style=\"margin-bottom: 30px;\"><div class=\"img-responsive-wrapper\"><img decoding=\"async\" src=\"https:\/\/www.hsu-hh.de\/hisost\/wp-content\/uploads\/sites\/832\/2021\/02\/katzer_new_02w_01-neu-150x150.jpg\" alt=\"Katzer\" class=\"img-circle img-responsive center-block\" \/><\/div><\/div><div class=\"col-md-12 col-lg-9 col-xs-12 ansprechpartner-item kontakt floatright\" style=\"margin-bottom: 30px; \"><div class=\"row\"><div class=\"col-xs-12 col-sm-6 col-lg-12\"><div class=\"row\"><div class=\"col-xs-4 col-lg-4 row-text bold\">Telefon:<\/div><div class=\" row-text\">+7 495 730 52 49<\/div><\/div><\/div><div class=\"col-xs-12 col-sm-6 col-lg-12\"><div class=\"row\"><div class=\"col-xs-4 col-lg-4 row-text bold\">E-Mail:<\/div><div class=\"row-text\" style=\"overflow:hidden; word-break: break-word\"><a href=\"mailto:nikolaus.katzer@dhi-moskau.org\" rel=\"nofollow\">nikolaus.katzer@dhi-moskau.org<\/a><\/div><\/div><\/div><\/div><\/div><\/div><div class=\"clearfix\"><\/div>\n\n<p><br><h3>Forschung<\/h3><\/p>\n<h2>Forschungsbereiche<\/h2>\n<ul>\n<li>Krieg und soziale Ordnung, B\u00fcrgerkrieg und gesellschaftlicher Wandel (1812-1825, 1914-1921)<\/li>\n<li>Sozial- und Kulturgeschichte der Bre\u017enev-\u00c4ra<\/li>\n<li>Wissenschaft, Technik und Moderne in Russland<\/li>\n<li>K\u00f6rperkultur und Sport in der Sowjetzivilisation<\/li>\n<li>Literatur und Geschichte<\/li>\n<\/ul>\n<p><br><h3>Vita<\/h3><\/p>\n<p>Geboren am 12. Oktober 1952 in Marburg an der Lahn. Studium der Geschichtswissenschaft und Russistik an der Johann Wolfgang Goethe &#8211; Universit\u00e4t Frankfurt am Main (1974 bis 1978). Erstes und Zweites Staatsexamen f\u00fcr das Lehramt an Gymnasien (1978 und 1984). Promotion in Frankfurt am Main (1983). Mitarbeiter an einem Forschungsprojekt zu den Vierm\u00e4chtekonferenzen der 1950er Jahre. Hochschulassistent an der Rheinischen Friedrich Wilhelms &#8211; Universit\u00e4t Bonn (1987 bis 1993). Stipendiat der Deutschen Forschungsgemeinschaft (1993). Forschungsaufenthalte und Archivstudien in London, Stanford, New York und Moskau. Studienrat f\u00fcr Geschichte und Russisch am Elisabethengymnasium in Frankfurt am Main (1994 bis 1996). Habilitation in Bonn (1996). Professor f\u00fcr die Geschichte des 19. und 20. Jahrhunderts mit besonderer Ber\u00fccksichtigung Mittel- und Osteuropas an der Helmut-Schmidt-Universit\u00e4t Hamburg (seit 1996). Seit 2010 Mitglied der Gemeinsamen Kommission f\u00fcr die Erforschung der j\u00fcngeren Geschichte der deutsch-russischen Beziehungen. 2010-2018 war Professor Katzer Direktor des Deutschen Historischen Instituts Moskau.<\/p>\n<p><br><h3>Publikationen (Auswahl)<\/h3><\/p>\n<p>Monographien<br>Die Wei\u00dfe Bewegung in Ru\u00dfland. Herrschaftsbildung, praktische Politik und politische Programmatik im B\u00fcrgerkrieg, K\u00f6ln\/Weimar\/Wien 1999 (= Beitr\u00e4ge zur Geschichte Osteuropas 28).<\/p>\n<p>\u201eEine \u00dcbung im Kalten Krieg\u201c. Die Berliner Au\u00dfenministerkonferenz von 1954, K\u00f6ln 1994 (= Bibliothek Wissenschaft und Politik 53).<\/p>\n<p>Maksim Gor\u2019kijs Weg in die Russische Sozialdemokratie, Wiesbaden 1990 (= Ver\u00f6ffentlichungen des Osteuropa-Instituts M\u00fcnchen, Reihe: Geschichte 58).<\/p>\n<p>Herausgeberschaften<br>In Zusammenarbeit mit Katja Bruisch: Bol\u2019\u0161aja vojna Rossii: Social\u2019nyj porjadok, publi\u010dnaja kommunikacija i nasilie na rube\u017ee car\u2019skoj i sovetskoj \u0117poch. Moskva: Novoe Literaturnoe Obozrenie, 2014, 208 S. (=Studia Europaea).&nbsp;<\/p>\n<p>In Zusammenarbeit mit Sandra Budy \/ Alexandra K\u00f6hring \/ Manfred Zeller: Euphoria and Exhaustion: Modern Sport in Soviet Culture and Society, Frankfurt\/New York 2010.<\/p>\n<p>Alexander Fischer unter Mitarbeit von Nikolaus Katzer, Ploetz \u2013 Die Deutsche Demokratische Republik, Freiburg\/W\u00fcrzburg 1988.<\/p>\n<p>Aufs\u00e4tze<br>Abgesang auf die Enthusiasten. Leistungssport, K\u00f6rperkultur und sowjetischer Lebensstil im Sp\u00e4tsozialismus, in: Dittmar Dahlmann, Anke Hillbrenner (Hrsg.): Dieser Vergleich ist unvergleichbar. Zur Geschichte des Sports im 20. Jahrhundert. Essen: Klartext, 2014, S. 185-205.<\/p>\n<p><\/p>\n<p>In Zusammenarbeit mit Katja Bruisch: Vvedenie, in: Katja Bruisch, Nikolaus Katzer (Hrsg.): Bol\u2019\u0161aja vojna Rossii: Social\u2019nyj porjadok, publi\u010dnaja kommunikacija i nasilie na rube\u017ee car\u2019skoj i sovetskoj \u0117poch. Moskva: Novoe Literaturnoe Obozrenie, 2014, S. 5-14.<\/p>\n<p><\/p>\n<p>\u201eUbi universitas, ibi Europa\u201c: ob itogach proekta, in: Vestnik Pravoslavnogo Svjato-Tichonovskogo Gumanitarnogo Universiteta (serija II) (2013), Nr. 4 (53), S. 141-142.<\/p>\n<p><\/p>\n<p>\u201eOt na\u010dala \u017ee revoljucii vtoroj\u2026\u201c Novyj vek v Rossii, in: E. Vi\u0161lenkova, D. Sdvi\u017ekov (Hrsg.): Izobretenie veka. Problemy i modeli vremeni v Rossii i Evrope XIX stoletija. Moskva: Novoe Literaturnoe Obozrenie, 2013, S. 329-354. (= Studia Europaea).<\/p>\n<p><\/p>\n<p>Der wei\u00dfe Mythos. Russischer Antibolschewismus im europ\u00e4ischen Nachkrieg, in: Robert Gerwarth, John Horne (Hrsg.): Krieg im Frieden. Paramilit\u00e4rische Gewalt in Europa nach dem Ersten Weltkrieg. G\u00f6ttingen: Wallstein Verlag, 2013, S. 57-93.<\/p>\n<p><\/p>\n<p>Dans la matrice discursive du socialisme tardif. Les \u201eM\u00e9moires\u201c de Leonid Il\u2019i\u010d Bre\u017enev, in: Cahiers du monde russe 54 (2013), Nr. 1-2, S. 1-29.<\/p>\n<p><\/p>\n<p>In Zusammenarbeit mit Alexandra K\u00f6hring und Manfred Zeller, Sport als B\u00fchne sowjetischer Weltgeltung? Globale und lokale Strukturen der Sportkultur in der sp\u00e4ten Sowjetunion, in: Martin Aust (Hrsg.): Globalisierung imperial und sozialistisch. Russland und die Sowjetunion in der Globalgeschichte 1851-1991. Campus. Frankfurt \/ New York 2013, S. 373-399.<\/p>\n<p>Literarische Wechselbeziehungen im 19. Jahrhundert, in: Russen und Deutsche. 1000 Jahre Kunst, Geschichte und Kultur. Essays. Hrsg.: Museum f\u00fcr Vor- und Fr\u00fchgeschichte-Staatliche Museen zu Berlin, Staatliches Historisches Museum Moskau. Petersberg, 2012. S. 342-347.<\/p>\n<p>Tolstoj. \u201eKrieg und Frieden\u201c, in: Pim de Boer \/ Heinz Duchhardt \/ Georg Kreis \/ Wolfgang Schmale (Hrsg.): Europ\u00e4ische Erinnerungsorte 2. Das Haus Europa, M\u00fcnchen 2012, S. 229-237.<\/p>\n<p>Die sportive Gesellschaft als ideale Ordnung. Zum sowjetischen Konzept der K\u00f6rperkultur, in: Bianca Pietrow-Ennker (Hrsg.): Russlands imperiale Macht. Integrationsperspektiven und ihre Reichweite in transnationaler Perspektive. Wien\/ K\u00f6ln\/ Weimar 2012, S. 85-102.<\/p>\n<p>Michail Bulgakov: Dni Turbinych [Die Tage der Turbins], in: Bodo Zelinsky (Hrsg.): Das russische Drama, K\u00f6ln \/ Weimar \/ Wien 2012, S. 355-377, 521-526.<\/p>\n<p>Soviet physical culture and sport. A European legacy?, in: Alan Tomlinson\/Christopher Young\/Richard Holt (Hrsg.): Sport and the Transformation of Modern Europe. States, media and markets 1950-2010, London 2011 (= Culture, Economy and the Social-Cultural Change 10), S. 18-34.<\/p>\n<p>Vojna v dome. Michail Bulgakov me\u017edu \u201ckrasnymi\u201d i \u201cbelymi\u201d [Krieg im Haus. Michail Bulgakov zwischen \u201eRoten\u201c und \u201eWei\u00dfen\u201c], in: \u201cPolitika v tekstach \u2013 teksty v politike. Nauka istorii idej i u\u010denij.\u201d Materialy Me\u017adunarodnoj nau\u010dnoj konferencii. K 40-letiju kafedry istorii social\u00b4no-politi\u010deskich u\u010denij fakul\u00b4teta politologii MGU imeni M.V. Lomonosova, 28-29 oktjabrja 2011 goda, Moskva 2011, S. 306-318.<\/p>\n<p>Sport, Sport, Sport. Erinnerung an einen sowjetischen Gesellschaftsraum, in: Ausw\u00e4rtiges Amt (Hrsg.): KO-RUS KURIER\/KO-Rus KUR\u00b4ER. Themenheft: Weltsprache Sport. Sein Beitrag f\u00fcr die deutsch-russischen Beziehungen 6 (2011), S. 8.<\/p>\n<p>Russland 1812 und 1825. Patriotismus \u2013 Religion \u2013 Revolution, in: Matthias Stadelmann\/Lilia Antipow (Hrsg.): Schl\u00fcsseljahre. Zentrale Konstellationen der mittel- und osteurop\u00e4ischen Geschichte. Festschrift f\u00fcr Helmut Altrichter zum 65. Geburtstag, Stuttgart 2011, S. 117-139.<\/p>\n<p>Foreword, in: Katzer \/ Budy \/ K\u00f6hring \/ Zeller (Hrsg.): Euphoria and Exhaustion, S. 9-12.<\/p>\n<p>In Zusammenarbeit mit Hans-Joachim Braun, Training Methods and Soccer Tactics in the Late Soviet Union. Rational Systems of Bodies and Space, in: Katzer \/ Budy \/ K\u00f6hring \/ Zeller (Hrsg.): Euphoria and Exhaustion, S. 269-293.<\/p>\n<p>Chaos und Ordnung. \u00dcberleben in Weltkrieg, Revolution und B\u00fcrgerkrieg (1914-1921), in: Andreas M\u00fcller Karpe \/ Claus Dobiat \/ Svend Hansen \/ Hermann Parzinger (Hrsg.): Gero von Merhart \u2013 Ein deutscher Arch\u00e4ologe in Sibirien 1914-1921. Deutsch-russisches Symposium, 4.-7. Juni 2009, Marburg 2010 (= Kleine Schriften aus dem Vorgeschichtlichen Seminar Marburg 59), S. 37-47.<\/p>\n<p>Introduction: sports stadia and modern urbanism [special issue], in: Urban History 39 (2010), S. 249-253.<\/p>\n<p>Cholodnjaja vojna na garevoj doro\u017eke. Sportivnye vstre\u010di me\u017edu oboimi Germanijami i SSSR posle Vtoroj mirovoj vojny [Kalter Krieg auf der Aschenbahn. Sportbegegnungen zwischen den beiden Deutschlands und der UdSSR nach dem Zweiten Weltkrieg], in: Karla Ajmermachera\/Gennadija Bordjugova\/Astrid Fol\u2019pert (Hrsg.), Rossija i Germanija v XX veke. Tom 3: Ottepel\u2019, pocholodanie i upravljaemyj dialog. Russkie i nemcy posle 1945 goda, Moskva 2010, S. 593-619.<\/p>\n<p>K\u00f6rperkult und Bewegungszwang. Zur gesellschaftlichen Dynamik des fr\u00fchen sowjetischen Sportsystems, in: Michael Kr\u00fcger (Hrsg.): Der deutsche Sport auf dem Weg in die Moderne. Carl Diem und seine Zeit, M\u00fcnster 2009, S. 257-283.<\/p>\n<p>Russlands Erster Weltkrieg. Erfahrungen, Erinnerungen, Deutungen, in: Joachim Tauber (Hrsg.): \u00dcber den Weltkrieg hinaus: Kriegserfahrungen in Ostmitteleuropa 1914-1921 (= Nordost-Archiv. Zeitschrift f\u00fcr Regionalgeschichte NF XVII), L\u00fcneburg 2009, S. 267-292.<\/p>\n<p>Ideologie und Pragmatismus in der sowjetischen Au\u00dfenpolitik, in: Aus Politik und Zeitgeschichte. Beilage zur Wochenzeitung Das Parlament 2009 [29. Dezember 2008], Nr. 1-2, S. 3-10.<\/p>\n<p>Am Rande der Vollkommenheit. Aspekte einer Geschichte sowjetischer K\u00f6rperoptimierung, in: Klaus Latzel\/Lutz Niethammer (Hrsg.): Hormone und Hochleistung. Doping in Ost und West, K\u00f6ln \/ Weimar \/ Wien 2008, S. 205-230.<\/p>\n<p>\u201eNeue Menschen\u201c in Bewegung. Zum Verh\u00e4ltnis von Sport und Moderne in Russland im 20. Jahrhundert, in: Ari\u00e9 Malz \/ Stefan Rohdewald \/ Stefan Wiederkehr (Hrsg.): Sport zwischen Ost und West. Beitr\u00e4ge zur Sportgeschichte Osteuropas im 19. und 20. Jahrhundert, Osnabr\u00fcck 2007, S. 349-369.<\/p>\n<p>Michail \u0160olochov: Tichij Don [Der stille Don], in: Bodo Zelinsky (Hrsg.): Der russische Roman, K\u00f6ln\/Weimar\/Wien 2007, S. 359-381, 536-539.<\/p>\n<p>Heute Wei\u00dfe, morgen Rote. \u201eKollaboration\u201c als Grenzerfahrung im Russischen B\u00fcrgerkrieg, in: Joachim Tauber (Hrsg.): \u201eKollaboration\u201c in Nordosteuropa. Erscheinungsformen und Deutungen im 20. Jahrhundert, Wiesbaden 2006, S. 379-405.<\/p>\n<p>R\u00e4ume des Schreckens. Leben und \u00dcberleben im russischen B\u00fcrgerkrieg, in: Forum f\u00fcr osteurop\u00e4ische Ideen- und Zeitgeschichte 10 (2006), S. 55-90.<\/p>\n<p>Kalter Krieg auf der Aschenbahn. Deutsch-russische Sportbegegnungen nach dem Zweiten Weltkrieg, in: Karl Eimermacher \/ Astrid Volpert (Hrsg.), Tauwetter, Eiszeit und gelenkte Dialoge. Russen und Deutsche nach 1945, M\u00fcnchen 2006 (= West-\u00f6stliche Spiegelungen. Neue Folge 3), S. 779-809.<\/p>\n<p>Nikolaus I., in: Hans-Joachim Torke (Hrsg.): Die russischen Zaren 1547-1917. 3. akt. u. \u00fcberarb. Aufl., M\u00fcnchen 2005, S. 289-314, 391-394.<\/p>\n<p>Brot und Herrschaft. Die Hungersnot in der RSFSR, in: Osteuropa 54 (2004), S. 90-110.<\/p>\n<p>Gr\u00fcndungsurkunde der Allrussl\u00e4ndischen Obersten Macht, 26. August \u2013 10. September (8. \u2013 23. September) 1918: Einf\u00fchrung, Kommentar und Textedition (deutsch-russisch), in: 100(0) Schl\u00fcsseldokumente zur russischen und sowjetischen Geschichte (1917-1991). Ein Gemeinschaftsprojekt von der Bayerischen Staatsbibliothek M\u00fcnchen, der Russischen Akademie der Wissenschaften und des Bundesministeriums des Innern. Erlangen\/M\u00fcnchen\/Moskau 2004 (Digitalisierte Datenbank unter der Adresse: osteuropa.bsb-muenchen.de).<\/p>\n<p>Der sozialistische \u00dcbermensch: Die utopischen Konzepte Maksim Gor\u2019kijs und Aleksandr Bogdanovs, in: Christoph Kusche \/ Rudolf A. Mark (Hrsg.): Utopische Gesellschaftsentw\u00fcrfe von Platon bis Bloch, Mechtersen 2004, S. 37-51.<\/p>\n<p>Gor\u2019kij, me\u0161\u010dane i me\u0161\u010danstvo [Gor\u2019kij, die Kleinb\u00fcrger und das Spie\u00dfertum], in: Maksim Gor\u2019kij i literaturnye iskanija XX stoletija. Gor\u2019kovskie \u010dtenija 2002 god. Materialy me\u017edunarodnoj konferencii, Ni\u017enij Novgorod 2004, S. 625-636.<\/p>\n<p>Russische Regierung und Milit\u00e4r zwischen Krimkriegstrauma und imperialer Expansion, in: Michael Epkenhans \/ Gerhard P. Gro\u00df (Hrsg.): Das Milit\u00e4r und der Aufbruch in die Moderne 1860 bis 1890. Armeen, Marinen und der Wandel von Politik, Gesellschaft und Wirtschaft in Europa, den USA sowie Japan, M\u00fcnchen 2003 (= Beitr\u00e4ge zur Milit\u00e4rgeschichte 60), S. 51-73.<\/p>\n<p>Alltagsszenen einer untergehenden Welt. Eine Bildchronik aus dem russischen B\u00fcrgerkrieg, in: Arbeitskreis Historische Bildforschung (Hrsg.): Der Krieg im Bild \u2013 Bilder im Krieg. Hamburger Beitr\u00e4ge zur Historischen Bildforschung, Frankfurt\/M. u.a. 2003, S. 257-276.<\/p>\n<p>\u201eVyigrav\u0161ie\u201c i \u201eProigrav\u0161ie\u201d \u2013 javljaetsja li eta veli\u010dina postojannoj? [\u201eSieger\u201c und \u201eBesiegte\u201c \u2013 eine konstante Gr\u00f6\u00dfe?], in: Igor\u2018 N. \u010cernov\/N.V. Dulina (Hrsg.): Vozro\u017edenie iz ruin: vospominanija, mify i tabu v prepodavanii istorii poslevoennogo vremeni v Rossii i Germanii. Sbornik materialov germano-rossijskogo seminara, Volgograd 2002, S. 130-136.<\/p>\n<p>Latinitas Russiae. R\u00f6misches Erbe und lateinische Philologie in Russland, in: Michael Hundt (Hrsg.): Geschichte als Verpflichtung. Hamburg, Reformation und Historiographie. Festschrift f\u00fcr Rainer Postel zum 60. Geburtstag, Hamburg 2001 (= Beitr\u00e4ge zur deutschen und europ\u00e4ischen Geschichte 28), S. 229-260.<\/p>\n<p>Alte und neue Spie\u00dfer. Gor\u2019kijs \u201eKleinb\u00fcrger\u201c-Variationen vor und nach der Revolution, in: Karsten Br\u00fcggemann\/Thomas M. Bohn\/Konrad Maier (Hrsg.): Kollektivit\u00e4t und Individualit\u00e4t. Der Mensch im \u00f6stlichen Europa. Festschrift f\u00fcr Prof. Dr. Norbert Angermann zum 65. Geburtstag, Hamburg 2001, S. 299-322.<\/p>\n<p>Die belagerte Festung. Wiederaufbau, Nachkriegsgesellschaft und innerer Kalter Krieg in der Sowjetunion, 1945 bis 1953, in: Osteuropa 50 (2000), S. 280-299.<\/p>\n<p>Baustelle Osteuropa \u2013 bedarf die Osteurop\u00e4ische Geschichte einer neuen Architektur?, in: Stefan Creuzberger \/ Ingo Mannteufel \/ Alexander Steininger \/ Jutta Unser (Hrsg.): Wohin steuert die Osteuropaforschung? Eine Diskussion, K\u00f6ln 2000, S. 64-71.<\/p>\n<p>Nikolaus I., in: Hans-Joachim Torke (Hrsg.): Die russischen Zaren 1547-1917. 2. durchges. Aufl., M\u00fcnchen 1999, S. 289-314, 392-394.<\/p>\n<p>Das Ende des Kosakentums in Ru\u00dfland, in: Michael Busch \/ J\u00f6rg Hillmann (Hrsg.): Adel \u2013 Geistlichkeit \u2013 Milit\u00e4r. Festschrift f\u00fcr Eckardt Opitz zum 60. Geburtstag, Bochum 1999, S. 53-69.<\/p>\n<p>Der gescheiterte Staatsstreich des aufgekl\u00e4rten Adels. Der Dekabristenaufstand von 1825 in Ru\u00dfland, in: Uwe Schultz (Hrsg.), Gro\u00dfe Verschw\u00f6rungen. Staatsstreich und Tyrannensturz von der Antike bis zur Gegenwart, M\u00fcnchen 1998, S. 175-192, 270-272.<\/p>\n<p>Nikolaj I. 1825-1855, in: Ch.-I. Torke (Hrsg.), Russkie cari 1547-1917, Moskau 1997, S. 395-432, 542-546.<\/p>\n<p><br><\/p>\n<p><\/p>\n\n\n<p><\/p>\n","protected":false},"excerpt":{"rendered":"<p>Forschung Forschungsbereiche Krieg und soziale Ordnung, B\u00fcrgerkrieg und gesellschaftlicher Wandel (1812-1825, 1914-1921) Sozial- und Kulturgeschichte der Bre\u017enev-\u00c4ra Wissenschaft, Technik und Moderne in Russland K\u00f6rperkultur und Sport in der Sowjetzivilisation Literatur [&hellip;]<\/p>\n","protected":false},"author":2548,"featured_media":0,"parent":0,"menu_order":0,"comment_status":"closed","ping_status":"closed","template":"","meta":{"footnotes":""},"categories":[4],"tags":[],"class_list":["post-657","page","type-page","status-publish","hentry","category-forschung"],"_links":{"self":[{"href":"https:\/\/www.hsu-hh.de\/hisost\/wp-json\/wp\/v2\/pages\/657","targetHints":{"allow":["GET"]}}],"collection":[{"href":"https:\/\/www.hsu-hh.de\/hisost\/wp-json\/wp\/v2\/pages"}],"about":[{"href":"https:\/\/www.hsu-hh.de\/hisost\/wp-json\/wp\/v2\/types\/page"}],"author":[{"embeddable":true,"href":"https:\/\/www.hsu-hh.de\/hisost\/wp-json\/wp\/v2\/users\/2548"}],"replies":[{"embeddable":true,"href":"https:\/\/www.hsu-hh.de\/hisost\/wp-json\/wp\/v2\/comments?post=657"}],"version-history":[{"count":2,"href":"https:\/\/www.hsu-hh.de\/hisost\/wp-json\/wp\/v2\/pages\/657\/revisions"}],"predecessor-version":[{"id":661,"href":"https:\/\/www.hsu-hh.de\/hisost\/wp-json\/wp\/v2\/pages\/657\/revisions\/661"}],"wp:attachment":[{"href":"https:\/\/www.hsu-hh.de\/hisost\/wp-json\/wp\/v2\/media?parent=657"}],"wp:term":[{"taxonomy":"category","embeddable":true,"href":"https:\/\/www.hsu-hh.de\/hisost\/wp-json\/wp\/v2\/categories?post=657"},{"taxonomy":"post_tag","embeddable":true,"href":"https:\/\/www.hsu-hh.de\/hisost\/wp-json\/wp\/v2\/tags?post=657"}],"curies":[{"name":"wp","href":"https:\/\/api.w.org\/{rel}","templated":true}]}}