{"id":363,"date":"2020-10-02T10:40:29","date_gmt":"2020-10-02T08:40:29","guid":{"rendered":"https:\/\/www.hsu-hh.de\/hisost\/?page_id=363"},"modified":"2025-03-05T11:48:20","modified_gmt":"2025-03-05T10:48:20","slug":"prof-dr-joern-happel","status":"publish","type":"page","link":"https:\/\/www.hsu-hh.de\/hisost\/mitarbeiter\/prof-dr-joern-happel\/","title":{"rendered":"Prof. Dr. J\u00f6rn Happel"},"content":{"rendered":"<div>\n<div>\n<div>\n<div>\n<div>\n<div>\n<div>\n<div>\n<div>\n<div>\n<div>\n<div>\n<div>\n<div>\n<div>\n<div>\n<div>\n<div>\n<div>\n<div>\n<div>\n<div>\n<div>\n<div>\n<div>\n<div>\n<div>\n<div>\n<div>\n<div>\n<div>\n<div>\n<div>\n<div class=\"clearfix\"><\/div>\n<div class=\"ansprechparter-container\">\n<div class=\"row ansprechpartner-item ansprechparter-header\">\n<div class=\"col-xs-8 col-lg-12\" style=\"margin-bottom: 30px\">\n<div class=\"mobile-small\"><\/div>\n<\/div>\n<div class=\"col-md-4 col-lg-3 col-xs-4 ansprechpartner-item floatright img-circle center-block\" style=\"margin-bottom: 30px\">\n<div class=\"img-responsive-wrapper\"><img loading=\"lazy\" decoding=\"async\" class=\"img-circle img-responsive center-block alignnone wp-image-441 size-thumbnail\" src=\"https:\/\/www.hsu-hh.de\/hisost\/wp-content\/uploads\/sites\/832\/2020\/12\/DerHappelJoern_0004-150x150.jpg\" alt=\"J\u00f6rn Happel\" width=\"150\" height=\"150\" data-credit=\"happel\" srcset=\"https:\/\/www.hsu-hh.de\/hisost\/wp-content\/uploads\/sites\/832\/2020\/12\/DerHappelJoern_0004-150x150.jpg 150w, https:\/\/www.hsu-hh.de\/hisost\/wp-content\/uploads\/sites\/832\/2020\/12\/DerHappelJoern_0004-100x100.jpg 100w\" sizes=\"auto, (max-width: 150px) 100vw, 150px\" \/><\/div>\n<\/div>\n<div class=\"col-md-12 col-lg-3 col-xs-12 ansprechpartner-item kontakt floatright\" style=\"margin-bottom: 30px\">\n<div class=\"row\">\n<div class=\"col-xs-12 col-sm-6 col-lg-12\">\n<div class=\"row\">\n<div class=\"col-xs-12 col-lg-4 row-text bold\">Raum:<\/div>\n<div class=\"col-xs-12 col-lg-8 row-text\">2322<\/div>\n<\/div>\n<\/div>\n<div class=\"col-xs-12 col-sm-6 col-lg-12\">\n<div class=\"row\">\n<div class=\"col-xs-12 col-lg-4 row-text bold\">Telefon:<\/div>\n<div class=\"col-xs-12 col-lg-8 row-text\">(040) 6541-3600<\/div>\n<\/div>\n<\/div>\n<div class=\"col-xs-12 col-sm-6 col-lg-12\">\n<div class=\"row\">\n<div class=\"col-xs-12 col-lg-8 row-text\"><\/div>\n<\/div>\n<\/div>\n<div class=\"col-xs-12 col-sm-6 col-lg-12\">\n<div class=\"row\">\n<div class=\"col-xs-12 col-md-12 row-text bold\">E-Mail:<\/div>\n<div class=\"col-xs-12 col-md-12 row-text\"><a href=\"happelj@hsu-hh.de\" rel='nofollow'>happelj@hsu-hh.de<\/a><\/div>\n<\/div>\n<\/div>\n<\/div>\n<\/div>\n<div class=\"col-md-6 col-lg-3 col-xs-12 ansprechpartner-item anschrift floatright\">\n<div class=\"row-headline\">Besucheranschrift<\/div>\n<div class=\"row-text\">Helmut-Schmidt-Universit\u00e4t<\/div>\n<div class=\"row-text\">Geb\u00e4ude H1<\/div>\n<div class=\"row-text\">Holstenhofweg 85<\/div>\n<div class=\"row-text\">22043 Hamburg<\/div>\n<div><strong>Sprechstunde:<\/strong><\/div>\n<div>nach Anmeldung (<a href=\"justs@hsu-hh.de\" rel='nofollow'>justs@hsu-hh.de)<\/a><\/div>\n<div>Do. 10-11 Uhr<\/div>\n<\/div>\n<div><\/div>\n<div class=\"col-md-6 col-lg-3 col-xs-12 ansprechpartner-item anschrift floatright\">\n<div class=\"row-headline\">Postanschrift<\/div>\n<div class=\"row-text\">Helmut-Schmidt-Universit\u00e4t<\/div>\n<p>Fakult\u00e4t <abbr title=\"Geistes- und Sozialwissenschaften\">GeiSo<\/abbr><br \/>\nGeschichte Ost- und Ostmitteleuropas<br \/>\nPostfach 70 08 22<br \/>\n22008 Hamburg<\/p>\n<p><strong><em>PAKETE bitte an<\/em><\/strong><\/p>\n<p>Helmut-Schmidt-Universit\u00e4t<br \/>\nFakult\u00e4t <abbr title=\"Geistes- und Sozialwissenschaften\">GeiSo<\/abbr><br \/>\nGeschichte Ost- und Ostmitteleuropas<br \/>\nHolstenhofweg 85<br \/>\n22043 Hamburg<\/p>\n<\/div>\n<\/div>\n<\/div>\n<div class=\"clearfix\"><\/div>\n<h3>Curriculum Vitae<\/h3>\n<p>J\u00f6rn Happel hat im Oktober 2020 die Leitung der Professur f\u00fcr Geschichte Osteuropas und Ostmitteleuropas an der Helmut-Schmidt-Universit\u00e4t\/Universit\u00e4t der Bundeswehr Hamburg \u00fcbernommen.<\/p>\n<p>Seit Dezember 2019 forscht er \u00fcber\u00a0<a href=\"https:\/\/www.hsu-hh.de\/hisost\/forschung\/aktuelle-forschungsprojekte-von-prof-dr-joern-happel\/\">Die Vermessung des Imperiums. Der Aralsee, seine Erforschung und das Russl\u00e4ndische Reich im 19. Jahrhundert<\/a>\u00a0&#8212; ein\u00a0<a href=\"https:\/\/www.dfg.de\/foerderung\/programme\/einzelfoerderung\/heisenberg\/index.html\" rel='nofollow'>Heisenberg-Projekt<\/a>\u00a0der Deutschen Forschungsgemeinschaft (DFG). Hier befasst er sich mit transnationaler, Technik- und Kolonialgeschichte sowie mit Expeditionsmalerei. Die\u00a0Visual History\u00a0steht im Zentrum seines laufenden Projekts \u00fcber\u00a0<a href=\"https:\/\/www.hsu-hh.de\/hisost\/forschung\/aktuelle-forschungsprojekte-von-prof-dr-joern-happel\/\">Europas Urangst vor dem Osten<\/a>. Mit einem Artikel \u00fcber die <a href=\"https:\/\/www.hsu-hh.de\/hisost\/forschung\/aktuelle-forschungsprojekte-von-prof-dr-joern-happel\/\">\u201eOxus-Frage\u201c<\/a> befasst er sich mit dem Scheitern gro\u00dfer Infrastrukturprojekte sowie mit dem zerst\u00f6rerischen Menschheitstraum, die Natur eigenen Vorstellungen zu unterwerfen.<\/p>\n<p>Nach dem Studium der Osteurop\u00e4ischen Geschichte, Politikwissenschaft und Neueren Geschichte in Gie\u00dfen arbeitete er als wissenschaftlicher Assistent am Departement Geschichte der Universit\u00e4t Basel. Hier schloss er 2009 seine Promotion ab, die unter dem Titel &#8222;Nomadische Lebenswelten und zarische Politik. Der Aufstand in Zentralasien 1916&#8220; erschien. Sie wurde mit dem\u00a0<a href=\"https:\/\/www.osteuropa-historiker.de\/fritz-theodor-epstein-preis\/\" rel='nofollow'>Fritz-Theodor-Epstein-Preis<\/a>\u00a0des Verbands der Osteuropahistorikerinnen und -historiker (VOH) ausgezeichnet.<\/p>\n<p>Im Wintersemester 2013\/14 vertrat er die Professur f\u00fcr Russland-\/Asienstudien an der Ludwig-Maximilians-Universit\u00e4t M\u00fcnchen. Seine Habilitation erfolgte 2016 an der Universit\u00e4t Basel; die Habilitationsschrift &#8222;Der Ost-Experte. Gustav Hilger &#8212; Diplomat im Zeitalter der Extreme&#8220; wurde 2018 publiziert. Von Oktober 2017 bis September 2018 vertrat J\u00f6rn Happel die Professur f\u00fcr Osteurop\u00e4ische Geschichte an der Universit\u00e4t Konstanz, wo er mit dem\u00a0Lehrpreis <a href=\"https:\/\/www.youtube.com\/watch?v=DP7w3gYuByU\" rel='nofollow'>LUKS\u00a0<\/a>ausgezeichnet wurde. Er war zudem wissenschaftlicher Mitarbeiter und Lehrbeauftragter an der Christian-Albrechts-Universit\u00e4t zu Kiel (2018-2020) und an der Rheinischen Friedrich-Wilhelms-Universit\u00e4t Bonn (2019-2020).<\/p>\n<h3>Arbeitsschwerpunkte<\/h3>\n<ul>\n<li>\u00a0\u00a0\u00a0\u00a0\u00a0\u00a0 Geschichte Russlands\/der Sowjetunion, Zentralasiens, Sibiriens und Polens<\/li>\n<li>\u00a0\u00a0\u00a0\u00a0\u00a0\u00a0 Geschichte der interkulturellen Beziehungen zwischen Ost- und Westeuropa<\/li>\n<li>\u00a0\u00a0\u00a0\u00a0\u00a0\u00a0 Geschichte des Ostjudentums<\/li>\n<li>\u00a0\u00a0\u00a0\u00a0\u00a0\u00a0 Geschichte der Russischen Revolution<\/li>\n<li>\u00a0\u00a0\u00a0\u00a0\u00a0\u00a0 Lebenswelt- und Biographieforschung<\/li>\n<li>\u00a0\u00a0\u00a0\u00a0\u00a0\u00a0 Diplomatiegeschichte<\/li>\n<li>\u00a0\u00a0\u00a0\u00a0\u00a0\u00a0 Kartographie und Raum<\/li>\n<li>\u00a0\u00a0\u00a0\u00a0\u00a0\u00a0 Fotografien und Postkarten sowie Reiseberichte als historische Quellen<\/li>\n<\/ul>\n<h3>Aktuelle Forschungsprojekte<\/h3>\n<p><a href=\"https:\/\/www.hsu-hh.de\/hisost\/forschung\/aktuelle-forschungsprojekte-von-prof-dr-joern-happel\/\">Aktuelle Forschungsprojekte von Prof.<abbr title=\"Doktor\">Dr.<\/abbr> J\u00f6rn Happel<\/a><\/p>\n<h3>Publikationen<\/h3>\n<p><a href=\"https:\/\/www.hsu-hh.de\/hisost\/mitarbeiter\/prof-dr-joern-happel\/publikationsverzeichnis-prof-dr-joern-happel\/\">Publikationsverzeichnis<\/a><\/p>\n<h3>Lehrveranstaltungen<\/h3>\n<p><a href=\"https:\/\/www.hsu-hh.de\/hisost\/lehrveranstaltungsverzeichnis\/\">Lehrveranstaltungsverzeichnis<\/a><\/p>\n<\/div>\n<div>\n<h3>Historische Zeitbilder &#8211; Ergebnisse einiger Seminare<\/h3>\n<p><a href=\"https:\/\/www.hsu-hh.de\/hisost\/historische-zeitbilder\/\">Historische_Zeitbilder<\/a><!--more--><\/p>\n<\/div>\n<\/div>\n<\/div>\n<\/div>\n<\/div>\n<\/div>\n<\/div>\n<\/div>\n<\/div>\n<\/div>\n<\/div>\n<\/div>\n<\/div>\n<\/div>\n<\/div>\n<\/div>\n<\/div>\n<\/div>\n<\/div>\n<\/div>\n<\/div>\n<\/div>\n<\/div>\n<\/div>\n<\/div>\n<\/div>\n<\/div>\n<\/div>\n<\/div>\n<\/div>\n<\/div>\n<\/div>\n<\/div>\n","protected":false},"excerpt":{"rendered":"<p>Raum: 2322 Telefon: (040) 6541-3600 E-Mail: happelj@hsu-hh.de Besucheranschrift Helmut-Schmidt-Universit\u00e4t Geb\u00e4ude H1 Holstenhofweg 85 22043 Hamburg Sprechstunde: nach Anmeldung (justs@hsu-hh.de) Do. 10-11 Uhr Postanschrift Helmut-Schmidt-Universit\u00e4t Fakult\u00e4t GeiSo Geschichte Ost- und Ostmitteleuropas [&hellip;]<\/p>\n","protected":false},"author":1711,"featured_media":0,"parent":106,"menu_order":0,"comment_status":"closed","ping_status":"closed","template":"","meta":{"footnotes":""},"categories":[8],"tags":[],"class_list":["post-363","page","type-page","status-publish","hentry","category-team"],"_links":{"self":[{"href":"https:\/\/www.hsu-hh.de\/hisost\/wp-json\/wp\/v2\/pages\/363","targetHints":{"allow":["GET"]}}],"collection":[{"href":"https:\/\/www.hsu-hh.de\/hisost\/wp-json\/wp\/v2\/pages"}],"about":[{"href":"https:\/\/www.hsu-hh.de\/hisost\/wp-json\/wp\/v2\/types\/page"}],"author":[{"embeddable":true,"href":"https:\/\/www.hsu-hh.de\/hisost\/wp-json\/wp\/v2\/users\/1711"}],"replies":[{"embeddable":true,"href":"https:\/\/www.hsu-hh.de\/hisost\/wp-json\/wp\/v2\/comments?post=363"}],"version-history":[{"count":66,"href":"https:\/\/www.hsu-hh.de\/hisost\/wp-json\/wp\/v2\/pages\/363\/revisions"}],"predecessor-version":[{"id":2884,"href":"https:\/\/www.hsu-hh.de\/hisost\/wp-json\/wp\/v2\/pages\/363\/revisions\/2884"}],"up":[{"embeddable":true,"href":"https:\/\/www.hsu-hh.de\/hisost\/wp-json\/wp\/v2\/pages\/106"}],"wp:attachment":[{"href":"https:\/\/www.hsu-hh.de\/hisost\/wp-json\/wp\/v2\/media?parent=363"}],"wp:term":[{"taxonomy":"category","embeddable":true,"href":"https:\/\/www.hsu-hh.de\/hisost\/wp-json\/wp\/v2\/categories?post=363"},{"taxonomy":"post_tag","embeddable":true,"href":"https:\/\/www.hsu-hh.de\/hisost\/wp-json\/wp\/v2\/tags?post=363"}],"curies":[{"name":"wp","href":"https:\/\/api.w.org\/{rel}","templated":true}]}}