{"id":3266,"date":"2026-02-11T16:32:01","date_gmt":"2026-02-11T15:32:01","guid":{"rendered":"https:\/\/www.hsu-hh.de\/hisost\/?page_id=3266"},"modified":"2026-03-31T14:28:21","modified_gmt":"2026-03-31T12:28:21","slug":"kooperationen","status":"publish","type":"page","link":"https:\/\/www.hsu-hh.de\/hisost\/kooperationen\/","title":{"rendered":"Kooperationen"},"content":{"rendered":"\n<p>Kooperationsprojekte der Professur<\/p>\n\n\n\n<details class=\"wp-block-details is-layout-flow wp-block-details-is-layout-flow\"><summary>Forschungskooperation mit der UMCS Lublin, Polen<\/summary>\n<p><\/p>\n\n\n\n<p>Vom 5. bis 7. November 2025 war <abbr title=\"Professor\">Prof.<\/abbr> J\u00f6rn Happel gemeinsam mit Mitarbeiterinnen und Mitarbeitern seines Lehrstuhls zu Gast an der Maria-Curie-Sk\u0142odowska-Universit\u00e4t in Lublin, Polen. Der Besuch f\u00fchrte an den dortigen Lehrstuhl f\u00fcr Geschichte des 19. Jahrhunderts von <abbr title=\"Professor\">Prof.<\/abbr> Piotr Bednarz, mit dem seit vielen Jahren eine enge Zusammenarbeit besteht. <\/p>\n\n\n\n<p>Im Mittelpunkt stand das gemeinsame Forschungsprojekt \u201eDas K\u00f6nigreich Polen aus Sicht der \u00f6sterreichisch-ungarischen Besatzungsverwaltung in den Jahren 1915-1918\u201c, das vom Ministerium f\u00fcr Nationale Bildung der Republik Polen gef\u00f6rdert wird. Das Programm umfasste Vortr\u00e4ge zur aktuellen Forschung des Lehrstuhls sowie einen praxisorientierten Workshop zur deutschen Kurrentschrift. Zudem traf <abbr title=\"Professor\">Prof.<\/abbr> Happel den Vizerektor f\u00fcr Wissenschaft und Internationale Zusammenarbeit, <abbr title=\"Professor\">Prof.<\/abbr> Wies\u0142aw I. Gruszecki.<\/p>\n\n\n\n<div class=\"wp-block-columns is-layout-flex wp-container-core-columns-is-layout-9d6595d7 wp-block-columns-is-layout-flex\">\n<div class=\"wp-block-column is-layout-flow wp-block-column-is-layout-flow\">\n<figure class=\"wp-block-image size-full\"><img loading=\"lazy\" decoding=\"async\" width=\"1204\" height=\"1599\" src=\"https:\/\/www.hsu-hh.de\/hisost\/wp-content\/uploads\/sites\/832\/2026\/02\/Lublin-2.jpg\" data-credit=\"AZN\" alt=\"Prof. Wies\u0142aw I. Gruszecki, Prof. J\u00f6rn Happel, Prof. Piotr Bednarz\" class=\"wp-image-3275\" \/><figcaption class=\"wp-element-caption\"><abbr title=\"Professor\">Prof.<\/abbr> Wies\u0142aw I. Gruszecki, <abbr title=\"Professor\">Prof.<\/abbr> J\u00f6rn Happel, <abbr title=\"Professor\">Prof.<\/abbr> Piotr Bednarz<\/figcaption><\/figure>\n<\/div>\n\n\n\n<div class=\"wp-block-column is-layout-flow wp-block-column-is-layout-flow\">\n<figure class=\"wp-block-image size-large\"><img loading=\"lazy\" decoding=\"async\" width=\"760\" height=\"1024\" src=\"https:\/\/www.hsu-hh.de\/hisost\/wp-content\/uploads\/sites\/832\/2026\/02\/Lublin-1-760x1024.jpg\" data-credit=\"AZN\" alt=\"\" class=\"wp-image-3274\" srcset=\"https:\/\/www.hsu-hh.de\/hisost\/wp-content\/uploads\/sites\/832\/2026\/02\/Lublin-1-760x1024.jpg 760w, https:\/\/www.hsu-hh.de\/hisost\/wp-content\/uploads\/sites\/832\/2026\/02\/Lublin-1-223x300.jpg 223w, https:\/\/www.hsu-hh.de\/hisost\/wp-content\/uploads\/sites\/832\/2026\/02\/Lublin-1-768x1035.jpg 768w, https:\/\/www.hsu-hh.de\/hisost\/wp-content\/uploads\/sites\/832\/2026\/02\/Lublin-1-1140x1536.jpg 1140w, https:\/\/www.hsu-hh.de\/hisost\/wp-content\/uploads\/sites\/832\/2026\/02\/Lublin-1-1520x2048.jpg 1520w, https:\/\/www.hsu-hh.de\/hisost\/wp-content\/uploads\/sites\/832\/2026\/02\/Lublin-1-1100x1482.jpg 1100w, https:\/\/www.hsu-hh.de\/hisost\/wp-content\/uploads\/sites\/832\/2026\/02\/Lublin-1-scaled.jpg 1900w\" sizes=\"auto, (max-width: 760px) 100vw, 760px\" \/><\/figure>\n<\/div>\n<\/div>\n<\/details>\n\n\n\n<details class=\"wp-block-details is-layout-flow wp-block-details-is-layout-flow\"><summary>33. Tagung Junger Osteuropa-Expert*innen (JOE)<\/summary>\n<p><\/p>\n\n\n\n<p>Vom <strong>11. bis zum 13. Juni 2026 <\/strong>findet die allj\u00e4hrliche <strong>Fachtagung f\u00fcr junge Osteuropa-Expert*innen<\/strong> in Hamburg statt. Die Tagung richtet sich an fortgeschrittene Studierende, Doktorand*innen und j\u00fcngere Promovierte unterschiedlicher Disziplinen, die sich mit dem \u00f6stlichen Europa besch\u00e4ftigen. Diese erhalten die M\u00f6glichkeit, ihre Forschungsprojekte anderen angehenden Wissenschaftler*innen und ausgewiesenen Fachvertreter*innen vorzustellen und mit ihnen zu diskutieren. Die Tagung bietet einen \u00dcberblick \u00fcber die aktuelle Osteuropaforschung im deutschsprachigen Raum und erm\u00f6glicht einen interdisziplin\u00e4ren Austausch zu Ostmittel- und Osteuropa, dem Kaukasus und Zentralasien sowie eine Vernetzung unter den Nachwuchswissenschaftler*innen.<\/p>\n\n\n\n<p>Die Tagung wird von der <a href=\"https:\/\/dgo-online.org\/\" rel='nofollow'>Deutschen Gesellschaft f\u00fcr Osteuropakunde<\/a> (DGO), dem <a href=\"https:\/\/www.slm.uni-hamburg.de\/slavistik.html\" rel='nofollow'>Institut f\u00fcr Slavistik<\/a> und der <a href=\"https:\/\/www.geschichte.uni-hamburg.de\/arbeitsbereiche\/europaeische-geschichte\/arbeitsbereich\/osteuropaeische-geschichte.html\" rel='nofollow'>Professur f\u00fcr Geschichte Osteuropas der Universit\u00e4t Hamburg<\/a>, der <a href=\"https:\/\/www.hsu-hh.de\/hisost\/\">Professur f\u00fcr Geschichte Osteuropas und Ostmitteleuropas an der Helmut-Schmidt-Universit\u00e4t\/Universit\u00e4t der Bundeswehr Hamburg<\/a> sowie dem <a href=\"https:\/\/www.ikgn.de\/\" rel='nofollow'>Nordost-Institut an der Universit\u00e4t Hamburg<\/a> (IKGN) veranstaltet.<\/p>\n\n\n\n<p>* <a href=\"https:\/\/dgo-online.org\/informieren\/aktuelles\/call-for-paper-33-tagung-junger-osteuropa-experten-conference-of-junior-scholars-east-european-studies-hamburg\/\" rel='nofollow'>Call for Papers<\/a><\/p>\n<\/details>\n\n\n\n<details class=\"wp-block-details is-layout-flow wp-block-details-is-layout-flow\"><summary>Antrittsbesuch der polnischen Generalkonsulin an der <abbr title=\"Helmut Schmidt Universit\u00e4t\">HSU<\/abbr>\/UniBw H<\/summary>\n<p><\/p>\n\n\n\n<p>Am 5. M\u00e4rz 2026 begr\u00fc\u00dfte die Helmut-Schmidt-Universit\u00e4t\/Universit\u00e4t der Bundeswehr Hamburg die polnische Generalkonsulin Aleksandra Krystek-Biernacka zu ihrem Antrittsbesuch auf dem Campus. Empfangen wurde sie durch den Pr\u00e4sidenten der Universit\u00e4t, <abbr title=\"Professor\">Prof.<\/abbr> <abbr title=\"Doktor\">Dr.<\/abbr> Klaus Beckmann.<\/p>\n\n\n\n<p>Begleitet wurde die Generalkonsulin von Konsulin Marzena\u202fSzczypulkowska\u2011Horv\u00e1th sowie von <abbr title=\"Professor\">Prof.<\/abbr>\u202f<abbr title=\"Doktor\">Dr.<\/abbr>\u202f J\u00f6rn\u202fHappel, Professor f\u00fcr Osteuropastudien an der <abbr title=\"Helmut Schmidt Universit\u00e4t\">HSU<\/abbr>\/UniBw\u202fH und seiner wissenschaftlichen Mitarbeiterin <abbr title=\"Doktor\">Dr.<\/abbr> Agnieszka Zaga\u0144czyk-Neufeld. Der Besuch bot damit auch Gelegenheit zum Austausch aus diplomatischer und wissenschaftlicher Perspektive.<\/p>\n\n\n\n<p><a href=\"https:\/\/www.hsu-hh.de\/antrittsbesuch-der-polnischen-generalkonsulin-an-der-hsu-unibw-h\" data-type=\"link\" data-id=\"https:\/\/www.hsu-hh.de\/antrittsbesuch-der-polnischen-generalkonsulin-an-der-hsu-unibw-h\" target=\"_blank\" rel=\"noreferrer noopener\">Bericht im Newsarchiv der <abbr title=\"Helmut Schmidt Universit\u00e4t\">HSU<\/abbr>\/UniBw H<\/a><\/p>\n<\/details>\n\n\n\n<p><\/p>\n","protected":false},"excerpt":{"rendered":"<p>Kooperationsprojekte der Professur<\/p>\n","protected":false},"author":4211,"featured_media":0,"parent":0,"menu_order":0,"comment_status":"closed","ping_status":"closed","template":"","meta":{"footnotes":""},"categories":[4],"tags":[],"class_list":["post-3266","page","type-page","status-publish","hentry","category-forschung"],"_links":{"self":[{"href":"https:\/\/www.hsu-hh.de\/hisost\/wp-json\/wp\/v2\/pages\/3266","targetHints":{"allow":["GET"]}}],"collection":[{"href":"https:\/\/www.hsu-hh.de\/hisost\/wp-json\/wp\/v2\/pages"}],"about":[{"href":"https:\/\/www.hsu-hh.de\/hisost\/wp-json\/wp\/v2\/types\/page"}],"author":[{"embeddable":true,"href":"https:\/\/www.hsu-hh.de\/hisost\/wp-json\/wp\/v2\/users\/4211"}],"replies":[{"embeddable":true,"href":"https:\/\/www.hsu-hh.de\/hisost\/wp-json\/wp\/v2\/comments?post=3266"}],"version-history":[{"count":15,"href":"https:\/\/www.hsu-hh.de\/hisost\/wp-json\/wp\/v2\/pages\/3266\/revisions"}],"predecessor-version":[{"id":3354,"href":"https:\/\/www.hsu-hh.de\/hisost\/wp-json\/wp\/v2\/pages\/3266\/revisions\/3354"}],"wp:attachment":[{"href":"https:\/\/www.hsu-hh.de\/hisost\/wp-json\/wp\/v2\/media?parent=3266"}],"wp:term":[{"taxonomy":"category","embeddable":true,"href":"https:\/\/www.hsu-hh.de\/hisost\/wp-json\/wp\/v2\/categories?post=3266"},{"taxonomy":"post_tag","embeddable":true,"href":"https:\/\/www.hsu-hh.de\/hisost\/wp-json\/wp\/v2\/tags?post=3266"}],"curies":[{"name":"wp","href":"https:\/\/api.w.org\/{rel}","templated":true}]}}