{"id":2833,"date":"2025-02-15T13:24:23","date_gmt":"2025-02-15T12:24:23","guid":{"rendered":"https:\/\/www.hsu-hh.de\/hisost\/?page_id=2833"},"modified":"2025-02-15T13:24:30","modified_gmt":"2025-02-15T12:24:30","slug":"hajo-raupach-m-a-lehre","status":"publish","type":"page","link":"https:\/\/www.hsu-hh.de\/hisost\/mitarbeiter\/hajo-raupach\/hajo-raupach-m-a-lehre\/","title":{"rendered":"Hajo Raupach, M.A. \u2013 Lehre"},"content":{"rendered":"<script type=\"application\/ld+json\">[{\"@context\": \"https:\/\/www.schema.org\",\"@type\": \"Person\",\"name\": \"Hajo Raupach\",\"worksFor\": [{\t\"@type\": \"Organization\",\t\"name\": \"Helmut-Schmidt-Universit\u00e4t, Geb\u00e4ude H1, Holstenhofweg 85\",\t\"url\": \"https:\/\/www.hsu-hh.de\"\t, \"department\": {\"@type\": \"Organization\",\t\t\t\t\t\"name\": \"Geschichte Ost- und Ostmitteleuropas\",\t\t\t\t\t\"location\": {\t\t\t\t\t\t\"@type\": \"PostalAddress\",\t\t\t\t\t\t\"addressLocality\": \"\",        \t\t\t\t\"postalCode\": \"Sprechstunde\",        \t\t\t\t\"streetAddress\": \" , 22043 Hamburg\"\t\t\t\t\t}},\t\"location\": {\t\t\"@type\": \"PostalAddress\",    \t\"addressLocality\": \"\",    \t\"postalCode\": \"22008\",    \t\"postOfficeBoxNumber\": \"700822\"\t}   }],\"image\": \"https:\/\/www.hsu-hh.de\/hisost\/wp-content\/uploads\/sites\/832\/2021\/01\/Foto_HR1-e1610475272108-150x150.jpg\",\"telephone\": \"\",\"faxNumber\": \"\",\"email\": \"hajo.raupach@hsu-hh.de\"}]<\/script><div class=\"clearfix\"><\/div><div class=\"ansprechparter-container \" style=\"margin-top:1em; \"><div class=\"row ansprechpartner-item ansprechparter-header\" ><div class=\"col-xs-8 col-lg-12\" style=\"margin-bottom: 30px;\"><h3 class=\"ansprechparter-headline\">Hajo Raupach<\/h3><\/div><\/div><div class=\"col-md-4 col-lg-3 col-xs-4 ansprechpartner-item floatright img-circle center-block\" style=\"margin-bottom: 30px;\"><div class=\"img-responsive-wrapper\"><img decoding=\"async\" src=\"https:\/\/www.hsu-hh.de\/hisost\/wp-content\/uploads\/sites\/832\/2021\/01\/Foto_HR1-e1610475272108-150x150.jpg\" alt=\"Profilbild\" class=\"img-circle img-responsive center-block\" \/><\/div><\/div><div class=\"col-md-12 col-lg-3 col-xs-12 ansprechpartner-item kontakt floatright\" style=\"margin-bottom: 30px; \"><div class=\"row\"><div class=\"col-xs-12 col-sm-6 col-lg-12\"><div class=\"row\"><div class=\"col-xs-4 col-lg-4 row-text bold\" >Raum:<\/div><div class=\" row-text\">2321<\/div><\/div><\/div><div class=\"col-xs-12 col-sm-6 col-lg-12\"><div class=\"row\"><div class=\"col-xs-4 col-lg-4 row-text bold\">E-Mail:<\/div><div class=\"row-text\" style=\"overflow:hidden; word-break: break-word\"><a href=\"mailto:hajo.raupach@hsu-hh.de\" rel=\"nofollow\">hajo.raupach@hsu-hh.de<\/a><\/div><\/div><\/div><\/div><\/div><div class=\"col-md-6 col-lg-3 col-xs-12 ansprechpartner-item anschrift floatright\" ><div class=\"row-headline\">Besucheranschrift<\/div><div class=\"dataBesucheranschrift\" style=\"\"><div class=\"row-text\">Helmut-Schmidt-Universit\u00e4t<\/div><div class=\"row-text\">Geb\u00e4ude H1<\/div><div class=\"row-text\">Holstenhofweg 85<\/div><div class=\"row-text\">22043 Hamburg<\/div><div class=\"row-text\"><\/div><div class=\"row-text\">Sprechstunde dienstags um 15 Uhr. Um eine kurze Anmeldung via Teams wird gebeten.<\/div><\/div><\/div><div class=\"col-md-6 col-lg-3 col-xs-12 ansprechpartner-item anschrift floatright\"><div class=\"row-headline\">Postanschrift<\/div><div class=\"dataPostanschrift\" style=\"\"><div class=\"row-text\">Helmut-Schmidt-Universit\u00e4t<\/div><div class=\"row-text\">Fakult\u00e4t GeiSo<\/div><div class=\"row-text\">Geschichte Ost- und Ostmitteleuropas<\/div><div class=\"row-text\">Postfach 70 08 22<\/div><div class=\"row-text\">22008 Hamburg<\/div><\/div><\/div><\/div><div class=\"clearfix\"><\/div>\n\n\n<div style=\"height:50px\" aria-hidden=\"true\" class=\"wp-block-spacer\"><\/div>\n\n\n\n<h3 class=\"wp-block-heading\">Lehrveranstaltungen<\/h3>\n\n\n\n<p><strong>Proseminar<\/strong><\/p>\n\n\n\n<ul class=\"wp-block-list\">\n<li>Imperium der Nationen. Die Geschichte der Sowjetunion anhand der Nationswerdung ihrer Republiken (Helmut-Schmidt-Universit\u00e4t, Herbsttrimester 2024)<\/li>\n\n\n\n<li>Einf\u00fchrung in die Wissens- und Umweltgeschichte (Helmut-Schmidt-Universit\u00e4t, Herbsttrimester 2024)<\/li>\n\n\n\n<li>Einf\u00fchrung in die neuere Geschichte Russlands (Helmut-Schmidt-Universit\u00e4t, Herbsttrimester 2021)<\/li>\n<\/ul>\n\n\n\n<p><strong>Exkursionen<\/strong><\/p>\n\n\n\n<ul class=\"wp-block-list\">\n<li>Die Trag\u00f6die Mitteleuropas? Exkursion durch Tschechien, Polen und Ungarn (Helmut-Schmidt-Universit\u00e4t, Fr\u00fchjahrstrimester 2024)<\/li>\n\n\n\n<li>Die okkupierte Nation? Das sowjetische Erbe in Polen, Litauen und Lettland (Helmut-Schmidt-Universit\u00e4t, Fr\u00fchjahrstrimester 2023)<\/li>\n<\/ul>\n\n\n\n<p><strong>\u00dcbungen<\/strong><\/p>\n\n\n\n<ul class=\"wp-block-list\">\n<li>Architektur, Stadtplanung und Wohnungsbau von Lenin bis Putin (Helmut Schmidt-Universit\u00e4t, Wintertrimester 2024)<\/li>\n<\/ul>\n\n\n\n<p><strong>ISA-Seminare<\/strong><\/p>\n\n\n\n<ul class=\"wp-block-list\">\n<li>Osteuropa. R\u00e4ume, Geschichte, Kulturen (Helmut-Schmidt-Universit\u00e4t, Fr\u00fchjahrstrimester 2021)<\/li>\n\n\n\n<li>Von der Sezession zur Nation. Umbr\u00fcche im Kaukasus (Helmut-Schmidt-Universit\u00e4t, Herbsttrimester 2022)<\/li>\n\n\n\n<li>Das rote Imperium. Ideologie, Dissidenz und Propaganda im sowjetischen Film (Helmut Schmidt-Universit\u00e4t, Wintertrimester 2023)<br><\/li>\n<\/ul>\n","protected":false},"excerpt":{"rendered":"<p>Lehrveranstaltungen Proseminar Exkursionen \u00dcbungen ISA-Seminare<\/p>\n","protected":false},"author":3843,"featured_media":0,"parent":517,"menu_order":0,"comment_status":"closed","ping_status":"closed","template":"","meta":{"footnotes":""},"categories":[4],"tags":[],"class_list":["post-2833","page","type-page","status-publish","hentry","category-forschung"],"_links":{"self":[{"href":"https:\/\/www.hsu-hh.de\/hisost\/wp-json\/wp\/v2\/pages\/2833","targetHints":{"allow":["GET"]}}],"collection":[{"href":"https:\/\/www.hsu-hh.de\/hisost\/wp-json\/wp\/v2\/pages"}],"about":[{"href":"https:\/\/www.hsu-hh.de\/hisost\/wp-json\/wp\/v2\/types\/page"}],"author":[{"embeddable":true,"href":"https:\/\/www.hsu-hh.de\/hisost\/wp-json\/wp\/v2\/users\/3843"}],"replies":[{"embeddable":true,"href":"https:\/\/www.hsu-hh.de\/hisost\/wp-json\/wp\/v2\/comments?post=2833"}],"version-history":[{"count":1,"href":"https:\/\/www.hsu-hh.de\/hisost\/wp-json\/wp\/v2\/pages\/2833\/revisions"}],"predecessor-version":[{"id":2838,"href":"https:\/\/www.hsu-hh.de\/hisost\/wp-json\/wp\/v2\/pages\/2833\/revisions\/2838"}],"up":[{"embeddable":true,"href":"https:\/\/www.hsu-hh.de\/hisost\/wp-json\/wp\/v2\/pages\/517"}],"wp:attachment":[{"href":"https:\/\/www.hsu-hh.de\/hisost\/wp-json\/wp\/v2\/media?parent=2833"}],"wp:term":[{"taxonomy":"category","embeddable":true,"href":"https:\/\/www.hsu-hh.de\/hisost\/wp-json\/wp\/v2\/categories?post=2833"},{"taxonomy":"post_tag","embeddable":true,"href":"https:\/\/www.hsu-hh.de\/hisost\/wp-json\/wp\/v2\/tags?post=2833"}],"curies":[{"name":"wp","href":"https:\/\/api.w.org\/{rel}","templated":true}]}}