{"id":2820,"date":"2025-02-15T11:12:00","date_gmt":"2025-02-15T10:12:00","guid":{"rendered":"https:\/\/www.hsu-hh.de\/hisost\/?page_id=2820"},"modified":"2025-02-15T13:18:59","modified_gmt":"2025-02-15T12:18:59","slug":"hajo-raupach-m-a-publikationen","status":"publish","type":"page","link":"https:\/\/www.hsu-hh.de\/hisost\/mitarbeiter\/hajo-raupach\/hajo-raupach-m-a-publikationen\/","title":{"rendered":"Hajo Raupach, M.A. \u2013 Publikationen"},"content":{"rendered":"<script type=\"application\/ld+json\">[{\"@context\": \"https:\/\/www.schema.org\",\"@type\": \"Person\",\"name\": \"Hajo Raupach\",\"worksFor\": [{\t\"@type\": \"Organization\",\t\"name\": \"Helmut-Schmidt-Universit\u00e4t, Geb\u00e4ude H1, Holstenhofweg 85\",\t\"url\": \"https:\/\/www.hsu-hh.de\"\t, \"department\": {\"@type\": \"Organization\",\t\t\t\t\t\"name\": \"Geschichte Ost- und Ostmitteleuropas\",\t\t\t\t\t\"location\": {\t\t\t\t\t\t\"@type\": \"PostalAddress\",\t\t\t\t\t\t\"addressLocality\": \"\",        \t\t\t\t\"postalCode\": \"Sprechstunde\",        \t\t\t\t\"streetAddress\": \" , 22043 Hamburg\"\t\t\t\t\t}},\t\"location\": {\t\t\"@type\": \"PostalAddress\",    \t\"addressLocality\": \"\",    \t\"postalCode\": \"22008\",    \t\"postOfficeBoxNumber\": \"700822\"\t}   }],\"image\": \"https:\/\/www.hsu-hh.de\/hisost\/wp-content\/uploads\/sites\/832\/2021\/01\/Foto_HR1-e1610475272108-150x150.jpg\",\"telephone\": \"\",\"faxNumber\": \"\",\"email\": \"hajo.raupach@hsu-hh.de\"}]<\/script><div class=\"clearfix\"><\/div><div class=\"ansprechparter-container \" style=\"margin-top:1em; \"><div class=\"row ansprechpartner-item ansprechparter-header\" ><div class=\"col-xs-8 col-lg-12\" style=\"margin-bottom: 30px;\"><h3 class=\"ansprechparter-headline\">Hajo Raupach<\/h3><\/div><\/div><div class=\"col-md-4 col-lg-3 col-xs-4 ansprechpartner-item floatright img-circle center-block\" style=\"margin-bottom: 30px;\"><div class=\"img-responsive-wrapper\"><img decoding=\"async\" src=\"https:\/\/www.hsu-hh.de\/hisost\/wp-content\/uploads\/sites\/832\/2021\/01\/Foto_HR1-e1610475272108-150x150.jpg\" alt=\"Profilbild\" class=\"img-circle img-responsive center-block\" \/><\/div><\/div><div class=\"col-md-12 col-lg-3 col-xs-12 ansprechpartner-item kontakt floatright\" style=\"margin-bottom: 30px; \"><div class=\"row\"><div class=\"col-xs-12 col-sm-6 col-lg-12\"><div class=\"row\"><div class=\"col-xs-4 col-lg-4 row-text bold\" >Raum:<\/div><div class=\" row-text\">2321<\/div><\/div><\/div><div class=\"col-xs-12 col-sm-6 col-lg-12\"><div class=\"row\"><div class=\"col-xs-4 col-lg-4 row-text bold\">E-Mail:<\/div><div class=\"row-text\" style=\"overflow:hidden; word-break: break-word\"><a href=\"mailto:hajo.raupach@hsu-hh.de\" rel=\"nofollow\">hajo.raupach@hsu-hh.de<\/a><\/div><\/div><\/div><\/div><\/div><div class=\"col-md-6 col-lg-3 col-xs-12 ansprechpartner-item anschrift floatright\" ><div class=\"row-headline\">Besucheranschrift<\/div><div class=\"dataBesucheranschrift\" style=\"\"><div class=\"row-text\">Helmut-Schmidt-Universit\u00e4t<\/div><div class=\"row-text\">Geb\u00e4ude H1<\/div><div class=\"row-text\">Holstenhofweg 85<\/div><div class=\"row-text\">22043 Hamburg<\/div><div class=\"row-text\"><\/div><div class=\"row-text\">Sprechstunde dienstags um 15 Uhr. Um eine kurze Anmeldung via Teams wird gebeten.<\/div><\/div><\/div><div class=\"col-md-6 col-lg-3 col-xs-12 ansprechpartner-item anschrift floatright\"><div class=\"row-headline\">Postanschrift<\/div><div class=\"dataPostanschrift\" style=\"\"><div class=\"row-text\">Helmut-Schmidt-Universit\u00e4t<\/div><div class=\"row-text\">Fakult\u00e4t GeiSo<\/div><div class=\"row-text\">Geschichte Ost- und Ostmitteleuropas<\/div><div class=\"row-text\">Postfach 70 08 22<\/div><div class=\"row-text\">22008 Hamburg<\/div><\/div><\/div><\/div><div class=\"clearfix\"><\/div>\n\n\n<div style=\"height:105px\" aria-hidden=\"true\" class=\"wp-block-spacer\"><\/div>\n\n\n\n<h1 class=\"wp-block-heading\">Publikationen<\/h1>\n\n\n\n<h3 class=\"wp-block-heading\">Wissenschaftliche Publikationen<\/h3>\n\n\n\n<p><strong>Herausgeberschaften<\/strong><\/p>\n\n\n\n<ul class=\"wp-block-list\">\n<li>J\u00f6rn Happel, Melanie Hussinger, Hajo Raupach (Hgg.), Expeditions in the Long Nineteenth Century. Discovering, Surveying, and Ordering (New York 2024).<\/li>\n\n\n\n<li>Louis M. Berger, Hajo Raupach, Alexander Schnickmann (Hgg.), Leben am Ende der Zeiten. Wissen, Praktiken und Zeitvorstellungen der Apokalypse (Frankfurt am Main 2021).<\/li>\n<\/ul>\n\n\n\n<p><strong>Artikel (Peer-Review)<\/strong><\/p>\n\n\n\n<ul class=\"wp-block-list\">\n<li><p>Hajo Raupach, \u201eMit Beton aus der Krise. Die Akademie f\u00fcr Architektur und der Bau der Chru\u0161\u010devka\u201c in Julia Engelschalt et. al., Wissenskrisen \u2013 Krisenwissen. Zum Umgang mit Krisenzust\u00e4nden in und durch Wissenschaft und Technik (Bielefeld 2023), 197-227.<\/p><\/li>\n<\/ul>\n\n\n\n<p><strong>Rezensionen<\/strong><\/p>\n\n\n\n<ul class=\"wp-block-list\">\n<li>Hajo Raupach, Rezension zu: Mijnssen, Ivo: Russia\u2019s Hero Cities. From Postwar Ruins to Soviet Heroarchy. Bloomington, IN 2021, <abbr title=\"International Standard Book Number\">ISBN<\/abbr> 978-0-253-05622-1, In: JGO Jahrb\u00fccher f\u00fcr Geschichte Osteuropas, Band 72, Juli 2024, Heft 1.<\/li>\n\n\n\n<li>Hajo Raupach, Rezension zu: Malaia, Kateryna: Taking the Soviet Union Apart Room by Room. Domestic Architecture before and after 1991. Ithaca, NY 2023, <abbr title=\"International Standard Book Number\">ISBN<\/abbr> 9781501771200, In: H-Soz-Kult, 10.06.2024, &lt;www.hsozkult.de\/index.php\/publicationreview\/id\/reb-139505&gt;.<\/li>\n\n\n\n<li>Hajo Raupach, Rezension zu: Geisler, Saskia: Finnische Bauprojekte in der Sowjetunion. Politik, Wirtschaft, Arbeitsalltag (1972\u20131990). Stuttgart 2021, <abbr title=\"International Standard Book Number\">ISBN<\/abbr> 978-3-515-13003-5, In: H-Soz-Kult, 09.02.2024, &lt;www.hsozkult.de\/index.php\/publicationreview\/id\/reb-97825&gt;.<\/li>\n<\/ul>\n\n\n\n<p><strong>Sonstige Ver\u00f6ffentlichungen<\/strong><\/p>\n\n\n\n<ul class=\"wp-block-list\">\n<li><span style=\"font-size: revert\">Melanie Hussinger\/Hajo Raupach, \u201eHerbst der Erinnerung. Partizipatives Gedenken an den Grossen Terror im heutigen Russland\u201c in Frictions: Europe, America and Global Transformations (08.12.2022), doi: 10.15457\/frictions\/0023 <span><a href=\"\" rel='nofollow'><img decoding=\"async\" title=\"Titel anhand dieser DOI in Citavi-Projekt \u00fcbernehmen\" class=\"citavipicker\" style=\"border: 0px none!important;width: 16px!important;height: 16px!important;margin-left:1px !important;margin-right:1px !important\" src=\"image\/svg+xml;base64,PD94bWwgdmVyc2lvbj0iMS4wIiBlbmNvZGluZz0idXRmLTgiPz48IURPQ1RZUEUgc3ZnIFBVQkxJQyAiLS8vVzNDLy9EVEQgU1ZHIDEuMS8vRU4iICJodHRwOi8vd3d3LnczLm9yZy9HcmFwaGljcy9TVkcvMS4xL0RURC9zdmcxMS5kdGQiPjxzdmcgdmVyc2lvbj0iMS4xIiBpZD0iRWJlbmVfMSIgeG1sbnM9Imh0dHA6Ly93d3cudzMub3JnLzIwMDAvc3ZnIiB4bWxuczp4bGluaz0iaHR0cDovL3d3dy53My5vcmcvMTk5OS94bGluayIgeD0iMHB4IiB5PSIwcHgiIHdpZHRoPSIxNnB4IiBoZWlnaHQ9IjE2cHgiIHZpZXdCb3g9IjAgMCAxNiAxNiIgZW5hYmxlLWJhY2tncm91bmQ9Im5ldyAwIDAgMTYgMTYiIHhtbDpzcGFjZT0icHJlc2VydmUiPjxnPjxnPjxwYXRoIGZpbGw9IiNGRkZGRkYiIGQ9Ik04LjAwMSwxNS41QzMuODY0LDE1LjUsMC41LDEyLjEzNiwwLjUsOGMwLTQuMTM1LDMuMzY1LTcuNSw3LjUwMS03LjVTMTUuNSwzLjg2NCwxNS41LDhTMTIuMTM3LDE1LjUsOC4wMDEsMTUuNXoiLz48cGF0aCBmaWxsPSIjRDUyQjFFIiBkPSJNOC4wMDEsMUMxMS44NiwxLDE1LDQuMTQxLDE1LDhzLTMuMTM5LDctNi45OTksN0M0LjE0LDE1LDEsMTEuODU5LDEsOFM0LjE0LDEsOC4wMDEsMSBNOC4wMDEsMEMzLjU4MiwwLDAsMy41ODIsMCw4czMuNTgyLDgsOC4wMDEsOEMxMi40MTgsMTYsMTYsMTIuNDE4LDE2LDhTMTIuNDE4LDAsOC4wMDEsMEw4LjAwMSwweiIvPjwvZz48cGF0aCBmaWxsPSIjRDUyQjFFIiBkPSJNNi43NDUsMTIuNTg5Yy0wLjIyNywwLjEyMi0wLjQ5NywwLjI0Ny0wLjY4NCwwLjI0N2MtMC4zMTgsMC0wLjUwMS0wLjE2NC0wLjUwMS0wLjQ1MmMwLTAuMjA3LDAuMTQtMC4zNzUsMC41OTUtMC42MjJjMS41NDktMC45MDQsMi41OTQtMi4yNzIsMi41OTQtMy43MjFjMC0wLjgyNS0wLjIyNy0xLjExOS0wLjY4MS0xLjExOWMtMC4xMzUsMC0wLjMyLDAuMjE5LTAuNjM2LDAuMjE5SDcuMTU3QzYuMTAyLDcuMTQzLDUuMzMzLDYuMjY0LDUuMzMzLDUuMjNjMC0xLjE1MiwwLjk1OC0yLjAwNiwyLjI4LTIuMDA2YzEuNzc3LDAsMy4wNTMsMS4zNzMsMy4wNTMsMy40M0MxMC42NjYsOS4yMTUsOS4yMDMsMTEuMjcsNi43NDUsMTIuNTg5Ii8+PC9nPjwvc3ZnPg\"><\/a><\/span>.<\/span><\/li>\n<\/ul>\n\n\n\n<p><\/p>\n","protected":false},"excerpt":{"rendered":"<p>Publikationen Wissenschaftliche Publikationen Herausgeberschaften Artikel (Peer-Review) Rezensionen Sonstige Ver\u00f6ffentlichungen<\/p>\n","protected":false},"author":3843,"featured_media":0,"parent":517,"menu_order":0,"comment_status":"closed","ping_status":"closed","template":"","meta":{"footnotes":""},"categories":[4],"tags":[],"class_list":["post-2820","page","type-page","status-publish","hentry","category-forschung"],"_links":{"self":[{"href":"https:\/\/www.hsu-hh.de\/hisost\/wp-json\/wp\/v2\/pages\/2820","targetHints":{"allow":["GET"]}}],"collection":[{"href":"https:\/\/www.hsu-hh.de\/hisost\/wp-json\/wp\/v2\/pages"}],"about":[{"href":"https:\/\/www.hsu-hh.de\/hisost\/wp-json\/wp\/v2\/types\/page"}],"author":[{"embeddable":true,"href":"https:\/\/www.hsu-hh.de\/hisost\/wp-json\/wp\/v2\/users\/3843"}],"replies":[{"embeddable":true,"href":"https:\/\/www.hsu-hh.de\/hisost\/wp-json\/wp\/v2\/comments?post=2820"}],"version-history":[{"count":4,"href":"https:\/\/www.hsu-hh.de\/hisost\/wp-json\/wp\/v2\/pages\/2820\/revisions"}],"predecessor-version":[{"id":2835,"href":"https:\/\/www.hsu-hh.de\/hisost\/wp-json\/wp\/v2\/pages\/2820\/revisions\/2835"}],"up":[{"embeddable":true,"href":"https:\/\/www.hsu-hh.de\/hisost\/wp-json\/wp\/v2\/pages\/517"}],"wp:attachment":[{"href":"https:\/\/www.hsu-hh.de\/hisost\/wp-json\/wp\/v2\/media?parent=2820"}],"wp:term":[{"taxonomy":"category","embeddable":true,"href":"https:\/\/www.hsu-hh.de\/hisost\/wp-json\/wp\/v2\/categories?post=2820"},{"taxonomy":"post_tag","embeddable":true,"href":"https:\/\/www.hsu-hh.de\/hisost\/wp-json\/wp\/v2\/tags?post=2820"}],"curies":[{"name":"wp","href":"https:\/\/api.w.org\/{rel}","templated":true}]}}