{"id":2813,"date":"2025-02-15T11:04:44","date_gmt":"2025-02-15T10:04:44","guid":{"rendered":"https:\/\/www.hsu-hh.de\/hisost\/?page_id=2813"},"modified":"2026-02-20T14:24:36","modified_gmt":"2026-02-20T13:24:36","slug":"hajo-raupach-m-a-forschung","status":"publish","type":"page","link":"https:\/\/www.hsu-hh.de\/hisost\/hajo-raupach-m-a-forschung\/","title":{"rendered":"Hajo Raupach, M.A. \u2013 Forschung"},"content":{"rendered":"<script type=\"application\/ld+json\">[{\"@context\": \"https:\/\/www.schema.org\",\"@type\": \"Person\",\"name\": \"Hajo Raupach\",\"worksFor\": [{\t\"@type\": \"Organization\",\t\"name\": \"Helmut-Schmidt-Universit\u00e4t, Geb\u00e4ude H1, Holstenhofweg 85\",\t\"url\": \"https:\/\/www.hsu-hh.de\"\t, \"department\": {\"@type\": \"Organization\",\t\t\t\t\t\"name\": \"Geschichte Ost- und Ostmitteleuropas\",\t\t\t\t\t\"location\": {\t\t\t\t\t\t\"@type\": \"PostalAddress\",\t\t\t\t\t\t\"addressLocality\": \"\",        \t\t\t\t\"postalCode\": \"\",        \t\t\t\t\"streetAddress\": \" , 22043 Hamburg\"\t\t\t\t\t}},\t\"location\": {\t\t\"@type\": \"PostalAddress\",    \t\"addressLocality\": \"\",    \t\"postalCode\": \"22008\",    \t\"postOfficeBoxNumber\": \"700822\"\t}   }],\"image\": \"https:\/\/www.hsu-hh.de\/hisost\/wp-content\/uploads\/sites\/832\/2021\/01\/Foto_HR1-e1610475272108-150x150.jpg\",\"telephone\": \"2550\",\"faxNumber\": \"\",\"email\": \"hajo.raupach@hsu-hh.de\"}]<\/script><div class=\"clearfix\"><\/div><div class=\"ansprechparter-container \" style=\"margin-top:1em; \"><div class=\"row ansprechpartner-item ansprechparter-header\" ><div class=\"col-xs-8 col-lg-12\" style=\"margin-bottom: 30px;\"><h3 class=\"ansprechparter-headline\">Hajo Raupach<\/h3><\/div><\/div><div class=\"col-md-4 col-lg-3 col-xs-4 ansprechpartner-item floatright img-circle center-block\" style=\"margin-bottom: 30px;\"><div class=\"img-responsive-wrapper\"><img decoding=\"async\" src=\"https:\/\/www.hsu-hh.de\/hisost\/wp-content\/uploads\/sites\/832\/2021\/01\/Foto_HR1-e1610475272108-150x150.jpg\" alt=\"Profilbild\" class=\"img-circle img-responsive center-block\" \/><\/div><\/div><div class=\"col-md-12 col-lg-3 col-xs-12 ansprechpartner-item kontakt floatright\" style=\"margin-bottom: 30px; \"><div class=\"row\"><div class=\"col-xs-12 col-sm-6 col-lg-12\"><div class=\"row\"><div class=\"col-xs-4 col-lg-4 row-text bold\" >Raum:<\/div><div class=\" row-text\">2321<\/div><\/div><\/div><div class=\"col-xs-12 col-sm-6 col-lg-12\"><div class=\"row\"><div class=\"col-xs-4 col-lg-4 row-text bold\">Telefon:<\/div><div class=\" row-text\">2550<\/div><\/div><\/div><div class=\"col-xs-12 col-sm-6 col-lg-12\"><div class=\"row\"><div class=\"col-xs-4 col-lg-4 row-text bold\">E-Mail:<\/div><div class=\"row-text\" style=\"overflow:hidden; word-break: break-word\"><a href=\"mailto:hajo.raupach@hsu-hh.de\" rel=\"nofollow\">hajo.raupach@hsu-hh.de<\/a><\/div><\/div><\/div><\/div><\/div><div class=\"col-md-6 col-lg-3 col-xs-12 ansprechpartner-item anschrift floatright\" ><div class=\"row-headline\">Besucheranschrift<\/div><div class=\"dataBesucheranschrift\" style=\"\"><div class=\"row-text\">Helmut-Schmidt-Universit\u00e4t<\/div><div class=\"row-text\">Geb\u00e4ude H1<\/div><div class=\"row-text\">Holstenhofweg 85<\/div><div class=\"row-text\">22043 Hamburg<\/div><div class=\"row-text\"><\/div><div class=\"row-text\"><\/div><\/div><\/div><div class=\"col-md-6 col-lg-3 col-xs-12 ansprechpartner-item anschrift floatright\"><div class=\"row-headline\">Postanschrift<\/div><div class=\"dataPostanschrift\" style=\"\"><div class=\"row-text\">Helmut-Schmidt-Universit\u00e4t<\/div><div class=\"row-text\">Fakult\u00e4t GeiSo<\/div><div class=\"row-text\">Geschichte Ost- und Ostmitteleuropas<\/div><div class=\"row-text\">Postfach 70 08 22<\/div><div class=\"row-text\">22008 Hamburg<\/div><\/div><\/div><\/div><div class=\"clearfix\"><\/div>\n\n\n<div style=\"height:50px\" aria-hidden=\"true\" class=\"wp-block-spacer\"><\/div>\n\n\n\n<h1 class=\"wp-block-heading\">Forschung<\/h1>\n\n\n\n<h2 class=\"wp-block-heading\">Aktuelles Forschungsprojekt<\/h2>\n\n\n\n<p><strong>Promotionsprojekt: <\/strong>&#8222;Der Neid der Anderen. Experimentelle Reformen der sowjetischen Planwirtschaft (1958-1991)&#8220;<\/p>\n\n\n\n<p><\/p>\n\n\n\n<p>In meiner Dissertation analysiere ich verschiedene experimentelle Versuche, die sowjetische Planwirtschaft von unten zu reformieren. Das sowjetische System der Wirtschaftslenkung gilt, nicht zuletzt vor dem Hintergrund des Zerfalls der Sowjetunion 1991, als wachstumshemmend und ineffizient. Verschiedene Versuche wechselnder sowjetischer Regierungen scheiterten daran, dieses System, das unter dem Diktator Stalin eingef\u00fchrt wurde, zu reformieren. W\u00e4hrend diese zentralen Reformversuche von der historischen Forschung bereits breit untersucht wurden, legt meine Arbeit den Fokus auf lokale Initiativen, denen es gelang, im System der Planwirtschaft eine hohe Arbeitsproduktivit\u00e4t und Effizienz zu erreichen. Dabei arbeite ich anhand von drei Fallbeispielen in der Russischen, Georgischen und Kasachischen Sowjetrepublik heraus, wie es \u00fcberhaupt zur Durchf\u00fchrung der Experimente kam und wie es gelang, die Effizienzprobleme der Planwirtschaft zu beheben.\u00a0<div>Einen besonderen Fokus lege ich in meiner Arbeit auf die Frage<span style=\"font-size: revert\">, wie Innovationen in der kollektivistisch gepr\u00e4gten Gesellschaft der Sowjetunion entstanden und welche Hindernisse sich bei der praktischen Umsetzung dieser Innovationen ergaben. Dabei kann ich anhand der Fallbeispiele aufzeigen, dass jeder Innovator in der Sowjetunion mit dem Problem des Neides konfrontiert war. Neid f\u00fchrt im wirtschaftlichen Kontext zu Sabotage, die wiederum den Preis f\u00fcr innovatives Verhalten f\u00fcr die Innovatoren in die H\u00f6he treibt. Aus diesem Dilemma fanden die Initiatoren der Wirtschaftsexperimente unterschiedliche Auswege. Insbesondere mussten Wege gefunden werden, wie m\u00f6glichst viele an den Erfolgen der Innovationen partizipieren konnten, um Gef\u00fchle des Neides und die mit ihnen einhergehenden negativen Begleiterscheinungen zu vermeiden. Wenn es den Initiatoren der Experimente gelang, ein Netzwerk der Gef\u00e4lligkeiten (blat) um die Innovationen aufzubauen, hatten sie Erfolg. Die mikrogeschichtliche Studie zeigt somit auf, dass es auch in der autorit\u00e4r gef\u00fchrten Sowjetunion mit ihrer schwerf\u00e4lligen Planwirtschaft m\u00f6glich war, erfolgreiche Reformen von unten durchzuf\u00fchren.<\/span><\/div><\/p>\n\n\n\n<p><\/p>\n\n\n\n<h3 class=\"wp-block-heading\">Forschungsschwerpunkte<\/h3>\n\n\n\n<ul class=\"wp-block-list\">\n<li>Wissenschaftsgeschichte der Sowjetunion<\/li>\n\n\n\n<li>Wirtschaftsgeschichte<\/li>\n\n\n\n<li>Architekturgeschichte<\/li>\n\n\n\n<li>Geschichte der Kybernetik<\/li>\n\n\n\n<li>Formen der Apokalypse<\/li>\n<\/ul>\n","protected":false},"excerpt":{"rendered":"<p>Forschung Aktuelles Forschungsprojekt Promotionsprojekt: &#8222;Der Neid der Anderen. Experimentelle Reformen der sowjetischen Planwirtschaft (1958-1991)&#8220; In meiner Dissertation analysiere ich verschiedene experimentelle Versuche, die sowjetische Planwirtschaft von unten zu reformieren. Das [&hellip;]<\/p>\n","protected":false},"author":3843,"featured_media":0,"parent":0,"menu_order":0,"comment_status":"closed","ping_status":"closed","template":"","meta":{"footnotes":""},"categories":[4],"tags":[],"class_list":["post-2813","page","type-page","status-publish","hentry","category-forschung"],"_links":{"self":[{"href":"https:\/\/www.hsu-hh.de\/hisost\/wp-json\/wp\/v2\/pages\/2813","targetHints":{"allow":["GET"]}}],"collection":[{"href":"https:\/\/www.hsu-hh.de\/hisost\/wp-json\/wp\/v2\/pages"}],"about":[{"href":"https:\/\/www.hsu-hh.de\/hisost\/wp-json\/wp\/v2\/types\/page"}],"author":[{"embeddable":true,"href":"https:\/\/www.hsu-hh.de\/hisost\/wp-json\/wp\/v2\/users\/3843"}],"replies":[{"embeddable":true,"href":"https:\/\/www.hsu-hh.de\/hisost\/wp-json\/wp\/v2\/comments?post=2813"}],"version-history":[{"count":6,"href":"https:\/\/www.hsu-hh.de\/hisost\/wp-json\/wp\/v2\/pages\/2813\/revisions"}],"predecessor-version":[{"id":3303,"href":"https:\/\/www.hsu-hh.de\/hisost\/wp-json\/wp\/v2\/pages\/2813\/revisions\/3303"}],"wp:attachment":[{"href":"https:\/\/www.hsu-hh.de\/hisost\/wp-json\/wp\/v2\/media?parent=2813"}],"wp:term":[{"taxonomy":"category","embeddable":true,"href":"https:\/\/www.hsu-hh.de\/hisost\/wp-json\/wp\/v2\/categories?post=2813"},{"taxonomy":"post_tag","embeddable":true,"href":"https:\/\/www.hsu-hh.de\/hisost\/wp-json\/wp\/v2\/tags?post=2813"}],"curies":[{"name":"wp","href":"https:\/\/api.w.org\/{rel}","templated":true}]}}